{"id":6693,"date":"2016-11-21T15:33:49","date_gmt":"2016-11-21T14:33:49","guid":{"rendered":"http:\/\/www.secowarwick.com\/de\/unternehmen\/partner\/"},"modified":"2017-04-24T22:05:29","modified_gmt":"2017-04-24T20:05:29","slug":"referenzen","status":"publish","type":"page","link":"https:\/\/www.secowarwick.com\/de\/unternehmen\/referenzen\/","title":{"rendered":"Erfolge"},"content":{"rendered":"<p>In mehr als 40 L\u00e4ndern verbinden unsere Produkte hohe Qualit\u00e4t mit wettberbsf\u00e4higen Preisen und verhelfen uns zum Erfolg gegen Marktbegleiter. Diese gro\u00dfartige Synergie aus hervorragender Qualit\u00e4t und hohem Wert war von Anfang an der Grundstein des Erfolgs, der trotz aller \u00c4nderungen in der Seco\/Warwick Gruppe unser Fundament und unsere Orientierung geblieben ist.<\/p>\n<p>Die Produkte der SECO\/WARWICK Gruppe werden von kleinen und gro\u00dfen Unternehmen benutzt und umfassen heute mehr als 2100 Installationen. Bilden Sie sich hier eine eigene Meinung \u00fcber die Qualit\u00e4t der Seco\/Warwick-Produkte. Sie finden hier ausgew\u00e4hlte, freiwillige und nicht ge\u00e4nderte Referenezen von Kunden auf der ganzen Welt.<\/p>\n","protected":false},"excerpt":{"rendered":"<p>In mehr als 40 L\u00e4ndern verbinden unsere Produkte hohe Qualit\u00e4t mit wettberbsf\u00e4higen Preisen und verhelfen uns zum Erfolg gegen Marktbegleiter. Diese gro\u00dfartige Synergie aus hervorragender Qualit\u00e4t und hohem Wert war von Anfang an der Grundstein des Erfolgs, der trotz aller \u00c4nderungen in der Seco\/Warwick Gruppe unser Fundament und unsere Orientierung geblieben ist. Die Produkte der [&hellip;]<\/p>\n","protected":false},"author":2,"featured_media":0,"parent":6346,"menu_order":0,"comment_status":"closed","ping_status":"closed","template":"","meta":{"_acf_changed":false,"_et_pb_use_builder":"","_et_pb_old_content":"","_et_gb_content_width":"","footnotes":""},"class_list":["post-6693","page","type-page","status-publish"],"acf":[],"_links":{"self":[{"href":"https:\/\/www.secowarwick.com\/de\/wp-json\/wp\/v2\/pages\/6693","targetHints":{"allow":["GET"]}}],"collection":[{"href":"https:\/\/www.secowarwick.com\/de\/wp-json\/wp\/v2\/pages"}],"about":[{"href":"https:\/\/www.secowarwick.com\/de\/wp-json\/wp\/v2\/types\/page"}],"author":[{"embeddable":true,"href":"https:\/\/www.secowarwick.com\/de\/wp-json\/wp\/v2\/users\/2"}],"replies":[{"embeddable":true,"href":"https:\/\/www.secowarwick.com\/de\/wp-json\/wp\/v2\/comments?post=6693"}],"version-history":[{"count":0,"href":"https:\/\/www.secowarwick.com\/de\/wp-json\/wp\/v2\/pages\/6693\/revisions"}],"up":[{"embeddable":true,"href":"https:\/\/www.secowarwick.com\/de\/wp-json\/wp\/v2\/pages\/6346"}],"wp:attachment":[{"href":"https:\/\/www.secowarwick.com\/de\/wp-json\/wp\/v2\/media?parent=6693"}],"curies":[{"name":"wp","href":"https:\/\/api.w.org\/{rel}","templated":true}]}}