{"id":6891,"date":"2016-11-21T15:38:36","date_gmt":"2016-11-21T14:38:36","guid":{"rendered":"http:\/\/www.secowarwick.com\/de\/investoren\/stock-exchange-information\/"},"modified":"2020-08-03T10:27:24","modified_gmt":"2020-08-03T08:27:24","slug":"boerseninformationen","status":"publish","type":"page","link":"https:\/\/www.secowarwick.com\/de\/investoren\/boerseninformationen\/","title":{"rendered":"B\u00f6rseninformationen"},"content":{"rendered":"<p>[et_pb_section bb_built=&#8220;1&#8243; admin_label=&#8220;section&#8220; transparent_background=&#8220;off&#8220; allow_player_pause=&#8220;off&#8220; inner_shadow=&#8220;off&#8220; parallax=&#8220;off&#8220; parallax_method=&#8220;on&#8220; custom_padding=&#8220;0px|||&#8220; make_fullwidth=&#8220;off&#8220; use_custom_width=&#8220;off&#8220; width_unit=&#8220;on&#8220; make_equal=&#8220;off&#8220; use_custom_gutter=&#8220;off&#8220; prev_background_color=&#8220;#000000&#8243; next_background_color=&#8220;#000000&#8243;][et_pb_row make_fullwidth=&#8220;off&#8220; use_custom_width=&#8220;off&#8220; width_unit=&#8220;on&#8220; use_custom_gutter=&#8220;off&#8220; custom_padding=&#8220;|||25px&#8220; background_color=&#8220;#f8f8f8&#8243; allow_player_pause=&#8220;off&#8220; parallax=&#8220;off&#8220; parallax_method=&#8220;on&#8220; make_equal=&#8220;off&#8220; parallax_1=&#8220;off&#8220; parallax_method_1=&#8220;off&#8220; background_position=&#8220;top_left&#8220; background_repeat=&#8220;repeat&#8220; background_size=&#8220;initial&#8220;][et_pb_column type=&#8220;4_4&#8243;][et_pb_breadcrumbs \/][et_pb_text use_border_color=&#8220;off&#8220; background_position=&#8220;top_left&#8220; background_repeat=&#8220;repeat&#8220; background_size=&#8220;initial&#8220; _builder_version=&#8220;3.6&#8243;]<\/p>\n<h1>B\u00f6rseninformationen<\/h1>\n<p>[\/et_pb_text][\/et_pb_column][\/et_pb_row][et_pb_row admin_label=&#8220;row&#8220; background_position=&#8220;top_left&#8220; background_repeat=&#8220;repeat&#8220; background_size=&#8220;initial&#8220;][et_pb_column type=&#8220;4_4&#8243;][et_pb_text use_border_color=&#8220;off&#8220; background_position=&#8220;top_left&#8220; background_repeat=&#8220;repeat&#8220; background_size=&#8220;initial&#8220; _builder_version=&#8220;3.6&#8243;]<\/p>\n<h2>Informationen \u00fcber die B\u00f6rse<\/h2>\n<p>&nbsp;<\/p>\n<table class=\"table table-striped table-hover\" border=\"0\" width=\"100%\">\n<tbody>\n<tr>\n<td>Company:<\/td>\n<td>SECO\/WARWICK S.A.<\/td>\n<\/tr>\n<tr>\n<td>ISIN code:<\/td>\n<td>PLWRWCK00013<\/td>\n<\/tr>\n<tr>\n<td>Abbreviation:<\/td>\n<td>SECOGROUP (SWG)<\/td>\n<\/tr>\n<tr>\n<td>Market listed:<\/td>\n<td>Main Market 5 PLUS<\/td>\n<\/tr>\n<tr>\n<td>Trading system:<\/td>\n<td>Continual trading<\/td>\n<\/tr>\n<tr>\n<td>Sector:<\/td>\n<td>Electroengineering<\/td>\n<\/tr>\n<\/tbody>\n<\/table>\n<h3><\/h3>\n<h3>\u00d6ffentliches Angebot<\/h3>\n<p>Informationen \u00fcber das B\u00f6rsenangebot<\/p>\n<p>Das \u00f6ffentliche Angebot ist folgend aufgeteilt:<\/p>\n<ul>\n<li>eine einzelne Anleger-Tranche, in der der Emittent 570.000 Aktien der Serie B Stock angeboten haben,<\/li>\n<li>eine institutionelle Anleger-Tranche, in der der Emittent und die Aktion\u00e4re 585.803 Aktien der Serie B Stock und nicht mehr als 1.661.426 Aktien von Sold Stock angeboten haben.<\/li>\n<li>eine geschlossene Tranche, in der Verkaufsaktion\u00e4re an die Mitarbeiter der Emittent-Gruppe nicht mehr als 25.000 Stock vom verkauften Aktien angeboten haben.<\/li>\n<\/ul>\n<h3><\/h3>\n<h3>Zusammenfassung des \u00f6ffentlichen Angebots von SECO\/WARWICK Stock<\/h3>\n<p>Die Zuteilung von Aktien im Rahmen des \u00f6ffentlichen Angebots von SECO\/WARWICK S.A. fand am 26. November 2007. Den Anleger wurde 1.155.803 Aktien der Serie B Stock (alle neu ausgegebenen Aktien) und 1.528.868 Aktien der Serie A Stock, verkauft von den abgebenden Aktion\u00e4ren, zugeteilt.<\/p>\n<p>In den einzelnen Zeichnungen von Anleger-Tranchen wurden f\u00fcr insgesamt 272.442 Aktien der Serie B Stock platziert, au\u00dferhalb 570.000 Aktien der Serie B Stock in dieser Tranche angeboten. Serie-B-Aktien wurden den Anlegern nach den eingereichten Zeichnungen zugeteilt, und die nicht bezogenen Aktien der Serie B Stock wurden an die institutionelle Anleger-Tranche verschoben.<\/p>\n<p>In der geschlossenen Tranche haben die Anleger f\u00fcr 17.598 Aktien der Serie A Stock\u00a0 gezeichnet, au\u00dferhalb 25.000 Aktien der Serie A Stock in dieser Tranche angeboten. Gem\u00e4\u00df dem Prospekt, wurden die nicht bezogenen Aktien der Serie A Stock an die institutionelle Anleger-Tranche verschoben.<\/p>\n<p>In der institutionellen Anleger-Tranche haben die Anlegen f\u00fcr alle der 2.247.229 angebotenen Aktien, vorgesehen in dieser Tranche, gezeichnet. Dar\u00fcber hinaus aus dem insgesamt 304.960 angebotenen Aktien, verschoben zu dieser Tranche von der einzelnen Anleger-Tranche und der geschlossenen Tranche, haben die Anleger f\u00fcr 147.402 angebotenen Aktien gezeichnet. Insgesamt wurden in der institutionellen Anleger-Tranche am 26. November 2007 wurden insgesamt 2.394.631 angebotenen Aktien zugeteilt, einschlie\u00dflich 883.361 Aktien der Serie B Stock und 1.511.270 Aktien der Serie A Stock.<\/p>\n<p>Der Ausgabepreis f\u00fcr SECO\/WARWICK S.A. Aktien wurde auf 37 PLN, wo die Preisspanne zwischen 35-45 PLN lag.<\/p>\n<p>Die bisherigen Aktien wurden von SW Polen Holding, ein Unternehmen von 5 Firmenbetriebsleitern geleitet und von Spruce Holding LLC, ein Unternehmen von CEO des Unternehmens kontrolliert, angeboten, \u00a0die dann entsprechend 61,74% und 25,89% der Anteile halten. Nach dem Angebot fielen ihre Best\u00e4nde auf entsprechend 43,04% und 18,03% \u00a0und die neuen Aktion\u00e4re \u00fcbernahmen 38,93% der Anteile.<\/p>\n<p>Das B\u00f6rsendeb\u00fct von SECO\/WARWICK S.A. Aktien und Aktienrechte fand am 5. Dezember 2007 statt.<\/p>\n<p>[\/et_pb_text][\/et_pb_column][\/et_pb_row][\/et_pb_section]<\/p>\n","protected":false},"excerpt":{"rendered":"<p>[et_pb_breadcrumbs \/] B\u00f6rseninformationen Informationen \u00fcber die B\u00f6rse &nbsp; Company: SECO\/WARWICK S.A. ISIN code: PLWRWCK00013 Abbreviation: SECOGROUP (SWG) Market listed: Main Market 5 PLUS Trading system: Continual trading Sector: Electroengineering \u00d6ffentliches Angebot Informationen \u00fcber das B\u00f6rsenangebot Das \u00f6ffentliche Angebot ist folgend aufgeteilt: eine einzelne Anleger-Tranche, in der der Emittent 570.000 Aktien der Serie B Stock angeboten [&hellip;]<\/p>\n","protected":false},"author":2,"featured_media":0,"parent":6364,"menu_order":0,"comment_status":"closed","ping_status":"closed","template":"","meta":{"_acf_changed":false,"_et_pb_use_builder":"on","_et_pb_old_content":"<p>\u00a0<\/p><table class=\"table table-striped table-hover\" style=\"width: 100%;\" border=\"0\"><tbody><tr><td>Company:<\/td><td>SECO\/WARWICK S.A.<\/td><\/tr><tr><td>ISIN code:<\/td><td>PLWRWCK00013<\/td><\/tr><tr><td>Abbreviation:<\/td><td>SECOGROUP (SWG)<\/td><\/tr><tr><td>Market listed:<\/td><td>Main Market 5 PLUS<\/td><\/tr><tr><td>Trading system:<\/td><td>Continual trading<\/td><\/tr><tr><td>Sector:<\/td><td>Electroengineering<\/td><\/tr><\/tbody><\/table><div class=\"col730\"><p>\u00a0<\/p><h2>Public Offering<\/h2><h3>Information about the Offering<\/h3><p>The Public Offering was divided into:<\/p><ul><li>an Individual Investors Tranche, in which the Issuer offered 570,000 shares of Series B Stock,<\/li><li>an Institutional Investors Tranche, in which the Issuer and Stockholders offered 585,803 shares of Series B Stock and no more than 1,661,426 shares of Sold Stock, respectively,<\/li><li>a Closed Tranche, in which Selling Stockholders offered no more than 25,000 shares of Sold Stock to employees of the Issuer\u2019s Group.<\/li><\/ul><h3>Summary of Public Offering of SECO\/WARWICK S.A. Stock<\/h3><p>The allotment of shares in the public offering of SECO\/WARWICK S.A. took place on 26 November 2007. Investors were allotted 1,155,803 shares of Series B stock (all newly issued shares) and 1,528,868 shares of Series A stock sold by the selling stockholders.<\/p><p>In the Individual Investor Tranche subscriptions were placed for a total of 272,442 shares of Series B Stock, out of 570,000 shares of Series B Stock offered in this tranche. Series B stock was allotted to the investors according the subscriptions filed, and the unsubscribed shares of Series B Stock were moved to the Institutional Investors Tranche.<\/p><p>In the Closed Tranche investors subscribed for 17,598 shares of Series A Stock, out of 25,000 shares of Series A Stock offered in this tranche. As provided in the prospectus, the unsubscribed shares of Series A Stock were moved to the Institutional Investors Tranche.<\/p><p>In the Institutional Investors Tranche, investors subscribed for all of the 2,247,229 Offered Shares provided for in this tranche. Additionally, out of the total of 304,960 Offered Shares moved to this tranche from the Individual Investors Tranche and the Closed Tranche, investors subscribed for 147,402 Offered Shares. Overall, in the Institutional Investors Tranche, on 26 November 2007 a total of 2,394,631 Offered Shares were allotted, including 883,361 shares of Series B Stock and 1,511,270 shares of Series A Stock.<\/p><p>The issue price for SECO\/WARWICK S.A. shares was set at PLN 37, where the price range was PLN 35\u201345.<\/p><p>Existing shares were offered by SW Poland Holding, an entity controlled by 5 company managers, and by Spruce Holding LLC, an entity controlled by the company\u2019s CEO, then holding 61.74% and 25.89% of the shares, respectively. After the offering, their holdings fell to 43.04% and 18.03%, respectively, and new shareholders took up 38.93% of the shares.<\/p><p>The stock market debut of SECO\/WARWICK S.A. shares and share rights took place on 5 December 2007.<\/p><\/div>","_et_gb_content_width":"","footnotes":""},"class_list":["post-6891","page","type-page","status-publish"],"acf":[],"_links":{"self":[{"href":"https:\/\/www.secowarwick.com\/de\/wp-json\/wp\/v2\/pages\/6891","targetHints":{"allow":["GET"]}}],"collection":[{"href":"https:\/\/www.secowarwick.com\/de\/wp-json\/wp\/v2\/pages"}],"about":[{"href":"https:\/\/www.secowarwick.com\/de\/wp-json\/wp\/v2\/types\/page"}],"author":[{"embeddable":true,"href":"https:\/\/www.secowarwick.com\/de\/wp-json\/wp\/v2\/users\/2"}],"replies":[{"embeddable":true,"href":"https:\/\/www.secowarwick.com\/de\/wp-json\/wp\/v2\/comments?post=6891"}],"version-history":[{"count":0,"href":"https:\/\/www.secowarwick.com\/de\/wp-json\/wp\/v2\/pages\/6891\/revisions"}],"up":[{"embeddable":true,"href":"https:\/\/www.secowarwick.com\/de\/wp-json\/wp\/v2\/pages\/6364"}],"wp:attachment":[{"href":"https:\/\/www.secowarwick.com\/de\/wp-json\/wp\/v2\/media?parent=6891"}],"curies":[{"name":"wp","href":"https:\/\/api.w.org\/{rel}","templated":true}]}}