{"id":6970,"date":"2016-10-01T12:34:11","date_gmt":"2016-10-01T10:34:11","guid":{"rendered":"http:\/\/www.secowarwick.com\/de\/careers\/"},"modified":"2025-02-06T07:46:08","modified_gmt":"2025-02-06T06:46:08","slug":"karriere-old","status":"publish","type":"page","link":"https:\/\/www.secowarwick.com\/de\/karriere-old\/","title":{"rendered":"Karriere"},"content":{"rendered":"<p>[et_pb_section fb_built=&#8220;1&#8243; fullwidth=&#8220;on&#8220; _builder_version=&#8220;4.16&#8243; global_colors_info=&#8220;{}&#8220;][et_pb_fullwidth_slider show_arrows=&#8220;off&#8220; show_pagination=&#8220;off&#8220; _builder_version=&#8220;4.16&#8243; background_position=&#8220;top_left&#8220; custom_padding=&#8220;|||&#8220; global_colors_info=&#8220;{}&#8220; button_text_size__hover_enabled=&#8220;off&#8220; button_one_text_size__hover_enabled=&#8220;off&#8220; button_two_text_size__hover_enabled=&#8220;off&#8220; button_text_color__hover_enabled=&#8220;off&#8220; button_one_text_color__hover_enabled=&#8220;off&#8220; button_two_text_color__hover_enabled=&#8220;off&#8220; button_border_width__hover_enabled=&#8220;off&#8220; button_one_border_width__hover_enabled=&#8220;off&#8220; button_two_border_width__hover_enabled=&#8220;off&#8220; button_border_color__hover_enabled=&#8220;off&#8220; button_one_border_color__hover_enabled=&#8220;off&#8220; button_two_border_color__hover_enabled=&#8220;off&#8220; button_border_radius__hover_enabled=&#8220;off&#8220; button_one_border_radius__hover_enabled=&#8220;off&#8220; button_two_border_radius__hover_enabled=&#8220;off&#8220; button_letter_spacing__hover_enabled=&#8220;off&#8220; button_one_letter_spacing__hover_enabled=&#8220;off&#8220; button_two_letter_spacing__hover_enabled=&#8220;off&#8220; button_bg_color__hover_enabled=&#8220;off&#8220; button_one_bg_color__hover_enabled=&#8220;off&#8220; button_two_bg_color__hover_enabled=&#8220;off&#8220;][et_pb_slide use_bg_overlay=&#8220;off&#8220; use_text_overlay=&#8220;off&#8220; _builder_version=&#8220;4.16&#8243; header_font=&#8220;||||&#8220; body_font=&#8220;||||&#8220; body_font_size=&#8220;48&#8243; background_color=&#8220;#ffffff&#8220; background_image=&#8220;https:\/\/www.secowarwick.com\/wp-content\/uploads\/2019\/02\/Slider-kariera-resized-1.jpg&#8220; background_position=&#8220;top_left&#8220; button_on_hover=&#8220;on&#8220; body_font_size_tablet=&#8220;40&#8243; body_font_size_phone=&#8220;30&#8243; body_font_size_last_edited=&#8220;on|phone&#8220; global_colors_info=&#8220;{}&#8220; sticky_transition=&#8220;on&#8220; button_text_size__hover_enabled=&#8220;off&#8220; button_one_text_size__hover_enabled=&#8220;off&#8220; button_two_text_size__hover_enabled=&#8220;off&#8220; button_text_color__hover_enabled=&#8220;off&#8220; button_one_text_color__hover_enabled=&#8220;off&#8220; button_two_text_color__hover_enabled=&#8220;off&#8220; button_border_width__hover_enabled=&#8220;off&#8220; button_one_border_width__hover_enabled=&#8220;off&#8220; button_two_border_width__hover_enabled=&#8220;off&#8220; button_border_color__hover_enabled=&#8220;off&#8220; button_one_border_color__hover_enabled=&#8220;off&#8220; button_two_border_color__hover_enabled=&#8220;off&#8220; button_border_radius__hover_enabled=&#8220;off&#8220; button_one_border_radius__hover_enabled=&#8220;off&#8220; button_two_border_radius__hover_enabled=&#8220;off&#8220; button_letter_spacing__hover_enabled=&#8220;off&#8220; button_one_letter_spacing__hover_enabled=&#8220;off&#8220; button_two_letter_spacing__hover_enabled=&#8220;off&#8220; button_bg_color__hover_enabled=&#8220;off&#8220; button_one_bg_color__hover_enabled=&#8220;off&#8220; button_two_bg_color__hover_enabled=&#8220;off&#8220;]<\/p>\n<p style=\"text-align: left;\"><strong><span style=\"color: #dc291e;\">\/<\/span>KARRIERE\u00a0BEI SECO<span style=\"color: #dc291e;\">\/<\/span>WARWICK<\/strong><\/p>\n<p>[\/et_pb_slide][\/et_pb_fullwidth_slider][\/et_pb_section][et_pb_section fb_built=&#8220;1&#8243; admin_label=&#8220;section&#8220; _builder_version=&#8220;4.16&#8243; custom_padding=&#8220;0px|||&#8220; global_colors_info=&#8220;{}&#8220;][et_pb_row admin_label=&#8220;row&#8220; _builder_version=&#8220;4.16&#8243; background_size=&#8220;initial&#8220; background_position=&#8220;top_left&#8220; background_repeat=&#8220;repeat&#8220; global_colors_info=&#8220;{}&#8220;][et_pb_column type=&#8220;4_4&#8243; _builder_version=&#8220;4.16&#8243; custom_padding=&#8220;|||&#8220; global_colors_info=&#8220;{}&#8220; custom_padding__hover=&#8220;|||&#8220;][et_pb_breadcrumbs _builder_version=&#8220;3.0.47&#8243; global_colors_info=&#8220;{}&#8220;]<\/p>\n<div class=\"et_pb_module et_pb_breadcrumbs et_pb_breadcrumbs_1\">\n<p id=\"breadcrumbs\"><span class=\"breadcrumb_last\">HOME<\/span><\/p>\n<\/div>\n<p><!-- .et_pb_converter --><br \/>\n[\/et_pb_breadcrumbs][et_pb_text _builder_version=&#8220;4.16&#8243; background_size=&#8220;initial&#8220; background_position=&#8220;top_left&#8220; background_repeat=&#8220;repeat&#8220; use_border_color=&#8220;off&#8220; global_colors_info=&#8220;{}&#8220;]<\/p>\n<h1>KARRIERE BEI SECO<span style=\"color: #ff0000;\">\/<\/span>WARWICK<\/h1>\n<p>&nbsp;<\/p>\n<p>Wir sind Profis in unserem Job. Wir sorgen daf\u00fcr, dass ein Unternehmen f\u00fchrend in der Reichweite der Bereitstellung komplexer und fortschrittlicher L\u00f6sungen f\u00fcr die Thermoprozessierung von Metallen wird, und unsere aktuellen technischen Ressourcen erm\u00f6glichen es uns, professionellen Service und eine breite Palette von L\u00f6sungen f\u00fcr die gro\u00dfen Unternehmen in der Automobil-, Flugzeug-, Strom-, Medizin- und R\u00fcstindustrie zu bieten.<\/p>\n<p>&nbsp;<\/p>\n<h2>Helfen Sie uns, weltweit f\u00fchrende Thermoprozessl\u00f6sungen zu kreieren!<\/h2>\n<p>[\/et_pb_text][\/et_pb_column][\/et_pb_row][\/et_pb_section][et_pb_section fb_built=&#8220;1&#8243; disabled_on=&#8220;on|on|on&#8220; admin_label=&#8220;section&#8220; _builder_version=&#8220;4.16&#8243; background_color=&#8220;#f8f8f8&#8243; custom_padding=&#8220;20px||20px|&#8220; disabled=&#8220;on&#8220; global_colors_info=&#8220;{}&#8220;][et_pb_row admin_label=&#8220;row&#8220; _builder_version=&#8220;4.16&#8243; background_size=&#8220;initial&#8220; background_position=&#8220;top_left&#8220; background_repeat=&#8220;repeat&#8220; global_colors_info=&#8220;{}&#8220; column_structure=&#8220;2_3,1_3&#8243;][et_pb_column type=&#8220;2_3&#8243; _builder_version=&#8220;4.16&#8243; custom_padding=&#8220;|||&#8220; global_colors_info=&#8220;{}&#8220; custom_padding__hover=&#8220;|||&#8220;][et_pb_text admin_label=&#8220;cytat&#8220; _builder_version=&#8220;4.16&#8243; background_size=&#8220;initial&#8220; background_position=&#8220;top_left&#8220; background_repeat=&#8220;repeat&#8220; use_border_color=&#8220;off&#8220; border_color=&#8220;#ffffff&#8220; border_style=&#8220;solid&#8220; global_colors_info=&#8220;{}&#8220;]&nbsp;<\/p>\n<p>&nbsp;<\/p>\n<p><em><span style=\"font-size: 36pt;\">Wir erschaffen anstatt zu rekonstruieren, immer mit Leidenschaft und gemeinsam.<\/span><\/em><\/p>\n<p><span style=\"color: #dc291e;\">IZABELA B\u0141ASZAK<\/span><br \/>\nHR MANAGER, SECO\/WARWICK S.A.<br \/>\nE-mail: <a href=\"mailto:rekrutacja@secowarwick.com\">rekrutacja@secowarwick.com<\/a><\/p>\n<p>&nbsp;<\/p>\n<p><a href='https:\/\/www.secowarwick.com\/pl\/kariera\/izabela-blaszak\/' class='small-button smallred'><span>Kontakt<\/span><\/a><br \/>\n[\/et_pb_text][\/et_pb_column][et_pb_column type=&#8220;1_3&#8243; _builder_version=&#8220;4.16&#8243; custom_padding=&#8220;|||&#8220; global_colors_info=&#8220;{}&#8220; custom_padding__hover=&#8220;|||&#8220;][et_pb_image src=&#8220;https:\/\/www.secowarwick.com\/wp-content\/uploads\/2016\/10\/blaszak.jpg&#8220; align_tablet=&#8220;center&#8220; align_last_edited=&#8220;on|desktop&#8220; _builder_version=&#8220;4.16&#8243; animation_style=&#8220;slide&#8220; animation_direction=&#8220;left&#8220; animation_duration=&#8220;500ms&#8220; animation_intensity_slide=&#8220;10%&#8220; global_colors_info=&#8220;{}&#8220; align_phone=&#8220;center&#8220;][\/et_pb_image][\/et_pb_column][\/et_pb_row][\/et_pb_section][et_pb_section fb_built=&#8220;1&#8243; custom_padding_last_edited=&#8220;on|desktop&#8220; _builder_version=&#8220;4.16&#8243; custom_padding_tablet=&#8220;50px|0|50px|0&#8243; custom_padding_phone=&#8220;&#8220; transparent_background=&#8220;off&#8220; padding_mobile=&#8220;off&#8220; make_fullwidth=&#8220;off&#8220; use_custom_width=&#8220;off&#8220; width_unit=&#8220;off&#8220; global_colors_info=&#8220;{}&#8220;][et_pb_row use_custom_gutter=&#8220;on&#8220; gutter_width=&#8220;0&#8243; padding_mobile=&#8220;off&#8220; column_padding_mobile=&#8220;on&#8220; _builder_version=&#8220;4.16&#8243; background_size=&#8220;initial&#8220; background_position=&#8220;top_left&#8220; background_repeat=&#8220;repeat&#8220; custom_padding=&#8220;0px|0px|0px|0px&#8220; make_fullwidth=&#8220;off&#8220; use_custom_width=&#8220;off&#8220; width_unit=&#8220;on&#8220; custom_width_px=&#8220;1080px&#8220; custom_width_percent=&#8220;80%&#8220; global_colors_info=&#8220;{}&#8220; column_structure=&#8220;1_4,1_4,1_4,1_4&#8243;][et_pb_column type=&#8220;1_4&#8243; _builder_version=&#8220;4.16&#8243; custom_padding=&#8220;|||&#8220; global_colors_info=&#8220;{}&#8220; custom_padding__hover=&#8220;|||&#8220;][et_pb_blurb title=&#8220;KOMMEN SIE IN UNSER TEAM!&#8220; url=&#8220;#dolacz&#8220; image_icon_width=&#8220;none&#8220; admin_label=&#8220;join&#8220; module_class=&#8220;productshp&#8220; _builder_version=&#8220;4.16&#8243; header_font=&#8220;|on|||&#8220; header_font_size=&#8220;25&#8243; background_color=&#8220;#ffffff&#8220; background_size=&#8220;initial&#8220; background_position=&#8220;top_left&#8220; background_repeat=&#8220;repeat&#8220; text_orientation=&#8220;center&#8220; custom_css_main_element=&#8220;min-height: 270px !Important;||padding-top: 90px !Important;||padding-left: 60px !Important;||padding-right: 60px !Important;&#8220; use_border_color=&#8220;off&#8220; border_color=&#8220;#ffffff&#8220; border_style=&#8220;solid&#8220; image_max_width=&#8220;none&#8220; use_circle=&#8220;off&#8220; use_circle_border=&#8220;off&#8220; circle_border_color=&#8220;#e2001a&#8220; circle_color=&#8220;#e2001a&#8220; global_colors_info=&#8220;{}&#8220;][\/et_pb_blurb][\/et_pb_column][et_pb_column type=&#8220;1_4&#8243; _builder_version=&#8220;4.16&#8243; custom_padding=&#8220;|||&#8220; global_colors_info=&#8220;{}&#8220; custom_padding__hover=&#8220;|||&#8220;][et_pb_blurb admin_label=&#8220;mic&#8220; module_class=&#8220;productshp&#8220; _builder_version=&#8220;4.16&#8243; header_font=&#8220;|on|||&#8220; header_font_size=&#8220;25&#8243; background_color=&#8220;#ffffff&#8220; background_image=&#8220;https:\/\/www.secowarwick.com\/wp-content\/uploads\/2018\/11\/Kwadrat1-1.png&#8220; background_size=&#8220;initial&#8220; background_position=&#8220;top_left&#8220; background_repeat=&#8220;repeat&#8220; text_orientation=&#8220;center&#8220; background_layout=&#8220;dark&#8220; max_width_tablet=&#8220;50px&#8220; custom_css_main_element=&#8220;min-height: 270px !Important;||padding-top: 110px !Important;||padding-left: 7px !Important;||padding-right: 7px !Important;&#8220; use_border_color=&#8220;off&#8220; global_colors_info=&#8220;{}&#8220;][\/et_pb_blurb][\/et_pb_column][et_pb_column type=&#8220;1_4&#8243; _builder_version=&#8220;4.16&#8243; custom_padding=&#8220;|||&#8220; global_colors_info=&#8220;{}&#8220; custom_padding__hover=&#8220;|||&#8220;][et_pb_blurb title=&#8220;Lass uns kennenlernen&#8220; url=&#8220;https:\/\/www.secowarwick.com\/de\/unternehmen\/&#8220; image_icon_width=&#8220;none&#8220; admin_label=&#8220;meet&#8220; module_class=&#8220;productshp&#8220; _builder_version=&#8220;4.16&#8243; header_font=&#8220;|on|||&#8220; header_font_size=&#8220;25&#8243; background_color=&#8220;#dc291e&#8220; background_size=&#8220;initial&#8220; background_position=&#8220;top_left&#8220; background_repeat=&#8220;repeat&#8220; text_orientation=&#8220;center&#8220; background_layout=&#8220;dark&#8220; custom_css_main_element=&#8220;min-height: 270px !Important;||padding-top: 60px !Important;||padding-left: 7px !Important;||padding-right: 7px !Important;&#8220; use_border_color=&#8220;off&#8220; border_color=&#8220;#ffffff&#8220; border_style=&#8220;solid&#8220; image_max_width=&#8220;none&#8220; use_circle=&#8220;off&#8220; use_circle_border=&#8220;off&#8220; circle_border_color=&#8220;#e2001a&#8220; circle_color=&#8220;#e2001a&#8220; global_colors_info=&#8220;{}&#8220;]Wir sind Profis in unserer Branche. Wir bauen ein f\u00fchrendes Unternehmen f\u00fcr die Entwicklung und Lieferung von umfassenden und innovativen W\u00e4rmebehandlungsl\u00f6sungen<br \/>\n[\/et_pb_blurb][\/et_pb_column][et_pb_column type=&#8220;1_4&#8243; _builder_version=&#8220;4.16&#8243; custom_padding=&#8220;|||&#8220; global_colors_info=&#8220;{}&#8220; custom_padding__hover=&#8220;|||&#8220;][et_pb_blurb title=&#8220;WIR WARTEN AUF SIE&#8220; url=&#8220;#czekamy&#8220; admin_label=&#8220;wait&#8220; module_class=&#8220;productshp&#8220; _builder_version=&#8220;4.16&#8243; header_font=&#8220;|on|||&#8220; header_font_size=&#8220;25&#8243; background_color=&#8220;#ffffff&#8220; background_image=&#8220;https:\/\/www.secowarwick.com\/wp-content\/uploads\/2018\/11\/Kwadrat2.png&#8220; background_size=&#8220;initial&#8220; background_position=&#8220;top_left&#8220; background_repeat=&#8220;repeat&#8220; text_orientation=&#8220;center&#8220; background_layout=&#8220;dark&#8220; max_width_tablet=&#8220;50px&#8220; custom_css_main_element=&#8220;min-height: 270px !Important;||padding-top: 90px !Important;||padding-left: 70px !Important;||padding-right: 70px !Important;&#8220; use_border_color=&#8220;off&#8220; global_colors_info=&#8220;{}&#8220;][\/et_pb_blurb][\/et_pb_column][\/et_pb_row][et_pb_row use_custom_gutter=&#8220;on&#8220; gutter_width=&#8220;0&#8243; padding_mobile=&#8220;off&#8220; column_padding_mobile=&#8220;on&#8220; _builder_version=&#8220;4.16&#8243; background_size=&#8220;initial&#8220; background_position=&#8220;top_left&#8220; background_repeat=&#8220;repeat&#8220; custom_padding=&#8220;0px|0px|0px|0px&#8220; make_fullwidth=&#8220;off&#8220; use_custom_width=&#8220;off&#8220; width_unit=&#8220;on&#8220; custom_width_px=&#8220;1080px&#8220; custom_width_percent=&#8220;80%&#8220; global_colors_info=&#8220;{}&#8220; column_structure=&#8220;1_4,1_4,1_4,1_4&#8243;][et_pb_column type=&#8220;1_4&#8243; _builder_version=&#8220;4.16&#8243; custom_padding=&#8220;|||&#8220; global_colors_info=&#8220;{}&#8220; custom_padding__hover=&#8220;|||&#8220;][et_pb_blurb title=&#8220;ANGEBOTE&#8220; url=&#8220;#offers&#8220; admin_label=&#8220;offers&#8220; module_class=&#8220;productshp&#8220; _builder_version=&#8220;4.16&#8243; header_font=&#8220;|on|||&#8220; header_font_size=&#8220;25&#8243; background_color=&#8220;#ffffff&#8220; background_image=&#8220;https:\/\/www.secowarwick.com\/wp-content\/uploads\/2018\/11\/Kwadrat3.png&#8220; background_size=&#8220;initial&#8220; background_position=&#8220;top_left&#8220; background_repeat=&#8220;repeat&#8220; text_orientation=&#8220;center&#8220; background_layout=&#8220;dark&#8220; max_width_tablet=&#8220;50px&#8220; custom_css_main_element=&#8220;min-height: 270px !Important;||padding-top: 90px !Important;||padding-left: 60px !Important;||padding-right: 60px !Important;&#8220; use_border_color=&#8220;off&#8220; global_colors_info=&#8220;{}&#8220;][\/et_pb_blurb][\/et_pb_column][et_pb_column type=&#8220;1_4&#8243; _builder_version=&#8220;4.16&#8243; custom_padding=&#8220;|||&#8220; global_colors_info=&#8220;{}&#8220; custom_padding__hover=&#8220;|||&#8220;][et_pb_blurb title=&#8220;Berufliche Ausbildung und Praktika&#8220; url=&#8220;mailto:swe-rekrutacja@secowarwick.com&#8220; image_icon_width=&#8220;none&#8220; admin_label=&#8220;training&#8220; module_class=&#8220;productshp&#8220; _builder_version=&#8220;4.16&#8243; header_font=&#8220;|on|||&#8220; header_font_size=&#8220;25&#8243; background_color=&#8220;#dc291e&#8220; background_size=&#8220;initial&#8220; background_position=&#8220;top_left&#8220; background_repeat=&#8220;repeat&#8220; text_orientation=&#8220;center&#8220; background_layout=&#8220;dark&#8220; custom_css_main_element=&#8220;min-height: 270px !Important;||padding-top: 60px !Important;||padding-left: 7px !Important;||padding-right: 7px !Important;&#8220; use_border_color=&#8220;off&#8220; border_color=&#8220;#ffffff&#8220; border_style=&#8220;solid&#8220; image_max_width=&#8220;none&#8220; use_circle=&#8220;off&#8220; use_circle_border=&#8220;off&#8220; circle_border_color=&#8220;#e2001a&#8220; circle_color=&#8220;#e2001a&#8220; global_colors_info=&#8220;{}&#8220;]Wir setzen auf die Zukunft: auf Ihre Zukunft. Schauen Sie sich unser Praktikumsprogramm an und gewinnen Sie konkrete Fertigkeiten und Qualifikation bei dem Branchenf\u00fchrer.<br \/>\n[\/et_pb_blurb][\/et_pb_column][et_pb_column type=&#8220;1_4&#8243; _builder_version=&#8220;4.16&#8243; custom_padding=&#8220;|||&#8220; global_colors_info=&#8220;{}&#8220; custom_padding__hover=&#8220;|||&#8220;][et_pb_blurb image=&#8220;https:\/\/www.secowarwick.com\/wp-content\/uploads\/2016\/10\/pusty.png&#8220; admin_label=&#8220;hand&#8220; module_class=&#8220;productshp&#8220; _builder_version=&#8220;4.23.1&#8243; header_font=&#8220;|on|||&#8220; header_font_size=&#8220;25&#8243; background_color=&#8220;#ffffff&#8220; background_image=&#8220;https:\/\/www.secowarwick.com\/wp-content\/uploads\/2018\/11\/Kwadrat4.png&#8220; background_size=&#8220;initial&#8220; background_position=&#8220;top_left&#8220; background_repeat=&#8220;repeat&#8220; text_orientation=&#8220;center&#8220; max_width_tablet=&#8220;50px&#8220; animation=&#8220;off&#8220; hover_enabled=&#8220;0&#8243; custom_css_main_element=&#8220;min-height: 270px !Important;||padding-top: 60px !Important;||padding-left: 7px !Important;||padding-right: 7px !Important;&#8220; use_border_color=&#8220;off&#8220; global_colors_info=&#8220;{}&#8220; alt=&#8220;Hand&#8220; sticky_enabled=&#8220;0&#8243;][\/et_pb_blurb][\/et_pb_column][et_pb_column type=&#8220;1_4&#8243; _builder_version=&#8220;4.16&#8243; custom_padding=&#8220;|||&#8220; global_colors_info=&#8220;{}&#8220; custom_padding__hover=&#8220;|||&#8220;][et_pb_blurb title=&#8220;KONTAKT&#8220; url=&#8220;mailto:swe-rekrutacja@secowarwick.com&#8220; image_icon_width=&#8220;none&#8220; admin_label=&#8220;contact&#8220; module_class=&#8220;productshp&#8220; _builder_version=&#8220;4.16&#8243; header_font=&#8220;|on|||&#8220; header_font_size=&#8220;25&#8243; background_color=&#8220;#ffffff&#8220; background_size=&#8220;initial&#8220; background_position=&#8220;top_left&#8220; background_repeat=&#8220;repeat&#8220; text_orientation=&#8220;center&#8220; custom_css_main_element=&#8220;min-height: 270px !Important;||padding-top: 90px !Important;||padding-left: 70px !Important;||padding-right: 70px !Important;&#8220; use_border_color=&#8220;off&#8220; border_color=&#8220;#ffffff&#8220; border_style=&#8220;solid&#8220; image_max_width=&#8220;none&#8220; use_circle=&#8220;off&#8220; use_circle_border=&#8220;off&#8220; circle_border_color=&#8220;#e2001a&#8220; circle_color=&#8220;#e2001a&#8220; global_colors_info=&#8220;{}&#8220;][\/et_pb_blurb][\/et_pb_column][\/et_pb_row][\/et_pb_section][et_pb_section fb_built=&#8220;1&#8243; module_id=&#8220;dolacz&#8220; _builder_version=&#8220;4.16&#8243; custom_padding=&#8220;0px|||&#8220; transparent_background=&#8220;off&#8220; make_fullwidth=&#8220;off&#8220; use_custom_width=&#8220;off&#8220; width_unit=&#8220;on&#8220; global_colors_info=&#8220;{}&#8220;][et_pb_row _builder_version=&#8220;4.16&#8243; background_size=&#8220;initial&#8220; background_position=&#8220;top_left&#8220; background_repeat=&#8220;repeat&#8220; custom_padding=&#8220;15px|||&#8220; make_fullwidth=&#8220;off&#8220; use_custom_width=&#8220;off&#8220; width_unit=&#8220;on&#8220; global_colors_info=&#8220;{}&#8220;][et_pb_column type=&#8220;4_4&#8243; _builder_version=&#8220;4.16&#8243; custom_padding=&#8220;|||&#8220; global_colors_info=&#8220;{}&#8220; custom_padding__hover=&#8220;|||&#8220;][et_pb_text admin_label=&#8220;DO\u0141\u0104CZ\/DO NAS!&#8220; _builder_version=&#8220;4.16&#8243; background_size=&#8220;initial&#8220; background_position=&#8220;top_left&#8220; background_repeat=&#8220;repeat&#8220; use_border_color=&#8220;off&#8220; border_color=&#8220;#ffffff&#8220; border_style=&#8220;solid&#8220; global_colors_info=&#8220;{}&#8220;]<\/p>\n<h2><span style=\"color: #dc291e;\">\/<\/span>KOMMEN SIE IN UNSER TEAM!<\/h2>\n<p>&nbsp;<\/p>\n<p>SECO \/ WARWICK ist ein Unternehmen, in dem Sie Ihre Fl\u00fcgel ausbreiten, Qualifikationen verbessern, Ihr Wissen erweitern und dies zu guter Letzt auch sofort bei Ihrer Arbeit nutzen k\u00f6nnen. Sie werden ein Teil des internationalen Teams, entwickeln und gestalten innovative L\u00f6sungen f\u00fcr die Umwandlung von Metallen, einzigartig im globalen Ma\u00dfstab.<br \/>\nAls technologischer Marktf\u00fchrer in unserer Branche k\u00f6nnen wir sicher sagen, dass wir Ihnen eine Chance geben werden, an interessanten Projekten und im internationalen Umfeld zu arbeiten. Dar\u00fcber hinaus bieten wir stabile Arbeitsbedingungen, die M\u00f6glichkeit der beruflichen Entwicklung, interessante Herausforderungen und eine tolle Atmosph\u00e4re.<\/p>\n<h2><\/h2>\n<p>[\/et_pb_text][\/et_pb_column][\/et_pb_row][\/et_pb_section][et_pb_section fb_built=&#8220;1&#8243; module_id=&#8220;czekamy&#8220; _builder_version=&#8220;4.16&#8243; custom_padding=&#8220;0px|||&#8220; transparent_background=&#8220;off&#8220; make_fullwidth=&#8220;off&#8220; use_custom_width=&#8220;off&#8220; width_unit=&#8220;on&#8220; global_colors_info=&#8220;{}&#8220;][et_pb_row _builder_version=&#8220;4.16&#8243; background_size=&#8220;initial&#8220; background_position=&#8220;top_left&#8220; background_repeat=&#8220;repeat&#8220; global_colors_info=&#8220;{}&#8220;][et_pb_column type=&#8220;4_4&#8243; _builder_version=&#8220;4.16&#8243; custom_padding=&#8220;|||&#8220; global_colors_info=&#8220;{}&#8220; custom_padding__hover=&#8220;|||&#8220;][et_pb_text admin_label=&#8220;CZEKAMY\/NA CIEBIE&#8220; _builder_version=&#8220;4.16&#8243; background_size=&#8220;initial&#8220; background_position=&#8220;top_left&#8220; background_repeat=&#8220;repeat&#8220; use_border_color=&#8220;off&#8220; border_color=&#8220;#ffffff&#8220; border_style=&#8220;solid&#8220; global_colors_info=&#8220;{}&#8220;]<\/p>\n<h2><span style=\"color: #dc291e;\">\/<\/span>WIR WARTEN AUF SIE!<\/h2>\n<p>&nbsp;<\/p>\n<p>Sind Sie ein Absolvent, Student, Angestellter oder vielleicht Freiberufler? Wir warten auf Sie und Ihren Lebenslauf!<\/p>\n<p>Senden Sie ihn an: <a href=\"mailto:rekrutacja@secowarwick.com\">rekrutacja@secowarwick.com<\/a> oder (inklusive aller Dokumente) an die Personalabteilung von SECO\/WARWICK S.A. to: ul. Zachodnia 76, 66-200 \u015awiebodzin, Polen,\u00a0Phone no: +48 68 38 19\u00a0800<br \/>\n[\/et_pb_text][\/et_pb_column][\/et_pb_row][\/et_pb_section][et_pb_section fb_built=&#8220;1&#8243; disabled_on=&#8220;on|on|on&#8220; module_id=&#8220;offers&#8220; _builder_version=&#8220;4.16&#8243; background_color=&#8220;#f8f8f8&#8243; disabled=&#8220;on&#8220; global_colors_info=&#8220;{}&#8220;][et_pb_row _builder_version=&#8220;4.16&#8243; background_size=&#8220;initial&#8220; background_position=&#8220;top_left&#8220; background_repeat=&#8220;repeat&#8220; global_colors_info=&#8220;{}&#8220;][et_pb_column type=&#8220;4_4&#8243; _builder_version=&#8220;4.16&#8243; custom_padding=&#8220;|||&#8220; global_colors_info=&#8220;{}&#8220; custom_padding__hover=&#8220;|||&#8220;][et_pb_jobs _builder_version=&#8220;3.0.47&#8243; global_colors_info=&#8220;{}&#8220;][\/et_pb_jobs][\/et_pb_column][\/et_pb_row][\/et_pb_section]<\/p>\n","protected":false},"excerpt":{"rendered":"<p>\/KARRIERE\u00a0BEI SECO\/WARWICK [et_pb_breadcrumbs _builder_version=&#8220;3.0.47&#8243; global_colors_info=&#8220;{}&#8220;] HOME [\/et_pb_breadcrumbs]KARRIERE BEI SECO\/WARWICK &nbsp; Wir sind Profis in unserem Job. Wir sorgen daf\u00fcr, dass ein Unternehmen f\u00fchrend in der Reichweite der Bereitstellung komplexer und fortschrittlicher L\u00f6sungen f\u00fcr die Thermoprozessierung von Metallen wird, und unsere aktuellen technischen Ressourcen erm\u00f6glichen es uns, professionellen Service und eine breite Palette von L\u00f6sungen f\u00fcr [&hellip;]<\/p>\n","protected":false},"author":9,"featured_media":0,"parent":0,"menu_order":0,"comment_status":"closed","ping_status":"closed","template":"","meta":{"_acf_changed":false,"_et_pb_use_builder":"on","_et_pb_old_content":"<p>We welcome recent graduates and experienced professionals to apply for positions in our worldwide organisation.<\/p><p>Applicants may submit their resume to the SECO\/WARWICK GROUP Human Resources for the following locations:<\/p><p><strong>Poland<\/strong>: Sobieskiego 8, \u015awiebodzin PL-66-200, Poland or email to <a href=\"mailto:o.bestrzynski@secowarwick.com.pl\">Human resources<\/a>.<\/p><p><strong>United States<\/strong>: \u00a0HR Manager, 180 Mercer Street, PO Box 908, Meadville, PA 16335, USA, or email <a href=\"mailto:hr@secowarwick.com\">SWC Human Resources<\/a><\/p><p><em>Note: \u00a0SECO\/WARWICK Corp. USA\u00a0is not in a position to offer sponsorship for any positions at this time.\u00a0 Must be a US citizen or eligible to work in the US without sponsorship to apply.<\/em><\/p>","_et_gb_content_width":"","footnotes":""},"class_list":["post-6970","page","type-page","status-publish"],"acf":[],"_links":{"self":[{"href":"https:\/\/www.secowarwick.com\/de\/wp-json\/wp\/v2\/pages\/6970","targetHints":{"allow":["GET"]}}],"collection":[{"href":"https:\/\/www.secowarwick.com\/de\/wp-json\/wp\/v2\/pages"}],"about":[{"href":"https:\/\/www.secowarwick.com\/de\/wp-json\/wp\/v2\/types\/page"}],"author":[{"embeddable":true,"href":"https:\/\/www.secowarwick.com\/de\/wp-json\/wp\/v2\/users\/9"}],"replies":[{"embeddable":true,"href":"https:\/\/www.secowarwick.com\/de\/wp-json\/wp\/v2\/comments?post=6970"}],"version-history":[{"count":1,"href":"https:\/\/www.secowarwick.com\/de\/wp-json\/wp\/v2\/pages\/6970\/revisions"}],"predecessor-version":[{"id":170528,"href":"https:\/\/www.secowarwick.com\/de\/wp-json\/wp\/v2\/pages\/6970\/revisions\/170528"}],"wp:attachment":[{"href":"https:\/\/www.secowarwick.com\/de\/wp-json\/wp\/v2\/media?parent=6970"}],"curies":[{"name":"wp","href":"https:\/\/api.w.org\/{rel}","templated":true}]}}