{"id":7097,"date":"2016-10-09T14:32:33","date_gmt":"2016-10-09T12:32:33","guid":{"rendered":"http:\/\/www.secowarwick.com\/de\/aluminium-furnace-systems\/"},"modified":"2025-08-20T07:25:01","modified_gmt":"2025-08-20T05:25:01","slug":"aluminium-prozesse","status":"publish","type":"page","link":"https:\/\/www.secowarwick.com\/de\/produkte\/aluminium-prozesse\/","title":{"rendered":"Aluminium-W\u00e4rmebehandlung"},"content":{"rendered":"<p>[et_pb_section fb_built=&#8220;1&#8243; _builder_version=&#8220;4.16&#8243; global_colors_info=&#8220;{}&#8220;][et_pb_row _builder_version=&#8220;4.16&#8243; background_size=&#8220;initial&#8220; background_position=&#8220;top_left&#8220; background_repeat=&#8220;repeat&#8220; global_colors_info=&#8220;{}&#8220;][et_pb_column type=&#8220;4_4&#8243; _builder_version=&#8220;4.16&#8243; custom_padding=&#8220;|||&#8220; global_colors_info=&#8220;{}&#8220; custom_padding__hover=&#8220;|||&#8220;][et_pb_image src=&#8220;https:\/\/www.secowarwick.com\/wp-content\/uploads\/2020\/09\/ALUMINUM-HEAT-TREATMENT-CAB-Controlled-Atmosphere-Brazing.jpg&#8220; alt=&#8220;ALUMINIUM-W\u00c4RMEBEHANDLUNG UND CAB (L\u00f6ten unter kontrollierter Atmosph\u00e4re)&#8220; title_text=&#8220;ALUMINIUM-W\u00c4RMEBEHANDLUNG UND CAB (L\u00f6ten unter kontrollierter Atmosph\u00e4re)&#8220; align_tablet=&#8220;center&#8220; align_phone=&#8220;&#8220; align_last_edited=&#8220;on|desktop&#8220; _builder_version=&#8220;4.16&#8243; global_colors_info=&#8220;{}&#8220;][\/et_pb_image][et_pb_text module_class=&#8220;p-seco-product-header-text&#8220; _builder_version=&#8220;4.16&#8243; global_colors_info=&#8220;{}&#8220;][\/et_pb_text][\/et_pb_column][\/et_pb_row][et_pb_row column_structure=&#8220;3_4,1_4&#8243; _builder_version=&#8220;4.16&#8243; custom_margin=&#8220;||0px|&#8220; custom_padding=&#8220;||0px|&#8220; global_colors_info=&#8220;{}&#8220;][et_pb_column type=&#8220;3_4&#8243; _builder_version=&#8220;4.16&#8243; custom_padding=&#8220;|||&#8220; global_colors_info=&#8220;{}&#8220; custom_padding__hover=&#8220;|||&#8220;][et_pb_breadcrumbs _builder_version=&#8220;3.6&#8243; global_colors_info=&#8220;{}&#8220;][\/et_pb_breadcrumbs][et_pb_text module_class=&#8220;podtytuly&#8220; _builder_version=&#8220;4.16&#8243; global_colors_info=&#8220;{}&#8220;]<\/p>\n<h1>ALUMINIUM-W\u00c4RMEBEHANDLUNG<\/h1>\n<h2>\u00a0<\/h2>\n<h2>Aluminium-W\u00e4rmebehandlungssysteme<\/h2>\n<p>[\/et_pb_text][\/et_pb_column][et_pb_column type=&#8220;1_4&#8243; _builder_version=&#8220;4.16&#8243; custom_padding=&#8220;|||&#8220; global_colors_info=&#8220;{}&#8220; custom_padding__hover=&#8220;|||&#8220;][\/et_pb_column][\/et_pb_row][et_pb_row _builder_version=&#8220;4.16&#8243; _module_preset=&#8220;default&#8220; global_colors_info=&#8220;{}&#8220;][et_pb_column type=&#8220;4_4&#8243; _builder_version=&#8220;4.16&#8243; _module_preset=&#8220;default&#8220; global_colors_info=&#8220;{}&#8220;][et_pb_text _builder_version=&#8220;4.16&#8243; global_colors_info=&#8220;{}&#8220;]<\/p>\n<p>SECO\/WARWICK bietet grundlegende Produktgruppen an, darunter Coil-\/Foliengl\u00fchen, L\u00f6sungsgl\u00fchen &amp; Altern, Homogenisieren, Barrenerw\u00e4rmung sowie Schmelz- &amp; Warmhalteofensysteme.<\/p>\n<p>Wir bieten fortschrittliche Technologien zur Verk\u00fcrzung der Zykluszeiten, zur Energieeinsparung und zur Verbesserung der K\u00fchlraten. Unsere Steuerungs- und Materialhandhabungssysteme sind f\u00fcr jede einzigartige Produktionsumgebung konzipiert. Mit unserer ganzen Erfahrung sind wir die einzige Anlaufstelle f\u00fcr alle Ihre Anforderungen in&nbsp;Bezug auf Aluminium-Prozessofen-Systeme und wir garantieren Ihnen Leistung unserer Anlagen.<\/p>\n<p>&nbsp;<\/p>\n<p>[\/et_pb_text][\/et_pb_column][\/et_pb_row][et_pb_row _builder_version=&#8220;4.16&#8243; width=&#8220;100%&#8220; max_width=&#8220;1000px&#8220; custom_margin=&#8220;0px|||&#8220; custom_padding=&#8220;0px|||&#8220; global_colors_info=&#8220;{}&#8220;][et_pb_column type=&#8220;4_4&#8243; _builder_version=&#8220;4.16&#8243; custom_padding=&#8220;|||&#8220; global_colors_info=&#8220;{}&#8220; custom_padding__hover=&#8220;|||&#8220;][et_pb_seco_products product_1_title=&#8220;Gl\u00fchofen f\u00fcr Aluminiumcoils mit Luftstrom unter Verwendung Hochkonvektion \u2013 Vortex&#8220; product_1_src=&#8220;https:\/\/www.secowarwick.com\/wp-content\/uploads\/2021\/04\/Vortex-Aluminum-Coil-and-Foil-Annealing-Furnaces.jpg&#8220; product_1_alt=&#8220;Gl\u00fchofen f\u00fcr Aluminiumcoils mit Luftstrom unter Verwendung Hochkonvektion \u2013 Vortex&#8220; product_1_button=&#8220;MEHR&#8220; product_1_url=&#8220;https:\/\/www.secowarwick.com\/de\/produkte\/aluminium-prozesse\/aluminium-gluehofen-fuer-coils-ausgestattet\/&#8220; product_2_title=&#8220;Fallschat\u00f6fen zum L\u00f6sungsgl\u00fchen und Alterung von Aluminium \u2013 VertiQuench&#8220; product_2_src=&#8220;https:\/\/www.secowarwick.com\/wp-content\/uploads\/2021\/04\/VertiQuench-Solution-HT-and-Aging-Drop-Bottom-Type-Furnaces-2.jpg&#8220; product_2_alt=&#8220;Fallschat\u00f6fen zum L\u00f6sungsgl\u00fchen und Alterung von Aluminium \u2013 VertiQuench&#8220; product_2_button=&#8220;MEHR&#8220; product_2_url=&#8220;https:\/\/www.secowarwick.com\/de\/produkte\/aluminium-prozesse\/vertiquench-drop-bottom-abschreckofen\/&#8220; product_3_title=&#8220;Gl\u00fchofen von Aluminium&#8220; product_3_src=&#8220;https:\/\/www.secowarwick.com\/wp-content\/uploads\/2021\/04\/Aluminum-Age-and-Annealing.jpg&#8220; product_3_alt=&#8220;Gl\u00fchofen von Aluminium&#8220; product_3_button=&#8220;MEHR&#8220; product_3_url=&#8220;https:\/\/www.secowarwick.com\/de\/produkte\/aluminium-prozesse\/aluminium-gluehoefen\/&#8220; product_4_title=&#8220;Schmelz- und Warmhalte\u00f6fen f\u00fcr Aluminium&#8220; product_4_src=&#8220;https:\/\/www.secowarwick.com\/wp-content\/uploads\/2021\/05\/melting-furnace_header3.jpg&#8220; product_4_alt=&#8220;Schmelz- und Warmhalte\u00f6fen f\u00fcr Aluminium&#8220; product_4_button=&#8220;MEHR&#8220; product_4_url=&#8220;https:\/\/www.secowarwick.com\/de\/produkte\/aluminium-prozesse\/schmelz-und-warmhalteoefen-fuer-aluminium\/&#8220; module_id=&#8220;secoalutest&#8220; module_class=&#8220;disable-animation max8001&#8243; _builder_version=&#8220;4.23.1&#8243; hover_enabled=&#8220;0&#8243; global_colors_info=&#8220;{}&#8220; sticky_enabled=&#8220;0&#8243;][\/et_pb_seco_products][et_pb_text module_class=&#8220;max8001&#8243; _builder_version=&#8220;4.16&#8243; global_colors_info=&#8220;{}&#8220;]<\/p>\n<p>&nbsp;<\/p>\n<p>Unsere Systeme arbeiten weltweit in&nbsp;mehr als 30 L\u00e4ndern f\u00fcr die Prim\u00e4r- und Sekund\u00e4raluminiumproduktion sowie f\u00fcr weitere Prozesse, die die Lieferung von Halb- und Fertigprodukten erm\u00f6glichen.<\/p>\n<p>&nbsp;<\/p>\n<p>[\/et_pb_text][et_pb_seco_products product_1_title=&#8220;L\u00f6sungsgl\u00fchen und Altern von Aluminium&#8220; product_1_src=&#8220;https:\/\/www.secowarwick.com\/wp-content\/uploads\/2019\/11\/Solution-and-Aging-500-x-500.jpg&#8220; product_1_alt=&#8220;L\u00f6sungsgl\u00fchen und Altern von Aluminium&#8220; product_1_button=&#8220;MEHR&#8220; product_1_url=&#8220;https:\/\/www.secowarwick.com\/de\/produkte\/aluminium-prozesse\/loesungswaerme-behandlung-und-alterung\/&#8220; product_2_title=&#8220;Nachbrenner: VOC-Reduzierung&#8220; product_2_src=&#8220;https:\/\/www.secowarwick.com\/wp-content\/uploads\/2022\/01\/Afterburner-1.jpg&#8220; product_2_alt=&#8220;Nachbrenner: VOC-Reduzierung&#8220; product_2_button=&#8220;MEHR&#8220; product_2_url=&#8220;https:\/\/www.secowarwick.com\/de\/produkte\/aluminium-prozesse\/afterburner\/&#8220; product_3_title=&#8220;Homogenisierungs\u00f6fen f\u00fcr Aluminiumteile&#8220; product_3_src=&#8220;https:\/\/www.secowarwick.com\/wp-content\/uploads\/2019\/11\/aluminium-homogenizing-500-x-500.jpg&#8220; product_3_alt=&#8220;Homogenisierungs\u00f6fen f\u00fcr Aluminiumteile&#8220; product_3_button=&#8220;MEHR&#8220; product_3_url=&#8220;https:\/\/www.secowarwick.com\/de\/produkte\/aluminium-prozesse\/aluminium-homogenisierungsoefen\/&#8220; product_4_title=&#8220;Aftermarket for Aluminum Process Furnaces&#8220; product_4_src=&#8220;https:\/\/www.secowarwick.com\/wp-content\/uploads\/2021\/06\/Aftermarket-for-Aluminum-Process-Furnaces.webp&#8220; product_4_alt=&#8220;Aftermarket for Aluminum Process Furnaces&#8220; product_4_button=&#8220;MEHR&#8220; product_4_url=&#8220;https:\/\/www.secowarwick.com\/de\/produkte\/aluminium-prozesse\/aftermarket-for-aluminium-process-furnaces-2\/&#8220; module_id=&#8220;secoalutest&#8220; module_class=&#8220;disable-animation max8001&#8243; _builder_version=&#8220;4.23.1&#8243; hover_enabled=&#8220;0&#8243; global_colors_info=&#8220;{}&#8220; sticky_enabled=&#8220;0&#8243;][\/et_pb_seco_products][\/et_pb_column][\/et_pb_row][et_pb_row column_structure=&#8220;1_2,1_2&#8243; _builder_version=&#8220;4.16&#8243; background_color=&#8220;#ffffff&#8220; global_colors_info=&#8220;{}&#8220;][et_pb_column type=&#8220;1_2&#8243; _builder_version=&#8220;4.16&#8243; background_color=&#8220;#ffffff&#8220; custom_padding=&#8220;|||&#8220; global_colors_info=&#8220;{}&#8220; custom_padding__hover=&#8220;|||&#8220;][et_pb_text _builder_version=&#8220;4.16&#8243; border_color_all=&#8220;#ffffff&#8220; global_colors_info=&#8220;{}&#8220;]<\/p>\n<p><strong><span style=\"color: #e30f00;\">\/\u00a0<\/span><\/strong><strong>Aluminium Technologien:<\/strong><br \/>L\u00f6ten, Gl\u00fchen, L\u00f6sungsgl\u00fchen, Auslagern, Homogenisierung, Vorw\u00e4rmen, Schmelzen.<\/p>\n<p><strong><span style=\"color: #e30f00;\">\/<\/span>\u00a0Branchen:<\/strong><br \/>Automobilindustrie, Energie-, Luft- und Raumfahrt, Marine, Chemie, Verteidigung, Elektronik.<\/p>\n<p><strong><span style=\"color: #e30f00;\">\/<\/span>\u00a0Wesentliche Merkmale:<\/strong><br \/>Spezialisierte Aluminiuml\u00f6t- nach individuellen Anforderungen. Anpassung der Prozesse an die Spezifikation der Chargen-, Leistungs- und Qualit\u00e4tsanforderungen. Prozesszeitreduzierung, Energie und andere Faktoren zur Minimierung der Verbrauchsmedien, Erf\u00fcllung kundenspezifischer Standards wie Luftfahrt, Automobilindustrie, Umwelt und andere.<\/p>\n<p>[\/et_pb_text][\/et_pb_column][et_pb_column type=&#8220;1_2&#8243; _builder_version=&#8220;4.16&#8243; custom_padding=&#8220;|||&#8220; global_colors_info=&#8220;{}&#8220; custom_padding__hover=&#8220;|||&#8220;][et_pb_text _builder_version=&#8220;4.23.1&#8243; hover_enabled=&#8220;0&#8243; border_color_all=&#8220;#ffffff&#8220; global_colors_info=&#8220;{}&#8220; sticky_enabled=&#8220;0&#8243;]<\/p>\n<p><strong><span style=\"color: #e30f13;\">\/<\/span>\u00a0<\/strong><strong>Systeme:<\/strong><\/p>\n<p><strong>Vortex<\/strong>\u00a0&#8211; patentierte D\u00fcsen-Heiztechnik<\/p>\n<p><strong>SeCoil<\/strong>\u00a0&#8211; Expertensystem f\u00fcr die Planung, Simulation, Optimierung und Kontrolle der W\u00e4rmebehandlungsprozesse f\u00fcr Aluminiumcoils.<\/p>\n<p><strong>VertiQuench <\/strong>&#8211; Drop Bottom \u00d6fen mit Wasser oder Polymer-Tanks f\u00fcr die Luft-, Raumfahrt-und Automobilindustrie.<\/p>\n<p>&nbsp;<\/p>\n<p>[\/et_pb_text][\/et_pb_column][\/et_pb_row][et_pb_row disabled_on=&#8220;on|on|on&#8220; _builder_version=&#8220;4.16&#8243; background_size=&#8220;initial&#8220; background_position=&#8220;top_left&#8220; background_repeat=&#8220;repeat&#8220; disabled=&#8220;on&#8220; global_colors_info=&#8220;{}&#8220;][et_pb_column type=&#8220;4_4&#8243; _builder_version=&#8220;4.16&#8243; custom_padding=&#8220;|||&#8220; global_colors_info=&#8220;{}&#8220; custom_padding__hover=&#8220;|||&#8220;][et_pb_text _builder_version=&#8220;4.16&#8243; global_colors_info=&#8220;{}&#8220;]<span style=\"font-size: 24pt;\">Produktmaterialien<\/span>[\/et_pb_text][\/et_pb_column][\/et_pb_row][et_pb_row column_structure=&#8220;1_2,1_2&#8243; disabled_on=&#8220;on|on|on&#8220; _builder_version=&#8220;4.16&#8243; background_color=&#8220;#ffffff&#8220; disabled=&#8220;on&#8220; global_colors_info=&#8220;{}&#8220;][et_pb_column type=&#8220;1_2&#8243; _builder_version=&#8220;4.16&#8243; background_color=&#8220;#ffffff&#8220; custom_padding=&#8220;|||&#8220; global_colors_info=&#8220;{}&#8220; custom_padding__hover=&#8220;|||&#8220;][et_pb_selected_documents _builder_version=&#8220;4.10.3&#8243; global_colors_info=&#8220;{}&#8220;][et_pb_document post_id=&#8220;86498&#8243; title=&#8220;Vortex\u00ae &#8211; brochure&#8220; _builder_version=&#8220;3.6&#8243; global_colors_info=&#8220;{}&#8220;][\/et_pb_document][et_pb_document post_id=&#8220;86374&#8243; title=&#8220;VertiQuench\u00ae &#8211; brochure&#8220; _builder_version=&#8220;3.6&#8243; global_colors_info=&#8220;{}&#8220;][\/et_pb_document][\/et_pb_selected_documents][\/et_pb_column][et_pb_column type=&#8220;1_2&#8243; _builder_version=&#8220;4.16&#8243; custom_padding=&#8220;|||&#8220; global_colors_info=&#8220;{}&#8220; custom_padding__hover=&#8220;|||&#8220;][et_pb_selected_documents _builder_version=&#8220;4.10.3&#8243; global_colors_info=&#8220;{}&#8220;][et_pb_document post_id=&#8220;92345&#8243; title=&#8220;Aluminium Annealing Furnaces&#8220; _builder_version=&#8220;3.6&#8243; global_colors_info=&#8220;{}&#8220;][\/et_pb_document][et_pb_document post_id=&#8220;92396&#8243; title=&#8220;Aluminum Homogenizing Furnaces &#8211; brochure&#8220; _builder_version=&#8220;4.10.3&#8243; global_colors_info=&#8220;{}&#8220;][\/et_pb_document][\/et_pb_selected_documents][\/et_pb_column][\/et_pb_row][et_pb_row _builder_version=&#8220;4.16&#8243; background_size=&#8220;initial&#8220; background_position=&#8220;top_left&#8220; background_repeat=&#8220;repeat&#8220; global_colors_info=&#8220;{}&#8220;][et_pb_column type=&#8220;4_4&#8243; _builder_version=&#8220;4.16&#8243; custom_padding=&#8220;|||&#8220; global_colors_info=&#8220;{}&#8220; custom_padding__hover=&#8220;|||&#8220;][et_pb_code admin_label=&#8220;crm-rfq-de&#8220; _builder_version=&#8220;4.10.3&#8243; _module_preset=&#8220;default&#8220; global_module=&#8220;123766&#8243; global_colors_info=&#8220;{}&#8220;]<!-- [et_pb_line_break_holder] --><pee style=\"text-align: center;\"><a class=\"small-button smallred\" style=\"font-size: 20px; padding: 20px 60px;\" href=\"https:\/\/www.secowarwick.com\/de\/fordern-sie-hier-ihr-angebot-an\/\"><span style=\"display: block; transform: skew(15deg,0deg); -webkit-transform: skew(15deg,0deg); font-size: 20px; !important\">UM EIN ANGEBOT BITTEN<\/span><\/a><\/pee>[\/et_pb_code][\/et_pb_column][\/et_pb_row][\/et_pb_section]<\/p>\n","protected":false},"excerpt":{"rendered":"<p>[et_pb_breadcrumbs _builder_version=&#8220;3.6&#8243; global_colors_info=&#8220;{}&#8220;][\/et_pb_breadcrumbs]ALUMINIUM-W\u00c4RMEBEHANDLUNG \u00a0 Aluminium-W\u00e4rmebehandlungssystemeSECO\/WARWICK bietet grundlegende Produktgruppen an, darunter Coil-\/Foliengl\u00fchen, L\u00f6sungsgl\u00fchen &amp; Altern, Homogenisieren, Barrenerw\u00e4rmung sowie Schmelz- &amp; Warmhalteofensysteme. Wir bieten fortschrittliche Technologien zur Verk\u00fcrzung der Zykluszeiten, zur Energieeinsparung und zur Verbesserung der K\u00fchlraten. Unsere Steuerungs- und Materialhandhabungssysteme sind f\u00fcr jede einzigartige Produktionsumgebung konzipiert. Mit unserer ganzen Erfahrung sind wir die einzige Anlaufstelle f\u00fcr [&hellip;]<\/p>\n","protected":false},"author":9,"featured_media":104262,"parent":7106,"menu_order":0,"comment_status":"closed","ping_status":"closed","template":"","meta":{"_acf_changed":false,"_et_pb_use_builder":"on","_et_pb_old_content":"<h2>\u00a0<\/h2>","_et_gb_content_width":"","footnotes":""},"class_list":["post-7097","page","type-page","status-publish","has-post-thumbnail"],"acf":[],"_links":{"self":[{"href":"https:\/\/www.secowarwick.com\/de\/wp-json\/wp\/v2\/pages\/7097","targetHints":{"allow":["GET"]}}],"collection":[{"href":"https:\/\/www.secowarwick.com\/de\/wp-json\/wp\/v2\/pages"}],"about":[{"href":"https:\/\/www.secowarwick.com\/de\/wp-json\/wp\/v2\/types\/page"}],"author":[{"embeddable":true,"href":"https:\/\/www.secowarwick.com\/de\/wp-json\/wp\/v2\/users\/9"}],"replies":[{"embeddable":true,"href":"https:\/\/www.secowarwick.com\/de\/wp-json\/wp\/v2\/comments?post=7097"}],"version-history":[{"count":18,"href":"https:\/\/www.secowarwick.com\/de\/wp-json\/wp\/v2\/pages\/7097\/revisions"}],"predecessor-version":[{"id":182864,"href":"https:\/\/www.secowarwick.com\/de\/wp-json\/wp\/v2\/pages\/7097\/revisions\/182864"}],"up":[{"embeddable":true,"href":"https:\/\/www.secowarwick.com\/de\/wp-json\/wp\/v2\/pages\/7106"}],"wp:featuredmedia":[{"embeddable":true,"href":"https:\/\/www.secowarwick.com\/de\/wp-json\/wp\/v2\/media\/104262"}],"wp:attachment":[{"href":"https:\/\/www.secowarwick.com\/de\/wp-json\/wp\/v2\/media?parent=7097"}],"curies":[{"name":"wp","href":"https:\/\/api.w.org\/{rel}","templated":true}]}}