{"id":7106,"date":"2016-10-01T13:07:26","date_gmt":"2016-10-01T11:07:26","guid":{"rendered":"http:\/\/www.secowarwick.com\/de\/products\/"},"modified":"2025-08-20T08:19:03","modified_gmt":"2025-08-20T06:19:03","slug":"produkte","status":"publish","type":"page","link":"https:\/\/www.secowarwick.com\/de\/produkte\/","title":{"rendered":"Produkte"},"content":{"rendered":"<p>[et_pb_section fb_built=&#8220;1&#8243; fullwidth=&#8220;on&#8220; _builder_version=&#8220;4.16&#8243; global_colors_info=&#8220;{}&#8220;][et_pb_fullwidth_slider _builder_version=&#8220;4.16&#8243; background_position=&#8220;top_left&#8220; custom_padding=&#8220;|||&#8220; custom_css_slide_description=&#8220;float: left;&#8220; global_colors_info=&#8220;{}&#8220; button_text_size__hover_enabled=&#8220;off&#8220; button_one_text_size__hover_enabled=&#8220;off&#8220; button_two_text_size__hover_enabled=&#8220;off&#8220; button_text_color__hover_enabled=&#8220;off&#8220; button_one_text_color__hover_enabled=&#8220;off&#8220; button_two_text_color__hover_enabled=&#8220;off&#8220; button_border_width__hover_enabled=&#8220;off&#8220; button_one_border_width__hover_enabled=&#8220;off&#8220; button_two_border_width__hover_enabled=&#8220;off&#8220; button_border_color__hover_enabled=&#8220;off&#8220; button_one_border_color__hover_enabled=&#8220;off&#8220; button_two_border_color__hover_enabled=&#8220;off&#8220; button_border_radius__hover_enabled=&#8220;off&#8220; button_one_border_radius__hover_enabled=&#8220;off&#8220; button_two_border_radius__hover_enabled=&#8220;off&#8220; button_letter_spacing__hover_enabled=&#8220;off&#8220; button_one_letter_spacing__hover_enabled=&#8220;off&#8220; button_two_letter_spacing__hover_enabled=&#8220;off&#8220; button_bg_color__hover_enabled=&#8220;off&#8220; button_one_bg_color__hover_enabled=&#8220;off&#8220; button_two_bg_color__hover_enabled=&#8220;off&#8220;][et_pb_slide use_bg_overlay=&#8220;off&#8220; use_text_overlay=&#8220;off&#8220; _builder_version=&#8220;4.16&#8243; header_font=&#8220;||||&#8220; body_font=&#8220;|on|||&#8220; body_font_size=&#8220;46&#8243; background_color=&#8220;#ffffff&#8220; background_image=&#8220;https:\/\/www.secowarwick.com\/wp-content\/uploads\/2019\/02\/Slider-produkty-1.jpg&#8220; background_position=&#8220;top_left&#8220; button_on_hover=&#8220;on&#8220; body_font_size_tablet=&#8220;46&#8243; body_font_size_phone=&#8220;46&#8243; global_colors_info=&#8220;{}&#8220; button_text_size__hover_enabled=&#8220;off&#8220; button_one_text_size__hover_enabled=&#8220;off&#8220; button_two_text_size__hover_enabled=&#8220;off&#8220; button_text_color__hover_enabled=&#8220;off&#8220; button_one_text_color__hover_enabled=&#8220;off&#8220; button_two_text_color__hover_enabled=&#8220;off&#8220; button_border_width__hover_enabled=&#8220;off&#8220; button_one_border_width__hover_enabled=&#8220;off&#8220; button_two_border_width__hover_enabled=&#8220;off&#8220; button_border_color__hover_enabled=&#8220;off&#8220; button_one_border_color__hover_enabled=&#8220;off&#8220; button_two_border_color__hover_enabled=&#8220;off&#8220; button_border_radius__hover_enabled=&#8220;off&#8220; button_one_border_radius__hover_enabled=&#8220;off&#8220; button_two_border_radius__hover_enabled=&#8220;off&#8220; button_letter_spacing__hover_enabled=&#8220;off&#8220; button_one_letter_spacing__hover_enabled=&#8220;off&#8220; button_two_letter_spacing__hover_enabled=&#8220;off&#8220; button_bg_color__hover_enabled=&#8220;off&#8220; button_one_bg_color__hover_enabled=&#8220;off&#8220; button_two_bg_color__hover_enabled=&#8220;off&#8220; sticky_transition=&#8220;on&#8220;]<span style=\"color: #ff0000;\">\/<\/span>Produkte[\/et_pb_slide][\/et_pb_fullwidth_slider][\/et_pb_section][et_pb_section fb_built=&#8220;1&#8243; admin_label=&#8220;section&#8220; _builder_version=&#8220;4.16&#8243; custom_padding=&#8220;0px|||&#8220; transparent_background=&#8220;off&#8220; make_fullwidth=&#8220;off&#8220; use_custom_width=&#8220;off&#8220; width_unit=&#8220;on&#8220; global_colors_info=&#8220;{}&#8220;][et_pb_row _builder_version=&#8220;4.19.2&#8243; _module_preset=&#8220;default&#8220; global_colors_info=&#8220;{}&#8220;][et_pb_column type=&#8220;4_4&#8243; _builder_version=&#8220;4.19.2&#8243; _module_preset=&#8220;default&#8220; global_colors_info=&#8220;{}&#8220;][et_pb_breadcrumbs _builder_version=&#8220;3.6&#8243; global_colors_info=&#8220;{}&#8220;][\/et_pb_breadcrumbs][et_pb_text _builder_version=&#8220;4.23.1&#8243; background_size=&#8220;initial&#8220; background_position=&#8220;top_left&#8220; background_repeat=&#8220;repeat&#8220; use_border_color=&#8220;off&#8220; global_colors_info=&#8220;{}&#8220;]<\/p>\n<h1>Hersteller von W\u00e4rmebehandlungsanlagen und -\u00f6fen<\/h1>\n<p>Bei SECO\/WARWICK gehen wir jedes Projekt individuell an: Kunden suchen oft nach L\u00f6sungen, die branchen- und sparten\u00fcbergreifende Zusammenarbeit erfordern. Wir pr\u00fcfen, was der Kunde wirklich braucht und suchen gemeinsam mit erfahrenen Fachleuten nach der geeigneten Technik.<\/p>\n<p><strong>Industrie: <\/strong>L\u00f6sungen f\u00fcr die Automobil-, Luftfahrt-, Energie-, Medizin- und R\u00fcstungsindustrie. Mit einem Wort: einfach f\u00fcr jede Industriebranche. Fachleute von SECO\/WARWICK arbeiten gerne zusammen, um die f\u00fcr Ihre Firma geeigneten L\u00f6sungen zu finden.<\/p>\n<p><strong>Einzigartige Merkmale:<\/strong> Energiesparende und umweltfreundliche Anlagen, Zugriff auf die von uns definierten Technologien und neuen L\u00f6sungen, moderne Steuerungs- und Datenverarbeitungssysteme, <a href=\"https:\/\/www.secowarwick.com\/de\/professionelle-service-dienstleistungen\/\" target=\"_blank\" rel=\"noopener\">professionelle Serviceleistungen<\/a> weltweit.<\/p>\n<p><strong>Technologie:<\/strong> F\u00fcr die besten Ergebnisse; als unser Partner haben Sie Zugriff auf Wissen, Erfahrung, <a href=\"https:\/\/www.secowarwick.com\/de\/produkte\/neueste-technologien\/\" target=\"_blank\" rel=\"noopener\">Technologie und Unterst\u00fctzung<\/a> von Fachleuten aus dem Engineering und der Wissenschaft, die immer nach neueren L\u00f6sungen suchen.<\/p>\n<p><strong>Bereiche: <\/strong>Standardm\u00e4\u00dfige und dedizierte L\u00f6sungen, Lieferungen von Anlagen samt Technologie und Zubeh\u00f6r, Montage und Inbetriebnahme, Kundenbetreuung und Service, technische und technologische Schulungen, <a href=\"https:\/\/www.secowarwick.com\/de\/rd\/\" target=\"_blank\" rel=\"noopener\">Versuche und Pr\u00fcfungen in\u00a0echten Bedingungen und im\u00a0Labor<\/a>, Auswertungen und Simulationen.<\/p>\n<p><strong>L\u00f6sungen von SECO\/WARWICK umfassen ebenfalls: <\/strong>\u00d6fen f\u00fcr Feuerwiderstandspr\u00fcfungen, <a href=\"https:\/\/www.secowarwick.com\/de\/produkte\/vakuum-anlagen\/\" target=\"_blank\" rel=\"noopener\">Vakuumanlagen,<\/a> W\u00e4rmebehandlungsanlagen,\u00a0Kammer f\u00fcr Pr\u00e4zisionspr\u00fcfungen, Systeme f\u00fcr thermische Verarbeitung, Fertigungslinien f\u00fcr Heizsysteme der Windschutzscheiben und deren Formung sowie weitere individuelle L\u00f6sungen auf Kundenwunsch, f\u00fcr Ihren Vorteil gegen\u00fcber Wettbewerbern.<\/p>\n<p>[\/et_pb_text][\/et_pb_column][\/et_pb_row][et_pb_row column_structure=&#8220;1_3,1_3,1_3&#8243; _builder_version=&#8220;4.16&#8243; background_size=&#8220;initial&#8220; background_position=&#8220;top_left&#8220; background_repeat=&#8220;repeat&#8220; global_colors_info=&#8220;{}&#8220;][et_pb_column type=&#8220;1_3&#8243; _builder_version=&#8220;4.16&#8243; custom_padding=&#8220;|||&#8220; global_colors_info=&#8220;{}&#8220; custom_padding__hover=&#8220;|||&#8220;][et_pb_blurb title=&#8220;Aluminium Prozesse&#8220; url=&#8220;\/de\/produkte\/aluminium-prozesse\/&#8220; image=&#8220;https:\/\/www.secowarwick.com\/wp-content\/uploads\/2023\/06\/VORTEX_Aluminum.jpg&#8220; alt=&#8220;Aluminium und CAB Prozesse&#8220; _builder_version=&#8220;4.23.1&#8243; header_font=&#8220;|on|||&#8220; header_font_size=&#8220;16&#8243; background_size=&#8220;initial&#8220; background_position=&#8220;top_left&#8220; background_repeat=&#8220;repeat&#8220; max_width_tablet=&#8220;50px&#8220; hover_enabled=&#8220;0&#8243; use_border_color=&#8220;off&#8220; global_colors_info=&#8220;{}&#8220; sticky_enabled=&#8220;0&#8243;]<a href=\"https:\/\/www.secowarwick.com\/de\/produkte\/aluminium-prozesse\/aluminium-gluehofen-fuer-coils-ausgestattet\/\" target=\"_blank\" rel=\"noopener\">VORTEX<\/a><br \/>\n<a href=\"https:\/\/www.secowarwick.com\/de\/produkte\/aluminium-prozesse\/vertiquench-drop-bottom-abschreckofen\/\" target=\"_blank\" rel=\"noopener\">VertiQuench<\/a><br \/>\n<a href=\"https:\/\/www.secowarwick.com\/de\/produkte\/aluminium-prozesse\/aluminium-gluehoefen\/\" target=\"_blank\" rel=\"noopener\">Gl\u00fchofen von Aluminium<\/a><br \/>\n<a href=\"https:\/\/www.secowarwick.com\/de\/produkte\/aluminium-prozesse\/schmelz-und-warmhalteoefen-fuer-aluminium\/\" target=\"_blank\" rel=\"noopener\">Schmelz- und Warmhalte\u00f6fen f\u00fcr Aluminium<\/a><br \/>\n<a href=\"https:\/\/www.secowarwick.com\/de\/produkte\/aluminium-prozesse\/loesungswaerme-behandlung-und-alterung\/\" target=\"_blank\" rel=\"noopener\">L\u00f6sungsgl\u00fchen und Altern von Aluminium<\/a><br \/>\n<a href=\"https:\/\/www.secowarwick.com\/de\/produkte\/aluminium-prozesse\/afterburner\/\" target=\"_blank\" rel=\"noopener\">Nachbrenner<\/a><br \/>\n<a href=\"https:\/\/www.secowarwick.com\/de\/produkte\/aluminium-prozesse\/aluminium-homogenisierungsoefen\/\" target=\"_blank\" rel=\"noopener\">Homogenisierungs\u00f6fen f\u00fcr Aluminiumteile<\/a><\/p>\n<p style=\"text-align: center;\"><a href='\/de\/produkte\/aluminium-prozesse\/' class='small-button smallred'><span>MEHR<\/span><\/a><\/p>\n<p>[\/et_pb_blurb][\/et_pb_column][et_pb_column type=&#8220;1_3&#8243; _builder_version=&#8220;4.16&#8243; custom_padding=&#8220;|||&#8220; global_colors_info=&#8220;{}&#8220; custom_padding__hover=&#8220;|||&#8220;][et_pb_blurb title=&#8220;CAB Prozesse&#8220; url=&#8220;https:\/\/www.secowarwick.com\/de\/produkte\/hartloeten-unter-kontrollierter-atmosphaere\/&#8220; image=&#8220;https:\/\/www.secowarwick.com\/wp-content\/uploads\/2023\/06\/CAB.jpg&#8220; alt=&#8220;UNIVERSAL CAB Batch ofen&#8220; _builder_version=&#8220;4.23.1&#8243; header_font=&#8220;|on|||&#8220; header_font_size=&#8220;16&#8243; background_size=&#8220;initial&#8220; background_position=&#8220;top_left&#8220; background_repeat=&#8220;repeat&#8220; max_width_tablet=&#8220;50px&#8220; hover_enabled=&#8220;0&#8243; use_border_color=&#8220;off&#8220; global_colors_info=&#8220;{}&#8220; sticky_enabled=&#8220;0&#8243;]<\/p>\n<p><a href=\"https:\/\/www.secowarwick.com\/de\/produkte\/hartloeten-unter-kontrollierter-atmosphaere\/cab-anlagen\/\">CAB-\u00d6fenanlagen<\/a><br \/><a href=\"https:\/\/www.secowarwick.com\/de\/produkte\/hartloeten-unter-kontrollierter-atmosphaere\/kontinuierliche-cab-anlagen\/\">EV\/CAB<\/a><br \/><a href=\"https:\/\/www.secowarwick.com\/de\/produkte\/hartloeten-unter-kontrollierter-atmosphaere\/halbkontinuierliche-cab-anlagen\/\">Halbkontinuierliche \u00d6fen zum Hartl\u00f6ten von Aluminium<\/a><br \/><a href=\"https:\/\/www.secowarwick.com\/de\/produkte\/hartloeten-unter-kontrollierter-atmosphaere\/cab-batch-anlagen\/\">Kammer\u00f6fen zum Hartl\u00f6ten von Aluminium<\/a><br \/><a href=\"https:\/\/www.secowarwick.com\/de\/produkte\/hartloeten-unter-kontrollierter-atmosphaere\/aftermarket-fur-cab-anlagen\/\">Aftermarkt f\u00fcr CAB-Anlagen<\/a><\/p>\n<p style=\"text-align: center;\"><a href='#' class='small-button smallred'><span>MEHR<\/span><\/a><\/p>\n<p>[\/et_pb_blurb][\/et_pb_column][et_pb_column type=&#8220;1_3&#8243; _builder_version=&#8220;4.16&#8243; custom_padding=&#8220;|||&#8220; global_colors_info=&#8220;{}&#8220; custom_padding__hover=&#8220;|||&#8220;][et_pb_blurb title=&#8220;Atmosph\u00e4rische W\u00e4rmebehandlung&#8220; url=&#8220;https:\/\/www.secowarwick.com\/de\/produkte\/schutzgasoefen-und-systeme-atm\/&#8220; image=&#8220;https:\/\/www.secowarwick.com\/wp-content\/uploads\/2023\/06\/Atmosphare-Heat-Treatment.jpg&#8220; alt=&#8220;Atmosph\u00e4rische W\u00e4rmebehandlung&#8220; _builder_version=&#8220;4.23.1&#8243; header_font=&#8220;|on|||&#8220; header_font_size=&#8220;16&#8243; background_size=&#8220;initial&#8220; background_position=&#8220;top_left&#8220; background_repeat=&#8220;repeat&#8220; max_width_tablet=&#8220;50px&#8220; use_border_color=&#8220;off&#8220; global_colors_info=&#8220;{}&#8220;]<\/p>\n<p><a href=\"https:\/\/www.secowarwick.com\/de\/produkte\/schutzgasoefen-und-systeme-atm\/feuerwiderstandspruefoefen\/\" target=\"_blank\" rel=\"noopener\">Laborofen f\u00fcr Feuerwiderstandspr\u00fcfung<\/a><br \/><a href=\"https:\/\/www.secowarwick.com\/de\/produkte\/schutzgasoefen-und-systeme-atm\/rollenherdatmosphaere-waermebehandlungsoefen\/\" target=\"_blank\" rel=\"noopener\">Rollenherd\u00f6fen zur W\u00e4rmebehandlung<\/a><br \/><a href=\"https:\/\/www.secowarwick.com\/de\/produkte\/schutzgasoefen-und-systeme-atm\/bandoefen-typ-mesh-belt-fuer-die-waermebehandlung-unter-kontrollierter-atmosphaere\/\" target=\"_blank\" rel=\"noopener\">Mesh Belt Bandofen<\/a><br \/><a href=\"https:\/\/www.secowarwick.com\/de\/produkte\/schutzgasoefen-und-systeme-atm\/drehretortenoefen\/\" target=\"_blank\" rel=\"noopener\">System von Retorten\u00f6fen<\/a><br \/><a href=\"https:\/\/www.secowarwick.com\/de\/produkte\/schutzgasoefen-und-systeme-atm\/zeroflow\/\">ZeroFlow<\/a><\/p>\n<p style=\"text-align: center;\"><a href='https:\/\/www.secowarwick.com\/de\/produkte\/schutzgasoefen-und-systeme-atm\/' class='small-button smallred'><span>MEHR<\/span><\/a><\/p>\n<p>[\/et_pb_blurb][\/et_pb_column][\/et_pb_row][et_pb_row column_structure=&#8220;1_3,1_3,1_3&#8243; _builder_version=&#8220;4.16&#8243; background_size=&#8220;initial&#8220; background_position=&#8220;top_left&#8220; background_repeat=&#8220;repeat&#8220; global_colors_info=&#8220;{}&#8220;][et_pb_column type=&#8220;1_3&#8243; _builder_version=&#8220;4.16&#8243; custom_padding=&#8220;|||&#8220; global_colors_info=&#8220;{}&#8220; custom_padding__hover=&#8220;|||&#8220;][et_pb_blurb title=&#8220;Vakuum-Anlagen&#8220; url=&#8220;https:\/\/www.secowarwick.com\/de\/produkte\/vakuum-anlagen\/&#8220; image=&#8220;https:\/\/www.secowarwick.com\/wp-content\/uploads\/2023\/06\/vacuum.jpg&#8220; alt=&#8220;Vakuum-Anlagen&#8220; _builder_version=&#8220;4.23.1&#8243; header_font=&#8220;|on|||&#8220; header_font_size=&#8220;16&#8243; background_size=&#8220;initial&#8220; background_position=&#8220;top_left&#8220; background_repeat=&#8220;repeat&#8220; max_width_tablet=&#8220;50px&#8220; use_border_color=&#8220;off&#8220; global_colors_info=&#8220;{}&#8220;]<\/p>\n<p><a href=\"https:\/\/www.secowarwick.com\/de\/einkammer-vakuumofen\/\">VECTOR<\/a><a href=\"https:\/\/www.secowarwick.com\/de\/produkte\/vakuum-anlagen\/pit-lpc-vakuumgrubenofen-zum-aufkohlen-dicker-schichten-fuer-grosse-details\/\" target=\"_blank\" rel=\"noopener\"><br \/><\/a><a href=\"https:\/\/www.secowarwick.com\/de\/produkte\/vakuum-anlagen\/vakuumoefen-fuer-lpc\/\">CaseMaster Evolution<\/a><a href=\"https:\/\/www.secowarwick.com\/de\/produkte\/vakuum-anlagen\/pit-lpc-vakuumgrubenofen-zum-aufkohlen-dicker-schichten-fuer-grosse-details\/\" target=\"_blank\" rel=\"noopener\"><br \/><\/a><a href=\"https:\/\/www.secowarwick.com\/de\/produkte\/vakuum-anlagen\/single-piece-flow-vakuum-systeme\/\">UniCase Master<\/a><a href=\"https:\/\/www.secowarwick.com\/de\/produkte\/vakuum-anlagen\/pit-lpc-vakuumgrubenofen-zum-aufkohlen-dicker-schichten-fuer-grosse-details\/\" target=\"_blank\" rel=\"noopener\"><br \/><\/a><a href=\"https:\/\/www.secowarwick.com\/de\/produkte\/schutzgasoefen-und-systeme-atm\/zeroflow\/\">ZeroFlow<\/a><a href=\"https:\/\/www.secowarwick.com\/de\/produkte\/vakuum-anlagen\/pit-lpc-vakuumgrubenofen-zum-aufkohlen-dicker-schichten-fuer-grosse-details\/\" target=\"_blank\" rel=\"noopener\"><br \/><\/a><a href=\"https:\/\/www.secowarwick.com\/de\/produkte\/vakuum-anlagen\/pit-lpc-vakuumgrubenofen-zum-aufkohlen-dicker-schichten-fuer-grosse-details\/\">Pit-LPC<\/a><a href=\"https:\/\/www.secowarwick.com\/de\/produkte\/vakuum-anlagen\/pit-lpc-vakuumgrubenofen-zum-aufkohlen-dicker-schichten-fuer-grosse-details\/\" target=\"_blank\" rel=\"noopener\"><br \/><\/a><a href=\"https:\/\/www.secowarwick.com\/de\/produkte\/vakuum-anlagen\/vab-technologie\/\">VAB-Technologie<\/a><a href=\"https:\/\/www.secowarwick.com\/de\/produkte\/vakuum-anlagen\/pit-lpc-vakuumgrubenofen-zum-aufkohlen-dicker-schichten-fuer-grosse-details\/\" target=\"_blank\" rel=\"noopener\"><br \/><\/a><a href=\"https:\/\/www.secowarwick.com\/de\/produkte\/vakuum-anlagen\/reinigung-von-graphit-materialien\/\">CVI, CVD <span data-contrast=\"none\">-\u00d6fen und Gasreinigungs\u00f6fen<\/span><\/a>\u00a0<a href=\"https:\/\/www.secowarwick.com\/de\/produkte\/vakuum-anlagen\/pit-lpc-vakuumgrubenofen-zum-aufkohlen-dicker-schichten-fuer-grosse-details\/\" target=\"_blank\" rel=\"noopener\"><br \/><\/a><a href=\"https:\/\/www.secowarwick.com\/de\/massgeschneiderte-designoefen\/\">Kundenspezifische <span data-contrast=\"none\">\u00d6<\/span>fen<\/a><\/p>\n<p style=\"text-align: center;\"><a href='https:\/\/www.secowarwick.com\/de\/produkte\/vakuum-anlagen\/' class='small-button smallred'><span>MEHR<\/span><\/a><\/p>\n<p>[\/et_pb_blurb][\/et_pb_column][et_pb_column type=&#8220;1_3&#8243; _builder_version=&#8220;4.16&#8243; custom_padding=&#8220;|||&#8220; global_colors_info=&#8220;{}&#8220; custom_padding__hover=&#8220;|||&#8220;][et_pb_blurb title=&#8220;Vakuum-Metallurgie&#8220; url=&#8220;\/de\/produkte\/retech-vakuummetallurgie-anlagen-vme\/&#8220; image=&#8220;https:\/\/www.secowarwick.com\/wp-content\/uploads\/2023\/06\/vacuum-metallurgy.jpg&#8220; alt=&#8220;VAKUUM-SCHMELZ\u00d6FENANLAGEN&#8220; module_class=&#8220;tytul&#8220; _builder_version=&#8220;4.23.1&#8243; header_font=&#8220;|on|||&#8220; header_font_size=&#8220;16&#8243; background_size=&#8220;initial&#8220; background_position=&#8220;top_left&#8220; background_repeat=&#8220;repeat&#8220; max_width_tablet=&#8220;50px&#8220; custom_css_blurb_title=&#8220;min-height: 50px;&#8220; use_border_color=&#8220;off&#8220; global_colors_info=&#8220;{}&#8220;]<\/p>\n<p><a href=\"https:\/\/www.secowarwick.com\/de\/vim-jet-caster\/\">JetCaster<\/a><br \/><a href=\"https:\/\/www.retechsystemsllc.com\/products\/vacuum-induction-melting-vim\">Vacuum-Induktionssmelzen<\/a><br \/><a href=\"https:\/\/www.retechsystemsllc.com\/products\/vacuum-arc-remelt-var\">Vakuum-Lichtbogen-Umschmelzen<\/a><br \/><a href=\"https:\/\/www.retechsystemsllc.com\/products\/electron-beam-melting-eb\">Elektronenstrahlschmelzen<\/a><br \/><a href=\"https:\/\/www.retechsystemsllc.com\/products\/plasma-arc-melting-pam\">Plasmalichtbogen-Schmelzen<\/a><\/p>\n<p style=\"text-align: center;\"><a href='\/de\/produkte\/retech-vakuummetallurgie-anlagen-vme\/' class='small-button smallred'><span>MEHR<\/span><\/a><\/p>\n<p>[\/et_pb_blurb][\/et_pb_column][et_pb_column type=&#8220;1_3&#8243; _builder_version=&#8220;4.16&#8243; custom_padding=&#8220;|||&#8220; global_colors_info=&#8220;{}&#8220; custom_padding__hover=&#8220;|||&#8220;][et_pb_blurb title=&#8220;Gebraucht\u00f6fen und gebrauchte anlagen zur w\u00e4rmebehandlung&#8220; url=&#8220;\/de\/gebrauchtoefen-und-gebrauchte-anlage\/&#8220; image=&#8220;https:\/\/www.secowarwick.com\/wp-content\/uploads\/2023\/03\/320_320.jpg&#8220; alt=&#8220;Gebraucht\u00f6fen und gebrauchte anlagen&#8220; _builder_version=&#8220;4.23.1&#8243; header_font=&#8220;|on|||&#8220; header_font_size=&#8220;16&#8243; background_size=&#8220;initial&#8220; background_position=&#8220;top_left&#8220; background_repeat=&#8220;repeat&#8220; max_width_tablet=&#8220;50px&#8220; custom_css_blurb_title=&#8220;min-height: 50px;&#8220; use_border_color=&#8220;off&#8220; global_colors_info=&#8220;{}&#8220;]<\/p>\n<p style=\"text-align: left;\">Ein Industrieofen aus zweiter Hand ist eine ausgezeichnete L\u00f6sung f\u00fcr diejenigen, die nach sofort verf\u00fcgbaren Ger\u00e4te suchen. Das ist auch eine Gelegenheit f\u00fcr diejenigen, die kosteng\u00fcnstige L\u00f6sung genie\u00dfen m\u00f6chten.<\/p>\n<p style=\"text-align: center;\"><a href='\/de\/gebrauchtoefen-und-gebrauchte-anlagen\/' class='small-button smallred'><span>MEHR<\/span><\/a><\/p>\n<p>[\/et_pb_blurb][\/et_pb_column][\/et_pb_row][\/et_pb_section]<\/p>\n","protected":false},"excerpt":{"rendered":"<p>\/Produkte[et_pb_breadcrumbs _builder_version=&#8220;3.6&#8243; global_colors_info=&#8220;{}&#8220;][\/et_pb_breadcrumbs]Hersteller von W\u00e4rmebehandlungsanlagen und -\u00f6fen Bei SECO\/WARWICK gehen wir jedes Projekt individuell an: Kunden suchen oft nach L\u00f6sungen, die branchen- und sparten\u00fcbergreifende Zusammenarbeit erfordern. Wir pr\u00fcfen, was der Kunde wirklich braucht und suchen gemeinsam mit erfahrenen Fachleuten nach der geeigneten Technik. Industrie: L\u00f6sungen f\u00fcr die Automobil-, Luftfahrt-, Energie-, Medizin- und R\u00fcstungsindustrie. Mit einem [&hellip;]<\/p>\n","protected":false},"author":9,"featured_media":0,"parent":0,"menu_order":0,"comment_status":"closed","ping_status":"closed","template":"","meta":{"_acf_changed":false,"_et_pb_use_builder":"on","_et_pb_old_content":"","_et_gb_content_width":"","footnotes":""},"class_list":["post-7106","page","type-page","status-publish"],"acf":[],"_links":{"self":[{"href":"https:\/\/www.secowarwick.com\/de\/wp-json\/wp\/v2\/pages\/7106","targetHints":{"allow":["GET"]}}],"collection":[{"href":"https:\/\/www.secowarwick.com\/de\/wp-json\/wp\/v2\/pages"}],"about":[{"href":"https:\/\/www.secowarwick.com\/de\/wp-json\/wp\/v2\/types\/page"}],"author":[{"embeddable":true,"href":"https:\/\/www.secowarwick.com\/de\/wp-json\/wp\/v2\/users\/9"}],"replies":[{"embeddable":true,"href":"https:\/\/www.secowarwick.com\/de\/wp-json\/wp\/v2\/comments?post=7106"}],"version-history":[{"count":19,"href":"https:\/\/www.secowarwick.com\/de\/wp-json\/wp\/v2\/pages\/7106\/revisions"}],"predecessor-version":[{"id":182894,"href":"https:\/\/www.secowarwick.com\/de\/wp-json\/wp\/v2\/pages\/7106\/revisions\/182894"}],"wp:attachment":[{"href":"https:\/\/www.secowarwick.com\/de\/wp-json\/wp\/v2\/media?parent=7106"}],"curies":[{"name":"wp","href":"https:\/\/api.w.org\/{rel}","templated":true}]}}