{"id":7137,"date":"2016-10-09T14:32:12","date_gmt":"2016-10-09T12:32:12","guid":{"rendered":"http:\/\/www.secowarwick.com\/de\/produkte\/atmosphere-heat-treatment-furnace-systems\/"},"modified":"2026-03-09T13:57:55","modified_gmt":"2026-03-09T12:57:55","slug":"schutzgasoefen-und-systeme-atm","status":"publish","type":"page","link":"https:\/\/www.secowarwick.com\/de\/produkte\/schutzgasoefen-und-systeme-atm\/","title":{"rendered":"Atmosphere\u00f6fen zur W\u00e4rmebehandlung von Metallen"},"content":{"rendered":"<p>[et_pb_section fb_built=&#8220;1&#8243; _builder_version=&#8220;4.16&#8243; global_colors_info=&#8220;{}&#8220;][et_pb_row _builder_version=&#8220;4.16&#8243; background_size=&#8220;initial&#8220; background_position=&#8220;top_left&#8220; background_repeat=&#8220;repeat&#8220; global_colors_info=&#8220;{}&#8220;][et_pb_column type=&#8220;4_4&#8243; _builder_version=&#8220;4.16&#8243; custom_padding=&#8220;|||&#8220; global_colors_info=&#8220;{}&#8220; custom_padding__hover=&#8220;|||&#8220;][et_pb_image src=&#8220;https:\/\/www.secowarwick.com\/wp-content\/uploads\/2019\/12\/Roller-Hearth-slider.jpg&#8220; alt=&#8220;Rollenherd\u00f6fen zur W\u00e4rmebehandlung in\u00a0Atmosph\u00e4re&#8220; title_text=&#8220;Rollenherd\u00f6fen zur W\u00e4rmebehandlung in\u00a0Atmosph\u00e4re&#8220; align_tablet=&#8220;center&#8220; align_phone=&#8220;&#8220; align_last_edited=&#8220;on|desktop&#8220; _builder_version=&#8220;4.19.2&#8243; global_colors_info=&#8220;{}&#8220;][\/et_pb_image][\/et_pb_column][\/et_pb_row][et_pb_row _builder_version=&#8220;4.16&#8243; background_size=&#8220;initial&#8220; background_position=&#8220;top_left&#8220; background_repeat=&#8220;repeat&#8220; global_colors_info=&#8220;{}&#8220;][et_pb_column type=&#8220;4_4&#8243; _builder_version=&#8220;4.16&#8243; custom_padding=&#8220;|||&#8220; global_colors_info=&#8220;{}&#8220; custom_padding__hover=&#8220;|||&#8220;][et_pb_breadcrumbs _builder_version=&#8220;4.10.3&#8243; _module_preset=&#8220;default&#8220; global_colors_info=&#8220;{}&#8220;][\/et_pb_breadcrumbs][et_pb_text module_class=&#8220;podtytuly&#8220; _builder_version=&#8220;4.16&#8243; global_colors_info=&#8220;{}&#8220;]<\/p>\n<h1 class=\"entry-title main_title\">Atmosphere\u00f6fen zur W\u00e4rmebehandlung von Metallen<\/h1>\n<p>&nbsp;<\/p>\n<h2>Technologien und Anlagen zur W\u00e4rmebehandlung in&nbsp;Atmosph\u00e4re<\/h2>\n<p>&nbsp;<\/p>\n<p>Bei der Herstellung unserer <strong>Atmosph\u00e4ren W\u00e4rmebehandlungsl\u00f6sungen<\/strong> wenden wir unsere gro\u00dfe Erfahrung sowie modernste Technologien an, um Installationen zu vereinfachen, Investitionskosten zu senken und den Betriebsmittelverbrauch zu reduzieren.<\/p>\n<p>&nbsp;<\/p>\n<p>[\/et_pb_text][et_pb_seco_products product_2_title=&#8220;Laborofen f\u00fcr Feuerwiderstandspr\u00fcfung&#8220; product_2_src=&#8220;https:\/\/www.secowarwick.com\/wp-content\/uploads\/2019\/06\/ATM_Fire-Resistance.jpg&#8220; product_2_alt=&#8220;Laborofen f\u00fcr Feuerwiderstandspr\u00fcfung&#8220; product_2_button=&#8220;Mehr&#8220; product_2_url=&#8220;https:\/\/www.secowarwick.com\/de\/produkte\/schutzgasoefen-und-systeme-atm\/feuerwiderstandspruefoefen\/&#8220; product_4_title=&#8220;Rollenherd\u00f6fen zur W\u00e4rmebehandlung in\u00a0Atmosph\u00e4re&#8220; product_4_src=&#8220;https:\/\/www.secowarwick.com\/wp-content\/uploads\/2018\/12\/Roller-Hearth.jpg&#8220; product_4_alt=&#8220;Rollenherd\u00f6fen zur W\u00e4rmebehandlung in\u00a0Atmosph\u00e4re&#8220; product_4_button=&#8220;Mehr&#8220; product_4_url=&#8220;https:\/\/www.secowarwick.com\/de\/produkte\/schutzgasoefen-und-systeme-atm\/rollenherdatmosphaere-waermebehandlungsoefen\/&#8220; product_5_title=&#8220;Mesh Belt Band\u00f6fen&#8220; product_5_src=&#8220;https:\/\/www.secowarwick.com\/wp-content\/uploads\/2018\/11\/pdf-atm3.jpg&#8220; product_5_alt=&#8220;Mesh Belt Band\u00f6fen&#8220; product_5_button=&#8220;Mehr&#8220; product_5_url=&#8220;https:\/\/www.secowarwick.com\/de\/produkte\/schutzgasoefen-und-systeme-atm\/bandoefen-typ-mesh-belt-fuer-die-waermebehandlung-unter-kontrollierter-atmosphaere\/&#8220; product_6_title=&#8220;Atmosphere\u00f6fen mit Drehretorte&#8220; product_6_src=&#8220;https:\/\/www.secowarwick.com\/wp-content\/uploads\/2019\/12\/rotary-retort.jpg&#8220; product_6_alt=&#8220;Atmosphere\u00f6fen mit Drehretorte&#8220; product_6_button=&#8220;Mehr&#8220; product_6_url=&#8220;https:\/\/www.secowarwick.com\/de\/produkte\/schutzgasoefen-und-systeme-atm\/drehretortenoefen\/&#8220; product_7_title=&#8220;\u00d6fen zum Nitrieren und Nitrocarburieren (FNC)&#8220; product_7_src=&#8220;https:\/\/www.secowarwick.com\/wp-content\/uploads\/2018\/10\/Atmosphere-Heat-Treatment-Furnace-Systems.png&#8220; product_7_alt=&#8220;\u00d6fen zum Nitrieren und Nitrocarburieren (FNC)&#8220; product_7_button=&#8220;Mehr&#8220; product_7_url=&#8220;https:\/\/www.secowarwick.com\/de\/produkte\/schutzgasoefen-und-systeme-atm\/zeroflow\/&#8220; module_id=&#8220;secoalutest&#8220; module_class=&#8220;disable-animation max800&#8243; _builder_version=&#8220;4.23.1&#8243; hover_enabled=&#8220;0&#8243; global_colors_info=&#8220;{}&#8220; sticky_enabled=&#8220;0&#8243;][\/et_pb_seco_products][\/et_pb_column][\/et_pb_row][et_pb_row column_structure=&#8220;1_2,1_2&#8243; _builder_version=&#8220;4.16&#8243; background_color=&#8220;#ffffff&#8220; global_colors_info=&#8220;{}&#8220;][et_pb_column type=&#8220;1_2&#8243; _builder_version=&#8220;4.16&#8243; background_color=&#8220;#ffffff&#8220; custom_padding=&#8220;|||&#8220; global_colors_info=&#8220;{}&#8220; custom_padding__hover=&#8220;|||&#8220;][et_pb_text _builder_version=&#8220;4.23.1&#8243; global_colors_info=&#8220;{}&#8220;]<\/p>\n<p><strong><span style=\"color: #e30f00;\">\/\u00a0<\/span><\/strong><strong>Technologien<\/strong>:<br \/>Karbonitrieren, Aufkohlen, H\u00e4rten, Anlassen, Gl\u00fchen, Vorw\u00e4rmen, L\u00f6ten.<br \/>Industrie: Maschinenbau, Automobil, Luftfahrt, Energie, Lager, Werkzeuge.<\/p>\n<p><strong><span style=\"color: #e30f00;\">\/\u00a0<\/span>Industrien:<br \/><\/strong>Luft- und Raumfahrt, Automobilindustrie, Stangen, Lager, gewerbliche W\u00e4rmebehandlung, Verteidigung, Elektrobleche, Energie, Extrusionswerkzeuge, Maschinen, S\u00e4gen und Bl\u00e4tter, Federn, Stahlspulen, Titan, Getriebe und Rohre<\/p>\n<p><strong><span style=\"color: #e30f00;\">\/\u00a0<\/span>Prodkte:<br \/><\/strong><a href=\"https:\/\/www.secowarwick.com\/de\/produkte\/schutzgasoefen-und-systeme-atm\/bandoefen-typ-mesh-belt-fuer-die-waermebehandlung-unter-kontrollierter-atmosphaere\/\">MeshBelt<\/a>, <a title=\"roller furnace\" href=\"https:\/\/www.secowarwick.com\/de\/produkte\/schutzgasoefen-und-systeme-atm\/rollenherdoefen\/\" target=\"_blank\" rel=\"noopener\">Roller Hearth<\/a>, <a href=\"https:\/\/www.secowarwick.com\/de\/produkte\/schutzgasoefen-und-systeme-atm\/feuerwiderstandspruefoefen\/\" target=\"_blank\" rel=\"noopener\">Fire Resistance<\/a>, <a href=\"https:\/\/www.secowarwick.com\/de\/produkte\/schutzgasoefen-und-systeme-atm\/drehretortenoefen\/\">Rotary Retort<\/a><\/p>\n<p><strong><span style=\"color: #e30f00;\">\/\u00a0<\/span>Besondere Eigenschaften<\/strong>:<br \/>umweltfreundliche Anlagen, gro\u00dfe Erfahrung in&nbsp;der Herstellung von verschiedensten Ofenanlagen, Sonderanlagen angefertigt nach Kundenwunsch. Wir f\u00fchlen uns f\u00fcr Technik, Logistik, Installation, Service und Schulung der Betreiber verantwortlich.<\/p>\n<p>[\/et_pb_text][\/et_pb_column][et_pb_column type=&#8220;1_2&#8243; _builder_version=&#8220;4.16&#8243; custom_padding=&#8220;|||&#8220; global_colors_info=&#8220;{}&#8220; custom_padding__hover=&#8220;|||&#8220;][et_pb_text _builder_version=&#8220;4.16&#8243; border_color_all=&#8220;#ffffff&#8220; global_colors_info=&#8220;{}&#8220;]<strong><span style=\"color: #e30f00;\">\/\u00a0<\/span><\/strong><strong>Betriebsbedingungen:<\/strong><br \/>\nunsere Atmosph\u00e4ranlagen arbeiten unter Luft, Inertgasen (Stickstoff, Argon, Wasserstoff), aktive Atmosph\u00e4ren zum Aufkohlen, Nitrieren und anderen aktiven Diffusionsatmosph\u00e4ren, bei Hochtemperatursystemen bis 1300 \u00b0 C, Feinvakuum in&nbsp;Retorten\u00f6fen bis 10- 2 mbar.<br \/>\n<strong><br \/>\n<span style=\"color: #e30f00;\">\/\u00a0<\/span>Anwendung:<\/strong><br \/>\nUnsere L\u00f6sungen werden in&nbsp;einer Vielzahl von W\u00e4rmebehandlungsverfahren eingesetzt, z.B.: Normalisieren, Entspannen, Gl\u00fchen, Sph\u00e4roidisierung, Austenitisierung, Verg\u00fcten, S\u00e4ttigen.<\/p>\n<p><strong><span style=\"color: #e30f00;\">\/\u00a0<\/span>Portfolio:<\/strong><br \/>\nEin- und Mehrkammer\u00f6fen. \u00d6fen: Tief-, Blister-, Band-, Rollen-, Glocken-. Atmosph\u00e4rische Generatoren: endotherme (Endogas \u2122) und exotherme (Exogas \u2122), Atmosph\u00e4renregelung und Regeleinrichtungen.[\/et_pb_text][\/et_pb_column][\/et_pb_row][et_pb_row disabled_on=&#8220;on|on|on&#8220; _builder_version=&#8220;4.16&#8243; background_size=&#8220;initial&#8220; background_position=&#8220;top_left&#8220; background_repeat=&#8220;repeat&#8220; disabled=&#8220;on&#8220; global_colors_info=&#8220;{}&#8220;][et_pb_column type=&#8220;4_4&#8243; _builder_version=&#8220;4.16&#8243; custom_padding=&#8220;|||&#8220; global_colors_info=&#8220;{}&#8220; custom_padding__hover=&#8220;|||&#8220;][et_pb_text _builder_version=&#8220;4.16&#8243; global_colors_info=&#8220;{}&#8220;]<span style=\"font-size: 24pt;\">Produktmaterialien<\/span>[\/et_pb_text][\/et_pb_column][\/et_pb_row][et_pb_row column_structure=&#8220;1_2,1_2&#8243; disabled_on=&#8220;on|on|on&#8220; _builder_version=&#8220;4.16&#8243; background_color=&#8220;#ffffff&#8220; disabled=&#8220;on&#8220; global_colors_info=&#8220;{}&#8220;][et_pb_column type=&#8220;1_2&#8243; _builder_version=&#8220;4.16&#8243; background_color=&#8220;#ffffff&#8220; custom_padding=&#8220;|||&#8220; global_colors_info=&#8220;{}&#8220; custom_padding__hover=&#8220;|||&#8220;][et_pb_selected_documents _builder_version=&#8220;4.10.3&#8243; global_colors_info=&#8220;{}&#8220;][et_pb_document post_id=&#8220;123830&#8243; title=&#8220;Fire Resistance Test Furnace &#8211; brochure&#8220; _builder_version=&#8220;4.10.3&#8243; _module_preset=&#8220;default&#8220; global_colors_info=&#8220;{}&#8220;][\/et_pb_document][\/et_pb_selected_documents][\/et_pb_column][et_pb_column type=&#8220;1_2&#8243; _builder_version=&#8220;4.16&#8243; custom_padding=&#8220;|||&#8220; global_colors_info=&#8220;{}&#8220; custom_padding__hover=&#8220;|||&#8220;][et_pb_selected_documents _builder_version=&#8220;4.10.3&#8243; global_colors_info=&#8220;{}&#8220;][et_pb_document post_id=&#8220;123842&#8243; title=&#8220;Mesh Belt Conveyor &#8211; brochure&#8220; _builder_version=&#8220;4.10.3&#8243; _module_preset=&#8220;default&#8220; global_colors_info=&#8220;{}&#8220;][\/et_pb_document][\/et_pb_selected_documents][\/et_pb_column][\/et_pb_row][et_pb_row _builder_version=&#8220;4.16&#8243; background_size=&#8220;initial&#8220; background_position=&#8220;top_left&#8220; background_repeat=&#8220;repeat&#8220; global_colors_info=&#8220;{}&#8220;][et_pb_column type=&#8220;4_4&#8243; _builder_version=&#8220;4.16&#8243; custom_padding=&#8220;|||&#8220; global_colors_info=&#8220;{}&#8220; custom_padding__hover=&#8220;|||&#8220;][et_pb_code admin_label=&#8220;crm-rfq-de&#8220; _builder_version=&#8220;4.10.3&#8243; _module_preset=&#8220;default&#8220; global_module=&#8220;123766&#8243; global_colors_info=&#8220;{}&#8220;]<!-- [et_pb_line_break_holder] --><pee style=\"text-align: center;\"><a class=\"small-button smallred\" style=\"font-size: 20px; padding: 20px 60px;\" href=\"https:\/\/www.secowarwick.com\/de\/fordern-sie-hier-ihr-angebot-an\/\"><span style=\"display: block; transform: skew(15deg,0deg); -webkit-transform: skew(15deg,0deg); font-size: 20px; !important\">UM EIN ANGEBOT BITTEN<\/span><\/a><\/pee>[\/et_pb_code][\/et_pb_column][\/et_pb_row][\/et_pb_section]<\/p>\n","protected":false},"excerpt":{"rendered":"<p>[et_pb_breadcrumbs _builder_version=&#8220;4.10.3&#8243; _module_preset=&#8220;default&#8220; global_colors_info=&#8220;{}&#8220;][\/et_pb_breadcrumbs]Atmosphere\u00f6fen zur W\u00e4rmebehandlung von Metallen &nbsp; Technologien und Anlagen zur W\u00e4rmebehandlung in&nbsp;Atmosph\u00e4re &nbsp; Bei der Herstellung unserer Atmosph\u00e4ren W\u00e4rmebehandlungsl\u00f6sungen wenden wir unsere gro\u00dfe Erfahrung sowie modernste Technologien an, um Installationen zu vereinfachen, Investitionskosten zu senken und den Betriebsmittelverbrauch zu reduzieren. &nbsp;[et_pb_seco_products product_2_title=&#8220;Laborofen f\u00fcr Feuerwiderstandspr\u00fcfung&#8220; product_2_src=&#8220;https:\/\/www.secowarwick.com\/wp-content\/uploads\/2019\/06\/ATM_Fire-Resistance.jpg&#8220; product_2_alt=&#8220;Laborofen f\u00fcr Feuerwiderstandspr\u00fcfung&#8220; product_2_button=&#8220;Mehr&#8220; product_2_url=&#8220;https:\/\/www.secowarwick.com\/de\/produkte\/schutzgasoefen-und-systeme-atm\/feuerwiderstandspruefoefen\/&#8220; product_4_title=&#8220;Rollenherd\u00f6fen zur [&hellip;]<\/p>\n","protected":false},"author":9,"featured_media":73577,"parent":7106,"menu_order":0,"comment_status":"closed","ping_status":"closed","template":"","meta":{"_acf_changed":false,"_et_pb_use_builder":"on","_et_pb_old_content":"","_et_gb_content_width":"","footnotes":""},"class_list":["post-7137","page","type-page","status-publish","has-post-thumbnail"],"acf":[],"_links":{"self":[{"href":"https:\/\/www.secowarwick.com\/de\/wp-json\/wp\/v2\/pages\/7137","targetHints":{"allow":["GET"]}}],"collection":[{"href":"https:\/\/www.secowarwick.com\/de\/wp-json\/wp\/v2\/pages"}],"about":[{"href":"https:\/\/www.secowarwick.com\/de\/wp-json\/wp\/v2\/types\/page"}],"author":[{"embeddable":true,"href":"https:\/\/www.secowarwick.com\/de\/wp-json\/wp\/v2\/users\/9"}],"replies":[{"embeddable":true,"href":"https:\/\/www.secowarwick.com\/de\/wp-json\/wp\/v2\/comments?post=7137"}],"version-history":[{"count":15,"href":"https:\/\/www.secowarwick.com\/de\/wp-json\/wp\/v2\/pages\/7137\/revisions"}],"predecessor-version":[{"id":190303,"href":"https:\/\/www.secowarwick.com\/de\/wp-json\/wp\/v2\/pages\/7137\/revisions\/190303"}],"up":[{"embeddable":true,"href":"https:\/\/www.secowarwick.com\/de\/wp-json\/wp\/v2\/pages\/7106"}],"wp:featuredmedia":[{"embeddable":true,"href":"https:\/\/www.secowarwick.com\/de\/wp-json\/wp\/v2\/media\/73577"}],"wp:attachment":[{"href":"https:\/\/www.secowarwick.com\/de\/wp-json\/wp\/v2\/media?parent=7137"}],"curies":[{"name":"wp","href":"https:\/\/api.w.org\/{rel}","templated":true}]}}