{"id":7160,"date":"2016-10-09T14:34:08","date_gmt":"2016-10-09T12:34:08","guid":{"rendered":"http:\/\/www.secowarwick.com\/de\/produkte\/cab-controlled-atmosphere-brazing-furnaces\/"},"modified":"2023-02-28T11:12:13","modified_gmt":"2023-02-28T10:12:13","slug":"loeten-in-kontrollierten-atmosphaeren-cab","status":"publish","type":"page","link":"https:\/\/www.secowarwick.com\/de\/produkte\/loeten-in-kontrollierten-atmosphaeren-cab\/","title":{"rendered":"L\u00f6ten in kontrollierten Atmosph\u00e4ren (CAB)"},"content":{"rendered":"<p>[et_pb_section fb_built=&#8220;1&#8243; custom_padding_last_edited=&#8220;on|desktop&#8220; _builder_version=&#8220;4.16&#8243; background_color=&#8220;rgba(255,255,255,0)&#8220; custom_padding=&#8220;0px||5px|&#8220; custom_padding_tablet=&#8220;50px|0|50px|0&#8243; custom_padding_phone=&#8220;&#8220; transparent_background=&#8220;on&#8220; padding_mobile=&#8220;off&#8220; make_fullwidth=&#8220;off&#8220; use_custom_width=&#8220;off&#8220; width_unit=&#8220;on&#8220; custom_width_px=&#8220;1080px&#8220; custom_width_percent=&#8220;80%&#8220; global_colors_info=&#8220;{}&#8220;][et_pb_row padding_mobile=&#8220;off&#8220; column_padding_mobile=&#8220;on&#8220; _builder_version=&#8220;4.16&#8243; background_size=&#8220;initial&#8220; background_position=&#8220;top_left&#8220; background_repeat=&#8220;repeat&#8220; custom_margin=&#8220;||0px|&#8220; custom_padding=&#8220;0px||5px|&#8220; make_fullwidth=&#8220;off&#8220; use_custom_width=&#8220;off&#8220; width_unit=&#8220;on&#8220; custom_width_px=&#8220;1080px&#8220; custom_width_percent=&#8220;80%&#8220; global_colors_info=&#8220;{}&#8220;][et_pb_column type=&#8220;4_4&#8243; _builder_version=&#8220;4.16&#8243; custom_padding=&#8220;|||&#8220; global_colors_info=&#8220;{}&#8220; custom_padding__hover=&#8220;|||&#8220;][et_pb_slider _builder_version=&#8220;4.16&#8243; button_on_hover=&#8220;off&#8220; custom_padding=&#8220;|||&#8220; custom_padding_tablet=&#8220;|||&#8220; custom_padding_phone=&#8220;|||&#8220; auto=&#8220;on&#8220; auto_speed=&#8220;4500&#8243; remove_inner_shadow=&#8220;on&#8220; hide_content_on_mobile=&#8220;off&#8220; hide_cta_on_mobile=&#8220;off&#8220; show_inner_shadow=&#8220;off&#8220; button_letter_spacing_hover=&#8220;0&#8243; global_colors_info=&#8220;{}&#8220; button_text_size__hover_enabled=&#8220;off&#8220; button_one_text_size__hover_enabled=&#8220;off&#8220; button_two_text_size__hover_enabled=&#8220;off&#8220; button_text_color__hover_enabled=&#8220;off&#8220; button_one_text_color__hover_enabled=&#8220;off&#8220; button_two_text_color__hover_enabled=&#8220;off&#8220; button_border_width__hover_enabled=&#8220;off&#8220; button_one_border_width__hover_enabled=&#8220;off&#8220; button_two_border_width__hover_enabled=&#8220;off&#8220; button_border_color__hover_enabled=&#8220;off&#8220; button_one_border_color__hover_enabled=&#8220;off&#8220; button_two_border_color__hover_enabled=&#8220;off&#8220; button_border_radius__hover_enabled=&#8220;off&#8220; button_one_border_radius__hover_enabled=&#8220;off&#8220; button_two_border_radius__hover_enabled=&#8220;off&#8220; button_letter_spacing__hover_enabled=&#8220;on&#8220; button_letter_spacing__hover=&#8220;0&#8243; button_one_letter_spacing__hover_enabled=&#8220;off&#8220; button_two_letter_spacing__hover_enabled=&#8220;off&#8220; button_bg_color__hover_enabled=&#8220;off&#8220; button_one_bg_color__hover_enabled=&#8220;off&#8220; button_two_bg_color__hover_enabled=&#8220;off&#8220;][et_pb_slide use_bg_overlay=&#8220;off&#8220; use_text_overlay=&#8220;off&#8220; _builder_version=&#8220;4.16&#8243; header_font=&#8220;||||&#8220; body_font=&#8220;||||&#8220; background_color=&#8220;#ffffff&#8220; background_image=&#8220;https:\/\/www.secowarwick.com\/wp-content\/uploads\/2016\/10\/Controlled-Atmosphere-Brazing-CAB-Batch.png&#8220; button_icon_placement=&#8220;right&#8220; button_on_hover=&#8220;on&#8220; global_colors_info=&#8220;{}&#8220; sticky_transition=&#8220;on&#8220; button_text_size__hover_enabled=&#8220;off&#8220; button_one_text_size__hover_enabled=&#8220;off&#8220; button_two_text_size__hover_enabled=&#8220;off&#8220; button_text_color__hover_enabled=&#8220;off&#8220; button_one_text_color__hover_enabled=&#8220;off&#8220; button_two_text_color__hover_enabled=&#8220;off&#8220; button_border_width__hover_enabled=&#8220;off&#8220; button_one_border_width__hover_enabled=&#8220;off&#8220; button_two_border_width__hover_enabled=&#8220;off&#8220; button_border_color__hover_enabled=&#8220;off&#8220; button_one_border_color__hover_enabled=&#8220;off&#8220; button_two_border_color__hover_enabled=&#8220;off&#8220; button_border_radius__hover_enabled=&#8220;off&#8220; button_one_border_radius__hover_enabled=&#8220;off&#8220; button_two_border_radius__hover_enabled=&#8220;off&#8220; button_letter_spacing__hover_enabled=&#8220;off&#8220; button_one_letter_spacing__hover_enabled=&#8220;off&#8220; button_two_letter_spacing__hover_enabled=&#8220;off&#8220; button_bg_color__hover_enabled=&#8220;off&#8220; button_one_bg_color__hover_enabled=&#8220;off&#8220; button_two_bg_color__hover_enabled=&#8220;off&#8220;] [\/et_pb_slide][et_pb_slide use_bg_overlay=&#8220;off&#8220; use_text_overlay=&#8220;off&#8220; _builder_version=&#8220;4.16&#8243; header_font=&#8220;||||&#8220; body_font=&#8220;||||&#8220; background_color=&#8220;#ffffff&#8220; background_image=&#8220;https:\/\/www.secowarwick.com\/wp-content\/uploads\/2016\/10\/Controlled-Atmosphere-Brazing-active-only-line.png&#8220; button_icon_placement=&#8220;right&#8220; button_on_hover=&#8220;on&#8220; global_colors_info=&#8220;{}&#8220; sticky_transition=&#8220;on&#8220; button_text_size__hover_enabled=&#8220;off&#8220; button_one_text_size__hover_enabled=&#8220;off&#8220; button_two_text_size__hover_enabled=&#8220;off&#8220; button_text_color__hover_enabled=&#8220;off&#8220; button_one_text_color__hover_enabled=&#8220;off&#8220; button_two_text_color__hover_enabled=&#8220;off&#8220; button_border_width__hover_enabled=&#8220;off&#8220; button_one_border_width__hover_enabled=&#8220;off&#8220; button_two_border_width__hover_enabled=&#8220;off&#8220; button_border_color__hover_enabled=&#8220;off&#8220; button_one_border_color__hover_enabled=&#8220;off&#8220; button_two_border_color__hover_enabled=&#8220;off&#8220; button_border_radius__hover_enabled=&#8220;off&#8220; button_one_border_radius__hover_enabled=&#8220;off&#8220; button_two_border_radius__hover_enabled=&#8220;off&#8220; button_letter_spacing__hover_enabled=&#8220;off&#8220; button_one_letter_spacing__hover_enabled=&#8220;off&#8220; button_two_letter_spacing__hover_enabled=&#8220;off&#8220; button_bg_color__hover_enabled=&#8220;off&#8220; button_one_bg_color__hover_enabled=&#8220;off&#8220; button_two_bg_color__hover_enabled=&#8220;off&#8220;] [\/et_pb_slide][et_pb_slide use_bg_overlay=&#8220;off&#8220; use_text_overlay=&#8220;off&#8220; _builder_version=&#8220;4.16&#8243; header_font=&#8220;||||&#8220; body_font=&#8220;||||&#8220; background_color=&#8220;#ffffff&#8220; background_image=&#8220;https:\/\/www.secowarwick.com\/wp-content\/uploads\/2016\/10\/Controlled-Atmosphere-Brazing.png&#8220; button_icon_placement=&#8220;right&#8220; button_on_hover=&#8220;on&#8220; global_colors_info=&#8220;{}&#8220; sticky_transition=&#8220;on&#8220; button_text_size__hover_enabled=&#8220;off&#8220; button_one_text_size__hover_enabled=&#8220;off&#8220; button_two_text_size__hover_enabled=&#8220;off&#8220; button_text_color__hover_enabled=&#8220;off&#8220; button_one_text_color__hover_enabled=&#8220;off&#8220; button_two_text_color__hover_enabled=&#8220;off&#8220; button_border_width__hover_enabled=&#8220;off&#8220; button_one_border_width__hover_enabled=&#8220;off&#8220; button_two_border_width__hover_enabled=&#8220;off&#8220; button_border_color__hover_enabled=&#8220;off&#8220; button_one_border_color__hover_enabled=&#8220;off&#8220; button_two_border_color__hover_enabled=&#8220;off&#8220; button_border_radius__hover_enabled=&#8220;off&#8220; button_one_border_radius__hover_enabled=&#8220;off&#8220; button_two_border_radius__hover_enabled=&#8220;off&#8220; button_letter_spacing__hover_enabled=&#8220;off&#8220; button_one_letter_spacing__hover_enabled=&#8220;off&#8220; button_two_letter_spacing__hover_enabled=&#8220;off&#8220; button_bg_color__hover_enabled=&#8220;off&#8220; button_one_bg_color__hover_enabled=&#8220;off&#8220; button_two_bg_color__hover_enabled=&#8220;off&#8220;]&nbsp;<\/p>\n<p>&nbsp;<\/p>\n<p>&nbsp;<\/p>\n<p>&nbsp;<\/p>\n<p>&nbsp;<br \/>\n[\/et_pb_slide][et_pb_slide use_bg_overlay=&#8220;off&#8220; use_text_overlay=&#8220;off&#8220; _builder_version=&#8220;4.16&#8243; header_font=&#8220;||||&#8220; body_font=&#8220;||||&#8220; background_color=&#8220;#ffffff&#8220; background_image=&#8220;https:\/\/www.secowarwick.com\/wp-content\/uploads\/2016\/10\/Controlled-Atmosphere-Brazing-Line-degreaser-afterburner.png&#8220; button_icon_placement=&#8220;right&#8220; button_on_hover=&#8220;on&#8220; global_colors_info=&#8220;{}&#8220; sticky_transition=&#8220;on&#8220; button_text_size__hover_enabled=&#8220;off&#8220; button_one_text_size__hover_enabled=&#8220;off&#8220; button_two_text_size__hover_enabled=&#8220;off&#8220; button_text_color__hover_enabled=&#8220;off&#8220; button_one_text_color__hover_enabled=&#8220;off&#8220; button_two_text_color__hover_enabled=&#8220;off&#8220; button_border_width__hover_enabled=&#8220;off&#8220; button_one_border_width__hover_enabled=&#8220;off&#8220; button_two_border_width__hover_enabled=&#8220;off&#8220; button_border_color__hover_enabled=&#8220;off&#8220; button_one_border_color__hover_enabled=&#8220;off&#8220; button_two_border_color__hover_enabled=&#8220;off&#8220; button_border_radius__hover_enabled=&#8220;off&#8220; button_one_border_radius__hover_enabled=&#8220;off&#8220; button_two_border_radius__hover_enabled=&#8220;off&#8220; button_letter_spacing__hover_enabled=&#8220;off&#8220; button_one_letter_spacing__hover_enabled=&#8220;off&#8220; button_two_letter_spacing__hover_enabled=&#8220;off&#8220; button_bg_color__hover_enabled=&#8220;off&#8220; button_one_bg_color__hover_enabled=&#8220;off&#8220; button_two_bg_color__hover_enabled=&#8220;off&#8220;] [\/et_pb_slide][et_pb_slide use_bg_overlay=&#8220;off&#8220; use_text_overlay=&#8220;off&#8220; _builder_version=&#8220;4.16&#8243; header_font=&#8220;||||&#8220; body_font=&#8220;||||&#8220; background_color=&#8220;#ffffff&#8220; background_image=&#8220;https:\/\/www.secowarwick.com\/wp-content\/uploads\/2016\/10\/Controlled-Atmosphere-Brazing2.png&#8220; button_icon_placement=&#8220;right&#8220; button_on_hover=&#8220;on&#8220; global_colors_info=&#8220;{}&#8220; sticky_transition=&#8220;on&#8220; button_text_size__hover_enabled=&#8220;off&#8220; button_one_text_size__hover_enabled=&#8220;off&#8220; button_two_text_size__hover_enabled=&#8220;off&#8220; button_text_color__hover_enabled=&#8220;off&#8220; button_one_text_color__hover_enabled=&#8220;off&#8220; button_two_text_color__hover_enabled=&#8220;off&#8220; button_border_width__hover_enabled=&#8220;off&#8220; button_one_border_width__hover_enabled=&#8220;off&#8220; button_two_border_width__hover_enabled=&#8220;off&#8220; button_border_color__hover_enabled=&#8220;off&#8220; button_one_border_color__hover_enabled=&#8220;off&#8220; button_two_border_color__hover_enabled=&#8220;off&#8220; button_border_radius__hover_enabled=&#8220;off&#8220; button_one_border_radius__hover_enabled=&#8220;off&#8220; button_two_border_radius__hover_enabled=&#8220;off&#8220; button_letter_spacing__hover_enabled=&#8220;off&#8220; button_one_letter_spacing__hover_enabled=&#8220;off&#8220; button_two_letter_spacing__hover_enabled=&#8220;off&#8220; button_bg_color__hover_enabled=&#8220;off&#8220; button_one_bg_color__hover_enabled=&#8220;off&#8220; button_two_bg_color__hover_enabled=&#8220;off&#8220;] [\/et_pb_slide][\/et_pb_slider][\/et_pb_column][\/et_pb_row][\/et_pb_section][et_pb_section fb_built=&#8220;1&#8243; custom_padding_last_edited=&#8220;on|desktop&#8220; admin_label=&#8220;section&#8220; _builder_version=&#8220;4.16&#8243; background_color=&#8220;#f9f9f9&#8243; custom_padding=&#8220;10px|||&#8220; custom_padding_tablet=&#8220;50px|0|50px|0&#8243; custom_padding_phone=&#8220;&#8220; transparent_background=&#8220;off&#8220; padding_mobile=&#8220;off&#8220; make_fullwidth=&#8220;off&#8220; use_custom_width=&#8220;off&#8220; width_unit=&#8220;on&#8220; custom_width_px=&#8220;1080px&#8220; custom_width_percent=&#8220;80%&#8220; global_colors_info=&#8220;{}&#8220;][et_pb_row padding_mobile=&#8220;off&#8220; column_padding_mobile=&#8220;on&#8220; admin_label=&#8220;row&#8220; _builder_version=&#8220;4.16&#8243; background_size=&#8220;initial&#8220; background_position=&#8220;top_left&#8220; background_repeat=&#8220;repeat&#8220; make_fullwidth=&#8220;off&#8220; use_custom_width=&#8220;off&#8220; width_unit=&#8220;off&#8220; custom_width_px=&#8220;1080px&#8220; custom_width_percent=&#8220;80%&#8220; global_colors_info=&#8220;{}&#8220; column_structure=&#8220;2_3,1_3&#8243;][et_pb_column type=&#8220;2_3&#8243; _builder_version=&#8220;4.16&#8243; custom_padding=&#8220;|||&#8220; global_colors_info=&#8220;{}&#8220; custom_padding__hover=&#8220;|||&#8220;][et_pb_breadcrumbs _builder_version=&#8220;3.0.47&#8243; global_colors_info=&#8220;{}&#8220;][\/et_pb_breadcrumbs][et_pb_text _builder_version=&#8220;4.19.2&#8243; background_size=&#8220;initial&#8220; background_position=&#8220;top_left&#8220; background_repeat=&#8220;repeat&#8220; text_orientation=&#8220;justified&#8220; hover_enabled=&#8220;0&#8243; use_border_color=&#8220;off&#8220; global_colors_info=&#8220;{}&#8220; module_class=&#8220;podtytuly&#8220; sticky_enabled=&#8220;0&#8243;]<\/p>\n<h1>L\u00f6ten in kontrollierten Atmosph\u00e4ren (CAB)<\/h1>\n<h2>Wozu dient das CAB-Verfahren (L\u00f6ten in kontrollierten Atmosph\u00e4ren)?<\/h2>\n<p>&nbsp;<\/p>\n<p>Das L\u00f6ten in kontrollierten Atmosph\u00e4ren (Controlled Atmosphere Brazing &#8211; CAB) mittels eines nicht korrosiven Fluxmittels ist der bevorzugte Prozess f\u00fcr die Herstellung von Aluminiumw\u00e4rmetauschern in der Automobilindustrie. In den letzten Jahren hat sich die Markpr\u00e4senz des CAB-Verfahren durch die Entwicklungen in der Industrie, bei Kraftwerken und im Bereich der Klimatechnik verst\u00e4rkt. Seit Seco\/Warwick 1983 in diesen Bereich eingestiegen ist, f\u00fchren wir den Markt dank der Entwicklung von zukunftsweisenden Technologien im kontinuierlichen L\u00f6tprozess in kontrollierter Atmosph\u00e4re (CAB) an.<\/p>\n<p>Wir bieten eine gro\u00dfe Auswahl an L\u00f6sungen f\u00fcr alle Arten von industriellen W\u00e4rmetauscher an, hergestellt in Gro\u00dfserien, Mittelserien oder kundenorientierten kurzen Produktionsserien. Wir\u00a0 haben die Fachkenntnis, um benutzerdefinierte Ausr\u00fcstung herzustellen, um unseren Kunden zu erm\u00f6glichen, ihre Prozessspezifikationen mit Entscheidungen wie Vakuum-Sp\u00fclung anstelle von Stickstoff \u00dcberflutung f\u00fcr komplexe Mikrokanalprojekte zusammen mit mehreren Produktbehandlungsmethoden und Konfigurationen zu vervollkommnen.<\/p>\n<p>SECO\/WARWICK verf\u00fcgt \u00fcber eine komplette Reihe von \u00d6fen, einschlie\u00dflich Strahlung, Konvektion, Kombination Konvektion-Strahlung, Active Only<sup>\u00ae<\/sup> -Indexierung und Universal\u2122\u00a0Chargeneinheiten, die mit entsprechenden Ger\u00e4ten zur Durchf\u00fchrung des Prozesses angeboten werden, wie: thermischer Entfetter, Fluxer (Flussmittelbeschichtungsger\u00e4t), Trocknungsofen, Luftqualit\u00e4t und Reinigung.<\/p>\n<h3>Industrie\u00f6fen von SECO\/WARWICK<\/h3>\n<p>Die folgenden Ofenkonstruktionen sind f\u00fcr die Teileherstellung von gro\u00dfen oder kleinen Volumenserien zur Verf\u00fcgung:<\/p>\n<ul>\n<li>Produktionsstra\u00dfen, bestehend aus Strahlungs\u00f6fen, Konvektions-\/Strahlungs\u00f6fen und Konvektions\u00f6fen \u2013 f\u00fcr die kontinuierliche Betriebssysteme,<\/li>\n<li>Active Only halbkontinuierlicher Betrieb oder Schrittsysteme funktionieren gut in kurzen Produktionsserien,<\/li>\n<li>\u00a0Universal-Chargen (Zweikammer-) \u00d6fen sind ideal f\u00fcr das Hartl\u00f6ten sowohl in horizontalen als auch in vertikalen Position, die\u00a0 optional zug\u00e4ngliche Vakuumsp\u00fclung reduziert den Stickstoffverbrauch und verbessert die Integrit\u00e4t der Atmosph\u00e4re,<\/li>\n<li>Einkammer- Chargenofen ausgestattet mit Vakuumsp\u00fclung werden f\u00fcr die Prototypen von W\u00e4rmetauscher, Forschung und Entwicklung sowie Anwendungen, die die gr\u00f6\u00dfte Wirtschaftlichkeit erfordern, eingesetzt.<\/li>\n<\/ul>\n<p>Wir haben erfolgreich spezialisierte Ausr\u00fcstung f\u00fcr die Anwendung von CAB-Technologie in der Klima- und K\u00e4ltetechnik und in den Steuerprogrammen der CO<sub>2<\/sub>-Emissionen f\u00fcr elektrische Unternehmen entwickelt.<\/p>\n<h3>Der CAB-Chargenofen zum Hartl\u00f6ten<\/h3>\n<p>Der universal <strong>CAB-Chargenofen<\/strong> wurde f\u00fcr Hartl\u00f6ten von gro\u00dfer Vielfalt der W\u00e4rmetauscher SOWOHL in horizontaler als auch in vertikaler Position konzipiert. Dieser Ofen ist f\u00fcr den Aftermarket und Kleinserienfertigung ausgelegt und erm\u00f6glicht das L\u00f6ten einer gro\u00dfen Vielfalt von unterschiedlichen Typen und Gr\u00f6\u00dfen der W\u00e4rmetauscher, w\u00e4hrend die h\u00f6chsten Prozessparameter beibehalten werden. Der Ofen kann im Teilzeitsystem arbeiten\u00a0 und erm\u00f6glicht eine variable Heiz- und K\u00fchlgeschwindigkeit, je nach den Produktionsanforderungen. Das folgende Video wird die Funktionalit\u00e4t und den allgemeinen Betrieb des SECO\/WARWICK Universal-CAB-Chargenofens darstellen.<\/p>\n<p>&nbsp;<\/p>\n<p><a href=\"https:\/\/attendee.gotowebinar.com\/recording\/627420185758083842\" target=\"_blank\" rel=\"nofollow noopener\">Klicken Sie hier, um unser Video anzusehen \u2013 eine Registrierung ist erforderlich<\/a><\/p>\n<p>&nbsp;<\/p>\n<p>SECO\/WARWICK wird f\u00fcr kontinuierliche Verbesserung von Ger\u00e4te-Design engagiert und arbeitet eng mit den gro\u00dfen Benutzer zusammen, um ihnen niedrigere Betriebskosten erzielen und die Effizienz des Systems verbessern zu helfen. Wir renovieren auch die Industrieanlagen w\u00e4hrend des Betriebes, bieten technische Modernisierungen, Verlagerung\u00a0 und Aftermarket-Dienstleistungen an. SECO\/WARWICK ist die einzige Quelle die Ersatzteile, einschlie\u00dflich Muffeln, Legierung Netzb\u00e4nder und Bajonett-Heizelemente \u00a0zusammen mit individuellen Komponenten und Steuersystemen.<br \/>F\u00fcr mehr Informationen \u00fcber NOCOLOK<sup>\u00ae<\/sup> Flussmittel zum Hartl\u00f6ten von Solvay, folgen Sie diesem Link zu ihrem Blog:\u00a0<a href=\"http:\/\/www.aluminium-brazing.com\/tag\/cab\/\" target=\"_blank\" rel=\"nofollow noopener\">Aluminium Brazing; News, Knowledge &amp; Technology<\/a> . Klicken Sie hier, um mehr dar\u00fcber zu erfahren.<\/p>\n<p>[\/et_pb_text][\/et_pb_column][et_pb_column type=&#8220;1_3&#8243; _builder_version=&#8220;4.16&#8243; custom_padding=&#8220;|||&#8220; global_colors_info=&#8220;{}&#8220; custom_padding__hover=&#8220;|||&#8220;][et_pb_selected_documents module_title=&#8220;Produktmaterialien&#8220; module_class=&#8220;selected-document-box&#8220; _builder_version=&#8220;3.0.47&#8243; global_colors_info=&#8220;{}&#8220;][et_pb_document post_id=&#8220;28467&#8243; title=&#8220;Vakuum-Sp\u00fclung: eine progressive Innovation f\u00fcr CAB-Anlagen und Prozesse&#8220; _builder_version=&#8220;3.0.47&#8243; global_colors_info=&#8220;{}&#8220;][\/et_pb_document][et_pb_document post_id=&#8220;28419&#8243; title=&#8220;CAB Testanlage&#8220; _builder_version=&#8220;3.0.47&#8243; global_colors_info=&#8220;{}&#8220;][\/et_pb_document][et_pb_document post_id=&#8220;28527&#8243; title=&#8220;CuproBraze-Ofenanlagen&#8220; _builder_version=&#8220;3.0.47&#8243; global_colors_info=&#8220;{}&#8220;][\/et_pb_document][et_pb_document post_id=&#8220;28413&#8243; title=&#8220;Universal-CAB Chargenofen&#8220; _builder_version=&#8220;3.0.47&#8243; global_colors_info=&#8220;{}&#8220;][\/et_pb_document][et_pb_document post_id=&#8220;28521&#8243; title=&#8220;Universal-CAB Chargenofen mit Vakuum-Sp\u00fclung&#8220; _builder_version=&#8220;3.0.47&#8243; global_colors_info=&#8220;{}&#8220;][\/et_pb_document][\/et_pb_selected_documents][\/et_pb_column][\/et_pb_row][\/et_pb_section]<\/p>\n","protected":false},"excerpt":{"rendered":"<p>&nbsp; &nbsp; &nbsp; &nbsp; &nbsp; [et_pb_breadcrumbs _builder_version=&#8220;3.0.47&#8243; global_colors_info=&#8220;{}&#8220;][\/et_pb_breadcrumbs]L\u00f6ten in kontrollierten Atmosph\u00e4ren (CAB) Wozu dient das CAB-Verfahren (L\u00f6ten in kontrollierten Atmosph\u00e4ren)? &nbsp; Das L\u00f6ten in kontrollierten Atmosph\u00e4ren (Controlled Atmosphere Brazing &#8211; CAB) mittels eines nicht korrosiven Fluxmittels ist der bevorzugte Prozess f\u00fcr die Herstellung von Aluminiumw\u00e4rmetauschern in der Automobilindustrie. In den letzten Jahren hat sich die [&hellip;]<\/p>\n","protected":false},"author":9,"featured_media":0,"parent":7106,"menu_order":0,"comment_status":"closed","ping_status":"closed","template":"","meta":{"_acf_changed":false,"_et_pb_use_builder":"on","_et_pb_old_content":"<p><strong>Using a noncorrosive flux, is the preferred process for manufacturing aluminum heat exchangers in the automotive industry.<\/strong> Due to the unique process benefits, the CAB process is rapidly finding new applications in industrial, power plant and HVAC manufacturing. Since entering this field in 1983, SECO\/WARWICK has led the development of advanced technology in the continuous flow brazing process.<\/p>","_et_gb_content_width":"","footnotes":""},"class_list":["post-7160","page","type-page","status-publish"],"acf":[],"_links":{"self":[{"href":"https:\/\/www.secowarwick.com\/de\/wp-json\/wp\/v2\/pages\/7160","targetHints":{"allow":["GET"]}}],"collection":[{"href":"https:\/\/www.secowarwick.com\/de\/wp-json\/wp\/v2\/pages"}],"about":[{"href":"https:\/\/www.secowarwick.com\/de\/wp-json\/wp\/v2\/types\/page"}],"author":[{"embeddable":true,"href":"https:\/\/www.secowarwick.com\/de\/wp-json\/wp\/v2\/users\/9"}],"replies":[{"embeddable":true,"href":"https:\/\/www.secowarwick.com\/de\/wp-json\/wp\/v2\/comments?post=7160"}],"version-history":[{"count":1,"href":"https:\/\/www.secowarwick.com\/de\/wp-json\/wp\/v2\/pages\/7160\/revisions"}],"predecessor-version":[{"id":136578,"href":"https:\/\/www.secowarwick.com\/de\/wp-json\/wp\/v2\/pages\/7160\/revisions\/136578"}],"up":[{"embeddable":true,"href":"https:\/\/www.secowarwick.com\/de\/wp-json\/wp\/v2\/pages\/7106"}],"wp:attachment":[{"href":"https:\/\/www.secowarwick.com\/de\/wp-json\/wp\/v2\/media?parent=7160"}],"curies":[{"name":"wp","href":"https:\/\/api.w.org\/{rel}","templated":true}]}}