{"id":7218,"date":"2016-10-09T14:33:05","date_gmt":"2016-10-09T12:33:05","guid":{"rendered":"http:\/\/www.secowarwick.com\/de\/produkte\/vacuum-heat-treatment\/"},"modified":"2025-12-10T13:48:40","modified_gmt":"2025-12-10T12:48:40","slug":"vakuum-anlagen","status":"publish","type":"page","link":"https:\/\/www.secowarwick.com\/de\/produkte\/vakuum-anlagen\/","title":{"rendered":"Vakuum W\u00e4rmebehandlung und Vakuum\u00f6fen"},"content":{"rendered":"<p>[et_pb_section fb_built=&#8220;1&#8243; _builder_version=&#8220;4.16&#8243; global_colors_info=&#8220;{}&#8220;][et_pb_row _builder_version=&#8220;4.16&#8243; background_size=&#8220;initial&#8220; background_position=&#8220;top_left&#8220; background_repeat=&#8220;repeat&#8220; global_colors_info=&#8220;{}&#8220;][et_pb_column type=&#8220;4_4&#8243; _builder_version=&#8220;4.16&#8243; custom_padding=&#8220;|||&#8220; global_colors_info=&#8220;{}&#8220; custom_padding__hover=&#8220;|||&#8220;][et_pb_image src=&#8220;https:\/\/www.secowarwick.com\/wp-content\/uploads\/2019\/12\/ATMOSPHERE-HEAT-slider.jpg&#8220; alt=&#8220;Innovative Vakuum\u00f6fen f\u00fcr die Vakuum-W\u00e4rmebehandlung SECO\/WARWICK&#8220; title_text=&#8220;Innovative Vakuum\u00f6fen f\u00fcr die Vakuum-W\u00e4rmebehandlung SECO\/WARWICK&#8220; align_tablet=&#8220;center&#8220; align_phone=&#8220;&#8220; align_last_edited=&#8220;on|desktop&#8220; _builder_version=&#8220;4.16&#8243; global_colors_info=&#8220;{}&#8220;][\/et_pb_image][et_pb_text module_class=&#8220;p-seco-product-header-text&#8220; _builder_version=&#8220;4.16&#8243; global_colors_info=&#8220;{}&#8220;][\/et_pb_text][\/et_pb_column][\/et_pb_row][et_pb_row _builder_version=&#8220;4.16&#8243; background_size=&#8220;initial&#8220; background_position=&#8220;top_left&#8220; background_repeat=&#8220;repeat&#8220; global_colors_info=&#8220;{}&#8220;][et_pb_column type=&#8220;4_4&#8243; _builder_version=&#8220;4.16&#8243; custom_padding=&#8220;|||&#8220; global_colors_info=&#8220;{}&#8220; custom_padding__hover=&#8220;|||&#8220;][et_pb_breadcrumbs _builder_version=&#8220;4.10.3&#8243; _module_preset=&#8220;default&#8220; global_colors_info=&#8220;{}&#8220;][\/et_pb_breadcrumbs][et_pb_text module_class=&#8220;podtytuly&#8220; _builder_version=&#8220;4.16&#8243; global_colors_info=&#8220;{}&#8220;]<\/p>\n<h1>Innovative Vakuum\u00f6fen f\u00fcr die Vakuum-W\u00e4rmebehandlung<\/h1>\n<p>&nbsp;<\/p>\n<h2>Vakuumw\u00e4rmebehandlung Technologien und Ausr\u00fcstung<\/h2>\n<p>&nbsp;<\/p>\n<p>Moderne, pr\u00e4zise, energieeffiziente und \u00f6kologische Vakuumanlagen mit bew\u00e4hrter Technik. Die Erfahrung von SECO\/WARWICK bei der Entwicklung dieser L\u00f6sungen reicht bis in&nbsp;die 70er Jahre des 20. Jahrhunderts zur\u00fcck, als in&nbsp;der Luft- und Raumfahrt-, Automobil-, Verteidigungs-, Metallurgie-, Medizin-, Nuklear- und Versorgungswirtschaft vakuumbasierte W\u00e4rmebehandlungstechnologien entstanden. In&nbsp;den vergangenen 25 Jahren hat die dynamische Entwicklung des Unternehmens mehr als 800 komplette Installationen in&nbsp;mehr als 50 L\u00e4ndern geliefert und viele der gelieferten Technologien sind zu einer Herausforderung f\u00fcr traditionelle Technologien geworden.<\/p>\n<p>&nbsp;<\/p>\n<p>[\/et_pb_text][et_pb_seco_products product_1_title=&#8220;Einkammer\u00f6fen zur Vakuumw\u00e4rmebehandlung und zum Hartl\u00f6ten&#8220; product_1_src=&#8220;https:\/\/www.secowarwick.com\/wp-content\/uploads\/2018\/12\/Vector2.jpg&#8220; product_1_alt=&#8220;Einkammer\u00f6fen zur Vakuumw\u00e4rmebehandlung und zum Hartl\u00f6ten&#8220; product_1_button=&#8220;MEHR&#8220; product_1_url=&#8220; https:\/\/www.secowarwick.com\/de\/einkammer-vakuumofen\/&#8220; product_2_title=&#8220;Mehrkammer-Vakuum\u00f6fen f\u00fcr Niederdruckkarburierung (LPC), H\u00e4rten (\u00d6l\/Gas) und Anlassen&#8220; product_2_src=&#8220;https:\/\/www.secowarwick.com\/wp-content\/uploads\/2019\/12\/Case-Master-Evoltion2.jpg&#8220; product_2_alt=&#8220;Mehrkammer-Vakuum\u00f6fen f\u00fcr Niederdruckkarburierung (LPC), H\u00e4rten (\u00d6l\/Gas) und Anlassen&#8220; product_2_button=&#8220;MEHR&#8220; product_2_url=&#8220;https:\/\/www.secowarwick.com\/de\/produkte\/vakuum-anlagen\/vakuumoefen-fuer-lpc\/&#8220; product_3_title=&#8220;Pit-Vakuum-Tief\u00f6fen zur Niederdruckaufkohlung (LPC)&#8220; product_3_src=&#8220;https:\/\/www.secowarwick.com\/wp-content\/uploads\/2020\/07\/pit-lpc-vacuum-furnace.png&#8220; product_3_alt=&#8220;Pit-Vakuum-Tief\u00f6fen zur Niederdruckaufkohlung (LPC)&#8220; product_3_button=&#8220;MEHR&#8220; product_3_url=&#8220;https:\/\/www.secowarwick.com\/de\/produkte\/vakuum-anlagen\/pit-lpc-vakuumgrubenofen-zum-aufkohlen-dicker-schichten-fuer-grosse-details\/&#8220; product_4_title=&#8220;Vakuum-Einzelst\u00fcckfluss-Systeme zum Niederdruckaufkohlen (LPC), Abschrecken, Anlassen und Gasabschrecken&#8220; product_4_src=&#8220;https:\/\/www.secowarwick.com\/wp-content\/uploads\/2018\/12\/UCM2.jpg&#8220; product_4_alt=&#8220;Vakuum-Einzelst\u00fcckfluss-Systeme zum Niederdruckaufkohlen (LPC), Abschrecken, Anlassen und Gasabschrecken&#8220; product_4_button=&#8220;MEHR&#8220; product_4_url=&#8220;https:\/\/www.secowarwick.com\/de\/produkte\/vakuum-anlagen\/single-piece-flow-vakuum-systeme\/&#8220; module_id=&#8220;secoalutest&#8220; module_class=&#8220;disable-animation  max8001 kafel-seco-product-dlugi-tytul&#8220; _builder_version=&#8220;4.23.1&#8243; global_colors_info=&#8220;{}&#8220;][\/et_pb_seco_products][et_pb_seco_products product_1_title=&#8220;\u00d6fen zum Nitrieren und Nitrocarburieren (FNC)&#8220; product_1_src=&#8220;https:\/\/www.secowarwick.com\/wp-content\/uploads\/2018\/10\/Atmosphere-Heat-Treatment-Furnace-Systems.png&#8220; product_1_alt=&#8220;\u00d6fen zum Nitrieren und Nitrocarburieren (FNC)&#8220; product_1_button=&#8220;MEHR&#8220; product_1_url=&#8220;https:\/\/www.secowarwick.com\/de\/produkte\/schutzgasoefen-und-systeme-atm\/zeroflow\/&#8220; product_2_title=&#8220;Vakuum\u00f6fen zum Aluminiumhartl\u00f6ten&#8220; product_2_src=&#8220;https:\/\/www.secowarwick.com\/wp-content\/uploads\/2023\/11\/VAB-Furnace-for-removing-residual-oilmini.jpg&#8220; product_2_alt=&#8220;Vakuum\u00f6fen zum Aluminiumhartl\u00f6ten&#8220; product_2_button=&#8220;MEHR&#8220; product_2_url=&#8220;https:\/\/www.secowarwick.com\/de\/produkte\/vakuum-anlagen\/vab-technologie\/&#8220; product_3_title=&#8220;CVD, CVI, FIC, IVD, Slurry-Beschichtungen und Vakuum\u00f6fen zur thermischen Reinigung&#8220; product_3_src=&#8220;https:\/\/www.secowarwick.com\/wp-content\/uploads\/2024\/01\/CVI_CVD.jpg&#8220; product_3_alt=&#8220;CVD, CVI, FIC, IVD, Slurry-Beschichtungen und Vakuum\u00f6fen zur thermischen Reinigung&#8220; product_3_button=&#8220;MEHR&#8220; product_3_url=&#8220;https:\/\/www.secowarwick.com\/de\/produkte\/vakuum-anlagen\/reinigung-von-graphit-materialien\/&#8220; product_4_title=&#8220;Kundenspezifische und Spezial-Vakuum\u00f6fen&#8220; product_4_src=&#8220;https:\/\/www.secowarwick.com\/wp-content\/uploads\/2022\/03\/Custom-furnace-GraphMaster-2.jpg&#8220; product_4_alt=&#8220;Kundenspezifische und Spezial-Vakuum\u00f6fen&#8220; product_4_button=&#8220;MEHR&#8220; product_4_url=&#8220;https:\/\/www.secowarwick.com\/de\/massgeschneiderte-designoefen\/&#8220; module_id=&#8220;secoalutest&#8220; module_class=&#8220;disable-animation max8001&#8243; _builder_version=&#8220;4.23.1&#8243; global_colors_info=&#8220;{}&#8220;][\/et_pb_seco_products][et_pb_text _builder_version=&#8220;4.16&#8243; custom_padding=&#8220;15px||15px|&#8220; global_colors_info=&#8220;{}&#8220;][\/et_pb_text][\/et_pb_column][\/et_pb_row][et_pb_row _builder_version=&#8220;4.16&#8243; _module_preset=&#8220;default&#8220; locked=&#8220;off&#8220; global_colors_info=&#8220;{}&#8220;][et_pb_column type=&#8220;4_4&#8243; _builder_version=&#8220;4.16&#8243; _module_preset=&#8220;default&#8220; global_colors_info=&#8220;{}&#8220;][et_pb_video src=&#8220;https:\/\/www.youtube.com\/watch?v=KJO4KB2oK0U&#8220; image_src=&#8220;\/\/i.ytimg.com\/vi\/KJO4KB2oK0U\/hqdefault.jpg&#8220; _builder_version=&#8220;4.16&#8243; _module_preset=&#8220;default&#8220; global_colors_info=&#8220;{}&#8220;][\/et_pb_video][\/et_pb_column][\/et_pb_row][et_pb_row column_structure=&#8220;1_2,1_2&#8243; _builder_version=&#8220;4.16&#8243; background_color=&#8220;#ffffff&#8220; global_colors_info=&#8220;{}&#8220;][et_pb_column type=&#8220;1_2&#8243; _builder_version=&#8220;4.16&#8243; background_color=&#8220;#ffffff&#8220; custom_padding=&#8220;|||&#8220; global_colors_info=&#8220;{}&#8220; custom_padding__hover=&#8220;|||&#8220;][et_pb_text _builder_version=&#8220;4.23.1&#8243; hover_enabled=&#8220;0&#8243; global_colors_info=&#8220;{}&#8220; sticky_enabled=&#8220;0&#8243;]<\/p>\n<p><strong><span style=\"color: #e30f00;\">\/\u00a0<\/span><\/strong><strong>Technologien:<br \/><\/strong>Gl\u00fchen, Hartl\u00f6ten, <a href=\"https:\/\/www.secowarwick.com\/de\/produkte\/vakuum-anlagen\/vab-technologie\/\">Aluminium-Hartl\u00f6ten<\/a>, L\u00f6sungsgl\u00fchen, Alterung, Niederdruckaufkohlen (LPC) nach <a href=\"https:\/\/www.secowarwick.com\/en\/products\/vacuum-carburizing\/\">FineCarb<\/a> und <a href=\"https:\/\/www.secowarwick.com\/de\/prenitlpc\/\" target=\"_blank\" rel=\"noopener\">PreNitLPC<\/a>, Einsatzh\u00e4rten, \u00d6labschrecken, Hochdruckgasabschrecken (<a href=\"https:\/\/www.secowarwick.com\/de\/technik-im-rampenlicht\/faq\/was-ist-hpgq\/\">HPGQ<\/a>), Sintern, <a href=\"https:\/\/www.secowarwick.com\/de\/produkte\/schutzgasoefen-und-systeme-atm\/zeroflow\/\">Nitrieren<\/a> und ferritisches Nitrocarburieren (FNC) nach ZeroFlow, <a href=\"https:\/\/www.secowarwick.com\/de\/produkte\/vakuum-anlagen\/reinigung-von-graphit-materialien\/\">CVD<\/a>, <a href=\"https:\/\/www.secowarwick.com\/de\/produkte\/vakuum-anlagen\/reinigung-von-graphit-materialien\/\">CVI<\/a>, FIC, IVD, Slurry-Beschichtungen, thermische Reinigung und andere kundenspezifische und spezielle technologische Verfahren<br \/><strong>Vakuum f\u00fcr alle W\u00e4rmebehandlungen<\/strong><\/p>\n<p><strong><span style=\"color: #e30f00;\">\/\u00a0<\/span><\/strong><strong>Einzigartige Eigenschaften<\/strong>:<br \/>Dynamisches und effizientes Heizsystem, pr\u00e4zise Temperaturregelung, hervorragende Temperaturverteilung im\u00a0gesamten Arbeitsraum, effizientes und gleichm\u00e4\u00dfiges Abschrecken sowie ein kompaktes und modulares Design, pr\u00e4zise und genaue Prozesssteuerung<br \/><strong>Bew\u00e4hrt und innovativ<\/strong><\/p>\n<p>[\/et_pb_text][\/et_pb_column][et_pb_column type=&#8220;1_2&#8243; _builder_version=&#8220;4.16&#8243; custom_padding=&#8220;|||&#8220; global_colors_info=&#8220;{}&#8220; custom_padding__hover=&#8220;|||&#8220;][et_pb_text _builder_version=&#8220;4.23.1&#8243; border_color_all=&#8220;#ffffff&#8220; global_colors_info=&#8220;{}&#8220;]<\/p>\n<p><strong><span style=\"color: #e30f00;\">\/\u00a0<\/span>Industrien:<br \/><\/strong>Luft- und Raumfahrt, Verteidigung, Energie, Werkzeuge und Formenbau, Medizin, Automobilindustrie, Maschinenbau, kommerzielle W\u00e4rmebehandlung und andere<br \/><a href=\"https:\/\/www.secowarwick.com\/de\/industrien\/\"><strong>Industrien<\/strong><\/a><strong> der Welt<\/strong><\/p>\n<p><strong><span style=\"color: #e30f00;\">\/\u00a0<\/span><\/strong><strong>Parameter:<br \/><\/strong><a href=\"https:\/\/www.secowarwick.com\/de\/produkte\/vakuum-anlagen\/single-piece-flow-vakuum-systeme\/\">Einzel<\/a>-, <a href=\"https:\/\/www.secowarwick.com\/de\/produkte\/vakuum-anlagen\/casemasterevolution\/\">Doppel- und Mehrkammer<\/a>-Chargen\u00f6fen, halbkontinuierliche \u00d6fen und \u00d6fen f\u00fcr Einzelst\u00fcckfertigung, in&nbsp;horizontaler und vertikaler Anordnung, Nieder-, Mittel- und Hochvakuum, Strahlungs- und Konvektionsheizung, Nieder- und Hochdruck-Gask\u00fchlung (HPGQ) bei einem Druck von bis zu 25 bar oder \u00d6labschrecken, Vollautomatisierung, wartungsfreier Betrieb, computergesteuertes System<br \/>Einhaltung weltweiter Sicherheits-, Qualit\u00e4tssicherungs- und Umweltschutzstandards<br \/><strong>L\u00f6sungen f\u00fcr jeden Bedarf<\/strong><\/p>\n<p>[\/et_pb_text][\/et_pb_column][\/et_pb_row][et_pb_row disabled_on=&#8220;on|on|on&#8220; _builder_version=&#8220;4.16&#8243; background_size=&#8220;initial&#8220; background_position=&#8220;top_left&#8220; background_repeat=&#8220;repeat&#8220; disabled=&#8220;on&#8220; global_colors_info=&#8220;{}&#8220;][et_pb_column type=&#8220;4_4&#8243; _builder_version=&#8220;4.16&#8243; custom_padding=&#8220;|||&#8220; global_colors_info=&#8220;{}&#8220; custom_padding__hover=&#8220;|||&#8220;][et_pb_text _builder_version=&#8220;4.16&#8243; global_colors_info=&#8220;{}&#8220;]<span style=\"font-size: 24pt;\">Produktmaterialien<\/span>[\/et_pb_text][\/et_pb_column][\/et_pb_row][et_pb_row column_structure=&#8220;1_2,1_2&#8243; disabled_on=&#8220;on|on|on&#8220; _builder_version=&#8220;4.16&#8243; background_color=&#8220;#ffffff&#8220; disabled=&#8220;on&#8220; global_colors_info=&#8220;{}&#8220;][et_pb_column type=&#8220;1_2&#8243; _builder_version=&#8220;4.16&#8243; background_color=&#8220;#ffffff&#8220; custom_padding=&#8220;|||&#8220; global_colors_info=&#8220;{}&#8220; custom_padding__hover=&#8220;|||&#8220;][et_pb_selected_documents _builder_version=&#8220;4.10.3&#8243; global_colors_info=&#8220;{}&#8220;][et_pb_document post_id=&#8220;103116&#8243; title=&#8220;Pit-LPC &#8211; brochure&#8220; _builder_version=&#8220;4.10.3&#8243; global_colors_info=&#8220;{}&#8220;][\/et_pb_document][et_pb_document post_id=&#8220;123878&#8243; title=&#8220;ZeroFlow\u00ae &#8211; brochure&#8220; _builder_version=&#8220;4.10.3&#8243; global_colors_info=&#8220;{}&#8220;][\/et_pb_document][et_pb_document post_id=&#8220;104583&#8243; title=&#8220;CaseMaster Evolution\u00ae &#8211; brochure&#8220; _builder_version=&#8220;4.10.3&#8243; _module_preset=&#8220;default&#8220; global_colors_info=&#8220;{}&#8220;][\/et_pb_document][et_pb_document post_id=&#8220;123903&#8243; title=&#8220;Super IQ &#8211; brochure&#8220; _builder_version=&#8220;4.10.3&#8243; _module_preset=&#8220;default&#8220; global_colors_info=&#8220;{}&#8220;][\/et_pb_document][\/et_pb_selected_documents][\/et_pb_column][et_pb_column type=&#8220;1_2&#8243; _builder_version=&#8220;4.16&#8243; custom_padding=&#8220;|||&#8220; global_colors_info=&#8220;{}&#8220; custom_padding__hover=&#8220;|||&#8220;][et_pb_selected_documents _builder_version=&#8220;4.10.3&#8243; global_colors_info=&#8220;{}&#8220;][et_pb_document post_id=&#8220;103037&#8243; title=&#8220;VECTOR&#8220; _builder_version=&#8220;3.6&#8243; global_colors_info=&#8220;{}&#8220;][\/et_pb_document][et_pb_document post_id=&#8220;93326&#8243; title=&#8220;Vector 3D Vacuum Furnace System&#8220; _builder_version=&#8220;3.6&#8243; global_colors_info=&#8220;{}&#8220;][\/et_pb_document][et_pb_document post_id=&#8220;104606&#8243; title=&#8220;4D Quench\u00ae- brochure&#8220; _builder_version=&#8220;4.10.3&#8243; global_colors_info=&#8220;{}&#8220;][\/et_pb_document][et_pb_document post_id=&#8220;104574&#8243; title=&#8220;UniCase Master\u00ae &#8211; brochure&#8220; _builder_version=&#8220;4.10.3&#8243; _module_preset=&#8220;default&#8220; global_colors_info=&#8220;{}&#8220;][\/et_pb_document][\/et_pb_selected_documents][\/et_pb_column][\/et_pb_row][et_pb_row _builder_version=&#8220;4.16&#8243; background_size=&#8220;initial&#8220; background_position=&#8220;top_left&#8220; background_repeat=&#8220;repeat&#8220; global_colors_info=&#8220;{}&#8220;][et_pb_column type=&#8220;4_4&#8243; _builder_version=&#8220;4.16&#8243; custom_padding=&#8220;|||&#8220; global_colors_info=&#8220;{}&#8220; custom_padding__hover=&#8220;|||&#8220;][et_pb_code admin_label=&#8220;crm-rfq-de&#8220; _builder_version=&#8220;4.10.3&#8243; _module_preset=&#8220;default&#8220; global_module=&#8220;123766&#8243; global_colors_info=&#8220;{}&#8220;]<!-- [et_pb_line_break_holder] --><pee style=\"text-align: center;\"><a class=\"small-button smallred\" style=\"font-size: 20px; padding: 20px 60px;\" href=\"https:\/\/www.secowarwick.com\/de\/fordern-sie-hier-ihr-angebot-an\/\"><span style=\"display: block; transform: skew(15deg,0deg); -webkit-transform: skew(15deg,0deg); font-size: 20px; !important\">UM EIN ANGEBOT BITTEN<\/span><\/a><\/pee>[\/et_pb_code][\/et_pb_column][\/et_pb_row][\/et_pb_section]<\/p>\n","protected":false},"excerpt":{"rendered":"<p>[et_pb_breadcrumbs _builder_version=&#8220;4.10.3&#8243; _module_preset=&#8220;default&#8220; global_colors_info=&#8220;{}&#8220;][\/et_pb_breadcrumbs]Innovative Vakuum\u00f6fen f\u00fcr die Vakuum-W\u00e4rmebehandlung &nbsp; Vakuumw\u00e4rmebehandlung Technologien und Ausr\u00fcstung &nbsp; Moderne, pr\u00e4zise, energieeffiziente und \u00f6kologische Vakuumanlagen mit bew\u00e4hrter Technik. Die Erfahrung von SECO\/WARWICK bei der Entwicklung dieser L\u00f6sungen reicht bis in&nbsp;die 70er Jahre des 20. Jahrhunderts zur\u00fcck, als in&nbsp;der Luft- und Raumfahrt-, Automobil-, Verteidigungs-, Metallurgie-, Medizin-, Nuklear- und Versorgungswirtschaft vakuumbasierte W\u00e4rmebehandlungstechnologien [&hellip;]<\/p>\n","protected":false},"author":9,"featured_media":87892,"parent":7106,"menu_order":0,"comment_status":"closed","ping_status":"closed","template":"","meta":{"_acf_changed":false,"_et_pb_use_builder":"on","_et_pb_old_content":"<p>The Vacuum Heat Treatment Furnaces Group provides advanced, energy-efficient and environmentally friendly <strong>vacuum heat treatment equipment<\/strong>with guaranteed process technology. \u00a0Our <strong>vacuum furnaces<\/strong> are used in applications for annealing, brazing, sintering, gas quench (High Pressure Gas Quenching), vacuum oil quench, vacuum carburizing and nitriding (Low Pressure Carburizing, PreNit high speed vacuum carburizing), along with a wide variety of custom engineered process technologies. SECO\/WARWICK vacuum furnace equipment is in operation around the world in the aerospace, power generation, tool & die, medical, machine, automotive and commercial heat treatment industries in both batch and mass production environments.<\/p>","_et_gb_content_width":"","footnotes":""},"class_list":["post-7218","page","type-page","status-publish","has-post-thumbnail"],"acf":[],"_links":{"self":[{"href":"https:\/\/www.secowarwick.com\/de\/wp-json\/wp\/v2\/pages\/7218","targetHints":{"allow":["GET"]}}],"collection":[{"href":"https:\/\/www.secowarwick.com\/de\/wp-json\/wp\/v2\/pages"}],"about":[{"href":"https:\/\/www.secowarwick.com\/de\/wp-json\/wp\/v2\/types\/page"}],"author":[{"embeddable":true,"href":"https:\/\/www.secowarwick.com\/de\/wp-json\/wp\/v2\/users\/9"}],"replies":[{"embeddable":true,"href":"https:\/\/www.secowarwick.com\/de\/wp-json\/wp\/v2\/comments?post=7218"}],"version-history":[{"count":31,"href":"https:\/\/www.secowarwick.com\/de\/wp-json\/wp\/v2\/pages\/7218\/revisions"}],"predecessor-version":[{"id":188361,"href":"https:\/\/www.secowarwick.com\/de\/wp-json\/wp\/v2\/pages\/7218\/revisions\/188361"}],"up":[{"embeddable":true,"href":"https:\/\/www.secowarwick.com\/de\/wp-json\/wp\/v2\/pages\/7106"}],"wp:featuredmedia":[{"embeddable":true,"href":"https:\/\/www.secowarwick.com\/de\/wp-json\/wp\/v2\/media\/87892"}],"wp:attachment":[{"href":"https:\/\/www.secowarwick.com\/de\/wp-json\/wp\/v2\/media?parent=7218"}],"curies":[{"name":"wp","href":"https:\/\/api.w.org\/{rel}","templated":true}]}}