{"id":7236,"date":"2016-10-09T14:33:41","date_gmt":"2016-10-09T12:33:41","guid":{"rendered":"http:\/\/www.secowarwick.com\/de\/produkte\/vacuum-metallurgy\/"},"modified":"2025-10-30T06:39:49","modified_gmt":"2025-10-30T05:39:49","slug":"retech-vakuummetallurgie-anlagen-vme","status":"publish","type":"page","link":"https:\/\/www.secowarwick.com\/de\/produkte\/retech-vakuummetallurgie-anlagen-vme\/","title":{"rendered":"Vakuumschmelz\u00f6fen"},"content":{"rendered":"<p>[et_pb_section fb_built=&#8220;1&#8243; _builder_version=&#8220;4.16&#8243; global_colors_info=&#8220;{}&#8220;][et_pb_row _builder_version=&#8220;4.16&#8243; background_size=&#8220;initial&#8220; background_position=&#8220;top_left&#8220; background_repeat=&#8220;repeat&#8220; global_colors_info=&#8220;{}&#8220;][et_pb_column type=&#8220;4_4&#8243; _builder_version=&#8220;4.16&#8243; custom_padding=&#8220;|||&#8220; global_colors_info=&#8220;{}&#8220; custom_padding__hover=&#8220;|||&#8220;][et_pb_image src=&#8220;https:\/\/www.secowarwick.com\/wp-content\/uploads\/2019\/12\/VACUUM-MELTING-slider.jpg&#8220; alt=&#8220;Vakuumschmelz\u00f6fen SECO\/WARWICK&#8220; title_text=&#8220;Vakuumschmelz\u00f6fen SECO\/WARWICK&#8220; align_tablet=&#8220;center&#8220; align_phone=&#8220;&#8220; align_last_edited=&#8220;on|desktop&#8220; _builder_version=&#8220;4.16&#8243; global_colors_info=&#8220;{}&#8220;][\/et_pb_image][et_pb_text module_class=&#8220;p-seco-product-header-text&#8220; _builder_version=&#8220;4.16&#8243; global_colors_info=&#8220;{}&#8220;][\/et_pb_text][\/et_pb_column][\/et_pb_row][et_pb_row _builder_version=&#8220;4.16&#8243; background_size=&#8220;initial&#8220; background_position=&#8220;top_left&#8220; background_repeat=&#8220;repeat&#8220; global_colors_info=&#8220;{}&#8220;][et_pb_column type=&#8220;4_4&#8243; _builder_version=&#8220;4.16&#8243; custom_padding=&#8220;|||&#8220; global_colors_info=&#8220;{}&#8220; custom_padding__hover=&#8220;|||&#8220;][et_pb_text module_class=&#8220;podtytuly&#8220; _builder_version=&#8220;4.16&#8243; global_colors_info=&#8220;{}&#8220;]<\/p>\n<h1>Vakuumschmelz\u00f6fen<\/h1>\n<p>&nbsp;<\/p>\n<h2>\u00d6fen zum Schmelzen und W\u00e4rmebehandeln unter Vakuum<\/h2>\n<p>&nbsp;<\/p>\n<p>Die vakuum-metallurgischen Anlagen von Retech werden in&nbsp;unseren Werken in&nbsp;den Vereinigten Staaten und Polen hergestellt, den Regionen mit der h\u00f6chsten Nachfrage nach <strong>Hochschmelz- und Gie\u00dfereitechnologien<\/strong>. Seit 2006 ist Retech ein Teil der SECO\/Warwick Gruppe und bietet damit den Kunden noch umfassendere L\u00f6sungen f\u00fcr <strong>Schmelz- und W\u00e4rmebehandlungs\u00f6fen<\/strong>.<\/p>\n<p><strong>Technologien<\/strong>: Plasma-Lichtbogenschmelzen (PAM), Elektronenstrahlschmelzen (EB), Vakuum-Induktionsschmelzen (VIM) und Vakuum-Lichtbogen-Umschmelzen (VAR)<\/p>\n<p><strong>Anwendungen:<\/strong> Metallschmelzen und Legieren, Equiax (EQ), Gerichtetes Erstarren (DS), Einkristallguss (SC), Kaltwand-Induktionsschmelzen (CWI),<\/p>\n<p><strong>Industrien<\/strong>: Luft- und Raumfahrt, Energie, Verteidigung, Pulvermetallurgie, Medizin, Automobil und Kernkraft.<\/p>\n<p><strong>Einzigartige Features<\/strong>: hohe Leistung, Wiederholbarkeit durch Prozessautomatisierung und moderne Steuerungssysteme, Pr\u00e4zisionsvorschubsysteme.<\/p>\n<p><strong>Verarbeitete Materialien:\u00a0<\/strong>Titan und seine Legierungen, Tantal, Wolfram, Niob, Zirkonium, Silizium, Nickel, Kobaltlegierungen und andere.<\/p>\n<p><strong>F\u00fcr weitere Informationen gehen Sie zu<\/strong>\u00a0<a href=\"http:\/\/www.retechsystemsllc.com\/\" target=\"_blank\" rel=\"noopener\">www.retechsystemsllc.com<\/a><\/p>\n<p>&nbsp;<\/p>\n<p>[\/et_pb_text][et_pb_seco_products product_1_title=&#8220;Vakuum-Induktionsschmelz\u00f6fen &#8211; JetCaster\u00ae&#8220; product_1_src=&#8220;https:\/\/www.secowarwick.com\/wp-content\/uploads\/2022\/04\/JetCaster-extra-mini.jpg&#8220; product_1_alt=&#8220;JetCaster &#8211; Vakuum-Induktionsschmelz\u00f6fen&#8220; product_1_button=&#8220;MEHR&#8220; product_1_url=&#8220;https:\/\/www.secowarwick.com\/de\/vim-jet-caster\/&#8220; product_2_title=&#8220;Vakuum-Induktionsschmelzen&#8220; product_2_src=&#8220;https:\/\/www.secowarwick.com\/wp-content\/uploads\/2021\/10\/Vacuum-Induction-Melting-VIM-retech.jpg&#8220; product_2_alt=&#8220;Vakuum-Induktionsschmelzen&#8220; product_2_button=&#8220;MEHR&#8220; product_2_url=&#8220;https:\/\/www.retechsystemsllc.com\/products\/vacuum-induction-melting-vim&#8220; product_2_new_window=&#8220;on&#8220; product_3_title=&#8220;Vakuum-Lichtbogen-Umschmelzen (VAR)&#8220; product_3_src=&#8220;https:\/\/www.secowarwick.com\/wp-content\/uploads\/2021\/10\/Vacuum-Arc-Remelt-VAR.jpg&#8220; product_3_alt=&#8220;Vakuum-Lichtbogen-Umschmelzen (VAR)&#8220; product_3_button=&#8220;MEHR&#8220; product_3_url=&#8220;https:\/\/www.retechsystemsllc.com\/products\/vacuum-arc-remelt-var&#8220; product_3_new_window=&#8220;on&#8220; product_4_title=&#8220;Elektronenstrahlschmelzen (EBM)&#8220; product_4_src=&#8220;https:\/\/www.secowarwick.com\/wp-content\/uploads\/2021\/10\/Electron-Beam-Melting-EB.jpg&#8220; product_4_alt=&#8220;Elektronenstrahlschmelzen (EBM)&#8220; product_4_button=&#8220;MEHR&#8220; product_4_url=&#8220;https:\/\/www.retechsystemsllc.com\/products\/electron-beam-melting-eb&#8220; product_4_new_window=&#8220;on&#8220; product_5_title=&#8220;Plasmalichtbogen-Schmelzen (PAM)&#8220; product_5_src=&#8220;https:\/\/www.secowarwick.com\/wp-content\/uploads\/2021\/10\/Plasma-Arc-Melting-PAM-1.jpg&#8220; product_5_alt=&#8220;Plasmalichtbogen-Schmelzen (PAM)&#8220; product_5_button=&#8220;MEHR&#8220; product_5_url=&#8220;https:\/\/www.retechsystemsllc.com\/products\/plasma-arc-melting-pam&#8220; product_5_new_window=&#8220;on&#8220; module_id=&#8220;secoalutest&#8220; module_class=&#8220;disable-animation max800&#8243; _builder_version=&#8220;4.23.1&#8243; _module_preset=&#8220;default&#8220; global_colors_info=&#8220;{}&#8220;][\/et_pb_seco_products][\/et_pb_column][\/et_pb_row][et_pb_row _builder_version=&#8220;4.16&#8243; background_size=&#8220;initial&#8220; background_position=&#8220;top_left&#8220; background_repeat=&#8220;repeat&#8220; global_colors_info=&#8220;{}&#8220;][et_pb_column type=&#8220;4_4&#8243; _builder_version=&#8220;4.16&#8243; custom_padding=&#8220;|||&#8220; global_colors_info=&#8220;{}&#8220; custom_padding__hover=&#8220;|||&#8220;][et_pb_text _builder_version=&#8220;4.16&#8243; global_colors_info=&#8220;{}&#8220;]<span style=\"font-size: 24pt;\">Produktmaterialien<\/span>[\/et_pb_text][\/et_pb_column][\/et_pb_row][et_pb_row column_structure=&#8220;1_2,1_2&#8243; _builder_version=&#8220;4.16&#8243; background_color=&#8220;#ffffff&#8220; global_colors_info=&#8220;{}&#8220;][et_pb_column type=&#8220;1_2&#8243; _builder_version=&#8220;4.16&#8243; background_color=&#8220;#ffffff&#8220; custom_padding=&#8220;|||&#8220; global_colors_info=&#8220;{}&#8220; custom_padding__hover=&#8220;|||&#8220;][et_pb_selected_documents _builder_version=&#8220;3.6&#8243; global_colors_info=&#8220;{}&#8220;][et_pb_document post_id=&#8220;105045&#8243; title=&#8220;General Vacuum Metallurgical Equipment&#8220; _builder_version=&#8220;3.6&#8243; global_colors_info=&#8220;{}&#8220;][\/et_pb_document][et_pb_document post_id=&#8220;15943&#8243; title=&#8220;Electron Beam Melting (EB) Systems &#8211; brochure&#8220; _builder_version=&#8220;3.6&#8243; global_colors_info=&#8220;{}&#8220;][\/et_pb_document][et_pb_document post_id=&#8220;105024&#8243; title=&#8220;Plasma Arc Melting (PAM) Systems &#8211; brochure&#8220; _builder_version=&#8220;3.6&#8243; global_colors_info=&#8220;{}&#8220;][\/et_pb_document][\/et_pb_selected_documents][\/et_pb_column][et_pb_column type=&#8220;1_2&#8243; _builder_version=&#8220;4.16&#8243; custom_padding=&#8220;|||&#8220; global_colors_info=&#8220;{}&#8220; custom_padding__hover=&#8220;|||&#8220;][et_pb_selected_documents _builder_version=&#8220;4.23.1&#8243; global_colors_info=&#8220;{}&#8220;][et_pb_document post_id=&#8220;113298&#8243; title=&#8220;Vacuum Arc Remelting (VAR) Systems &#8211; brochure&#8220; _builder_version=&#8220;3.6&#8243; global_colors_info=&#8220;{}&#8220;][\/et_pb_document][et_pb_document post_id=&#8220;15955&#8243; title=&#8220;Vacuum Induction Melting (VIM) Systems &#8211; brochure&#8220; _builder_version=&#8220;3.6&#8243; global_colors_info=&#8220;{}&#8220;][\/et_pb_document][et_pb_document post_id=&#8220;28257&#8243; title=&#8220;Vakuum Lichtbogen-Umschmelz\u00f6fen (VAR)&#8220; _builder_version=&#8220;3.6&#8243; global_colors_info=&#8220;{}&#8220;][\/et_pb_document][et_pb_document post_id=&#8220;105033&#8243; title=&#8220;Plasma ARC Melting (PAM) Furnaces&#8220; _builder_version=&#8220;3.6&#8243; global_colors_info=&#8220;{}&#8220;][\/et_pb_document][et_pb_document post_id=&#8220;28251&#8243; title=&#8220;Elektronenstrahl\u00f6fen&#8220; _builder_version=&#8220;3.6&#8243; global_colors_info=&#8220;{}&#8220;][\/et_pb_document][et_pb_document post_id=&#8220;181768&#8243; _builder_version=&#8220;4.23.1&#8243; _module_preset=&#8220;default&#8220; global_colors_info=&#8220;{}&#8220;][\/et_pb_document][\/et_pb_selected_documents][\/et_pb_column][\/et_pb_row][et_pb_row _builder_version=&#8220;4.16&#8243; background_size=&#8220;initial&#8220; background_position=&#8220;top_left&#8220; background_repeat=&#8220;repeat&#8220; global_colors_info=&#8220;{}&#8220;][et_pb_column type=&#8220;4_4&#8243; _builder_version=&#8220;4.16&#8243; custom_padding=&#8220;|||&#8220; global_colors_info=&#8220;{}&#8220; custom_padding__hover=&#8220;|||&#8220;][et_pb_code admin_label=&#8220;crm-rfq-de&#8220; _builder_version=&#8220;4.10.3&#8243; _module_preset=&#8220;default&#8220; global_module=&#8220;123766&#8243; saved_tabs=&#8220;all&#8220; global_colors_info=&#8220;{}&#8220;]<!-- [et_pb_line_break_holder] --><pee style=\"text-align: center;\"><a class=\"small-button smallred\" style=\"font-size: 20px; padding: 20px 60px;\" href=\"https:\/\/www.secowarwick.com\/de\/fordern-sie-hier-ihr-angebot-an\/\"><span style=\"display: block; transform: skew(15deg,0deg); -webkit-transform: skew(15deg,0deg); font-size: 20px; !important\">UM EIN ANGEBOT BITTEN<\/span><\/a><\/pee>[\/et_pb_code][\/et_pb_column][\/et_pb_row][\/et_pb_section]<\/p>\n","protected":false},"excerpt":{"rendered":"<p>Vakuumschmelz\u00f6fen &nbsp; \u00d6fen zum Schmelzen und W\u00e4rmebehandeln unter Vakuum &nbsp; Die vakuum-metallurgischen Anlagen von Retech werden in&nbsp;unseren Werken in&nbsp;den Vereinigten Staaten und Polen hergestellt, den Regionen mit der h\u00f6chsten Nachfrage nach Hochschmelz- und Gie\u00dfereitechnologien. Seit 2006 ist Retech ein Teil der SECO\/Warwick Gruppe und bietet damit den Kunden noch umfassendere L\u00f6sungen f\u00fcr Schmelz- und W\u00e4rmebehandlungs\u00f6fen. [&hellip;]<\/p>\n","protected":false},"author":9,"featured_media":87696,"parent":7106,"menu_order":0,"comment_status":"closed","ping_status":"closed","template":"","meta":{"_acf_changed":false,"_et_pb_use_builder":"on","_et_pb_old_content":"<p><strong>SECO\/WARWICK is a global leader in the supply of vacuum metallurgical processing equipment, from laboratory scale to custom engineered systems. \u00a0<\/strong>Our advanced process technologies include <strong>Plasma Arc Melting<\/strong> and<strong>Electron Beam Cold Hearth Melting<\/strong>, <strong>Vacuum Induction Melting<\/strong> and <strong>Vacuum Arc Remelting<\/strong> used for melting, refining, atomizing of casting reactive and refractory metals, super-alloys as well as rare earth metals.<\/p><p>Vacuum metallurgical equipment is manufactured globally in our facilities in Europe, US and China. \u00a0Our offices worldwide are fully staffed to provide system engineering, manufacturing and service directly to the European community.<\/p>","_et_gb_content_width":"","footnotes":""},"class_list":["post-7236","page","type-page","status-publish","has-post-thumbnail"],"acf":[],"_links":{"self":[{"href":"https:\/\/www.secowarwick.com\/de\/wp-json\/wp\/v2\/pages\/7236","targetHints":{"allow":["GET"]}}],"collection":[{"href":"https:\/\/www.secowarwick.com\/de\/wp-json\/wp\/v2\/pages"}],"about":[{"href":"https:\/\/www.secowarwick.com\/de\/wp-json\/wp\/v2\/types\/page"}],"author":[{"embeddable":true,"href":"https:\/\/www.secowarwick.com\/de\/wp-json\/wp\/v2\/users\/9"}],"replies":[{"embeddable":true,"href":"https:\/\/www.secowarwick.com\/de\/wp-json\/wp\/v2\/comments?post=7236"}],"version-history":[{"count":11,"href":"https:\/\/www.secowarwick.com\/de\/wp-json\/wp\/v2\/pages\/7236\/revisions"}],"predecessor-version":[{"id":186149,"href":"https:\/\/www.secowarwick.com\/de\/wp-json\/wp\/v2\/pages\/7236\/revisions\/186149"}],"up":[{"embeddable":true,"href":"https:\/\/www.secowarwick.com\/de\/wp-json\/wp\/v2\/pages\/7106"}],"wp:featuredmedia":[{"embeddable":true,"href":"https:\/\/www.secowarwick.com\/de\/wp-json\/wp\/v2\/media\/87696"}],"wp:attachment":[{"href":"https:\/\/www.secowarwick.com\/de\/wp-json\/wp\/v2\/media?parent=7236"}],"curies":[{"name":"wp","href":"https:\/\/api.w.org\/{rel}","templated":true}]}}