{"id":7260,"date":"2016-10-01T13:09:29","date_gmt":"2016-10-01T11:09:29","guid":{"rendered":"http:\/\/www.secowarwick.com\/de\/technik-im-rampenlicht\/research-development\/"},"modified":"2025-02-06T11:39:39","modified_gmt":"2025-02-06T10:39:39","slug":"forschung-entwicklung","status":"publish","type":"page","link":"https:\/\/www.secowarwick.com\/de\/technik-im-rampenlicht\/forschung-entwicklung\/","title":{"rendered":"Forschung + Entwicklung"},"content":{"rendered":"<p>[et_pb_section fb_built=&#8220;1&#8243; admin_label=&#8220;section&#8220; _builder_version=&#8220;4.16&#8243; global_colors_info=&#8220;{}&#8220;][et_pb_row admin_label=&#8220;row&#8220; _builder_version=&#8220;4.16&#8243; background_size=&#8220;initial&#8220; background_position=&#8220;top_left&#8220; background_repeat=&#8220;repeat&#8220; global_colors_info=&#8220;{}&#8220; column_structure=&#8220;2_3,1_3&#8243;][et_pb_column type=&#8220;2_3&#8243; _builder_version=&#8220;4.16&#8243; custom_padding=&#8220;|||&#8220; global_colors_info=&#8220;{}&#8220; custom_padding__hover=&#8220;|||&#8220;][et_pb_image src=&#8220;https:\/\/www.secowarwick.com\/wp-content\/uploads\/2016\/10\/rd.jpg&#8220; align=&#8220;center&#8220; align_tablet=&#8220;center&#8220; align_last_edited=&#8220;on|desktop&#8220; _builder_version=&#8220;4.23.1&#8243; animation_style=&#8220;slide&#8220; animation_direction=&#8220;bottom&#8220; animation_duration=&#8220;500ms&#8220; animation_intensity_slide=&#8220;10%&#8220; hover_enabled=&#8220;0&#8243; animation=&#8220;bottom&#8220; sticky=&#8220;off&#8220; use_border_color=&#8220;off&#8220; border_color=&#8220;#ffffff&#8220; border_style=&#8220;solid&#8220; always_center_on_mobile=&#8220;on&#8220; global_colors_info=&#8220;{}&#8220; alt=&#8220;Forschung + Entwicklung&#8220; sticky_enabled=&#8220;0&#8243; align_phone=&#8220;center&#8220;][\/et_pb_image][et_pb_text _builder_version=&#8220;4.16&#8243; background_size=&#8220;initial&#8220; background_position=&#8220;top_left&#8220; background_repeat=&#8220;repeat&#8220; use_border_color=&#8220;off&#8220; border_color=&#8220;#ffffff&#8220; border_style=&#8220;solid&#8220; global_colors_info=&#8220;{}&#8220;]SECO\/WARWICK folgt konsequent der erfolgreichen Strategie, unseren Kunden innovative Produkte h\u00f6chster Qualit\u00e4t anzubieten. Unsere F+E-Abteilung arbeitet an Technologien, die Effizienz und Qualit\u00e4t der W\u00e4rmebhehandlung unserer Kunden verbessern. Unsere Labore, die mit industriell skalierten Anlagen ausger\u00fcstet sind, stehen f\u00fcr Einzeluntersuchungen und Tests unter Serienbedingungen zur Verf\u00fcgung unserer Kunden. Wir weisen damit die Leistungsf\u00e4higkeit zu liefernder Anlagen nach, so dass unsere Kunden sicher und zuverl\u00e4ssig Ihre Produktion planen und die Qualit\u00e4t Ihrer eigenen Produkte gew\u00e4hrleisten k\u00f6nnen.<br \/>\n[\/et_pb_text][\/et_pb_column][et_pb_column type=&#8220;1_3&#8243; _builder_version=&#8220;4.16&#8243; custom_padding=&#8220;|||&#8220; global_colors_info=&#8220;{}&#8220; custom_padding__hover=&#8220;|||&#8220;][et_pb_text _builder_version=&#8220;4.16&#8243; background_size=&#8220;initial&#8220; background_position=&#8220;top_left&#8220; background_repeat=&#8220;repeat&#8220; use_border_color=&#8220;off&#8220; global_colors_info=&#8220;{}&#8220;]Kontakt<\/p>\n<p><strong>Dorota Rabenda, Project Manager<\/strong><\/p>\n<p>Tel.: +48 68 4111 644 , Mob: +48&nbsp; 501&nbsp;649&nbsp;134<br \/>\nE-mail:&nbsp;<a href=\"mailto:dorota.rabenda@secowarwick.com\">Dorota.Rabenda@secowarwick.com<\/a><\/p>\n<p><strong>\u0141ukasz Piechowicz, PhD, Eng., R&amp;D Director<\/strong><br \/>\nTel.: +48 68 3819&nbsp;800 | mob. +48&nbsp;517&nbsp;808 410<br \/>\nE-mail:&nbsp;<a href=\"mailto:Lukasz.Piechowicz@secowarwick.com\">Lukasz.Piechowicz@secowarwick.com<\/a><br \/>\n[\/et_pb_text][\/et_pb_column][\/et_pb_row][\/et_pb_section]<\/p>\n","protected":false},"excerpt":{"rendered":"<p>SECO\/WARWICK folgt konsequent der erfolgreichen Strategie, unseren Kunden innovative Produkte h\u00f6chster Qualit\u00e4t anzubieten. Unsere F+E-Abteilung arbeitet an Technologien, die Effizienz und Qualit\u00e4t der W\u00e4rmebhehandlung unserer Kunden verbessern. Unsere Labore, die mit industriell skalierten Anlagen ausger\u00fcstet sind, stehen f\u00fcr Einzeluntersuchungen und Tests unter Serienbedingungen zur Verf\u00fcgung unserer Kunden. Wir weisen damit die Leistungsf\u00e4higkeit zu liefernder Anlagen [&hellip;]<\/p>\n","protected":false},"author":9,"featured_media":0,"parent":7249,"menu_order":0,"comment_status":"closed","ping_status":"closed","template":"","meta":{"_acf_changed":false,"_et_pb_use_builder":"on","_et_pb_old_content":"","_et_gb_content_width":"","footnotes":""},"class_list":["post-7260","page","type-page","status-publish"],"acf":[],"_links":{"self":[{"href":"https:\/\/www.secowarwick.com\/de\/wp-json\/wp\/v2\/pages\/7260","targetHints":{"allow":["GET"]}}],"collection":[{"href":"https:\/\/www.secowarwick.com\/de\/wp-json\/wp\/v2\/pages"}],"about":[{"href":"https:\/\/www.secowarwick.com\/de\/wp-json\/wp\/v2\/types\/page"}],"author":[{"embeddable":true,"href":"https:\/\/www.secowarwick.com\/de\/wp-json\/wp\/v2\/users\/9"}],"replies":[{"embeddable":true,"href":"https:\/\/www.secowarwick.com\/de\/wp-json\/wp\/v2\/comments?post=7260"}],"version-history":[{"count":1,"href":"https:\/\/www.secowarwick.com\/de\/wp-json\/wp\/v2\/pages\/7260\/revisions"}],"predecessor-version":[{"id":171632,"href":"https:\/\/www.secowarwick.com\/de\/wp-json\/wp\/v2\/pages\/7260\/revisions\/171632"}],"up":[{"embeddable":true,"href":"https:\/\/www.secowarwick.com\/de\/wp-json\/wp\/v2\/pages\/7249"}],"wp:attachment":[{"href":"https:\/\/www.secowarwick.com\/de\/wp-json\/wp\/v2\/media?parent=7260"}],"curies":[{"name":"wp","href":"https:\/\/api.w.org\/{rel}","templated":true}]}}