{"id":7284,"date":"2016-11-22T12:33:49","date_gmt":"2016-11-22T11:33:49","guid":{"rendered":"http:\/\/www.secowarwick.com\/de\/technik-im-rampenlicht\/heat-treating-data-book\/"},"modified":"2020-12-14T19:36:02","modified_gmt":"2020-12-14T18:36:02","slug":"heat-treating-data-book","status":"publish","type":"page","link":"https:\/\/www.secowarwick.com\/de\/technik-im-rampenlicht\/heat-treating-data-book\/","title":{"rendered":"W\u00e4rmebehandlung Daten E-Book"},"content":{"rendered":"<p>[et_pb_section bb_built=&#8220;1&#8243; admin_label=&#8220;section&#8220;][et_pb_row admin_label=&#8220;row&#8220; background_position=&#8220;top_left&#8220; background_repeat=&#8220;repeat&#8220; background_size=&#8220;initial&#8220;][et_pb_column type=&#8220;3_4&#8243;][et_pb_text use_border_color=&#8220;off&#8220; background_position=&#8220;top_left&#8220; background_repeat=&#8220;repeat&#8220; background_size=&#8220;initial&#8220; _builder_version=&#8220;3.6&#8243;]<\/p>\n<div id=\"attachment_44183\" style=\"width: 421px\" class=\"wp-caption alignleft\"><a href=\"https:\/\/www.secowarwick.com\/en\/tech-spotlights\/heat-treating-data-book\/\" rel=\"attachment wp-att-44183\"><img decoding=\"async\" aria-describedby=\"caption-attachment-44183\" class=\"wp-image-44183 size-full\" src=\"https:\/\/www.secowarwick.com\/wp-content\/uploads\/2016\/11\/heat_treating_data_book.jpg\" alt=\"W\u00e4rmebehandlung von Metallen\" width=\"411\" height=\"592\" srcset=\"https:\/\/www.secowarwick.com\/wp-content\/uploads\/2016\/11\/heat_treating_data_book.jpg 411w, https:\/\/www.secowarwick.com\/wp-content\/uploads\/2016\/11\/heat_treating_data_book-104x150.jpg 104w, https:\/\/www.secowarwick.com\/wp-content\/uploads\/2016\/11\/heat_treating_data_book-208x300.jpg 208w\" sizes=\"(max-width: 411px) 100vw, 411px\" \/><\/a><p id=\"caption-attachment-44183\" class=\"wp-caption-text\">SECO\/WARWICK W\u00e4rmebehandlung Data Book<\/p><\/div>\n<h2>SECO\/WARWICK W\u00e4rmebehandlung Data Book<\/h2>\n<p>Daten-Bucheinband 10. Auslage. SECO\/WARWICK W\u00e4rmebehandlung Data Book enth\u00e4lt Informationen \u00fcber die W\u00e4rmebehandlung von Metallen. Dieses Buch ist nicht als Text zu verstehen, sondern als eine Sammlung von h\u00e4ufig verwendeten Referenzdaten f\u00fcr Personen, die mit der Technologie der W\u00e4rmebehandlung interessiert sind.<\/p>\n<p>Die Referenzinformationen umfassen die Arten von Stahl, Aluminium und Schutzatmosph\u00e4ren, allgemein verwendet in der W\u00e4rmebehandlung, zusammen mit Diagrammen, Tabellen und einfachen Berechnungen von einer Vielzahl der Verfahren aus der Branche der Atmosph\u00e4re und Vakuum-W\u00e4rmebehandlung.<\/p>\n<p>Dieses Buch wurde in gedruckter und in elektronischer Version ver\u00f6ffentlicht, um den Studenten, Betreibern von W\u00e4rmebehandlungs\u00f6fen, Anlagenbauern, Metallurgen und Konstrukteuren einen schnellen Verweis auf Branchendaten zur Verf\u00fcgung zu stellen, die unsere Kunden &#8211; kommerzielle und firmenverbundenen W\u00e4rmebehandler \u2013 als n\u00fctzlich gefunden haben.<\/p>\n<p>Wenn Sie durch das Buch Zeit sparen, haben wir das Gef\u00fchl, dass es seinen Zweck erf\u00fcllt hat.<\/p>\n<h3>Was ist neu in dieser Ausgabe?<\/h3>\n<p>Weitere Daten zu der Vakuumofen-Prozesstechnologie, die Zykluszeit und Verbrauchsmaterialien reduziert.<\/p>\n<p>[\/et_pb_text][\/et_pb_column][et_pb_column type=&#8220;1_4&#8243;][et_pb_selected_documents module_title=&#8220;Produktmaterialien&#8220; module_class=&#8220;selected-document-box&#8220;][et_pb_document post_id=&#8220;17005&#8243; title=&#8220;Heat Treating Data Book&#8220; \/][\/et_pb_selected_documents][\/et_pb_column][\/et_pb_row][\/et_pb_section]<\/p>\n","protected":false},"excerpt":{"rendered":"<p>SECO\/WARWICK W\u00e4rmebehandlung Data Book Daten-Bucheinband 10. Auslage. SECO\/WARWICK W\u00e4rmebehandlung Data Book enth\u00e4lt Informationen \u00fcber die W\u00e4rmebehandlung von Metallen. Dieses Buch ist nicht als Text zu verstehen, sondern als eine Sammlung von h\u00e4ufig verwendeten Referenzdaten f\u00fcr Personen, die mit der Technologie der W\u00e4rmebehandlung interessiert sind. Die Referenzinformationen umfassen die Arten von Stahl, Aluminium und Schutzatmosph\u00e4ren, allgemein [&hellip;]<\/p>\n","protected":false},"author":2,"featured_media":0,"parent":7249,"menu_order":0,"comment_status":"closed","ping_status":"closed","template":"","meta":{"_acf_changed":false,"_et_pb_use_builder":"on","_et_pb_old_content":"","_et_gb_content_width":"","footnotes":""},"class_list":["post-7284","page","type-page","status-publish"],"acf":[],"_links":{"self":[{"href":"https:\/\/www.secowarwick.com\/de\/wp-json\/wp\/v2\/pages\/7284","targetHints":{"allow":["GET"]}}],"collection":[{"href":"https:\/\/www.secowarwick.com\/de\/wp-json\/wp\/v2\/pages"}],"about":[{"href":"https:\/\/www.secowarwick.com\/de\/wp-json\/wp\/v2\/types\/page"}],"author":[{"embeddable":true,"href":"https:\/\/www.secowarwick.com\/de\/wp-json\/wp\/v2\/users\/2"}],"replies":[{"embeddable":true,"href":"https:\/\/www.secowarwick.com\/de\/wp-json\/wp\/v2\/comments?post=7284"}],"version-history":[{"count":0,"href":"https:\/\/www.secowarwick.com\/de\/wp-json\/wp\/v2\/pages\/7284\/revisions"}],"up":[{"embeddable":true,"href":"https:\/\/www.secowarwick.com\/de\/wp-json\/wp\/v2\/pages\/7249"}],"wp:attachment":[{"href":"https:\/\/www.secowarwick.com\/de\/wp-json\/wp\/v2\/media?parent=7284"}],"curies":[{"name":"wp","href":"https:\/\/api.w.org\/{rel}","templated":true}]}}