{"id":7381,"date":"2016-11-22T11:23:28","date_gmt":"2016-11-22T10:23:28","guid":{"rendered":"http:\/\/www.secowarwick.com\/de\/produkte\/steel-production-furnaces-reheat-and-annealing\/"},"modified":"2020-07-28T14:29:54","modified_gmt":"2020-07-28T12:29:54","slug":"anlagen-fuer-die-stahlindustrie","status":"publish","type":"page","link":"https:\/\/www.secowarwick.com\/de\/produkte\/anlagen-fuer-die-stahlindustrie\/","title":{"rendered":"Anlagen f\u00fcr die Stahlindustrie (ATM)"},"content":{"rendered":"<p>[et_pb_section bb_built=&#8220;1&#8243; transparent_background=&#8220;on&#8220; background_color=&#8220;rgba(255,255,255,0)&#8220; allow_player_pause=&#8220;off&#8220; inner_shadow=&#8220;off&#8220; parallax=&#8220;off&#8220; parallax_method=&#8220;off&#8220; custom_padding=&#8220;0px||5px|&#8220; padding_mobile=&#8220;off&#8220; make_fullwidth=&#8220;off&#8220; use_custom_width=&#8220;off&#8220; width_unit=&#8220;on&#8220; custom_width_px=&#8220;1080px&#8220; custom_width_percent=&#8220;80%&#8220; make_equal=&#8220;off&#8220; use_custom_gutter=&#8220;off&#8220; fullwidth=&#8220;off&#8220; specialty=&#8220;off&#8220; disabled=&#8220;off&#8220; custom_padding_tablet=&#8220;50px|0|50px|0&#8243; custom_padding_last_edited=&#8220;on|desktop&#8220; next_background_color=&#8220;#f9f9f9&#8243;][et_pb_row make_fullwidth=&#8220;off&#8220; use_custom_width=&#8220;off&#8220; width_unit=&#8220;on&#8220; custom_width_px=&#8220;1080px&#8220; custom_width_percent=&#8220;80%&#8220; use_custom_gutter=&#8220;off&#8220; gutter_width=&#8220;3&#8243; custom_padding=&#8220;0px||5px|&#8220; padding_mobile=&#8220;off&#8220; custom_margin=&#8220;||0px|&#8220; allow_player_pause=&#8220;off&#8220; parallax=&#8220;off&#8220; parallax_method=&#8220;off&#8220; make_equal=&#8220;off&#8220; column_padding_mobile=&#8220;on&#8220; parallax_1=&#8220;off&#8220; parallax_method_1=&#8220;off&#8220; parallax_2=&#8220;off&#8220; parallax_method_2=&#8220;on&#8220; parallax_3=&#8220;off&#8220; parallax_method_3=&#8220;on&#8220; parallax_4=&#8220;off&#8220; parallax_method_4=&#8220;on&#8220; disabled=&#8220;off&#8220; background_position=&#8220;top_left&#8220; background_repeat=&#8220;repeat&#8220; background_size=&#8220;initial&#8220;][et_pb_column type=&#8220;4_4&#8243;][et_pb_slider show_arrows=&#8220;on&#8220; show_pagination=&#8220;on&#8220; auto=&#8220;on&#8220; auto_speed=&#8220;4500&#8243; auto_ignore_hover=&#8220;off&#8220; parallax=&#8220;off&#8220; parallax_method=&#8220;off&#8220; remove_inner_shadow=&#8220;on&#8220; background_position=&#8220;default&#8220; background_size=&#8220;default&#8220; hide_content_on_mobile=&#8220;off&#8220; hide_cta_on_mobile=&#8220;off&#8220; show_image_video_mobile=&#8220;off&#8220; custom_button=&#8220;off&#8220; button_letter_spacing=&#8220;0&#8243; button_use_icon=&#8220;default&#8220; button_icon_placement=&#8220;right&#8220; button_on_hover=&#8220;off&#8220; button_letter_spacing_hover=&#8220;0&#8243; disabled=&#8220;off&#8220; custom_padding=&#8220;|||&#8220; custom_padding_tablet=&#8220;|||&#8220; custom_padding_phone=&#8220;|||&#8220; show_inner_shadow=&#8220;off&#8220; show_content_on_mobile=&#8220;on&#8220; show_cta_on_mobile=&#8220;on&#8220; box_shadow_horizontal=&#8220;0px&#8220; box_shadow_vertical=&#8220;0px&#8220; box_shadow_blur=&#8220;10px&#8220; box_shadow_spread=&#8220;0px&#8220; box_shadow_position=&#8220;inner&#8220; box_shadow_color=&#8220;rgba(0,0,0,0.1)&#8220; box_shadow_style=&#8220;none&#8220;][et_pb_slide background_image=&#8220;https:\/\/www.secowarwick.com\/wp-content\/uploads\/2016\/11\/Tip-Up.jpg&#8220; background_position=&#8220;default&#8220; background_size=&#8220;default&#8220; background_color=&#8220;#ffffff&#8220; use_bg_overlay=&#8220;off&#8220; use_text_overlay=&#8220;off&#8220; alignment=&#8220;center&#8220; background_layout=&#8220;dark&#8220; allow_player_pause=&#8220;off&#8220; text_border_radius=&#8220;3&#8243; header_font_select=&#8220;default&#8220; header_font=&#8220;||||&#8220; body_font_select=&#8220;default&#8220; body_font=&#8220;||||&#8220; custom_button=&#8220;off&#8220; button_font_select=&#8220;default&#8220; button_font=&#8220;||||&#8220; button_use_icon=&#8220;default&#8220; button_icon_placement=&#8220;right&#8220; button_on_hover=&#8220;on&#8220;]<\/p>\n<p>&nbsp;<\/p>\n<p>&nbsp;<\/p>\n<p>&nbsp;<\/p>\n<p>&nbsp;<\/p>\n<p>&nbsp;<\/p>\n<p>&nbsp;<\/p>\n<p>[\/et_pb_slide][\/et_pb_slider][\/et_pb_column][\/et_pb_row][\/et_pb_section][et_pb_section bb_built=&#8220;1&#8243; admin_label=&#8220;section&#8220; transparent_background=&#8220;off&#8220; background_color=&#8220;#f9f9f9&#8243; allow_player_pause=&#8220;off&#8220; inner_shadow=&#8220;off&#8220; parallax=&#8220;off&#8220; parallax_method=&#8220;off&#8220; custom_padding=&#8220;10px|||&#8220; padding_mobile=&#8220;off&#8220; make_fullwidth=&#8220;off&#8220; use_custom_width=&#8220;off&#8220; width_unit=&#8220;on&#8220; custom_width_px=&#8220;1080px&#8220; custom_width_percent=&#8220;80%&#8220; make_equal=&#8220;off&#8220; use_custom_gutter=&#8220;off&#8220; fullwidth=&#8220;off&#8220; specialty=&#8220;off&#8220; disabled=&#8220;off&#8220; custom_padding_tablet=&#8220;50px|0|50px|0&#8243; custom_padding_last_edited=&#8220;on|desktop&#8220; prev_background_color=&#8220;rgba(255,255,255,0)&#8220;][et_pb_row admin_label=&#8220;row&#8220; make_fullwidth=&#8220;off&#8220; use_custom_width=&#8220;off&#8220; width_unit=&#8220;off&#8220; custom_width_px=&#8220;1080px&#8220; custom_width_percent=&#8220;80%&#8220; use_custom_gutter=&#8220;off&#8220; gutter_width=&#8220;3&#8243; padding_mobile=&#8220;off&#8220; allow_player_pause=&#8220;off&#8220; parallax=&#8220;off&#8220; parallax_method=&#8220;on&#8220; make_equal=&#8220;off&#8220; column_padding_mobile=&#8220;on&#8220; parallax_1=&#8220;off&#8220; parallax_method_1=&#8220;on&#8220; parallax_2=&#8220;off&#8220; parallax_method_2=&#8220;on&#8220; parallax_3=&#8220;off&#8220; parallax_method_3=&#8220;on&#8220; parallax_4=&#8220;off&#8220; parallax_method_4=&#8220;on&#8220; disabled=&#8220;off&#8220; background_position=&#8220;top_left&#8220; background_repeat=&#8220;repeat&#8220; background_size=&#8220;initial&#8220;][et_pb_column type=&#8220;2_3&#8243;][et_pb_breadcrumbs \/][et_pb_text background_layout=&#8220;light&#8220; text_orientation=&#8220;justified&#8220; use_border_color=&#8220;off&#8220; border_style=&#8220;solid&#8220; disabled=&#8220;off&#8220; border_color=&#8220;#ffffff&#8220; background_position=&#8220;top_left&#8220; background_repeat=&#8220;repeat&#8220; background_size=&#8220;initial&#8220;]<\/p>\n<h1>Anlagen f\u00fcr die Stahlindustrie (ATM)<\/h1>\n<p>&nbsp;<\/p>\n<h2><\/h2>\n<p>SECO\/WARWICK liefert Ofenanlagen f\u00fcr die Stahl- und weiterverarbeitende Industrie.<\/p>\n<ul>\n<li>Wasserstoffhaubengl\u00fchen, Haubengl\u00fchanlagen<\/li>\n<li>Hubbalkenanlagen<\/li>\n<li>Hubherdanlagen<\/li>\n<li>Rollenherdanlagen<\/li>\n<li>Deckel\u00f6fen<\/li>\n<li>Durchsto\u00df\u00f6fen (Pusher)<\/li>\n<\/ul>\n<p>Diese Anlagen dienen zum Vorw\u00e4rmen von Stahlrohlingen for dem Weiterverarbeiten (Rollen, Walzen, Schmieden, Schneiden, Aufrollen und weitere). Ein wichtiges Produkt sind zudem die Wasserstoffgl\u00fchen f\u00fcr Stahl-Coilsh\u00f6herer Qualit\u00e4t. In einigen F\u00e4llen kommen in den Anlagen weiter W\u00e4rmebehandlungsverfahren zum Einsatz.<\/p>\n<h2>Industrie-Dienstleistungen<\/h2>\n<p>Eine breite Palette von Dienstleistungen steht f\u00fcr die Stahlproduktionssysteme zur Verf\u00fcgung. Dazu geh\u00f6ren Wiederaufbau-Projekte, Au\u00dfendienst, Machbarkeitsstudien, Ersatzteile, Lieferung von Ausr\u00fcstung, Aktualisierungen von Steuerung und Verbrennung und Herstellungsleistungen. Als Ergebnis dieser Dienstleistungen haben wir unseren Kunden bessere Leistungen, geringere Emission, bessere Effizienz und verbesserte Temperaturgleichf\u00f6rmigkeit der Produkte angeboten.<\/p>\n<p>&nbsp;<\/p>\n<p>Unsere Produktpalette auf einen Blick:<\/p>\n<p>&nbsp;<\/p>\n<table border=\"0\">\n<tbody>\n<tr>\n<td width=\"50%\">Anlagen f\u00fcr Warmwalzen:<\/p>\n<ul>\n<li>Hubbalkenofen<\/li>\n<li>Hubherdofen<\/li>\n<li>Sto\u00dfofen<\/li>\n<li>Rollenherdofen<\/li>\n<li>Drehherdofen<\/li>\n<li>Herdwagenofen<\/li>\n<li>Kippofen<\/li>\n<li>Steuersysteme<\/li>\n<li>Verbrennungssysteme<\/li>\n<\/ul>\n<\/td>\n<td width=\"50%\">Anlagen f\u00fcr Kaltwalzen.<\/p>\n<ul>\n<li>Konvektions-Wasserstoff Haubengl\u00fch\u00f6fen (Schutzatmosph\u00e4re aus 100% Wasserstoff oder Spaltammoniakgas)<\/li>\n<li>Bandstahl-Gl\u00fch- und Beizlinie<\/li>\n<li>Gewellte innere Schutzabdeckungen<\/li>\n<li>Ventilinsel\/-st\u00e4nder<\/li>\n<li>Coils-K\u00fchlung und Lagerungssysteme<\/li>\n<li>Steuersysteme<\/li>\n<li>Polykath-Packungen zur Entfeuchtung<\/li>\n<li>Trocknungs\u00f6fen<\/li>\n<\/ul>\n<\/td>\n<\/tr>\n<\/tbody>\n<\/table>\n<p>[\/et_pb_text][\/et_pb_column][et_pb_column type=&#8220;1_3&#8243;][et_pb_selected_documents module_title=&#8220;Produktmaterialien&#8220; module_class=&#8220;selected-document-box&#8220;][et_pb_document post_id=&#8220;28431&#8243; title=&#8220;White Paper \u2013 Stahl-W\u00e4rm\u00f6fen&#8220; \/][\/et_pb_selected_documents][\/et_pb_column][\/et_pb_row][\/et_pb_section]<\/p>\n","protected":false},"excerpt":{"rendered":"<p>&nbsp; &nbsp; &nbsp; &nbsp; &nbsp; &nbsp; [et_pb_breadcrumbs \/] Anlagen f\u00fcr die Stahlindustrie (ATM) &nbsp; SECO\/WARWICK liefert Ofenanlagen f\u00fcr die Stahl- und weiterverarbeitende Industrie. Wasserstoffhaubengl\u00fchen, Haubengl\u00fchanlagen Hubbalkenanlagen Hubherdanlagen Rollenherdanlagen Deckel\u00f6fen Durchsto\u00df\u00f6fen (Pusher) Diese Anlagen dienen zum Vorw\u00e4rmen von Stahlrohlingen for dem Weiterverarbeiten (Rollen, Walzen, Schmieden, Schneiden, Aufrollen und weitere). Ein wichtiges Produkt sind zudem die Wasserstoffgl\u00fchen [&hellip;]<\/p>\n","protected":false},"author":2,"featured_media":0,"parent":7106,"menu_order":0,"comment_status":"closed","ping_status":"closed","template":"","meta":{"_acf_changed":false,"_et_pb_use_builder":"on","_et_pb_old_content":"","_et_gb_content_width":"","footnotes":""},"class_list":["post-7381","page","type-page","status-publish"],"acf":[],"_links":{"self":[{"href":"https:\/\/www.secowarwick.com\/de\/wp-json\/wp\/v2\/pages\/7381","targetHints":{"allow":["GET"]}}],"collection":[{"href":"https:\/\/www.secowarwick.com\/de\/wp-json\/wp\/v2\/pages"}],"about":[{"href":"https:\/\/www.secowarwick.com\/de\/wp-json\/wp\/v2\/types\/page"}],"author":[{"embeddable":true,"href":"https:\/\/www.secowarwick.com\/de\/wp-json\/wp\/v2\/users\/2"}],"replies":[{"embeddable":true,"href":"https:\/\/www.secowarwick.com\/de\/wp-json\/wp\/v2\/comments?post=7381"}],"version-history":[{"count":0,"href":"https:\/\/www.secowarwick.com\/de\/wp-json\/wp\/v2\/pages\/7381\/revisions"}],"up":[{"embeddable":true,"href":"https:\/\/www.secowarwick.com\/de\/wp-json\/wp\/v2\/pages\/7106"}],"wp:attachment":[{"href":"https:\/\/www.secowarwick.com\/de\/wp-json\/wp\/v2\/media?parent=7381"}],"curies":[{"name":"wp","href":"https:\/\/api.w.org\/{rel}","templated":true}]}}