{"id":75212,"date":"2019-01-31T14:56:12","date_gmt":"2019-01-31T13:56:12","guid":{"rendered":"http:\/\/www.secowarwick.com\/?page_id=75212"},"modified":"2025-02-04T07:41:08","modified_gmt":"2025-02-04T06:41:08","slug":"seconomy","status":"publish","type":"page","link":"https:\/\/www.secowarwick.com\/de\/seconomy\/","title":{"rendered":"Seconomy"},"content":{"rendered":"<p>[et_pb_section fb_built=&#8220;1&#8243; admin_label=&#8220;section&#8220; _builder_version=&#8220;4.16&#8243; background_color=&#8220;#f8f8f8&#8243; transparent_background=&#8220;off&#8220; make_fullwidth=&#8220;off&#8220; use_custom_width=&#8220;off&#8220; width_unit=&#8220;on&#8220; global_colors_info=&#8220;{}&#8220;][et_pb_row use_custom_gutter=&#8220;on&#8220; gutter_width=&#8220;2&#8243; admin_label=&#8220;row&#8220; _builder_version=&#8220;4.16&#8243; background_size=&#8220;initial&#8220; background_position=&#8220;top_left&#8220; background_repeat=&#8220;repeat&#8220; global_colors_info=&#8220;{}&#8220; column_structure=&#8220;2_3,1_3&#8243;][et_pb_column type=&#8220;2_3&#8243; _builder_version=&#8220;4.16&#8243; custom_padding=&#8220;|||&#8220; global_colors_info=&#8220;{}&#8220; custom_padding__hover=&#8220;|||&#8220;][et_pb_breadcrumbs _builder_version=&#8220;3.6&#8243; global_colors_info=&#8220;{}&#8220;][\/et_pb_breadcrumbs][et_pb_text module_class=&#8220;ed-square-list-parent&#8220; _builder_version=&#8220;4.16&#8243; background_size=&#8220;initial&#8220; background_position=&#8220;top_left&#8220; background_repeat=&#8220;repeat&#8220; use_border_color=&#8220;off&#8220; border_color=&#8220;#ffffff&#8220; border_style=&#8220;solid&#8220; global_colors_info=&#8220;{}&#8220;]<\/p>\n<h1>SECONOMY<\/h1>\n<h2 style=\"text-align: justify;\">Steigern Sie Ihre Wettbewerbsf\u00e4higkeit!<\/h2>\n<h2 style=\"text-align: justify;\">Entdecken Sie das einzigartige Angebot der Modernisierung von W\u00e4rmebehandlungsanlagen.<\/h2>\n<p style=\"text-align: justify;\"><strong>SECONOMY<\/strong> ist eine Kombination aus \u00f6konomischen und \u00f6kologischen Konzepten. Ein einzigartiges Angebot von SECO\/WARWICK f\u00fcr diejenigen, die glauben, dass sich beide Ideen kombinieren lassen.<\/p>\n<p>Ihre Energiekosten k\u00f6nnen um bis zu <strong>50<\/strong>%* reduziert werden.<br \/>\n[\/et_pb_text][\/et_pb_column][et_pb_column type=&#8220;1_3&#8243; _builder_version=&#8220;4.16&#8243; custom_padding=&#8220;|||&#8220; global_colors_info=&#8220;{}&#8220; custom_padding__hover=&#8220;|||&#8220;][et_pb_text _builder_version=&#8220;4.16&#8243; custom_padding=&#8220;65px|||&#8220; global_colors_info=&#8220;{}&#8220;]<\/p>\n<h3><strong>DOWNLOAD<\/strong><\/h3>\n<p><a href=\"https:\/\/www.secowarwick.com\/wp-content\/uploads\/2018\/03\/SECONOMY-SECOWARWICK-en.pdf\"><span style=\"color: #dc291c;\">\/<\/span>SECO\/WARWICK SECONOMY &#8211;\u00a0brosch\u00fcre<\/a><br \/>\n[\/et_pb_text][\/et_pb_column][\/et_pb_row][\/et_pb_section][et_pb_section fb_built=&#8220;1&#8243; admin_label=&#8220;section&#8220; _builder_version=&#8220;4.16&#8243; custom_padding=&#8220;0px|||&#8220; transparent_background=&#8220;off&#8220; make_fullwidth=&#8220;off&#8220; use_custom_width=&#8220;off&#8220; width_unit=&#8220;on&#8220; global_colors_info=&#8220;{}&#8220;][et_pb_row admin_label=&#8220;row&#8220; _builder_version=&#8220;4.16&#8243; background_size=&#8220;initial&#8220; background_position=&#8220;top_left&#8220; background_repeat=&#8220;repeat&#8220; custom_padding=&#8220;0px|||&#8220; make_fullwidth=&#8220;off&#8220; use_custom_width=&#8220;off&#8220; width_unit=&#8220;on&#8220; global_colors_info=&#8220;{}&#8220;][et_pb_column type=&#8220;4_4&#8243; _builder_version=&#8220;4.16&#8243; custom_padding=&#8220;|||&#8220; global_colors_info=&#8220;{}&#8220; custom_padding__hover=&#8220;|||&#8220;][et_pb_text module_class=&#8220;red-square-list-parent&#8220; _builder_version=&#8220;4.23.1&#8243; background_size=&#8220;initial&#8220; background_position=&#8220;top_left&#8220; background_repeat=&#8220;repeat&#8220; hover_enabled=&#8220;0&#8243; use_border_color=&#8220;off&#8220; global_colors_info=&#8220;{}&#8220; sticky_enabled=&#8220;0&#8243;]<\/p>\n<h2>\u00a0<\/h2>\n<p>&nbsp;<\/p>\n<h2>\u00a0<\/h2>\n<h2>Lassen Sie uns arbeiten und sehen, wie sehr Sie von <span style=\"color: #ff0000;\">SECONOMY<\/span> profitieren k\u00f6nnen!<\/h2>\n<table style=\"height: 289px; width: 99.8824%; border-collapse: collapse; border-style: none; border-color: #ffffff; background-color: #ffffff;\" border=\"0\">\n<tbody>\n<tr style=\"height: 62px;\">\n<td style=\"width: 9.59953%; height: 62px;\"><img decoding=\"async\" class=\"aligncenter wp-image-74659 size-full\" src=\"https:\/\/www.secowarwick.com\/wp-content\/uploads\/2019\/01\/Layer-1.png\" alt=\"Die R\u00fcckgewinnung von Abw\u00e4rme aus W\u00e4rmebehandlungsprozessen\" width=\"46\" height=\"45\" \/><\/td>\n<td style=\"width: 90.4005%; height: 62px; text-align: left;\">R\u00fcckgewinnung von Abw\u00e4rme aus W\u00e4rmebehandlungsprozessen zur Beheizung von Geb\u00e4uden und\/oder zur Warmwasserbereitung.<\/td>\n<\/tr>\n<tr style=\"height: 60px;\">\n<td style=\"width: 9.59953%; height: 60px;\"><img decoding=\"async\" class=\"aligncenter wp-image-74673 size-full\" src=\"https:\/\/www.secowarwick.com\/wp-content\/uploads\/2019\/01\/Layer-2.png\" alt=\"Reduzierung des W\u00e4rmeverlusts um bis zu 50%\" width=\"48\" height=\"45\" \/><\/td>\n<td style=\"width: 90.4005%; height: 60px; text-align: left;\">Reduzierung des W\u00e4rmeverlusts um bis zu <strong>50<\/strong>%*, indem die Isolierung mit den modernsten Isoliermaterialien ersetzt wird.<\/td>\n<\/tr>\n<tr style=\"height: 58px;\">\n<td style=\"width: 9.59953%; height: 58px;\"><img decoding=\"async\" class=\"aligncenter wp-image-74652 size-full\" src=\"https:\/\/www.secowarwick.com\/wp-content\/uploads\/2019\/01\/Layer-1-1.png\" alt=\"Reduzierung des Gasverbrauchs um bis zu 40%\" width=\"53\" height=\"55\" \/><\/td>\n<td style=\"width: 90.4005%; height: 58px; text-align: left;\">Reduzierung des Gasverbrauchs um bis zu <strong>40<\/strong>%* nach der Modernisierung der Heizungsanlage (Austausch oder Erg\u00e4nzung von Rekuperationselementen zu einem bestehenden Verbrennungssystem).<\/td>\n<\/tr>\n<tr style=\"height: 55px;\">\n<td style=\"width: 9.59953%; height: 55px;\"><img decoding=\"async\" class=\"aligncenter wp-image-74666 size-full\" src=\"https:\/\/www.secowarwick.com\/wp-content\/uploads\/2019\/01\/Layer-2-1.png\" alt=\"Bis zu 50% Einsparung der Produktionskosten\" width=\"45\" height=\"45\" \/><\/td>\n<td style=\"width: 90.4005%; height: 55px; text-align: left;\">Bis zu <strong>50<\/strong>% Einsparung der Produktionskosten* durch den Wechsel von fl\u00fcssigem\/elektrischem Brennstoff auf Gasheizung.<\/td>\n<\/tr>\n<tr style=\"height: 54px;\">\n<td style=\"width: 9.59953%; height: 54px;\"><img decoding=\"async\" class=\"aligncenter wp-image-74680 size-full\" src=\"https:\/\/www.secowarwick.com\/wp-content\/uploads\/2019\/01\/Layer-3.png\" alt=\"Optimierung der Betriebsparameter durch Modernisierung des Steuerungssystems\" width=\"42\" height=\"42\" \/><\/td>\n<td style=\"width: 90.4005%; height: 54px; text-align: left;\">Optimierung der Betriebsparameter durch Modernisierung des Steuerungssystems, die die Steuerung der Motoren in der Anlaufphase und die Anpassung der Last an den aktuellen Bedarf erm\u00f6glicht.<\/td>\n<\/tr>\n<\/tbody>\n<\/table>\n<p>&nbsp;<\/p>\n<p>*Alle Angaben sind Richtwerte und stellen kein Angebot dar. Die tats\u00e4chlichen Reduktionsm\u00f6glichkeiten werden f\u00fcr jedes Ger\u00e4t einzeln berechnet und k\u00f6nnen von den angegebenen abweichen.<\/p>\n<p>[\/et_pb_text][\/et_pb_column][\/et_pb_row][\/et_pb_section][et_pb_section fb_built=&#8220;1&#8243; admin_label=&#8220;section&#8220; _builder_version=&#8220;4.16&#8243; background_color=&#8220;#f8f8f8&#8243; transparent_background=&#8220;off&#8220; make_fullwidth=&#8220;off&#8220; use_custom_width=&#8220;off&#8220; width_unit=&#8220;on&#8220; global_colors_info=&#8220;{}&#8220;][et_pb_row admin_label=&#8220;row&#8220; _builder_version=&#8220;4.16&#8243; background_size=&#8220;initial&#8220; background_position=&#8220;top_left&#8220; background_repeat=&#8220;repeat&#8220; global_colors_info=&#8220;{}&#8220; column_structure=&#8220;1_2,1_2&#8243;][et_pb_column type=&#8220;1_2&#8243; _builder_version=&#8220;4.16&#8243; custom_padding=&#8220;|||&#8220; global_colors_info=&#8220;{}&#8220; custom_padding__hover=&#8220;|||&#8220;][et_pb_image src=&#8220;https:\/\/www.secowarwick.com\/wp-content\/uploads\/2020\/11\/Seconomy_SW.jpg&#8220; alt=&#8220;Economy and ecology at once with Seconomy from Seco\/Warwick&#8220; align_tablet=&#8220;center&#8220; align_last_edited=&#8220;on|desktop&#8220; _builder_version=&#8220;4.16&#8243; hover_enabled=&#8220;0&#8243; global_colors_info=&#8220;{}&#8220; sticky_enabled=&#8220;0&#8243; align_phone=&#8220;center&#8220;][\/et_pb_image][\/et_pb_column][et_pb_column type=&#8220;1_2&#8243; _builder_version=&#8220;4.16&#8243; custom_padding=&#8220;|||&#8220; global_colors_info=&#8220;{}&#8220; custom_padding__hover=&#8220;|||&#8220;][et_pb_text module_class=&#8220;ed-square-list-parent&#8220; _builder_version=&#8220;4.16&#8243; background_size=&#8220;initial&#8220; background_position=&#8220;top_left&#8220; background_repeat=&#8220;repeat&#8220; use_border_color=&#8220;off&#8220; global_colors_info=&#8220;{}&#8220;]<\/p>\n<h2><\/h2>\n<h2><\/h2>\n<h2><\/h2>\n<h2><strong>SECONOMY <\/strong>ist kein Marketing-Trick. Das ist die geltende Strategie.<\/h2>\n<p style=\"text-align: justify;\">Ver\u00e4nderungen sind zur Tatsache geworden. Es gibt keine wirtschaftliche Entwicklung ohne \u00f6kologisches Denken. Im SECO\/WARWICK waren wir einer der ersten, der sich an die neuen Regeln angepasst hat. Die Erfahrung hat gezeigt, dass der Markt auf ein solches Angebot gewartet hat. Heute wollen wir diese Erfahrung mit Ihnen teilen. In der Gesch\u00e4ftswelt muss man langfristig denken und verantwortungsvoll handeln. Wir schlagen Evolution vor, nicht Revolution. Dank unserer umfangreichen Kenntnisse, F\u00e4higkeiten und Erfahrungen sind wir in der Lage, Ihre Ger\u00e4te effizienter und kosteng\u00fcnstiger zu machen.<\/p>\n<p>[\/et_pb_text][\/et_pb_column][\/et_pb_row][\/et_pb_section]<\/p>\n","protected":false},"excerpt":{"rendered":"<p>[et_pb_breadcrumbs _builder_version=&#8220;3.6&#8243; global_colors_info=&#8220;{}&#8220;][\/et_pb_breadcrumbs]SECONOMY Steigern Sie Ihre Wettbewerbsf\u00e4higkeit! Entdecken Sie das einzigartige Angebot der Modernisierung von W\u00e4rmebehandlungsanlagen. SECONOMY ist eine Kombination aus \u00f6konomischen und \u00f6kologischen Konzepten. Ein einzigartiges Angebot von SECO\/WARWICK f\u00fcr diejenigen, die glauben, dass sich beide Ideen kombinieren lassen. Ihre Energiekosten k\u00f6nnen um bis zu 50%* reduziert werden. DOWNLOAD \/SECO\/WARWICK SECONOMY &#8211;\u00a0brosch\u00fcre \u00a0 &nbsp; [&hellip;]<\/p>\n","protected":false},"author":2,"featured_media":0,"parent":0,"menu_order":0,"comment_status":"closed","ping_status":"closed","template":"","meta":{"_acf_changed":false,"_et_pb_use_builder":"on","_et_pb_old_content":"","_et_gb_content_width":"","footnotes":""},"class_list":["post-75212","page","type-page","status-publish"],"acf":[],"_links":{"self":[{"href":"https:\/\/www.secowarwick.com\/de\/wp-json\/wp\/v2\/pages\/75212","targetHints":{"allow":["GET"]}}],"collection":[{"href":"https:\/\/www.secowarwick.com\/de\/wp-json\/wp\/v2\/pages"}],"about":[{"href":"https:\/\/www.secowarwick.com\/de\/wp-json\/wp\/v2\/types\/page"}],"author":[{"embeddable":true,"href":"https:\/\/www.secowarwick.com\/de\/wp-json\/wp\/v2\/users\/2"}],"replies":[{"embeddable":true,"href":"https:\/\/www.secowarwick.com\/de\/wp-json\/wp\/v2\/comments?post=75212"}],"version-history":[{"count":1,"href":"https:\/\/www.secowarwick.com\/de\/wp-json\/wp\/v2\/pages\/75212\/revisions"}],"predecessor-version":[{"id":170387,"href":"https:\/\/www.secowarwick.com\/de\/wp-json\/wp\/v2\/pages\/75212\/revisions\/170387"}],"wp:attachment":[{"href":"https:\/\/www.secowarwick.com\/de\/wp-json\/wp\/v2\/media?parent=75212"}],"curies":[{"name":"wp","href":"https:\/\/api.w.org\/{rel}","templated":true}]}}