{"id":75355,"date":"2019-02-05T14:12:40","date_gmt":"2019-02-05T13:12:40","guid":{"rendered":"http:\/\/www.secowarwick.com\/?page_id=75355"},"modified":"2020-11-19T12:27:41","modified_gmt":"2020-11-19T11:27:41","slug":"seco-warwick-secolution-evidenzbasierte-geschaftscheidungen","status":"publish","type":"page","link":"https:\/\/www.secowarwick.com\/de\/seco-warwick-secolution-evidenzbasierte-geschaftscheidungen\/","title":{"rendered":"Secolution"},"content":{"rendered":"<p>[et_pb_section bb_built=&#8220;1&#8243; admin_label=&#8220;section&#8220; transparent_background=&#8220;off&#8220; background_color=&#8220;#f8f8f8&#8243; allow_player_pause=&#8220;off&#8220; inner_shadow=&#8220;off&#8220; parallax=&#8220;off&#8220; parallax_method=&#8220;on&#8220; make_fullwidth=&#8220;off&#8220; use_custom_width=&#8220;off&#8220; width_unit=&#8220;on&#8220; make_equal=&#8220;off&#8220; use_custom_gutter=&#8220;off&#8220; next_background_color=&#8220;#ffffff&#8220; _builder_version=&#8220;3.6&#8243;][et_pb_row admin_label=&#8220;row&#8220; background_position=&#8220;top_left&#8220; background_repeat=&#8220;repeat&#8220; background_size=&#8220;initial&#8220; _builder_version=&#8220;3.1.1&#8243; use_custom_gutter=&#8220;on&#8220; gutter_width=&#8220;2&#8243;][et_pb_column type=&#8220;2_3&#8243;][et_pb_breadcrumbs _builder_version=&#8220;3.6&#8243; \/][et_pb_text use_border_color=&#8220;off&#8220; border_color=&#8220;#ffffff&#8220; border_style=&#8220;solid&#8220; module_class=&#8220;ed-square-list-parent&#8220; background_position=&#8220;top_left&#8220; background_repeat=&#8220;repeat&#8220; background_size=&#8220;initial&#8220; _builder_version=&#8220;3.6&#8243;]<\/p>\n<h1>SECOLUTION<\/h1>\n<h2>Evidenzbasierte Geschaftscheidungen<\/h2>\n<p>[\/et_pb_text][\/et_pb_column][et_pb_column type=&#8220;1_3&#8243;][et_pb_text _builder_version=&#8220;3.6&#8243; custom_padding=&#8220;65px|||&#8220;]<\/p>\n<h3><strong>ZU DOWNLADEN<\/strong><\/h3>\n<p><a href=\"https:\/\/www.secowarwick.com\/wp-content\/uploads\/2018\/06\/SECOLUTION-SECOWARWICK-en.pdf\"><span style=\"color: #dc291c;\">\/<\/span>SECO\/WARWICK SECOLUTION &#8211;\u00a0brosch\u00fcre<\/a><\/p>\n<p>[\/et_pb_text][\/et_pb_column][\/et_pb_row][\/et_pb_section][et_pb_section bb_built=&#8220;1&#8243; admin_label=&#8220;section&#8220; prev_background_color=&#8220;#f8f8f8&#8243; next_background_color=&#8220;#f8f8f8&#8243; _builder_version=&#8220;3.6&#8243;][et_pb_row admin_label=&#8220;row&#8220; make_fullwidth=&#8220;off&#8220; use_custom_width=&#8220;off&#8220; width_unit=&#8220;on&#8220; use_custom_gutter=&#8220;off&#8220; custom_padding=&#8220;0px|||&#8220; allow_player_pause=&#8220;off&#8220; parallax=&#8220;off&#8220; parallax_method=&#8220;on&#8220; make_equal=&#8220;off&#8220; parallax_1=&#8220;off&#8220; parallax_method_1=&#8220;off&#8220; background_position=&#8220;top_left&#8220; background_repeat=&#8220;repeat&#8220; background_size=&#8220;initial&#8220;][et_pb_column type=&#8220;4_4&#8243;][et_pb_text use_border_color=&#8220;off&#8220; module_class=&#8220;red-square-list-parent&#8220; background_position=&#8220;top_left&#8220; background_repeat=&#8220;repeat&#8220; background_size=&#8220;initial&#8220; _builder_version=&#8220;3.6&#8243; disabled=&#8220;off&#8220;]<\/p>\n<h2 align=\"left\"><strong>Neue Funktionen, die mit den Bed\u00fcrfnissen unserer Kunden inspiriert sind.<\/strong><\/h2>\n<h2 style=\"text-align: justify;\"><span style=\"color: #ff0000;\">SECOLUTION<\/span> ist eine Reihe von Werkzeugen, die wichtige Gesch\u00e4ftsentscheidungen unterst\u00fctzen. Von Profis f\u00fcr Profis vorbereitete Werkzeuge.<\/h2>\n<h3 class=\"western\" align=\"left\"><span style=\"font-size: small;\"><span style=\"color: #231f20;\"><b>Erfahren Sie, was Sie mit der Unterst\u00fctzung von SECOLUTION erreichen k\u00f6nnen.<\/b><\/span><\/span><\/h3>\n<table style=\"height: 289px; width: 99.8824%; border-collapse: collapse; border-style: none; border-color: #ffffff; background-color: #ffffff;\" border=\"0\">\n<tbody>\n<tr style=\"height: 62px;\">\n<td style=\"width: 9.59953%; height: 62px;\"><img decoding=\"async\" class=\"aligncenter size-full wp-image-75314\" src=\"https:\/\/www.secowarwick.com\/wp-content\/uploads\/2019\/02\/SecoPredictive-ikona.jpg\" alt=\"Seco\/Predictive\" width=\"121\" height=\"111\" \/><\/td>\n<td style=\"width: 90.4005%; height: 62px; text-align: left;\">\n<h3 class=\"western\" align=\"left\"><a href=\"https:\/\/www.secowarwick.com\/de\/professionelle-service-dienstleistungen\/seco-predictive\/\" target=\"_blank\" rel=\"noopener\"><span style=\"color: #231f20;\">SECO\/PREDICTIVE<\/span><\/a><\/h3>\n<p class=\"western\" style=\"text-align: justify;\"><span style=\"color: #231f20;\">Es ist ein intelligentes Werkzeug, das die potenziellen Fehler erkennt, bevor sie\u00a0<\/span><span style=\"font-family: inherit; font-size: inherit; color: #231f20;\">auftreten.<\/span><span style=\"font-family: inherit; font-size: inherit; color: #231f20;\">SECO\/<\/span><span style=\"font-family: inherit; font-size: inherit; color: #231f20;\">PREDICTIVE<\/span> <span style=\"font-family: inherit; font-size: inherit; color: #231f20;\">ist ein originales, firmeneigenes System zur Unterst\u00fctzung der\u00a0<\/span><span style=\"color: #231f20;\">Instandhaltungprozesse, das die L\u00f6sungen von Industrie 4.0 und Internet der Dinge (IoT) verwendet und das durch einen interaktiven Kalender der \u00dcberpr\u00fcfungen und Wartungsarbeiten unterst\u00fctzt wird. Ein computergest\u00fctztes Wartungssystem reduziert ungeplante Standstillzeite und Ausf\u00e4lle und erh\u00f6ht die Anlagenverf\u00fcgbarkeit<\/span><\/p>\n<\/td>\n<\/tr>\n<tr style=\"height: 60px;\">\n<td style=\"width: 9.59953%; height: 60px;\"><img decoding=\"async\" class=\"aligncenter size-full wp-image-75328\" src=\"https:\/\/www.secowarwick.com\/wp-content\/uploads\/2019\/02\/SecoStatistics-ikona.jpg\" alt=\"SecoStatistics\" width=\"116\" height=\"111\" \/><\/td>\n<td style=\"width: 90.4005%; height: 60px; text-align: left;\">\n<h3 class=\"western\" align=\"left\"><span style=\"color: #231f20;\">SECO\/STATISTICS<\/span><\/h3>\n<p class=\"western\" style=\"text-align: justify;\"><span style=\"color: #231f20;\">SECO\/STATISTICS ist eine Software, die die wichtigsten Leistungsindikatoren der Maschine \u00fcberwacht und analysiert, d.h. Betriebsbereitschaft, Betrieb, Ausfall, Reparatur, Wartung, Be- und Entladung. Mit fortschrittlichen Analysen und leicht\u00a0<\/span><span style=\"color: #231f20;\">verst\u00e4ndlichen Berichtsgrafiken erm\u00f6glicht das System eine effiziente Nutzung der Anlagen und eine optimale Ausfallzeitplanung.<\/span><\/p>\n<\/td>\n<\/tr>\n<tr style=\"height: 58px;\">\n<td style=\"width: 9.59953%; height: 58px;\"><img decoding=\"async\" class=\"aligncenter wp-image-75335 size-full\" title=\"Secoptimizer\" src=\"https:\/\/www.secowarwick.com\/wp-content\/uploads\/2019\/02\/Senergy-ikona.jpg\" alt=\"Secoptimizer\" width=\"113\" height=\"104\" \/><\/td>\n<td style=\"width: 90.4005%; height: 58px; text-align: left;\">\n<h3 class=\"western\" align=\"left\"><span style=\"color: #231f20;\">SECOPTIMIZER<\/span><\/h3>\n<p class=\"western\" style=\"text-align: justify;\"><span style=\"color: #231f20;\">Durch die Optimierung der Warteschlange von Ladungen ist es m\u00f6glich, die Nutzung bestehender Maschinen zu erh\u00f6hen. Das Programm<\/span><span style=\"color: #231f20;\">SECOPTIMIZER <\/span><span style=\"color: #231f20;\"> \u00fcberwacht die Zeiten von Rezepturen und gestarteten W\u00e4rmebehandlungsprozessen und verwaltet automatisch die Be- und Entladung, was die mit der Nutzung von Ger\u00e4ten verbundenen Kosten\u00a0<\/span><span style=\"color: #231f20;\">messbar reduziert, indem es die Stillstandszeiten minimiert und die Zeit ihrer Nutzung maximiert.<\/span><\/p>\n<\/td>\n<\/tr>\n<tr style=\"height: 55px;\">\n<td style=\"width: 9.59953%; height: 55px;\"><img decoding=\"async\" class=\"aligncenter wp-image-75321 size-full\" title=\"Senergy\" src=\"https:\/\/www.secowarwick.com\/wp-content\/uploads\/2019\/02\/SecOptimizer-ikona.jpg\" alt=\"Senergy\" width=\"114\" height=\"113\" \/><\/td>\n<td style=\"width: 90.4005%; height: 55px; text-align: left;\">\n<h3 class=\"western\" align=\"left\"><span style=\"color: #231f20;\">SENERGY<\/span><\/h3>\n<p class=\"western\" style=\"text-align: justify;\"><span style=\"color: #231f20;\">Das fortschrittliche dezentrale Energiemesssystem von SENERGY wurde entwickelt, um den Energieverbrauch zu \u00fcberwachen, zu steuern, zu melden und zu optimieren.\u00a0<\/span><span style=\"color: #231f20;\">Das SENERGY-System hilft Ihnen, Ihren maximalen und aktuellen Energiebedarf effizienter zu analysieren\u00a0<\/span><span style=\"color: #231f20;\">und zu planen und Ihre gesamten Energiekosten zu reduzieren.<\/span><\/p>\n<\/td>\n<\/tr>\n<tr style=\"height: 54px;\">\n<td style=\"width: 9.59953%; height: 54px;\"><img decoding=\"async\" class=\"alignnone wp-image-75307 size-full\" title=\"MES\" src=\"https:\/\/www.secowarwick.com\/wp-content\/uploads\/2019\/02\/MES-ikona.jpg\" alt=\"Produktionsausf\u00fchrungssystem \" width=\"114\" height=\"104\" \/><\/td>\n<td style=\"width: 90.4005%; height: 54px; text-align: left;\">\n<h3 class=\"western\" align=\"left\"><span style=\"color: #231f20;\">Produktionsausf\u00fchrungssystem (MES)<\/span><\/h3>\n<p class=\"western\"><span style=\"color: #231f20;\">MES nutzt die IT-F\u00e4higkeiten des Unternehmens v\u00f6llig aus und umfasst den gesamten Produktionsprozess. Ausgew\u00e4hlte Systemfunktionen umfassen unter anderem:<\/span><\/p>\n<p><span style=\"color: #231f20;\"><b><span style=\"color: #333333;\"><span style=\"color: #e30f13;\"><strong>\u00a0 \/\u00a0<\/strong><\/span><\/span>Echtzeit-Visualisierung und Verwaltung von Energie- und Produktionsressourcen<br \/>\n<\/b><\/span><b><span style=\"color: #333333;\"><span style=\"color: #231f20;\"><span style=\"color: #e30f13;\"><strong>\u00a0 \/\u00a0<\/strong><\/span><\/span><\/span><\/b><span style=\"color: #231f20;\"><b>Alarm- und Ereignisanzeige-<br \/>\n<\/b><\/span><span style=\"color: #231f20;\"><b><span style=\"color: #333333;\"><span style=\"color: #e30f13;\"><strong>\u00a0 \/\u00a0<\/strong><\/span><\/span><\/b><\/span><span style=\"color: #231f20;\"><b>W\u00e4rmebehandlungsrezepturverwaltung<br \/>\n<\/b><\/span><span style=\"color: #231f20;\"><b><span style=\"color: #333333;\"><span style=\"color: #e30f13;\"><strong>\u00a0 \/\u00a0<\/strong><\/span><\/span>Z<\/b><\/span><span style=\"color: #231f20;\"><b>ugriff auf historische Daten \u00fcber W\u00e4rmebehandlungsprozesse<br \/>\n<\/b><\/span><span style=\"color: #231f20;\"><b><span style=\"color: #333333;\"><span style=\"color: #e30f13;\"><strong>\u00a0 \/\u00a0<\/strong><\/span><\/span>Ferndiagnose und Zugriff auf Daten \u00fcber das Internet<br \/>\n<\/b><\/span><span style=\"color: #231f20;\"><b><span style=\"color: #333333;\"><span style=\"color: #e30f13;\"><strong>\u00a0 \/\u00a0<\/strong><\/span><\/span>Erstellung von Sicherungskopie von Daten<br \/>\n<\/b><\/span><span style=\"color: #231f20;\"><b><span style=\"color: #333333;\"><span style=\"color: #e30f13;\"><strong>\u00a0 \/\u00a0<\/strong><\/span><\/span>M\u00f6glichkeit der Kennzeichnung von Ladungen mit Barcodes oder QR-Systemen<br \/>\n<\/b><\/span><span style=\"color: #231f20;\"><b><span style=\"color: #333333;\"><span style=\"color: #e30f13;\"><strong>\u00a0 \/\u00a0<\/strong><\/span><\/span>Fernmeldung ausgew\u00e4hlter Ereignisse per Telefon oder E-Mail<br \/>\n<\/b><\/span><span style=\"color: #231f20;\"><b><span style=\"color: #333333;\"><span style=\"color: #e30f13;\"><strong>\u00a0 \/\u00a0<\/strong><\/span><\/span>Erstellung von periodischen oder Ladungsberichten<br \/>\n<\/b><\/span><span style=\"color: #231f20;\"><b><span style=\"color: #333333;\"><span style=\"color: #e30f13;\"><strong>\u00a0 \/\u00a0<\/strong><\/span><\/span>Fortgeschrittene Datenanalyse<\/b><\/span><\/p>\n<p class=\"western\"><span style=\"color: #231f20;\">\u00a0 \u00a0 \u00a0<\/span><\/p>\n<\/td>\n<\/tr>\n<\/tbody>\n<\/table>\n<p>[\/et_pb_text][\/et_pb_column][\/et_pb_row][\/et_pb_section][et_pb_section bb_built=&#8220;1&#8243; admin_label=&#8220;section&#8220; transparent_background=&#8220;off&#8220; background_color=&#8220;#f8f8f8&#8243; allow_player_pause=&#8220;off&#8220; inner_shadow=&#8220;off&#8220; parallax=&#8220;off&#8220; parallax_method=&#8220;on&#8220; make_fullwidth=&#8220;off&#8220; use_custom_width=&#8220;off&#8220; width_unit=&#8220;on&#8220; make_equal=&#8220;off&#8220; use_custom_gutter=&#8220;off&#8220; prev_background_color=&#8220;#ffffff&#8220; _builder_version=&#8220;3.6&#8243;][et_pb_row admin_label=&#8220;row&#8220; background_position=&#8220;top_left&#8220; background_repeat=&#8220;repeat&#8220; background_size=&#8220;initial&#8220; _builder_version=&#8220;3.6&#8243;][et_pb_column type=&#8220;1_2&#8243;][et_pb_image _builder_version=&#8220;3.6&#8243; src=&#8220;https:\/\/www.secowarwick.com\/wp-content\/uploads\/2020\/11\/SECOLUTION-Obr\u00f3bka-cieplna.jpg&#8220; alt=&#8220;SECOLUTION &#8211; Optimierungsprozess f\u00fcr die W\u00e4rmebehandlung&#8220; \/][\/et_pb_column][et_pb_column type=&#8220;1_2&#8243;][et_pb_text use_border_color=&#8220;off&#8220; module_class=&#8220;ed-square-list-parent&#8220; background_position=&#8220;top_left&#8220; background_repeat=&#8220;repeat&#8220; background_size=&#8220;initial&#8220; _builder_version=&#8220;3.6&#8243;]<\/p>\n<h2><\/h2>\n<h2 align=\"left\"><\/h2>\n<h2 align=\"left\">Sie k\u00f6nnen Ihren Wettbewerbsvorteil bewusst und verantwortungsvoll steigern.<\/h2>\n<p style=\"text-align: justify;\" align=\"left\">Die fortgeschrittenen Funktionen von <strong>SECOLUTION<\/strong> erleichtern die Analyse, die notwendig ist, um wichtige Entscheidungen im Prozess der Optimierung der Arbeit der W\u00e4rmebehandlungsabteilungen zu treffen.\u00a0Dank innovativer SECO\/WARWICK-L\u00f6sungen k\u00f6nnen Sie Ihren bestehenden Maschinenpark besser verstehen, steuern und nutzen, um sich einen Wettbewerbsvorteil zu verschaffen.<\/p>\n<p>[\/et_pb_text][\/et_pb_column][\/et_pb_row][\/et_pb_section]<\/p>\n","protected":false},"excerpt":{"rendered":"<p>[et_pb_breadcrumbs _builder_version=&#8220;3.6&#8243; \/] SECOLUTION Evidenzbasierte Geschaftscheidungen ZU DOWNLADEN \/SECO\/WARWICK SECOLUTION &#8211;\u00a0brosch\u00fcre Neue Funktionen, die mit den Bed\u00fcrfnissen unserer Kunden inspiriert sind. SECOLUTION ist eine Reihe von Werkzeugen, die wichtige Gesch\u00e4ftsentscheidungen unterst\u00fctzen. Von Profis f\u00fcr Profis vorbereitete Werkzeuge. Erfahren Sie, was Sie mit der Unterst\u00fctzung von SECOLUTION erreichen k\u00f6nnen. SECO\/PREDICTIVE Es ist ein intelligentes Werkzeug, das [&hellip;]<\/p>\n","protected":false},"author":2,"featured_media":0,"parent":0,"menu_order":0,"comment_status":"closed","ping_status":"closed","template":"","meta":{"_acf_changed":false,"_et_pb_use_builder":"on","_et_pb_old_content":"","_et_gb_content_width":"","footnotes":""},"class_list":["post-75355","page","type-page","status-publish"],"acf":[],"_links":{"self":[{"href":"https:\/\/www.secowarwick.com\/de\/wp-json\/wp\/v2\/pages\/75355","targetHints":{"allow":["GET"]}}],"collection":[{"href":"https:\/\/www.secowarwick.com\/de\/wp-json\/wp\/v2\/pages"}],"about":[{"href":"https:\/\/www.secowarwick.com\/de\/wp-json\/wp\/v2\/types\/page"}],"author":[{"embeddable":true,"href":"https:\/\/www.secowarwick.com\/de\/wp-json\/wp\/v2\/users\/2"}],"replies":[{"embeddable":true,"href":"https:\/\/www.secowarwick.com\/de\/wp-json\/wp\/v2\/comments?post=75355"}],"version-history":[{"count":0,"href":"https:\/\/www.secowarwick.com\/de\/wp-json\/wp\/v2\/pages\/75355\/revisions"}],"wp:attachment":[{"href":"https:\/\/www.secowarwick.com\/de\/wp-json\/wp\/v2\/media?parent=75355"}],"curies":[{"name":"wp","href":"https:\/\/api.w.org\/{rel}","templated":true}]}}