{"id":7609,"date":"2016-11-02T14:00:13","date_gmt":"2016-11-02T13:00:13","guid":{"rendered":"http:\/\/www.secowarwick.com\/de\/technik-im-rampenlicht\/faq\/what-is-expanite-surface-hardening-of-stainless-steel\/"},"modified":"2019-07-24T13:16:18","modified_gmt":"2019-07-24T11:16:18","slug":"was-ist-expanite-oberflaechenhaerten-von-rostfreiem-stahl","status":"publish","type":"page","link":"https:\/\/www.secowarwick.com\/de\/technik-im-rampenlicht\/faq\/was-ist-expanite-oberflaechenhaerten-von-rostfreiem-stahl\/","title":{"rendered":"Was ist Expanite? Oberfl\u00e4chenh\u00e4rten von rostfreiem Stahl"},"content":{"rendered":"<p>[et_pb_section bb_built=&#8220;1&#8243; admin_label=&#8220;section&#8220;][et_pb_row admin_label=&#8220;row&#8220; background_position=&#8220;top_left&#8220; background_repeat=&#8220;repeat&#8220; background_size=&#8220;initial&#8220;][et_pb_column type=&#8220;2_3&#8243;][et_pb_text background_layout=&#8220;light&#8220; text_orientation=&#8220;left&#8220; use_border_color=&#8220;off&#8220; border_color=&#8220;#ffffff&#8220; border_style=&#8220;solid&#8220; background_position=&#8220;top_left&#8220; background_repeat=&#8220;repeat&#8220; background_size=&#8220;initial&#8220;]<\/p>\n<p>EXPANITE<sup>\u00ae<\/sup> sowie SUPEREXPANITE<sup>\u00ae<\/sup> sind patentierte Verfahren zum Oberfl\u00e4chenh\u00e4rten von rostfreiem Stahl, um au\u00dfergew\u00f6hnliche Oberfl\u00e4chen- und Materialeigenschaften, wie hohe H\u00e4rte, ausgezeichnete Korrosions- und Erm\u00fcdungseigenschaften zu erreichen.<\/p>\n<p>SECO\/WARWICK in Partnerschaft mit Expanite kann die Kunden mit der neuesten Technologie\u00a0 im Bereich der Oberfl\u00e4chenh\u00e4rte von rostfreiem Stahl beliefern. Die w\u00e4rmebehandelten Teile im Expanite-Prozess hielten 400 Stunden im Salzspr\u00fchtest stand und erzielten die Oberfl\u00e4chenh\u00e4rte bis 1800 HV02, bei einer H\u00fcllentiefe von bis zu 40 mm. Der Expanite-Prozess verbesserte deutlich die Korrosions- und Lochfra\u00dfbest\u00e4ndigkeit der Teile und durch die pr\u00e4zise Prozesskontroll-Methodik k\u00f6nnen die Materialeigenschaften in \u00dcbereinstimmung mit den Anforderungen angepasst werden. Der gr\u00f6\u00dfte Vorteil der Anlage besteht darin, dass das W\u00e4rmebehandlungsverfahren vollst\u00e4ndig gesteuert und direkt von Expanite-Leitstelle \u00fcberwacht wird, was die Wiederholbarkeit der Ergebnisse gew\u00e4hrleistet.<\/p>\n<p>[\/et_pb_text][\/et_pb_column][et_pb_column type=&#8220;1_3&#8243;][\/et_pb_column][\/et_pb_row][\/et_pb_section]<\/p>\n","protected":false},"excerpt":{"rendered":"<p>EXPANITE\u00ae sowie SUPEREXPANITE\u00ae sind patentierte Verfahren zum Oberfl\u00e4chenh\u00e4rten von rostfreiem Stahl, um au\u00dfergew\u00f6hnliche Oberfl\u00e4chen- und Materialeigenschaften, wie hohe H\u00e4rte, ausgezeichnete Korrosions- und Erm\u00fcdungseigenschaften zu erreichen. SECO\/WARWICK in Partnerschaft mit Expanite kann die Kunden mit der neuesten Technologie\u00a0 im Bereich der Oberfl\u00e4chenh\u00e4rte von rostfreiem Stahl beliefern. Die w\u00e4rmebehandelten Teile im Expanite-Prozess hielten 400 Stunden im Salzspr\u00fchtest [&hellip;]<\/p>\n","protected":false},"author":2,"featured_media":0,"parent":5975,"menu_order":0,"comment_status":"closed","ping_status":"closed","template":"","meta":{"_acf_changed":false,"_et_pb_use_builder":"on","_et_pb_old_content":"","_et_gb_content_width":"","footnotes":""},"class_list":["post-7609","page","type-page","status-publish"],"acf":[],"_links":{"self":[{"href":"https:\/\/www.secowarwick.com\/de\/wp-json\/wp\/v2\/pages\/7609","targetHints":{"allow":["GET"]}}],"collection":[{"href":"https:\/\/www.secowarwick.com\/de\/wp-json\/wp\/v2\/pages"}],"about":[{"href":"https:\/\/www.secowarwick.com\/de\/wp-json\/wp\/v2\/types\/page"}],"author":[{"embeddable":true,"href":"https:\/\/www.secowarwick.com\/de\/wp-json\/wp\/v2\/users\/2"}],"replies":[{"embeddable":true,"href":"https:\/\/www.secowarwick.com\/de\/wp-json\/wp\/v2\/comments?post=7609"}],"version-history":[{"count":0,"href":"https:\/\/www.secowarwick.com\/de\/wp-json\/wp\/v2\/pages\/7609\/revisions"}],"up":[{"embeddable":true,"href":"https:\/\/www.secowarwick.com\/de\/wp-json\/wp\/v2\/pages\/5975"}],"wp:attachment":[{"href":"https:\/\/www.secowarwick.com\/de\/wp-json\/wp\/v2\/media?parent=7609"}],"curies":[{"name":"wp","href":"https:\/\/api.w.org\/{rel}","templated":true}]}}