{"id":7621,"date":"2016-11-03T08:53:42","date_gmt":"2016-11-03T07:53:42","guid":{"rendered":"http:\/\/www.secowarwick.com\/de\/technik-im-rampenlicht\/faq\/what-is-causing-the-high-dew-point-in-my-atmosphere-generator\/"},"modified":"2019-07-24T13:43:19","modified_gmt":"2019-07-24T11:43:19","slug":"was-ist-die-ursache-von-hohem-taupunkt-in-meinem-atmosphaere-generator","status":"publish","type":"page","link":"https:\/\/www.secowarwick.com\/de\/technik-im-rampenlicht\/faq\/was-ist-die-ursache-von-hohem-taupunkt-in-meinem-atmosphaere-generator\/","title":{"rendered":"Was ist die Ursache von hohem Taupunkt in meinem Atmosph\u00e4re-Generator?"},"content":{"rendered":"<p>[et_pb_section bb_built=&#8220;1&#8243; admin_label=&#8220;section&#8220;][et_pb_row admin_label=&#8220;row&#8220; background_position=&#8220;top_left&#8220; background_repeat=&#8220;repeat&#8220; background_size=&#8220;initial&#8220;][et_pb_column type=&#8220;2_3&#8243;][et_pb_text use_border_color=&#8220;off&#8220; background_position=&#8220;top_left&#8220; background_repeat=&#8220;repeat&#8220; background_size=&#8220;initial&#8220; _builder_version=&#8220;3.6&#8243;]<\/p>\n<h2>Hoher Taupunkt in\u00a0Exogas-Generatoren<\/h2>\n<p>Einer der h\u00e4ufigsten in Generatoren auftretenden Problemen ist der hohe Taupunkt. Dies k\u00f6nnte durch einen Leck im Gask\u00fchler verursacht werden, der ein Wasserk\u00fchler mit einem Rohr ist. Wenn es sich um einen undichten Gask\u00fchler handelt, ist die Entscheidung ganz einfach &#8211; reparieren. Wenn der Wasserk\u00fchler nicht undicht ist, und der Taupunkt immer noch hoch liegt, ist es m\u00f6glich, dass der Generator mehr Luft, als auf dem Flussmesser angezeigt, bekommt. Die Ursachen von Lufteindringen in den Generator k\u00f6nnen an der Pumpenwelle, einem schlechten Bypass-Regler oder losen Rohrleitungen liegen.<\/p>\n<p>Es gibt eine weitere m\u00f6gliche Ursache f\u00fcr den hohen Taupunkt und zwar die ausgeschalteten Str\u00f6mungsbereiche. In allen Handb\u00fcchern f\u00fcr Generatoren gibt es ein Verfahren zur Kalibrierung der Str\u00f6mungsbereichen, wenn die Temperatur, der Druck oder das spezifische Gewicht anders als auf dem Typenschild des Str\u00f6mungsbereiches ist. Es kann auch sein, dass der obere Teil der Schwimmerbaugruppe im Str\u00f6mungsbereich mit Schmutz bedeckt ist.<\/p>\n<p>Eine andere Ursache, au\u00dfer Leckagen vom Gask\u00fchler, ist wie folgt: das exotherme Gas str\u00f6mt von dem Generator durch ein wassergek\u00fchltes Endrohr in einen wassergek\u00fchlten Rohrb\u00fcndel. Das Gas wird auf etwa 100 \u00b0F durch dieses Endrohr und Rohrk\u00fchlb\u00fcndel von einer ungef\u00e4hren Temperatur von 1800 \u00b0 F abgek\u00fchlt. W\u00e4hrend dieses K\u00fchlverfahrens wird der Feuchtigkeitsgehalt des Gases herabgesetzt, wenn der Wasserdampf kondensiert und f\u00e4llt ab. Da die Feuchtigkeit in den Rohren des Rohrb\u00fcndels gesammelt wird, wird zum Nebelabscheider und von dort zu einem Abfluss abgeleitet. Der Nebelabscheider ist nur ein Tank mit Leitblechen drin, um den Sammler vor den Wassertr\u00f6pfchen zum Gasstrom zu sch\u00fctzen.<\/p>\n<p>Im Betrieb eines reichen Exogas<sup>\u00ae<\/sup> Generators ist es m\u00f6glich, f\u00fcr den Kohlenstoff die Rohren des Rohrb\u00fcndels zu bilden und zu beschichten. Das kann nat\u00fcrlich die ordnungsgem\u00e4\u00dfe K\u00fchlung des Gases verhindern und die Kondensation des gesamten Wassers im Nebelseparator und einen hohen Wassergehalt in der Gasatmosph\u00e4re verursachen. Sollte dies auftreten, dann ist nat\u00fcrlich die einzige L\u00f6sung, das Rohrb\u00fcndel und die Ablassleitungen zu reinigen.<\/p>\n<p>Im Fall von Exogas-Generatoren, die in reichen Bedingungen betrieben werden, ist es m\u00f6glich, den Kohlenstoff in dem Kontaktbett zu bilden. Sollte dies der Fall sein, wird das Gas durch bestimmte Wege zu schnell geleitet und der Verbrennungsvorgang nicht abgeschlossen ist. In Generatoren f\u00fcr den Betrieb im reichen, aber auch mageren Bereich gibt es ein Ausbrennen-Verfahren, die befolgt werden muss. Grunds\u00e4tzlich bedeutet dies, dass der Generator bei einem mageren Verh\u00e4ltnis betrieben werden sollte, damit der Sauerstoff den Kohlenstoff ausbrennt. Sollten Probleme mit der Gasatmosph\u00e4re entstehen, die erzeugt wurde, ist das Ausbrennen-Verfahren der erste Schritt zu machen. Im Falle einer schweren Verschlechterung des Katalysators, ist der Austausch der Kontaktbetten notwendig. Ein paar Probleme mit Generatoren k\u00f6nnen vermieden werden, wenn Betriebs- und Wartungsanweisungen befolgt werden.<\/p>\n<p>[\/et_pb_text][\/et_pb_column][et_pb_column type=&#8220;1_3&#8243;][et_pb_blurb admin_label=&#8220;faqVACsidebar&#8220; title=&#8220;Suchen Sie nach einem Atmosph\u00e4renofen?&#8220; url=&#8220;https:\/\/www.secowarwick.com\/de\/produkte\/schutzgasoefen-und-systeme-atm\/&#8220; image=&#8220;https:\/\/www.secowarwick.com\/wp-content\/uploads\/2019\/06\/REX_SuperQ_250bw.jpg&#8220; use_border_color=&#8220;off&#8220; saved_tabs=&#8220;all&#8220; background_position=&#8220;top_left&#8220; background_repeat=&#8220;repeat&#8220; background_size=&#8220;initial&#8220; _builder_version=&#8220;3.6&#8243; max_width_tablet=&#8220;50px&#8220; alt=&#8220;SUPER IQ &#8211; Universeller Kammerofen zum Aufkohlen und Abschrecken von Stahl&#8220;]<\/p>\n<p>Pr\u00fcfen Sie unsere L\u00f6sungen!<\/p>\n<p>[\/et_pb_blurb][\/et_pb_column][\/et_pb_row][\/et_pb_section]<\/p>\n","protected":false},"excerpt":{"rendered":"<p>Hoher Taupunkt in\u00a0Exogas-Generatoren Einer der h\u00e4ufigsten in Generatoren auftretenden Problemen ist der hohe Taupunkt. Dies k\u00f6nnte durch einen Leck im Gask\u00fchler verursacht werden, der ein Wasserk\u00fchler mit einem Rohr ist. Wenn es sich um einen undichten Gask\u00fchler handelt, ist die Entscheidung ganz einfach &#8211; reparieren. Wenn der Wasserk\u00fchler nicht undicht ist, und der Taupunkt immer [&hellip;]<\/p>\n","protected":false},"author":2,"featured_media":0,"parent":5975,"menu_order":0,"comment_status":"closed","ping_status":"closed","template":"","meta":{"_acf_changed":false,"_et_pb_use_builder":"on","_et_pb_old_content":"","_et_gb_content_width":"","footnotes":""},"class_list":["post-7621","page","type-page","status-publish"],"acf":[],"_links":{"self":[{"href":"https:\/\/www.secowarwick.com\/de\/wp-json\/wp\/v2\/pages\/7621","targetHints":{"allow":["GET"]}}],"collection":[{"href":"https:\/\/www.secowarwick.com\/de\/wp-json\/wp\/v2\/pages"}],"about":[{"href":"https:\/\/www.secowarwick.com\/de\/wp-json\/wp\/v2\/types\/page"}],"author":[{"embeddable":true,"href":"https:\/\/www.secowarwick.com\/de\/wp-json\/wp\/v2\/users\/2"}],"replies":[{"embeddable":true,"href":"https:\/\/www.secowarwick.com\/de\/wp-json\/wp\/v2\/comments?post=7621"}],"version-history":[{"count":0,"href":"https:\/\/www.secowarwick.com\/de\/wp-json\/wp\/v2\/pages\/7621\/revisions"}],"up":[{"embeddable":true,"href":"https:\/\/www.secowarwick.com\/de\/wp-json\/wp\/v2\/pages\/5975"}],"wp:attachment":[{"href":"https:\/\/www.secowarwick.com\/de\/wp-json\/wp\/v2\/media?parent=7621"}],"curies":[{"name":"wp","href":"https:\/\/api.w.org\/{rel}","templated":true}]}}