{"id":7633,"date":"2016-11-03T10:42:04","date_gmt":"2016-11-03T09:42:04","guid":{"rendered":"http:\/\/www.secowarwick.com\/de\/technik-im-rampenlicht\/faq\/what-is-heat-treatment\/"},"modified":"2018-07-06T10:53:16","modified_gmt":"2018-07-06T08:53:16","slug":"was-ist-die-waermebehandlung","status":"publish","type":"page","link":"https:\/\/www.secowarwick.com\/de\/technik-im-rampenlicht\/faq\/was-ist-die-waermebehandlung\/","title":{"rendered":"Was ist die W\u00e4rmebehandlung?"},"content":{"rendered":"<p>[et_pb_section bb_built=&#8220;1&#8243; admin_label=&#8220;section&#8220;][et_pb_row admin_label=&#8220;row&#8220; background_position=&#8220;top_left&#8220; background_repeat=&#8220;repeat&#8220; background_size=&#8220;initial&#8220;][et_pb_column type=&#8220;2_3&#8243;][et_pb_text use_border_color=&#8220;off&#8220; background_position=&#8220;top_left&#8220; background_repeat=&#8220;repeat&#8220; background_size=&#8220;initial&#8220; _builder_version=&#8220;3.6&#8243;]<\/p>\n<h2>W\u00e4rmebehandlung von Metallen<\/h2>\n<p>Die W\u00e4rmebehandlung ist das kontrollierte Erhitzen und Abk\u00fchlen von Metallen, um ihre physikalischen und mechanischen Eigenschaften ohne das Produktform zu ver\u00e4ndern, zu modifizieren. Die W\u00e4rmebehandlung wird manchmal unbeabsichtigt aufgrund von Herstellungsprozesse durchgef\u00fchrt , die das Metall weder erw\u00e4rmen noch abk\u00fchlen, wie Schwei\u00dfen oder Umformen.<\/p>\n<p>Das Verfahren wird oft mit Erh\u00f6hung der Festigkeit des Materials verbunden, aber es kann auch eingesetzt werden, um bestimmte Herstellungsziele zu \u00e4ndern, wie beispielsweise verbesserte Bearbeitung, verbesserte Formbarkeit oder um die Dehnbarkeit nach einer Kaltbearbeitung wiederherzustellen. Somit ist es ein Herstellungsverfahren m\u00f6glich, das nicht nur bei einem anderen Herstellungsprozess helfen kann, aber auch die Produktleistung durch Erh\u00f6hung der Festigkeit oder andere w\u00fcnschenswerte Eigenschaften verbessert.<\/p>\n<p>St\u00e4hle sind besonders geeignet f\u00fcr die W\u00e4rmebehandlung, da sie gut auf sie reagieren und die kommerzielle Verwendung von Stahl diese von irgendeinem anderen Material \u00fcbersteigt. St\u00e4hle &nbsp;werden aus einem der folgenden Gr\u00fcnde w\u00e4rmebehandelt:<\/p>\n<p>1. Enth\u00e4rtung<\/p>\n<p>2. H\u00e4rten<\/p>\n<p>3. Modifizierung von Material<\/p>\n<p>[\/et_pb_text][\/et_pb_column][et_pb_column type=&#8220;1_3&#8243;][\/et_pb_column][\/et_pb_row][\/et_pb_section]<\/p>\n","protected":false},"excerpt":{"rendered":"<p>W\u00e4rmebehandlung von Metallen Die W\u00e4rmebehandlung ist das kontrollierte Erhitzen und Abk\u00fchlen von Metallen, um ihre physikalischen und mechanischen Eigenschaften ohne das Produktform zu ver\u00e4ndern, zu modifizieren. Die W\u00e4rmebehandlung wird manchmal unbeabsichtigt aufgrund von Herstellungsprozesse durchgef\u00fchrt , die das Metall weder erw\u00e4rmen noch abk\u00fchlen, wie Schwei\u00dfen oder Umformen. Das Verfahren wird oft mit Erh\u00f6hung der Festigkeit [&hellip;]<\/p>\n","protected":false},"author":2,"featured_media":0,"parent":5975,"menu_order":0,"comment_status":"closed","ping_status":"closed","template":"","meta":{"_acf_changed":false,"_et_pb_use_builder":"on","_et_pb_old_content":"","_et_gb_content_width":"","footnotes":""},"class_list":["post-7633","page","type-page","status-publish"],"acf":[],"_links":{"self":[{"href":"https:\/\/www.secowarwick.com\/de\/wp-json\/wp\/v2\/pages\/7633","targetHints":{"allow":["GET"]}}],"collection":[{"href":"https:\/\/www.secowarwick.com\/de\/wp-json\/wp\/v2\/pages"}],"about":[{"href":"https:\/\/www.secowarwick.com\/de\/wp-json\/wp\/v2\/types\/page"}],"author":[{"embeddable":true,"href":"https:\/\/www.secowarwick.com\/de\/wp-json\/wp\/v2\/users\/2"}],"replies":[{"embeddable":true,"href":"https:\/\/www.secowarwick.com\/de\/wp-json\/wp\/v2\/comments?post=7633"}],"version-history":[{"count":0,"href":"https:\/\/www.secowarwick.com\/de\/wp-json\/wp\/v2\/pages\/7633\/revisions"}],"up":[{"embeddable":true,"href":"https:\/\/www.secowarwick.com\/de\/wp-json\/wp\/v2\/pages\/5975"}],"wp:attachment":[{"href":"https:\/\/www.secowarwick.com\/de\/wp-json\/wp\/v2\/media?parent=7633"}],"curies":[{"name":"wp","href":"https:\/\/api.w.org\/{rel}","templated":true}]}}