{"id":7646,"date":"2016-11-02T14:15:18","date_gmt":"2016-11-02T13:15:18","guid":{"rendered":"http:\/\/www.secowarwick.com\/de\/technik-im-rampenlicht\/faq\/what-is-hpgq\/"},"modified":"2020-11-04T08:30:31","modified_gmt":"2020-11-04T07:30:31","slug":"was-ist-hpgq","status":"publish","type":"page","link":"https:\/\/www.secowarwick.com\/de\/technik-im-rampenlicht\/faq\/was-ist-hpgq\/","title":{"rendered":"Was ist HPGQ?"},"content":{"rendered":"<p>[et_pb_section bb_built=&#8220;1&#8243; admin_label=&#8220;section&#8220;][et_pb_row admin_label=&#8220;row&#8220; background_position=&#8220;top_left&#8220; background_repeat=&#8220;repeat&#8220; background_size=&#8220;initial&#8220;][et_pb_column type=&#8220;2_3&#8243;][et_pb_text use_border_color=&#8220;off&#8220; background_position=&#8220;top_left&#8220; background_repeat=&#8220;repeat&#8220; background_size=&#8220;initial&#8220; _builder_version=&#8220;3.6&#8243;]<\/p>\n<p style=\"text-align: justify;\">Die h\u00e4ufigste Definition f\u00fcr Hochdruck-Gasabschreckung ist die Beschleunigung der Rate (Geschwindigkeit) von Abschrecken durch Verdichtung und Abk\u00fchlung des Gases. Einer der Gr\u00fcnde f\u00fcr die starke Interesse an dieser Abschrecktechnik beruht darauf, \u00a0die Verzerrung der Teile durch volle H\u00e4rte zu verbessern. Ein kritischer Punkt ist, den Verlust von metallurgischen, mechanischen oder physikalischen Eigenschaften zu vermeiden. Das hei\u00dft, die F\u00e4higkeit zu behalten, ein Material zu einer Mikrostruktur umzuwandeln , die zu der eines bekannten Abschreckmediums (beispielsweise \u00d6l oder Salz) \u00e4hnlich, gleich oder besser ist. Die herk\u00f6mmlichen Abschreckgase beinhalten Stickstoff, Argon und Helium. Der Wasserstoff, obwohl ausgezeichnet bez\u00fcglich der W\u00e4rme\u00fcbertragung, wird selten als Abschreckgas aus Sicherheitsr\u00fccksicht verwendet.<\/p>\n<p>[\/et_pb_text][\/et_pb_column][et_pb_column type=&#8220;1_3&#8243;][et_pb_blurb admin_label=&#8220;faqVACsidebar&#8220; title=&#8220;Looking for vacuum furnaces?&#8220; url=&#8220;#&#8220; image=&#8220;https:\/\/www.secowarwick.com\/wp-content\/uploads\/2016\/10\/HIGH-PRODUCTION-ROTARY-VACUUM-FURNACE-SYSTEM.jpg&#8220; use_border_color=&#8220;off&#8220; saved_tabs=&#8220;all&#8220; background_position=&#8220;top_left&#8220; background_repeat=&#8220;repeat&#8220; background_size=&#8220;initial&#8220; _builder_version=&#8220;3.6&#8243; max_width_tablet=&#8220;50px&#8220; alt=&#8220;Hochdruck-Gasabschreckung&#8220;]<\/p>\n<p>Check our solutions!<\/p>\n<p>[\/et_pb_blurb][\/et_pb_column][\/et_pb_row][\/et_pb_section]<\/p>\n","protected":false},"excerpt":{"rendered":"<p>Die h\u00e4ufigste Definition f\u00fcr Hochdruck-Gasabschreckung ist die Beschleunigung der Rate (Geschwindigkeit) von Abschrecken durch Verdichtung und Abk\u00fchlung des Gases. Einer der Gr\u00fcnde f\u00fcr die starke Interesse an dieser Abschrecktechnik beruht darauf, \u00a0die Verzerrung der Teile durch volle H\u00e4rte zu verbessern. Ein kritischer Punkt ist, den Verlust von metallurgischen, mechanischen oder physikalischen Eigenschaften zu vermeiden. Das [&hellip;]<\/p>\n","protected":false},"author":2,"featured_media":0,"parent":5975,"menu_order":0,"comment_status":"closed","ping_status":"closed","template":"","meta":{"_acf_changed":false,"_et_pb_use_builder":"on","_et_pb_old_content":"","_et_gb_content_width":"","footnotes":""},"class_list":["post-7646","page","type-page","status-publish"],"acf":[],"_links":{"self":[{"href":"https:\/\/www.secowarwick.com\/de\/wp-json\/wp\/v2\/pages\/7646","targetHints":{"allow":["GET"]}}],"collection":[{"href":"https:\/\/www.secowarwick.com\/de\/wp-json\/wp\/v2\/pages"}],"about":[{"href":"https:\/\/www.secowarwick.com\/de\/wp-json\/wp\/v2\/types\/page"}],"author":[{"embeddable":true,"href":"https:\/\/www.secowarwick.com\/de\/wp-json\/wp\/v2\/users\/2"}],"replies":[{"embeddable":true,"href":"https:\/\/www.secowarwick.com\/de\/wp-json\/wp\/v2\/comments?post=7646"}],"version-history":[{"count":0,"href":"https:\/\/www.secowarwick.com\/de\/wp-json\/wp\/v2\/pages\/7646\/revisions"}],"up":[{"embeddable":true,"href":"https:\/\/www.secowarwick.com\/de\/wp-json\/wp\/v2\/pages\/5975"}],"wp:attachment":[{"href":"https:\/\/www.secowarwick.com\/de\/wp-json\/wp\/v2\/media?parent=7646"}],"curies":[{"name":"wp","href":"https:\/\/api.w.org\/{rel}","templated":true}]}}