{"id":7678,"date":"2016-11-03T10:18:42","date_gmt":"2016-11-03T09:18:42","guid":{"rendered":"http:\/\/www.secowarwick.com\/de\/technik-im-rampenlicht\/faq\/what-is-the-fluxer\/"},"modified":"2018-07-10T14:31:31","modified_gmt":"2018-07-10T12:31:31","slug":"was-ist-ein-fluxer","status":"publish","type":"page","link":"https:\/\/www.secowarwick.com\/de\/technik-im-rampenlicht\/faq\/was-ist-ein-fluxer\/","title":{"rendered":"Was ist ein Fluxer?"},"content":{"rendered":"<p>[et_pb_section bb_built=&#8220;1&#8243; admin_label=&#8220;section&#8220;][et_pb_row admin_label=&#8220;row&#8220; background_position=&#8220;top_left&#8220; background_repeat=&#8220;repeat&#8220; background_size=&#8220;initial&#8220;][et_pb_column type=&#8220;2_3&#8243;][et_pb_text use_border_color=&#8220;off&#8220; background_position=&#8220;top_left&#8220; background_repeat=&#8220;repeat&#8220; background_size=&#8220;initial&#8220; _builder_version=&#8220;3.6&#8243;]<\/p>\n<p>Fluxers.<br \/>\nDer gereinigte W\u00e4rmeaustauscher ist mit einer geeigneten Schicht des Hartl\u00f6tens und Flussmittel-Mischung vor dem Start des L\u00f6tvorgangs beschichtet.<\/p>\n<h3><strong>Wir liefern die folgenden Arten von Fluxer:<\/strong><\/h3>\n<p><strong>Spray Fluxer.<\/strong> Das Spr\u00fchverfahren wird verwendet, um chemische Suspensionen mit Wasser gemischt, zu verwenden. Dies ist das am weitesten verbreitete und am h\u00e4ufigsten verwendete Verfahren.<\/p>\n<p><strong>Fluxer zum Streichen.<\/strong> Dieses Ger\u00e4t ist speziell f\u00fcr die Elemente von W\u00e4rmetauschern vorgesehen, die nicht zug\u00e4nglich sind, &nbsp;um mit Fluxer (Flussmittelbeschichtungsger\u00e4t) bespr\u00fcht zu werden.<\/p>\n<p><strong>Tauch Fluxer.<\/strong> Einige W\u00e4rmetauscher auf dem Markt verf\u00fcgen \u00fcber einen Entwurf, der Anwendung des Flussmittels in den inneren R\u00e4umen erfordert. In diesem Fall wird das Spritverfahren des Flussmittels nicht angemessene Vorbereitung der L\u00f6tstelle zum L\u00f6ten sicherzustellen. Die Tauch-Fluxer von SECO\/WARWICK sind eine L\u00f6sung f\u00fcr dieses Problem.<\/p>\n<p><strong>Elektrostatische Fluxer<\/strong> sind eine Alternative zum &#8222;nassen Fluxer&#8220;, da sie zur Vorbereitung keinen Flussmittel-Wasser-L\u00f6sung ben\u00f6tigen.<\/p>\n<p>[\/et_pb_text][\/et_pb_column][et_pb_column type=&#8220;1_3&#8243;][et_pb_blurb admin_label=&#8220;faqVACsidebar&#8220; title=&#8220;Looking for vacuum furnaces?&#8220; url=&#8220;#&#8220; image=&#8220;https:\/\/www.secowarwick.com\/wp-content\/uploads\/2016\/10\/HIGH-PRODUCTION-ROTARY-VACUUM-FURNACE-SYSTEM.jpg&#8220; use_border_color=&#8220;off&#8220; saved_tabs=&#8220;all&#8220; background_position=&#8220;top_left&#8220; background_repeat=&#8220;repeat&#8220; background_size=&#8220;initial&#8220; _builder_version=&#8220;3.6&#8243; max_width_tablet=&#8220;50px&#8220; alt=&#8220;Fluxer&#8220;]<\/p>\n<p>Check our solutions!<\/p>\n<p>[\/et_pb_blurb][\/et_pb_column][\/et_pb_row][\/et_pb_section]<\/p>\n","protected":false},"excerpt":{"rendered":"<p>Fluxers. Der gereinigte W\u00e4rmeaustauscher ist mit einer geeigneten Schicht des Hartl\u00f6tens und Flussmittel-Mischung vor dem Start des L\u00f6tvorgangs beschichtet. Wir liefern die folgenden Arten von Fluxer: Spray Fluxer. Das Spr\u00fchverfahren wird verwendet, um chemische Suspensionen mit Wasser gemischt, zu verwenden. Dies ist das am weitesten verbreitete und am h\u00e4ufigsten verwendete Verfahren. Fluxer zum Streichen. Dieses [&hellip;]<\/p>\n","protected":false},"author":2,"featured_media":0,"parent":5975,"menu_order":0,"comment_status":"closed","ping_status":"closed","template":"","meta":{"_acf_changed":false,"_et_pb_use_builder":"on","_et_pb_old_content":"","_et_gb_content_width":"","footnotes":""},"class_list":["post-7678","page","type-page","status-publish"],"acf":[],"_links":{"self":[{"href":"https:\/\/www.secowarwick.com\/de\/wp-json\/wp\/v2\/pages\/7678","targetHints":{"allow":["GET"]}}],"collection":[{"href":"https:\/\/www.secowarwick.com\/de\/wp-json\/wp\/v2\/pages"}],"about":[{"href":"https:\/\/www.secowarwick.com\/de\/wp-json\/wp\/v2\/types\/page"}],"author":[{"embeddable":true,"href":"https:\/\/www.secowarwick.com\/de\/wp-json\/wp\/v2\/users\/2"}],"replies":[{"embeddable":true,"href":"https:\/\/www.secowarwick.com\/de\/wp-json\/wp\/v2\/comments?post=7678"}],"version-history":[{"count":0,"href":"https:\/\/www.secowarwick.com\/de\/wp-json\/wp\/v2\/pages\/7678\/revisions"}],"up":[{"embeddable":true,"href":"https:\/\/www.secowarwick.com\/de\/wp-json\/wp\/v2\/pages\/5975"}],"wp:attachment":[{"href":"https:\/\/www.secowarwick.com\/de\/wp-json\/wp\/v2\/media?parent=7678"}],"curies":[{"name":"wp","href":"https:\/\/api.w.org\/{rel}","templated":true}]}}