{"id":7697,"date":"2016-11-03T10:16:20","date_gmt":"2016-11-03T09:16:20","guid":{"rendered":"http:\/\/www.secowarwick.com\/de\/technik-im-rampenlicht\/faq\/what-is-the-nitriding-potential\/"},"modified":"2023-03-07T11:58:43","modified_gmt":"2023-03-07T10:58:43","slug":"was-ist-das-potential-von-nitrierung","status":"publish","type":"page","link":"https:\/\/www.secowarwick.com\/de\/technik-im-rampenlicht\/faq\/was-ist-das-potential-von-nitrierung\/","title":{"rendered":"Was ist das Potential von Nitrierung?"},"content":{"rendered":"<p>[et_pb_section fb_built=&#8220;1&#8243; admin_label=&#8220;section&#8220; _builder_version=&#8220;4.16&#8243; global_colors_info=&#8220;{}&#8220;][et_pb_row admin_label=&#8220;row&#8220; _builder_version=&#8220;4.16&#8243; background_size=&#8220;initial&#8220; background_position=&#8220;top_left&#8220; background_repeat=&#8220;repeat&#8220; global_colors_info=&#8220;{}&#8220; column_structure=&#8220;2_3,1_3&#8243;][et_pb_column type=&#8220;2_3&#8243; _builder_version=&#8220;4.16&#8243; custom_padding=&#8220;|||&#8220; global_colors_info=&#8220;{}&#8220; custom_padding__hover=&#8220;|||&#8220;][et_pb_text admin_label=&#8220;Text&#8220; _builder_version=&#8220;4.19.2&#8243; background_size=&#8220;initial&#8220; background_position=&#8220;top_left&#8220; background_repeat=&#8220;repeat&#8220; hover_enabled=&#8220;0&#8243; use_border_color=&#8220;off&#8220; border_color=&#8220;#ffffff&#8220; border_style=&#8220;solid&#8220; global_colors_info=&#8220;{}&#8220; sticky_enabled=&#8220;0&#8243;]<\/p>\n<p>Das Potential von <a href=\"https:\/\/www.secowarwick.com\/de\/produkte\/schutzgasoefen-und-systeme-atm\/zeroflow\/\">Nitrierung<\/a> wird thermodynamisch definiert durch:<\/p>\n<p><img decoding=\"async\" class=\"left\" title=\"\" src=\"https:\/\/www.secowarwick.com\/wp-content\/uploads\/assets\/Uploads\/clip-image001.jpg\" alt=\"clip image001\" width=\"112\" height=\"65\" \/><\/p>\n<p>wo die \u201ep<sub>NH3<\/sub>\u201d und \u201cp<sub>H2<\/sub>\u201d \u00a0die Partialdr\u00fccke des Ammoniaks beziehungsweise der Wasserstoffgase sind. Dieses Potential definiert die M\u00f6glichkeit, die Stickstoffschichten von bestimmten Struktur zu schaffen. Im allgemeinen &#8211; das h\u00f6here Potential bedeutet, dass die resultierenden Phasen reicher an Stickstoff sind. Die Phasenstruktur von Stickstoffschichten als Funktion des Potentials und der Temperatur wird am Lehrer-Diagramm dargestellt.<\/p>\n<p>[\/et_pb_text][\/et_pb_column][et_pb_column type=&#8220;1_3&#8243; _builder_version=&#8220;4.16&#8243; custom_padding=&#8220;|||&#8220; global_colors_info=&#8220;{}&#8220; custom_padding__hover=&#8220;|||&#8220;][et_pb_blurb title=&#8220;Sie suchen einen Nitrierofen?&#8220; url=&#8220;https:\/\/www.secowarwick.com\/de\/produkte\/schutzgasoefen-und-systeme-atm\/zeroflow\/&#8220; image=&#8220;https:\/\/www.secowarwick.com\/wp-content\/uploads\/2023\/03\/nitriding_secowarwick.jpg&#8220; image_icon_width=&#8220;none&#8220; admin_label=&#8220;faqVACsidebar&#8220; _builder_version=&#8220;4.19.2&#8243; background_size=&#8220;initial&#8220; background_position=&#8220;top_left&#8220; background_repeat=&#8220;repeat&#8220; hover_enabled=&#8220;0&#8243; use_border_color=&#8220;off&#8220; border_color=&#8220;#ffffff&#8220; border_style=&#8220;solid&#8220; image_max_width=&#8220;none&#8220; use_circle=&#8220;off&#8220; use_circle_border=&#8220;off&#8220; circle_border_color=&#8220;#e2001a&#8220; circle_color=&#8220;#e2001a&#8220; saved_tabs=&#8220;all&#8220; global_colors_info=&#8220;{}&#8220; alt=&#8220;Nitrierofen SECO\/WARWICK&#8220; title_text=&#8220;Nitrierofen SECO\/WARWICK&#8220; sticky_enabled=&#8220;0&#8243;]<\/p>\n<p>Sehen Sie sich unsere L\u00f6sungen an!<\/p>\n<p>[\/et_pb_blurb][\/et_pb_column][\/et_pb_row][\/et_pb_section]<\/p>\n","protected":false},"excerpt":{"rendered":"<p>Das Potential von Nitrierung wird thermodynamisch definiert durch: wo die \u201epNH3\u201d und \u201cpH2\u201d \u00a0die Partialdr\u00fccke des Ammoniaks beziehungsweise der Wasserstoffgase sind. Dieses Potential definiert die M\u00f6glichkeit, die Stickstoffschichten von bestimmten Struktur zu schaffen. Im allgemeinen &#8211; das h\u00f6here Potential bedeutet, dass die resultierenden Phasen reicher an Stickstoff sind. Die Phasenstruktur von Stickstoffschichten als Funktion des [&hellip;]<\/p>\n","protected":false},"author":2,"featured_media":0,"parent":5975,"menu_order":0,"comment_status":"closed","ping_status":"closed","template":"","meta":{"_acf_changed":false,"_et_pb_use_builder":"on","_et_pb_old_content":"","_et_gb_content_width":"","footnotes":""},"class_list":["post-7697","page","type-page","status-publish"],"acf":[],"_links":{"self":[{"href":"https:\/\/www.secowarwick.com\/de\/wp-json\/wp\/v2\/pages\/7697","targetHints":{"allow":["GET"]}}],"collection":[{"href":"https:\/\/www.secowarwick.com\/de\/wp-json\/wp\/v2\/pages"}],"about":[{"href":"https:\/\/www.secowarwick.com\/de\/wp-json\/wp\/v2\/types\/page"}],"author":[{"embeddable":true,"href":"https:\/\/www.secowarwick.com\/de\/wp-json\/wp\/v2\/users\/2"}],"replies":[{"embeddable":true,"href":"https:\/\/www.secowarwick.com\/de\/wp-json\/wp\/v2\/comments?post=7697"}],"version-history":[{"count":1,"href":"https:\/\/www.secowarwick.com\/de\/wp-json\/wp\/v2\/pages\/7697\/revisions"}],"predecessor-version":[{"id":137219,"href":"https:\/\/www.secowarwick.com\/de\/wp-json\/wp\/v2\/pages\/7697\/revisions\/137219"}],"up":[{"embeddable":true,"href":"https:\/\/www.secowarwick.com\/de\/wp-json\/wp\/v2\/pages\/5975"}],"wp:attachment":[{"href":"https:\/\/www.secowarwick.com\/de\/wp-json\/wp\/v2\/media?parent=7697"}],"curies":[{"name":"wp","href":"https:\/\/api.w.org\/{rel}","templated":true}]}}