{"id":78056,"date":"2019-04-04T09:57:42","date_gmt":"2019-04-04T07:57:42","guid":{"rendered":"http:\/\/www.secowarwick.com\/information-on-the-processing\/"},"modified":"2022-11-16T07:45:10","modified_gmt":"2022-11-16T06:45:10","slug":"information-on-the-processing","status":"publish","type":"page","link":"https:\/\/www.secowarwick.com\/de\/information-on-the-processing\/","title":{"rendered":"INFORMATION ON THE PROCESSING"},"content":{"rendered":"<p>[et_pb_section fb_built=&#8220;1&#8243; _builder_version=&#8220;3.22&#8243; global_colors_info=&#8220;{}&#8220;][et_pb_row _builder_version=&#8220;3.25&#8243; background_size=&#8220;initial&#8220; background_position=&#8220;top_left&#8220; background_repeat=&#8220;repeat&#8220; global_colors_info=&#8220;{}&#8220;][et_pb_column type=&#8220;4_4&#8243; _builder_version=&#8220;3.25&#8243; custom_padding=&#8220;|||&#8220; global_colors_info=&#8220;{}&#8220; custom_padding__hover=&#8220;|||&#8220;][et_pb_text _builder_version=&#8220;4.10.3&#8243; hover_enabled=&#8220;0&#8243; global_colors_info=&#8220;{}&#8220; sticky_enabled=&#8220;0&#8243;]<\/p>\n<table class=\"tnc table table-striped table-hover\" style=\"width: 100%;\">\n<tbody>\n<tr>\n<td style=\"width: 280.83px;\"><b><strong>SECO\/WARWICK Germany GmbH<\/strong><br \/><\/b>An der Molkerei 9, 47551 Bedburg-Hau, Germany<\/td>\n<td style=\"width: 280.83px;\"><a href=\"https:\/\/www.secowarwick.com\/wp-content\/uploads\/2020\/12\/Obowi\u0105zek-informacyjny-wobec-dostawc\u00f3w-i-kooperant\u00f3w_GE.pdf\" target=\"_blank\" rel=\"noopener\">INFORMATIONEN \u00dcBER VERARBEITUNG DER PERSONENBEZOGENEN DATEN F\u00dcR LIEFERANTEN UND GESCH\u00c4FTSPARTNER<\/a><\/td>\n<td style=\"width: 280.83px;\"><a href=\"https:\/\/www.secowarwick.com\/wp-content\/uploads\/2020\/12\/Informacja-o-przetwarzaniu-danych-osobowych-klienta-SWSA-PL_GE_2020_01.pdf\" target=\"_blank\" rel=\"noopener\">INFORMATIONEN \u00dcBER VERARBEITUNG DER PERSONENBEZOGENEN DATEN DER KUNDEN<\/a><\/td>\n<\/tr>\n<tr>\n<td style=\"width: 280.83px;\"><strong>SECO<span class=\"red\">\/<\/span>WARWICK SERVICES SP. Z O. O.<br \/><\/strong>76 Zachodnia Str., 66-200 \u015awiebodzin, Poland<b><\/b><\/td>\n<td style=\"width: 280.83px;\"><a href=\"https:\/\/www.secowarwick.com\/wp-content\/uploads\/2022\/11\/SWS-PRIVACY-POLICY_EN_2022_01.pdf\" target=\"_blank\" rel=\"noopener\">Information on the processing of\u00a0suppliers<\/a><\/td>\n<td style=\"width: 280.83px;\"><a href=\"https:\/\/www.secowarwick.com\/wp-content\/uploads\/2022\/11\/SWS-PRIVACY-POLICY_EN_2022_01.pdf\" target=\"_blank\" rel=\"noopener\">Information on the processing of business partners<\/a><\/td>\n<\/tr>\n<tr>\n<td style=\"width: 280.83px;\"><strong><b>SECO\/WARWICK S.A.<\/b><br \/><\/strong>8 Sobieskiego Str., 66-200 \u015awiebodzin, Poland<br \/><b><\/b><\/td>\n<td style=\"width: 280.83px;\"><a class=\"fancybox_pdf\" title=\"Fullscreen\" href=\"https:\/\/www.secowarwick.com\/wp-content\/uploads\/2022\/11\/SWSA-PRIVACY-POLICY_EN_2022_01.pdf\" target=\"_blank\" rel=\"noopener\">Information on the processing of\u00a0suppliers<\/a><\/td>\n<td style=\"width: 280.83px;\"><a href=\"https:\/\/www.secowarwick.com\/wp-content\/uploads\/2022\/09\/SWSA-PRIVACY-POLICY_EN_2022_01.docx\" target=\"_blank\" rel=\"noopener\">Information on the processing of business partners<\/a><\/td>\n<\/tr>\n<\/tbody>\n<\/table>\n<p>[\/et_pb_text][\/et_pb_column][\/et_pb_row][\/et_pb_section]<\/p>\n","protected":false},"excerpt":{"rendered":"<p>SECO\/WARWICK Germany GmbHAn der Molkerei 9, 47551 Bedburg-Hau, Germany INFORMATIONEN \u00dcBER VERARBEITUNG DER PERSONENBEZOGENEN DATEN F\u00dcR LIEFERANTEN UND GESCH\u00c4FTSPARTNER INFORMATIONEN \u00dcBER VERARBEITUNG DER PERSONENBEZOGENEN DATEN DER KUNDEN SECO\/WARWICK SERVICES SP. Z O. O.76 Zachodnia Str., 66-200 \u015awiebodzin, Poland Information on the processing of\u00a0suppliers Information on the processing of business partners SECO\/WARWICK S.A.8 Sobieskiego Str., 66-200 [&hellip;]<\/p>\n","protected":false},"author":2,"featured_media":0,"parent":0,"menu_order":0,"comment_status":"closed","ping_status":"closed","template":"","meta":{"_acf_changed":false,"_et_pb_use_builder":"on","_et_pb_old_content":"","_et_gb_content_width":"","footnotes":""},"class_list":["post-78056","page","type-page","status-publish"],"acf":[],"_links":{"self":[{"href":"https:\/\/www.secowarwick.com\/de\/wp-json\/wp\/v2\/pages\/78056","targetHints":{"allow":["GET"]}}],"collection":[{"href":"https:\/\/www.secowarwick.com\/de\/wp-json\/wp\/v2\/pages"}],"about":[{"href":"https:\/\/www.secowarwick.com\/de\/wp-json\/wp\/v2\/types\/page"}],"author":[{"embeddable":true,"href":"https:\/\/www.secowarwick.com\/de\/wp-json\/wp\/v2\/users\/2"}],"replies":[{"embeddable":true,"href":"https:\/\/www.secowarwick.com\/de\/wp-json\/wp\/v2\/comments?post=78056"}],"version-history":[{"count":2,"href":"https:\/\/www.secowarwick.com\/de\/wp-json\/wp\/v2\/pages\/78056\/revisions"}],"predecessor-version":[{"id":133208,"href":"https:\/\/www.secowarwick.com\/de\/wp-json\/wp\/v2\/pages\/78056\/revisions\/133208"}],"wp:attachment":[{"href":"https:\/\/www.secowarwick.com\/de\/wp-json\/wp\/v2\/media?parent=78056"}],"curies":[{"name":"wp","href":"https:\/\/api.w.org\/{rel}","templated":true}]}}