{"id":78396,"date":"2017-03-15T13:07:34","date_gmt":"2017-03-15T12:07:34","guid":{"rendered":"http:\/\/www.secowarwick.com\/produkte\/schutzgasoefen-und-systeme-atm\/roller-hearth-furnaces\/"},"modified":"2025-01-17T07:27:26","modified_gmt":"2025-01-17T06:27:26","slug":"rollenherdoefen","status":"publish","type":"page","link":"https:\/\/www.secowarwick.com\/de\/produkte\/schutzgasoefen-und-systeme-atm\/rollenherdoefen\/","title":{"rendered":"ROLLENHERD\u00d6FEN"},"content":{"rendered":"<p>[et_pb_section fb_built=&#8220;1&#8243; custom_padding_last_edited=&#8220;on|desktop&#8220; admin_label=&#8220;section&#8220; _builder_version=&#8220;4.16&#8243; background_color=&#8220;#f9f9f9&#8243; custom_padding=&#8220;10px|||&#8220; custom_padding_tablet=&#8220;50px|0|50px|0&#8243; custom_padding_phone=&#8220;&#8220; transparent_background=&#8220;off&#8220; padding_mobile=&#8220;off&#8220; make_fullwidth=&#8220;off&#8220; use_custom_width=&#8220;off&#8220; width_unit=&#8220;on&#8220; custom_width_px=&#8220;1080px&#8220; custom_width_percent=&#8220;80%&#8220; global_colors_info=&#8220;{}&#8220;][et_pb_row padding_mobile=&#8220;off&#8220; column_padding_mobile=&#8220;on&#8220; admin_label=&#8220;row&#8220; _builder_version=&#8220;4.16&#8243; background_size=&#8220;initial&#8220; background_position=&#8220;top_left&#8220; background_repeat=&#8220;repeat&#8220; make_fullwidth=&#8220;off&#8220; use_custom_width=&#8220;off&#8220; width_unit=&#8220;off&#8220; custom_width_px=&#8220;1080px&#8220; custom_width_percent=&#8220;80%&#8220; global_colors_info=&#8220;{}&#8220;][et_pb_column type=&#8220;4_4&#8243; _builder_version=&#8220;4.16&#8243; custom_padding=&#8220;|||&#8220; global_colors_info=&#8220;{}&#8220; custom_padding__hover=&#8220;|||&#8220;][et_pb_text _builder_version=&#8220;4.16&#8243; background_size=&#8220;initial&#8220; background_position=&#8220;top_left&#8220; background_repeat=&#8220;repeat&#8220; text_orientation=&#8220;justified&#8220; use_border_color=&#8220;off&#8220; global_colors_info=&#8220;{}&#8220;]<\/p>\n<h2>Rollenherd\u00f6fen von SECO\/WARWICK<\/h2>\n<p><strong>Die Rollenherd\u00f6fen von SECO\/WARWICK sind so konzipiert, dass sie eine Vielzahl von Produkten kosteng\u00fcnstig und mit gleichm\u00e4\u00dfigen, wiederholbaren Ergebnissen w\u00e4rmebehandeln<\/strong>. Es gibt eine gro\u00dfe Auswahl an Gr\u00f6\u00dfen von elektrischen oder brennstoffbetriebenen Heizungsanlagen mit angepassten K\u00fchlstrecken und Materialhandhabungssystemen. In Verbindung mit einer Schutzatmosph\u00e4re, um das Produkt sauber zu halten oder die Oberfl\u00e4chenbehandlung zu unterst\u00fctzen, ist der Rollenherdofen ein leistungsstarkes Werkzeug f\u00fcr die heutige Produktionsumgebung.<\/p>\n<h3><strong>Typische Anwendungen f\u00fcr kontinuierliche Systeme<\/strong><\/h3>\n<ul>\n<li>Gl\u00fchen<\/li>\n<li>H\u00e4rten<\/li>\n<li>Vorw\u00e4rmen<\/li>\n<li>Normalisieren<\/li>\n<li>Druckabbau<\/li>\n<\/ul>\n<h3><strong>Vorteile des kontinuierlichen Betriebs<\/strong><\/h3>\n<ul>\n<li>Chargen-Anlagen erfordern eine konstante Erw\u00e4rmung und K\u00fchlung. Dies verschwendet Energie und belastet Materialien<\/li>\n<li>Die Chargen-Materialhandhabung ist schwer zu automatisieren<\/li>\n<li>Die Energier\u00fcckgewinnung ist mit kontinuierlichen Systemen einfacher und kosteng\u00fcnstiger<\/li>\n<li>Ein kontinuierliches System nimmt etwa die H\u00e4lfte der Grundfl\u00e4che ein im Vergleich zu mehreren Chargeneinheiten<\/li>\n<li>L\u00e4ngere Laufzeit der Anlagen \u2013 normalerweise mehr als 40 Jahre<\/li>\n<\/ul>\n<h4><strong>An Ihre Bed\u00fcrfnisse zugeschnitten<\/strong><\/h4>\n<ul>\n<li>Temperaturbereiche von 400<sup>0<\/sup>F \u2013 2250<sup>0<\/sup>F (200<sup>0<\/sup>C \u2013 1,200<sup>0<\/sup>C)<\/li>\n<li>Geeignet f\u00fcr verschiedene Gase von Luft oder Verbrennungsprodukten bis hin zu exothermen Gasen (EXOGAS\u2122), endothermen Gasen (ENDOGAS\u2122), Stickstoff\/Wasserstoff oder Ammoniak (AMMOGAS\u2122) oder Dampf<\/li>\n<li>Die Durchs\u00e4tze sind unbegrenzt, typischerweise zwischen 500 Pfund (225 kg) und 15.000 Pfund (6.800 kg) pro Stunde<\/li>\n<\/ul>\n<p>&nbsp;<\/p>\n<p><strong>Ben\u00f6tigen Sie ein Angebot oder weitere Informationen? Senden Sie eine E-Mail an\u00a0<\/strong><a href=\"mailto:info@secowarwick.com\"><strong>contact@secowarwick.com<\/strong><\/a><\/p>\n<p>&nbsp;<\/p>\n<p>&nbsp;<br \/>\n[\/et_pb_text][et_pb_image src=&#8220;https:\/\/www.secowarwick.com\/wp-content\/uploads\/2018\/12\/Atmosphere-Furnace-Roller-Hearth-tlo.jpg&#8220; align_tablet=&#8220;center&#8220; align_last_edited=&#8220;on|desktop&#8220; _builder_version=&#8220;4.23.1&#8243; hover_enabled=&#8220;0&#8243; global_colors_info=&#8220;{}&#8220; alt=&#8220;Rollenherdofen mit Schutzatmosph\u00e4re&#8220; sticky_enabled=&#8220;0&#8243; align_phone=&#8220;center&#8220;][\/et_pb_image][\/et_pb_column][\/et_pb_row][\/et_pb_section]<\/p>\n","protected":false},"excerpt":{"rendered":"<p>Rollenherd\u00f6fen von SECO\/WARWICK Die Rollenherd\u00f6fen von SECO\/WARWICK sind so konzipiert, dass sie eine Vielzahl von Produkten kosteng\u00fcnstig und mit gleichm\u00e4\u00dfigen, wiederholbaren Ergebnissen w\u00e4rmebehandeln. Es gibt eine gro\u00dfe Auswahl an Gr\u00f6\u00dfen von elektrischen oder brennstoffbetriebenen Heizungsanlagen mit angepassten K\u00fchlstrecken und Materialhandhabungssystemen. In Verbindung mit einer Schutzatmosph\u00e4re, um das Produkt sauber zu halten oder die Oberfl\u00e4chenbehandlung zu [&hellip;]<\/p>\n","protected":false},"author":2,"featured_media":0,"parent":7137,"menu_order":0,"comment_status":"closed","ping_status":"closed","template":"","meta":{"_acf_changed":false,"_et_pb_use_builder":"on","_et_pb_old_content":"","_et_gb_content_width":"","footnotes":""},"class_list":["post-78396","page","type-page","status-publish"],"acf":[],"_links":{"self":[{"href":"https:\/\/www.secowarwick.com\/de\/wp-json\/wp\/v2\/pages\/78396","targetHints":{"allow":["GET"]}}],"collection":[{"href":"https:\/\/www.secowarwick.com\/de\/wp-json\/wp\/v2\/pages"}],"about":[{"href":"https:\/\/www.secowarwick.com\/de\/wp-json\/wp\/v2\/types\/page"}],"author":[{"embeddable":true,"href":"https:\/\/www.secowarwick.com\/de\/wp-json\/wp\/v2\/users\/2"}],"replies":[{"embeddable":true,"href":"https:\/\/www.secowarwick.com\/de\/wp-json\/wp\/v2\/comments?post=78396"}],"version-history":[{"count":1,"href":"https:\/\/www.secowarwick.com\/de\/wp-json\/wp\/v2\/pages\/78396\/revisions"}],"predecessor-version":[{"id":168987,"href":"https:\/\/www.secowarwick.com\/de\/wp-json\/wp\/v2\/pages\/78396\/revisions\/168987"}],"up":[{"embeddable":true,"href":"https:\/\/www.secowarwick.com\/de\/wp-json\/wp\/v2\/pages\/7137"}],"wp:attachment":[{"href":"https:\/\/www.secowarwick.com\/de\/wp-json\/wp\/v2\/media?parent=78396"}],"curies":[{"name":"wp","href":"https:\/\/api.w.org\/{rel}","templated":true}]}}