{"id":79564,"date":"2019-06-18T12:26:28","date_gmt":"2019-06-18T10:26:28","guid":{"rendered":"http:\/\/www.secowarwick.com\/?page_id=79564"},"modified":"2025-10-30T14:35:08","modified_gmt":"2025-10-30T13:35:08","slug":"unicase-master-4d-quench","status":"publish","type":"page","link":"https:\/\/www.secowarwick.com\/de\/produkte\/vakuum-anlagen\/unicase-master-4d-quench\/","title":{"rendered":"Vakuumh\u00e4rten mit Verformungskontrolle ale eine moderne Alternative zum Pressh\u00e4rten &#8211; 4D Quench"},"content":{"rendered":"<p>[et_pb_section fb_built=&#8220;1&#8243; _builder_version=&#8220;4.16&#8243; global_colors_info=&#8220;{}&#8220;][et_pb_row _builder_version=&#8220;4.16&#8243; background_size=&#8220;initial&#8220; background_position=&#8220;top_left&#8220; background_repeat=&#8220;repeat&#8220; global_colors_info=&#8220;{}&#8220;][et_pb_column type=&#8220;4_4&#8243; _builder_version=&#8220;4.16&#8243; custom_padding=&#8220;|||&#8220; global_colors_info=&#8220;{}&#8220; custom_padding__hover=&#8220;|||&#8220;][et_pb_image src=&#8220;https:\/\/www.secowarwick.com\/wp-content\/uploads\/2020\/06\/4dquench_v2-1.jpg&#8220; alt=&#8220;Vakuumh\u00e4rten mit Verformungskontrolle ale eine moderne Alternative zum Pressh\u00e4rten &#8211; 4D Quench\u00ae&#8220; title_text=&#8220;Vakuumh\u00e4rten mit Verformungskontrolle ale eine moderne Alternative zum Pressh\u00e4rten &#8211; 4D Quench\u00ae&#8220; align_tablet=&#8220;center&#8220; align_phone=&#8220;&#8220; align_last_edited=&#8220;on|desktop&#8220; _builder_version=&#8220;4.16&#8243; global_colors_info=&#8220;{}&#8220;][\/et_pb_image][\/et_pb_column][\/et_pb_row][\/et_pb_section][et_pb_section fb_built=&#8220;1&#8243; admin_label=&#8220;section&#8220; _builder_version=&#8220;4.16&#8243; custom_padding=&#8220;25px|||&#8220; transparent_background=&#8220;off&#8220; make_fullwidth=&#8220;off&#8220; use_custom_width=&#8220;off&#8220; width_unit=&#8220;on&#8220; global_colors_info=&#8220;{}&#8220;][et_pb_row column_structure=&#8220;3_4,1_4&#8243; admin_label=&#8220;row&#8220; _builder_version=&#8220;4.16&#8243; background_size=&#8220;initial&#8220; background_position=&#8220;top_left&#8220; background_repeat=&#8220;repeat&#8220; custom_margin=&#8220;0px|||&#8220; custom_padding=&#8220;0px|||&#8220; make_fullwidth=&#8220;off&#8220; use_custom_width=&#8220;off&#8220; width_unit=&#8220;on&#8220; global_colors_info=&#8220;{}&#8220;][et_pb_column type=&#8220;3_4&#8243; _builder_version=&#8220;4.16&#8243; custom_padding=&#8220;|||&#8220; global_colors_info=&#8220;{}&#8220; custom_padding__hover=&#8220;|||&#8220;][et_pb_breadcrumbs _builder_version=&#8220;3.6&#8243; global_colors_info=&#8220;{}&#8220;][\/et_pb_breadcrumbs][et_pb_text module_class=&#8220;podtytuly&#8220; _builder_version=&#8220;4.23.1&#8243; custom_margin=&#8220;45px|||&#8220; global_colors_info=&#8220;{}&#8220;]<\/p>\n<h1 align=\"justify\"><span lang=\"de-DE\">Vakuumh\u00e4rten mit Verformungskontrolle ale&nbsp;eine moderne Alternative zum Pressh\u00e4rten &#8211; 4D Quench<\/span><\/h1>\n<h2><span lang=\"de-DE\">Ein Vakuumsystem zum Ein-St\u00fcck Stickstoffabschrecken mit Verformungskontrolle als attraktive Alternative zum Pressh\u00e4rten<\/span><\/h2>\n<p align=\"justify\"><span lang=\"de-DE\">4D Quench \u2013 <\/span>ist ein <strong>Vakuum-W\u00e4rmebehandlungssystem<\/strong> zum individuellen <strong>Stickstoffabschrecken<\/strong> von Einzelst\u00fccken<span lang=\"de-DE\">\u00a0von mechanischen Getriebebauteilen wie Zahnr\u00e4der, Wellen, Ringe, H\u00fclsen usw. und es\u00a0wird hergestellt aus Normal- und Spezialstahl und durchgeh\u00e4rteten St\u00e4hlen.<\/span><\/p>\n<p align=\"justify\"><span lang=\"de-DE\"><strong><span style=\"color: #dc291e;\">\/<\/span><\/strong>\u00a0Es erh\u00f6ht die Pr\u00e4zision und Wiederholbarkeit der W\u00e4rmebehandlungsergebnisse erheblich und reduziert die Produktionskosten.<\/span><\/p>\n<p align=\"justify\"><span lang=\"de-DE\"><strong><span style=\"color: #dc291e;\">\/<\/span><\/strong> Es\u00a0bietet eine Vakuumerw\u00e4rmung mit anschlie\u00dfender leistungsstarker und gleichm\u00e4\u00dfiger Stickstoffabschreckung, die zu einer Verzugskontrolle und -reduzierung mit hoher Wiederholbarkeit der Endergebnisse f\u00fchrt.<\/span><\/p>\n<p align=\"justify\"><span lang=\"de-DE\"><strong><span style=\"color: #dc291e;\">\/<\/span><\/strong> Das System arbeitet vollautomatisch und kann problemlos in\u00a0die In-Line-Produktion eingebunden werden.<\/span><\/p>\n<p align=\"justify\"><span lang=\"de-DE\"><strong><span style=\"color: #dc291e;\">\/<\/span><\/strong> Es\u00a0ist eine moderne und attraktive Alternative zum H\u00e4rten in\u00a0einer Presse, die alle Nachteile aufhebt.<\/span><\/p>\n<p>[\/et_pb_text][et_pb_tabs module_class=&#8220;red-tabs eco-tab7&#8243; _builder_version=&#8220;4.23.1&#8243; custom_css_main_element=&#8220;margin-top: 2rem;||margin-bottom: 2rem;&#8220; global_colors_info=&#8220;{}&#8220;][et_pb_tab title=&#8220;\u00dcberblick&#8220; _builder_version=&#8220;4.23.1&#8243; global_colors_info=&#8220;{}&#8220;]<\/p>\n<p align=\"justify\"><span lang=\"de-DE\">4D Quench ist f\u00fcr all jene, die die Produktionsqualit\u00e4t und Wirtschaftlichkeit mechanischer Getriebebauteile im&nbsp;Vergleich zu Chargen oder kontinuierlichen W\u00e4rmebehandlungssystemen deutlich steigern sowie den Presseeinsatz und seine Nachteile verhindern wollen.<\/span><\/p>\n<p align=\"justify\"><span lang=\"de-DE\">Es\u00a0besteht aus einer Vakuum-Heizkammer und einer Hochdruck-Stickstoff-Abschreckkammer mit eingerichteten Transportmechanismen.<\/span>\u00a0<span lang=\"de-DE\">Die Komponenten werden in\u00a0der Heizkammer im\u00a0Vakuum auf die H\u00e4rtetemperatur erw\u00e4rmt, was ihre Oberfl\u00e4che perfekt vor Verschmutzung und unerwarteten Zusammensetzungen sch\u00fctzt. Im\u00a0Abschreckprozess verbergen sich signifikante Optimierungen, insbesondere die Verringerung des Verzuges, welche haupts\u00e4chlich mithilfe eines Hochdruck-Gasabschrecksystems, das in\u00a0der Abschreck-\/Entladekammer installiert ist, erfolgt. Das System verwendet eine spezielle Anordnung von K\u00fchld\u00fcsen, die das Bauteil umschlie\u00dfen und einen gleichm\u00e4\u00dfigen K\u00fchlgasstrom von allen Seiten, von oben, unten und von der Seite, garantieren. Wir bezeichnen dies als die \u201e3D\u201c-K\u00fchlung. Zus\u00e4tzlich dreht ein Tisch das Bauteil, was die Gleichm\u00e4\u00dfigkeit der Abschreckung weiter erh\u00f6ht. Wir nennen diese Drehbewegung die vierte Dimension, so dass wir die Abschreckbauteile auf \u201e4D\u201c bringen k\u00f6nnen, auf die bestm\u00f6gliche Gleichf\u00f6rmigkeit. Das Muster der K\u00fchld\u00fcsen kann entsprechend der jeweiligen Bauteilgr\u00f6\u00dfe und -form angepasst werden. Das gesamte Stickstoff-K\u00fchlsystem bietet eine leistungsstarke und gleichm\u00e4\u00dfige Abschreckung (auch \u00d6l), was zu einer perfekten Wiederholbarkeit und einer deutlichen Reduzierung des Verzugs und schlie\u00dflich seiner Kontrolle f\u00fchrt. Weder \u00d6l noch Helium werden mehr ben\u00f6tigt.<\/span><\/p>\n<p align=\"justify\"><span lang=\"de-DE\">Das Single-St\u00fcck-Flow-Verfahren, bei dem die Einzelteile nacheinander einer W\u00e4rmebehandlung unterzogen werden, erm\u00f6glicht die vollst\u00e4ndige Einbindung in\u00a0die In-Line-Produktion, parallel zu den CNC-Maschinen. Es\u00a0spart W\u00e4rmebehandlungsvorrichtungen, Kosten und Zeit bei der Materiallogistik und es\u00a0verk\u00fcrzt den Produktionszyklus. Dar\u00fcber hinaus bietet die Reproduzierbarkeit der Abschreckergebnisse und die Kontrolle und Reduzierung der Verzerrungen ein gro\u00dfes Potenzial zur Reduzierung der Kosten f\u00fcr die Hartbearbeitung.<\/span><\/p>\n<p align=\"justify\"><span lang=\"de-DE\">Zus\u00e4tzlich wird jedes einzelne Bauelement w\u00e4hrend der W\u00e4rmebehandlung \u00fcberwacht und angezeigt, was eine 100 %ige R\u00fcckverfolgbarkeit und Qualit\u00e4tskontrolle gew\u00e4hrleistet.<\/span><\/p>\n<p align=\"justify\"><span lang=\"de-DE\">Das System und die angewandte Technologie sind sicher, sauber und umweltfreundlich.<\/span><\/p>\n<p>[\/et_pb_tab][et_pb_tab title=&#8220;Funktionen&#8220; _builder_version=&#8220;4.23.1&#8243; global_colors_info=&#8220;{}&#8220;]<\/p>\n<p><span lang=\"de-DE\"><strong><span style=\"color: #dc291e;\">\/<\/span><\/strong>\u00a0Individuelles H\u00e4rten durch Erw\u00e4rmen im\u00a0Vakuum und Hochdruck-Stickstoff-Abschreckung<\/span><br \/><span lang=\"de-DE\"><strong><span style=\"color: #dc291e;\">\/<\/span><\/strong> Automobil-, Luftfahrt-, Getriebe- und Lagerindustrie<\/span><br \/><span lang=\"de-DE\"><strong><span style=\"color: #dc291e;\">\/<\/span><\/strong> Mechanische Getriebebauteile (Zahnr\u00e4der, Ringe, Wellen, H\u00fclsen, etc.)<\/span><br \/><span lang=\"de-DE\"><strong><span style=\"color: #dc291e;\">\/<\/span><\/strong> Normale St\u00e4hle zum Aufkohlen oder Durchh\u00e4rten (in\u00a0\u00d6l)<\/span><br \/><span lang=\"de-DE\"><strong><span style=\"color: #dc291e;\">\/<\/span><\/strong> H\u00f6her legierte St\u00e4hle und Sonderst\u00e4hle zum Gas- und \u00d6labschrecken<\/span><br \/><span lang=\"de-DE\"><strong><span style=\"color: #dc291e;\">\/<\/span><\/strong> Einbindung in\u00a0die In-Line-Produktion<\/span><br \/><span lang=\"de-DE\"><strong><span style=\"color: #dc291e;\">\/<\/span><\/strong> Bis zu 1 Mio. Bauteile\/Jahr<\/span><br \/><span lang=\"de-DE\"><strong><span style=\"color: #dc291e;\">\/<\/span><\/strong> Adaptierbare Arbeitsbereichgr\u00f6\u00dfe<\/span><br \/><span lang=\"de-DE\"><strong><span style=\"color: #dc291e;\">\/<\/span><\/strong> Anpassen der Systemkonfiguration<\/span><br \/><span lang=\"de-DE\"><strong><span style=\"color: #dc291e;\">\/<\/span><\/strong> Kompaktes Design, geringer Platzbedarf<\/span><br \/><span lang=\"de-DE\"><strong><span style=\"color: #dc291e;\">\/<\/span><\/strong> Geringer Energieverbrauch<\/span><br \/><span lang=\"de-DE\"><strong><span style=\"color: #dc291e;\">\/<\/span><\/strong> Keine unkontrollierte Emission<\/span><br \/><span lang=\"de-DE\"><strong><span style=\"color: #dc291e;\">\/<\/span><\/strong> Hochdruck-Stickstoff-Abschreckung<\/span><\/p>\n<p>[\/et_pb_tab][et_pb_tab title=&#8220;Vorteile&#8220; _builder_version=&#8220;4.23.1&#8243; global_colors_info=&#8220;{}&#8220;]<\/p>\n<p><span lang=\"de-DE\"><strong><span style=\"color: #dc291e;\">\/<\/span><\/strong>\u00a0Kontrolle und Reduzierung des H\u00e4rteverzuges<\/span><br \/><span lang=\"de-DE\"><strong><span style=\"color: #dc291e;\">\/<\/span><\/strong> Perfekte Pr\u00e4zision und Wiederholbarkeit der Ergebnisse<\/span><br \/><span lang=\"de-DE\"><strong><span style=\"color: #dc291e;\">\/<\/span><\/strong> Beseitigung von IGO<\/span><br \/><span lang=\"de-DE\"><strong><span style=\"color: #dc291e;\">\/<\/span><\/strong> Keine Oxidation \/ keine Luft vorhanden<\/span><br \/><span lang=\"de-DE\"><strong><span style=\"color: #dc291e;\">\/<\/span><\/strong> Ideale Bauteiloberfl\u00e4che<\/span><br \/><span lang=\"de-DE\"><span style=\"color: #dc291e;\"><strong>\/<\/strong>\u00a0<\/span>Hochvolumenproduktion<\/span><br \/><span lang=\"de-DE\"><strong><span style=\"color: #dc291e;\">\/<\/span><\/strong> Betriebsflexibilit\u00e4t, auf Wunsch Start-Stopp-Betrieb<\/span><br \/><span lang=\"de-DE\"><strong><span style=\"color: #dc291e;\">\/<\/span><\/strong> Vollautomatisierung, In-Line-Produktion eingebunden<\/span><br \/><span lang=\"de-DE\"><strong><span style=\"color: #dc291e;\">\/<\/span><\/strong> 100 %ige R\u00fcckverfolgbarkeit und Pr\u00fcfung jedes einzelnen Bauelements<\/span><br \/><span lang=\"de-DE\"><strong><span style=\"color: #dc291e;\">\/<\/span><\/strong> Keine menschliche Beteiligung und Beeinflussung<\/span><br \/><span lang=\"de-DE\"><strong><span style=\"color: #dc291e;\">\/<\/span><\/strong> Stickstoffabschreckung so schnell wie \u00d6l (weder \u00d6l noch Helium wird ben\u00f6tigt)<\/span><br \/><span lang=\"de-DE\"><strong><span style=\"color: #dc291e;\">\/<\/span><\/strong> Wegfall von W\u00e4rmebehandlungsvorrichtungen und Materiallogistik<\/span><br \/><span lang=\"de-DE\"><strong><span style=\"color: #dc291e;\">\/<\/span><\/strong> Beseitigung von \u00d6l- und \u00d6ldampfverunreinigungen (Sicherheit und Umwelt)<\/span><br \/><span lang=\"de-DE\"><strong><span style=\"color: #dc291e;\">\/<\/span><\/strong> Wegfall von Waschanlagen und Chemikalien<\/span><br \/><span lang=\"de-DE\"><strong><span style=\"color: #dc291e;\">\/<\/span><\/strong> Beseitigung der Hochtemperatur-Strahlung und Brandgefahr<\/span><br \/><span lang=\"de-DE\"><strong><span style=\"color: #dc291e;\">\/<\/span><\/strong> Sichere und umweltfreundliche Technologie<\/span><\/p>\n<p>[\/et_pb_tab][et_pb_tab title=&#8220;Teile&#8220; _builder_version=&#8220;4.23.1&#8243; global_colors_info=&#8220;{}&#8220;]<\/p>\n<p><strong><span style=\"color: #e30f00;\">\/<\/span><\/strong> Mechanische Getriebekomponenten (Zahnr\u00e4der, Ringe, Wellen, \u00c4rmel usw.)<\/p>\n<p>[\/et_pb_tab][et_pb_tab title=&#8220;Materialien&#8220; _builder_version=&#8220;4.23.1&#8243; global_colors_info=&#8220;{}&#8220;]<\/p>\n<p><strong><span style=\"color: #e30f00;\">\/<\/span><\/strong> Regelm\u00e4\u00dfige Aufkohlung oder Durchh\u00e4rtung (in&nbsp;\u00d6l)<br \/><strong><span style=\"color: #e30f00;\">\/<\/span><\/strong> H\u00f6herlegierte St\u00e4hle und Sonderst\u00e4hle zum Abschrecken von Gas und \u00d6l<\/p>\n<p>[\/et_pb_tab][et_pb_tab title=&#8220;Technologien&#8220; _builder_version=&#8220;4.23.1&#8243; global_colors_info=&#8220;{}&#8220;]<\/p>\n<p><span style=\"color: #e30f00;\"><strong>\/<\/strong> <\/span>Glanzh\u00e4rten (Hochdruck-Gasabschrecken)<\/p>\n<p>[\/et_pb_tab][et_pb_tab title=&#8220;Industrien&#8220; _builder_version=&#8220;4.23.1&#8243; global_colors_info=&#8220;{}&#8220;]<\/p>\n<p><strong><span style=\"color: #e30f00;\">\/<\/span> <\/strong>Automobil (Getriebe, Lager)<br \/><strong><span style=\"color: #e30f00;\">\/<\/span><\/strong> Maschinen<br \/><strong><span style=\"color: #e30f00;\">\/<\/span><\/strong> Luft- und Raumfahrt<\/p>\n<p>[\/et_pb_tab][et_pb_tab title=&#8220; &#8220; _builder_version=&#8220;4.23.1&#8243; _module_preset=&#8220;default&#8220; global_colors_info=&#8220;{}&#8220;]<\/p>\n<p><strong><span style=\"color: #dc291e;\">\/<\/span><\/strong> Um ein Vielfaches k\u00fcrzere Schwerbearbeitungszeit<br \/><strong><span style=\"color: #dc291e;\">\/<\/span><\/strong> Eliminierung mehrerer Nachbearbeitungsvorg\u00e4nge<br \/><strong><span style=\"color: #dc291e;\">\/<\/span><\/strong> Niederdruckaufkohlung (LPC) \/ Hochdruckgasabschreckung (HPGQ)<br \/><strong><span style=\"color: #dc291e;\">\/<\/span><\/strong> Schnelle und effiziente Aufkohlung<br \/><strong><span style=\"color: #dc291e;\">\/<\/span><\/strong> Beseitigung von Brand- und Explosionsgef\u00e4hrdung<br \/><strong><span style=\"color: #dc291e;\">\/<\/span><\/strong> Optimale Oberfl\u00e4chenqualit\u00e4t<br \/><strong><span style=\"color: #dc291e;\">\/<\/span><\/strong> Beseitigung von IGO (interkristalliner Oxidation)<br \/><strong><span style=\"color: #dc291e;\">\/<\/span><\/strong> Saubere und umweltfreundliche Produktion<\/p>\n<p>[\/et_pb_tab][\/et_pb_tabs][et_pb_code admin_label=&#8220;crm-rfq-de&#8220; _builder_version=&#8220;4.10.3&#8243; _module_preset=&#8220;default&#8220; global_module=&#8220;123766&#8243; global_colors_info=&#8220;{}&#8220;]<!-- [et_pb_line_break_holder] --><pee style=\"text-align: center;\"><a class=\"small-button smallred\" style=\"font-size: 20px; padding: 20px 60px;\" href=\"https:\/\/www.secowarwick.com\/de\/fordern-sie-hier-ihr-angebot-an\/\"><span style=\"display: block; transform: skew(15deg,0deg); -webkit-transform: skew(15deg,0deg); font-size: 20px; !important\">UM EIN ANGEBOT BITTEN<\/span><\/a><\/pee>[\/et_pb_code][\/et_pb_column][et_pb_column type=&#8220;1_4&#8243; _builder_version=&#8220;4.16&#8243; custom_padding=&#8220;|||&#8220; global_colors_info=&#8220;{}&#8220; custom_padding__hover=&#8220;|||&#8220;][et_pb_gallery gallery_ids=&#8220;88864,81488,86778,85445&#8243; posts_number=&#8220;1&#8243; show_title_and_caption=&#8220;off&#8220; show_pagination=&#8220;off&#8220; zoom_icon_color=&#8220;#e2001a&#8220; module_class=&#8220;seco-products-gallery-new&#8220; _builder_version=&#8220;4.16&#8243; custom_css_overlay_icon=&#8220;content:&#8217;GALERIE ANSEHEN&#8216; !important;&#8220; global_colors_info=&#8220;{}&#8220;][\/et_pb_gallery][et_pb_text admin_label=&#8220;btn_de_premiumlibrary&#8220; module_class=&#8220;premium-library-button&#8220; _builder_version=&#8220;4.23.1&#8243; _module_preset=&#8220;default&#8220; text_orientation=&#8220;center&#8220; global_module=&#8220;157246&#8243; global_colors_info=&#8220;{}&#8220;]<\/p>\n<a href='https:\/\/www.secowarwick.com\/de\/premiuminhalte\/' class='small-button smallred'><span>PREMIUMINHALTE<\/span><\/a>\n<p>[\/et_pb_text][et_pb_text admin_label=&#8220;R&#038;D de&#8220; module_class=&#8220;product_widget_wrap_rd&#8220; _builder_version=&#8220;4.23.1&#8243; _module_preset=&#8220;default&#8220; text_orientation=&#8220;center&#8220; global_module=&#8220;167836&#8243; saved_tabs=&#8220;all&#8220; locked=&#8220;off&#8220; global_colors_info=&#8220;{}&#8220;]<\/p>\n<p><a href=\"https:\/\/www.secowarwick.com\/de\/rd\/\"><span class=\"product_wigtet_name\">R&amp;D<\/span><\/a><\/p>\n<p>[\/et_pb_text][et_pb_text admin_label=&#8220;AUTOMATYKA de&#8220; module_class=&#8220;product_widget_wrap_automation&#8220; _builder_version=&#8220;4.23.1&#8243; _module_preset=&#8220;default&#8220; global_module=&#8220;167905&#8243; saved_tabs=&#8220;all&#8220; locked=&#8220;off&#8220; global_colors_info=&#8220;{}&#8220;]<\/p>\n<p><a href=\"https:\/\/www.secowarwick.com\/de\/service\/automatisierung\/\"><span class=\"product_wigtet_name\">AUTOMATISIERUNG<\/span><\/a><\/p>\n<p>[\/et_pb_text][et_pb_text admin_label=&#8220;SERVICE de&#8220; module_class=&#8220;product_widget_wrap_service&#8220; _builder_version=&#8220;4.23.1&#8243; _module_preset=&#8220;default&#8220; global_module=&#8220;167860&#8243; saved_tabs=&#8220;all&#8220; locked=&#8220;off&#8220; global_colors_info=&#8220;{}&#8220;]<\/p>\n<p><a href=\"https:\/\/www.secowarwick.com\/de\/professionelle-service-dienstleistungen\/\"><span class=\"product_wigtet_name\">SERVICE<\/span><\/a><\/p>\n<p>[\/et_pb_text][et_pb_text admin_label=&#8220;SUPLEMENTALS de&#8220; module_class=&#8220;product_widget_wrap_supleme&#8220; _builder_version=&#8220;4.23.1&#8243; _module_preset=&#8220;default&#8220; global_module=&#8220;167915&#8243; saved_tabs=&#8220;all&#8220; locked=&#8220;off&#8220; global_colors_info=&#8220;{}&#8220;]<\/p>\n<p><span class=\"product_wigtet_name\">ZUSATZSTOFFE:<\/span><\/p>\n<p>[\/et_pb_text][et_pb_text admin_label=&#8220;Product brochure&#8220; module_class=&#8220;suplementals_product_brochure suplementals_wrap&#8220; _builder_version=&#8220;4.23.1&#8243; _module_preset=&#8220;default&#8220; hover_enabled=&#8220;0&#8243; locked=&#8220;off&#8220; global_colors_info=&#8220;{}&#8220; sticky_enabled=&#8220;0&#8243;]<\/p>\n<p><a href=\"https:\/\/www.secowarwick.com\/wp-content\/uploads\/2025\/10\/VAC-4D-QUENCH-WWW.pdf\" target=\"_blank\" rel=\"noopener\">Produktbrosch\u00fcre<\/a><\/p>\n<p>[\/et_pb_text][et_pb_text admin_label=&#8220;Product catalogue de&#8220; module_class=&#8220;suplementals_product_catalogue suplementals_wrap&#8220; _builder_version=&#8220;4.23.1&#8243; _module_preset=&#8220;default&#8220; global_module=&#8220;169659&#8243; saved_tabs=&#8220;all&#8220; locked=&#8220;off&#8220; global_colors_info=&#8220;{}&#8220;]<\/p>\n<p><a href=\"https:\/\/www.secowarwick.com\/wp-content\/uploads\/2025\/01\/VAC_catalogue_2024_web.pdf\" target=\"_blank\" rel=\"noopener\">Produktkatalog<\/a><\/p>\n<p>[\/et_pb_text][et_pb_text admin_label=&#8220;Product movie playlista de&#8220; module_class=&#8220;suplementals_product_movie suplementals_wrap&#8220; _builder_version=&#8220;4.23.1&#8243; _module_preset=&#8220;default&#8220; global_module=&#8220;169661&#8243; saved_tabs=&#8220;all&#8220; locked=&#8220;off&#8220; global_colors_info=&#8220;{}&#8220;]<\/p>\n<p><a href=\"https:\/\/www.youtube.com\/playlist?list=PLa0hhW_hoQqEsIHM5LQtr9h_9UlwGFBO8\" target=\"_blank\" rel=\"noopener\">Produktvideo<\/a><\/p>\n<p>[\/et_pb_text][et_pb_text admin_label=&#8220;Product infographic&#8220; module_class=&#8220;suplementals_product_infographic suplementals_wrap&#8220; _builder_version=&#8220;4.23.1&#8243; _module_preset=&#8220;default&#8220; locked=&#8220;off&#8220; global_colors_info=&#8220;{}&#8220;]<\/p>\n<p><a href=\"https:\/\/www.secowarwick.com\/wp-content\/uploads\/2023\/06\/4D-QUENCH.jpg\" target=\"_blank\" rel=\"noopener\">Produkt-Infografik<\/a><\/p>\n<p>[\/et_pb_text][et_pb_text admin_label=&#8220;dnabook-de&#8220; module_class=&#8220;suplementals_product_dna suplementals_wrap&#8220; _builder_version=&#8220;4.23.1&#8243; _module_preset=&#8220;default&#8220; global_module=&#8220;167874&#8243; saved_tabs=&#8220;all&#8220; locked=&#8220;off&#8220; global_colors_info=&#8220;{}&#8220;]<\/p>\n<p><a href=\"https:\/\/www.secowarwick.com\/wp-content\/uploads\/2025\/07\/DNA_BOOK.pdf\" target=\"_blank\" rel=\"noopener\">DNA\/BOOK<\/a><\/p>\n<p>[\/et_pb_text][et_pb_text admin_label=&#8220;ECO\/BOOK-de&#8220; module_class=&#8220;suplementals_product_eco suplementals_wrap&#8220; _builder_version=&#8220;4.23.1&#8243; _module_preset=&#8220;default&#8220; global_module=&#8220;167797&#8243; locked=&#8220;off&#8220; global_colors_info=&#8220;{}&#8220;]<\/p>\n<p><a href=\"https:\/\/www.secowarwick.com\/wp-content\/uploads\/2023\/06\/ECOBOOK.pdf\" target=\"_blank\" rel=\"noopener\">ECO\/BOOK<\/a><\/p>\n<p>[\/et_pb_text][et_pb_text admin_label=&#8220;product-widget-rfq-de&#8220; module_class=&#8220;product_widget_wrap_rfq-en&#8220; _builder_version=&#8220;4.23.1&#8243; _module_preset=&#8220;default&#8220; global_module=&#8220;186250&#8243; saved_tabs=&#8220;all&#8220; locked=&#8220;off&#8220; global_colors_info=&#8220;{}&#8220;]<\/p>\n<p style=\"text-align: center;\"><a class=\"small-button smallred\" href=\"https:\/\/www.secowarwick.com\/de\/fordern-sie-hier-ihr-angebot-an\/\"><span class=\"product_wigtet_name\">FRAGE NACH MEHR<\/span><\/a><\/p>\n<p>[\/et_pb_text][\/et_pb_column][\/et_pb_row][\/et_pb_section]<\/p>\n","protected":false},"excerpt":{"rendered":"<p>[et_pb_breadcrumbs _builder_version=&#8220;3.6&#8243; global_colors_info=&#8220;{}&#8220;][\/et_pb_breadcrumbs]Vakuumh\u00e4rten mit Verformungskontrolle ale&nbsp;eine moderne Alternative zum Pressh\u00e4rten &#8211; 4D Quench Ein Vakuumsystem zum Ein-St\u00fcck Stickstoffabschrecken mit Verformungskontrolle als attraktive Alternative zum Pressh\u00e4rten 4D Quench \u2013 ist ein Vakuum-W\u00e4rmebehandlungssystem zum individuellen Stickstoffabschrecken von Einzelst\u00fccken\u00a0von mechanischen Getriebebauteilen wie Zahnr\u00e4der, Wellen, Ringe, H\u00fclsen usw. und es\u00a0wird hergestellt aus Normal- und Spezialstahl und durchgeh\u00e4rteten St\u00e4hlen. \/\u00a0Es [&hellip;]<\/p>\n","protected":false},"author":2,"featured_media":97115,"parent":7218,"menu_order":0,"comment_status":"closed","ping_status":"closed","template":"","meta":{"_acf_changed":false,"_et_pb_use_builder":"on","_et_pb_old_content":"","_et_gb_content_width":"","footnotes":""},"class_list":["post-79564","page","type-page","status-publish","has-post-thumbnail"],"acf":[],"_links":{"self":[{"href":"https:\/\/www.secowarwick.com\/de\/wp-json\/wp\/v2\/pages\/79564","targetHints":{"allow":["GET"]}}],"collection":[{"href":"https:\/\/www.secowarwick.com\/de\/wp-json\/wp\/v2\/pages"}],"about":[{"href":"https:\/\/www.secowarwick.com\/de\/wp-json\/wp\/v2\/types\/page"}],"author":[{"embeddable":true,"href":"https:\/\/www.secowarwick.com\/de\/wp-json\/wp\/v2\/users\/2"}],"replies":[{"embeddable":true,"href":"https:\/\/www.secowarwick.com\/de\/wp-json\/wp\/v2\/comments?post=79564"}],"version-history":[{"count":19,"href":"https:\/\/www.secowarwick.com\/de\/wp-json\/wp\/v2\/pages\/79564\/revisions"}],"predecessor-version":[{"id":186399,"href":"https:\/\/www.secowarwick.com\/de\/wp-json\/wp\/v2\/pages\/79564\/revisions\/186399"}],"up":[{"embeddable":true,"href":"https:\/\/www.secowarwick.com\/de\/wp-json\/wp\/v2\/pages\/7218"}],"wp:featuredmedia":[{"embeddable":true,"href":"https:\/\/www.secowarwick.com\/de\/wp-json\/wp\/v2\/media\/97115"}],"wp:attachment":[{"href":"https:\/\/www.secowarwick.com\/de\/wp-json\/wp\/v2\/media?parent=79564"}],"curies":[{"name":"wp","href":"https:\/\/api.w.org\/{rel}","templated":true}]}}