{"id":80257,"date":"2019-06-11T12:24:17","date_gmt":"2019-06-11T10:24:17","guid":{"rendered":"http:\/\/www.secowarwick.com\/modernizacja-komory-grzejnej-pieca\/"},"modified":"2025-10-10T08:41:25","modified_gmt":"2025-10-10T06:41:25","slug":"modernisierung-der-heizkammer","status":"publish","type":"page","link":"https:\/\/www.secowarwick.com\/de\/modernisierung-der-heizkammer\/","title":{"rendered":"Erneuerung und Modernisierung der Heizkammer"},"content":{"rendered":"<p>[et_pb_section fb_built=&#8220;1&#8243; module_class=&#8220;skos-slider-bottom innowacje-top serwis-naglowek-2025&#8243; _builder_version=&#8220;4.23.1&#8243; background_enable_image=&#8220;off&#8220; custom_padding=&#8220;0px||0px|&#8220; locked=&#8220;off&#8220; global_colors_info=&#8220;{}&#8220;][et_pb_row _builder_version=&#8220;4.23.1&#8243; custom_padding=&#8220;0px||0px|&#8220; global_colors_info=&#8220;{}&#8220;][et_pb_column type=&#8220;4_4&#8243; _builder_version=&#8220;4.16&#8243; custom_padding=&#8220;|||&#8220; global_colors_info=&#8220;{}&#8220; custom_padding__hover=&#8220;|||&#8220;][et_pb_text module_class=&#8220;naglowek-innowacje&#8220; _builder_version=&#8220;4.23.1&#8243; header_2_text_color=&#8220;#ffffff&#8220; header_2_font_size=&#8220;35px&#8220; custom_margin=&#8220;||||false|false&#8220; custom_padding_tablet=&#8220;||100px|&#8220; custom_padding_last_edited=&#8220;off|desktop&#8220; global_colors_info=&#8220;{}&#8220;]<\/p>\n<h2><span style=\"color: #000000;\"><span style=\"color: #dc291e;\">\/<\/span>RENOVIERUNG UND MODERNISIERUNG<br \/>\u00a0DER OFENHEIZKAMMER<\/span><\/h2>\n<p>[\/et_pb_text][\/et_pb_column][\/et_pb_row][\/et_pb_section][et_pb_section fb_built=&#8220;1&#8243; admin_label=&#8220;section&#8220; _builder_version=&#8220;4.16&#8243; background_color=&#8220;#ffffff&#8220; custom_margin=&#8220;0px|||&#8220; custom_padding=&#8220;0px|||&#8220; transparent_background=&#8220;off&#8220; global_colors_info=&#8220;{}&#8220;][et_pb_row column_structure=&#8220;2_3,1_3&#8243; use_custom_gutter=&#8220;on&#8220; gutter_width=&#8220;2&#8243; admin_label=&#8220;row&#8220; _builder_version=&#8220;4.23.1&#8243; background_size=&#8220;initial&#8220; background_position=&#8220;top_left&#8220; background_repeat=&#8220;repeat&#8220; global_colors_info=&#8220;{}&#8220;][et_pb_column type=&#8220;2_3&#8243; _builder_version=&#8220;4.16&#8243; custom_padding=&#8220;|||&#8220; global_colors_info=&#8220;{}&#8220; custom_padding__hover=&#8220;|||&#8220;][et_pb_breadcrumbs _builder_version=&#8220;3.6&#8243; global_colors_info=&#8220;{}&#8220;][\/et_pb_breadcrumbs][et_pb_text module_class=&#8220;ed-square-list-parent&#8220; _builder_version=&#8220;4.23.1&#8243; background_size=&#8220;initial&#8220; background_position=&#8220;top_left&#8220; background_repeat=&#8220;repeat&#8220; use_border_color=&#8220;off&#8220; border_color=&#8220;#ffffff&#8220; border_style=&#8220;solid&#8220; global_colors_info=&#8220;{}&#8220;]<\/p>\n<h1><span lang=\"DE\">RENOVIERUNG UND MODERNISIERUNG DER OFENHEIZKAMMER<\/span><\/h1>\n<p>[\/et_pb_text][\/et_pb_column][et_pb_column type=&#8220;1_3&#8243; _builder_version=&#8220;4.16&#8243; custom_padding=&#8220;|||&#8220; global_colors_info=&#8220;{}&#8220; custom_padding__hover=&#8220;|||&#8220;][\/et_pb_column][\/et_pb_row][et_pb_row column_structure=&#8220;3_4,1_4&#8243; admin_label=&#8220;row&#8220; _builder_version=&#8220;4.23.1&#8243; background_size=&#8220;initial&#8220; background_position=&#8220;top_left&#8220; background_repeat=&#8220;repeat&#8220; custom_padding=&#8220;0px||||false|false&#8220; global_colors_info=&#8220;{}&#8220;][et_pb_column type=&#8220;3_4&#8243; _builder_version=&#8220;4.16&#8243; custom_padding=&#8220;|||&#8220; global_colors_info=&#8220;{}&#8220; custom_padding__hover=&#8220;|||&#8220;][et_pb_text module_class=&#8220;ed-square-list-parent&#8220; _builder_version=&#8220;4.23.1&#8243; background_size=&#8220;initial&#8220; background_position=&#8220;top_left&#8220; background_repeat=&#8220;repeat&#8220; use_border_color=&#8220;off&#8220; border_color=&#8220;#ffffff&#8220; border_style=&#8220;solid&#8220; global_colors_info=&#8220;{}&#8220;]<\/p>\n<h2><span lang=\"DE\">Erh\u00f6hen Sie die Effizienz Ihres Ofens<\/span><\/h2>\n<p>[\/et_pb_text][et_pb_text module_class=&#8220;red-square-list-parent&#8220; _builder_version=&#8220;4.16&#8243; background_size=&#8220;initial&#8220; background_position=&#8220;top_left&#8220; background_repeat=&#8220;repeat&#8220; use_border_color=&#8220;off&#8220; global_colors_info=&#8220;{}&#8220;]<\/p>\n<h3 style=\"text-align: justify;\"><span lang=\"DE\">Die Erneuerung der Heizkammer ist <span style=\"color: #e30f00;\"><strong>2x eco<\/strong><\/span>, was eine Kombination aus einem <strong>\u00f6ko<\/strong>nomischen und <strong>\u00f6ko<\/strong>logischen Konzept ist.<\/span><\/h3>\n<p style=\"text-align: justify;\"><strong>Im&nbsp;System zur W\u00e4rmebehandlung von Metallen spielt die Heizkammer eine wichtige Rolle. Ihr Zustand bestimmt die Gesamtleistung der Anlage, den Energieverbrauch und die Temperaturverteilung, was sich in&nbsp;der Qualit\u00e4t der w\u00e4rmebehandelten Teile widerspiegelt. Daher kommt, dass die Heizkammer als das Herzst\u00fcck des Gesamtsystems betrachtet wird.<\/strong><\/p>\n<p style=\"text-align: justify;\">W\u00e4rmebehandlungs\u00f6fen f\u00fcr Metalle zeichnen sich durch eine lange Lebensdauer aus. Ein schlecht geplantes Instandhaltungsprogramm, eine unsachgem\u00e4\u00dfe Verwendung oder die einfache Abnutzung des Ofens kann jedoch zu einem Ausfall und damit zu einer Verringerung der Effizienz des Ofens f\u00fchren. Wenn die Heizkammer verschlissen ist, ist es&nbsp;notwendig, die Heizkammer auszutauschen oder zu reparieren.<\/p>\n<p>[\/et_pb_text][\/et_pb_column][et_pb_column type=&#8220;1_4&#8243; _builder_version=&#8220;4.16&#8243; custom_padding=&#8220;|||&#8220; global_colors_info=&#8220;{}&#8220; custom_padding__hover=&#8220;|||&#8220;][et_pb_gallery gallery_ids=&#8220;109650,110027,110755,110762,110769,110776,110781,110788,110797,110804,110811,110818,110825,110839,110846,110853&#8243; posts_number=&#8220;1&#8243; show_title_and_caption=&#8220;off&#8220; show_pagination=&#8220;off&#8220; zoom_icon_color=&#8220;#e2001a&#8220; module_class=&#8220;seco-products-gallery-new&#8220; _builder_version=&#8220;4.23.1&#8243; custom_css_overlay_icon=&#8220;content: &#8218;GALERIE ANSEHEN&#8216;!important&#8220; locked=&#8220;off&#8220; global_colors_info=&#8220;{}&#8220;][\/et_pb_gallery][et_pb_text admin_label=&#8220;btn_de_premiumlibrary&#8220; module_class=&#8220;premium-library-button&#8220; _builder_version=&#8220;4.23.1&#8243; _module_preset=&#8220;default&#8220; text_orientation=&#8220;center&#8220; global_module=&#8220;157246&#8243; locked=&#8220;off&#8220; global_colors_info=&#8220;{}&#8220;]<\/p>\n<a href='https:\/\/www.secowarwick.com\/de\/premiuminhalte\/' class='small-button smallred'><span>PREMIUMINHALTE<\/span><\/a>\n<p>[\/et_pb_text][et_pb_text admin_label=&#8220;R&#038;D de&#8220; module_class=&#8220;product_widget_wrap_rd&#8220; _builder_version=&#8220;4.23.1&#8243; _module_preset=&#8220;default&#8220; text_orientation=&#8220;center&#8220; global_module=&#8220;167836&#8243; saved_tabs=&#8220;all&#8220; locked=&#8220;off&#8220; global_colors_info=&#8220;{}&#8220;]<\/p>\n<p><a href=\"https:\/\/www.secowarwick.com\/de\/rd\/\"><span class=\"product_wigtet_name\">R&amp;D<\/span><\/a><\/p>\n<p>[\/et_pb_text][et_pb_text admin_label=&#8220;AUTOMATYKA de&#8220; module_class=&#8220;product_widget_wrap_automation&#8220; _builder_version=&#8220;4.23.1&#8243; _module_preset=&#8220;default&#8220; global_module=&#8220;167905&#8243; saved_tabs=&#8220;all&#8220; locked=&#8220;off&#8220; global_colors_info=&#8220;{}&#8220;]<\/p>\n<p><a href=\"https:\/\/www.secowarwick.com\/de\/service\/automatisierung\/\"><span class=\"product_wigtet_name\">AUTOMATISIERUNG<\/span><\/a><\/p>\n<p>[\/et_pb_text][et_pb_text admin_label=&#8220;Producte de&#8220; module_class=&#8220;product_widget_wrap_products &#8220; _builder_version=&#8220;4.23.1&#8243; _module_preset=&#8220;default&#8220; global_module=&#8220;179193&#8243; saved_tabs=&#8220;all&#8220; locked=&#8220;off&#8220; global_colors_info=&#8220;{}&#8220;]<\/p>\n<p><a href=\"https:\/\/www.secowarwick.com\/de\/produkte\/\" target=\"_blank\" rel=\"noopener\"><span class=\"product_wigtet_name\">PRODUKTE<\/span><\/a><\/p>\n<p>[\/et_pb_text][et_pb_text admin_label=&#8220;SUPLEMENTALS de&#8220; module_class=&#8220;product_widget_wrap_supleme&#8220; _builder_version=&#8220;4.23.1&#8243; _module_preset=&#8220;default&#8220; global_module=&#8220;167915&#8243; saved_tabs=&#8220;all&#8220; locked=&#8220;off&#8220; global_colors_info=&#8220;{}&#8220;]<\/p>\n<p><span class=\"product_wigtet_name\">ZUSATZSTOFFE:<\/span><\/p>\n<p>[\/et_pb_text][et_pb_text admin_label=&#8220;Product brochure&#8220; module_class=&#8220;suplementals_product_brochure suplementals_wrap&#8220; _builder_version=&#8220;4.23.1&#8243; _module_preset=&#8220;default&#8220; locked=&#8220;off&#8220; global_colors_info=&#8220;{}&#8220;]<a href=\"https:\/\/www.secowarwick.com\/wp-content\/uploads\/2025\/09\/Professional_technical_services.pdf\" target=\"_blank\" rel=\"noopener\">Produktbrosch\u00fcre<\/a>[\/et_pb_text][et_pb_text admin_label=&#8220;Product movie&#8220; module_class=&#8220;suplementals_product_movie suplementals_wrap&#8220; _builder_version=&#8220;4.23.1&#8243; _module_preset=&#8220;default&#8220; locked=&#8220;off&#8220; global_colors_info=&#8220;{}&#8220;]<\/p>\n<p><a href=\"https:\/\/www.youtube.com\/embed\/tSLlmPLgt_w\" rel=\"noopener\">Produktvideo<\/a><\/p>\n<p>[\/et_pb_text][et_pb_text admin_label=&#8220;dnabook-de&#8220; module_class=&#8220;suplementals_product_dna suplementals_wrap&#8220; _builder_version=&#8220;4.23.1&#8243; _module_preset=&#8220;default&#8220; global_module=&#8220;167874&#8243; saved_tabs=&#8220;all&#8220; locked=&#8220;off&#8220; global_colors_info=&#8220;{}&#8220;]<\/p>\n<p><a href=\"https:\/\/www.secowarwick.com\/wp-content\/uploads\/2025\/07\/DNA_BOOK.pdf\" target=\"_blank\" rel=\"noopener\">DNA\/BOOK<\/a><\/p>\n<p>[\/et_pb_text][et_pb_text admin_label=&#8220;ECO\/BOOK-de&#8220; module_class=&#8220;suplementals_product_eco suplementals_wrap&#8220; _builder_version=&#8220;4.23.1&#8243; _module_preset=&#8220;default&#8220; global_module=&#8220;167797&#8243; locked=&#8220;off&#8220; global_colors_info=&#8220;{}&#8220;]<\/p>\n<p><a href=\"https:\/\/www.secowarwick.com\/wp-content\/uploads\/2023\/06\/ECOBOOK.pdf\" target=\"_blank\" rel=\"noopener\">ECO\/BOOK<\/a><\/p>\n<p>[\/et_pb_text][\/et_pb_column][\/et_pb_row][\/et_pb_section][et_pb_section fb_built=&#8220;1&#8243; admin_label=&#8220;section&#8220; _builder_version=&#8220;4.16&#8243; custom_padding=&#8220;0px|||&#8220; transparent_background=&#8220;off&#8220; make_fullwidth=&#8220;off&#8220; use_custom_width=&#8220;off&#8220; width_unit=&#8220;on&#8220; global_colors_info=&#8220;{}&#8220;][et_pb_row admin_label=&#8220;row&#8220; _builder_version=&#8220;4.16&#8243; background_size=&#8220;initial&#8220; background_position=&#8220;top_left&#8220; background_repeat=&#8220;repeat&#8220; custom_padding=&#8220;0px|||&#8220; make_fullwidth=&#8220;off&#8220; use_custom_width=&#8220;off&#8220; width_unit=&#8220;on&#8220; global_colors_info=&#8220;{}&#8220;][et_pb_column type=&#8220;4_4&#8243; _builder_version=&#8220;4.16&#8243; custom_padding=&#8220;|||&#8220; global_colors_info=&#8220;{}&#8220; custom_padding__hover=&#8220;|||&#8220;][et_pb_text _builder_version=&#8220;4.16&#8243; global_colors_info=&#8220;{}&#8220;]<\/p>\n<h3>Durch den Austausch oder Modernisierung der Heizkammer erzielen Sie:<\/h3>\n<p><strong><span style=\"color: #231f20;\"><span style=\"color: #e31320;\"> \/ <span style=\"color: #333333;\">E<\/span><\/span><\/span><span style=\"color: #333333;\">inen st\u00f6rungsfreien Betrieb des Ofens,<\/span><br \/><\/strong><strong><span style=\"color: #231f20;\"><span style=\"color: #e31320;\">\/ <span style=\"color: #333333;\">Ein g\u00fcnstigeres Ergebnis der Temperaturverteilung<\/span><\/span><\/span><span style=\"color: #333333;\">,<\/span><\/strong><br \/><strong><span style=\"color: #231f20;\"><span style=\"color: #e31320;\">\/ <span style=\"color: #333333;\">Eine gr\u00f6\u00dfere Prozessreinheit<\/span><\/span><\/span><span style=\"color: #333333;\">,<\/span><br \/><\/strong><strong><span style=\"color: #231f20;\"><span style=\"color: #e31320;\">\/ <span style=\"color: #333333;\">Eine Begrenzung der Heizleistungsverluste<\/span><\/span><\/span><span style=\"color: #333333;\">,<\/span><\/strong><br \/><strong><span style=\"color: #231f20;\"><span style=\"color: #e31320;\">\/\u00a0<\/span><\/span><span style=\"color: #333333;\">Eine verbesserte Heizeffizienz und -sicherheit.<\/span><\/strong><\/p>\n<p>&nbsp;<\/p>\n<h4 style=\"text-align: center;\"><strong><span style=\"color: #e30f00;\">Das Wissen, die F\u00e4higkeiten und die Erfahrung der SECO\/WARWICK-Spezialisten machen Ihre Anlagen effizienter und \u00f6konomischer.<\/span><\/strong><\/h4>\n<p style=\"text-align: justify;\">SECO\/WARWICK ist einer der branchenerfahrensten Hersteller von Vakuum\u00f6fen, der sich auf den Austausch von Heizkammern spezialisiert hat, sowie auf ein ganzes Portfolio an technischen Dienstleistungen. Lassen Sie SECO\/WARWICK Ihre n\u00e4chste Heizkammer liefern, um eine einfache Installation, einen reibungslosen Start und eine sorgenfreie Produktion zu haben.<\/p>\n<p>[\/et_pb_text][\/et_pb_column][\/et_pb_row][\/et_pb_section][et_pb_section fb_built=&#8220;1&#8243; admin_label=&#8220;section&#8220; _builder_version=&#8220;4.16&#8243; background_color=&#8220;#f8f8f8&#8243; transparent_background=&#8220;off&#8220; make_fullwidth=&#8220;off&#8220; use_custom_width=&#8220;off&#8220; width_unit=&#8220;on&#8220; global_colors_info=&#8220;{}&#8220;][et_pb_row column_structure=&#8220;1_2,1_2&#8243; admin_label=&#8220;row&#8220; _builder_version=&#8220;4.16&#8243; background_size=&#8220;initial&#8220; background_position=&#8220;top_left&#8220; background_repeat=&#8220;repeat&#8220; global_colors_info=&#8220;{}&#8220;][et_pb_column type=&#8220;1_2&#8243; _builder_version=&#8220;4.16&#8243; custom_padding=&#8220;|||&#8220; global_colors_info=&#8220;{}&#8220; custom_padding__hover=&#8220;|||&#8220;][et_pb_image src=&#8220;https:\/\/www.secowarwick.com\/wp-content\/uploads\/2020\/11\/komory-grzejne_red.jpg&#8220; alt=&#8220;Ekonomia i ekologia id\u0105 w parze z Seconomy od Seco\/Warwick&#8220; align_tablet=&#8220;center&#8220; align_phone=&#8220;&#8220; align_last_edited=&#8220;on|desktop&#8220; _builder_version=&#8220;4.16&#8243; global_colors_info=&#8220;{}&#8220;][\/et_pb_image][\/et_pb_column][et_pb_column type=&#8220;1_2&#8243; _builder_version=&#8220;4.16&#8243; custom_padding=&#8220;|||&#8220; global_colors_info=&#8220;{}&#8220; custom_padding__hover=&#8220;|||&#8220;][et_pb_text module_class=&#8220;ed-square-list-parent&#8220; _builder_version=&#8220;4.16&#8243; background_size=&#8220;initial&#8220; background_position=&#8220;top_left&#8220; background_repeat=&#8220;repeat&#8220; use_border_color=&#8220;off&#8220; global_colors_info=&#8220;{}&#8220;]<\/p>\n<p style=\"text-align: justify;\">Wir bieten die Modernisierung und umfassende Reparatur von Heizkammern sowohl bei SECO\/WARWICK-Anlagen als auch bei Fremdanlagen an. Die Modernisierung oder Erneuerung der Heizkammer ist nicht nur eine Garantie f\u00fcr einen effizienten Ofenbetrieb, sondern auch f\u00fcr Sicherheit und Investitionseinsparungen.<\/p>\n<h5>HEIZKAMMER-TYPEN<\/h5>\n<p style=\"text-align: justify;\">SECO\/WARWICK ist ein Experte f\u00fcr die Bereitstellung von Ersatzteilen und -fertigungen zur Erf\u00fcllung Ihrer Wartungsanforderungen. Der Schl\u00fcssel zu einem effizienten Betrieb des Vakuumofens ist eine Heizkammer, die den neuesten technischen Standards f\u00fcr eine optimale Ofenleistung entspricht.<\/p>\n<p style=\"text-align: justify;\">SECO\/WARWICK kann Ersatz-Heizkammer und Heizelemente f\u00fcr eine Vielzahl von Ofengr\u00f6\u00dfen und -marken liefern, die vom kleinsten Laborofen bis hin zu Gro\u00dfanlagen reichen. Die Konfigurationen sind sowohl in&nbsp;Graphit als auch in&nbsp;Molybd\u00e4n erh\u00e4ltlich. Jede Heizkammer wird aus den hochwertigsten Materialien und mit einer einwandfreien Verarbeitung hergestellt.<\/p>\n<p>[\/et_pb_text][\/et_pb_column][\/et_pb_row][et_pb_row module_class=&#8220;secoservice-faq-wiersz&#8220; _builder_version=&#8220;4.19.2&#8243; _module_preset=&#8220;default&#8220; locked=&#8220;off&#8220; global_colors_info=&#8220;{}&#8220;][et_pb_column type=&#8220;4_4&#8243; _builder_version=&#8220;4.19.2&#8243; _module_preset=&#8220;default&#8220; global_colors_info=&#8220;{}&#8220;][dipl_faq_page_schema closed_toggle_icon=&#8220;&#x4c;||divi||400&#8243; closed_icon_color=&#8220;#000000&#8243; closed_use_icon_font_size=&#8220;on&#8220; closed_icon_font_size=&#8220;24px&#8220; open_toggle_icon=&#8220;&#x4c;||divi||400&#8243; open_icon_color=&#8220;RGBA(255,255,255,0)&#8220; open_use_icon_font_size=&#8220;on&#8220; open_icon_font_size=&#8220;24px&#8220; closed_toggle_bg_color=&#8220;rgba(244,244,244,0)&#8220; open_toggle_bg_color=&#8220;rgba(255,255,255,0)&#8220; module_class=&#8220;secoservice-faq red-hash-list-parent faq-center-background&#8220; _builder_version=&#8220;4.23.1&#8243; _module_preset=&#8220;default&#8220; faq_heading_font=&#8220;TitilliumWeb Black|900|||||||&#8220; faq_question_closed_font=&#8220;TitilliumWeb Black||||||||&#8220; faq_question_closed_font_size=&#8220;26px&#8220; faq_answer_text_font=&#8220;Titillium Web||||||||&#8220; faq_answer_text_font_size=&#8220;24px&#8220; animation_style=&#8220;slide&#8220; animation_direction=&#8220;bottom&#8220; hover_enabled=&#8220;0&#8243; faq_question_closed_font_size_tablet=&#8220;26px&#8220; faq_question_closed_font_size_phone=&#8220;20px&#8220; faq_question_closed_font_size_last_edited=&#8220;on|phone&#8220; faq_answer_text_font_size_tablet=&#8220;24px&#8220; faq_answer_text_font_size_phone=&#8220;16px&#8220; faq_answer_text_font_size_last_edited=&#8220;on|phone&#8220; border_width_all=&#8220;0px&#8220; border_width_right=&#8220;0px&#8220; border_width_left=&#8220;0px&#8220; global_colors_info=&#8220;{}&#8220; sticky_enabled=&#8220;0&#8243;][dipl_faq_page_schema_item faq_question=&#8220;Was beinhaltet der Austausch oder die Reparatur der Heizkammer eines Vakuumofens?&#8220; _builder_version=&#8220;4.23.1&#8243; _module_preset=&#8220;default&#8220; question_heading_level=&#8220;h1&#8243; question_heading_font=&#8220;|800|||||||&#8220; hover_enabled=&#8220;0&#8243; global_colors_info=&#8220;{}&#8220; sticky_enabled=&#8220;0&#8243;]<\/p>\n<p>Der Austausch der Heizkammer ist ein komplexer Prozess, der den Austausch der Isolierung, der Heizelemente, der Chargenst\u00fctzen, der Prozessgasd\u00fcsen und des Ofengeh\u00e4uses umfasst. Bei einer Reparatur der Kammer bleibt die vorhandene Ofenheizkammer erhalten, gleichzeitig wird ihr technischer Zustand \u00fcberpr\u00fcft, um sicherzustellen, dass kein Ausfallrisiko besteht. Das Ziel sowohl des Austauschs als auch der \u00dcberholung ist die Verbesserung der Energieeffizienz, der Qualit\u00e4t des W\u00e4rmebehandlungsprozesses und der Betriebssicherheit der Vorrichtung.<\/p>\n<p>[\/dipl_faq_page_schema_item][dipl_faq_page_schema_item faq_question=&#8220;Welche Vorteile bietet der Austausch oder die Reparatur einer Heizkammer?&#8220; _builder_version=&#8220;4.23.1&#8243; _module_preset=&#8220;default&#8220; question_heading_level=&#8220;h1&#8243; question_heading_font=&#8220;|800|||||||&#8220; hover_enabled=&#8220;0&#8243; global_colors_info=&#8220;{}&#8220; sticky_enabled=&#8220;0&#8243;]<\/p>\n<ul>\n<li>St\u00f6rungsfreier Ofenbetrieb<\/li>\n<li>Bessere Temperaturverteilung<\/li>\n<li>H\u00f6here Prozessreinheit<\/li>\n<li>Reduzierung der Heizleistungsverluste<\/li>\n<li>h\u00f6here Heizleistung und Sicherheit<\/li>\n<\/ul>\n<p>[\/dipl_faq_page_schema_item][dipl_faq_page_schema_item faq_question=&#8220;Ersetzt und repariert SECO\/WARWICK nur Heizkammern der eigenen Marke?&#8220; _builder_version=&#8220;4.23.1&#8243; _module_preset=&#8220;default&#8220; question_heading_level=&#8220;h1&#8243; question_heading_font=&#8220;|800|||||||&#8220; hover_enabled=&#8220;0&#8243; global_colors_info=&#8220;{}&#8220; sticky_enabled=&#8220;0&#8243;]<\/p>\n<p>Nein. SECO\/WARWICK bietet den Austausch und die Reparatur von Heizkammern sowohl f\u00fcr Vorrichtungen aus eigener Produktion als auch f\u00fcr Ger\u00e4te anderer Hersteller von Systemen f\u00fcr die W\u00e4rmebehandlung und Vakuummetallurgie an.<\/p>\n<p>[\/dipl_faq_page_schema_item][\/dipl_faq_page_schema][\/et_pb_column][\/et_pb_row][\/et_pb_section][et_pb_section fb_built=&#8220;1&#8243; admin_label=&#8220;de-znajdz-serwis-button&#8220; module_class=&#8220;secoservice-sekcja-button-find&#8220; _builder_version=&#8220;4.23.1&#8243; _module_preset=&#8220;default&#8220; custom_padding=&#8220;0px||0px||false|false&#8220; global_module=&#8220;179129&#8243; saved_tabs=&#8220;all&#8220; locked=&#8220;off&#8220; global_colors_info=&#8220;{}&#8220;][et_pb_row _builder_version=&#8220;4.19.2&#8243; _module_preset=&#8220;default&#8220; custom_padding=&#8220;0px||0px||false|false&#8220; global_colors_info=&#8220;{}&#8220;][et_pb_column type=&#8220;4_4&#8243; _builder_version=&#8220;4.19.2&#8243; _module_preset=&#8220;default&#8220; global_colors_info=&#8220;{}&#8220;][et_pb_code admin_label=&#8220;znajdz swoj serwis button &#8220; module_class=&#8220;secoservice-znajdz-swoj-service&#8220; _builder_version=&#8220;4.23.1&#8243; _module_preset=&#8220;default&#8220; global_colors_info=&#8220;{}&#8220;]<a href=\"https:\/\/www.secowarwick.com\/de\/service\/\"><img decoding=\"async\" src=\"https:\/\/www.secowarwick.com\/wp-content\/uploads\/2023\/09\/secoservice-znajdz-swoj-serwis-de.svg\" alt=\"Finden sie ihren service\"><\/a><!-- [et_pb_line_break_holder] --><\/p>\n<style><!-- [et_pb_line_break_holder] -->.seco-rfq-button {<!-- [et_pb_line_break_holder] -->    display: none !important;<!-- [et_pb_line_break_holder] -->  }<!-- [et_pb_line_break_holder] --><\/style>\n<p>[\/et_pb_code][\/et_pb_column][\/et_pb_row][\/et_pb_section]<\/p>\n","protected":false},"excerpt":{"rendered":"<p>\/RENOVIERUNG UND MODERNISIERUNG\u00a0DER OFENHEIZKAMMER[et_pb_breadcrumbs _builder_version=&#8220;3.6&#8243; global_colors_info=&#8220;{}&#8220;][\/et_pb_breadcrumbs]RENOVIERUNG UND MODERNISIERUNG DER OFENHEIZKAMMERErh\u00f6hen Sie die Effizienz Ihres OfensDie Erneuerung der Heizkammer ist 2x eco, was eine Kombination aus einem \u00f6konomischen und \u00f6kologischen Konzept ist. Im&nbsp;System zur W\u00e4rmebehandlung von Metallen spielt die Heizkammer eine wichtige Rolle. Ihr Zustand bestimmt die Gesamtleistung der Anlage, den Energieverbrauch und die Temperaturverteilung, was [&hellip;]<\/p>\n","protected":false},"author":2,"featured_media":107859,"parent":0,"menu_order":0,"comment_status":"closed","ping_status":"closed","template":"","meta":{"_acf_changed":false,"_et_pb_use_builder":"on","_et_pb_old_content":"","_et_gb_content_width":"","footnotes":""},"class_list":["post-80257","page","type-page","status-publish","has-post-thumbnail"],"acf":[],"_links":{"self":[{"href":"https:\/\/www.secowarwick.com\/de\/wp-json\/wp\/v2\/pages\/80257","targetHints":{"allow":["GET"]}}],"collection":[{"href":"https:\/\/www.secowarwick.com\/de\/wp-json\/wp\/v2\/pages"}],"about":[{"href":"https:\/\/www.secowarwick.com\/de\/wp-json\/wp\/v2\/types\/page"}],"author":[{"embeddable":true,"href":"https:\/\/www.secowarwick.com\/de\/wp-json\/wp\/v2\/users\/2"}],"replies":[{"embeddable":true,"href":"https:\/\/www.secowarwick.com\/de\/wp-json\/wp\/v2\/comments?post=80257"}],"version-history":[{"count":14,"href":"https:\/\/www.secowarwick.com\/de\/wp-json\/wp\/v2\/pages\/80257\/revisions"}],"predecessor-version":[{"id":184961,"href":"https:\/\/www.secowarwick.com\/de\/wp-json\/wp\/v2\/pages\/80257\/revisions\/184961"}],"wp:featuredmedia":[{"embeddable":true,"href":"https:\/\/www.secowarwick.com\/de\/wp-json\/wp\/v2\/media\/107859"}],"wp:attachment":[{"href":"https:\/\/www.secowarwick.com\/de\/wp-json\/wp\/v2\/media?parent=80257"}],"curies":[{"name":"wp","href":"https:\/\/api.w.org\/{rel}","templated":true}]}}