{"id":81039,"date":"2018-09-19T14:40:26","date_gmt":"2018-09-19T12:40:26","guid":{"rendered":"http:\/\/www.secowarwick.com\/swc-aluminum-coil-annealing-furnaces\/"},"modified":"2026-02-04T15:19:57","modified_gmt":"2026-02-04T14:19:57","slug":"aluminium-gluehofen-fuer-coils-ausgestattet","status":"publish","type":"page","link":"https:\/\/www.secowarwick.com\/de\/produkte\/aluminium-prozesse\/aluminium-gluehofen-fuer-coils-ausgestattet\/","title":{"rendered":"Gl\u00fchofen f\u00fcr Aluminiumcoils mit Luftstrom unter Verwendung Hochkonvektion &#8211; Vortex"},"content":{"rendered":"<p>[et_pb_section fb_built=&#8220;1&#8243; _builder_version=&#8220;4.16&#8243; global_colors_info=&#8220;{}&#8220;][et_pb_row _builder_version=&#8220;4.16&#8243; background_size=&#8220;initial&#8220; background_position=&#8220;top_left&#8220; background_repeat=&#8220;repeat&#8220; global_colors_info=&#8220;{}&#8220;][et_pb_column type=&#8220;4_4&#8243; _builder_version=&#8220;4.16&#8243; custom_padding=&#8220;|||&#8220; global_colors_info=&#8220;{}&#8220; custom_padding__hover=&#8220;|||&#8220;][et_pb_image src=&#8220;https:\/\/www.secowarwick.com\/wp-content\/uploads\/2019\/10\/products_slide.png&#8220; alt=&#8220;Gl\u00fchofen f\u00fcr Aluminiumcoils mit Luftstrom unter Verwendung Hochkonvektion &#8211; Vortex\u00ae&#8220; title_text=&#8220;Gl\u00fchofen f\u00fcr Aluminiumcoils mit Luftstrom unter Verwendung Hochkonvektion &#8211; Vortex\u00ae&#8220; align_tablet=&#8220;center&#8220; align_phone=&#8220;&#8220; align_last_edited=&#8220;on|desktop&#8220; _builder_version=&#8220;4.16&#8243; global_colors_info=&#8220;{}&#8220;][\/et_pb_image][\/et_pb_column][\/et_pb_row][\/et_pb_section][et_pb_section fb_built=&#8220;1&#8243; admin_label=&#8220;section&#8220; _builder_version=&#8220;4.16&#8243; custom_padding=&#8220;25px|||&#8220; transparent_background=&#8220;off&#8220; make_fullwidth=&#8220;off&#8220; use_custom_width=&#8220;off&#8220; width_unit=&#8220;on&#8220; global_colors_info=&#8220;{}&#8220;][et_pb_row column_structure=&#8220;3_4,1_4&#8243; admin_label=&#8220;row&#8220; _builder_version=&#8220;4.16&#8243; background_size=&#8220;initial&#8220; background_position=&#8220;top_left&#8220; background_repeat=&#8220;repeat&#8220; custom_margin=&#8220;0px|||&#8220; custom_padding=&#8220;0px|||&#8220; make_fullwidth=&#8220;off&#8220; use_custom_width=&#8220;off&#8220; width_unit=&#8220;on&#8220; global_colors_info=&#8220;{}&#8220;][et_pb_column type=&#8220;3_4&#8243; _builder_version=&#8220;4.16&#8243; custom_padding=&#8220;|||&#8220; global_colors_info=&#8220;{}&#8220; custom_padding__hover=&#8220;|||&#8220;][et_pb_breadcrumbs _builder_version=&#8220;4.10.3&#8243; _module_preset=&#8220;default&#8220; global_colors_info=&#8220;{}&#8220;][\/et_pb_breadcrumbs][et_pb_text module_class=&#8220;podtytuly&#8220; _builder_version=&#8220;4.23.1&#8243; global_colors_info=&#8220;{}&#8220;]<\/p>\n<h1>Gl\u00fchofen f\u00fcr Aluminiumcoils mit Luftstrom unter Verwendung Hochkonvektion &#8211; Vortex<\/h1>\n<p>SECO\/WARWICK bietet ma\u00dfgeschneiderte <strong>Aluminium-Coil- und Foliengl\u00fch\u00f6fen<\/strong>, vom Singlecoilofen bis zum Mehrzonenofen mit enger Zonenregelung. Diese Einheiten werden von Aluminiumherstellern aus der ganzen Welt, in\u00a0Nord- und S\u00fcdamerika, Europa und Asien eingesetzt.<\/p>\n<p>[\/et_pb_text][et_pb_tabs module_class=&#8220;red-tabs eco-tab5&#8243; _builder_version=&#8220;4.23.1&#8243; custom_css_main_element=&#8220;margin-top: 2rem;||margin-bottom: 2rem;&#8220; global_colors_info=&#8220;{}&#8220;][et_pb_tab title=&#8220;\u00dcberblick&#8220; _builder_version=&#8220;4.23.1&#8243; global_colors_info=&#8220;{}&#8220;]<\/p>\n<p>Mit der patentierten Vortex Jet Airflow-Technologie bietet SECO\/WARWICKs Vortex <strong>Aluminiumcoil-Gl\u00fchsystem<\/strong> in&nbsp;Kombination mit dem Bypass Cooler und der SeCoil\u00a0<sup>\u00a0<\/sup>Steuerungs- und Simulationssoftware den Coil-Herstellern die M\u00f6glichkeit, die Gesamtzykluszeit ihrer \u00d6fen deutlich zu verk\u00fcrzen, was zu Energieeinsparungen, h\u00f6herer Produktivit\u00e4t und verbesserter Oberfl\u00e4chenqualit\u00e4t f\u00fchrt.\u00a0 Der Vorteil des Systems ist ein erh\u00f6hter <strong>W\u00e4rme\u00fcbertragungskoeffizient<\/strong>, der durch die Hochgeschwindigkeitsluft erreicht wird, die auf beide Seiten des Coils auftrifft. Die W\u00e4rme soll durch die Kanten der Spule und nicht nur durch die Au\u00dfenschicht des Coils \u00fcbertragen werden.<\/p>\n<p>[\/et_pb_tab][et_pb_tab title=&#8220;Eigenschaften&#8220; _builder_version=&#8220;4.23.1&#8243; global_colors_info=&#8220;{}&#8220;]<\/p>\n<p>Die Herausforderung beim Gl\u00fchen von Coil besteht darin, den Prozess zu optimieren, indem die Zykluszeit so weit wie m\u00f6glich verk\u00fcrzt wird, w\u00e4hrend die gew\u00fcnschten metallurgischen Eigenschaften \u00fcber die gesamte Ladung erhalten bleiben.<\/p>\n<h2>Vortex Jet Heating System<\/h2>\n<p>Die effektive W\u00e4rmeleitf\u00e4higkeit in\u00a0einem Bandcoil ist in\u00a0radialer Richtung viel geringer als in\u00a0axialer Richtung, daher ist die effektivste Art der Erw\u00e4rmung des Coils die Erw\u00e4rmung durch die Kanten der Coil-Schichten. Die Differenz zwischen der W\u00e4rmeleitf\u00e4higkeit f\u00fcr beide Richtungen wird durch die w\u00e4rmed\u00e4mmende Wirkung des Gases und das Fr\u00e4sen von \u00d6lschichten im\u00a0Coil zwischen den Coil-Schichten verursacht. Das Vortex Airflow Jet Heizsystem beinhaltet Reihen von Rundd\u00fcsen, die in\u00a0mehreren Winkeln ausgerichtet sind und eine spiralf\u00f6rmige Wirbelbewegung der Luft erzeugen, die zu einer hohen W\u00e4rme\u00fcbertragung f\u00fchrt, ohne Hot Spots im\u00a0Coil zu erzeugen. Der hohe Volumenstrom dieses D\u00fcsensystems in\u00a0Verbindung mit einem einzigartigen halbaxialen oder Radialventilator-Design erm\u00f6glicht eine gleichm\u00e4\u00dfigere Erw\u00e4rmung des Coils durch eine gr\u00f6\u00dfere Atmosph\u00e4renmasse.<\/p>\n<p>Die Analyse von Infrarotbildern zeigt, dass mit dem neuen Vortex Airflow Jet Heizsystem eine gleichm\u00e4\u00dfigere Oberfl\u00e4chentemperatur erreicht werden kann.\u00a0 Die Profile f\u00fcr die Temperaturgleichm\u00e4\u00dfigkeit der Coil-Oberfl\u00e4che geben einen \u00dcberblick \u00fcber die Temperaturgleichm\u00e4\u00dfigkeit f\u00fcr den gesamten Aufheizzyklus.Diese Profile zeigen, dass mit dem Wirbel-D\u00fcsensystem eine bessere Oberfl\u00e4chengleichm\u00e4\u00dfigkeit erreicht wird, wodurch die Lastoberfl\u00e4che von der Atmosph\u00e4re \u201egewaschen\u201c wird und nicht lokal \u00fcberhitzt wird. Das Vortex-System erm\u00f6glicht eine schnellere Erw\u00e4rmung der Last durch einen besseren W\u00e4rmedurchgangskoeffizienten von bis zu 150 W\/m2K im&nbsp;Vergleich zu ca. 110 W\/m2K beim Standard-D\u00fcsensystem.<\/p>\n<h2>Bypass-K\u00fchler<\/h2>\n<p>Die von SECO\/WARWICK entwickelte Bypass-K\u00fchlerausf\u00fchrung f\u00fcr Gl\u00fch\u00f6fen erm\u00f6glicht die K\u00fchlung unter Schutzatmosph\u00e4re. Die K\u00fchlung ist in\u00a0dieser Anwendung sowohl f\u00fcr die Metallurgie als auch f\u00fcr die Handhabung sehr wichtig.\u00a0 Die K\u00fchler verwenden eine interne Bypass-Anordnung, die die Temperatur der durch die W\u00e4rmetauscher str\u00f6menden Atmosph\u00e4re auf 175\u00b0C begrenzt. Dadurch wird das Backen des verfl\u00fcchtigten Walz\u00f6ls auf den Lamellen des W\u00e4rmetauschers verhindert.Die K\u00fchler sind so konzipiert, dass sie eine Tiefen-, Programm- oder Hilfsk\u00fchlung erm\u00f6glichen und sie sind in\u00a0Standard- oder Sondergr\u00f6\u00dfen erh\u00e4ltlich. Die K\u00fchler k\u00f6nnen je\u00a0nach Platzverh\u00e4ltnissen hinten oder seitlich montiert werden. Zus\u00e4tzlich kann der Benutzer auch einen Bypass-K\u00fchler zu einem bestehenden Gl\u00fchofen hinzuf\u00fcgen. SECO\/WARWICK hat eine gro\u00dfe Anzahl dieser K\u00fchler im\u00a0Einsatz in\u00a0Coil- und Foliengl\u00fchanwendungen.Das neueste Design des Bypass-K\u00fchlers macht die Notwendigkeit jeder Baugrube \u00fcberfl\u00fcssig.<\/p>\n<h2>SeCoil<sup>\u00a0<\/sup>Prozesssteuerungs- und Simulationssoftware<\/h2>\n<p><strong>SeCoil<sup>\u00a0<\/sup><sup>\u00a0<\/sup><\/strong>ist ein Simulator zum Erw\u00e4rmen eines Coils in\u00a0einem Vortex\u00ae-Ofen, und er\u00a0basiert auf einem mathematischen Modell, das aus bekannten physikalischen Gesetzen unter Verwendung bekannter mathematischer Prinzipien (kurz: ph\u00e4nomenologische Modellierung) abgeleitet wurde. Der\u00a0<strong>SeCoil<sup>\u00a0<\/sup><\/strong>-Simulator kann durch ein Meta-Modell mit Methoden der k\u00fcnstlichen Intelligenz (Behavioral Modeling) erg\u00e4nzt werden. Der Vorteil des ph\u00e4nomenologischen Modells ist seine gro\u00dfe Universalit\u00e4t, da es&nbsp;auf den bekannten physikalischen Gesetzen basiert.\u00a0 Das entwickelte mathematische Modell ber\u00fccksichtigt die Variabilit\u00e4t zahlreicher Parameter, wie Temperatur und Austrittsgeschwindigkeit des Heizmediums, Legierungstyp, Blechdicke und Walzenabmessungen. Der Einsatz moderner numerischer Berechnungsverfahren erm\u00f6glicht die aktuelle Identifikation des Temperaturfeldes im&nbsp;Querschnitt des erw\u00e4rmten Coils. Mit dem SeCoil-Simulator k\u00f6nnen Sie die Heizkurve eines beliebigen Punktes im&nbsp;L\u00e4ngsschnitt des Coils simulieren (virtuelles Thermoelement).\u00a0 Der SeCoil-Simulator gibt uns jederzeit w\u00e4hrend des Prozesses Auskunft \u00fcber den thermischen Zustand des Coils. Er&nbsp;kann daher auf vielf\u00e4ltige Weise eingesetzt werden, unter anderem zur Vorhersage von Heizkurven f\u00fcr verschiedene Arten von Coils und Prozessbedingungen (Ofentemperatur, Mischerwirkungsgrad) und zur kontinuierlichen Steuerung des Gl\u00fchprozesses ohne Verwendung von Thermoelementen (Steuerung). Das Metamodell wurde mit Methoden der K\u00fcnstlichen Intelligenz (Behavioral Modeling) erstellt und kann eine Alternative oder Erg\u00e4nzung zu einem Simulator sein, der auf ph\u00e4nomenologischer Modellierung basiert. Im&nbsp;Gegensatz zum ph\u00e4nomenologischen Modell gilt das Verhaltensmodell nur f\u00fcr das getestete System und innerhalb der angenommenen Grenzen der Betriebsbedingungen. Die Genauigkeit f\u00fcr den analysierten Datenbereich kann jedoch h\u00f6her sein als im&nbsp;Falle des ph\u00e4nomenologischen Modells.<\/p>\n<p>Aus metallurgischer Sicht sind die wichtigsten Prozessparameter die endg\u00fcltige Chargenverarbeitungstemperatur und die Einwirkzeit, die den Prozess des Rekristallisationsgl\u00fchens definieren und genau eingehalten werden m\u00fcssen.\u00a0 Somit hat das automatische Regel- und Steuersystem\u00a0<strong>SeCoil<sup>\u00a0<\/sup><\/strong>zwei Hauptaufgaben: die Aufrechterhaltung einer m\u00f6glichst langen Arbeitstemperatur, um die Heizzeit zu minimieren, und die Absenkung der Kopftemperatur, um ein \u00dcberschreiten des Lastsollwertes zu vermeiden.<\/p>\n<p>Aus wirtschaftlicher Sicht ist der wichtigste Parameter die Gesamtprozesszeit, die sich direkt auf den Energieverbrauch auswirkt.\u00a0 Durch das einzigartige System von SECO\/WARWICK kann eine k\u00fcrzere Prozesszeit erreicht werden, wo keine \u00dcberhitzung der Ladung bef\u00fcrchtet werden muss.\u00a0 Nachdem der Benutzer die Prozess- und Coil-Parameter eingegeben hat, kann das System den Prozess simulieren und die gesammelten Daten k\u00f6nnen schlie\u00dflich zur Feinabstimmung des Rezepts und zur Optimierung der Prozesszeit vor Beginn der Verarbeitung verwendet werden.<\/p>\n<p>[\/et_pb_tab][et_pb_tab title=&#8220;Vorteile&#8220; _builder_version=&#8220;4.16&#8243; global_colors_info=&#8220;{}&#8220;]<strong><span style=\"color: #e30f00;\">\/<\/span> Hocheffizienter Prozess<\/strong><br \/>\nDie Prozesseffizienz kann im&nbsp;Vergleich zu herk\u00f6mmlichen Gl\u00fchsystemen um bis zu 30% verbessert werden \u2013 ohne lokale \u00dcberhitzung<\/p>\n<p><strong><span style=\"color: #e30f00;\">\/<\/span> Qualitativ hochwertiger Prozess<\/strong><br \/>\nVerbesserte Gleichm\u00e4\u00dfigkeit der Materialeigenschaften sowie minimierte lokale Rissbildung und Verschmutzung des Fr\u00e4s\u00f6ls<\/p>\n<p><strong><span style=\"color: #e30f00;\">\/<\/span> Kosteng\u00fcnstiger Betrieb<\/strong><br \/>\nVerbraucht weniger Strom f\u00fcr den Gasumlauf<\/p>\n<p><strong><span style=\"color: #e30f00;\">\/<\/span> Flexibles Systemdesign<\/strong><br \/>\nVerschiedene Coil-Durchmesser, Breiten, Blechdicken.[\/et_pb_tab][et_pb_tab title=&#8220;Prozesse&#8220; _builder_version=&#8220;4.23.1&#8243; global_colors_info=&#8220;{}&#8220;]<\/p>\n<p><span style=\"font-size: 14pt;\"><span style=\"color: #dc291e;\"><strong>\/ <\/strong><\/span>Gl\u00fchen und Homogenisieren von Aluminium-Coils<\/span><\/p>\n<p>[\/et_pb_tab][et_pb_tab title=&#8220;Industrien&#8220; _builder_version=&#8220;4.23.1&#8243; global_colors_info=&#8220;{}&#8220;]<\/p>\n<p><strong><span style=\"color: #e30f11;\">\/<\/span><\/strong> Luft- und Raumfahrt<br \/><strong><span style=\"color: #e30f11;\">\/<\/span><\/strong> Automobilindustrie<\/p>\n<p>[\/et_pb_tab][et_pb_tab title=&#8220; &#8220; _builder_version=&#8220;4.23.1&#8243; _module_preset=&#8220;default&#8220; global_colors_info=&#8220;{}&#8220;]<\/p>\n<p><strong><span style=\"color: #ff0000;\">\/<\/span><\/strong> Erh\u00f6hte Produktivit\u00e4t und damit Energieverbrauchs- und Kostensenkung<br \/><strong><span style=\"color: #ff0000;\">\/<\/span><\/strong> Verwendung der Rekuperatorbrenner mit hoher Leistung bis zu ca. 86% Wirkungsgrad sowie umweltfreundlicher D\u00e4mmung mit richtig ausgew\u00e4hlter Dicke im\u00a0Hinblick auf die Verringerung des W\u00e4rmeverlustes durch W\u00e4nde<br \/><strong><span style=\"color: #ff0000;\">\/<\/span><\/strong> Mithilfe des innovativen SeCoil-Tools kann der Erw\u00e4rmungsprozess von Aluminiumcoils in\u00a0Echtzeit konzipiert, optimiert und gesteuert werden, das f\u00fcr die Einsparung an Energie und Betriebsmedienverbrauch sorgt<br \/><strong><span style=\"color: #ff0000;\">\/<\/span><\/strong> Verwendung von Abw\u00e4rmer\u00fcckgewinnung zugunsten der Stickstoffheizung<br \/><strong><span style=\"color: #ff0000;\">\/<\/span><\/strong> Verwendung der Rekuperatorbrenner mit hoher Leistung bis zu ca. 86% Wirkungsgrad<br \/><strong><span style=\"color: #ff0000;\">\/<\/span><\/strong> Umweltfreundliche, biol\u00f6sliche D\u00e4mmung mit richtig ausgew\u00e4hlter Dicke im\u00a0Hinblick auf die Verringerung des W\u00e4rmeverlustes durch W\u00e4nde<\/p>\n<p>[\/et_pb_tab][\/et_pb_tabs][et_pb_code admin_label=&#8220;crm-rfq-de&#8220; _builder_version=&#8220;4.10.3&#8243; _module_preset=&#8220;default&#8220; global_module=&#8220;123766&#8243; global_colors_info=&#8220;{}&#8220;]<!-- [et_pb_line_break_holder] --><pee style=\"text-align: center;\"><a class=\"small-button smallred\" style=\"font-size: 20px; padding: 20px 60px;\" href=\"https:\/\/www.secowarwick.com\/de\/fordern-sie-hier-ihr-angebot-an\/\"><span style=\"display: block; transform: skew(15deg,0deg); -webkit-transform: skew(15deg,0deg); font-size: 20px; !important\">UM EIN ANGEBOT BITTEN<\/span><\/a><\/pee>[\/et_pb_code][\/et_pb_column][et_pb_column type=&#8220;1_4&#8243; _builder_version=&#8220;4.16&#8243; custom_padding=&#8220;|||&#8220; global_colors_info=&#8220;{}&#8220; custom_padding__hover=&#8220;|||&#8220;][et_pb_gallery gallery_ids=&#8220;69269,106798,81714,81721&#8243; posts_number=&#8220;1&#8243; show_title_and_caption=&#8220;off&#8220; show_pagination=&#8220;off&#8220; zoom_icon_color=&#8220;#e2001a&#8220; module_class=&#8220;seco-products-gallery-new&#8220; _builder_version=&#8220;4.16&#8243; custom_css_overlay_icon=&#8220;content:&#8217;GALERIE ANSEHEN&#8216; !important;&#8220; global_colors_info=&#8220;{}&#8220;][\/et_pb_gallery][et_pb_text admin_label=&#8220;btn_de_premiumlibrary&#8220; module_class=&#8220;premium-library-button&#8220; _builder_version=&#8220;4.23.1&#8243; _module_preset=&#8220;default&#8220; text_orientation=&#8220;center&#8220; global_module=&#8220;157246&#8243; global_colors_info=&#8220;{}&#8220;]<\/p>\n<a href='https:\/\/www.secowarwick.com\/de\/premiuminhalte\/' class='small-button smallred'><span>PREMIUMINHALTE<\/span><\/a>\n<p>[\/et_pb_text][et_pb_text admin_label=&#8220;R&#038;D de&#8220; module_class=&#8220;product_widget_wrap_rd&#8220; _builder_version=&#8220;4.23.1&#8243; _module_preset=&#8220;default&#8220; text_orientation=&#8220;center&#8220; global_module=&#8220;167836&#8243; saved_tabs=&#8220;all&#8220; locked=&#8220;off&#8220; global_colors_info=&#8220;{}&#8220;]<\/p>\n<p><a href=\"https:\/\/www.secowarwick.com\/de\/rd\/\"><span class=\"product_wigtet_name\">R&amp;D<\/span><\/a><\/p>\n<p>[\/et_pb_text][et_pb_text admin_label=&#8220;AUTOMATYKA de&#8220; module_class=&#8220;product_widget_wrap_automation&#8220; _builder_version=&#8220;4.23.1&#8243; _module_preset=&#8220;default&#8220; global_module=&#8220;167905&#8243; saved_tabs=&#8220;all&#8220; locked=&#8220;off&#8220; global_colors_info=&#8220;{}&#8220;]<\/p>\n<p><a href=\"https:\/\/www.secowarwick.com\/de\/service\/automatisierung\/\"><span class=\"product_wigtet_name\">AUTOMATISIERUNG<\/span><\/a><\/p>\n<p>[\/et_pb_text][et_pb_text admin_label=&#8220;SERVICE de&#8220; module_class=&#8220;product_widget_wrap_service&#8220; _builder_version=&#8220;4.23.1&#8243; _module_preset=&#8220;default&#8220; global_module=&#8220;167860&#8243; saved_tabs=&#8220;all&#8220; locked=&#8220;off&#8220; global_colors_info=&#8220;{}&#8220;]<\/p>\n<p><a href=\"https:\/\/www.secowarwick.com\/de\/professionelle-service-dienstleistungen\/\"><span class=\"product_wigtet_name\">SERVICE<\/span><\/a><\/p>\n<p>[\/et_pb_text][et_pb_text admin_label=&#8220;SUPLEMENTALS de&#8220; module_class=&#8220;product_widget_wrap_supleme&#8220; _builder_version=&#8220;4.23.1&#8243; _module_preset=&#8220;default&#8220; global_module=&#8220;167915&#8243; saved_tabs=&#8220;all&#8220; locked=&#8220;off&#8220; global_colors_info=&#8220;{}&#8220;]<\/p>\n<p><span class=\"product_wigtet_name\">ZUSATZSTOFFE:<\/span><\/p>\n<p>[\/et_pb_text][et_pb_text admin_label=&#8220;Product brochure&#8220; module_class=&#8220;suplementals_product_brochure suplementals_wrap&#8220; _builder_version=&#8220;4.23.1&#8243; _module_preset=&#8220;default&#8220; hover_enabled=&#8220;0&#8243; locked=&#8220;off&#8220; global_colors_info=&#8220;{}&#8220; sticky_enabled=&#8220;0&#8243;]<\/p>\n<p><a href=\"https:\/\/www.secowarwick.com\/wp-content\/uploads\/2025\/09\/VORTEX.pdf\" target=\"_blank\" rel=\"noopener\" class=\"ga4_product_widget_brochure\">Produktbrosch\u00fcre<\/a><\/p>\n<p>[\/et_pb_text][et_pb_text admin_label=&#8220;Product catalogue alu de&#8220; module_class=&#8220;suplementals_product_catalogue suplementals_wrap&#8220; _builder_version=&#8220;4.23.1&#8243; _module_preset=&#8220;default&#8220; hover_enabled=&#8220;0&#8243; global_module=&#8220;170241&#8243; saved_tabs=&#8220;all&#8220; locked=&#8220;off&#8220; global_colors_info=&#8220;{}&#8220; sticky_enabled=&#8220;0&#8243;]<\/p>\n<p><a href=\"https:\/\/www.secowarwick.com\/wp-content\/uploads\/2025\/02\/Aluminum_Furnaces_catalogue.pdf\" target=\"_blank\" rel=\"noopener\" class=\"ga4_product_widget_catalogue\">Produktkatalog<\/a><\/p>\n<p>[\/et_pb_text][et_pb_text admin_label=&#8220;Product infographic&#8220; module_class=&#8220;suplementals_product_infographic suplementals_wrap&#8220; _builder_version=&#8220;4.23.1&#8243; _module_preset=&#8220;default&#8220; hover_enabled=&#8220;0&#8243; locked=&#8220;off&#8220; global_colors_info=&#8220;{}&#8220; sticky_enabled=&#8220;0&#8243;]<\/p>\n<p><a href=\"https:\/\/www.secowarwick.com\/wp-content\/uploads\/2023\/06\/VORTEX-ANNEALING-FURNACE.jpg\" target=\"_blank\" rel=\"noopener\" class=\"ga4_product_widget_infografic\">Produkt-Infografik<\/a><\/p>\n<p>[\/et_pb_text][et_pb_text admin_label=&#8220;Product movie alu plaulist de&#8220; module_class=&#8220;suplementals_product_movie suplementals_wrap&#8220; _builder_version=&#8220;4.23.1&#8243; _module_preset=&#8220;default&#8220; global_module=&#8220;170243&#8243; saved_tabs=&#8220;all&#8220; locked=&#8220;off&#8220; global_colors_info=&#8220;{}&#8220;]<\/p>\n<p><a href=\"https:\/\/www.youtube.com\/playlist?list=PLa0hhW_hoQqEsIHM5LQtr9h_9UlwGFBO8\" target=\"_blank\" rel=\"noopener\">Produktvideo<\/a><\/p>\n<p>[\/et_pb_text][et_pb_text admin_label=&#8220;dnabook-de&#8220; module_class=&#8220;suplementals_product_dna suplementals_wrap&#8220; _builder_version=&#8220;4.23.1&#8243; _module_preset=&#8220;default&#8220; global_module=&#8220;167874&#8243; saved_tabs=&#8220;all&#8220; locked=&#8220;off&#8220; global_colors_info=&#8220;{}&#8220;]<\/p>\n<p><a href=\"https:\/\/www.secowarwick.com\/wp-content\/uploads\/2025\/07\/DNA_BOOK.pdf\" target=\"_blank\" rel=\"noopener\">DNA\/BOOK<\/a><\/p>\n<p>[\/et_pb_text][et_pb_text admin_label=&#8220;ECO\/BOOK-de&#8220; module_class=&#8220;suplementals_product_eco suplementals_wrap&#8220; _builder_version=&#8220;4.23.1&#8243; _module_preset=&#8220;default&#8220; global_module=&#8220;167797&#8243; locked=&#8220;off&#8220; global_colors_info=&#8220;{}&#8220;]<\/p>\n<p><a href=\"https:\/\/www.secowarwick.com\/wp-content\/uploads\/2023\/06\/ECOBOOK.pdf\" target=\"_blank\" rel=\"noopener\">ECO\/BOOK<\/a><\/p>\n<p>[\/et_pb_text][et_pb_text admin_label=&#8220;product-widget-rfq-de&#8220; module_class=&#8220;product_widget_wrap_rfq-en&#8220; _builder_version=&#8220;4.23.1&#8243; _module_preset=&#8220;default&#8220; global_module=&#8220;186250&#8243; saved_tabs=&#8220;all&#8220; locked=&#8220;off&#8220; global_colors_info=&#8220;{}&#8220;]<\/p>\n<p style=\"text-align: center;\"><a class=\"small-button smallred rfq-gtm-product-widget\" href=\"https:\/\/www.secowarwick.com\/de\/fordern-sie-hier-ihr-angebot-an\/\"><span class=\"product_wigtet_name\">FRAGE NACH MEHR<\/span><\/a><\/p>\n<p>[\/et_pb_text][\/et_pb_column][\/et_pb_row][\/et_pb_section]<\/p>\n","protected":false},"excerpt":{"rendered":"<p>[et_pb_breadcrumbs _builder_version=&#8220;4.10.3&#8243; _module_preset=&#8220;default&#8220; global_colors_info=&#8220;{}&#8220;][\/et_pb_breadcrumbs]Gl\u00fchofen f\u00fcr Aluminiumcoils mit Luftstrom unter Verwendung Hochkonvektion &#8211; Vortex SECO\/WARWICK bietet ma\u00dfgeschneiderte Aluminium-Coil- und Foliengl\u00fch\u00f6fen, vom Singlecoilofen bis zum Mehrzonenofen mit enger Zonenregelung. Diese Einheiten werden von Aluminiumherstellern aus der ganzen Welt, in\u00a0Nord- und S\u00fcdamerika, Europa und Asien eingesetzt.Mit der patentierten Vortex Jet Airflow-Technologie bietet SECO\/WARWICKs Vortex Aluminiumcoil-Gl\u00fchsystem in&nbsp;Kombination mit dem [&hellip;]<\/p>\n","protected":false},"author":2,"featured_media":85897,"parent":7097,"menu_order":0,"comment_status":"closed","ping_status":"closed","template":"","meta":{"_acf_changed":false,"_et_pb_use_builder":"on","_et_pb_old_content":"","_et_gb_content_width":"","footnotes":""},"class_list":["post-81039","page","type-page","status-publish","has-post-thumbnail"],"acf":[],"_links":{"self":[{"href":"https:\/\/www.secowarwick.com\/de\/wp-json\/wp\/v2\/pages\/81039","targetHints":{"allow":["GET"]}}],"collection":[{"href":"https:\/\/www.secowarwick.com\/de\/wp-json\/wp\/v2\/pages"}],"about":[{"href":"https:\/\/www.secowarwick.com\/de\/wp-json\/wp\/v2\/types\/page"}],"author":[{"embeddable":true,"href":"https:\/\/www.secowarwick.com\/de\/wp-json\/wp\/v2\/users\/2"}],"replies":[{"embeddable":true,"href":"https:\/\/www.secowarwick.com\/de\/wp-json\/wp\/v2\/comments?post=81039"}],"version-history":[{"count":35,"href":"https:\/\/www.secowarwick.com\/de\/wp-json\/wp\/v2\/pages\/81039\/revisions"}],"predecessor-version":[{"id":189376,"href":"https:\/\/www.secowarwick.com\/de\/wp-json\/wp\/v2\/pages\/81039\/revisions\/189376"}],"up":[{"embeddable":true,"href":"https:\/\/www.secowarwick.com\/de\/wp-json\/wp\/v2\/pages\/7097"}],"wp:featuredmedia":[{"embeddable":true,"href":"https:\/\/www.secowarwick.com\/de\/wp-json\/wp\/v2\/media\/85897"}],"wp:attachment":[{"href":"https:\/\/www.secowarwick.com\/de\/wp-json\/wp\/v2\/media?parent=81039"}],"curies":[{"name":"wp","href":"https:\/\/api.w.org\/{rel}","templated":true}]}}