{"id":81050,"date":"2018-09-19T14:40:41","date_gmt":"2018-09-19T12:40:41","guid":{"rendered":"http:\/\/www.secowarwick.com\/vertiquench-drop-bottom-furnaces\/"},"modified":"2026-02-11T16:19:07","modified_gmt":"2026-02-11T15:19:07","slug":"vertiquench-drop-bottom-abschreckofen","status":"publish","type":"page","link":"https:\/\/www.secowarwick.com\/de\/produkte\/aluminium-prozesse\/vertiquench-drop-bottom-abschreckofen\/","title":{"rendered":"Fallschat\u00f6fen zum L\u00f6sungsgl\u00fchen und Alterung von Aluminium &#8211; VertiQuench"},"content":{"rendered":"<p>[et_pb_section fb_built=&#8220;1&#8243; _builder_version=&#8220;4.16&#8243; global_colors_info=&#8220;{}&#8220;][et_pb_row _builder_version=&#8220;4.16&#8243; background_size=&#8220;initial&#8220; background_position=&#8220;top_left&#8220; background_repeat=&#8220;repeat&#8220; global_colors_info=&#8220;{}&#8220;][et_pb_column type=&#8220;4_4&#8243; _builder_version=&#8220;4.16&#8243; custom_padding=&#8220;|||&#8220; global_colors_info=&#8220;{}&#8220; custom_padding__hover=&#8220;|||&#8220;][et_pb_image src=&#8220;https:\/\/www.secowarwick.com\/wp-content\/uploads\/2019\/11\/slider-Vertiquench.jpg&#8220; alt=&#8220;Fallschat\u00f6fen zum L\u00f6sungsgl\u00fchen und Alterung von Aluminium &#8211; VertiQuench\u00ae&#8220; title_text=&#8220;Fallschat\u00f6fen zum L\u00f6sungsgl\u00fchen und Alterung von Aluminium &#8211; VertiQuench\u00ae&#8220; align_tablet=&#8220;center&#8220; align_phone=&#8220;&#8220; align_last_edited=&#8220;on|desktop&#8220; _builder_version=&#8220;4.16&#8243; global_colors_info=&#8220;{}&#8220;][\/et_pb_image][\/et_pb_column][\/et_pb_row][\/et_pb_section][et_pb_section fb_built=&#8220;1&#8243; admin_label=&#8220;section&#8220; _builder_version=&#8220;4.16&#8243; custom_padding=&#8220;25px|||&#8220; transparent_background=&#8220;off&#8220; make_fullwidth=&#8220;off&#8220; use_custom_width=&#8220;off&#8220; width_unit=&#8220;on&#8220; global_colors_info=&#8220;{}&#8220;][et_pb_row column_structure=&#8220;3_4,1_4&#8243; admin_label=&#8220;row&#8220; _builder_version=&#8220;4.16&#8243; background_size=&#8220;initial&#8220; background_position=&#8220;top_left&#8220; background_repeat=&#8220;repeat&#8220; custom_margin=&#8220;0px|||&#8220; custom_padding=&#8220;0px|||&#8220; make_fullwidth=&#8220;off&#8220; use_custom_width=&#8220;off&#8220; width_unit=&#8220;on&#8220; global_colors_info=&#8220;{}&#8220;][et_pb_column type=&#8220;3_4&#8243; _builder_version=&#8220;4.16&#8243; custom_padding=&#8220;|||&#8220; global_colors_info=&#8220;{}&#8220; custom_padding__hover=&#8220;|||&#8220;][et_pb_breadcrumbs _builder_version=&#8220;4.10.3&#8243; _module_preset=&#8220;default&#8220; global_colors_info=&#8220;{}&#8220;][\/et_pb_breadcrumbs][et_pb_text module_class=&#8220;podtytuly&#8220; _builder_version=&#8220;4.23.1&#8243; global_colors_info=&#8220;{}&#8220;]<\/p>\n<h1>Fallschacht\u00f6fen zum L\u00f6sungsgl\u00fchen und Alterung von Aluminium &#8211; VertiQuench<\/h1>\n<h2>Fallschacht\u00f6fen zur W\u00e4rmebehandlung von Aluminium &#8211; VertiQuench<\/h2>\n<p>SECO\/WARWICK ist ein Full-Service-Anbieter von Aluminium-Verarbeitungstechnologien, der die weltweite <strong>Aluminiumindustrie<\/strong> mit effizienten Linien bedient, die mit au\u00dfergew\u00f6hnlicher Temperaturgleichm\u00e4\u00dfigkeit und einzigartigen Ladetechniken f\u00fcr die anspruchsvollsten Anwendungen arbeiten. Die \u00d6fen des Unternehmens bieten die weltweit beste Umsetzung von <strong>W\u00e4rmebehandlungsprozessen<\/strong>, die h\u00f6chste Qualit\u00e4t der verarbeiteten Produkte und der Unterst\u00fctzung f\u00fcr W\u00e4rmebehandlungsanlagen und -prozesse.\u00a0\u00a0 Deutliche technische Verbesserungen wurden umgesetzt, was zu zahlreichen Installationen von <strong>Drop-Bottom-\u00d6fen<\/strong> f\u00fchrte. Infolgedessen ist diese Anlage zu einem Spitzenprodukt von SECO\/WARWICK geworden, so dass ein neuer Markenname, <strong>VertiQuench<\/strong>, entwickelt wurde.<\/p>\n<p>[\/et_pb_text][et_pb_tabs module_class=&#8220;red-tabs eco-tab4&#8243; _builder_version=&#8220;4.23.1&#8243; custom_css_main_element=&#8220;margin-top: 2rem;||margin-bottom: 2rem;&#8220; global_colors_info=&#8220;{}&#8220;][et_pb_tab title=&#8220;\u00dcberblick&#8220; _builder_version=&#8220;4.23.1&#8243; global_colors_info=&#8220;{}&#8220;]<\/p>\n<p>VertiQuench <strong>Bottom-Drop-\u00d6fen<\/strong> bieten eine kosteng\u00fcnstige L\u00f6sung f\u00fcr anspruchsvolle Anwendungen in&nbsp;der Automobil- und Luftfahrtindustrie in&nbsp;den Bereichen W\u00e4rmebehandlung, Abschreckung und Alterung von Aluminiuml\u00f6sungen.\u00a0 Diese innovative AMS-konforme Technologie erm\u00f6glicht ein sehr schnelles und ein vollst\u00e4ndiges Eintauchen der Ladung innerhalb von nur 5 Sekunden. Wie der Name VertiQuench schon sagt, erm\u00f6glicht das Verfahren eine sehr schnelle vertikale Abschreckung. Das w\u00e4rmebehandelte Material wird in&nbsp;Wasser- oder Polymerabschreckbecken direkt unter dem Ofen abgeworfen.<\/p>\n<p>VertiQuench bietet eine <strong>L\u00f6sungsw\u00e4rmebehandlung<\/strong> mit anschlie\u00dfender <strong>Abschreckung<\/strong> und k\u00fcnstlicher Alterung f\u00fcr das Ausscheidungsh\u00e4rten von Produkten.Die \u00d6fen k\u00f6nnen in\u00a0einem kompletten System geliefert werden, das den AMS-Normen f\u00fcr die Luft- und Raumfahrt entspricht und die strengen Anforderungen in\u00a0Bezug auf Temperaturgleichm\u00e4\u00dfigkeit, Einschr\u00e4nkungen der Verarbeitungszeit in\u00a0jedem Schritt und f\u00fcr andere Parameter erf\u00fcllt.<\/p>\n<p>VertiQuench bietet eine optimale <strong>W\u00e4rmebehandlungstechnologie<\/strong> f\u00fcr extrudierte und gezogene Bullaugenrohre aus Aluminiumlegierungen der Serien 2xxx, 6xxx und 7xxx in\u00a0harten Zust\u00e4nden, da es\u00a0die k\u00fcrzeste Abschreckzeit bietet und die h\u00f6chsten mechanischen Eigenschaften von behandelten Extrusionen erzielt.<\/p>\n<p>[\/et_pb_tab][et_pb_tab title=&#8220;Vorteile&#8220; _builder_version=&#8220;4.23.1&#8243; global_colors_info=&#8220;{}&#8220;]<\/p>\n<p class=\"line-height-scale-3 font-scale-4 text-align-left\"><strong><span style=\"color: #dc291e;\">\/\u00a0<\/span><\/strong>Extrem enge Temperaturgleichm\u00e4\u00dfigkeit durch bew\u00e4hrte Luftstrominnovationen<br \/><strong><span style=\"color: #dc291e;\">\/\u00a0<\/span><\/strong>Schnelles, vollst\u00e4ndiges Eintauchen der Last innerhalb von nur 5 Sekunden<br \/><strong><span style=\"color: #dc291e;\">\/\u00a0<\/span><\/strong>AMS2770-konforme Abschrecktransferzeiten<br \/><strong><span style=\"color: #dc291e;\">\/\u00a0<\/span><\/strong>Geringer Stromverbrauch<br \/><strong><span style=\"color: #dc291e;\">\/\u00a0<\/span><\/strong>AMS 2750<\/p>\n<p>[\/et_pb_tab][et_pb_tab title=&#8220;Prozesse&#8220; _builder_version=&#8220;4.16&#8243; global_colors_info=&#8220;{}&#8220;]<\/p>\n<h3><\/h3>\n<p><strong><span style=\"color: #dc291e;\">\/\u00a0<\/span><\/strong>L\u00f6sungsw\u00e4rmebehandlung<br \/>\n<strong><span style=\"color: #dc291e;\">\/\u00a0<\/span><\/strong>Abschreckung<br \/>\n<strong><span style=\"color: #dc291e;\">\/\u00a0<\/span><\/strong>Alterung[\/et_pb_tab][et_pb_tab title=&#8220;Industrien&#8220; _builder_version=&#8220;4.23.1&#8243; global_colors_info=&#8220;{}&#8220;]<\/p>\n<p><strong><span style=\"color: #e30f11;\">\/<\/span><\/strong> Luft- und Raumfahrt<br \/><strong><span style=\"color: #e30f11;\">\/<\/span><\/strong> Automobilindustrie<\/p>\n<p>[\/et_pb_tab][et_pb_tab title=&#8220; &#8220; _builder_version=&#8220;4.23.1&#8243; _module_preset=&#8220;default&#8220; global_colors_info=&#8220;{}&#8220;]<\/p>\n<p><span style=\"color: #ff0000;\"><strong>\/<\/strong><\/span> Hocheffizientes, energiesparendes und emissionsarmes (fossil fuel less) elektrisches Heizsystem<br \/><span style=\"color: #ff0000;\"><strong>\/<\/strong><\/span> Umweltfreundliche, biol\u00f6sliche D\u00e4mmung mit richtig ausgew\u00e4hlter Dicke im&nbsp;Hinblick auf die Verringerung des W\u00e4rmeverlustes durch W\u00e4nde<\/p>\n<p>[\/et_pb_tab][\/et_pb_tabs][et_pb_code admin_label=&#8220;crm-rfq-de&#8220; _builder_version=&#8220;4.10.3&#8243; _module_preset=&#8220;default&#8220; global_module=&#8220;123766&#8243; global_colors_info=&#8220;{}&#8220;]<!-- [et_pb_line_break_holder] --><pee style=\"text-align: center;\"><a class=\"small-button smallred\" style=\"font-size: 20px; padding: 20px 60px;\" href=\"https:\/\/www.secowarwick.com\/de\/fordern-sie-hier-ihr-angebot-an\/\"><span style=\"display: block; transform: skew(15deg,0deg); -webkit-transform: skew(15deg,0deg); font-size: 20px; !important\">UM EIN ANGEBOT BITTEN<\/span><\/a><\/pee>[\/et_pb_code][\/et_pb_column][et_pb_column type=&#8220;1_4&#8243; _builder_version=&#8220;4.16&#8243; custom_padding=&#8220;|||&#8220; global_colors_info=&#8220;{}&#8220; custom_padding__hover=&#8220;|||&#8220;][et_pb_gallery gallery_ids=&#8220;81671,102066,102073&#8243; posts_number=&#8220;1&#8243; show_title_and_caption=&#8220;off&#8220; show_pagination=&#8220;off&#8220; zoom_icon_color=&#8220;#e2001a&#8220; module_class=&#8220;seco-products-gallery-new&#8220; _builder_version=&#8220;4.16&#8243; custom_css_overlay_icon=&#8220;content:&#8217;GALERIE ANSEHEN&#8216; !important;&#8220; global_colors_info=&#8220;{}&#8220;][\/et_pb_gallery][et_pb_text admin_label=&#8220;btn_de_premiumlibrary&#8220; module_class=&#8220;premium-library-button&#8220; _builder_version=&#8220;4.23.1&#8243; _module_preset=&#8220;default&#8220; text_orientation=&#8220;center&#8220; global_module=&#8220;157246&#8243; global_colors_info=&#8220;{}&#8220;]<\/p>\n<a href='https:\/\/www.secowarwick.com\/de\/premiuminhalte\/' class='small-button smallred'><span>PREMIUMINHALTE<\/span><\/a>\n<p>[\/et_pb_text][et_pb_text admin_label=&#8220;R&#038;D de&#8220; module_class=&#8220;product_widget_wrap_rd&#8220; _builder_version=&#8220;4.23.1&#8243; _module_preset=&#8220;default&#8220; text_orientation=&#8220;center&#8220; global_module=&#8220;167836&#8243; saved_tabs=&#8220;all&#8220; locked=&#8220;off&#8220; global_colors_info=&#8220;{}&#8220;]<\/p>\n<p><a href=\"https:\/\/www.secowarwick.com\/de\/rd\/\"><span class=\"product_wigtet_name\">R&amp;D<\/span><\/a><\/p>\n<p>[\/et_pb_text][et_pb_text admin_label=&#8220;AUTOMATYKA de&#8220; module_class=&#8220;product_widget_wrap_automation&#8220; _builder_version=&#8220;4.23.1&#8243; _module_preset=&#8220;default&#8220; global_module=&#8220;167905&#8243; saved_tabs=&#8220;all&#8220; locked=&#8220;off&#8220; global_colors_info=&#8220;{}&#8220;]<\/p>\n<p><a href=\"https:\/\/www.secowarwick.com\/de\/service\/automatisierung\/\"><span class=\"product_wigtet_name\">AUTOMATISIERUNG<\/span><\/a><\/p>\n<p>[\/et_pb_text][et_pb_text admin_label=&#8220;SERVICE de&#8220; module_class=&#8220;product_widget_wrap_service&#8220; _builder_version=&#8220;4.23.1&#8243; _module_preset=&#8220;default&#8220; global_module=&#8220;167860&#8243; saved_tabs=&#8220;all&#8220; locked=&#8220;off&#8220; global_colors_info=&#8220;{}&#8220;]<\/p>\n<p><a href=\"https:\/\/www.secowarwick.com\/de\/professionelle-service-dienstleistungen\/\"><span class=\"product_wigtet_name\">SERVICE<\/span><\/a><\/p>\n<p>[\/et_pb_text][et_pb_text admin_label=&#8220;SUPLEMENTALS de&#8220; module_class=&#8220;product_widget_wrap_supleme&#8220; _builder_version=&#8220;4.23.1&#8243; _module_preset=&#8220;default&#8220; global_module=&#8220;167915&#8243; saved_tabs=&#8220;all&#8220; locked=&#8220;off&#8220; global_colors_info=&#8220;{}&#8220;]<\/p>\n<p><span class=\"product_wigtet_name\">ZUSATZSTOFFE:<\/span><\/p>\n<p>[\/et_pb_text][et_pb_text admin_label=&#8220;Product brochure&#8220; module_class=&#8220;suplementals_product_brochure suplementals_wrap&#8220; _builder_version=&#8220;4.23.1&#8243; _module_preset=&#8220;default&#8220; hover_enabled=&#8220;0&#8243; locked=&#8220;off&#8220; global_colors_info=&#8220;{}&#8220; sticky_enabled=&#8220;0&#8243;]<\/p>\n<p><a href=\"https:\/\/www.secowarwick.com\/wp-content\/uploads\/2025\/07\/ALU-VertiQuench-WWW-1.pdf\" target=\"_blank\" rel=\"noopener\" class=\"ga4_product_widget_brochure\">Produktbrosch\u00fcre<\/a><\/p>\n<p>[\/et_pb_text][et_pb_text admin_label=&#8220;Product catalogue alu de&#8220; module_class=&#8220;suplementals_product_catalogue suplementals_wrap&#8220; _builder_version=&#8220;4.23.1&#8243; _module_preset=&#8220;default&#8220; hover_enabled=&#8220;0&#8243; global_module=&#8220;170241&#8243; saved_tabs=&#8220;all&#8220; locked=&#8220;off&#8220; global_colors_info=&#8220;{}&#8220; sticky_enabled=&#8220;0&#8243;]<\/p>\n<p><a href=\"https:\/\/www.secowarwick.com\/wp-content\/uploads\/2025\/02\/Aluminum_Furnaces_catalogue.pdf\" target=\"_blank\" rel=\"noopener\" class=\"ga4_product_widget_catalogue\">Produktkatalog<\/a><\/p>\n<p>[\/et_pb_text][et_pb_text admin_label=&#8220;Product infographic&#8220; module_class=&#8220;suplementals_product_infographic suplementals_wrap&#8220; _builder_version=&#8220;4.23.1&#8243; _module_preset=&#8220;default&#8220; hover_enabled=&#8220;0&#8243; locked=&#8220;off&#8220; global_colors_info=&#8220;{}&#8220; sticky_enabled=&#8220;0&#8243;]<\/p>\n<p><a href=\"https:\/\/www.secowarwick.com\/wp-content\/uploads\/2023\/06\/VERTIQUENCH-DROP-BOTTOM-FURNACE.jpg\" target=\"_blank\" rel=\"noopener\" class=\"ga4_product_widget_infografic\">Produkt-Infografik<\/a><\/p>\n<p>[\/et_pb_text][et_pb_text admin_label=&#8220;Product movie alu plaulist de&#8220; module_class=&#8220;suplementals_product_movie suplementals_wrap&#8220; _builder_version=&#8220;4.23.1&#8243; _module_preset=&#8220;default&#8220; global_module=&#8220;170243&#8243; saved_tabs=&#8220;all&#8220; locked=&#8220;off&#8220; global_colors_info=&#8220;{}&#8220;]<\/p>\n<p><a href=\"https:\/\/www.youtube.com\/playlist?list=PLa0hhW_hoQqEsIHM5LQtr9h_9UlwGFBO8\" target=\"_blank\" rel=\"noopener\">Produktvideo<\/a><\/p>\n<p>[\/et_pb_text][et_pb_text admin_label=&#8220;dnabook-de&#8220; module_class=&#8220;suplementals_product_dna suplementals_wrap&#8220; _builder_version=&#8220;4.23.1&#8243; _module_preset=&#8220;default&#8220; global_module=&#8220;167874&#8243; saved_tabs=&#8220;all&#8220; locked=&#8220;off&#8220; global_colors_info=&#8220;{}&#8220;]<\/p>\n<p><a href=\"https:\/\/www.secowarwick.com\/wp-content\/uploads\/2025\/07\/DNA_BOOK.pdf\" target=\"_blank\" rel=\"noopener\">DNA\/BOOK<\/a><\/p>\n<p>[\/et_pb_text][et_pb_text admin_label=&#8220;ECO\/BOOK-de&#8220; module_class=&#8220;suplementals_product_eco suplementals_wrap&#8220; _builder_version=&#8220;4.23.1&#8243; _module_preset=&#8220;default&#8220; global_module=&#8220;167797&#8243; locked=&#8220;off&#8220; global_colors_info=&#8220;{}&#8220;]<\/p>\n<p><a href=\"https:\/\/www.secowarwick.com\/wp-content\/uploads\/2023\/06\/ECOBOOK.pdf\" target=\"_blank\" rel=\"noopener\">ECO\/BOOK<\/a><\/p>\n<p>[\/et_pb_text][et_pb_text admin_label=&#8220;product-widget-rfq-de&#8220; module_class=&#8220;product_widget_wrap_rfq-en&#8220; _builder_version=&#8220;4.23.1&#8243; _module_preset=&#8220;default&#8220; global_module=&#8220;186250&#8243; saved_tabs=&#8220;all&#8220; locked=&#8220;off&#8220; global_colors_info=&#8220;{}&#8220;]<\/p>\n<p style=\"text-align: center;\"><a class=\"small-button smallred rfq-gtm-product-widget\" href=\"https:\/\/www.secowarwick.com\/de\/fordern-sie-hier-ihr-angebot-an\/\"><span class=\"product_wigtet_name\">FRAGE NACH MEHR<\/span><\/a><\/p>\n<p>[\/et_pb_text][\/et_pb_column][\/et_pb_row][\/et_pb_section]<\/p>\n","protected":false},"excerpt":{"rendered":"<p>[et_pb_breadcrumbs _builder_version=&#8220;4.10.3&#8243; _module_preset=&#8220;default&#8220; global_colors_info=&#8220;{}&#8220;][\/et_pb_breadcrumbs]Fallschacht\u00f6fen zum L\u00f6sungsgl\u00fchen und Alterung von Aluminium &#8211; VertiQuench Fallschacht\u00f6fen zur W\u00e4rmebehandlung von Aluminium &#8211; VertiQuench SECO\/WARWICK ist ein Full-Service-Anbieter von Aluminium-Verarbeitungstechnologien, der die weltweite Aluminiumindustrie mit effizienten Linien bedient, die mit au\u00dfergew\u00f6hnlicher Temperaturgleichm\u00e4\u00dfigkeit und einzigartigen Ladetechniken f\u00fcr die anspruchsvollsten Anwendungen arbeiten. Die \u00d6fen des Unternehmens bieten die weltweit beste Umsetzung von [&hellip;]<\/p>\n","protected":false},"author":2,"featured_media":86441,"parent":7097,"menu_order":0,"comment_status":"closed","ping_status":"closed","template":"","meta":{"_acf_changed":false,"_et_pb_use_builder":"on","_et_pb_old_content":"","_et_gb_content_width":"","footnotes":""},"class_list":["post-81050","page","type-page","status-publish","has-post-thumbnail"],"acf":[],"_links":{"self":[{"href":"https:\/\/www.secowarwick.com\/de\/wp-json\/wp\/v2\/pages\/81050","targetHints":{"allow":["GET"]}}],"collection":[{"href":"https:\/\/www.secowarwick.com\/de\/wp-json\/wp\/v2\/pages"}],"about":[{"href":"https:\/\/www.secowarwick.com\/de\/wp-json\/wp\/v2\/types\/page"}],"author":[{"embeddable":true,"href":"https:\/\/www.secowarwick.com\/de\/wp-json\/wp\/v2\/users\/2"}],"replies":[{"embeddable":true,"href":"https:\/\/www.secowarwick.com\/de\/wp-json\/wp\/v2\/comments?post=81050"}],"version-history":[{"count":23,"href":"https:\/\/www.secowarwick.com\/de\/wp-json\/wp\/v2\/pages\/81050\/revisions"}],"predecessor-version":[{"id":189479,"href":"https:\/\/www.secowarwick.com\/de\/wp-json\/wp\/v2\/pages\/81050\/revisions\/189479"}],"up":[{"embeddable":true,"href":"https:\/\/www.secowarwick.com\/de\/wp-json\/wp\/v2\/pages\/7097"}],"wp:featuredmedia":[{"embeddable":true,"href":"https:\/\/www.secowarwick.com\/de\/wp-json\/wp\/v2\/media\/86441"}],"wp:attachment":[{"href":"https:\/\/www.secowarwick.com\/de\/wp-json\/wp\/v2\/media?parent=81050"}],"curies":[{"name":"wp","href":"https:\/\/api.w.org\/{rel}","templated":true}]}}