{"id":81080,"date":"2019-06-25T07:38:46","date_gmt":"2019-06-25T05:38:46","guid":{"rendered":"http:\/\/www.secowarwick.com\/fire-resistance\/"},"modified":"2026-02-11T16:29:53","modified_gmt":"2026-02-11T15:29:53","slug":"feuerwiderstandspruefoefen","status":"publish","type":"page","link":"https:\/\/www.secowarwick.com\/de\/produkte\/schutzgasoefen-und-systeme-atm\/feuerwiderstandspruefoefen\/","title":{"rendered":"Laborofen f\u00fcr Feuerwiderstandspr\u00fcfung"},"content":{"rendered":"<p>[et_pb_section fb_built=&#8220;1&#8243; _builder_version=&#8220;4.16&#8243; global_colors_info=&#8220;{}&#8220;][et_pb_row _builder_version=&#8220;4.16&#8243; background_size=&#8220;initial&#8220; background_position=&#8220;top_left&#8220; background_repeat=&#8220;repeat&#8220; global_colors_info=&#8220;{}&#8220;][et_pb_column type=&#8220;4_4&#8243; _builder_version=&#8220;4.16&#8243; custom_padding=&#8220;|||&#8220; global_colors_info=&#8220;{}&#8220; custom_padding__hover=&#8220;|||&#8220;][et_pb_image src=&#8220;https:\/\/www.secowarwick.com\/wp-content\/uploads\/2021\/05\/slider-FTR.jpg&#8220; alt=&#8220;Laborofen f\u00fcr Feuerwiderstandspr\u00fcfung- SECO\/WARWICK&#8220; title_text=&#8220;Laborofen f\u00fcr Feuerwiderstandspr\u00fcfung- SECO\/WARWICK&#8220; align_tablet=&#8220;center&#8220; align_phone=&#8220;&#8220; align_last_edited=&#8220;on|desktop&#8220; _builder_version=&#8220;4.16&#8243; global_colors_info=&#8220;{}&#8220;][\/et_pb_image][\/et_pb_column][\/et_pb_row][\/et_pb_section][et_pb_section fb_built=&#8220;1&#8243; admin_label=&#8220;section&#8220; _builder_version=&#8220;4.16&#8243; custom_padding=&#8220;25px|||&#8220; transparent_background=&#8220;off&#8220; make_fullwidth=&#8220;off&#8220; use_custom_width=&#8220;off&#8220; width_unit=&#8220;on&#8220; global_colors_info=&#8220;{}&#8220;][et_pb_row column_structure=&#8220;3_4,1_4&#8243; admin_label=&#8220;row&#8220; _builder_version=&#8220;4.16&#8243; background_size=&#8220;initial&#8220; background_position=&#8220;top_left&#8220; background_repeat=&#8220;repeat&#8220; custom_margin=&#8220;0px|||&#8220; custom_padding=&#8220;0px|||&#8220; make_fullwidth=&#8220;off&#8220; use_custom_width=&#8220;off&#8220; width_unit=&#8220;on&#8220; global_colors_info=&#8220;{}&#8220;][et_pb_column type=&#8220;3_4&#8243; _builder_version=&#8220;4.16&#8243; custom_padding=&#8220;|||&#8220; global_colors_info=&#8220;{}&#8220; custom_padding__hover=&#8220;|||&#8220;][et_pb_text module_class=&#8220;podtytuly&#8220; _builder_version=&#8220;4.23.1&#8243; global_colors_info=&#8220;{}&#8220;]<\/p>\n<h1>Laborofen f\u00fcr Feuerwiderstandspr\u00fcfung<\/h1>\n<p>Feuerwiderstandspr\u00fcf\u00f6fen in\u00a0verschiedenen Konfigurationen (horizontal, vertikal oder kombiniert) zur Feuerwiderstandspr\u00fcfung f\u00fcr abgeh\u00e4ngte Decken, Sucher, W\u00e4nde, S\u00e4ulen usw. werden nach spezifischen Heizkurven ausgelegt.<\/p>\n<p>[\/et_pb_text][et_pb_tabs module_class=&#8220;red-tabs eco-tab6&#8243; _builder_version=&#8220;4.23.1&#8243; custom_css_main_element=&#8220;margin-top: 2rem;||margin-bottom: 2rem;&#8220; global_colors_info=&#8220;{}&#8220;][et_pb_tab title=&#8220;\u00dcberblick&#8220; _builder_version=&#8220;4.23.1&#8243; global_colors_info=&#8220;{}&#8220;]<\/p>\n<p>Labor-Kammerofenst\u00e4nder sind die optimale L\u00f6sung bei der Durchf\u00fchrung von baulichen Feuerwiderstandspr\u00fcfungen von Geb\u00e4ude- und Schiffskonstruktionen, horizontalen und vertikalen Komponenten und Tresoren. Der Ofen arbeitet vollautomatisch, er\u00a0wird gesteuert durch eine SPS (speicherprogrammierbare Steuerung), die den Brandverlauf simuliert und eine gro\u00dfe Flexibilit\u00e4t bei der Anpassung an schnelle und effektive \u00c4nderungen der Parameter einer bestimmten Untersuchung bietet.<\/p>\n<p>Hervorzuheben ist die Flexibilit\u00e4t der Feuerwiderstandspr\u00fcfkammer (d.h. die F\u00e4higkeit zur schnellen und effizienten Anpassung an die Art der Studie). Es\u00a0ist mit Suchern ausgestattet, um das Verhalten des Testelements in\u00a0der Pr\u00fcfkammer, dem Visualisierungs-, Datenarchivierungs- und Berichtssystem zu beobachten und erm\u00f6glicht so die statische und dynamische Lastsimulation bei Brandversuchen.<\/p>\n<p>Die technischen L\u00f6sungen der SECO\/WARWICK-\u00d6fen gew\u00e4hrleisten die Durchf\u00fchrung spezifischer Feuerwiderstandspr\u00fcfungen von allen Konstruktionen. Die Ger\u00e4te k\u00f6nnen auch an die spezifischen Bed\u00fcrfnisse und Anforderungen unserer Kunden angepasst werden. Die Vielfalt der Kundenanforderungen erfordert die Umsetzung des Designs der Anlagen, die den Prozess so ausf\u00fchren, dass eine maximale Flexibilit\u00e4t gew\u00e4hrleistet ist.<\/p>\n<p>[\/et_pb_tab][et_pb_tab title=&#8220;Funktionen&#8220; _builder_version=&#8220;4.23.1&#8243; global_colors_info=&#8220;{}&#8220;]<\/p>\n<p><span style=\"color: #e30f00;\"><strong>\/<\/strong>\u00a0<\/span>Flexibilit\u00e4t, F\u00e4higkeit zur schnellen und effizienten Anpassung an die Forschungsart<br \/><span style=\"color: #e30f00;\"><strong>\/<\/strong>\u00a0<\/span>Sucher, die das Verhalten des Testelements in&nbsp;der Pr\u00fcfkammer, das Visualisierungs-, Datenarchivierungs- und Berichtssystem beobachten und eine statische und dynamische Belastungssimulation bei Brandpr\u00fcfungen erm\u00f6glichen<br \/><span style=\"color: #e30f00;\"><strong>\/<\/strong>\u00a0<\/span>Vollautomatische (PLC-gesteuerte speicherprogrammierbare Steuerung) Simulation des Brandverlaufs<br \/><span style=\"color: #e30f00;\"><strong>\/<\/strong>\u00a0<\/span>Equipped with a&nbsp;waste gas cleaning system<br \/><span style=\"color: #e30f00;\"><strong>\/<\/strong>\u00a0<\/span>Simulation einer kontrollierten Brandquelle f\u00fcr die Feuerwiderstandspr\u00fcfung von vertikalen und horizontalen Elementen von Bauwerken bei einer Temperatur von bis zu 1250\u00b0C<\/p>\n<h2>Feuerwiderstand:<\/h2>\n<p><span style=\"color: #e30f00;\"><strong>\/<\/strong>\u00a0<\/span>von nichttragenden Elementen<br \/><span style=\"color: #e30f00;\"><strong>\/<\/strong>\u00a0<\/span>von tragenden Elementen<br \/><span style=\"color: #e30f00;\"><strong>\/<\/strong>\u00a0<\/span>der Elemente der Anlage<br \/><span style=\"color: #e30f00;\"><strong>\/<\/strong>\u00a0<\/span>von T\u00fcren und Klappen<br \/><span style=\"color: #e30f00;\"><strong>\/<\/strong>\u00a0<\/span>von Decken, Decks und Schotten von Schiffen<br \/><span style=\"color: #e30f00;\"><strong>\/<\/strong>\u00a0<\/span>von Schr\u00e4nken zur Lagerung von Material, Dokumenten, brennbaren Fl\u00fcssigkeiten und anderen Wertsachen<\/p>\n<p>[\/et_pb_tab][et_pb_tab title=&#8220;Vorteile&#8220; _builder_version=&#8220;4.23.1&#8243; global_colors_info=&#8220;{}&#8220;]<\/p>\n<p><strong><span style=\"color: #dc291e;\">\/\u00a0<\/span><\/strong>Automatische und manuelle Steuerung<br \/><strong><span style=\"color: #dc291e;\">\/\u00a0<\/span><\/strong>Maximale Nutzung der Forschungsst\u00e4nde<br \/><strong><span style=\"color: #dc291e;\">\/\u00a0<\/span><\/strong>Die F\u00e4higkeit zur schnellen und effektiven Anpassung an die verschiedenen Arten der Forschung<br \/><strong><span style=\"color: #dc291e;\">\/\u00a0<\/span><\/strong>Forschungsst\u00e4nde mit einer gro\u00dfen lesbaren Anzeigevorrichtung, die die aktuelle Zeit, die Stoppuhr, die Datennummer der Tests anzeigt<br \/><strong><span style=\"color: #dc291e;\">\/\u00a0<\/span><\/strong>Alarmmeldung<br \/><strong><span style=\"color: #dc291e;\">\/\u00a0<\/span><\/strong>Visiere zur Beobachtung des Verhaltens des Pr\u00fcfgegenstands in&nbsp;der Pr\u00fcfkammer<br \/><strong><span style=\"color: #dc291e;\">\/\u00a0<\/span><\/strong>Visualisierungs-, Archivierungs- und Berichtsdatensystem<br \/><strong><span style=\"color: #dc291e;\">\/\u00a0<\/span><\/strong>Das Sicherheitssystem, das die Heizungsanlage ausschaltet<\/p>\n<p>[\/et_pb_tab][et_pb_tab title=&#8220;Prozesse&#8220; _builder_version=&#8220;4.23.1&#8243; global_colors_info=&#8220;{}&#8220;]<\/p>\n<p style=\"text-align: left;\"><span style=\"color: #e30f00;\"><strong>\/\u00a0<\/strong><\/span>Feuerwiderstandspr\u00fcfung<\/p>\n<p>[\/et_pb_tab][et_pb_tab title=&#8220;Industrien&#8220; _builder_version=&#8220;4.23.1&#8243; global_colors_info=&#8220;{}&#8220;]<\/p>\n<p style=\"text-align: left;\"><span style=\"color: #e30f00;\"><strong>\/\u00a0<\/strong><\/span>Bauindustrie<br \/><span style=\"color: #e30f00;\"><strong>\/\u00a0<\/strong><\/span>Technische Institute<\/p>\n<p>[\/et_pb_tab][et_pb_tab title=&#8220;Materialien&#8220; _builder_version=&#8220;4.23.1&#8243; global_colors_info=&#8220;{}&#8220;]<\/p>\n<p><span style=\"color: #e30f00;\"><strong>\/ <\/strong><\/span>Baustoffe<br \/><span style=\"color: #e30f00;\"><strong>\/<\/strong><\/span> Baumaterialien<\/p>\n<p>[\/et_pb_tab][et_pb_tab title=&#8220; &#8220; _builder_version=&#8220;4.23.1&#8243; _module_preset=&#8220;default&#8220; global_colors_info=&#8220;{}&#8220;]<\/p>\n<p><strong><span style=\"color: #ff0000;\">\/<\/span><\/strong> Au\u00dfenreinigungssystem<br \/><strong><span style=\"color: #ff0000;\">\/<\/span><\/strong> Bei der Entwicklung wird der Aspekt der W\u00e4rmespeicherkapazit\u00e4t des Ger\u00e4tes analysiert, um den W\u00e4rmeverlust zu reduzieren<\/p>\n<p>[\/et_pb_tab][\/et_pb_tabs][et_pb_code admin_label=&#8220;crm-rfq-de&#8220; _builder_version=&#8220;4.10.3&#8243; _module_preset=&#8220;default&#8220; global_module=&#8220;123766&#8243; global_colors_info=&#8220;{}&#8220;]<!-- [et_pb_line_break_holder] --><pee style=\"text-align: center;\"><a class=\"small-button smallred\" style=\"font-size: 20px; padding: 20px 60px;\" href=\"https:\/\/www.secowarwick.com\/de\/fordern-sie-hier-ihr-angebot-an\/\"><span style=\"display: block; transform: skew(15deg,0deg); -webkit-transform: skew(15deg,0deg); font-size: 20px; !important\">UM EIN ANGEBOT BITTEN<\/span><\/a><\/pee>[\/et_pb_code][\/et_pb_column][et_pb_column type=&#8220;1_4&#8243; _builder_version=&#8220;4.16&#8243; custom_padding=&#8220;|||&#8220; global_colors_info=&#8220;{}&#8220; custom_padding__hover=&#8220;|||&#8220;][et_pb_gallery gallery_ids=&#8220;80805,80829,81451,81458,81465,86757&#8243; posts_number=&#8220;1&#8243; show_title_and_caption=&#8220;off&#8220; show_pagination=&#8220;off&#8220; zoom_icon_color=&#8220;#e2001a&#8220; module_class=&#8220;seco-products-gallery-new&#8220; _builder_version=&#8220;4.16&#8243; custom_css_overlay_icon=&#8220;content:&#8217;GALERIE ANSEHEN&#8216; !important;&#8220; global_colors_info=&#8220;{}&#8220;][\/et_pb_gallery][et_pb_text admin_label=&#8220;btn_de_premiumlibrary&#8220; module_class=&#8220;premium-library-button&#8220; _builder_version=&#8220;4.23.1&#8243; _module_preset=&#8220;default&#8220; text_orientation=&#8220;center&#8220; global_module=&#8220;157246&#8243; global_colors_info=&#8220;{}&#8220;]<\/p>\n<a href='https:\/\/www.secowarwick.com\/de\/premiuminhalte\/' class='small-button smallred'><span>PREMIUMINHALTE<\/span><\/a>\n<p>[\/et_pb_text][et_pb_text admin_label=&#8220;R&#038;D de&#8220; module_class=&#8220;product_widget_wrap_rd&#8220; _builder_version=&#8220;4.23.1&#8243; _module_preset=&#8220;default&#8220; text_orientation=&#8220;center&#8220; global_module=&#8220;167836&#8243; saved_tabs=&#8220;all&#8220; locked=&#8220;off&#8220; global_colors_info=&#8220;{}&#8220;]<\/p>\n<p><a href=\"https:\/\/www.secowarwick.com\/de\/rd\/\"><span class=\"product_wigtet_name\">R&amp;D<\/span><\/a><\/p>\n<p>[\/et_pb_text][et_pb_text admin_label=&#8220;AUTOMATYKA de&#8220; module_class=&#8220;product_widget_wrap_automation&#8220; _builder_version=&#8220;4.23.1&#8243; _module_preset=&#8220;default&#8220; global_module=&#8220;167905&#8243; saved_tabs=&#8220;all&#8220; locked=&#8220;off&#8220; global_colors_info=&#8220;{}&#8220;]<\/p>\n<p><a href=\"https:\/\/www.secowarwick.com\/de\/service\/automatisierung\/\"><span class=\"product_wigtet_name\">AUTOMATISIERUNG<\/span><\/a><\/p>\n<p>[\/et_pb_text][et_pb_text admin_label=&#8220;SERVICE de&#8220; module_class=&#8220;product_widget_wrap_service&#8220; _builder_version=&#8220;4.23.1&#8243; _module_preset=&#8220;default&#8220; global_module=&#8220;167860&#8243; saved_tabs=&#8220;all&#8220; locked=&#8220;off&#8220; global_colors_info=&#8220;{}&#8220;]<\/p>\n<p><a href=\"https:\/\/www.secowarwick.com\/de\/professionelle-service-dienstleistungen\/\"><span class=\"product_wigtet_name\">SERVICE<\/span><\/a><\/p>\n<p>[\/et_pb_text][et_pb_text admin_label=&#8220;SUPLEMENTALS de&#8220; module_class=&#8220;product_widget_wrap_supleme&#8220; _builder_version=&#8220;4.23.1&#8243; _module_preset=&#8220;default&#8220; global_module=&#8220;167915&#8243; saved_tabs=&#8220;all&#8220; locked=&#8220;off&#8220; global_colors_info=&#8220;{}&#8220;]<\/p>\n<p><span class=\"product_wigtet_name\">ZUSATZSTOFFE:<\/span><\/p>\n<p>[\/et_pb_text][et_pb_text admin_label=&#8220;Product brochure&#8220; module_class=&#8220;suplementals_product_brochure suplementals_wrap&#8220; _builder_version=&#8220;4.23.1&#8243; _module_preset=&#8220;default&#8220; hover_enabled=&#8220;0&#8243; locked=&#8220;off&#8220; global_colors_info=&#8220;{}&#8220; sticky_enabled=&#8220;0&#8243;]<\/p>\n<p><a href=\"https:\/\/www.secowarwick.com\/wp-content\/uploads\/2025\/11\/ATM-FIRE-RESISTANCE-TEST-FURNACES-WWW.pdf\" target=\"_blank\" rel=\"noopener\" class=\"ga4_product_widget_brochure\">Produktbrosch\u00fcre<\/a><\/p>\n<p>[\/et_pb_text][et_pb_text admin_label=&#8220;Product infographic&#8220; module_class=&#8220;suplementals_product_infographic suplementals_wrap&#8220; _builder_version=&#8220;4.23.1&#8243; _module_preset=&#8220;default&#8220; hover_enabled=&#8220;0&#8243; locked=&#8220;off&#8220; global_colors_info=&#8220;{}&#8220; sticky_enabled=&#8220;0&#8243;]<\/p>\n<p><a href=\"https:\/\/www.secowarwick.com\/wp-content\/uploads\/2023\/06\/Fire-Resistance.jpg\" target=\"_blank\" rel=\"noopener\" class=\"ga4_product_widget_infografic\">Produkt-Infografik<\/a><\/p>\n<p>[\/et_pb_text][et_pb_text admin_label=&#8220;Product movie playlista de&#8220; module_class=&#8220;suplementals_product_movie suplementals_wrap&#8220; _builder_version=&#8220;4.23.1&#8243; _module_preset=&#8220;default&#8220; global_module=&#8220;169661&#8243; saved_tabs=&#8220;all&#8220; locked=&#8220;off&#8220; global_colors_info=&#8220;{}&#8220;]<\/p>\n<p><a href=\"https:\/\/www.youtube.com\/playlist?list=PLa0hhW_hoQqEsIHM5LQtr9h_9UlwGFBO8\" target=\"_blank\" rel=\"noopener\">Produktvideo<\/a><\/p>\n<p>[\/et_pb_text][et_pb_text admin_label=&#8220;dnabook-de&#8220; module_class=&#8220;suplementals_product_dna suplementals_wrap&#8220; _builder_version=&#8220;4.23.1&#8243; _module_preset=&#8220;default&#8220; global_module=&#8220;167874&#8243; saved_tabs=&#8220;all&#8220; locked=&#8220;off&#8220; global_colors_info=&#8220;{}&#8220;]<\/p>\n<p><a href=\"https:\/\/www.secowarwick.com\/wp-content\/uploads\/2025\/07\/DNA_BOOK.pdf\" target=\"_blank\" rel=\"noopener\">DNA\/BOOK<\/a><\/p>\n<p>[\/et_pb_text][et_pb_text admin_label=&#8220;ECO\/BOOK-de&#8220; module_class=&#8220;suplementals_product_eco suplementals_wrap&#8220; _builder_version=&#8220;4.23.1&#8243; _module_preset=&#8220;default&#8220; global_module=&#8220;167797&#8243; locked=&#8220;off&#8220; global_colors_info=&#8220;{}&#8220;]<\/p>\n<p><a href=\"https:\/\/www.secowarwick.com\/wp-content\/uploads\/2023\/06\/ECOBOOK.pdf\" target=\"_blank\" rel=\"noopener\">ECO\/BOOK<\/a><\/p>\n<p>[\/et_pb_text][et_pb_text admin_label=&#8220;product-widget-rfq-de&#8220; module_class=&#8220;product_widget_wrap_rfq-en&#8220; _builder_version=&#8220;4.23.1&#8243; _module_preset=&#8220;default&#8220; global_module=&#8220;186250&#8243; saved_tabs=&#8220;all&#8220; locked=&#8220;off&#8220; global_colors_info=&#8220;{}&#8220;]<\/p>\n<p style=\"text-align: center;\"><a class=\"small-button smallred rfq-gtm-product-widget\" href=\"https:\/\/www.secowarwick.com\/de\/fordern-sie-hier-ihr-angebot-an\/\"><span class=\"product_wigtet_name\">FRAGE NACH MEHR<\/span><\/a><\/p>\n<p>[\/et_pb_text][\/et_pb_column][\/et_pb_row][\/et_pb_section]<\/p>\n","protected":false},"excerpt":{"rendered":"<p>Laborofen f\u00fcr Feuerwiderstandspr\u00fcfung Feuerwiderstandspr\u00fcf\u00f6fen in\u00a0verschiedenen Konfigurationen (horizontal, vertikal oder kombiniert) zur Feuerwiderstandspr\u00fcfung f\u00fcr abgeh\u00e4ngte Decken, Sucher, W\u00e4nde, S\u00e4ulen usw. werden nach spezifischen Heizkurven ausgelegt.Labor-Kammerofenst\u00e4nder sind die optimale L\u00f6sung bei der Durchf\u00fchrung von baulichen Feuerwiderstandspr\u00fcfungen von Geb\u00e4ude- und Schiffskonstruktionen, horizontalen und vertikalen Komponenten und Tresoren. Der Ofen arbeitet vollautomatisch, er\u00a0wird gesteuert durch eine SPS (speicherprogrammierbare Steuerung), [&hellip;]<\/p>\n","protected":false},"author":2,"featured_media":116543,"parent":7137,"menu_order":0,"comment_status":"closed","ping_status":"closed","template":"","meta":{"_acf_changed":false,"_et_pb_use_builder":"on","_et_pb_old_content":"","_et_gb_content_width":"","footnotes":""},"class_list":["post-81080","page","type-page","status-publish","has-post-thumbnail"],"acf":[],"_links":{"self":[{"href":"https:\/\/www.secowarwick.com\/de\/wp-json\/wp\/v2\/pages\/81080","targetHints":{"allow":["GET"]}}],"collection":[{"href":"https:\/\/www.secowarwick.com\/de\/wp-json\/wp\/v2\/pages"}],"about":[{"href":"https:\/\/www.secowarwick.com\/de\/wp-json\/wp\/v2\/types\/page"}],"author":[{"embeddable":true,"href":"https:\/\/www.secowarwick.com\/de\/wp-json\/wp\/v2\/users\/2"}],"replies":[{"embeddable":true,"href":"https:\/\/www.secowarwick.com\/de\/wp-json\/wp\/v2\/comments?post=81080"}],"version-history":[{"count":14,"href":"https:\/\/www.secowarwick.com\/de\/wp-json\/wp\/v2\/pages\/81080\/revisions"}],"predecessor-version":[{"id":189485,"href":"https:\/\/www.secowarwick.com\/de\/wp-json\/wp\/v2\/pages\/81080\/revisions\/189485"}],"up":[{"embeddable":true,"href":"https:\/\/www.secowarwick.com\/de\/wp-json\/wp\/v2\/pages\/7137"}],"wp:featuredmedia":[{"embeddable":true,"href":"https:\/\/www.secowarwick.com\/de\/wp-json\/wp\/v2\/media\/116543"}],"wp:attachment":[{"href":"https:\/\/www.secowarwick.com\/de\/wp-json\/wp\/v2\/media?parent=81080"}],"curies":[{"name":"wp","href":"https:\/\/api.w.org\/{rel}","templated":true}]}}