{"id":81090,"date":"2019-06-25T07:39:18","date_gmt":"2019-06-25T05:39:18","guid":{"rendered":"http:\/\/www.secowarwick.com\/vector\/"},"modified":"2026-01-05T09:55:13","modified_gmt":"2026-01-05T08:55:13","slug":"vector","status":"publish","type":"page","link":"https:\/\/www.secowarwick.com\/de\/produkte\/vakuum-anlagen\/vector\/","title":{"rendered":"Vakuumofen mit Hochdruckgasabschreckung &#8211; Vector HPGQ"},"content":{"rendered":"<p>[et_pb_section fb_built=&#8220;1&#8243; _builder_version=&#8220;4.16&#8243; global_colors_info=&#8220;{}&#8220;][et_pb_row _builder_version=&#8220;4.16&#8243; background_size=&#8220;initial&#8220; background_position=&#8220;top_left&#8220; background_repeat=&#8220;repeat&#8220; global_colors_info=&#8220;{}&#8220;][et_pb_column type=&#8220;4_4&#8243; _builder_version=&#8220;4.16&#8243; custom_padding=&#8220;|||&#8220; global_colors_info=&#8220;{}&#8220; custom_padding__hover=&#8220;|||&#8220;][et_pb_image src=&#8220;https:\/\/www.secowarwick.com\/wp-content\/uploads\/2019\/11\/slider-Vector.jpg&#8220; alt=&#8220;Vakuumofen zur Hochdruckgasabschreckung &#8211; Vector\u00ae HPGQ&#8220; title_text=&#8220;Vakuumofen zur Hochdruckgasabschreckung &#8211; Vector\u00ae HPGQ&#8220; align_tablet=&#8220;center&#8220; align_phone=&#8220;&#8220; align_last_edited=&#8220;on|desktop&#8220; _builder_version=&#8220;4.16&#8243; global_colors_info=&#8220;{}&#8220;][\/et_pb_image][\/et_pb_column][\/et_pb_row][et_pb_row column_structure=&#8220;3_4,1_4&#8243; _builder_version=&#8220;4.16&#8243; background_size=&#8220;initial&#8220; background_position=&#8220;top_left&#8220; background_repeat=&#8220;repeat&#8220; global_colors_info=&#8220;{}&#8220;][et_pb_column type=&#8220;3_4&#8243; _builder_version=&#8220;4.16&#8243; custom_padding=&#8220;|||&#8220; global_colors_info=&#8220;{}&#8220; custom_padding__hover=&#8220;|||&#8220;][et_pb_breadcrumbs _builder_version=&#8220;4.10.3&#8243; _module_preset=&#8220;default&#8220; global_colors_info=&#8220;{}&#8220;][\/et_pb_breadcrumbs][et_pb_text module_class=&#8220;podtytuly&#8220; _builder_version=&#8220;4.23.1&#8243; global_colors_info=&#8220;{}&#8220;]<\/p>\n<h1>Vakuumofen mit Hochdruckgasabschreckung &#8211; Vector HPGQ<\/h1>\n<p>Vector ist ein <strong>Einkammer-Vakuumofen<\/strong> mit Gasabschreckung, der f\u00fcr eine Vielzahl von W\u00e4rmebehandlungsprozessen und -anwendungen eingesetzt werden kann.\u00a0 Er\u00a0bietet wichtige Funktionen zur Erzeugung einer hohen Gleichm\u00e4\u00dfigkeit bei w\u00e4rmebehandelten Teilen, einer hohen Konsistenz der Auslastung und hohen Geschwindigkeiten bei der Batch-Verarbeitung mit geringem Verbrauch von Energie und Prozessgasen.<\/p>\n<p>Vector <strong>Hochdruckgasabschreck\u00f6fen<\/strong> sind die ideale L\u00f6sung f\u00fcr die W\u00e4rmebehandlung. Vector ist ein Vakuumofen mit runder Graphit-Hei\u00dfzone. Diese \u00d6fen k\u00f6nnen f\u00fcr die meisten g\u00e4ngigen H\u00e4rtungs-, Anlass-, Gl\u00fch-, L\u00f6sungsw\u00e4rmebehandlungs-, L\u00f6t- und Sinterverfahren verwendet werden. Dar\u00fcber hinaus k\u00f6nnen sie mit den optionalen patentierten Vakuumaufkohlen-Technologien von SECO\/WARWICK (FineCarb) und Prenitrieren (PreNit) eingesetzt werden, und das SimVac-Prozesssimulationspaket ist kostenlos enthalten. Mit Hunderten von weltweit installierten Systemen haben die Hochdruckabschreck\u00f6fen von SECO\/WARWICK ihre Leistungsf\u00e4higkeit unter Beweis gestellt.<\/p>\n<p>[\/et_pb_text][et_pb_tabs module_class=&#8220;red-tabs eco-tab6&#8243; _builder_version=&#8220;4.23.1&#8243; custom_css_main_element=&#8220;margin-top: 2rem;||margin-bottom: 2rem;&#8220; global_colors_info=&#8220;{}&#8220;][et_pb_tab title=&#8220;\u00dcberblick&#8220; _builder_version=&#8220;4.23.1&#8243; global_colors_info=&#8220;{}&#8220;]<\/p>\n<p>Vector ist ein <strong>horizontaler Einkammer-Vakuumofen<\/strong>, der den Industriestandards f\u00fcr W\u00e4rmebehandlungsanlagen entspricht und viele hunderte Einheiten weltweit verkauft hat. Er\u00a0verf\u00fcgt \u00fcber eine Vielzahl von Optionen und Zubeh\u00f6rteilen zur Ausf\u00fchrung einer Vielzahl von Funktionen f\u00fcr W\u00e4rmebehandler und kann f\u00fcr spezielle Funktionen angepasst werden.<\/p>\n<p>[\/et_pb_tab][et_pb_tab title=&#8220;Eigenschaften&#8220; _builder_version=&#8220;4.23.1&#8243; global_colors_info=&#8220;{}&#8220;]<\/p>\n<h2>Eigenschaften:<\/h2>\n<p><strong><span style=\"color: #e31300;\">\/\u00a0<\/span><\/strong>Horizontale Standardkapazit\u00e4t von 200 bis 2.500 kg und mehr<br \/><strong><span style=\"color: #e31300;\">\/\u00a0<\/span><\/strong>Standardm\u00e4\u00dfige vertikale Kapazit\u00e4t: 1.500 kg und 2.000 kg<br \/><strong><span style=\"color: #e31300;\">\/\u00a0<\/span><\/strong>Graphit- oder Metall-Hei\u00dfzone mit maximalem Vakuum von 10<sup>-2<\/sup> bis 10<sup>-5<\/sup>\/10<sup>-6<\/sup> mbar<br \/><strong><span style=\"color: #e31300;\">\/\u00a0<\/span><\/strong>Abschreckdruck: von 2 bis 25 bar<br \/><strong><span style=\"color: #e31300;\">\/\u00a0<\/span><\/strong>Abschreckgase: N<sub>2<\/sub>, Ar, He, H<sub>2<br \/><\/sub><strong><span style=\"color: #e31300;\">\/\u00a0<\/span><\/strong>Die besten Betriebsmerkmale, einschlie\u00dflich der gleichm\u00e4\u00dfigen Erw\u00e4rmung und Abschreckung, H\u00e4rtungsf\u00e4higkeit f\u00fcr eine Vielzahl von Materialien und Querschnitten.<br \/><strong><span style=\"color: #e31300;\">\/\u00a0<\/span><\/strong>ConFlap-System zur Unterst\u00fctzung der Konvektionsheizung<br \/><strong><span style=\"color: #e31300;\">\/\u00a0<\/span><\/strong>Optionale Ausr\u00fcstung f\u00fcr die Vakuumaufkohlungstechnik: FineCarb \/ PreNitLPC und Vakuum-Nitrieren LPN<br \/><strong><span style=\"color: #e31300;\">\/\u00a0<\/span><\/strong>Computergesteuertes System, bedienerfreundlich<br \/><strong><span style=\"color: #e31300;\">\/\u00a0<\/span><\/strong>AMS2750 Spezifikationsbereitschaft<\/p>\n<h2>Ofenoptionen:<\/h2>\n<p><strong><span style=\"color: #e31300;\">\/\u00a0<\/span><\/strong>Vertikale Ausrichtung<br \/><strong><span style=\"color: #e31300;\">\/\u00a0<\/span><\/strong>Graphit- oder Metall-Hei\u00dfzone<br \/><strong><span style=\"color: #e31300;\">\/\u00a0<\/span><\/strong>Verbesserte Temperaturgleichm\u00e4\u00dfigkeit<br \/><strong><span style=\"color: #e31300;\">\/\u00a0<\/span><\/strong>Mehrzonen-Temperaturregelung<br \/><strong><span style=\"color: #e31300;\">\/\u00a0<\/span><\/strong>Anschluss und Steuerung von Ladung und Thermoelemente<br \/><strong><span style=\"color: #e31300;\">\/\u00a0<\/span><\/strong>Hochtemperaturbetrieb<br \/><strong><span style=\"color: #e31300;\">\/\u00a0<\/span><\/strong>Hochvakuum oder Ultrahochvakuum<br \/><strong><span style=\"color: #e31300;\">\/\u00a0<\/span><\/strong>Niedrig- und Tieftemperaturfalle<br \/><strong><span style=\"color: #e31300;\">\/\u00a0<\/span><\/strong>Teildruckregelung<br \/><strong><span style=\"color: #e31300;\">\/\u00a0<\/span><\/strong>K\u00fchlgasdurchflussrichtung<\/p>\n<p>[\/et_pb_tab][et_pb_tab title=&#8220;Vorteile&#8220; _builder_version=&#8220;4.23.1&#8243; global_colors_info=&#8220;{}&#8220;]<\/p>\n<p><span style=\"color: #e31300;\"><strong>\/\u00a0<\/strong><\/span>Breites Spektrum an W\u00e4rmebehandlungsverfahren und -anwendungen<br \/><span style=\"color: #e31300;\"><strong>\/\u00a0<\/strong><\/span>Hochgeschwindigkeitszyklen mit Hochdruck-Gasabschreckung<br \/><span style=\"color: #e31300;\"><strong>\/\u00a0<\/strong><\/span>Geringer Verbrauch von Energie, Prozessgasen und anderen Betriebsmitteln<br \/><span style=\"color: #e31300;\"><strong>\/\u00a0<\/strong><\/span>Umweltfreundlich mit geringen Emissionen von Prozessgasen<br \/><span style=\"color: #e31300;\"><strong>\/\u00a0<\/strong><\/span>Einfacher Aufbau, modular, angepasst an Aufgaben und Anlagenbedingungen<br \/><span style=\"color: #e31300;\"><strong>\/\u00a0<\/strong><\/span>Garantierte Qualit\u00e4t und reproduzierbare Prozessergebnisse<br \/><span style=\"color: #e31300;\"><strong>\/\u00a0<\/strong><\/span>Pr\u00e4diktive Wartung<br \/><span style=\"color: #e31300;\"><strong>\/\u00a0<\/strong><\/span>Fernsteuerung und -\u00fcberwachung<br \/><span style=\"color: #e31300;\"><strong>\/\u00a0<\/strong><\/span>Schnelle Lieferung und einfache Installation<br \/><span style=\"color: #e31300;\"><strong>\/\u00a0<\/strong><\/span>Anpassbar<\/p>\n<p>[\/et_pb_tab][et_pb_tab title=&#8220;Prozesse&#8220; _builder_version=&#8220;4.23.1&#8243; global_colors_info=&#8220;{}&#8220;]<\/p>\n<p><span style=\"color: #e31300;\"><strong>\/<\/strong><\/span> Gl\u00fchen<br \/><span style=\"color: #e31300;\"><strong>\/<\/strong><\/span> L\u00f6ten<br \/><span style=\"color: #e31300;\"><strong>\/<\/strong><\/span> H\u00e4rten<br \/><span style=\"color: #e31300;\"><strong>\/<\/strong><\/span> Niederdruckaufkohlen &amp;Niederdrucknitrieren (LPC &amp; LPN)<br \/><span style=\"color: #e31300;\"><strong>\/<\/strong><\/span> Normalisieren<br \/><span style=\"color: #e31300;\"><strong>\/<\/strong><\/span> L\u00f6sungsw\u00e4rmebehandlung<br \/><span style=\"color: #e31300;\"><strong>\/<\/strong><\/span> Sintern<br \/><span style=\"color: #e31300;\"><strong>\/<\/strong><\/span> Anlassen<\/p>\n<p>[\/et_pb_tab][et_pb_tab title=&#8220;Industrien&#8220; _builder_version=&#8220;4.23.1&#8243; global_colors_info=&#8220;{}&#8220;]<\/p>\n<p><span style=\"color: #e31300;\"><strong>\/<\/strong><\/span> Luftfahrtindustrie<br \/><span style=\"color: #e31300;\"><strong>\/<\/strong><\/span>\u00a0<span style=\"font-family: inherit; font-size: inherit;\">Automobilindustrie<br \/><span style=\"color: #e31300;\"><strong>\/<\/strong><\/span> <\/span><span style=\"font-family: inherit; font-size: inherit;\">Maschinenbau<span style=\"color: #e31300;\"><strong><br \/><\/strong><\/span><span style=\"color: #e31300;\"><strong>\/<\/strong><\/span> <\/span><span style=\"font-family: inherit; font-size: inherit;\">Werkzeugindustrie<br \/><span style=\"color: #e31300;\"><strong>\/<\/strong><\/span> <\/span><span style=\"font-family: inherit; font-size: inherit;\">Energiewirtschaft<br \/><span style=\"color: #e31300;\"><strong>\/<\/strong><\/span> <\/span><span style=\"font-family: inherit; font-size: inherit;\">Medizin<br \/><span style=\"color: #e31300;\"><strong>\/<\/strong><\/span> <\/span><span style=\"font-family: inherit; font-size: inherit;\">Atomindustrie<br \/><span style=\"color: #e31300;\"><strong>\/<\/strong><\/span> <\/span><span style=\"font-family: inherit; font-size: inherit;\">Elektronik<br \/><span style=\"color: #e31300;\"><strong>\/\u00a0<\/strong><\/span><\/span><span style=\"font-family: inherit; font-size: inherit;\">Metallurgie<br \/><span style=\"color: #e31300;\"><strong>\/<\/strong><\/span> <\/span><span style=\"font-family: inherit; font-size: inherit;\">Gewerbliche W\u00e4rmebehandlung<br \/><span style=\"color: #e31300;\"><strong>\/<\/strong><\/span> <\/span><span style=\"font-family: inherit; font-size: inherit;\">Spezialanwendungen<\/span><\/p>\n<p>[\/et_pb_tab][et_pb_tab title=&#8220;Materialen&#8220; _builder_version=&#8220;4.23.1&#8243; global_colors_info=&#8220;{}&#8220;]<\/p>\n<p><span style=\"color: #e31300;\"><strong>\/<\/strong><\/span> Werkzeugst\u00e4hle<br \/><span style=\"color: #e31300;\"><strong>\/\u00a0<\/strong><\/span><span style=\"font-family: inherit; font-size: inherit;\">Aufkohlungsst\u00e4hle<br \/><span style=\"color: #e31300;\"><strong>\/<\/strong><\/span> <\/span><span style=\"font-family: inherit; font-size: inherit;\">Hochfester<br \/><span style=\"color: #e31300;\"><strong>\/\u00a0<\/strong><\/span>Niedrig legierter Stahl<br \/><span style=\"color: #e31300;\"><strong>\/<\/strong><\/span> <\/span><span style=\"font-family: inherit; font-size: inherit;\">Legierte St\u00e4hle, <\/span><span style=\"font-family: inherit; font-size: inherit;\">Rostfreie St\u00e4hle<br \/><span style=\"color: #e31300;\"><strong>\/<\/strong><\/span> <\/span><span style=\"font-family: inherit; font-size: inherit;\">Legierungen und Superlegierungen<br \/><span style=\"color: #e31300;\"><strong>\/\u00a0<\/strong><\/span><\/span><span style=\"font-family: inherit; font-size: inherit;\">Titan und Titanlegierungen<\/span><\/p>\n<p>[\/et_pb_tab][et_pb_tab title=&#8220; &#8220; _builder_version=&#8220;4.23.1&#8243; _module_preset=&#8220;default&#8220; global_colors_info=&#8220;{}&#8220;]<\/p>\n<p><strong><span style=\"color: #dc291e;\">\/ <\/span><\/strong>Vakuum als Schutz- und Prozessatmosph\u00e4re eliminiert den Bedarf f\u00fcr die Anwendung der sch\u00e4dlichen Prozessgase und deren Aussto\u00df in&nbsp;die Umwelt<br \/><strong><span style=\"color: #dc291e;\">\/ <\/span><\/strong>Keine CO2-Emissionen, kein Einsatz fossiler Brennstoffe<br \/><strong><span style=\"color: #dc291e;\">\/ <\/span><\/strong>Verwendung des umweltneutralen K\u00fchlgases (Stickstoff, Argon), das aus der Luft gewonnen und in&nbsp;die Luft abgegeben wird<br \/><strong><span style=\"color: #dc291e;\">\/ <\/span><\/strong>Verbesserte W\u00e4rmed\u00e4mmung spart Strom (ca. 20%)<br \/><strong><span style=\"color: #dc291e;\">\/ <\/span><\/strong>Hohe Energieeffizienz der verwendeten elektrischen Bauelementen (Elektromotoren gem\u00e4\u00df Leistungsklasse IE3, Wechselrichtersteuerung, usw.)<br \/><strong><span style=\"color: #dc291e;\">\/ <\/span><\/strong>Einsatz von Systemen und Algorithmen, die den Verbrauch von Energie und Prozessfaktoren reduzieren (Pumpen-, Heiz- und K\u00fchlsystem)<br \/><strong><span style=\"color: #dc291e;\">\/ <\/span><\/strong>Keine Schadstoffemissionen<br \/><strong><span style=\"color: #dc291e;\">\/ <\/span><\/strong>Verringerung der H\u00e4rteverformungen und der Hartbearbeitungskosten (hard machining)<br \/><strong><span style=\"color: #dc291e;\">\/ <\/span><\/strong>Eliminierung der Teilereinigung nach der W\u00e4rmebehandlung.<\/p>\n<p>[\/et_pb_tab][\/et_pb_tabs][et_pb_code admin_label=&#8220;crm-rfq-de&#8220; _builder_version=&#8220;4.10.3&#8243; _module_preset=&#8220;default&#8220; global_module=&#8220;123766&#8243; global_colors_info=&#8220;{}&#8220;]<!-- [et_pb_line_break_holder] --><pee style=\"text-align: center;\"><a class=\"small-button smallred\" style=\"font-size: 20px; padding: 20px 60px;\" href=\"https:\/\/www.secowarwick.com\/de\/fordern-sie-hier-ihr-angebot-an\/\"><span style=\"display: block; transform: skew(15deg,0deg); -webkit-transform: skew(15deg,0deg); font-size: 20px; !important\">UM EIN ANGEBOT BITTEN<\/span><\/a><\/pee>[\/et_pb_code][\/et_pb_column][et_pb_column type=&#8220;1_4&#8243; _builder_version=&#8220;4.16&#8243; custom_padding=&#8220;|||&#8220; global_colors_info=&#8220;{}&#8220; custom_padding__hover=&#8220;|||&#8220;][et_pb_gallery gallery_ids=&#8220;81630,81623,81585,81593,81602,81616,81564,81571,75681,64659,74202&#8243; posts_number=&#8220;1&#8243; show_title_and_caption=&#8220;off&#8220; show_pagination=&#8220;off&#8220; zoom_icon_color=&#8220;#e2001a&#8220; module_class=&#8220;seco-products-gallery-new&#8220; _builder_version=&#8220;4.16&#8243; custom_css_overlay_icon=&#8220;content:&#8217;GALERIE ANSEHEN&#8216; !important;&#8220; global_colors_info=&#8220;{}&#8220;][\/et_pb_gallery][et_pb_text admin_label=&#8220;btn_de_premiumlibrary&#8220; module_class=&#8220;premium-library-button&#8220; _builder_version=&#8220;4.23.1&#8243; _module_preset=&#8220;default&#8220; text_orientation=&#8220;center&#8220; global_module=&#8220;157246&#8243; global_colors_info=&#8220;{}&#8220;]<\/p>\n<a href='https:\/\/www.secowarwick.com\/de\/premiuminhalte\/' class='small-button smallred'><span>PREMIUMINHALTE<\/span><\/a>\n<p>[\/et_pb_text][et_pb_text admin_label=&#8220;R&#038;D de&#8220; module_class=&#8220;product_widget_wrap_rd&#8220; _builder_version=&#8220;4.23.1&#8243; _module_preset=&#8220;default&#8220; text_orientation=&#8220;center&#8220; global_module=&#8220;167836&#8243; saved_tabs=&#8220;all&#8220; locked=&#8220;off&#8220; global_colors_info=&#8220;{}&#8220;]<\/p>\n<p><a href=\"https:\/\/www.secowarwick.com\/de\/rd\/\"><span class=\"product_wigtet_name\">R&amp;D<\/span><\/a><\/p>\n<p>[\/et_pb_text][et_pb_text admin_label=&#8220;AUTOMATYKA de&#8220; module_class=&#8220;product_widget_wrap_automation&#8220; _builder_version=&#8220;4.23.1&#8243; _module_preset=&#8220;default&#8220; global_module=&#8220;167905&#8243; saved_tabs=&#8220;all&#8220; locked=&#8220;off&#8220; global_colors_info=&#8220;{}&#8220;]<\/p>\n<p><a href=\"https:\/\/www.secowarwick.com\/de\/service\/automatisierung\/\"><span class=\"product_wigtet_name\">AUTOMATISIERUNG<\/span><\/a><\/p>\n<p>[\/et_pb_text][et_pb_text admin_label=&#8220;SERVICE de&#8220; module_class=&#8220;product_widget_wrap_service&#8220; _builder_version=&#8220;4.23.1&#8243; _module_preset=&#8220;default&#8220; global_module=&#8220;167860&#8243; saved_tabs=&#8220;all&#8220; locked=&#8220;off&#8220; global_colors_info=&#8220;{}&#8220;]<\/p>\n<p><a href=\"https:\/\/www.secowarwick.com\/de\/professionelle-service-dienstleistungen\/\"><span class=\"product_wigtet_name\">SERVICE<\/span><\/a><\/p>\n<p>[\/et_pb_text][et_pb_text admin_label=&#8220;SUPLEMENTALS de&#8220; module_class=&#8220;product_widget_wrap_supleme&#8220; _builder_version=&#8220;4.23.1&#8243; _module_preset=&#8220;default&#8220; global_module=&#8220;167915&#8243; saved_tabs=&#8220;all&#8220; locked=&#8220;off&#8220; global_colors_info=&#8220;{}&#8220;]<\/p>\n<p><span class=\"product_wigtet_name\">ZUSATZSTOFFE:<\/span><\/p>\n<p>[\/et_pb_text][et_pb_text admin_label=&#8220;Product brochure&#8220; module_class=&#8220;suplementals_product_brochure suplementals_wrap&#8220; _builder_version=&#8220;4.23.1&#8243; _module_preset=&#8220;default&#8220; hover_enabled=&#8220;0&#8243; locked=&#8220;off&#8220; global_colors_info=&#8220;{}&#8220; sticky_enabled=&#8220;0&#8243;]<\/p>\n<p><a href=\"https:\/\/www.secowarwick.com\/wp-content\/uploads\/2026\/01\/VAC-VECTOR-WWW.pdf\" target=\"_blank\" rel=\"noopener\">Produktbrosch\u00fcre<\/a><\/p>\n<p>[\/et_pb_text][et_pb_text admin_label=&#8220;Product catalogue de&#8220; module_class=&#8220;suplementals_product_catalogue suplementals_wrap&#8220; _builder_version=&#8220;4.23.1&#8243; _module_preset=&#8220;default&#8220; global_module=&#8220;169659&#8243; saved_tabs=&#8220;all&#8220; locked=&#8220;off&#8220; global_colors_info=&#8220;{}&#8220;]<\/p>\n<p><a href=\"https:\/\/www.secowarwick.com\/wp-content\/uploads\/2025\/11\/VAC-VACUUM-FURNACE-WWW.pdf\" target=\"_blank\" rel=\"noopener\">Produktkatalog<\/a><\/p>\n<p>[\/et_pb_text][et_pb_text admin_label=&#8220;Product movie playlista de&#8220; module_class=&#8220;suplementals_product_movie suplementals_wrap&#8220; _builder_version=&#8220;4.23.1&#8243; _module_preset=&#8220;default&#8220; global_module=&#8220;169661&#8243; saved_tabs=&#8220;all&#8220; locked=&#8220;off&#8220; global_colors_info=&#8220;{}&#8220;]<\/p>\n<p><a href=\"https:\/\/www.youtube.com\/playlist?list=PLa0hhW_hoQqEsIHM5LQtr9h_9UlwGFBO8\" target=\"_blank\" rel=\"noopener\">Produktvideo<\/a><\/p>\n<p>[\/et_pb_text][et_pb_text admin_label=&#8220;Product infographic&#8220; module_class=&#8220;suplementals_product_infographic suplementals_wrap&#8220; _builder_version=&#8220;4.23.1&#8243; _module_preset=&#8220;default&#8220; locked=&#8220;off&#8220; global_colors_info=&#8220;{}&#8220;]<\/p>\n<p><a href=\"https:\/\/www.secowarwick.com\/wp-content\/uploads\/2023\/06\/VECTOR-HPGQ.jpg\" target=\"_blank\" rel=\"noopener\">Produkt-Infografik<\/a><\/p>\n<p>[\/et_pb_text][et_pb_text admin_label=&#8220;dnabook-de&#8220; module_class=&#8220;suplementals_product_dna suplementals_wrap&#8220; _builder_version=&#8220;4.23.1&#8243; _module_preset=&#8220;default&#8220; global_module=&#8220;167874&#8243; saved_tabs=&#8220;all&#8220; locked=&#8220;off&#8220; global_colors_info=&#8220;{}&#8220;]<\/p>\n<p><a href=\"https:\/\/www.secowarwick.com\/wp-content\/uploads\/2025\/07\/DNA_BOOK.pdf\" target=\"_blank\" rel=\"noopener\">DNA\/BOOK<\/a><\/p>\n<p>[\/et_pb_text][et_pb_text admin_label=&#8220;ECO\/BOOK-de&#8220; module_class=&#8220;suplementals_product_eco suplementals_wrap&#8220; _builder_version=&#8220;4.23.1&#8243; _module_preset=&#8220;default&#8220; global_module=&#8220;167797&#8243; locked=&#8220;off&#8220; global_colors_info=&#8220;{}&#8220;]<\/p>\n<p><a href=\"https:\/\/www.secowarwick.com\/wp-content\/uploads\/2023\/06\/ECOBOOK.pdf\" target=\"_blank\" rel=\"noopener\">ECO\/BOOK<\/a><\/p>\n<p>[\/et_pb_text][et_pb_text admin_label=&#8220;product-widget-rfq-de&#8220; module_class=&#8220;product_widget_wrap_rfq-en&#8220; _builder_version=&#8220;4.23.1&#8243; _module_preset=&#8220;default&#8220; global_module=&#8220;186250&#8243; saved_tabs=&#8220;all&#8220; locked=&#8220;off&#8220; global_colors_info=&#8220;{}&#8220;]<\/p>\n<p style=\"text-align: center;\"><a class=\"small-button smallred rfq-gtm-product-widget\" href=\"https:\/\/www.secowarwick.com\/de\/fordern-sie-hier-ihr-angebot-an\/\"><span class=\"product_wigtet_name\">FRAGE NACH MEHR<\/span><\/a><\/p>\n<p>[\/et_pb_text][\/et_pb_column][\/et_pb_row][\/et_pb_section]<\/p>\n","protected":false},"excerpt":{"rendered":"<p>[et_pb_breadcrumbs _builder_version=&#8220;4.10.3&#8243; _module_preset=&#8220;default&#8220; global_colors_info=&#8220;{}&#8220;][\/et_pb_breadcrumbs]Vakuumofen mit Hochdruckgasabschreckung &#8211; Vector HPGQ Vector ist ein Einkammer-Vakuumofen mit Gasabschreckung, der f\u00fcr eine Vielzahl von W\u00e4rmebehandlungsprozessen und -anwendungen eingesetzt werden kann.\u00a0 Er\u00a0bietet wichtige Funktionen zur Erzeugung einer hohen Gleichm\u00e4\u00dfigkeit bei w\u00e4rmebehandelten Teilen, einer hohen Konsistenz der Auslastung und hohen Geschwindigkeiten bei der Batch-Verarbeitung mit geringem Verbrauch von Energie und Prozessgasen. [&hellip;]<\/p>\n","protected":false},"author":2,"featured_media":86556,"parent":7218,"menu_order":0,"comment_status":"closed","ping_status":"closed","template":"","meta":{"_acf_changed":false,"_et_pb_use_builder":"on","_et_pb_old_content":"","_et_gb_content_width":"","footnotes":""},"class_list":["post-81090","page","type-page","status-publish","has-post-thumbnail"],"acf":[],"_links":{"self":[{"href":"https:\/\/www.secowarwick.com\/de\/wp-json\/wp\/v2\/pages\/81090","targetHints":{"allow":["GET"]}}],"collection":[{"href":"https:\/\/www.secowarwick.com\/de\/wp-json\/wp\/v2\/pages"}],"about":[{"href":"https:\/\/www.secowarwick.com\/de\/wp-json\/wp\/v2\/types\/page"}],"author":[{"embeddable":true,"href":"https:\/\/www.secowarwick.com\/de\/wp-json\/wp\/v2\/users\/2"}],"replies":[{"embeddable":true,"href":"https:\/\/www.secowarwick.com\/de\/wp-json\/wp\/v2\/comments?post=81090"}],"version-history":[{"count":16,"href":"https:\/\/www.secowarwick.com\/de\/wp-json\/wp\/v2\/pages\/81090\/revisions"}],"predecessor-version":[{"id":188860,"href":"https:\/\/www.secowarwick.com\/de\/wp-json\/wp\/v2\/pages\/81090\/revisions\/188860"}],"up":[{"embeddable":true,"href":"https:\/\/www.secowarwick.com\/de\/wp-json\/wp\/v2\/pages\/7218"}],"wp:featuredmedia":[{"embeddable":true,"href":"https:\/\/www.secowarwick.com\/de\/wp-json\/wp\/v2\/media\/86556"}],"wp:attachment":[{"href":"https:\/\/www.secowarwick.com\/de\/wp-json\/wp\/v2\/media?parent=81090"}],"curies":[{"name":"wp","href":"https:\/\/api.w.org\/{rel}","templated":true}]}}