{"id":81259,"date":"2019-06-25T07:42:44","date_gmt":"2019-06-25T05:42:44","guid":{"rendered":"http:\/\/www.secowarwick.com\/casemaster-evolution-t\/"},"modified":"2025-10-30T15:04:08","modified_gmt":"2025-10-30T14:04:08","slug":"casemaster-evolution-t","status":"publish","type":"page","link":"https:\/\/www.secowarwick.com\/de\/produkte\/vakuum-anlagen\/casemaster-evolution-t\/","title":{"rendered":"Dreikammer-Vakuumofen zum Niederdruckkohlen (LPC) und Hochdruckgasabschreckung im halbkontinuierlichen Produktionsmodus &#8211; CaseMaster Evolution T"},"content":{"rendered":"<p>[et_pb_section fb_built=&#8220;1&#8243; _builder_version=&#8220;4.16&#8243; global_colors_info=&#8220;{}&#8220;][et_pb_row _builder_version=&#8220;4.16&#8243; background_size=&#8220;initial&#8220; background_position=&#8220;top_left&#8220; background_repeat=&#8220;repeat&#8220; global_colors_info=&#8220;{}&#8220;][et_pb_column type=&#8220;4_4&#8243; _builder_version=&#8220;4.16&#8243; custom_padding=&#8220;|||&#8220; global_colors_info=&#8220;{}&#8220; custom_padding__hover=&#8220;|||&#8220;][et_pb_image src=&#8220;https:\/\/www.secowarwick.com\/wp-content\/uploads\/2019\/11\/slider-CaseMaster-Evolution-T.jpg&#8220; alt=&#8220;Dreikammer-Vakuumofen sind zum Niederdruckkohlen (LPC) und Hochdruckgasabschreckung im halbkontinuierlichen Produktionsmodus &#8211; CaseMaster Evolution\u00ae T&#8220; title_text=&#8220;Dreikammer-Vakuumofen sind zum Niederdruckkohlen (LPC) und Hochdruckgasabschreckung im halbkontinuierlichen Produktionsmodus &#8211; CaseMaster Evolution\u00ae T&#8220; align_tablet=&#8220;center&#8220; align_phone=&#8220;&#8220; align_last_edited=&#8220;on|desktop&#8220; _builder_version=&#8220;4.16&#8243; global_colors_info=&#8220;{}&#8220;][\/et_pb_image][\/et_pb_column][\/et_pb_row][\/et_pb_section][et_pb_section fb_built=&#8220;1&#8243; admin_label=&#8220;section&#8220; _builder_version=&#8220;4.16&#8243; custom_padding=&#8220;25px|||&#8220; transparent_background=&#8220;off&#8220; make_fullwidth=&#8220;off&#8220; use_custom_width=&#8220;off&#8220; width_unit=&#8220;on&#8220; global_colors_info=&#8220;{}&#8220;][et_pb_row column_structure=&#8220;3_4,1_4&#8243; admin_label=&#8220;row&#8220; _builder_version=&#8220;4.16&#8243; background_size=&#8220;initial&#8220; background_position=&#8220;top_left&#8220; background_repeat=&#8220;repeat&#8220; custom_margin=&#8220;0px|||&#8220; custom_padding=&#8220;0px|||&#8220; make_fullwidth=&#8220;off&#8220; use_custom_width=&#8220;off&#8220; width_unit=&#8220;on&#8220; global_colors_info=&#8220;{}&#8220;][et_pb_column type=&#8220;3_4&#8243; _builder_version=&#8220;4.16&#8243; custom_padding=&#8220;|||&#8220; global_colors_info=&#8220;{}&#8220; custom_padding__hover=&#8220;|||&#8220;][et_pb_breadcrumbs _builder_version=&#8220;3.6&#8243; global_colors_info=&#8220;{}&#8220;][\/et_pb_breadcrumbs][et_pb_text module_class=&#8220;podtytuly&#8220; _builder_version=&#8220;4.23.1&#8243; custom_margin=&#8220;45px|||&#8220; global_colors_info=&#8220;{}&#8220;]<\/p>\n<h1>Dreikammer-Vakuumofen zum Niederdruckkohlen (LPC) und Hochdruckgasabschreckung im&nbsp;halbkontinuierlichen Produktionsmodus &#8211; CaseMaster Evolution T<\/h1>\n<div>\n<h2>Kosteneffizientes Oberfl\u00e4chenh\u00e4rten durch Niederdruckkohlen (LPC) und Hochdruckgasabschreckung in&nbsp;einem Dreikammer-Vakuumofen.<\/h2>\n<\/div>\n<p><span lang=\"de-DE\">Der CaseMaster Evolution T ersetzt die heute herk\u00f6mmlichen halbkontinuierlichen Prozesse unter einer Schutzatmosph\u00e4re und anschlie\u00dfender <strong>\u00d6labschreckung<\/strong> f\u00fcr eine echte <a href=\"https:\/\/www.secowarwick.com\/de\/produkte\/vakuum-anlagen\/\">Vakuumw\u00e4rmebehandlung<\/a> mit dem <strong>Niederdruckaufkohlen<\/strong> und <strong>Stickstoffgasabschreckung<\/strong>, was zu einer pr\u00e4zisen und reproduzierbaren Arbeit f\u00fchrt und die Anpassung an die modernen Industrieanforderungen erm\u00f6glicht.<\/span><\/p>\n<p align=\"justify\"><span lang=\"de-DE\">Der CaseMaster Evolution T ist ein <strong>Dreikammer-Vakuumofen<\/strong>, der f\u00fcr die Hochvolumen-Einsatzh\u00e4rtung auf Grund des <strong>Niederdruckaufkohlens <\/strong>(LPC) und <\/span>Hochdruckgasabschreckung <span lang=\"de-DE\">im\u00a0<strong>halbkontinuierlichen Produktionsmodus<\/strong> vorgesehen ist. Die Anlage besteht aus drei getrennten, funktionalen Kammern: Belade- und Vorw\u00e4rmkammer, Prozesskammer (LPC), Gasabschreck- und Entladekammer.<\/span><\/p>\n<p align=\"justify\"><span lang=\"de-DE\">Er\u00a0ist f\u00fcr die W\u00e4rmebehandlung von verschiedenen Bauteilen und Stahlsorten bestimmt, die \u00fcblicherweise in\u00a0traditionellen Anlagen durchgef\u00fchrt werden. Der Dreikammerofen bietet eine qualitativ hochwertige Vakuum- und Gasabschreckung sowie einen hohen Durchsatz.<\/span><\/p>\n<p>[\/et_pb_text][et_pb_tabs module_class=&#8220;red-tabs eco-tab6&#8243; _builder_version=&#8220;4.23.1&#8243; custom_css_main_element=&#8220;margin-top: 2rem;||margin-bottom: 2rem;&#8220; global_colors_info=&#8220;{}&#8220;][et_pb_tab title=&#8220;\u00dcberblick&#8220; _builder_version=&#8220;4.23.1&#8243; global_colors_info=&#8220;{}&#8220;]<\/p>\n<p align=\"justify\"><span lang=\"de-DE\">Der CaseMaster Evolution T ist eine moderne und vern\u00fcnftige Alternative zu den traditionellen Vorrichtungen mit einer echten Vakuumw\u00e4rmebehandlung, die den Anforderungen der modernen Industrie gerecht wird.<\/span><\/p>\n<p align=\"justify\"><span lang=\"de-DE\">Im\u00a0Gegensatz zu Zwei- und Einkammer\u00f6fen gelangen die Ladungen beim Dreikammerofen im\u00a0halbkontinuierlichen Modus einzeln durch die nachfolgenden Kammern. Gleichzeitig befinden sich im\u00a0Ofen drei Chargen (je\u00a0eine in\u00a0jeder Kammer) und der Arbeitszyklus des Ofens wird durch den l\u00e4ngsten Zyklus in\u00a0einer der Kammern (meist in\u00a0der Prozesskammer) bestimmt. Im\u00a0Vergleich zu den Doppelkammer\u00f6fen k\u00f6nnen die Dreikammer\u00f6fen sogar den doppelten Durchsatz erreichen.<\/span><\/p>\n<p align=\"justify\"><span lang=\"de-DE\">Der CaseMaster Evolution T kann die klassischen abgedichteten Abschreck\u00f6fen und Anlagen f\u00fcr die Hochvolumenproduktion wie Schub-, Rollen- oder Dreh\u00f6fen ersetzen. Er\u00a0zeichnet sich durch eine deutliche Optimierung der Qualit\u00e4t der Prozessergebnisse, Kapazit\u00e4t und der Produktionsflexibilit\u00e4t sowie durch das kompakte System aus. Die erzielten technologischen Ergebnisse \u00fcbertreffen die traditionellen technologischen Errungenschaften in\u00a0puncto Genauigkeit, Gleichm\u00e4\u00dfigkeit und Wiederholbarkeit der geh\u00e4rteten Schichtformung erheblich und beseitigen das IGO-Problem.<\/span><\/p>\n<p align=\"justify\"><span lang=\"de-DE\">Der Ofen kann direkt in\u00a0Produktionshallen installiert werden (kein abgetrennter Bereich notwendig) und er\u00a0ist sicherheitstechnisch und \u00f6kologisch unbedenklich. Die Leistung des Einzelofens kann sogar bis zu 200 kg\/h erreichen und durch den Einsatz von mehreren \u00d6fen vervielfacht werden. Eine Vielzahl von \u00d6fen kann leicht durch ein vollautomatisches Be- und Entladesystem in\u00a0der sp\u00e4teren Entwicklungsphase erg\u00e4nzt werden, wenn es\u00a0notwendig ist.<\/span><\/p>\n<p align=\"justify\"><span lang=\"de-DE\">Die direkten Kosten dieses Prozesses liegen im\u00a0Bereich der herk\u00f6mmlichen Prozesskosten.<\/span><\/p>\n<p align=\"justify\"><span lang=\"de-DE\">Der CMe T-Ofen ist auch eine ansprechende Alternative f\u00fcr modulare Vakuumsysteme der Massenproduktion. Die Vorteile liegen in\u00a0den anf\u00e4nglichen Kapitalkosten sowie in\u00a0seiner operativen Unabh\u00e4ngigkeit und Flexibilit\u00e4t.<\/span><\/p>\n<p>[\/et_pb_tab][et_pb_tab title=&#8220;Funktionen&#8220; _builder_version=&#8220;4.23.1&#8243; global_colors_info=&#8220;{}&#8220;]<\/p>\n<p><span lang=\"de-DE\"><strong><span style=\"color: #dc291e;\">\/<\/span><\/strong>\u00a0Modernes System zum Einsatzh\u00e4rten, speziell f\u00fcr die Getriebe-, Maschinen- und Lagerindustrie entwickelt<\/span><br \/><span lang=\"de-DE\"><strong><span style=\"color: #dc291e;\">\/<\/span><\/strong> Gew\u00f6hnliche St\u00e4hle zum Einsatz- und Durchh\u00e4rten<\/span><br \/><span lang=\"de-DE\"><strong><span style=\"color: #dc291e;\">\/<\/span><\/strong> Arbeitsbereichgr\u00f6\u00dfe -610x750x1000 mm (BxHxL)<\/span><br \/><span lang=\"de-DE\"><strong><span style=\"color: #dc291e;\">\/<\/span><\/strong> Bruttomasse \u2013 1000 kg<\/span><br \/><span lang=\"de-DE\"><strong><span style=\"color: #dc291e;\">\/<\/span><\/strong> Temperatur \u2013 1250 C<\/span><br \/><span lang=\"de-DE\"><strong><span style=\"color: #dc291e;\">\/<\/span><\/strong> Gasabschrecken \u2013 25 bar (abs)<\/span><br \/><span lang=\"de-DE\"><strong><span style=\"color: #dc291e;\">\/<\/span><\/strong> Abschrecken in\u00a0einer speziell entwickelten Hochdruck-Gasabschreckkammer, die die freie \u00d6labschreckung ersetzt und zu einer hocheffizienten, gleichm\u00e4\u00dfigen K\u00fchlung f\u00fchrt<\/span><br \/><span lang=\"de-DE\"><strong><span style=\"color: #dc291e;\">\/<\/span><\/strong> In-Line-Einsatz mit anderen Produktionsanlagen<\/span><br \/><span lang=\"de-DE\"><strong><span style=\"color: #dc291e;\">\/<\/span><\/strong> Sinnvolle Alternative f\u00fcr:<br \/><\/span><span lang=\"de-DE\">\u00a0 \u00a0 \u00a0\/ Abgedichtete Abschreck\u00f6fen<br \/><\/span><span lang=\"de-DE\">\u00a0 \u00a0 \u00a0\/ Kontinuierliche atmosph\u00e4rische Anlagen<br \/><\/span><span lang=\"de-DE\">\u00a0 \u00a0 \u00a0\/ Mehrkammer-LPC-Systeme<\/span><\/p>\n<p>[\/et_pb_tab][et_pb_tab title=&#8220;Vorteile&#8220; _builder_version=&#8220;4.23.1&#8243; global_colors_info=&#8220;{}&#8220;]<\/p>\n<h2><span lang=\"de-DE\">Hohe Produktionseffizienz<\/span><\/h2>\n<p lang=\"en-US\" align=\"justify\"><span lang=\"de-DE\"><strong><span style=\"color: #dc291e;\">\/<\/span><\/strong>\u00a0Hochvolumenproduktion \u2013 halbkontinuierlich<br \/><\/span><span lang=\"de-DE\"><strong><span style=\"color: #dc291e;\">\/<\/span><\/strong> Niedrige Prozesskosten vergleichbar mit jenen der herk\u00f6mmlichen Technologie<br \/><\/span><span lang=\"de-DE\"><strong><span style=\"color: #dc291e;\">\/<\/span><\/strong> Schnelles und effizientes LPC<br \/><\/span><span lang=\"de-DE\"><strong><span style=\"color: #dc291e;\">\/<\/span><\/strong> Betriebsflexibilit\u00e4t auf Anfrage,<br \/><\/span><span lang=\"de-DE\"><strong><span style=\"color: #dc291e;\">\/<\/span><\/strong> Vollautomatischer, halbkontinuierlicher Betrieb<br \/><\/span><span lang=\"de-DE\"><strong><span style=\"color: #dc291e;\">\/<\/span><\/strong> Eigenst\u00e4ndige Konstruktion, die zur Steigerung der Produktionseffizienz frei erweiterbar (multiplizierbar) ist<br \/><\/span><span lang=\"de-DE\"><strong><span style=\"color: #dc291e;\">\/<\/span><\/strong> Einfache und schnelle Zug\u00e4nglichkeit<br \/><\/span><span lang=\"de-DE\"><strong><span style=\"color: #dc291e;\">\/<\/span><\/strong> Minimiert die Kosten f\u00fcr die End-\/Hartbearbeitung<\/span><\/p>\n<h2><span lang=\"de-DE\">Hervorragende Qualit\u00e4t<\/span><\/h2>\n<p lang=\"en-US\" align=\"justify\"><span lang=\"de-DE\"><strong><span style=\"color: #dc291e;\">\/<\/span><\/strong> Hohe Pr\u00e4zision und Ergebnissicherheit<br \/><\/span><span lang=\"de-DE\"><strong><span style=\"color: #dc291e;\">\/<\/span><\/strong> Ideale Oberfl\u00e4chenbeschaffenheit<br \/><\/span><span lang=\"de-DE\"><strong><span style=\"color: #dc291e;\">\/<\/span><\/strong> Beseitigung der Oxidation und des IGO<\/span><\/p>\n<h2><span lang=\"de-DE\">Sicherheit und Umwelt<\/span><\/h2>\n<p lang=\"en-US\"><span lang=\"de-DE\"><strong><span style=\"color: #dc291e;\">\/<\/span><\/strong> Sicher (kein Risiko f\u00fcr offene Feuer und Explosionen)<br \/><\/span><span lang=\"de-DE\"><strong><span style=\"color: #dc291e;\">\/<\/span><\/strong> Reduzierung des Energieverbrauchs<br \/><\/span><span lang=\"de-DE\"><strong><span style=\"color: #dc291e;\">\/<\/span><\/strong> Geringe Emission von W\u00e4rme und Gasen<br \/><\/span><span lang=\"de-DE\"><strong><span style=\"color: #dc291e;\">\/<\/span><\/strong> Beseitigt \u00d6le, Chemikalien und Reinigungssysteme<br \/><\/span><span lang=\"de-DE\"><strong><span style=\"color: #dc291e;\">\/<\/span><\/strong> Saubere und umweltfreundliche Technologie<\/span><\/p>\n<p lang=\"en-US\"><span lang=\"de-DE\">Diese L\u00f6sung bestimmt die fortschrittliche Richtung der Ver\u00e4nderungen und Entwicklung der W\u00e4rmebehandlungstechnologie und -ausr\u00fcstung f\u00fcr die moderne Industrie und sie entspricht vollst\u00e4ndig den aktuellen und zuk\u00fcnftigen Anforderungen.<\/span><\/p>\n<p>[\/et_pb_tab][et_pb_tab title=&#8220;Branchen&#8220; _builder_version=&#8220;4.23.1&#8243; global_colors_info=&#8220;{}&#8220;]<\/p>\n<p><strong><span style=\"color: #e30f00;\">\/<\/span> <\/strong>Automobil<span style=\"color: #e30f00;\"><br \/><strong>\/ <\/strong><\/span>Luft- und Raumfahrt<br \/><strong><span style=\"color: #e30f00;\">\/<\/span> <\/strong>Getriebe<br \/><span style=\"color: #e30f00;\"><strong>\/ <\/strong><\/span>Maschinen<\/p>\n<p>[\/et_pb_tab][et_pb_tab title=&#8220;Prozesse&#8220; _builder_version=&#8220;4.23.1&#8243; global_colors_info=&#8220;{}&#8220;]<\/p>\n<p><span style=\"color: #e30f00;\"><strong>\/<\/strong><\/span> Einsatzh\u00e4rten (Niederdruckkarburieren)<br \/><span style=\"color: #e30f00;\"><strong> \/<\/strong><\/span> H\u00e4rten<br \/><span style=\"color: #e30f00;\"><strong>\/<\/strong><\/span> L\u00f6ten<strong><br \/><span style=\"color: #e30f00;\">\/ <\/span><\/strong>Gl\u00fchen<\/p>\n<p>[\/et_pb_tab][et_pb_tab title=&#8220;Materialien&#8220; _builder_version=&#8220;4.23.1&#8243; global_colors_info=&#8220;{}&#8220;]<\/p>\n<p><span style=\"color: #e30f00;\"><strong>\/<\/strong> <\/span>Legierter Stahl<br \/><strong><span style=\"color: #e30f00;\">\/ <\/span><\/strong> Aufkohlungsqualit\u00e4ten<br \/><span style=\"color: #e30f00;\"><strong>\/ <\/strong><\/span> Rostfreie St\u00e4hle<br \/><span style=\"color: #e30f00;\"><strong>\/<\/strong><\/span> Spezialst\u00e4hle und Legierungen<\/p>\n<p>[\/et_pb_tab][et_pb_tab title=&#8220; &#8220; _builder_version=&#8220;4.23.1&#8243; _module_preset=&#8220;default&#8220; global_colors_info=&#8220;{}&#8220;]<\/p>\n<p><strong><span style=\"color: #dc291e;\">\/<\/span><\/strong> Umweltfreundliches Verfahren<br \/><strong><span style=\"color: #dc291e;\">\/<\/span><\/strong> Kein Aussto\u00df von klimasch\u00e4dlichem Treibhausgas (CO\u2082)<br \/><strong><span style=\"color: #dc291e;\">\/<\/span><\/strong> Schnelle und gleichm\u00e4\u00dfige Niederdruckaufkohlung (LPC) der dicht gedr\u00e4ngten Chargen<br \/><strong><span style=\"color: #dc291e;\">\/<\/span><\/strong> Beseitigung von Abschreck\u00f6l, Verschmutzung, Teilewaschmaschinen und Reinigungschemikalien<br \/><strong><span style=\"color: #dc291e;\">\/<\/span><\/strong> Stickstoffh\u00e4rten (weder \u00d6l noch Helium erforderlich)<br \/><strong><span style=\"color: #dc291e;\">\/<\/span><\/strong> Lange Heizzone-Komponentenlebensdauer \u2013 Graphit<br \/><strong><span style=\"color: #dc291e;\">\/<\/span><\/strong> Keine Schadstoffemission (CO, NOx)<br \/><strong><span style=\"color: #dc291e;\">\/<\/span><\/strong> Sichere Atmosph\u00e4re, keine entflammbare oder giftige Atmosph\u00e4re<br \/><strong><span style=\"color: #dc291e;\">\/<\/span><\/strong> Keine Entkohlung oder Oxidation, Beseitigung von IGO<br \/><strong><span style=\"color: #dc291e;\">\/<\/span><\/strong> Flexibler, abrufbereiter Betrieb<br \/><strong><span style=\"color: #dc291e;\">\/<\/span><\/strong> Keine offene Flamme<\/p>\n<p>[\/et_pb_tab][\/et_pb_tabs][et_pb_code admin_label=&#8220;crm-rfq-de&#8220; _builder_version=&#8220;4.10.3&#8243; _module_preset=&#8220;default&#8220; global_module=&#8220;123766&#8243; global_colors_info=&#8220;{}&#8220;]<!-- [et_pb_line_break_holder] --><pee style=\"text-align: center;\"><a class=\"small-button smallred\" style=\"font-size: 20px; padding: 20px 60px;\" href=\"https:\/\/www.secowarwick.com\/de\/fordern-sie-hier-ihr-angebot-an\/\"><span style=\"display: block; transform: skew(15deg,0deg); -webkit-transform: skew(15deg,0deg); font-size: 20px; !important\">UM EIN ANGEBOT BITTEN<\/span><\/a><\/pee>[\/et_pb_code][\/et_pb_column][et_pb_column type=&#8220;1_4&#8243; _builder_version=&#8220;4.16&#8243; custom_padding=&#8220;|||&#8220; global_colors_info=&#8220;{}&#8220; custom_padding__hover=&#8220;|||&#8220;][et_pb_gallery gallery_ids=&#8220;88814,88821,86845&#8243; posts_number=&#8220;1&#8243; show_title_and_caption=&#8220;off&#8220; show_pagination=&#8220;off&#8220; zoom_icon_color=&#8220;#e2001a&#8220; module_class=&#8220;seco-products-gallery-new&#8220; _builder_version=&#8220;4.16&#8243; custom_css_overlay_icon=&#8220;content:&#8217;GALERIE ANSEHEN&#8216; !important;&#8220; global_colors_info=&#8220;{}&#8220;][\/et_pb_gallery][et_pb_text admin_label=&#8220;btn_de_premiumlibrary&#8220; module_class=&#8220;premium-library-button&#8220; _builder_version=&#8220;4.23.1&#8243; _module_preset=&#8220;default&#8220; text_orientation=&#8220;center&#8220; global_module=&#8220;157246&#8243; global_colors_info=&#8220;{}&#8220;]<\/p>\n<a href='https:\/\/www.secowarwick.com\/de\/premiuminhalte\/' class='small-button smallred'><span>PREMIUMINHALTE<\/span><\/a>\n<p>[\/et_pb_text][et_pb_text admin_label=&#8220;R&#038;D de&#8220; module_class=&#8220;product_widget_wrap_rd&#8220; _builder_version=&#8220;4.23.1&#8243; _module_preset=&#8220;default&#8220; text_orientation=&#8220;center&#8220; global_module=&#8220;167836&#8243; saved_tabs=&#8220;all&#8220; locked=&#8220;off&#8220; global_colors_info=&#8220;{}&#8220;]<\/p>\n<p><a href=\"https:\/\/www.secowarwick.com\/de\/rd\/\"><span class=\"product_wigtet_name\">R&amp;D<\/span><\/a><\/p>\n<p>[\/et_pb_text][et_pb_text admin_label=&#8220;AUTOMATYKA de&#8220; module_class=&#8220;product_widget_wrap_automation&#8220; _builder_version=&#8220;4.23.1&#8243; _module_preset=&#8220;default&#8220; global_module=&#8220;167905&#8243; saved_tabs=&#8220;all&#8220; locked=&#8220;off&#8220; global_colors_info=&#8220;{}&#8220;]<\/p>\n<p><a href=\"https:\/\/www.secowarwick.com\/de\/service\/automatisierung\/\"><span class=\"product_wigtet_name\">AUTOMATISIERUNG<\/span><\/a><\/p>\n<p>[\/et_pb_text][et_pb_text admin_label=&#8220;SERVICE de&#8220; module_class=&#8220;product_widget_wrap_service&#8220; _builder_version=&#8220;4.23.1&#8243; _module_preset=&#8220;default&#8220; global_module=&#8220;167860&#8243; saved_tabs=&#8220;all&#8220; locked=&#8220;off&#8220; global_colors_info=&#8220;{}&#8220;]<\/p>\n<p><a href=\"https:\/\/www.secowarwick.com\/de\/professionelle-service-dienstleistungen\/\"><span class=\"product_wigtet_name\">SERVICE<\/span><\/a><\/p>\n<p>[\/et_pb_text][et_pb_text admin_label=&#8220;SUPLEMENTALS de&#8220; module_class=&#8220;product_widget_wrap_supleme&#8220; _builder_version=&#8220;4.23.1&#8243; _module_preset=&#8220;default&#8220; global_module=&#8220;167915&#8243; saved_tabs=&#8220;all&#8220; locked=&#8220;off&#8220; global_colors_info=&#8220;{}&#8220;]<\/p>\n<p><span class=\"product_wigtet_name\">ZUSATZSTOFFE:<\/span><\/p>\n<p>[\/et_pb_text][et_pb_text admin_label=&#8220;Product brochure&#8220; module_class=&#8220;suplementals_product_brochure suplementals_wrap&#8220; _builder_version=&#8220;4.23.1&#8243; _module_preset=&#8220;default&#8220; hover_enabled=&#8220;0&#8243; locked=&#8220;off&#8220; global_colors_info=&#8220;{}&#8220; sticky_enabled=&#8220;0&#8243;]<\/p>\n<p><a href=\"https:\/\/www.secowarwick.com\/wp-content\/uploads\/2025\/10\/VAC-CaseMaster-Evolution-T-WWW.pdf\" target=\"_blank\" rel=\"noopener\">Produktbrosch\u00fcre<\/a><\/p>\n<p>[\/et_pb_text][et_pb_text admin_label=&#8220;Product catalogue de&#8220; module_class=&#8220;suplementals_product_catalogue suplementals_wrap&#8220; _builder_version=&#8220;4.23.1&#8243; _module_preset=&#8220;default&#8220; global_module=&#8220;169659&#8243; saved_tabs=&#8220;all&#8220; locked=&#8220;off&#8220; global_colors_info=&#8220;{}&#8220;]<\/p>\n<p><a href=\"https:\/\/www.secowarwick.com\/wp-content\/uploads\/2025\/01\/VAC_catalogue_2024_web.pdf\" target=\"_blank\" rel=\"noopener\">Produktkatalog<\/a><\/p>\n<p>[\/et_pb_text][et_pb_text admin_label=&#8220;Product movie playlista de&#8220; module_class=&#8220;suplementals_product_movie suplementals_wrap&#8220; _builder_version=&#8220;4.23.1&#8243; _module_preset=&#8220;default&#8220; global_module=&#8220;169661&#8243; saved_tabs=&#8220;all&#8220; locked=&#8220;off&#8220; global_colors_info=&#8220;{}&#8220;]<\/p>\n<p><a href=\"https:\/\/www.youtube.com\/playlist?list=PLa0hhW_hoQqEsIHM5LQtr9h_9UlwGFBO8\" target=\"_blank\" rel=\"noopener\">Produktvideo<\/a><\/p>\n<p>[\/et_pb_text][et_pb_text admin_label=&#8220;Product infographic&#8220; module_class=&#8220;suplementals_product_infographic suplementals_wrap&#8220; _builder_version=&#8220;4.23.1&#8243; _module_preset=&#8220;default&#8220; locked=&#8220;off&#8220; global_colors_info=&#8220;{}&#8220;]<\/p>\n<p><a href=\"https:\/\/www.secowarwick.com\/wp-content\/uploads\/2023\/06\/CaseMasterEvolution-T.jpg\" target=\"_blank\" rel=\"noopener\">Produkt-Infografik<\/a><\/p>\n<p>[\/et_pb_text][et_pb_text admin_label=&#8220;dnabook-de&#8220; module_class=&#8220;suplementals_product_dna suplementals_wrap&#8220; _builder_version=&#8220;4.23.1&#8243; _module_preset=&#8220;default&#8220; global_module=&#8220;167874&#8243; saved_tabs=&#8220;all&#8220; locked=&#8220;off&#8220; global_colors_info=&#8220;{}&#8220;]<\/p>\n<p><a href=\"https:\/\/www.secowarwick.com\/wp-content\/uploads\/2025\/07\/DNA_BOOK.pdf\" target=\"_blank\" rel=\"noopener\">DNA\/BOOK<\/a><\/p>\n<p>[\/et_pb_text][et_pb_text admin_label=&#8220;ECO\/BOOK-de&#8220; module_class=&#8220;suplementals_product_eco suplementals_wrap&#8220; _builder_version=&#8220;4.23.1&#8243; _module_preset=&#8220;default&#8220; global_module=&#8220;167797&#8243; locked=&#8220;off&#8220; global_colors_info=&#8220;{}&#8220;]<\/p>\n<p><a href=\"https:\/\/www.secowarwick.com\/wp-content\/uploads\/2023\/06\/ECOBOOK.pdf\" target=\"_blank\" rel=\"noopener\">ECO\/BOOK<\/a><\/p>\n<p>[\/et_pb_text][et_pb_text admin_label=&#8220;product-widget-rfq-de&#8220; module_class=&#8220;product_widget_wrap_rfq-en&#8220; _builder_version=&#8220;4.23.1&#8243; _module_preset=&#8220;default&#8220; global_module=&#8220;186250&#8243; saved_tabs=&#8220;all&#8220; locked=&#8220;off&#8220; global_colors_info=&#8220;{}&#8220;]<\/p>\n<p style=\"text-align: center;\"><a class=\"small-button smallred\" href=\"https:\/\/www.secowarwick.com\/de\/fordern-sie-hier-ihr-angebot-an\/\"><span class=\"product_wigtet_name\">FRAGE NACH MEHR<\/span><\/a><\/p>\n<p>[\/et_pb_text][\/et_pb_column][\/et_pb_row][\/et_pb_section]<\/p>\n","protected":false},"excerpt":{"rendered":"<p>[et_pb_breadcrumbs _builder_version=&#8220;3.6&#8243; global_colors_info=&#8220;{}&#8220;][\/et_pb_breadcrumbs]Dreikammer-Vakuumofen zum Niederdruckkohlen (LPC) und Hochdruckgasabschreckung im&nbsp;halbkontinuierlichen Produktionsmodus &#8211; CaseMaster Evolution T Kosteneffizientes Oberfl\u00e4chenh\u00e4rten durch Niederdruckkohlen (LPC) und Hochdruckgasabschreckung in&nbsp;einem Dreikammer-Vakuumofen. Der CaseMaster Evolution T ersetzt die heute herk\u00f6mmlichen halbkontinuierlichen Prozesse unter einer Schutzatmosph\u00e4re und anschlie\u00dfender \u00d6labschreckung f\u00fcr eine echte Vakuumw\u00e4rmebehandlung mit dem Niederdruckaufkohlen und Stickstoffgasabschreckung, was zu einer pr\u00e4zisen und reproduzierbaren Arbeit [&hellip;]<\/p>\n","protected":false},"author":2,"featured_media":86845,"parent":7218,"menu_order":0,"comment_status":"closed","ping_status":"closed","template":"","meta":{"_acf_changed":false,"_et_pb_use_builder":"on","_et_pb_old_content":"","_et_gb_content_width":"","footnotes":""},"class_list":["post-81259","page","type-page","status-publish","has-post-thumbnail"],"acf":[],"_links":{"self":[{"href":"https:\/\/www.secowarwick.com\/de\/wp-json\/wp\/v2\/pages\/81259","targetHints":{"allow":["GET"]}}],"collection":[{"href":"https:\/\/www.secowarwick.com\/de\/wp-json\/wp\/v2\/pages"}],"about":[{"href":"https:\/\/www.secowarwick.com\/de\/wp-json\/wp\/v2\/types\/page"}],"author":[{"embeddable":true,"href":"https:\/\/www.secowarwick.com\/de\/wp-json\/wp\/v2\/users\/2"}],"replies":[{"embeddable":true,"href":"https:\/\/www.secowarwick.com\/de\/wp-json\/wp\/v2\/comments?post=81259"}],"version-history":[{"count":23,"href":"https:\/\/www.secowarwick.com\/de\/wp-json\/wp\/v2\/pages\/81259\/revisions"}],"predecessor-version":[{"id":186426,"href":"https:\/\/www.secowarwick.com\/de\/wp-json\/wp\/v2\/pages\/81259\/revisions\/186426"}],"up":[{"embeddable":true,"href":"https:\/\/www.secowarwick.com\/de\/wp-json\/wp\/v2\/pages\/7218"}],"wp:featuredmedia":[{"embeddable":true,"href":"https:\/\/www.secowarwick.com\/de\/wp-json\/wp\/v2\/media\/86845"}],"wp:attachment":[{"href":"https:\/\/www.secowarwick.com\/de\/wp-json\/wp\/v2\/media?parent=81259"}],"curies":[{"name":"wp","href":"https:\/\/api.w.org\/{rel}","templated":true}]}}