{"id":81897,"date":"2019-06-18T14:18:36","date_gmt":"2019-06-18T12:18:36","guid":{"rendered":"http:\/\/www.secowarwick.com\/super-iq-universal-chamber-furnace\/"},"modified":"2025-10-30T15:45:08","modified_gmt":"2025-10-30T14:45:08","slug":"super-iq-universal-kammerofen","status":"publish","type":"page","link":"https:\/\/www.secowarwick.com\/de\/produkte\/schutzgasoefen-und-systeme-atm\/super-iq-universal-kammerofen\/","title":{"rendered":"Integraler Abschreckofen \u2013 Super IQ"},"content":{"rendered":"<p>[et_pb_section fb_built=&#8220;1&#8243; _builder_version=&#8220;4.16&#8243; global_colors_info=&#8220;{}&#8220;][et_pb_row _builder_version=&#8220;4.16&#8243; background_size=&#8220;initial&#8220; background_position=&#8220;top_left&#8220; background_repeat=&#8220;repeat&#8220; global_colors_info=&#8220;{}&#8220;][et_pb_column type=&#8220;4_4&#8243; _builder_version=&#8220;4.16&#8243; custom_padding=&#8220;|||&#8220; global_colors_info=&#8220;{}&#8220; custom_padding__hover=&#8220;|||&#8220;][et_pb_image src=&#8220;https:\/\/www.secowarwick.com\/wp-content\/uploads\/2019\/11\/Slider-SuperIQ.jpg&#8220; alt=&#8220;Integraler Abschreckofen \u2013 Super IQ&#8220; title_text=&#8220;Integraler Abschreckofen \u2013 Super IQ&#8220; align_tablet=&#8220;center&#8220; align_phone=&#8220;&#8220; align_last_edited=&#8220;on|desktop&#8220; _builder_version=&#8220;4.16&#8243; global_colors_info=&#8220;{}&#8220;][\/et_pb_image][\/et_pb_column][\/et_pb_row][\/et_pb_section][et_pb_section fb_built=&#8220;1&#8243; admin_label=&#8220;section&#8220; _builder_version=&#8220;4.16&#8243; custom_padding=&#8220;25px|||&#8220; transparent_background=&#8220;off&#8220; make_fullwidth=&#8220;off&#8220; use_custom_width=&#8220;off&#8220; width_unit=&#8220;on&#8220; global_colors_info=&#8220;{}&#8220;][et_pb_row column_structure=&#8220;3_4,1_4&#8243; admin_label=&#8220;row&#8220; _builder_version=&#8220;4.16&#8243; background_size=&#8220;initial&#8220; background_position=&#8220;top_left&#8220; background_repeat=&#8220;repeat&#8220; custom_margin=&#8220;0px|||&#8220; custom_padding=&#8220;0px|||&#8220; make_fullwidth=&#8220;off&#8220; use_custom_width=&#8220;off&#8220; width_unit=&#8220;on&#8220; global_colors_info=&#8220;{}&#8220;][et_pb_column type=&#8220;3_4&#8243; _builder_version=&#8220;4.16&#8243; custom_padding=&#8220;|||&#8220; global_colors_info=&#8220;{}&#8220; custom_padding__hover=&#8220;|||&#8220;][et_pb_breadcrumbs _builder_version=&#8220;4.10.3&#8243; _module_preset=&#8220;default&#8220; global_colors_info=&#8220;{}&#8220;][\/et_pb_breadcrumbs][et_pb_text module_class=&#8220;podtytuly&#8220; _builder_version=&#8220;4.23.1&#8243; global_colors_info=&#8220;{}&#8220;]<\/p>\n<h1><span lang=\"de-DE\">Integraler Abschreckofen &#8211; Super IQ<\/span><\/h1>\n<h2>Integrale Abschreck\u00f6fen der neuen Generation zum Niederdruckaufkohlen (LPC)<\/h2>\n<p class=\"western\" lang=\"de-DE\">Die Anlage ist so konzipiert, dass sie zu den bestehenden technologischen Linien der Aufkohlungskammer\u00f6fen hinzugef\u00fcgt werden kann, ohne dass wesentliche \u00c4nderungen an der bestehenden Infrastruktur erforderlich sind.<\/p>\n<p class=\"western\"><span lang=\"de-DE\">Dies gilt auch, wenn ein alter, abgenutzter Kammerofen vom Typ Integral Quench (IQ) durch einen neuen ersetzt werden muss. Die angewandten L\u00f6sungen erm\u00f6glichen eine problemlose Installation des Ofens, unabh\u00e4ngig von der Marke der zu ersetzenden Originalausr\u00fcstung, d.h. eine vollst\u00e4ndige Integration mit bestehenden Lasttransportelementen (Lader, Lagertische, technologische Ausr\u00fcstung) ist auf der Ebene der Mechanik und Automatisierung m\u00f6glich.<\/span><\/p>\n<p class=\"western\"><span lang=\"de-DE\">Aufgrund ihrer Kompatibilit\u00e4t mit herk\u00f6mmlichen H\u00e4rte\u00f6len sind die bearbeiteten Werkst\u00fccke in\u00a0\u00dcbereinstimmung mit herk\u00f6mmlichen Reinigungsmaschinen erh\u00e4ltlich. Die Waschtechnologie, die Art der verwendeten Mittel und die guten Praktiken der Bediener erfordern keine \u00c4nderungen, der Anwender kann von den eigens gewonnenen Erfahrungen voll profitieren.<\/span><\/p>\n<p>[\/et_pb_text][et_pb_tabs module_class=&#8220;red-tabs eco-tab5&#8243; _builder_version=&#8220;4.23.1&#8243; custom_css_main_element=&#8220;margin-top: 2rem;||margin-bottom: 2rem;&#8220; global_colors_info=&#8220;{}&#8220;][et_pb_tab title=&#8220;\u00dcberblick&#8220; _builder_version=&#8220;4.23.1&#8243; global_colors_info=&#8220;{}&#8220;]<\/p>\n<p class=\"western\"><span lang=\"de-DE\">Super IQ ben\u00f6tigt keine endotherme Atmosph\u00e4re, um Aufkohlungsprozesse durchzuf\u00fchren. Dadurch wird der Generator eingespart und Ersparnisse ergeben sich eben durch dessen Abwesenheit,, seine Wartung und den Betrieb und durch die f\u00fcr diese Vorrichtung typischen \u00fcbersch\u00fcssigen Prozessgasverluste.<\/span><\/p>\n<p class=\"western\"><span lang=\"de-DE\">Der Hauptvorteil gegen\u00fcber herk\u00f6mmlichen IQ-\u00d6fen besteht jedoch darin, dass Super IQ auf dem Potenzial zur Reduzierung der Bearbeitungszeit aufbaut. Dies ergibt sich aus der M\u00f6glichkeit, Aufkohlungsprozesse bei h\u00f6heren Temperaturen, in\u00a0der Praxis sogar bei bis zu 1050*C, durchzuf\u00fchren. In\u00a0einer solchen Situation ist es\u00a0m\u00f6glich, die Effizienz deutlich zu steigern und die Produktionskosten zu senken.<\/span><\/p>\n<p class=\"western\"><span lang=\"de-DE\">Der auf 1100*C erweiterte Betriebstemperaturbereich erm\u00f6glicht auch andere anspruchsvolle Prozesse und erweitert damit die Leistungsf\u00e4higkeit des Ofens erheblich. <\/span><\/p>\n<p class=\"western\"><span lang=\"de-DE\">Der Ofenbetrieb erfolgt vollautomatisch. Der interne Lader bewegt die Last sanft und dies eliminiert das Risiko der Verschiebung erheblicher Gewichte, hier bis zu 1560 kg brutto.<\/span><\/p>\n<p class=\"western\"><span lang=\"de-DE\">Technologische Formeln werden mit Hilfe eines Simulators erstellt, der ein integraler Bestandteil des Ofens ist. Neben einer umfangreichen Materialdatenbank unterst\u00fctzt der Simulator die Arbeit des Bedieners, indem er\u00a0alternative Versionen von Formeln berechnet bzw. vorschl\u00e4gt und direkt \u00fcber die erwarteten Prozesskosten informiert.<\/span><\/p>\n<p class=\"western\"><span lang=\"de-DE\">Super IQ zeichnet sich durch seine konkurrenzlose Flexibilit\u00e4t aus, da hier nicht die Notwendigkeit der Reifung und S\u00e4ttigung herrscht, die in\u00a0traditionellen IQ-\u00d6fen vorzufinden ist. Bei Wochenendpausen oder anderen Produktionsunterbrechungen wird der Ofen sofort abgeschaltet. Die Wiedereinf\u00fchrung des Ofens in\u00a0die Betriebsparameter wird in\u00a0Minuten gerechnet. <\/span><\/p>\n<p class=\"western\"><span lang=\"de-DE\">Kein Betrieb, keine Kosten.<\/span><\/p>\n<p class=\"western\"><span lang=\"de-DE\">Auch im\u00a0Bereich der \u00d6kologie bietet der Ofen erhebliche Vorteile. Die verwendete Aufkohlungstechnologie reduziert die Emissionen in\u00a0die Atmosph\u00e4re auf ein absolutes Minimum. Genau ausgew\u00e4hlte Dosen von technologischen Medien werden in\u00a0Liter gez\u00e4hlt. <\/span><\/p>\n<p class=\"western\" lang=\"de-DE\">Dadurch werden die f\u00fcr herk\u00f6mmliche L\u00f6sungen typischen Rauch- und offenen Flammen beseitigt.<\/p>\n<p class=\"western\" lang=\"de-DE\">Dies erh\u00f6ht die Sicherheit und den Bedienkomfort.<\/p>\n<p class=\"western\" lang=\"de-DE\">Die Einfachheit der Konstruktion, die Ergonomie und die Systeme zur Unterst\u00fctzung des regelm\u00e4\u00dfigen Service eliminieren nicht nur praktisch ungeplante Ausfallzeiten, sondern senken auch die Kosten f\u00fcr die Aufrechterhaltung hochqualifizierter Mitarbeiter und deren Arbeitsbelastung erheblich.<\/p>\n<p>[\/et_pb_tab][et_pb_tab title=&#8220;Eigenschaften&#8220; _builder_version=&#8220;4.23.1&#8243; global_colors_info=&#8220;{}&#8220;]<\/p>\n<p><span style=\"color: #e30f00;\"><strong>\/<\/strong><\/span> Keine zus\u00e4tzlichen Produktionskosten durch erh\u00f6hte Qualit\u00e4t und Leistung im\u00a0Vergleich zum Aufkohlen in\u00a0H\u00e4rte\u00f6fen mit eingebauter Wanne<br \/><span style=\"color: #e30f00;\"><strong>\/<\/strong><\/span> Passt zu jeder beliebigen H\u00e4rteofenlinie mit eingebauter Wanne und deren Vertiefungen<br \/><span style=\"color: #e30f00;\"><strong>\/<\/strong><\/span> Einsatz eines ENDO-Generators entf\u00e4llt, da keine Flamme<br \/><span style=\"color: #e30f00;\"><strong>\/<\/strong><\/span> Verbindet in\u00a0sich eine saubere Bearbeitung mit hervorragenden Parametern bei der \u00d6lh\u00e4rtung<br \/><span style=\"color: #e30f00;\"><strong>\/\u00a0<\/strong><\/span>Ein-, Ausschalten \u2013 kein Leerlauf bzw. Konditionierung<\/p>\n<p>[\/et_pb_tab][et_pb_tab title=&#8220;Vorteile&#8220; _builder_version=&#8220;4.23.1&#8243; global_colors_info=&#8220;{}&#8220;]<\/p>\n<p><span style=\"color: #e31300;\"><strong>\/\u00a0<\/strong><\/span>Potenzial zur Reduzierung der Bearbeitungszeit durch die M\u00f6glichkeit der Bearbeitung bei h\u00f6heren Temperaturen (&gt;&gt;925*c), wodurch die Produktivit\u00e4t gesteigert und die Produktionskosten gesenkt werden<br \/><span lang=\"de-DE\"><strong><span style=\"color: #e31300;\">\/<\/span><\/strong> Automatische Erstellung von Formeln, vollautomatischer Betrieb<\/span><br \/><span lang=\"de-DE\"><strong><span style=\"color: #e31300;\">\/<\/span><\/strong> Flexibilit\u00e4t &#8211; kostet nichts, wenn au\u00dfer Betrieb<\/span><br \/><strong><span style=\"color: #e31300;\">\/<\/span><\/strong> Einfache Integration mit herk\u00f6mmlichen Anlagen<br \/><strong><span style=\"color: #e31300;\">\/<\/span><\/strong> &#8222;Technologische Vielseitigkeit +&#8220; (auch Werkzeugbau, h\u00f6here Temp. Prozente)<br \/><span lang=\"de-DE\"><strong><span style=\"color: #e31300;\">\/<\/span><\/strong> Einfache Bedienung und niedrige Instandhaltungskosten<\/span><br \/><strong><span style=\"color: #e31300;\">\/<\/span><\/strong> Keine offene Flamme, kein Rauch, keine Emissionen<br \/><strong><span style=\"color: #e31300;\">\/<\/span><\/strong> Entfall von Zusatzger\u00e4ten- Endothermischer Generator<\/p>\n<p>[\/et_pb_tab][et_pb_tab title=&#8220;Prozesse&#8220; _builder_version=&#8220;4.23.1&#8243; global_colors_info=&#8220;{}&#8220;]<\/p>\n<p><strong><span style=\"color: #e31300;\">\/\u00a0<\/span><\/strong>Aufkohlung<\/p>\n<p>[\/et_pb_tab][et_pb_tab title=&#8220;Industrien&#8220; _builder_version=&#8220;4.23.1&#8243; global_colors_info=&#8220;{}&#8220;]<\/p>\n<p><strong><span style=\"color: #e31300;\">\/\u00a0<\/span><\/strong>Automobil<br \/><strong><span style=\"color: #e31300;\">\/\u00a0<\/span><\/strong>Getriebe<strong><span style=\"color: #e31300;\"><br \/><\/span><\/strong><strong><span style=\"color: #e31300;\">\/\u00a0<\/span><\/strong>Maschinen<strong><span style=\"color: #e31300;\"><br \/>\/\u00a0<\/span><\/strong>Kommerzielle W\u00e4rmebehandlung<\/p>\n<p>[\/et_pb_tab][et_pb_tab title=&#8220; &#8220; _builder_version=&#8220;4.23.1&#8243; _module_preset=&#8220;default&#8220; global_colors_info=&#8220;{}&#8220;]<\/p>\n<p><span data-contrast=\"none\"><strong><span style=\"color: #e31300;\">\/<\/span><\/strong> Das Hinzuf\u00fcgen von diesem Ofen zu vorhandenen Prozesslinien der Kammer\u00f6fen zur Aufkohlung, ohne wesentliche \u00c4nderungen<\/span> <span data-contrast=\"none\">in&nbsp;bestehender Infrastruktur \u2013 das bedeutet nicht nur eine enorme Einsparung f\u00fcr die Unternehmen, sondern auch eine Hommage an die \u00d6kologie<br \/><\/span><span data-contrast=\"none\"><strong><span style=\"color: #e31300;\">\/<\/span><\/strong> Das in&nbsp;diesem Ger\u00e4t verwendete Niederdruckaufkohlungsverfahren (LPC) reduziert signifikant den Prozessgasverbrauch, was die CO\u2082-Emissionen in&nbsp;die Atmosph\u00e4re<\/span> <span data-contrast=\"none\">auf absolutes Minimum reduzieren<br \/><\/span><span data-contrast=\"none\"><strong><span style=\"color: #e31300;\">\/<\/span><\/strong> Eine erhebliche Verbesserung der Betriebssicherheit des Ger\u00e4tes, weil die f\u00fcr herk\u00f6mmliche L\u00f6sungen typische<\/span> <span data-contrast=\"none\">Notwendigkeit der Emissionen der Prozessatmosph\u00e4re und die Notwendigkeit\u00a0 der Nachverbrennung der Atmosph\u00e4re<\/span> <span data-contrast=\"none\">mit dem Einsatz offener Flamme eliminiert wird<\/span><\/p>\n<p>[\/et_pb_tab][\/et_pb_tabs][et_pb_code admin_label=&#8220;crm-rfq-de&#8220; _builder_version=&#8220;4.10.3&#8243; _module_preset=&#8220;default&#8220; global_module=&#8220;123766&#8243; global_colors_info=&#8220;{}&#8220;]<!-- [et_pb_line_break_holder] --><pee style=\"text-align: center;\"><a class=\"small-button smallred\" style=\"font-size: 20px; padding: 20px 60px;\" href=\"https:\/\/www.secowarwick.com\/de\/fordern-sie-hier-ihr-angebot-an\/\"><span style=\"display: block; transform: skew(15deg,0deg); -webkit-transform: skew(15deg,0deg); font-size: 20px; !important\">UM EIN ANGEBOT BITTEN<\/span><\/a><\/pee>[\/et_pb_code][\/et_pb_column][et_pb_column type=&#8220;1_4&#8243; _builder_version=&#8220;4.16&#8243; custom_padding=&#8220;|||&#8220; global_colors_info=&#8220;{}&#8220; custom_padding__hover=&#8220;|||&#8220;][et_pb_gallery gallery_ids=&#8220;81870,81877,81884,81891,86548&#8243; posts_number=&#8220;1&#8243; show_title_and_caption=&#8220;off&#8220; show_pagination=&#8220;off&#8220; zoom_icon_color=&#8220;#e2001a&#8220; module_class=&#8220;seco-products-gallery-new&#8220; _builder_version=&#8220;4.16&#8243; custom_css_overlay_icon=&#8220;content:&#8217;GALERIE ANSEHEN&#8216; !important;&#8220; global_colors_info=&#8220;{}&#8220;][\/et_pb_gallery][et_pb_text admin_label=&#8220;btn_de_premiumlibrary&#8220; module_class=&#8220;premium-library-button&#8220; _builder_version=&#8220;4.23.1&#8243; _module_preset=&#8220;default&#8220; text_orientation=&#8220;center&#8220; global_module=&#8220;157246&#8243; global_colors_info=&#8220;{}&#8220;]<\/p>\n<a href='https:\/\/www.secowarwick.com\/de\/premiuminhalte\/' class='small-button smallred'><span>PREMIUMINHALTE<\/span><\/a>\n<p>[\/et_pb_text][et_pb_text admin_label=&#8220;R&#038;D de&#8220; module_class=&#8220;product_widget_wrap_rd&#8220; _builder_version=&#8220;4.23.1&#8243; _module_preset=&#8220;default&#8220; text_orientation=&#8220;center&#8220; global_module=&#8220;167836&#8243; saved_tabs=&#8220;all&#8220; locked=&#8220;off&#8220; global_colors_info=&#8220;{}&#8220;]<\/p>\n<p><a href=\"https:\/\/www.secowarwick.com\/de\/rd\/\"><span class=\"product_wigtet_name\">R&amp;D<\/span><\/a><\/p>\n<p>[\/et_pb_text][et_pb_text admin_label=&#8220;AUTOMATYKA de&#8220; module_class=&#8220;product_widget_wrap_automation&#8220; _builder_version=&#8220;4.23.1&#8243; _module_preset=&#8220;default&#8220; global_module=&#8220;167905&#8243; saved_tabs=&#8220;all&#8220; locked=&#8220;off&#8220; global_colors_info=&#8220;{}&#8220;]<\/p>\n<p><a href=\"https:\/\/www.secowarwick.com\/de\/service\/automatisierung\/\"><span class=\"product_wigtet_name\">AUTOMATISIERUNG<\/span><\/a><\/p>\n<p>[\/et_pb_text][et_pb_text admin_label=&#8220;SERVICE de&#8220; module_class=&#8220;product_widget_wrap_service&#8220; _builder_version=&#8220;4.23.1&#8243; _module_preset=&#8220;default&#8220; global_module=&#8220;167860&#8243; saved_tabs=&#8220;all&#8220; locked=&#8220;off&#8220; global_colors_info=&#8220;{}&#8220;]<\/p>\n<p><a href=\"https:\/\/www.secowarwick.com\/de\/professionelle-service-dienstleistungen\/\"><span class=\"product_wigtet_name\">SERVICE<\/span><\/a><\/p>\n<p>[\/et_pb_text][et_pb_text admin_label=&#8220;SUPLEMENTALS de&#8220; module_class=&#8220;product_widget_wrap_supleme&#8220; _builder_version=&#8220;4.23.1&#8243; _module_preset=&#8220;default&#8220; global_module=&#8220;167915&#8243; saved_tabs=&#8220;all&#8220; locked=&#8220;off&#8220; global_colors_info=&#8220;{}&#8220;]<\/p>\n<p><span class=\"product_wigtet_name\">ZUSATZSTOFFE:<\/span><\/p>\n<p>[\/et_pb_text][et_pb_text admin_label=&#8220;Product brochure&#8220; module_class=&#8220;suplementals_product_brochure suplementals_wrap&#8220; _builder_version=&#8220;4.23.1&#8243; _module_preset=&#8220;default&#8220; hover_enabled=&#8220;0&#8243; locked=&#8220;off&#8220; global_colors_info=&#8220;{}&#8220; sticky_enabled=&#8220;0&#8243;]<\/p>\n<p><a href=\"https:\/\/www.secowarwick.com\/wp-content\/uploads\/2025\/10\/VAC-SUPER-IQ-WWW.pdf\" target=\"_blank\" rel=\"noopener\">Produktbrosch\u00fcre<\/a><\/p>\n<p>[\/et_pb_text][et_pb_text admin_label=&#8220;Product catalogue de&#8220; module_class=&#8220;suplementals_product_catalogue suplementals_wrap&#8220; _builder_version=&#8220;4.23.1&#8243; _module_preset=&#8220;default&#8220; global_module=&#8220;169659&#8243; saved_tabs=&#8220;all&#8220; locked=&#8220;off&#8220; global_colors_info=&#8220;{}&#8220;]<\/p>\n<p><a href=\"https:\/\/www.secowarwick.com\/wp-content\/uploads\/2025\/01\/VAC_catalogue_2024_web.pdf\" target=\"_blank\" rel=\"noopener\">Produktkatalog<\/a><\/p>\n<p>[\/et_pb_text][et_pb_text admin_label=&#8220;Product movie&#8220; module_class=&#8220;suplementals_product_movie suplementals_wrap&#8220; _builder_version=&#8220;4.23.1&#8243; _module_preset=&#8220;default&#8220; locked=&#8220;off&#8220; global_colors_info=&#8220;{}&#8220;]<\/p>\n<p><a href=\"https:\/\/youtu.be\/agplV61qbwk\" rel=\"noopener\">Produktvideo<\/a><\/p>\n<p>[\/et_pb_text][et_pb_text admin_label=&#8220;Product infographic&#8220; module_class=&#8220;suplementals_product_infographic suplementals_wrap&#8220; _builder_version=&#8220;4.23.1&#8243; _module_preset=&#8220;default&#8220; locked=&#8220;off&#8220; global_colors_info=&#8220;{}&#8220;]<\/p>\n<p><a href=\"https:\/\/www.secowarwick.com\/wp-content\/uploads\/2023\/06\/SUPER-IQ.jpg\" target=\"_blank\" rel=\"noopener\">Produkt-Infografik<\/a><\/p>\n<p>[\/et_pb_text][et_pb_text admin_label=&#8220;dnabook-de&#8220; module_class=&#8220;suplementals_product_dna suplementals_wrap&#8220; _builder_version=&#8220;4.23.1&#8243; _module_preset=&#8220;default&#8220; global_module=&#8220;167874&#8243; saved_tabs=&#8220;all&#8220; locked=&#8220;off&#8220; global_colors_info=&#8220;{}&#8220;]<\/p>\n<p><a href=\"https:\/\/www.secowarwick.com\/wp-content\/uploads\/2025\/07\/DNA_BOOK.pdf\" target=\"_blank\" rel=\"noopener\">DNA\/BOOK<\/a><\/p>\n<p>[\/et_pb_text][et_pb_text admin_label=&#8220;ECO\/BOOK-de&#8220; module_class=&#8220;suplementals_product_eco suplementals_wrap&#8220; _builder_version=&#8220;4.23.1&#8243; _module_preset=&#8220;default&#8220; global_module=&#8220;167797&#8243; locked=&#8220;off&#8220; global_colors_info=&#8220;{}&#8220;]<\/p>\n<p><a href=\"https:\/\/www.secowarwick.com\/wp-content\/uploads\/2023\/06\/ECOBOOK.pdf\" target=\"_blank\" rel=\"noopener\">ECO\/BOOK<\/a><\/p>\n<p>[\/et_pb_text][et_pb_text admin_label=&#8220;product-widget-rfq-de&#8220; module_class=&#8220;product_widget_wrap_rfq-en&#8220; _builder_version=&#8220;4.23.1&#8243; _module_preset=&#8220;default&#8220; global_module=&#8220;186250&#8243; saved_tabs=&#8220;all&#8220; locked=&#8220;off&#8220; global_colors_info=&#8220;{}&#8220;]<\/p>\n<p style=\"text-align: center;\"><a class=\"small-button smallred\" href=\"https:\/\/www.secowarwick.com\/de\/fordern-sie-hier-ihr-angebot-an\/\"><span class=\"product_wigtet_name\">FRAGE NACH MEHR<\/span><\/a><\/p>\n<p>[\/et_pb_text][\/et_pb_column][\/et_pb_row][\/et_pb_section]<\/p>\n","protected":false},"excerpt":{"rendered":"<p>[et_pb_breadcrumbs _builder_version=&#8220;4.10.3&#8243; _module_preset=&#8220;default&#8220; global_colors_info=&#8220;{}&#8220;][\/et_pb_breadcrumbs]Integraler Abschreckofen &#8211; Super IQ Integrale Abschreck\u00f6fen der neuen Generation zum Niederdruckaufkohlen (LPC) Die Anlage ist so konzipiert, dass sie zu den bestehenden technologischen Linien der Aufkohlungskammer\u00f6fen hinzugef\u00fcgt werden kann, ohne dass wesentliche \u00c4nderungen an der bestehenden Infrastruktur erforderlich sind. Dies gilt auch, wenn ein alter, abgenutzter Kammerofen vom Typ Integral Quench [&hellip;]<\/p>\n","protected":false},"author":2,"featured_media":86548,"parent":7137,"menu_order":0,"comment_status":"closed","ping_status":"closed","template":"","meta":{"_acf_changed":false,"_et_pb_use_builder":"on","_et_pb_old_content":"","_et_gb_content_width":"","footnotes":""},"class_list":["post-81897","page","type-page","status-publish","has-post-thumbnail"],"acf":[],"_links":{"self":[{"href":"https:\/\/www.secowarwick.com\/de\/wp-json\/wp\/v2\/pages\/81897","targetHints":{"allow":["GET"]}}],"collection":[{"href":"https:\/\/www.secowarwick.com\/de\/wp-json\/wp\/v2\/pages"}],"about":[{"href":"https:\/\/www.secowarwick.com\/de\/wp-json\/wp\/v2\/types\/page"}],"author":[{"embeddable":true,"href":"https:\/\/www.secowarwick.com\/de\/wp-json\/wp\/v2\/users\/2"}],"replies":[{"embeddable":true,"href":"https:\/\/www.secowarwick.com\/de\/wp-json\/wp\/v2\/comments?post=81897"}],"version-history":[{"count":19,"href":"https:\/\/www.secowarwick.com\/de\/wp-json\/wp\/v2\/pages\/81897\/revisions"}],"predecessor-version":[{"id":186458,"href":"https:\/\/www.secowarwick.com\/de\/wp-json\/wp\/v2\/pages\/81897\/revisions\/186458"}],"up":[{"embeddable":true,"href":"https:\/\/www.secowarwick.com\/de\/wp-json\/wp\/v2\/pages\/7137"}],"wp:featuredmedia":[{"embeddable":true,"href":"https:\/\/www.secowarwick.com\/de\/wp-json\/wp\/v2\/media\/86548"}],"wp:attachment":[{"href":"https:\/\/www.secowarwick.com\/de\/wp-json\/wp\/v2\/media?parent=81897"}],"curies":[{"name":"wp","href":"https:\/\/api.w.org\/{rel}","templated":true}]}}