{"id":84838,"date":"2019-09-16T14:19:34","date_gmt":"2019-09-16T12:19:34","guid":{"rendered":"http:\/\/www.secowarwick.com\/seco-deals\/overhaul-and-upgrade-of-furnace-heating-chamber\/"},"modified":"2024-10-27T18:06:21","modified_gmt":"2024-10-27T17:06:21","slug":"erneuerung-modernisierung-heizkammer","status":"publish","type":"page","link":"https:\/\/www.secowarwick.com\/de\/seco-deals-old\/erneuerung-modernisierung-heizkammer\/","title":{"rendered":"\u00dcberholung und verbesserung der ofenheizkammer"},"content":{"rendered":"<p>[et_pb_section fb_built=&#8220;1&#8243; _builder_version=&#8220;4.16&#8243; custom_margin=&#8220;0px|0px|0px|0px&#8220; custom_padding=&#8220;0px|0px|0px|0px&#8220; global_colors_info=&#8220;{}&#8220;][et_pb_row _builder_version=&#8220;4.16&#8243; background_size=&#8220;initial&#8220; background_position=&#8220;top_left&#8220; background_repeat=&#8220;repeat&#8220; global_colors_info=&#8220;{}&#8220;][et_pb_column type=&#8220;4_4&#8243; _builder_version=&#8220;4.16&#8243; custom_padding=&#8220;|||&#8220; global_colors_info=&#8220;{}&#8220; custom_padding__hover=&#8220;|||&#8220;][et_pb_divider show_divider=&#8220;off&#8220; _builder_version=&#8220;4.16&#8243; global_colors_info=&#8220;{}&#8220;][\/et_pb_divider][et_pb_text _builder_version=&#8220;4.23.1&#8243; global_colors_info=&#8220;{}&#8220;]<\/p>\n<p align=\"center\"><span style=\"font-family: Helvetica, serif;\"><span style=\"font-size: x-large;\"><span lang=\"de-DE\"><span style=\"color: #ff0000;\"><span style=\"color: #dc291e;\">ERH\u00d6HEN SIE IHRE BETRIEBSSICHERHEIT<\/span>\u00a0<\/span><\/span><\/span><\/span><span style=\"color: #333333;\"><span style=\"font-family: Helvetica, serif;\"><span style=\"font-size: x-large;\"><span lang=\"de-DE\">\u2013 Erh\u00f6hen Sie die Effizienz Ihres Ofens!<\/span><\/span><\/span><\/span><\/p>\n<h3 style=\"text-align: center;\"><span lang=\"DE\">\u00a0<\/span><\/h3>\n<p>[\/et_pb_text][et_pb_divider show_divider=&#8220;off&#8220; _builder_version=&#8220;4.23.1&#8243; global_colors_info=&#8220;{}&#8220;][\/et_pb_divider][et_pb_text _builder_version=&#8220;4.23.1&#8243; global_colors_info=&#8220;{}&#8220;]<\/p>\n<h3 align=\"center\"><span lang=\"de-DE\" style=\"color: #dc291e;\">KOMMEN WIR ZUR SACHE<\/span><\/h3>\n<h3 style=\"text-align: center;\"><span style=\"color: #ff0000;\">\u00a0<\/span><\/h3>\n<p><strong><span lang=\"de-DE\">Der Austausch einer Ofenheizkammer ist aus \u00f6kologischer Sicht doppelt sinnvoll: Es ist kosten- und umweltfreundlich zugleich.<\/span><\/strong><\/p>\n<p><span lang=\"de-DE\">Wir bieten Verbesserungen und umfassende \u00dcberholungen von Heizkammern an, sowohl f\u00fcr Anlagen von SECO\/WARWICK als auch f\u00fcr Anlagen anderer Anbieter. Die \u00dcberholung oder Verbesserung einer Ofenheizkammer sorgt nicht nur f\u00fcr einen reibungslosen Ofenbetrieb, sondern auch f\u00fcr Sicherheit und Kosteneinsparungen.<\/span><\/p>\n<p align=\"right\">\u2026<span lang=\"de-DE\">und das ist erst der Anfang<\/span><\/p>\n<p>&nbsp;<\/p>\n<p>&nbsp;<\/p>\n<p>[\/et_pb_text][et_pb_image src=&#8220;https:\/\/www.secowarwick.com\/wp-content\/uploads\/2019\/09\/Komory-grzejne.jpg&#8220; align=&#8220;center&#8220; align_tablet=&#8220;center&#8220; align_phone=&#8220;center&#8220; align_last_edited=&#8220;on|desktop&#8220; _builder_version=&#8220;4.23.1&#8243; hover_enabled=&#8220;0&#8243; global_colors_info=&#8220;{}&#8220; alt=&#8220;\u00dcberholung und verbesserung der ofenheizkammer&#8220; sticky_enabled=&#8220;0&#8243;][\/et_pb_image][et_pb_divider show_divider=&#8220;off&#8220; _builder_version=&#8220;4.16&#8243; global_colors_info=&#8220;{}&#8220;][\/et_pb_divider][et_pb_text _builder_version=&#8220;4.16&#8243; global_colors_info=&#8220;{}&#8220;]<\/p>\n<p align=\"justify\"><strong><span lang=\"de-DE\">In Systemen zur metallischen W\u00e4rmebehandlung spielt die Heizkammer eine wichtige Rolle. Ihre Beschaffenheit bestimmt die allgemeine Leistung der gesamten Anlage, den Stromverbrauch und die Temperaturverteilung, die sich auf die Endqualit\u00e4t der behandelten Objekte auswirken. Daher wird die Heizkammer h\u00e4ufig als das Herzst\u00fcck des Gesamtsystems erachtet.<\/span><\/strong><\/p>\n<p align=\"justify\"><span lang=\"de-DE\">W\u00e4rmebehandlungs\u00f6fen f\u00fcr Metalle zeichnen sich durch ihre lange Gebrauchsdauer aus. Ein falscher Ofen-Wartungsplan, eine unsachgem\u00e4\u00dfe Ofennutzung oder einfach nur ein Verschlei\u00df kann jedoch zu einem Ausfall und damit zu einer Verringerung der Ofenleistung f\u00fchren. Wenn die Heizkammer abgenutzt ist, muss sie ausgetauscht oder repariert werden.<\/span><\/p>\n<p>[\/et_pb_text][et_pb_divider show_divider=&#8220;off&#8220; _builder_version=&#8220;4.16&#8243; global_colors_info=&#8220;{}&#8220;][\/et_pb_divider][et_pb_text _builder_version=&#8220;4.23.1&#8243; global_colors_info=&#8220;{}&#8220;]<\/p>\n<h3><span lang=\"de-DE\" style=\"color: #dc291e;\">Das Auswechseln der Heizkammer garantiert:<\/span><\/h3>\n<ul>\n<li>St\u00f6rungsfreien Betrieb des Ofens,<\/li>\n<li>Bessere Temperaturverteilung,<\/li>\n<li>Erh\u00f6hte Prozessreinheit,<\/li>\n<li>Begrenzte Heizleistungsverluste,<\/li>\n<li>Bessere W\u00e4rmeeffizienz und -sicherheit.<\/li>\n<\/ul>\n<p><strong><span lang=\"de-DE\">Die Experten von SECO\/WARWICK verf\u00fcgen \u00fcber das Wissen, die F\u00e4higkeiten und die Erfahrung, um Ihre Anlagen effektiver und effizienter zu gestalten.<\/span><\/strong><\/p>\n<p>&nbsp;<\/p>\n<p>[\/et_pb_text][et_pb_text _builder_version=&#8220;4.23.1&#8243; _module_preset=&#8220;default&#8220; global_colors_info=&#8220;{}&#8220;]<\/p>\n<p style=\"text-align: center;\"><a class=\"small-button smallred\" style=\"font-size: 20px; padding: 20px 60px;\" href=\"https:\/\/www.secowarwick.com\/de\/fordern-sie-hier-ihr-angebot-an\/\"><span style=\"display: block; transform: skew(15deg,0deg); -webkit-transform: skew(15deg,0deg); font-size: 20px; !important\">UM EIN ANGEBOT BITTEN<\/span><\/a><\/p>\n<p>[\/et_pb_text][\/et_pb_column][\/et_pb_row][\/et_pb_section]<\/p>\n","protected":false},"excerpt":{"rendered":"<p>ERH\u00d6HEN SIE IHRE BETRIEBSSICHERHEIT\u00a0\u2013 Erh\u00f6hen Sie die Effizienz Ihres Ofens! \u00a0KOMMEN WIR ZUR SACHE \u00a0 Der Austausch einer Ofenheizkammer ist aus \u00f6kologischer Sicht doppelt sinnvoll: Es ist kosten- und umweltfreundlich zugleich. Wir bieten Verbesserungen und umfassende \u00dcberholungen von Heizkammern an, sowohl f\u00fcr Anlagen von SECO\/WARWICK als auch f\u00fcr Anlagen anderer Anbieter. Die \u00dcberholung oder Verbesserung [&hellip;]<\/p>\n","protected":false},"author":2,"featured_media":84792,"parent":84826,"menu_order":0,"comment_status":"closed","ping_status":"closed","template":"","meta":{"_acf_changed":false,"_et_pb_use_builder":"on","_et_pb_old_content":"","_et_gb_content_width":"","footnotes":""},"class_list":["post-84838","page","type-page","status-publish","has-post-thumbnail"],"acf":[],"_links":{"self":[{"href":"https:\/\/www.secowarwick.com\/de\/wp-json\/wp\/v2\/pages\/84838","targetHints":{"allow":["GET"]}}],"collection":[{"href":"https:\/\/www.secowarwick.com\/de\/wp-json\/wp\/v2\/pages"}],"about":[{"href":"https:\/\/www.secowarwick.com\/de\/wp-json\/wp\/v2\/types\/page"}],"author":[{"embeddable":true,"href":"https:\/\/www.secowarwick.com\/de\/wp-json\/wp\/v2\/users\/2"}],"replies":[{"embeddable":true,"href":"https:\/\/www.secowarwick.com\/de\/wp-json\/wp\/v2\/comments?post=84838"}],"version-history":[{"count":4,"href":"https:\/\/www.secowarwick.com\/de\/wp-json\/wp\/v2\/pages\/84838\/revisions"}],"predecessor-version":[{"id":165885,"href":"https:\/\/www.secowarwick.com\/de\/wp-json\/wp\/v2\/pages\/84838\/revisions\/165885"}],"up":[{"embeddable":true,"href":"https:\/\/www.secowarwick.com\/de\/wp-json\/wp\/v2\/pages\/84826"}],"wp:featuredmedia":[{"embeddable":true,"href":"https:\/\/www.secowarwick.com\/de\/wp-json\/wp\/v2\/media\/84792"}],"wp:attachment":[{"href":"https:\/\/www.secowarwick.com\/de\/wp-json\/wp\/v2\/media?parent=84838"}],"curies":[{"name":"wp","href":"https:\/\/api.w.org\/{rel}","templated":true}]}}