{"id":85253,"date":"2017-03-15T15:59:50","date_gmt":"2017-03-15T14:59:50","guid":{"rendered":"http:\/\/www.secowarwick.com\/technik-im-rampenlicht\/heat-treatment-furnaces\/"},"modified":"2019-10-01T15:12:06","modified_gmt":"2019-10-01T13:12:06","slug":"waermebehandlungsoefen-zur-waermebehandlung-von-metallen","status":"publish","type":"page","link":"https:\/\/www.secowarwick.com\/de\/technik-im-rampenlicht\/waermebehandlungsoefen-zur-waermebehandlung-von-metallen\/","title":{"rendered":"W\u00e4rmebehandlungs\u00f6fen zur W\u00e4rmebehandlung von Metallen"},"content":{"rendered":"<p>[et_pb_section bb_built=&#8220;1&#8243; admin_label=&#8220;section&#8220; transparent_background=&#8220;off&#8220; background_color=&#8220;#f9f9f9&#8243; allow_player_pause=&#8220;off&#8220; inner_shadow=&#8220;off&#8220; parallax=&#8220;off&#8220; parallax_method=&#8220;off&#8220; custom_padding=&#8220;10px|||&#8220; padding_mobile=&#8220;off&#8220; make_fullwidth=&#8220;off&#8220; use_custom_width=&#8220;off&#8220; width_unit=&#8220;on&#8220; custom_width_px=&#8220;1080px&#8220; custom_width_percent=&#8220;80%&#8220; make_equal=&#8220;off&#8220; use_custom_gutter=&#8220;off&#8220; fullwidth=&#8220;off&#8220; specialty=&#8220;off&#8220; disabled=&#8220;off&#8220; custom_padding_tablet=&#8220;50px|0|50px|0&#8243; custom_padding_last_edited=&#8220;on|desktop&#8220;][et_pb_row admin_label=&#8220;row&#8220; make_fullwidth=&#8220;off&#8220; use_custom_width=&#8220;off&#8220; width_unit=&#8220;off&#8220; custom_width_px=&#8220;1080px&#8220; custom_width_percent=&#8220;80%&#8220; use_custom_gutter=&#8220;off&#8220; gutter_width=&#8220;3&#8243; padding_mobile=&#8220;off&#8220; allow_player_pause=&#8220;off&#8220; parallax=&#8220;off&#8220; parallax_method=&#8220;on&#8220; make_equal=&#8220;off&#8220; column_padding_mobile=&#8220;on&#8220; parallax_1=&#8220;off&#8220; parallax_method_1=&#8220;on&#8220; parallax_2=&#8220;off&#8220; parallax_method_2=&#8220;on&#8220; parallax_3=&#8220;off&#8220; parallax_method_3=&#8220;on&#8220; parallax_4=&#8220;off&#8220; parallax_method_4=&#8220;on&#8220; disabled=&#8220;off&#8220; background_position=&#8220;top_left&#8220; background_repeat=&#8220;repeat&#8220; background_size=&#8220;initial&#8220;][et_pb_column type=&#8220;4_4&#8243;][et_pb_text text_orientation=&#8220;justified&#8220; use_border_color=&#8220;off&#8220; disabled=&#8220;off&#8220; background_position=&#8220;top_left&#8220; background_repeat=&#8220;repeat&#8220; background_size=&#8220;initial&#8220; _builder_version=&#8220;3.6&#8243;]<\/p>\n<p>SECO\/WARWICK entwickelt und baut seit \u00fcber 30 Jahren kontinuierliche \u00d6fen und Produktionslinien zur W\u00e4rmebehandlung von Rohren f\u00fcr Eisen-, Edelstahl- und Legierungsmaterialien.<\/p>\n<p>&nbsp;<\/p>\n<p><a href=\"https:\/\/www.secowarwick.com\/de\/produkte\/\">Die W\u00e4rmebehandlung<\/a> ist die kontrollierte Erhitzung und Abk\u00fchlung von Metallen, um ihre physikalischen und mechanischen Eigenschaften zu ver\u00e4ndern, ohne die Produktform zu ver\u00e4ndern. Die W\u00e4rmebehandlung erfolgt manchmal unbeabsichtigt durch Herstellungsverfahren, die das Metall entweder erhitzen oder k\u00fchlen, wie beispielsweise beim Schwei\u00dfen oder Formen.<\/p>\n<p>&nbsp;<\/p>\n<p>Die Technologie wird oft mit der Erh\u00f6hung der Materialfestigkeit in Verbindung gebracht, kann aber auch zur \u00c4nderung bestimmter Herstellungsziele eingesetzt werden, wie z.B. Verbesserung der Bearbeitung, Verbesserung der Umformbarkeit, Wiederherstellung der Duktilit\u00e4t nach einem Kaltverformungsvorgang. Somit ist es ein sehr leistungsf\u00e4higer Herstellungsprozess, der nicht nur anderen Herstellungsverfahren helfen kann, sondern auch die Produktleistung durch Erh\u00f6hung der Belastbarkeit oder anderer gew\u00fcnschter Eigenschaften verbessern kann.<\/p>\n<p>&nbsp;<\/p>\n<p>St\u00e4hle eignen sich besonders gut f\u00fcr die W\u00e4rmebehandlung, da sie gut auf die W\u00e4rmebehandlung und die kommerzielle Verwendung von St\u00e4hlen, die von jedem anderen Werkstoff \u00fcberragt werden, reagieren. St\u00e4hle werden aus einem der folgenden Gr\u00fcnde w\u00e4rmebehandelt:<\/p>\n<p>&nbsp;<\/p>\n<ol>\n<li>Enth\u00e4rten<\/li>\n<li>H\u00e4rten<\/li>\n<li>Materielle \u00c4nderung<\/li>\n<\/ol>\n<p>[\/et_pb_text][\/et_pb_column][\/et_pb_row][et_pb_row admin_label=&#8220;row&#8220; make_fullwidth=&#8220;off&#8220; use_custom_width=&#8220;off&#8220; width_unit=&#8220;off&#8220; custom_width_px=&#8220;1080px&#8220; custom_width_percent=&#8220;80%&#8220; use_custom_gutter=&#8220;off&#8220; gutter_width=&#8220;3&#8243; padding_mobile=&#8220;off&#8220; allow_player_pause=&#8220;off&#8220; parallax=&#8220;off&#8220; parallax_method=&#8220;on&#8220; make_equal=&#8220;off&#8220; column_padding_mobile=&#8220;on&#8220; parallax_1=&#8220;off&#8220; parallax_method_1=&#8220;on&#8220; parallax_2=&#8220;off&#8220; parallax_method_2=&#8220;on&#8220; parallax_3=&#8220;off&#8220; parallax_method_3=&#8220;on&#8220; parallax_4=&#8220;off&#8220; parallax_method_4=&#8220;on&#8220; disabled=&#8220;off&#8220; background_position=&#8220;top_left&#8220; background_repeat=&#8220;repeat&#8220; background_size=&#8220;initial&#8220;][et_pb_column type=&#8220;1_2&#8243;][et_pb_text text_orientation=&#8220;justified&#8220; use_border_color=&#8220;off&#8220; disabled=&#8220;off&#8220; background_position=&#8220;top_left&#8220; background_repeat=&#8220;repeat&#8220; background_size=&#8220;initial&#8220; _builder_version=&#8220;3.6&#8243;]<\/p>\n<h2><\/h2>\n<h2>Prozess\u00e4nderungen:<\/h2>\n<ul>\n<li>Hochgl\u00fchen,<\/li>\n<li>Blankgl\u00fchen,<\/li>\n<li>L\u00f6sungsgl\u00fchen,<\/li>\n<li>Spannungsarmgl\u00fchen,<\/li>\n<li>H\u00e4rten &amp; Tempern,<\/li>\n<li>Gl\u00fchen mit Spherodisierung,<\/li>\n<li>R\u00f6hrenaufheizen,<\/li>\n<li>Hei\u00dflochen &amp; Extrusion,<\/li>\n<li>Vorw\u00e4rmen von R\u00f6hren f\u00fcr SRMs.<\/li>\n<\/ul>\n<p>[\/et_pb_text][\/et_pb_column][et_pb_column type=&#8220;1_2&#8243;][et_pb_image _builder_version=&#8220;3.6&#8243; src=&#8220;https:\/\/www.secowarwick.com\/wp-content\/uploads\/2018\/10\/Atmosphere-Heat-Treatment-Furnace-Systems.png&#8220; alt=&#8220;Gas nitriding furnace ZeroFlow from SECO\/WARWICK for atmosphere heat treatment of metals&#8220; title_text=&#8220;ZeroFlow Atmosphere Heat Treatment of Metals&#8220; \/][\/et_pb_column][\/et_pb_row][et_pb_row admin_label=&#8220;row&#8220; make_fullwidth=&#8220;off&#8220; use_custom_width=&#8220;off&#8220; width_unit=&#8220;off&#8220; custom_width_px=&#8220;1080px&#8220; custom_width_percent=&#8220;80%&#8220; use_custom_gutter=&#8220;off&#8220; gutter_width=&#8220;3&#8243; padding_mobile=&#8220;off&#8220; allow_player_pause=&#8220;off&#8220; parallax=&#8220;off&#8220; parallax_method=&#8220;on&#8220; make_equal=&#8220;off&#8220; column_padding_mobile=&#8220;on&#8220; parallax_1=&#8220;off&#8220; parallax_method_1=&#8220;on&#8220; parallax_2=&#8220;off&#8220; parallax_method_2=&#8220;on&#8220; parallax_3=&#8220;off&#8220; parallax_method_3=&#8220;on&#8220; parallax_4=&#8220;off&#8220; parallax_method_4=&#8220;on&#8220; disabled=&#8220;off&#8220; background_position=&#8220;top_left&#8220; background_repeat=&#8220;repeat&#8220; background_size=&#8220;initial&#8220;][et_pb_column type=&#8220;4_4&#8243;][et_pb_text text_orientation=&#8220;justified&#8220; use_border_color=&#8220;off&#8220; disabled=&#8220;off&#8220; background_position=&#8220;top_left&#8220; background_repeat=&#8220;repeat&#8220; background_size=&#8220;initial&#8220; _builder_version=&#8220;3.6&#8243;]<\/p>\n<p>&nbsp;<\/p>\n<h3>Furnace and Production Line Configurations<\/h3>\n<table border=\"0\">\n<tbody>\n<tr>\n<td valign=\"top\">\u00a0Ofen- und Produktionslinienkonfigurationen<\/p>\n<ul>\n<li>Art der Ofenkonstruktion<\/li>\n<li>Rollenherdofen<\/li>\n<li>Hubbalken \/ Herdofen<\/li>\n<li>Band-Durchlaufofen<\/li>\n<li>Sonderausf\u00fchrung<\/li>\n<\/ul>\n<p>Art des Heizsystems<\/p>\n<ul>\n<li>Elektrisch (Widerstandsheizung) befeuert<\/li>\n<li>Brennstoff (Erdgas, LPG) befeuert<\/li>\n<\/ul>\n<\/td>\n<td style=\"vertical-align: top;\" valign=\"top\">Geeignet f\u00fcr den Betrieb unter Atmosph\u00e4renbedingungen.<\/p>\n<ul>\n<li>Luft<\/li>\n<li>Schutz<\/li>\n<li>Vakuum<\/li>\n<li>Wasserstoff<\/li>\n<li>Argon<\/li>\n<\/ul>\n<\/td>\n<\/tr>\n<\/tbody>\n<\/table>\n<h3><\/h3>\n<h2>Der Vorteil von SECO\/WARWICK<\/h2>\n<ul>\n<li>Ma\u00dfgeschneiderte Anlagen, die alle Ihre individuellen Anforderungen erf\u00fcllen,<\/li>\n<li>Expanite\u00ae-Technologie zur Oberfl\u00e4chenh\u00e4rtung von Edelstahl,<\/li>\n<li>Rollen, die bei Temperaturen von bis zu 1230 &#8222;C (225O &#8222;F) ohne K\u00fchlwassersystem betrieben werden k\u00f6nnen,<\/li>\n<li>Kalttests sind vor dem Versand \u00fcblich; auf Wunsch ist eine Hei\u00dfpr\u00fcfung m\u00f6glich,<\/li>\n<li>Verf\u00fcgbarkeit auf bis zu 97%,<\/li>\n<li>Computergest\u00fctztes Instandhaltungsmanagementsystem (CMMS),<\/li>\n<li>Online-Service,<\/li>\n<li>Heizelemente, die ohne Prozessunterbrechung ausgetauscht werden k\u00f6nnen,<\/li>\n<li>Erleben Sie die Verarbeitung verschiedenster Materialien wie Kohlenstoffstahl, Edelstahl, lnconel, Kupferlegierungen, Berylliumkupfer und Titan,<\/li>\n<li>\u00d6fen mit einer L\u00e4nge von bis zu 108 Metern (354 Fu\u00df),<\/li>\n<li>\u00d6fen im Schutzbereich (Wasserstoff, Stickstoff, Argon), Standard-Vakuum- und Vakuumsp\u00fcloptionen.<\/li>\n<\/ul>\n<p>&nbsp;<\/p>\n<h3><\/h3>\n<h3><\/h3>\n<p>[\/et_pb_text][\/et_pb_column][\/et_pb_row][et_pb_row admin_label=&#8220;row&#8220; make_fullwidth=&#8220;off&#8220; use_custom_width=&#8220;off&#8220; width_unit=&#8220;off&#8220; custom_width_px=&#8220;1080px&#8220; custom_width_percent=&#8220;80%&#8220; use_custom_gutter=&#8220;off&#8220; gutter_width=&#8220;3&#8243; padding_mobile=&#8220;off&#8220; allow_player_pause=&#8220;off&#8220; parallax=&#8220;off&#8220; parallax_method=&#8220;on&#8220; make_equal=&#8220;off&#8220; column_padding_mobile=&#8220;on&#8220; parallax_1=&#8220;off&#8220; parallax_method_1=&#8220;on&#8220; parallax_2=&#8220;off&#8220; parallax_method_2=&#8220;on&#8220; parallax_3=&#8220;off&#8220; parallax_method_3=&#8220;on&#8220; parallax_4=&#8220;off&#8220; parallax_method_4=&#8220;on&#8220; disabled=&#8220;off&#8220; background_position=&#8220;top_left&#8220; background_repeat=&#8220;repeat&#8220; background_size=&#8220;initial&#8220;][et_pb_column type=&#8220;1_2&#8243;][et_pb_image _builder_version=&#8220;3.6&#8243; src=&#8220;https:\/\/www.secowarwick.com\/wp-content\/uploads\/2018\/12\/CaseMaster.jpg&#8220; alt=&#8220;CaseMaster a multi purpose Sealed Quench chamber furnace from SECO\/WARWICK for Atmosphere Heat Treatment&#8220; title_text=&#8220;CaseMaster Furnace for Atmosphere Heat Treatment&#8220; \/][\/et_pb_column][et_pb_column type=&#8220;1_2&#8243;][et_pb_image _builder_version=&#8220;3.6&#8243; src=&#8220;https:\/\/www.secowarwick.com\/wp-content\/uploads\/2018\/12\/Roller-Hearth.jpg&#8220; title_text=&#8220;Roller Hearth for Atmosphere Heat Treatment&#8220; alt=&#8220;Roller Hearth Furnace from SECO\/WARWICK for Atmosphere Heat Treatment&#8220; \/][\/et_pb_column][\/et_pb_row][\/et_pb_section]<\/p>\n","protected":false},"excerpt":{"rendered":"<p>SECO\/WARWICK entwickelt und baut seit \u00fcber 30 Jahren kontinuierliche \u00d6fen und Produktionslinien zur W\u00e4rmebehandlung von Rohren f\u00fcr Eisen-, Edelstahl- und Legierungsmaterialien. &nbsp; Die W\u00e4rmebehandlung ist die kontrollierte Erhitzung und Abk\u00fchlung von Metallen, um ihre physikalischen und mechanischen Eigenschaften zu ver\u00e4ndern, ohne die Produktform zu ver\u00e4ndern. Die W\u00e4rmebehandlung erfolgt manchmal unbeabsichtigt durch Herstellungsverfahren, die das Metall [&hellip;]<\/p>\n","protected":false},"author":2,"featured_media":0,"parent":7249,"menu_order":0,"comment_status":"closed","ping_status":"closed","template":"","meta":{"_acf_changed":false,"_et_pb_use_builder":"on","_et_pb_old_content":"","_et_gb_content_width":"","footnotes":""},"class_list":["post-85253","page","type-page","status-publish"],"acf":[],"_links":{"self":[{"href":"https:\/\/www.secowarwick.com\/de\/wp-json\/wp\/v2\/pages\/85253","targetHints":{"allow":["GET"]}}],"collection":[{"href":"https:\/\/www.secowarwick.com\/de\/wp-json\/wp\/v2\/pages"}],"about":[{"href":"https:\/\/www.secowarwick.com\/de\/wp-json\/wp\/v2\/types\/page"}],"author":[{"embeddable":true,"href":"https:\/\/www.secowarwick.com\/de\/wp-json\/wp\/v2\/users\/2"}],"replies":[{"embeddable":true,"href":"https:\/\/www.secowarwick.com\/de\/wp-json\/wp\/v2\/comments?post=85253"}],"version-history":[{"count":0,"href":"https:\/\/www.secowarwick.com\/de\/wp-json\/wp\/v2\/pages\/85253\/revisions"}],"up":[{"embeddable":true,"href":"https:\/\/www.secowarwick.com\/de\/wp-json\/wp\/v2\/pages\/7249"}],"wp:attachment":[{"href":"https:\/\/www.secowarwick.com\/de\/wp-json\/wp\/v2\/media?parent=85253"}],"curies":[{"name":"wp","href":"https:\/\/api.w.org\/{rel}","templated":true}]}}