{"id":85555,"date":"2017-03-15T08:58:17","date_gmt":"2017-03-15T07:58:17","guid":{"rendered":"http:\/\/www.secowarwick.com\/technik-im-rampenlicht\/precision-case-hardening-high-volume-manufacturing\/"},"modified":"2025-10-30T15:58:10","modified_gmt":"2025-10-30T14:58:10","slug":"praezisions-einsatzhaerten-fuer-die-grossserienfertigung","status":"publish","type":"page","link":"https:\/\/www.secowarwick.com\/de\/technik-im-rampenlicht\/praezisions-einsatzhaerten-fuer-die-grossserienfertigung\/","title":{"rendered":"Durchlauf\u00f6fen \u2013 Einsatzh\u00e4rten und Niederdruckkohlen (LPC) f\u00fcr Gro\u00dfserienfertigung | Single-piece flow (Ein-St\u00fcck-Flu\u00df)"},"content":{"rendered":"<p>[et_pb_section fb_built=&#8220;1&#8243; _builder_version=&#8220;4.16&#8243; global_colors_info=&#8220;{}&#8220;][et_pb_row _builder_version=&#8220;4.16&#8243; background_size=&#8220;initial&#8220; background_position=&#8220;top_left&#8220; background_repeat=&#8220;repeat&#8220; global_colors_info=&#8220;{}&#8220;][et_pb_column type=&#8220;4_4&#8243; _builder_version=&#8220;4.16&#8243; custom_padding=&#8220;|||&#8220; global_colors_info=&#8220;{}&#8220; custom_padding__hover=&#8220;|||&#8220;][et_pb_image src=&#8220;https:\/\/www.secowarwick.com\/wp-content\/uploads\/2019\/11\/slider-Unicase-Master.jpg&#8220; alt=&#8220;Durchlauf\u00f6fen \u2013 Einsatzh\u00e4rten und Niederdruckkohlen (LPC) f\u00fcr Gro\u00dfserienfertigung | Single-piece flow (Ein-St\u00fcck-Flu\u00df) UniCase Master\u00ae&#8220; title_text=&#8220;Durchlauf\u00f6fen \u2013 Einsatzh\u00e4rten und Niederdruckkohlen (LPC) f\u00fcr Gro\u00dfserienfertigung | Single-piece flow (Ein-St\u00fcck-Flu\u00df) UniCase Master\u00ae&#8220; align_tablet=&#8220;center&#8220; align_phone=&#8220;&#8220; align_last_edited=&#8220;on|desktop&#8220; _builder_version=&#8220;4.16&#8243; global_colors_info=&#8220;{}&#8220;][\/et_pb_image][\/et_pb_column][\/et_pb_row][\/et_pb_section][et_pb_section fb_built=&#8220;1&#8243; admin_label=&#8220;section&#8220; _builder_version=&#8220;4.16&#8243; global_colors_info=&#8220;{}&#8220;][et_pb_row column_structure=&#8220;3_4,1_4&#8243; admin_label=&#8220;row&#8220; _builder_version=&#8220;4.16&#8243; background_size=&#8220;initial&#8220; background_position=&#8220;top_left&#8220; background_repeat=&#8220;repeat&#8220; global_colors_info=&#8220;{}&#8220;][et_pb_column type=&#8220;3_4&#8243; _builder_version=&#8220;4.16&#8243; custom_padding=&#8220;|||&#8220; global_colors_info=&#8220;{}&#8220; custom_padding__hover=&#8220;|||&#8220;][et_pb_text module_class=&#8220;podtytuly&#8220; _builder_version=&#8220;4.23.1&#8243; background_size=&#8220;initial&#8220; background_position=&#8220;top_left&#8220; background_repeat=&#8220;repeat&#8220; use_border_color=&#8220;off&#8220; global_colors_info=&#8220;{}&#8220;]<\/p>\n<h1>Durchlauf\u00f6fen \u2013 Einsatzh\u00e4rten und Niederdruckkohlen (LPC) f\u00fcr Gro\u00dfserienfertigung| Single-piece flow (Ein-St\u00fcck-Flu\u00df)<\/h1>\n<p>&nbsp;<\/p>\n<h2>UniCase Master \u2013 Technologie, die ein konventionelles Verfahren zur Oberfl\u00e4chenh\u00e4rtung herausfordert<\/h2>\n<p><iframe loading=\"lazy\" src=\"\/\/www.youtube.com\/embed\/q9-zQ91mJm4\" width=\"560\" height=\"314\" allowfullscreen=\"allowfullscreen\"><\/iframe><\/p>\n<p>Der UniCase Master (UCM) ist ein neuer Ansatz zur Reduzierung des Verzugs von Zahnr\u00e4dern in&nbsp;der Serienfertigung, der herk\u00f6mmliche Einsatzh\u00e4rtemethoden mit einem einflutigen, pr\u00e4zisen Einsatzh\u00e4rtesystem f\u00fcr die Gro\u00dfserienfertigung herausfordert.\u00a0 Erfahren Sie mehr \u00fcber den Prozess, indem Sie sich dieses Videointerview mit SECO\/WARWICK Global Vize-Pr\u00e4sident Maciej Korecki ansehen.<\/p>\n<p>[\/et_pb_text][et_pb_cta title=&#8220;UniCase Master stellt konventionelle Einsatzh\u00e4rtemethoden in Frage, indem er die Ausr\u00fcstung und das Verfahren zur kontinuierlichen W\u00e4rmebehandlung von Getrieben revolutioniert. &#8220; _builder_version=&#8220;4.23.1&#8243; background_size=&#8220;initial&#8220; background_position=&#8220;top_left&#8220; background_repeat=&#8220;repeat&#8220; use_border_color=&#8220;off&#8220; global_colors_info=&#8220;{}&#8220; button_text_size__hover_enabled=&#8220;off&#8220; button_one_text_size__hover_enabled=&#8220;off&#8220; button_two_text_size__hover_enabled=&#8220;off&#8220; button_text_color__hover_enabled=&#8220;off&#8220; button_one_text_color__hover_enabled=&#8220;off&#8220; button_two_text_color__hover_enabled=&#8220;off&#8220; button_border_width__hover_enabled=&#8220;off&#8220; button_one_border_width__hover_enabled=&#8220;off&#8220; button_two_border_width__hover_enabled=&#8220;off&#8220; button_border_color__hover_enabled=&#8220;off&#8220; button_one_border_color__hover_enabled=&#8220;off&#8220; button_two_border_color__hover_enabled=&#8220;off&#8220; button_border_radius__hover_enabled=&#8220;off&#8220; button_one_border_radius__hover_enabled=&#8220;off&#8220; button_two_border_radius__hover_enabled=&#8220;off&#8220; button_letter_spacing__hover_enabled=&#8220;off&#8220; button_one_letter_spacing__hover_enabled=&#8220;off&#8220; button_two_letter_spacing__hover_enabled=&#8220;off&#8220; button_bg_color__hover_enabled=&#8220;off&#8220; button_one_bg_color__hover_enabled=&#8220;off&#8220; button_two_bg_color__hover_enabled=&#8220;off&#8220;][\/et_pb_cta][et_pb_text _builder_version=&#8220;4.23.1&#8243; background_size=&#8220;initial&#8220; background_position=&#8220;top_left&#8220; background_repeat=&#8220;repeat&#8220; use_border_color=&#8220;off&#8220; global_colors_info=&#8220;{}&#8220;]<\/p>\n<p>Das Aufkohlen und Abschrecken von Stahlzahnr\u00e4dern liefert die f\u00fcr ein langlebiges Zahnrad notwendigen oberfl\u00e4chengeh\u00e4rteten Z\u00e4hne und den flexiblen Kern.Die W\u00e4rmebehandlung, insbesondere das Abschrecken, erzeugt einen Verzug. Ein Verzug wird meist durch den kostspieligen Prozess der Nachw\u00e4rmbehandlung korrigiert. Das Ziel jedes gro\u00dfvolumigen W\u00e4rmebehandlungsprozesses mit Zahnr\u00e4dern ist die Beseitigung oder Reduzierung vom Verzug.<\/p>\n<p>Um die Hauptursachen der Verformung w\u00e4hrend der W\u00e4rmebehandlung zu beheben und ein Verfahren zur Kontrolle, Korrektur und Beseitigung vom Verzug zu schaffen, hat SECO\/WARWICK ein neues Konzept entwickelt &#8211; den\u00a0<strong>UniCase Master, ein einteiliges Flie\u00dfh\u00e4rtesystem<\/strong>.Dieses System passt sich der Gr\u00f6\u00dfe und Form des jeweiligen Zahnrades an, um Verzerrungen zu minimieren und eine ideale Wiederholgenauigkeit der Ergebnisse von Zahnrad zu Zahnrad zu gew\u00e4hrleisten. Es\u00a0handelt sich um ein kompaktes System, das f\u00fcr die W\u00e4rmebehandlung von Zahnr\u00e4dern mit hohem Volumen entwickelt wurde und sich ideal f\u00fcr schlanke Fertigungskonfigurationen eignet. Dieses System l\u00e4sst sich problemlos in\u00a0Bearbeitungszentren integrieren.<\/p>\n<p>&nbsp;<\/p>\n<p>[\/et_pb_text][et_pb_code disabled_on=&#8220;off|off|off&#8220; _builder_version=&#8220;4.23.1&#8243; global_colors_info=&#8220;{}&#8220;]<iframe loading=\"lazy\" src=\"\/\/www.slideshare.net\/slideshow\/embed_code\/key\/rbtJhO6kkoLwIO\" width=\"100%\" height=\"460px\" frameborder=\"0\" marginwidth=\"0\" marginheight=\"0\" scrolling=\"no\" style=\"border:1px solid #CCC; border-width:1px; margin-bottom:5px; max-width: 100%;\" allowfullscreen> <\/iframe> <\/p>\n<div style=\"margin-bottom:5px\"> <strong> <a href=\"\/\/www.slideshare.net\/SECOWARWICK\/unicase-master\" title=\"UniCase Master\u00ae\" target=\"_blank\" rel=\"noopener\">UniCase Master<\/a> <\/strong> from <strong><a href=\"https:\/\/www.slideshare.net\/SECOWARWICK\" target=\"_blank\" rel=\"noopener\">SECO\/WARWICK<\/a><\/strong> <\/div>\n<p><!-- [et_pb_line_break_holder] -->[\/et_pb_code][et_pb_text _builder_version=&#8220;4.16&#8243; background_size=&#8220;initial&#8220; background_position=&#8220;top_left&#8220; background_repeat=&#8220;repeat&#8220; use_border_color=&#8220;off&#8220; global_colors_info=&#8220;{}&#8220;]<iframe loading=\"lazy\" src=\"\/\/www.youtube.com\/embed\/0aQGICkQT0s\" width=\"560\" height=\"314\" allowfullscreen=\"allowfullscreen\"><\/iframe>[\/et_pb_text][et_pb_code admin_label=&#8220;crm-rfq-de&#8220; _builder_version=&#8220;4.10.3&#8243; _module_preset=&#8220;default&#8220; global_module=&#8220;123766&#8243; global_colors_info=&#8220;{}&#8220;]<!-- [et_pb_line_break_holder] --><pee style=\"text-align: center;\"><a class=\"small-button smallred\" style=\"font-size: 20px; padding: 20px 60px;\" href=\"https:\/\/www.secowarwick.com\/de\/fordern-sie-hier-ihr-angebot-an\/\"><span style=\"display: block; transform: skew(15deg,0deg); -webkit-transform: skew(15deg,0deg); font-size: 20px; !important\">UM EIN ANGEBOT BITTEN<\/span><\/a><\/pee>[\/et_pb_code][et_pb_text _builder_version=&#8220;4.16&#8243; global_colors_info=&#8220;{}&#8220;]<\/p>\n<p>&nbsp;<\/p>\n<p><a href=\"https:\/\/www.secowarwick.com\/wp-content\/uploads\/2017\/03\/EU3.png\"><img decoding=\"async\" class=\"wp-image-8424 size-full aligncenter\" src=\"https:\/\/www.secowarwick.com\/wp-content\/uploads\/2017\/03\/EU3.png\" alt=\"eu3\" width=\"600\" height=\"82\" srcset=\"https:\/\/www.secowarwick.com\/wp-content\/uploads\/2017\/03\/EU3.png 600w, https:\/\/www.secowarwick.com\/wp-content\/uploads\/2017\/03\/EU3-150x21.png 150w, https:\/\/www.secowarwick.com\/wp-content\/uploads\/2017\/03\/EU3-300x41.png 300w\" sizes=\"(max-width: 600px) 100vw, 600px\" \/><\/a><\/p>\n<p>[\/et_pb_text][\/et_pb_column][et_pb_column type=&#8220;1_4&#8243; _builder_version=&#8220;4.16&#8243; custom_padding=&#8220;|||&#8220; global_colors_info=&#8220;{}&#8220; custom_padding__hover=&#8220;|||&#8220;][et_pb_gallery gallery_ids=&#8220;57850,58529,86622&#8243; posts_number=&#8220;1&#8243; show_title_and_caption=&#8220;off&#8220; show_pagination=&#8220;off&#8220; zoom_icon_color=&#8220;#e2001a&#8220; module_class=&#8220;seco-products-gallery-new&#8220; _builder_version=&#8220;4.16&#8243; custom_css_overlay_icon=&#8220;content:&#8217;GALERIE ANSEHEN&#8216; !important;&#8220; global_colors_info=&#8220;{}&#8220;][\/et_pb_gallery][et_pb_text admin_label=&#8220;btn_de_premiumlibrary&#8220; module_class=&#8220;premium-library-button&#8220; _builder_version=&#8220;4.23.1&#8243; _module_preset=&#8220;default&#8220; text_orientation=&#8220;center&#8220; global_module=&#8220;157246&#8243; global_colors_info=&#8220;{}&#8220;]<\/p>\n<a href='https:\/\/www.secowarwick.com\/de\/premiuminhalte\/' class='small-button smallred'><span>PREMIUMINHALTE<\/span><\/a>\n<p>[\/et_pb_text][et_pb_text admin_label=&#8220;R&#038;D de&#8220; module_class=&#8220;product_widget_wrap_rd&#8220; _builder_version=&#8220;4.23.1&#8243; _module_preset=&#8220;default&#8220; text_orientation=&#8220;center&#8220; global_module=&#8220;167836&#8243; saved_tabs=&#8220;all&#8220; locked=&#8220;off&#8220; global_colors_info=&#8220;{}&#8220;]<\/p>\n<p><a href=\"https:\/\/www.secowarwick.com\/de\/rd\/\"><span class=\"product_wigtet_name\">R&amp;D<\/span><\/a><\/p>\n<p>[\/et_pb_text][et_pb_text admin_label=&#8220;AUTOMATYKA de&#8220; module_class=&#8220;product_widget_wrap_automation&#8220; _builder_version=&#8220;4.23.1&#8243; _module_preset=&#8220;default&#8220; global_module=&#8220;167905&#8243; saved_tabs=&#8220;all&#8220; locked=&#8220;off&#8220; global_colors_info=&#8220;{}&#8220;]<\/p>\n<p><a href=\"https:\/\/www.secowarwick.com\/de\/service\/automatisierung\/\"><span class=\"product_wigtet_name\">AUTOMATISIERUNG<\/span><\/a><\/p>\n<p>[\/et_pb_text][et_pb_text admin_label=&#8220;SERVICE de&#8220; module_class=&#8220;product_widget_wrap_service&#8220; _builder_version=&#8220;4.23.1&#8243; _module_preset=&#8220;default&#8220; global_module=&#8220;167860&#8243; saved_tabs=&#8220;all&#8220; locked=&#8220;off&#8220; global_colors_info=&#8220;{}&#8220;]<\/p>\n<p><a href=\"https:\/\/www.secowarwick.com\/de\/professionelle-service-dienstleistungen\/\"><span class=\"product_wigtet_name\">SERVICE<\/span><\/a><\/p>\n<p>[\/et_pb_text][et_pb_text admin_label=&#8220;SUPLEMENTALS de&#8220; module_class=&#8220;product_widget_wrap_supleme&#8220; _builder_version=&#8220;4.23.1&#8243; _module_preset=&#8220;default&#8220; global_module=&#8220;167915&#8243; saved_tabs=&#8220;all&#8220; locked=&#8220;off&#8220; global_colors_info=&#8220;{}&#8220;]<\/p>\n<p><span class=\"product_wigtet_name\">ZUSATZSTOFFE:<\/span><\/p>\n<p>[\/et_pb_text][et_pb_text admin_label=&#8220;Product brochure&#8220; module_class=&#8220;suplementals_product_brochure suplementals_wrap&#8220; _builder_version=&#8220;4.23.1&#8243; _module_preset=&#8220;default&#8220; hover_enabled=&#8220;0&#8243; locked=&#8220;off&#8220; global_colors_info=&#8220;{}&#8220; sticky_enabled=&#8220;0&#8243;]<\/p>\n<p><a href=\"https:\/\/www.secowarwick.com\/wp-content\/uploads\/2025\/10\/VAC-UniCase-Master-WWW.pdf\" target=\"_blank\" rel=\"noopener\">Produktbrosch\u00fcre<\/a><\/p>\n<p>[\/et_pb_text][et_pb_text admin_label=&#8220;Product catalogue de&#8220; module_class=&#8220;suplementals_product_catalogue suplementals_wrap&#8220; _builder_version=&#8220;4.23.1&#8243; _module_preset=&#8220;default&#8220; global_module=&#8220;169659&#8243; saved_tabs=&#8220;all&#8220; locked=&#8220;off&#8220; global_colors_info=&#8220;{}&#8220;]<\/p>\n<p><a href=\"https:\/\/www.secowarwick.com\/wp-content\/uploads\/2025\/01\/VAC_catalogue_2024_web.pdf\" target=\"_blank\" rel=\"noopener\">Produktkatalog<\/a><\/p>\n<p>[\/et_pb_text][et_pb_text admin_label=&#8220;Product movie playlista de&#8220; module_class=&#8220;suplementals_product_movie suplementals_wrap&#8220; _builder_version=&#8220;4.23.1&#8243; _module_preset=&#8220;default&#8220; global_module=&#8220;169661&#8243; saved_tabs=&#8220;all&#8220; locked=&#8220;off&#8220; global_colors_info=&#8220;{}&#8220;]<\/p>\n<p><a href=\"https:\/\/www.youtube.com\/playlist?list=PLa0hhW_hoQqEsIHM5LQtr9h_9UlwGFBO8\" target=\"_blank\" rel=\"noopener\">Produktvideo<\/a><\/p>\n<p>[\/et_pb_text][et_pb_text admin_label=&#8220;dnabook-de&#8220; module_class=&#8220;suplementals_product_dna suplementals_wrap&#8220; _builder_version=&#8220;4.23.1&#8243; _module_preset=&#8220;default&#8220; global_module=&#8220;167874&#8243; saved_tabs=&#8220;all&#8220; locked=&#8220;off&#8220; global_colors_info=&#8220;{}&#8220;]<\/p>\n<p><a href=\"https:\/\/www.secowarwick.com\/wp-content\/uploads\/2025\/07\/DNA_BOOK.pdf\" target=\"_blank\" rel=\"noopener\">DNA\/BOOK<\/a><\/p>\n<p>[\/et_pb_text][et_pb_text admin_label=&#8220;ECO\/BOOK-de&#8220; module_class=&#8220;suplementals_product_eco suplementals_wrap&#8220; _builder_version=&#8220;4.23.1&#8243; _module_preset=&#8220;default&#8220; global_module=&#8220;167797&#8243; locked=&#8220;off&#8220; global_colors_info=&#8220;{}&#8220;]<\/p>\n<p><a href=\"https:\/\/www.secowarwick.com\/wp-content\/uploads\/2023\/06\/ECOBOOK.pdf\" target=\"_blank\" rel=\"noopener\">ECO\/BOOK<\/a><\/p>\n<p>[\/et_pb_text][et_pb_text admin_label=&#8220;product-widget-rfq-de&#8220; module_class=&#8220;product_widget_wrap_rfq-en&#8220; _builder_version=&#8220;4.23.1&#8243; _module_preset=&#8220;default&#8220; global_module=&#8220;186250&#8243; saved_tabs=&#8220;all&#8220; locked=&#8220;off&#8220; global_colors_info=&#8220;{}&#8220;]<\/p>\n<p style=\"text-align: center;\"><a class=\"small-button smallred\" href=\"https:\/\/www.secowarwick.com\/de\/fordern-sie-hier-ihr-angebot-an\/\"><span class=\"product_wigtet_name\">FRAGE NACH MEHR<\/span><\/a><\/p>\n<p>[\/et_pb_text][\/et_pb_column][\/et_pb_row][\/et_pb_section]<\/p>\n","protected":false},"excerpt":{"rendered":"<p>Durchlauf\u00f6fen \u2013 Einsatzh\u00e4rten und Niederdruckkohlen (LPC) f\u00fcr Gro\u00dfserienfertigung| Single-piece flow (Ein-St\u00fcck-Flu\u00df) &nbsp; UniCase Master \u2013 Technologie, die ein konventionelles Verfahren zur Oberfl\u00e4chenh\u00e4rtung herausfordert Der UniCase Master (UCM) ist ein neuer Ansatz zur Reduzierung des Verzugs von Zahnr\u00e4dern in&nbsp;der Serienfertigung, der herk\u00f6mmliche Einsatzh\u00e4rtemethoden mit einem einflutigen, pr\u00e4zisen Einsatzh\u00e4rtesystem f\u00fcr die Gro\u00dfserienfertigung herausfordert.\u00a0 Erfahren Sie mehr \u00fcber [&hellip;]<\/p>\n","protected":false},"author":2,"featured_media":86622,"parent":7249,"menu_order":0,"comment_status":"closed","ping_status":"closed","template":"","meta":{"_acf_changed":false,"_et_pb_use_builder":"on","_et_pb_old_content":"","_et_gb_content_width":"","footnotes":""},"class_list":["post-85555","page","type-page","status-publish","has-post-thumbnail"],"acf":[],"_links":{"self":[{"href":"https:\/\/www.secowarwick.com\/de\/wp-json\/wp\/v2\/pages\/85555","targetHints":{"allow":["GET"]}}],"collection":[{"href":"https:\/\/www.secowarwick.com\/de\/wp-json\/wp\/v2\/pages"}],"about":[{"href":"https:\/\/www.secowarwick.com\/de\/wp-json\/wp\/v2\/types\/page"}],"author":[{"embeddable":true,"href":"https:\/\/www.secowarwick.com\/de\/wp-json\/wp\/v2\/users\/2"}],"replies":[{"embeddable":true,"href":"https:\/\/www.secowarwick.com\/de\/wp-json\/wp\/v2\/comments?post=85555"}],"version-history":[{"count":13,"href":"https:\/\/www.secowarwick.com\/de\/wp-json\/wp\/v2\/pages\/85555\/revisions"}],"predecessor-version":[{"id":186469,"href":"https:\/\/www.secowarwick.com\/de\/wp-json\/wp\/v2\/pages\/85555\/revisions\/186469"}],"up":[{"embeddable":true,"href":"https:\/\/www.secowarwick.com\/de\/wp-json\/wp\/v2\/pages\/7249"}],"wp:featuredmedia":[{"embeddable":true,"href":"https:\/\/www.secowarwick.com\/de\/wp-json\/wp\/v2\/media\/86622"}],"wp:attachment":[{"href":"https:\/\/www.secowarwick.com\/de\/wp-json\/wp\/v2\/media?parent=85555"}],"curies":[{"name":"wp","href":"https:\/\/api.w.org\/{rel}","templated":true}]}}