{"id":86604,"date":"2020-01-14T09:21:48","date_gmt":"2020-01-14T08:21:48","guid":{"rendered":"http:\/\/www.secowarwick.com\/?page_id=86604"},"modified":"2025-10-30T12:33:28","modified_gmt":"2025-10-30T11:33:28","slug":"aftermarket-fur-cab-anlagen","status":"publish","type":"page","link":"https:\/\/www.secowarwick.com\/de\/produkte\/hartloeten-unter-kontrollierter-atmosphaere\/aftermarket-fur-cab-anlagen\/","title":{"rendered":"Aftermarkt f\u00fcr CAB-Anlagen"},"content":{"rendered":"<p>[et_pb_section fb_built=&#8220;1&#8243; _builder_version=&#8220;4.16&#8243; global_colors_info=&#8220;{}&#8220;][et_pb_row _builder_version=&#8220;4.16&#8243; background_size=&#8220;initial&#8220; background_position=&#8220;top_left&#8220; background_repeat=&#8220;repeat&#8220; global_colors_info=&#8220;{}&#8220;][et_pb_column type=&#8220;4_4&#8243; _builder_version=&#8220;4.16&#8243; custom_padding=&#8220;|||&#8220; global_colors_info=&#8220;{}&#8220; custom_padding__hover=&#8220;|||&#8220;][et_pb_image src=&#8220;https:\/\/www.secowarwick.com\/wp-content\/uploads\/2019\/12\/slider-AFTERMARKET-CAB.jpg&#8220; alt=&#8220;Aftermarkt f\u00fcr CAB-Anlagen SECO\/WARWICK&#8220; title_text=&#8220;Aftermarkt f\u00fcr CAB-Anlagen  SECO\/WARWICK&#8220; align_tablet=&#8220;center&#8220; align_phone=&#8220;&#8220; align_last_edited=&#8220;on|desktop&#8220; _builder_version=&#8220;4.16&#8243; global_colors_info=&#8220;{}&#8220;][\/et_pb_image][\/et_pb_column][\/et_pb_row][et_pb_row column_structure=&#8220;3_4,1_4&#8243; _builder_version=&#8220;4.16&#8243; background_size=&#8220;initial&#8220; background_position=&#8220;top_left&#8220; background_repeat=&#8220;repeat&#8220; global_colors_info=&#8220;{}&#8220;][et_pb_column type=&#8220;3_4&#8243; _builder_version=&#8220;4.16&#8243; custom_padding=&#8220;|||&#8220; global_colors_info=&#8220;{}&#8220; custom_padding__hover=&#8220;|||&#8220;][et_pb_breadcrumbs _builder_version=&#8220;3.6&#8243; global_colors_info=&#8220;{}&#8220;][\/et_pb_breadcrumbs][et_pb_text module_class=&#8220;podtytuly&#8220; _builder_version=&#8220;4.23.1&#8243; global_colors_info=&#8220;{}&#8220;]<\/p>\n<h1>Aftermarkt f\u00fcr CAB-Anlagen<\/h1>\n<h2>Austausch, Dienstleistungen und Ersatzteile f\u00fcr CAB-Ger\u00e4te<\/h2>\n<p>SECO\/WARWICK bietet technischen Kundendienst und Ersatzteile f\u00fcr alle betriebseigenen Produkte und f\u00fcr einige andere Ger\u00e4te von anderen Herstellern. SECO\/WARWICK hat sowohl Ersatzteile- als auch Umbauservices f\u00fcr andere Hersteller erfolgreich durchgef\u00fchrt. Techniker stehen f\u00fcr Ger\u00e4teausf\u00e4lle, Umbauten, Upgrades, Ger\u00e4teverlagerungen, Fehlerbehebung und zur vorbeugenden Wartung zur Verf\u00fcgung.<\/p>\n<p>[\/et_pb_text][et_pb_tabs module_class=&#8220;red-tabs&#8220; _builder_version=&#8220;4.23.1&#8243; custom_css_main_element=&#8220;margin-top: 2rem;||margin-bottom: 2rem;&#8220; global_colors_info=&#8220;{}&#8220;][et_pb_tab title=&#8220;\u00dcberblick&#8220; _builder_version=&#8220;4.23.1&#8243; global_colors_info=&#8220;{}&#8220;]<\/p>\n<h2>SECO\/WARWICK ist spezialisiert auf die Lieferung von Ofenteilen aller Art, einschlie\u00dflich:<\/h2>\n<p><strong><span style=\"color: #e30f00;\">\/<\/span><\/strong> Heizelemente<br \/><span style=\"color: #e30f00;\"><strong>\/<\/strong>\u00a0<\/span>Elemente der keramischen Isolierung<br \/><span style=\"color: #e30f00;\"><strong>\/<\/strong>\u00a0<\/span>Komponenten der Gasheizungsanlage<br \/><strong><span style=\"color: #e30f00;\">\/<\/span><\/strong> L\u00fcfterbaugruppen<br \/><strong><span style=\"color: #e30f00;\">\/<\/span><\/strong> Thermoelemente<br \/><strong><span style=\"color: #e30f00;\">\/<\/span><\/strong> Muffeln<br \/><strong><span style=\"color: #e30f00;\">\/<\/span><\/strong> Gurtf\u00f6rderer<br \/><strong><span style=\"color: #e30f00;\">\/<\/span><\/strong> Sauerstoffanalysatoren<br \/><strong><span style=\"color: #e30f00;\">\/<\/span><\/strong> Fluxerteile: D\u00fcsen, Pumpen, Durchflussmesser, Filter<br \/><strong><span style=\"color: #e30f00;\">\/<\/span><\/strong> Teile von elektrischen Systemen: Frequenzumrichter<br \/><strong><span style=\"color: #e30f00;\">\/<\/span><\/strong> Thyristorsteuerungen, PLC<br \/><strong><span style=\"color: #e30f00;\">\/<\/span><\/strong> Komplette Wartungsteils\u00e4tze<\/p>\n<p>[\/et_pb_tab][et_pb_tab title=&#8220;Eigenschaften&#8220; _builder_version=&#8220;4.23.1&#8243; global_colors_info=&#8220;{}&#8220;]<\/p>\n<h2>CAB-Linienmodifikation und Dienstleistungen<\/h2>\n<p>SECO\/WARWICK verf\u00fcgt \u00fcber das Wissen und die Erfahrung, um Reparaturen und Upgrades einer CAB-Anlage durchzuf\u00fchren, unabh\u00e4ngig davon, ob sie von SECO\/WARWICK oder anderen Herstellern kommt:<\/p>\n<p><strong><span style=\"color: #e30f00;\">\/<\/span><\/strong> Erh\u00f6hung der Kapazit\u00e4t der CAB-Durchgangslinien durch Hinzuf\u00fcgen einer Konvektionsvorw\u00e4rmkammer<br \/><strong><span style=\"color: #e30f00;\">\/<\/span><\/strong> Ersatz von wassergek\u00fchlten Kammern durch eine Luftmantell\u00f6sung<br \/><strong><span style=\"color: #e30f00;\">\/<\/span><\/strong> Ersatz von Glasfaservorh\u00e4ngen durch die Streifenfolie<br \/><strong><span style=\"color: #e30f00;\">\/<\/span><\/strong> Modernisierung veralteter Steuerungssysteme auf den neuesten Stand der Technik<br \/><strong><span style=\"color: #e30f00;\">\/<\/span><\/strong> Verbesserung der Gasheizung auf die aktuellen Sicherheitsnormen<\/p>\n<p>Unser Serviceteam steht Ihnen mit einem breiten Leistungsspektrum zur Verf\u00fcgung:<\/p>\n<p><strong><span style=\"color: #e30f00;\">\/<\/span><\/strong> J\u00e4hrliche Wartung und \u00dcberholung der Anlagen<br \/><strong><span style=\"color: #e30f00;\">\/<\/span><\/strong> Heizgleichm\u00e4\u00dfigkeitstest mit einem Datenlogger<br \/><strong><span style=\"color: #e30f00;\">\/<\/span><\/strong> \u00dcberpr\u00fcfung der Dichtheit der L\u00f6tvorrichtung mit dem Heliumnachweisverfahren<br \/><strong><span style=\"color: #e30f00;\">\/<\/span><\/strong> Technischer Support bei der L\u00f6sung anderer Probleme der CAB-Anlagen und Prozesse<\/p>\n<p>[\/et_pb_tab][\/et_pb_tabs][et_pb_code admin_label=&#8220;crm-rfq-de&#8220; _builder_version=&#8220;4.10.3&#8243; _module_preset=&#8220;default&#8220; global_module=&#8220;123766&#8243; global_colors_info=&#8220;{}&#8220;]<!-- [et_pb_line_break_holder] --><pee style=\"text-align: center;\"><a class=\"small-button smallred\" style=\"font-size: 20px; padding: 20px 60px;\" href=\"https:\/\/www.secowarwick.com\/de\/fordern-sie-hier-ihr-angebot-an\/\"><span style=\"display: block; transform: skew(15deg,0deg); -webkit-transform: skew(15deg,0deg); font-size: 20px; !important\">UM EIN ANGEBOT BITTEN<\/span><\/a><\/pee>[\/et_pb_code][\/et_pb_column][et_pb_column type=&#8220;1_4&#8243; _builder_version=&#8220;4.16&#8243; custom_padding=&#8220;|||&#8220; global_colors_info=&#8220;{}&#8220; custom_padding__hover=&#8220;|||&#8220;][et_pb_gallery gallery_ids=&#8220;83587,87516&#8243; posts_number=&#8220;1&#8243; show_title_and_caption=&#8220;off&#8220; show_pagination=&#8220;off&#8220; zoom_icon_color=&#8220;#e2001a&#8220; module_class=&#8220;seco-products-gallery-new&#8220; _builder_version=&#8220;4.16&#8243; custom_css_overlay_icon=&#8220;content:&#8217;GALERIE ANSEHEN&#8216; !important;&#8220; global_colors_info=&#8220;{}&#8220;][\/et_pb_gallery][et_pb_text admin_label=&#8220;btn_de_premiumlibrary&#8220; module_class=&#8220;premium-library-button&#8220; _builder_version=&#8220;4.23.1&#8243; _module_preset=&#8220;default&#8220; text_orientation=&#8220;center&#8220; global_module=&#8220;157246&#8243; global_colors_info=&#8220;{}&#8220;]<\/p>\n<a href='https:\/\/www.secowarwick.com\/de\/premiuminhalte\/' class='small-button smallred'><span>PREMIUMINHALTE<\/span><\/a>\n<p>[\/et_pb_text][et_pb_text admin_label=&#8220;R&#038;D de&#8220; module_class=&#8220;product_widget_wrap_rd&#8220; _builder_version=&#8220;4.23.1&#8243; _module_preset=&#8220;default&#8220; text_orientation=&#8220;center&#8220; global_module=&#8220;167836&#8243; saved_tabs=&#8220;all&#8220; locked=&#8220;off&#8220; global_colors_info=&#8220;{}&#8220;]<\/p>\n<p><a href=\"https:\/\/www.secowarwick.com\/de\/rd\/\"><span class=\"product_wigtet_name\">R&amp;D<\/span><\/a><\/p>\n<p>[\/et_pb_text][et_pb_text admin_label=&#8220;AUTOMATYKA de&#8220; module_class=&#8220;product_widget_wrap_automation&#8220; _builder_version=&#8220;4.23.1&#8243; _module_preset=&#8220;default&#8220; global_module=&#8220;167905&#8243; saved_tabs=&#8220;all&#8220; locked=&#8220;off&#8220; global_colors_info=&#8220;{}&#8220;]<\/p>\n<p><a href=\"https:\/\/www.secowarwick.com\/de\/service\/automatisierung\/\"><span class=\"product_wigtet_name\">AUTOMATISIERUNG<\/span><\/a><\/p>\n<p>[\/et_pb_text][et_pb_text admin_label=&#8220;SERVICE de&#8220; module_class=&#8220;product_widget_wrap_service&#8220; _builder_version=&#8220;4.23.1&#8243; _module_preset=&#8220;default&#8220; global_module=&#8220;167860&#8243; saved_tabs=&#8220;all&#8220; locked=&#8220;off&#8220; global_colors_info=&#8220;{}&#8220;]<\/p>\n<p><a href=\"https:\/\/www.secowarwick.com\/de\/professionelle-service-dienstleistungen\/\"><span class=\"product_wigtet_name\">SERVICE<\/span><\/a><\/p>\n<p>[\/et_pb_text][et_pb_text admin_label=&#8220;SUPLEMENTALS de&#8220; module_class=&#8220;product_widget_wrap_supleme&#8220; _builder_version=&#8220;4.23.1&#8243; _module_preset=&#8220;default&#8220; global_module=&#8220;167915&#8243; saved_tabs=&#8220;all&#8220; locked=&#8220;off&#8220; global_colors_info=&#8220;{}&#8220;]<\/p>\n<p><span class=\"product_wigtet_name\">ZUSATZSTOFFE:<\/span><\/p>\n<p>[\/et_pb_text][et_pb_text admin_label=&#8220;Product brochure&#8220; module_class=&#8220;suplementals_product_brochure suplementals_wrap&#8220; _builder_version=&#8220;4.23.1&#8243; _module_preset=&#8220;default&#8220; locked=&#8220;off&#8220; global_colors_info=&#8220;{}&#8220;]<\/p>\n<p><a href=\"https:\/\/www.secowarwick.com\/wp-content\/uploads\/2025\/07\/CAB-Spare-Parts_2025.pdf\" target=\"_blank\" rel=\"noopener\">Produktbrosch\u00fcre<\/a><\/p>\n<p>[\/et_pb_text][et_pb_text admin_label=&#8220;Product catalogue cab de&#8220; module_class=&#8220;suplementals_product_catalogue suplementals_wrap&#8220; _builder_version=&#8220;4.23.1&#8243; _module_preset=&#8220;default&#8220; global_module=&#8220;170319&#8243; saved_tabs=&#8220;all&#8220; locked=&#8220;off&#8220; global_colors_info=&#8220;{}&#8220;]<\/p>\n<p><a href=\"https:\/\/www.secowarwick.com\/wp-content\/uploads\/2025\/02\/CAB_Furnaces_catalogue.pdf\" target=\"_blank\" rel=\"noopener\">Produktkatalog<\/a><\/p>\n<p>[\/et_pb_text][et_pb_text admin_label=&#8220;Product movie playlist-de&#8220; module_class=&#8220;suplementals_product_movie suplementals_wrap&#8220; _builder_version=&#8220;4.23.1&#8243; _module_preset=&#8220;default&#8220; global_module=&#8220;170321&#8243; saved_tabs=&#8220;all&#8220; locked=&#8220;off&#8220; global_colors_info=&#8220;{}&#8220;]<\/p>\n<p><a href=\"https:\/\/www.youtube.com\/playlist?list=PLa0hhW_hoQqEsIHM5LQtr9h_9UlwGFBO8\" target=\"_blank\" rel=\"noopener\">Produktvideo<\/a><\/p>\n<p>[\/et_pb_text][et_pb_text admin_label=&#8220;dnabook-de&#8220; module_class=&#8220;suplementals_product_dna suplementals_wrap&#8220; _builder_version=&#8220;4.23.1&#8243; _module_preset=&#8220;default&#8220; global_module=&#8220;167874&#8243; saved_tabs=&#8220;all&#8220; locked=&#8220;off&#8220; global_colors_info=&#8220;{}&#8220;]<\/p>\n<p><a href=\"https:\/\/www.secowarwick.com\/wp-content\/uploads\/2025\/07\/DNA_BOOK.pdf\" target=\"_blank\" rel=\"noopener\">DNA\/BOOK<\/a><\/p>\n<p>[\/et_pb_text][et_pb_text admin_label=&#8220;ECO\/BOOK-de&#8220; module_class=&#8220;suplementals_product_eco suplementals_wrap&#8220; _builder_version=&#8220;4.23.1&#8243; _module_preset=&#8220;default&#8220; global_module=&#8220;167797&#8243; locked=&#8220;off&#8220; global_colors_info=&#8220;{}&#8220;]<\/p>\n<p><a href=\"https:\/\/www.secowarwick.com\/wp-content\/uploads\/2023\/06\/ECOBOOK.pdf\" target=\"_blank\" rel=\"noopener\">ECO\/BOOK<\/a><\/p>\n<p>[\/et_pb_text][et_pb_text admin_label=&#8220;product-widget-rfq-de&#8220; module_class=&#8220;product_widget_wrap_rfq-en&#8220; _builder_version=&#8220;4.23.1&#8243; _module_preset=&#8220;default&#8220; global_module=&#8220;186250&#8243; saved_tabs=&#8220;all&#8220; global_colors_info=&#8220;{}&#8220; locked=&#8220;off&#8220;]<\/p>\n<p style=\"text-align: center;\"><a class=\"small-button smallred\" href=\"https:\/\/www.secowarwick.com\/de\/fordern-sie-hier-ihr-angebot-an\/\"><span class=\"product_wigtet_name\">FRAGE NACH MEHR<\/span><\/a><\/p>\n<p>[\/et_pb_text][\/et_pb_column][\/et_pb_row][\/et_pb_section]<\/p>\n","protected":false},"excerpt":{"rendered":"<p>[et_pb_breadcrumbs _builder_version=&#8220;3.6&#8243; global_colors_info=&#8220;{}&#8220;][\/et_pb_breadcrumbs]Aftermarkt f\u00fcr CAB-Anlagen Austausch, Dienstleistungen und Ersatzteile f\u00fcr CAB-Ger\u00e4te SECO\/WARWICK bietet technischen Kundendienst und Ersatzteile f\u00fcr alle betriebseigenen Produkte und f\u00fcr einige andere Ger\u00e4te von anderen Herstellern. SECO\/WARWICK hat sowohl Ersatzteile- als auch Umbauservices f\u00fcr andere Hersteller erfolgreich durchgef\u00fchrt. Techniker stehen f\u00fcr Ger\u00e4teausf\u00e4lle, Umbauten, Upgrades, Ger\u00e4teverlagerungen, Fehlerbehebung und zur vorbeugenden Wartung zur Verf\u00fcgung.SECO\/WARWICK [&hellip;]<\/p>\n","protected":false},"author":2,"featured_media":87516,"parent":127260,"menu_order":0,"comment_status":"closed","ping_status":"closed","template":"","meta":{"_acf_changed":false,"_et_pb_use_builder":"on","_et_pb_old_content":"","_et_gb_content_width":"","footnotes":""},"class_list":["post-86604","page","type-page","status-publish","has-post-thumbnail"],"acf":[],"_links":{"self":[{"href":"https:\/\/www.secowarwick.com\/de\/wp-json\/wp\/v2\/pages\/86604","targetHints":{"allow":["GET"]}}],"collection":[{"href":"https:\/\/www.secowarwick.com\/de\/wp-json\/wp\/v2\/pages"}],"about":[{"href":"https:\/\/www.secowarwick.com\/de\/wp-json\/wp\/v2\/types\/page"}],"author":[{"embeddable":true,"href":"https:\/\/www.secowarwick.com\/de\/wp-json\/wp\/v2\/users\/2"}],"replies":[{"embeddable":true,"href":"https:\/\/www.secowarwick.com\/de\/wp-json\/wp\/v2\/comments?post=86604"}],"version-history":[{"count":17,"href":"https:\/\/www.secowarwick.com\/de\/wp-json\/wp\/v2\/pages\/86604\/revisions"}],"predecessor-version":[{"id":186315,"href":"https:\/\/www.secowarwick.com\/de\/wp-json\/wp\/v2\/pages\/86604\/revisions\/186315"}],"up":[{"embeddable":true,"href":"https:\/\/www.secowarwick.com\/de\/wp-json\/wp\/v2\/pages\/127260"}],"wp:featuredmedia":[{"embeddable":true,"href":"https:\/\/www.secowarwick.com\/de\/wp-json\/wp\/v2\/media\/87516"}],"wp:attachment":[{"href":"https:\/\/www.secowarwick.com\/de\/wp-json\/wp\/v2\/media?parent=86604"}],"curies":[{"name":"wp","href":"https:\/\/api.w.org\/{rel}","templated":true}]}}