{"id":86640,"date":"2020-01-14T11:08:08","date_gmt":"2020-01-14T10:08:08","guid":{"rendered":"http:\/\/www.secowarwick.com\/?page_id=86640"},"modified":"2025-10-30T12:27:29","modified_gmt":"2025-10-30T11:27:29","slug":"cab-anlagen","status":"publish","type":"page","link":"https:\/\/www.secowarwick.com\/de\/produkte\/hartloeten-unter-kontrollierter-atmosphaere\/cab-anlagen\/","title":{"rendered":"CAB-\u00d6fenanlagen"},"content":{"rendered":"<p>[et_pb_section fb_built=&#8220;1&#8243; _builder_version=&#8220;4.16&#8243; global_colors_info=&#8220;{}&#8220;][et_pb_row _builder_version=&#8220;4.16&#8243; background_size=&#8220;initial&#8220; background_position=&#8220;top_left&#8220; background_repeat=&#8220;repeat&#8220; global_colors_info=&#8220;{}&#8220;][et_pb_column type=&#8220;4_4&#8243; _builder_version=&#8220;4.16&#8243; custom_padding=&#8220;|||&#8220; global_colors_info=&#8220;{}&#8220; custom_padding__hover=&#8220;|||&#8220;][et_pb_image src=&#8220;https:\/\/www.secowarwick.com\/wp-content\/uploads\/2019\/12\/slider-CAB-Systems.jpg&#8220; alt=&#8220;CAB-\u00d6fenanlagen&#8220; title_text=&#8220;CAB-\u00d6fenanlagen&#8220; align_tablet=&#8220;center&#8220; align_phone=&#8220;&#8220; align_last_edited=&#8220;on|desktop&#8220; _builder_version=&#8220;4.16&#8243; global_colors_info=&#8220;{}&#8220;][\/et_pb_image][\/et_pb_column][\/et_pb_row][et_pb_row column_structure=&#8220;3_4,1_4&#8243; _builder_version=&#8220;4.16&#8243; background_size=&#8220;initial&#8220; background_position=&#8220;top_left&#8220; background_repeat=&#8220;repeat&#8220; global_colors_info=&#8220;{}&#8220;][et_pb_column type=&#8220;3_4&#8243; _builder_version=&#8220;4.16&#8243; custom_padding=&#8220;|||&#8220; global_colors_info=&#8220;{}&#8220; custom_padding__hover=&#8220;|||&#8220;][et_pb_breadcrumbs _builder_version=&#8220;3.6&#8243; global_colors_info=&#8220;{}&#8220;][\/et_pb_breadcrumbs][et_pb_text module_class=&#8220;podtytuly&#8220; _builder_version=&#8220;4.23.1&#8243; global_colors_info=&#8220;{}&#8220;]<\/p>\n<h1>CAB-\u00d6fenanlagen<\/h1>\n<h2>\u00d6fen zum Hartl\u00f6ten von Aluminium unter kontrollierter Atmosph\u00e4re (CAB)<\/h2>\n<p>SECO\/WARWICK ist einer der erfahrensten und innovativsten <strong>L\u00f6tofenhersteller<\/strong> der Welt mit \u00fcber 300 weltweit installierten <strong>Hartl\u00f6t\u00f6fen<\/strong> mit kontrollierter Atmosph\u00e4re (CAB).\u00a0 Unser Engagement f\u00fcr Qualit\u00e4tsprodukte beginnt in\u00a0unserem Forschungs- und <a href=\"https:\/\/www.secowarwick.com\/wp-content\/uploads\/2017\/03\/RD-CAB-Furnace2.pdf\">Entwicklungslabor\u00a0<\/a>, und erstreckt sich \u00fcber die komplette Installation Ihrer Anlage, einschlie\u00dflich des <a href=\"https:\/\/www.secowarwick.com\/wp-content\/uploads\/2017\/03\/Spare-Parts-and-CAB-Line-Modification2.pdf\">Kundendienstes<\/a>.<\/p>\n<p>[\/et_pb_text][et_pb_tabs module_class=&#8220;red-tabs eco-tab5&#8243; _builder_version=&#8220;4.23.1&#8243; custom_css_main_element=&#8220;margin-top: 2rem;||margin-bottom: 2rem;&#8220; global_colors_info=&#8220;{}&#8220;][et_pb_tab title=&#8220;\u00dcberblick&#8220; _builder_version=&#8220;4.23.1&#8243; global_colors_info=&#8220;{}&#8220;]<\/p>\n<p>Das Hartl\u00f6t\u00f6fen von Aluminium unter kontrollierter Atmosph\u00e4re (CAB) mit einem korrosionsfreien Flussmittel ist das bevorzugte Verfahren zur Herstellung von Aluminium-W\u00e4rmetauschern. Seit dem Einstieg in\u00a0dieses Gebiet im\u00a0Jahr 1984 hat SECO\/WARWICK die Entwicklung einer fortschrittlichen Technologie im\u00a0Bereich des Aluminiuml\u00f6tverfahrens vorangetrieben. SECO\/WARWICK hat auf der Grundlage seiner jahrzehntelangen Erfahrung im\u00a0Ofenbau Innovationen vorangetrieben:<\/p>\n<p><strong><span style=\"color: #dc291e;\">\/<\/span><\/strong> Verbessertes Muffeldesign<br \/><strong><span style=\"color: #dc291e;\">\/<\/span><\/strong> Konvektionsw\u00e4rmetechnik<br \/><strong><span style=\"color: #dc291e;\">\/<\/span><\/strong> L\u00f6sung mit hoher Atmosph\u00e4renqualit\u00e4t<br \/><strong><span style=\"color: #dc291e;\">\/<\/span><\/strong> Vakuumsp\u00fclsystem f\u00fcr halbkontinuierliche \u00d6fen und Chargen\u00f6fen<br \/><strong><span style=\"color: #dc291e;\">\/<\/span><\/strong> ACCUBRAZE PC\/PLC Kontrolle<br \/><strong><span style=\"color: #dc291e;\">\/<\/span><\/strong> Kundenspezifische Heizanlage: elektrisch oder Gas<br \/><strong><span style=\"color: #dc291e;\">\/<\/span><\/strong> Energiesparende Designs<\/p>\n<p>[\/et_pb_tab][et_pb_tab title=&#8220;Eigenschaften&#8220; _builder_version=&#8220;4.23.1&#8243; global_colors_info=&#8220;{}&#8220;]<\/p>\n<p>Unsere kontinuierlichen CAB-\u00d6fen, wie nachfolgend beschrieben, verwenden einen drehzahlgeregelten Antrieb und ein Edelstahlgitterband zum Bewegen von Produkten.\u00a0 Der Prozess des Hartl\u00f6tens unter kontrollierter Atmosph\u00e4re (CAB) erw\u00e4rmt ein Produkt auf Hartl\u00f6ttemperaturen und h\u00e4lt dabei gleichm\u00e4\u00dfige Temperaturen innerhalb des Produkts in\u00a0einer sauerstofffreien Stickstoffatmosph\u00e4re aufrecht. Beim Ofenhartl\u00f6ten wird ein Lotblech aus einer Aluminium\/Silizium-Legierungsplatte (Mantel) in\u00a0einen fl\u00fcssigen Zustand erw\u00e4rmt und flie\u00dft zu Aluminiumverbindungen oder Hohlr\u00e4umen.<\/p>\n<h2>Hartl\u00f6ten in\u00a0kontrollierter Atmosph\u00e4re<\/h2>\n<p>Eine vollst\u00e4ndig konfigurierte CAB-Ofenanlage beinhaltet einen thermischen Entfetter mit Nachverbrennung, eine Fluxereinheit, einen Trockenschrank und den CAB-Ofen. Diese Anlagen k\u00f6nnen in\u00a0einer In-Line, einer kontinuierlichen rechteckigen Linie, einer U-f\u00f6rmigen Linie oder einem Chargensystem konfiguriert werden, um den Platzbedarf Ihrer Anlage zu erf\u00fcllen.<\/p>\n<p>[\/et_pb_tab][et_pb_tab title=&#8220;Vorteile&#8220; _builder_version=&#8220;4.23.1&#8243; global_colors_info=&#8220;{}&#8220;]<\/p>\n<p><span style=\"color: #e30f00;\"><strong>\/<\/strong><\/span> <strong>Erfordert keine Nachreinigung\u00a0<\/strong>da das Flussmittel nicht korrosiv ist<br \/><span style=\"color: #e30f00;\"><strong>\/<\/strong><\/span> <strong>Geringere Kapitalintensit\u00e4t\u00a0<\/strong>im\u00a0Vergleich zum Vakuuml\u00f6ten<br \/><span style=\"color: #e30f00;\"><strong>\/ <\/strong><\/span><strong>Hohe Hartl\u00f6tqualit\u00e4t <\/strong>durch saubere Stickstoffatmosph\u00e4re, Prozessgleichm\u00e4\u00dfigkeit, scharfe Heiz- und K\u00fchlprofile<br \/><span style=\"color: #e30f00;\"><strong>\/ <\/strong><\/span><strong>Hartl\u00f6ten von F&amp;E an Ihren eigenen Aluminium-W\u00e4rmetauschern\u00a0<\/strong>Reduzieren Sie Ihr Investitionsrisiko durch die Nutzung des SECO\/WARWICK-L\u00f6tzentrums.<\/p>\n<p>[\/et_pb_tab][et_pb_tab title=&#8220;Anwendungen&#8220; _builder_version=&#8220;4.23.1&#8243; global_colors_info=&#8220;{}&#8220;]<\/p>\n<p>Obwohl W\u00e4rmetauscher wie K\u00fchler, Kondensatoren, \u00d6lk\u00fchler, Verdampfer, Heizer und Ladeluftk\u00fchler f\u00fcr die Automobilindustrie die aktuelle Nachfrage dominieren, bieten sich nach wie vor andere Anwendungen f\u00fcr das Hartl\u00f6ten\u00a0von Aluminium an. Verbraucheranwendungen f\u00fcr Klimaanlagen und verschiedene Ger\u00e4te werden von diesem Prozess profitieren. Weitere aufkommende Innovationen mit unplattierten Hartl\u00f6tblechen, Mikroextrusionstechnologie und kombinierten W\u00e4rmetauschern sorgen f\u00fcr die Fortsetzung des CAB-Prozesses in\u00a0den kommenden Jahrzehnten. Die Zukunft ist vielversprechend f\u00fcr intelligente Investitionen in\u00a0eine Technologie, die f\u00fcr starkes Wachstum positioniert ist.<\/p>\n<p>[\/et_pb_tab][et_pb_tab title=&#8220;Industrien&#8220; _builder_version=&#8220;4.23.1&#8243; global_colors_info=&#8220;{}&#8220;]<\/p>\n<p><strong><span style=\"color: #dc291e;\">\/<\/span><\/strong> Automobilindustrie und Off-Road<br \/><strong><span style=\"color: #dc291e;\">\/<\/span><\/strong> Klimatechnik<br \/><strong><span style=\"color: #dc291e;\">\/<\/span><\/strong> Stromerzeuger und Kraftwerke<br \/><strong><span style=\"color: #dc291e;\">\/<\/span><\/strong> Luft- und Raumfahrt<br \/><strong><span style=\"color: #dc291e;\">\/<\/span><\/strong> Eisenbahnen<br \/><strong><span style=\"color: #dc291e;\">\/<\/span><\/strong> Elektronik<br \/><strong><span style=\"color: #dc291e;\">\/<\/span><\/strong> Haushaltsger\u00e4te<\/p>\n<p>[\/et_pb_tab][et_pb_tab title=&#8220; &#8220; _builder_version=&#8220;4.23.1&#8243; _module_preset=&#8220;default&#8220; global_colors_info=&#8220;{}&#8220;]<\/p>\n<p><span data-contrast=\"none\"><strong><span style=\"color: #dc291e;\">\/ <\/span><\/strong>Nachbrenner (eng. afterburner) zur Reduzierung des Aussto\u00dfs von fl\u00fcchtigen organischen Verbindungen (VOC) f\u00fcr Entfettungsanlagen<br \/><\/span><span data-contrast=\"none\"><strong><span style=\"color: #dc291e;\">\/<\/span><\/strong> Ein W\u00e4scher (eng. scrubber) mit aktiver Aluminiumoxidablagerung zur Verringerung der Fluorwasserstoffemissionen, der w\u00e4hrend des L\u00f6tprozesses entstanden ist<br \/><\/span><span data-contrast=\"none\"><strong><span style=\"color: #dc291e;\">\/ <\/span><\/strong>Energier\u00fcckgewinnungssysteme zur Reduzierung des Gasverbrauchs und damit zur\u00a0 Reduktion der CO2-Emissionen f\u00fcr gasbeheizte Ger\u00e4te:<br \/><\/span><span data-contrast=\"none\">\u00a0 \u00a0 \u00a0\/ ein Energieaustauschsystem zwischen dem thermischen Nachbrenner und der Entfettungsanlagen,<\/span><span data-ccp-props=\"{&quot;201341983&quot;:0,&quot;335559731&quot;:708,&quot;335559739&quot;:0,&quot;335559740&quot;:240}\"><br \/><\/span><span data-contrast=\"none\">\u00a0 \u00a0 \u00a0\/ Energier\u00fcckgewinnung (Rekuperation) aus den Vorw\u00e4rmekammern und einem L\u00f6tofen durch die \u00dcbertragung von Abgasen unter einem Einlasstunnel und weiter als eine Unterst\u00fctzung des Heizungssystems in\u00a0einem Trockner.<\/span><span data-ccp-props=\"{&quot;201341983&quot;:0,&quot;335559731&quot;:708,&quot;335559739&quot;:0,&quot;335559740&quot;:240}\">\u00a0<\/span><\/p>\n<p><span data-contrast=\"none\"><strong><span style=\"color: #dc291e;\">\/<\/span><\/strong> Elektroheizungssysteme anstelle der Gasheizungssysteme (einschlie\u00dflich \u00c4nderung der derzeitigen Ger\u00e4te) zur Reduktion von CO\u2082-Emissionen<br \/><\/span><span data-contrast=\"none\"><strong><span style=\"color: #dc291e;\">\/<\/span><\/strong> Optionale Anwendungen der mikropor\u00f6sen Hochleistungsd\u00e4mmung zur Verringerung des W\u00e4rmeverlustes und damit der Energieverbrauchsreduzierung (im\u00a0Falle der Gasheizsysteme \u2013 Reduktion von CO\u2082-Emissionen)<br \/><\/span><span data-contrast=\"none\"><strong><span style=\"color: #dc291e;\">\/<\/span><\/strong> Beheizter Vorhang Einlasstunnel zur Reduzierung des Temperaturabfalls des F\u00f6rderbandes und der Charge w\u00e4hrend der \u00dcbertragung und damit \u2013 reduzierte Chargenerw\u00e4rmungszeit \u2013 im\u00a0Gro\u00dfen und Ganzen: Senkung des Energieverbrauchs (im\u00a0Falle der Gasheizsysteme \u2013 Reduktion von CO\u2082-Emissionen)<br \/><\/span><span data-contrast=\"none\"><strong><span style=\"color: #dc291e;\">\/<\/span><\/strong> Ein gemeinsames F\u00f6rderband f\u00fcr einen Trockner (oder W\u00e4rmebehandlung vor dem Hartl\u00f6ten) und einen Ofen zur Senkung des mit der doppelten Heizung verbundenen Energieverbrauchs im\u00a0Falle der Split-Systeme (im\u00a0Falle der Gasheizsysteme \u2013 Reduktion von CO\u2082-Emissionen)<br \/><\/span><span data-contrast=\"none\"><strong><span style=\"color: #dc291e;\">\/<\/span><\/strong> Nutzung der von den Absaugsystemen f\u00fcr K\u00fchlkammern und Trockner emittierten Energie durch den Kunden zur Unterst\u00fctzung der Beheizung von Betriebsinstallationen<br \/><\/span><span data-contrast=\"none\"><strong><span style=\"color: #dc291e;\">\/<\/span><\/strong> Emissionsfreie auf dem Luftmantel basierende K\u00fchlungssysteme statt eines geschlossenen Wasserkreislauf<br \/><\/span><span data-contrast=\"none\"><strong><span style=\"color: #dc291e;\">\/<\/span><\/strong> Steuerung \u2013 die die Betriebstemperatur senkenden Arbeitsmodi der IDLE- und WEEKEND-Ger\u00e4te, die ein w\u00e4hrend der Produktionspausen nicht erforderliches Ger\u00e4t abschalten &#8211; Senkung des Energieverbrauchs (im\u00a0Falle der Gasheizsysteme \u2013 Reduktion von CO\u2082-Emissionen)<\/span><\/p>\n<p>[\/et_pb_tab][\/et_pb_tabs][et_pb_code admin_label=&#8220;crm-rfq-de&#8220; _builder_version=&#8220;4.10.3&#8243; _module_preset=&#8220;default&#8220; global_module=&#8220;123766&#8243; global_colors_info=&#8220;{}&#8220;]<!-- [et_pb_line_break_holder] --><pee style=\"text-align: center;\"><a class=\"small-button smallred\" style=\"font-size: 20px; padding: 20px 60px;\" href=\"https:\/\/www.secowarwick.com\/de\/fordern-sie-hier-ihr-angebot-an\/\"><span style=\"display: block; transform: skew(15deg,0deg); -webkit-transform: skew(15deg,0deg); font-size: 20px; !important\">UM EIN ANGEBOT BITTEN<\/span><\/a><\/pee>[\/et_pb_code][\/et_pb_column][et_pb_column type=&#8220;1_4&#8243; _builder_version=&#8220;4.16&#8243; custom_padding=&#8220;|||&#8220; global_colors_info=&#8220;{}&#8220; custom_padding__hover=&#8220;|||&#8220;][et_pb_gallery gallery_ids=&#8220;99322,99315,99308,99301&#8243; posts_number=&#8220;1&#8243; show_title_and_caption=&#8220;off&#8220; show_pagination=&#8220;off&#8220; zoom_icon_color=&#8220;#e2001a&#8220; module_class=&#8220;seco-products-gallery-new&#8220; _builder_version=&#8220;4.16&#8243; custom_css_overlay_icon=&#8220;content:&#8217;GALERIE ANSEHEN&#8216; !important;&#8220; global_colors_info=&#8220;{}&#8220;][\/et_pb_gallery][et_pb_text admin_label=&#8220;btn_de_premiumlibrary&#8220; module_class=&#8220;premium-library-button&#8220; _builder_version=&#8220;4.23.1&#8243; _module_preset=&#8220;default&#8220; text_orientation=&#8220;center&#8220; global_module=&#8220;157246&#8243; global_colors_info=&#8220;{}&#8220;]<\/p>\n<a href='https:\/\/www.secowarwick.com\/de\/premiuminhalte\/' class='small-button smallred'><span>PREMIUMINHALTE<\/span><\/a>\n<p>[\/et_pb_text][et_pb_text admin_label=&#8220;R&#038;D de&#8220; module_class=&#8220;product_widget_wrap_rd&#8220; _builder_version=&#8220;4.23.1&#8243; _module_preset=&#8220;default&#8220; text_orientation=&#8220;center&#8220; global_module=&#8220;167836&#8243; saved_tabs=&#8220;all&#8220; locked=&#8220;off&#8220; global_colors_info=&#8220;{}&#8220;]<\/p>\n<p><a href=\"https:\/\/www.secowarwick.com\/de\/rd\/\"><span class=\"product_wigtet_name\">R&amp;D<\/span><\/a><\/p>\n<p>[\/et_pb_text][et_pb_text admin_label=&#8220;AUTOMATYKA de&#8220; module_class=&#8220;product_widget_wrap_automation&#8220; _builder_version=&#8220;4.23.1&#8243; _module_preset=&#8220;default&#8220; global_module=&#8220;167905&#8243; saved_tabs=&#8220;all&#8220; locked=&#8220;off&#8220; global_colors_info=&#8220;{}&#8220;]<\/p>\n<p><a href=\"https:\/\/www.secowarwick.com\/de\/service\/automatisierung\/\"><span class=\"product_wigtet_name\">AUTOMATISIERUNG<\/span><\/a><\/p>\n<p>[\/et_pb_text][et_pb_text admin_label=&#8220;SERVICE de&#8220; module_class=&#8220;product_widget_wrap_service&#8220; _builder_version=&#8220;4.23.1&#8243; _module_preset=&#8220;default&#8220; global_module=&#8220;167860&#8243; saved_tabs=&#8220;all&#8220; locked=&#8220;off&#8220; global_colors_info=&#8220;{}&#8220;]<\/p>\n<p><a href=\"https:\/\/www.secowarwick.com\/de\/professionelle-service-dienstleistungen\/\"><span class=\"product_wigtet_name\">SERVICE<\/span><\/a><\/p>\n<p>[\/et_pb_text][et_pb_text admin_label=&#8220;SUPLEMENTALS de&#8220; module_class=&#8220;product_widget_wrap_supleme&#8220; _builder_version=&#8220;4.23.1&#8243; _module_preset=&#8220;default&#8220; global_module=&#8220;167915&#8243; saved_tabs=&#8220;all&#8220; locked=&#8220;off&#8220; global_colors_info=&#8220;{}&#8220;]<\/p>\n<p><span class=\"product_wigtet_name\">ZUSATZSTOFFE:<\/span><\/p>\n<p>[\/et_pb_text][et_pb_text admin_label=&#8220;Product brochure&#8220; module_class=&#8220;suplementals_product_brochure suplementals_wrap&#8220; _builder_version=&#8220;4.23.1&#8243; _module_preset=&#8220;default&#8220; locked=&#8220;off&#8220; global_colors_info=&#8220;{}&#8220;]<\/p>\n<p><a href=\"https:\/\/www.secowarwick.com\/wp-content\/uploads\/2025\/07\/CAB-CAB-Systems_2025.pdf\" target=\"_blank\" rel=\"noopener\">Produktbrosch\u00fcre<\/a><\/p>\n<p>[\/et_pb_text][et_pb_text admin_label=&#8220;Product catalogue cab de&#8220; module_class=&#8220;suplementals_product_catalogue suplementals_wrap&#8220; _builder_version=&#8220;4.23.1&#8243; _module_preset=&#8220;default&#8220; global_module=&#8220;170319&#8243; saved_tabs=&#8220;all&#8220; locked=&#8220;off&#8220; global_colors_info=&#8220;{}&#8220;]<\/p>\n<p><a href=\"https:\/\/www.secowarwick.com\/wp-content\/uploads\/2025\/02\/CAB_Furnaces_catalogue.pdf\" target=\"_blank\" rel=\"noopener\">Produktkatalog<\/a><\/p>\n<p>[\/et_pb_text][et_pb_text admin_label=&#8220;Product movie playlist-de&#8220; module_class=&#8220;suplementals_product_movie suplementals_wrap&#8220; _builder_version=&#8220;4.23.1&#8243; _module_preset=&#8220;default&#8220; global_module=&#8220;170321&#8243; saved_tabs=&#8220;all&#8220; locked=&#8220;off&#8220; global_colors_info=&#8220;{}&#8220;]<\/p>\n<p><a href=\"https:\/\/www.youtube.com\/playlist?list=PLa0hhW_hoQqEsIHM5LQtr9h_9UlwGFBO8\" target=\"_blank\" rel=\"noopener\">Produktvideo<\/a><\/p>\n<p>[\/et_pb_text][et_pb_text admin_label=&#8220;dnabook-de&#8220; module_class=&#8220;suplementals_product_dna suplementals_wrap&#8220; _builder_version=&#8220;4.23.1&#8243; _module_preset=&#8220;default&#8220; global_module=&#8220;167874&#8243; saved_tabs=&#8220;all&#8220; locked=&#8220;off&#8220; global_colors_info=&#8220;{}&#8220;]<\/p>\n<p><a href=\"https:\/\/www.secowarwick.com\/wp-content\/uploads\/2025\/07\/DNA_BOOK.pdf\" target=\"_blank\" rel=\"noopener\">DNA\/BOOK<\/a><\/p>\n<p>[\/et_pb_text][et_pb_text admin_label=&#8220;ECO\/BOOK-de&#8220; module_class=&#8220;suplementals_product_eco suplementals_wrap&#8220; _builder_version=&#8220;4.23.1&#8243; _module_preset=&#8220;default&#8220; global_module=&#8220;167797&#8243; locked=&#8220;off&#8220; global_colors_info=&#8220;{}&#8220;]<\/p>\n<p><a href=\"https:\/\/www.secowarwick.com\/wp-content\/uploads\/2023\/06\/ECOBOOK.pdf\" target=\"_blank\" rel=\"noopener\">ECO\/BOOK<\/a><\/p>\n<p>[\/et_pb_text][et_pb_text admin_label=&#8220;product-widget-rfq-de&#8220; module_class=&#8220;product_widget_wrap_rfq-en&#8220; _builder_version=&#8220;4.23.1&#8243; _module_preset=&#8220;default&#8220; global_module=&#8220;186250&#8243; saved_tabs=&#8220;all&#8220; global_colors_info=&#8220;{}&#8220; locked=&#8220;off&#8220;]<\/p>\n<p style=\"text-align: center;\"><a class=\"small-button smallred\" href=\"https:\/\/www.secowarwick.com\/de\/fordern-sie-hier-ihr-angebot-an\/\"><span class=\"product_wigtet_name\">FRAGE NACH MEHR<\/span><\/a><\/p>\n<p>[\/et_pb_text][\/et_pb_column][\/et_pb_row][\/et_pb_section]<\/p>\n","protected":false},"excerpt":{"rendered":"<p>[et_pb_breadcrumbs _builder_version=&#8220;3.6&#8243; global_colors_info=&#8220;{}&#8220;][\/et_pb_breadcrumbs]CAB-\u00d6fenanlagen \u00d6fen zum Hartl\u00f6ten von Aluminium unter kontrollierter Atmosph\u00e4re (CAB) SECO\/WARWICK ist einer der erfahrensten und innovativsten L\u00f6tofenhersteller der Welt mit \u00fcber 300 weltweit installierten Hartl\u00f6t\u00f6fen mit kontrollierter Atmosph\u00e4re (CAB).\u00a0 Unser Engagement f\u00fcr Qualit\u00e4tsprodukte beginnt in\u00a0unserem Forschungs- und Entwicklungslabor\u00a0, und erstreckt sich \u00fcber die komplette Installation Ihrer Anlage, einschlie\u00dflich des Kundendienstes.Das Hartl\u00f6t\u00f6fen von [&hellip;]<\/p>\n","protected":false},"author":2,"featured_media":87549,"parent":127260,"menu_order":0,"comment_status":"closed","ping_status":"closed","template":"","meta":{"_acf_changed":false,"_et_pb_use_builder":"on","_et_pb_old_content":"","_et_gb_content_width":"","footnotes":""},"class_list":["post-86640","page","type-page","status-publish","has-post-thumbnail"],"acf":[],"_links":{"self":[{"href":"https:\/\/www.secowarwick.com\/de\/wp-json\/wp\/v2\/pages\/86640","targetHints":{"allow":["GET"]}}],"collection":[{"href":"https:\/\/www.secowarwick.com\/de\/wp-json\/wp\/v2\/pages"}],"about":[{"href":"https:\/\/www.secowarwick.com\/de\/wp-json\/wp\/v2\/types\/page"}],"author":[{"embeddable":true,"href":"https:\/\/www.secowarwick.com\/de\/wp-json\/wp\/v2\/users\/2"}],"replies":[{"embeddable":true,"href":"https:\/\/www.secowarwick.com\/de\/wp-json\/wp\/v2\/comments?post=86640"}],"version-history":[{"count":22,"href":"https:\/\/www.secowarwick.com\/de\/wp-json\/wp\/v2\/pages\/86640\/revisions"}],"predecessor-version":[{"id":186307,"href":"https:\/\/www.secowarwick.com\/de\/wp-json\/wp\/v2\/pages\/86640\/revisions\/186307"}],"up":[{"embeddable":true,"href":"https:\/\/www.secowarwick.com\/de\/wp-json\/wp\/v2\/pages\/127260"}],"wp:featuredmedia":[{"embeddable":true,"href":"https:\/\/www.secowarwick.com\/de\/wp-json\/wp\/v2\/media\/87549"}],"wp:attachment":[{"href":"https:\/\/www.secowarwick.com\/de\/wp-json\/wp\/v2\/media?parent=86640"}],"curies":[{"name":"wp","href":"https:\/\/api.w.org\/{rel}","templated":true}]}}