{"id":86674,"date":"2020-01-14T14:27:39","date_gmt":"2020-01-14T13:27:39","guid":{"rendered":"http:\/\/www.secowarwick.com\/?page_id=86674"},"modified":"2026-02-11T16:36:37","modified_gmt":"2026-02-11T15:36:37","slug":"cab-batch-anlagen","status":"publish","type":"page","link":"https:\/\/www.secowarwick.com\/de\/produkte\/hartloeten-unter-kontrollierter-atmosphaere\/cab-batch-anlagen\/","title":{"rendered":"Kammer\u00f6fen zum Hartl\u00f6ten von Aluminium"},"content":{"rendered":"<p>[et_pb_section fb_built=&#8220;1&#8243; _builder_version=&#8220;4.16&#8243; global_colors_info=&#8220;{}&#8220;][et_pb_row _builder_version=&#8220;4.16&#8243; background_size=&#8220;initial&#8220; background_position=&#8220;top_left&#8220; background_repeat=&#8220;repeat&#8220; global_colors_info=&#8220;{}&#8220;][et_pb_column type=&#8220;4_4&#8243; _builder_version=&#8220;4.16&#8243; custom_padding=&#8220;|||&#8220; global_colors_info=&#8220;{}&#8220; custom_padding__hover=&#8220;|||&#8220;][et_pb_image src=&#8220;https:\/\/www.secowarwick.com\/wp-content\/uploads\/2019\/12\/slider-CAB-Batch.jpg&#8220; alt=&#8220;Kammer\u00f6fen zum Hartl\u00f6ten von Aluminium SECO\/WARWICK&#8220; title_text=&#8220;Kammer\u00f6fen zum Hartl\u00f6ten von Aluminium SECO\/WARWICK&#8220; align_tablet=&#8220;center&#8220; align_phone=&#8220;&#8220; align_last_edited=&#8220;on|desktop&#8220; _builder_version=&#8220;4.16&#8243; global_colors_info=&#8220;{}&#8220;][\/et_pb_image][\/et_pb_column][\/et_pb_row][et_pb_row column_structure=&#8220;3_4,1_4&#8243; _builder_version=&#8220;4.16&#8243; background_size=&#8220;initial&#8220; background_position=&#8220;top_left&#8220; background_repeat=&#8220;repeat&#8220; global_colors_info=&#8220;{}&#8220;][et_pb_column type=&#8220;3_4&#8243; _builder_version=&#8220;4.16&#8243; custom_padding=&#8220;|||&#8220; global_colors_info=&#8220;{}&#8220; custom_padding__hover=&#8220;|||&#8220;][et_pb_breadcrumbs _builder_version=&#8220;3.6&#8243; global_colors_info=&#8220;{}&#8220;][\/et_pb_breadcrumbs][et_pb_text _builder_version=&#8220;4.23.1&#8243; global_colors_info=&#8220;{}&#8220;]<\/p>\n<h1>Kammer\u00f6fen zum Hartl\u00f6ten von Aluminium<\/h1>\n<div>\n<p>Ein\u00a0<strong>Kammerofen<\/strong> bietet eine hohe Aluminium-Hartl\u00f6tqualit\u00e4t f\u00fcr Produzenten mit geringerem Volumen. Er\u00a0wurde entwickelt, um die unterschiedlichsten W\u00e4rmetauscher in\u00a0horizontaler oder vertikaler Position zu l\u00f6ten, je\u00a0nach den Anforderungen des Produktdesigns. Der Ofen arbeitet auf Teilzeitbasis und fertigt qualitativ hochwertige Bauteile mit den Optionen Standard- oder Vakuumsp\u00fclung. Er\u00a0kann in\u00a0k\u00fcrzester Zeit auf<\/p>\n<div>Hartl\u00f6ttemperatur aus der Umgebung gebracht und in&nbsp;eine geeignete Atmosph\u00e4re konditioniert werden. Das Chargensystem erm\u00f6glicht variable Heiz- und K\u00fchlraten, je&nbsp;nach Produktanforderung.<\/div>\n<\/div>\n<p>[\/et_pb_text][et_pb_tabs module_class=&#8220;red-tabs eco-tab3&#8243; _builder_version=&#8220;4.23.1&#8243; custom_css_main_element=&#8220;margin-top: 2rem;||margin-bottom: 2rem;&#8220; global_colors_info=&#8220;{}&#8220;][et_pb_tab title=&#8220;\u00dcberblick&#8220; _builder_version=&#8220;4.23.1&#8243; global_colors_info=&#8220;{}&#8220;]<\/p>\n<p>Zwei grundlegende Arten von Chargenmodellen sind in\u00a0einer Vielzahl von Konfigurationen im\u00a0Standard-Chargen-CAB sowie in\u00a0den optionalen Einheiten mit Vakuumsp\u00fclung erh\u00e4ltlich.<\/p>\n<p>Das \u00fcblicherweise verwendete Zweikammer-Atmosph\u00e4ren-Chargensystem erm\u00f6glicht variable Heiz- und K\u00fchlraten, je\u00a0nach Produktanforderung. Eine Kammer erm\u00f6glicht das Sp\u00fclen und K\u00fchlen in\u00a0der Stickstoffatmosph\u00e4re, w\u00e4hrend die andere Kammer der konvektionsbeheizte L\u00f6tofen ist.\u00a0 Weitere Komponenten wie W\u00e4rmeschr\u00e4nke zur Entfettung, Trocknung und Entbinderung, Fluxer, Transfersysteme, Endk\u00fchlung und Computersteuerung k\u00f6nnen hinzugef\u00fcgt werden.<\/p>\n<p>Zweikammer-Vakuumsp\u00fcleinheiten k\u00f6nnen auch nachtr\u00e4glich zu Dreikammerger\u00e4ten aufger\u00fcstet werden, um die Leistung wirtschaftlich zu erh\u00f6hen.<\/p>\n<p>Um die richtigen Atmosph\u00e4renparameter zu erhalten, ist in\u00a0der Standard-Batch-CAB-Einheit ein mehrfacher Austausch des Volumens in\u00a0der Eingangskammer erforderlich. Das gleiche Niveau der Atmosph\u00e4re kann durch die Verwendung einer Vakuumsp\u00fcloption erreicht werden, die Dutzende Kubikmeter Stickstoff pro Zyklus einspart.<\/p>\n<p>[\/et_pb_tab][et_pb_tab title=&#8220;Vorteile&#8220; _builder_version=&#8220;4.16&#8243; global_colors_info=&#8220;{}&#8220;]<\/p>\n<p><strong><span style=\"color: #e30f00;\">\/ <\/span>H\u00f6chste Flexibilit\u00e4t\u00a0<\/strong>bei Bauteiltypen und L\u00f6tposition: horizontal oder vertikal.<\/p>\n<p><strong><span style=\"color: #e30f00;\">\/ <\/span>Kurze Vorbereitungszeit\u00a0<\/strong>mit nur 2-3 Stunden Zeitaufwand.<\/p>\n<p><strong><span style=\"color: #e30f00;\">\/<\/span> Hohe Hartl\u00f6tqualit\u00e4t<\/strong>\u00a0durch saubere Stickstoffatmosph\u00e4re, hohe Temperaturgleichm\u00e4\u00dfigkeit und scharfe Heizprofile.<\/p>\n<p><strong><span style=\"color: #e30f00;\">\/ <\/span>Geeignet f\u00fcr enge Stellen\u00a0<\/strong>dank kompakter Bauweise.<\/p>\n<p><strong><span style=\"color: #e30f00;\">\/ <\/span>Niedrigere Kosten <\/strong>f\u00fcr Investition, Installation und Betrieb.<\/p>\n<h3>Zus\u00e4tzliche Vorteile der Vakuumsp\u00fcloption:<\/h3>\n<p><strong><span style=\"color: #e30f00;\">\/ <\/span>Geringerer Stickstoffverbrauch\u00a0<\/strong>als andere Chargeneinheiten.<\/p>\n<p><strong><span style=\"color: #e30f00;\">\/<\/span> Gl\u00e4nzende Silberoberfl\u00e4che nach dem L\u00f6ten\u00a0<\/strong>Ergebnisse vergleichbar mit Vakuuml\u00f6ten.<\/p>\n<p><strong><span style=\"color: #e30f00;\">\/<\/span> H\u00f6here Hartl\u00f6tqualit\u00e4t der Produkte<\/strong> durch perfektes Sp\u00fclen und F\u00fcllen mit innen geschlossenen Volumen der Kerne, die perfekt gesp\u00fclt und mit reinem Stickstoff nachgef\u00fcllt werden.<\/p>\n<p>[\/et_pb_tab][et_pb_tab title=&#8220; Einkammer-CAB-Chargenofen mit Vakuumsp\u00fclung&#8220; _builder_version=&#8220;4.23.1&#8243; global_colors_info=&#8220;{}&#8220;]<\/p>\n<p><strong>Einkammer\u00f6fen<\/strong> mit Vakuumsp\u00fclung sind auch f\u00fcr spezielle Anwendungen erh\u00e4ltlich, die haupts\u00e4chlich f\u00fcr F&amp;E-Labore, Prototypenbau und jede erste Kleinserienproduktion bestimmt sind.\u00a0 Diese spezielle Konstruktion erm\u00f6glicht eine pr\u00e4zise Regelung der Heiz- und K\u00fchlgeschwindigkeit w\u00e4hrend des gesamten Zyklus. Atmosph\u00e4renbedingungen wie Sauerstoff und\/oder Taupunkt k\u00f6nnen auf das definierte Niveau eingestellt werden. Dieser <strong>Chargenofen<\/strong> erm\u00f6glicht es\u00a0dem Anwender, eine Vielzahl von L\u00f6tbedingungen zu simulieren, die in\u00a0einem Durchlaufofen auftreten w\u00fcrden.<\/p>\n<p>Dieser Ofen ist kompakt gebaut und verf\u00fcgt \u00fcber einen internen Umluftventilator und ein externes K\u00fchlluftgebl\u00e4se. Die verpackte Ofenanlage besteht aus dem Heizsystem, dem Vakuumpumpsystem, dem Stickstoffsystem und der Atmosph\u00e4renregelung. Der L\u00f6tzyklus beginnt mit dem Vakuumsp\u00fclen der Edelstahlretorte mit N2 -R\u00fccksp\u00fclung, gefolgt von einer schnellen und gleichm\u00e4\u00dfigen Erw\u00e4rmung auf L\u00f6ttemperatur. Wenn der Einweichzyklus abgeschlossen ist, wird der K\u00fchlzyklus eingeleitet.<\/p>\n<p>Der Vorteil eines Chargenofens mit Vakuumsp\u00fclung besteht darin, dass er\u00a0bei Raumtemperatur immer betriebsbereit ist und nach Beendigung des Zyklus kalt ist. Eine Vorbereitungsvorw\u00e4rmung ist nicht erforderlich.<\/p>\n<p>[\/et_pb_tab][et_pb_tab title=&#8220; &#8220; _builder_version=&#8220;4.23.1&#8243; _module_preset=&#8220;default&#8220; global_colors_info=&#8220;{}&#8220;]<\/p>\n<p><span data-contrast=\"none\"><strong><span style=\"color: #dc291e;\">\/ <\/span><\/strong>Nachbrenner (eng. afterburner) zur Reduzierung des Aussto\u00dfs von fl\u00fcchtigen organischen Verbindungen (VOC) f\u00fcr Entfettungsanlagen<br \/><\/span><span data-contrast=\"none\"><strong><span style=\"color: #dc291e;\">\/<\/span><\/strong> Ein W\u00e4scher (eng. scrubber) mit aktiver Aluminiumoxidablagerung zur Verringerung der Fluorwasserstoffemissionen, der w\u00e4hrend des L\u00f6tprozesses entstanden ist<br \/><\/span><span data-contrast=\"none\"><strong><span style=\"color: #dc291e;\">\/ <\/span><\/strong>Energier\u00fcckgewinnungssysteme zur Reduzierung des Gasverbrauchs und damit zur\u00a0 Reduktion der CO2-Emissionen f\u00fcr gasbeheizte Ger\u00e4te:<br \/><\/span><span data-contrast=\"none\">\u00a0 \u00a0 \u00a0\/ ein Energieaustauschsystem zwischen dem thermischen Nachbrenner und der Entfettungsanlagen<br \/><\/span><span data-contrast=\"none\">\u00a0 \u00a0 \u00a0\/ Energier\u00fcckgewinnung (Rekuperation) aus den Vorw\u00e4rmekammern und einem L\u00f6tofen durch die \u00dcbertragung von Abgasen unter einem Einlasstunnel und weiter als eine Unterst\u00fctzung des Heizungssystems in&nbsp;einem Trockner<\/span><\/p>\n<p><span data-contrast=\"none\"><strong><span style=\"color: #dc291e;\">\/<\/span><\/strong> Elektroheizungssysteme anstelle der Gasheizungssysteme (einschlie\u00dflich \u00c4nderung der derzeitigen Ger\u00e4te) zur Reduktion von CO\u2082-Emissionen<br \/><\/span><span data-contrast=\"none\"><strong><span style=\"color: #dc291e;\">\/<\/span><\/strong> Optionale Anwendungen der mikropor\u00f6sen Hochleistungsd\u00e4mmung zur Verringerung des W\u00e4rmeverlustes und damit der Energieverbrauchsreduzierung (im&nbsp;Falle der Gasheizsysteme \u2013 Reduktion von CO\u2082-Emissionen)<br \/><\/span><span data-contrast=\"none\"><strong><span style=\"color: #dc291e;\">\/<\/span><\/strong> Beheizter Vorhang Einlasstunnel zur Reduzierung des Temperaturabfalls des F\u00f6rderbandes und der Charge w\u00e4hrend der \u00dcbertragung und damit \u2013 reduzierte Chargenerw\u00e4rmungszeit \u2013 im&nbsp;Gro\u00dfen und Ganzen: Senkung des Energieverbrauchs (im&nbsp;Falle der Gasheizsysteme \u2013 Reduktion von CO\u2082-Emissionen)<br \/><\/span><span data-contrast=\"none\"><strong><span style=\"color: #dc291e;\">\/<\/span><\/strong> Ein gemeinsames F\u00f6rderband f\u00fcr einen Trockner (oder W\u00e4rmebehandlung vor dem Hartl\u00f6ten) und einen Ofen zur Senkung des mit der doppelten Heizung verbundenen Energieverbrauchs im&nbsp;Falle der Split-Systeme (im&nbsp;Falle der Gasheizsysteme \u2013 Reduktion von CO\u2082-Emissionen)<br \/><\/span><span data-contrast=\"none\"><strong><span style=\"color: #dc291e;\">\/<\/span><\/strong> Nutzung der von den Absaugsystemen f\u00fcr K\u00fchlkammern und Trockner emittierten Energie durch den Kunden zur Unterst\u00fctzung der Beheizung von Betriebsinstallationen<br \/><\/span><span data-contrast=\"none\"><strong><span style=\"color: #dc291e;\">\/<\/span><\/strong> Emissionsfreie auf dem Luftmantel basierende K\u00fchlungssysteme statt eines geschlossenen Wasserkreislauf<br \/><\/span><span data-contrast=\"none\"><strong><span style=\"color: #dc291e;\">\/<\/span><\/strong> Steuerung \u2013 die die Betriebstemperatur senkenden Arbeitsmodi der IDLE- und WEEKEND-Ger\u00e4te, die ein w\u00e4hrend der Produktionspausen nicht erforderliches Ger\u00e4t abschalten &#8211; Senkung des Energieverbrauchs (im&nbsp;Falle der Gasheizsysteme \u2013 Reduktion von CO\u2082-Emissionen)<\/span><\/p>\n<p>[\/et_pb_tab][\/et_pb_tabs][et_pb_code admin_label=&#8220;crm-rfq-de&#8220; _builder_version=&#8220;4.10.3&#8243; _module_preset=&#8220;default&#8220; global_module=&#8220;123766&#8243; global_colors_info=&#8220;{}&#8220;]<!-- [et_pb_line_break_holder] --><pee style=\"text-align: center;\"><a class=\"small-button smallred\" style=\"font-size: 20px; padding: 20px 60px;\" href=\"https:\/\/www.secowarwick.com\/de\/fordern-sie-hier-ihr-angebot-an\/\"><span style=\"display: block; transform: skew(15deg,0deg); -webkit-transform: skew(15deg,0deg); font-size: 20px; !important\">UM EIN ANGEBOT BITTEN<\/span><\/a><\/pee>[\/et_pb_code][\/et_pb_column][et_pb_column type=&#8220;1_4&#8243; _builder_version=&#8220;4.16&#8243; custom_padding=&#8220;|||&#8220; global_colors_info=&#8220;{}&#8220; custom_padding__hover=&#8220;|||&#8220;][et_pb_gallery gallery_ids=&#8220;83599,87559&#8243; posts_number=&#8220;1&#8243; show_title_and_caption=&#8220;off&#8220; show_pagination=&#8220;off&#8220; zoom_icon_color=&#8220;#e2001a&#8220; module_class=&#8220;seco-products-gallery-new&#8220; _builder_version=&#8220;4.16&#8243; custom_css_overlay_icon=&#8220;content:&#8217;GALERIE ANSEHEN&#8216; !important;&#8220; global_colors_info=&#8220;{}&#8220;][\/et_pb_gallery][et_pb_text admin_label=&#8220;btn_de_premiumlibrary&#8220; module_class=&#8220;premium-library-button&#8220; _builder_version=&#8220;4.23.1&#8243; _module_preset=&#8220;default&#8220; text_orientation=&#8220;center&#8220; global_module=&#8220;157246&#8243; global_colors_info=&#8220;{}&#8220;]<\/p>\n<a href='https:\/\/www.secowarwick.com\/de\/premiuminhalte\/' class='small-button smallred'><span>PREMIUMINHALTE<\/span><\/a>\n<p>[\/et_pb_text][et_pb_text admin_label=&#8220;R&#038;D de&#8220; module_class=&#8220;product_widget_wrap_rd&#8220; _builder_version=&#8220;4.23.1&#8243; _module_preset=&#8220;default&#8220; text_orientation=&#8220;center&#8220; global_module=&#8220;167836&#8243; saved_tabs=&#8220;all&#8220; locked=&#8220;off&#8220; global_colors_info=&#8220;{}&#8220;]<\/p>\n<p><a href=\"https:\/\/www.secowarwick.com\/de\/rd\/\"><span class=\"product_wigtet_name\">R&amp;D<\/span><\/a><\/p>\n<p>[\/et_pb_text][et_pb_text admin_label=&#8220;AUTOMATYKA de&#8220; module_class=&#8220;product_widget_wrap_automation&#8220; _builder_version=&#8220;4.23.1&#8243; _module_preset=&#8220;default&#8220; global_module=&#8220;167905&#8243; saved_tabs=&#8220;all&#8220; locked=&#8220;off&#8220; global_colors_info=&#8220;{}&#8220;]<\/p>\n<p><a href=\"https:\/\/www.secowarwick.com\/de\/service\/automatisierung\/\"><span class=\"product_wigtet_name\">AUTOMATISIERUNG<\/span><\/a><\/p>\n<p>[\/et_pb_text][et_pb_text admin_label=&#8220;SERVICE de&#8220; module_class=&#8220;product_widget_wrap_service&#8220; _builder_version=&#8220;4.23.1&#8243; _module_preset=&#8220;default&#8220; global_module=&#8220;167860&#8243; saved_tabs=&#8220;all&#8220; locked=&#8220;off&#8220; global_colors_info=&#8220;{}&#8220;]<\/p>\n<p><a href=\"https:\/\/www.secowarwick.com\/de\/professionelle-service-dienstleistungen\/\"><span class=\"product_wigtet_name\">SERVICE<\/span><\/a><\/p>\n<p>[\/et_pb_text][et_pb_text admin_label=&#8220;SUPLEMENTALS de&#8220; module_class=&#8220;product_widget_wrap_supleme&#8220; _builder_version=&#8220;4.23.1&#8243; _module_preset=&#8220;default&#8220; global_module=&#8220;167915&#8243; saved_tabs=&#8220;all&#8220; locked=&#8220;off&#8220; global_colors_info=&#8220;{}&#8220;]<\/p>\n<p><span class=\"product_wigtet_name\">ZUSATZSTOFFE:<\/span><\/p>\n<p>[\/et_pb_text][et_pb_text admin_label=&#8220;Product brochure&#8220; module_class=&#8220;suplementals_product_brochure suplementals_wrap&#8220; _builder_version=&#8220;4.23.1&#8243; _module_preset=&#8220;default&#8220; hover_enabled=&#8220;0&#8243; locked=&#8220;off&#8220; global_colors_info=&#8220;{}&#8220; sticky_enabled=&#8220;0&#8243;]<\/p>\n<p><a href=\"https:\/\/www.secowarwick.com\/wp-content\/uploads\/2025\/07\/CAB-UNIVERSAL-CAB_2025.pdf\" target=\"_blank\" rel=\"noopener\" class=\"ga4_product_widget_brochure\">Produktbrosch\u00fcre<\/a><\/p>\n<p>[\/et_pb_text][et_pb_text admin_label=&#8220;Product catalogue cab de&#8220; module_class=&#8220;suplementals_product_catalogue suplementals_wrap&#8220; _builder_version=&#8220;4.23.1&#8243; _module_preset=&#8220;default&#8220; hover_enabled=&#8220;0&#8243; global_module=&#8220;170319&#8243; saved_tabs=&#8220;all&#8220; locked=&#8220;off&#8220; global_colors_info=&#8220;{}&#8220; sticky_enabled=&#8220;0&#8243;]<\/p>\n<p><a href=\"https:\/\/www.secowarwick.com\/wp-content\/uploads\/2025\/02\/CAB_Furnaces_catalogue.pdf\" target=\"_blank\" rel=\"noopener\" class=\"ga4_product_widget_catalogue\">Produktkatalog<\/a><\/p>\n<p>[\/et_pb_text][et_pb_text admin_label=&#8220;Product infographic&#8220; module_class=&#8220;suplementals_product_infographic suplementals_wrap&#8220; _builder_version=&#8220;4.23.1&#8243; _module_preset=&#8220;default&#8220; hover_enabled=&#8220;0&#8243; locked=&#8220;off&#8220; global_colors_info=&#8220;{}&#8220; sticky_enabled=&#8220;0&#8243;]<\/p>\n<p><a href=\"https:\/\/www.secowarwick.com\/wp-content\/uploads\/2023\/06\/Universal-CAB-Bath-Furnace.jpg\" target=\"_blank\" rel=\"noopener\" class=\"ga4_product_widget_infografic\">Produkt-Infografik<\/a><\/p>\n<p>[\/et_pb_text][et_pb_text admin_label=&#8220;Product movie playlist-de&#8220; module_class=&#8220;suplementals_product_movie suplementals_wrap&#8220; _builder_version=&#8220;4.23.1&#8243; _module_preset=&#8220;default&#8220; global_module=&#8220;170321&#8243; saved_tabs=&#8220;all&#8220; locked=&#8220;off&#8220; global_colors_info=&#8220;{}&#8220;]<\/p>\n<p><a href=\"https:\/\/www.youtube.com\/playlist?list=PLa0hhW_hoQqEsIHM5LQtr9h_9UlwGFBO8\" target=\"_blank\" rel=\"noopener\">Produktvideo<\/a><\/p>\n<p>[\/et_pb_text][et_pb_text admin_label=&#8220;dnabook-de&#8220; module_class=&#8220;suplementals_product_dna suplementals_wrap&#8220; _builder_version=&#8220;4.23.1&#8243; _module_preset=&#8220;default&#8220; global_module=&#8220;167874&#8243; saved_tabs=&#8220;all&#8220; locked=&#8220;off&#8220; global_colors_info=&#8220;{}&#8220;]<\/p>\n<p><a href=\"https:\/\/www.secowarwick.com\/wp-content\/uploads\/2025\/07\/DNA_BOOK.pdf\" target=\"_blank\" rel=\"noopener\">DNA\/BOOK<\/a><\/p>\n<p>[\/et_pb_text][et_pb_text admin_label=&#8220;ECO\/BOOK-de&#8220; module_class=&#8220;suplementals_product_eco suplementals_wrap&#8220; _builder_version=&#8220;4.23.1&#8243; _module_preset=&#8220;default&#8220; global_module=&#8220;167797&#8243; locked=&#8220;off&#8220; global_colors_info=&#8220;{}&#8220;]<\/p>\n<p><a href=\"https:\/\/www.secowarwick.com\/wp-content\/uploads\/2023\/06\/ECOBOOK.pdf\" target=\"_blank\" rel=\"noopener\">ECO\/BOOK<\/a><\/p>\n<p>[\/et_pb_text][et_pb_text admin_label=&#8220;product-widget-rfq-de&#8220; module_class=&#8220;product_widget_wrap_rfq-en&#8220; _builder_version=&#8220;4.23.1&#8243; _module_preset=&#8220;default&#8220; global_module=&#8220;186250&#8243; saved_tabs=&#8220;all&#8220; locked=&#8220;off&#8220; global_colors_info=&#8220;{}&#8220;]<\/p>\n<p style=\"text-align: center;\"><a class=\"small-button smallred rfq-gtm-product-widget\" href=\"https:\/\/www.secowarwick.com\/de\/fordern-sie-hier-ihr-angebot-an\/\"><span class=\"product_wigtet_name\">FRAGE NACH MEHR<\/span><\/a><\/p>\n<p>[\/et_pb_text][\/et_pb_column][\/et_pb_row][\/et_pb_section]<\/p>\n","protected":false},"excerpt":{"rendered":"<p>[et_pb_breadcrumbs _builder_version=&#8220;3.6&#8243; global_colors_info=&#8220;{}&#8220;][\/et_pb_breadcrumbs]Kammer\u00f6fen zum Hartl\u00f6ten von Aluminium Ein\u00a0Kammerofen bietet eine hohe Aluminium-Hartl\u00f6tqualit\u00e4t f\u00fcr Produzenten mit geringerem Volumen. Er\u00a0wurde entwickelt, um die unterschiedlichsten W\u00e4rmetauscher in\u00a0horizontaler oder vertikaler Position zu l\u00f6ten, je\u00a0nach den Anforderungen des Produktdesigns. Der Ofen arbeitet auf Teilzeitbasis und fertigt qualitativ hochwertige Bauteile mit den Optionen Standard- oder Vakuumsp\u00fclung. Er\u00a0kann in\u00a0k\u00fcrzester Zeit auf Hartl\u00f6ttemperatur [&hellip;]<\/p>\n","protected":false},"author":2,"featured_media":87559,"parent":127260,"menu_order":0,"comment_status":"closed","ping_status":"closed","template":"","meta":{"_acf_changed":false,"_et_pb_use_builder":"on","_et_pb_old_content":"","_et_gb_content_width":"","footnotes":""},"class_list":["post-86674","page","type-page","status-publish","has-post-thumbnail"],"acf":[],"_links":{"self":[{"href":"https:\/\/www.secowarwick.com\/de\/wp-json\/wp\/v2\/pages\/86674","targetHints":{"allow":["GET"]}}],"collection":[{"href":"https:\/\/www.secowarwick.com\/de\/wp-json\/wp\/v2\/pages"}],"about":[{"href":"https:\/\/www.secowarwick.com\/de\/wp-json\/wp\/v2\/types\/page"}],"author":[{"embeddable":true,"href":"https:\/\/www.secowarwick.com\/de\/wp-json\/wp\/v2\/users\/2"}],"replies":[{"embeddable":true,"href":"https:\/\/www.secowarwick.com\/de\/wp-json\/wp\/v2\/comments?post=86674"}],"version-history":[{"count":20,"href":"https:\/\/www.secowarwick.com\/de\/wp-json\/wp\/v2\/pages\/86674\/revisions"}],"predecessor-version":[{"id":189491,"href":"https:\/\/www.secowarwick.com\/de\/wp-json\/wp\/v2\/pages\/86674\/revisions\/189491"}],"up":[{"embeddable":true,"href":"https:\/\/www.secowarwick.com\/de\/wp-json\/wp\/v2\/pages\/127260"}],"wp:featuredmedia":[{"embeddable":true,"href":"https:\/\/www.secowarwick.com\/de\/wp-json\/wp\/v2\/media\/87559"}],"wp:attachment":[{"href":"https:\/\/www.secowarwick.com\/de\/wp-json\/wp\/v2\/media?parent=86674"}],"curies":[{"name":"wp","href":"https:\/\/api.w.org\/{rel}","templated":true}]}}