{"id":86686,"date":"2020-01-14T09:48:33","date_gmt":"2020-01-14T08:48:33","guid":{"rendered":"http:\/\/www.secowarwick.com\/?page_id=86686"},"modified":"2026-03-12T08:33:26","modified_gmt":"2026-03-12T07:33:26","slug":"kontinuierliche-cab-anlagen","status":"publish","type":"page","link":"https:\/\/www.secowarwick.com\/de\/produkte\/hartloeten-unter-kontrollierter-atmosphaere\/kontinuierliche-cab-anlagen\/","title":{"rendered":"Kontinuierliche \u00d6fen zum Hartl\u00f6ten von Aluminium | EV\/CAB"},"content":{"rendered":"<p>[et_pb_section fb_built=&#8220;1&#8243; _builder_version=&#8220;4.16&#8243; global_colors_info=&#8220;{}&#8220;][et_pb_row _builder_version=&#8220;4.16&#8243; background_size=&#8220;initial&#8220; background_position=&#8220;top_left&#8220; background_repeat=&#8220;repeat&#8220; global_colors_info=&#8220;{}&#8220;][et_pb_column type=&#8220;4_4&#8243; _builder_version=&#8220;4.16&#8243; custom_padding=&#8220;|||&#8220; global_colors_info=&#8220;{}&#8220; custom_padding__hover=&#8220;|||&#8220;][et_pb_image src=&#8220;https:\/\/www.secowarwick.com\/wp-content\/uploads\/2022\/07\/slider-CONTINOUS-CAB-SYSTEM-EVCAB.jpg&#8220; alt=&#8220;Kontinuierliche \u00d6fen zum Hartl\u00f6ten von Aluminium | EV\/CAB&#8220; title_text=&#8220;Kontinuierliche \u00d6fen zum Hartl\u00f6ten von Aluminium | EV\/CAB&#8220; align_tablet=&#8220;center&#8220; align_phone=&#8220;&#8220; align_last_edited=&#8220;on|desktop&#8220; _builder_version=&#8220;4.16&#8243; global_colors_info=&#8220;{}&#8220;][\/et_pb_image][\/et_pb_column][\/et_pb_row][et_pb_row column_structure=&#8220;3_4,1_4&#8243; _builder_version=&#8220;4.16&#8243; background_size=&#8220;initial&#8220; background_position=&#8220;top_left&#8220; background_repeat=&#8220;repeat&#8220; global_colors_info=&#8220;{}&#8220;][et_pb_column type=&#8220;3_4&#8243; _builder_version=&#8220;4.16&#8243; custom_padding=&#8220;|||&#8220; global_colors_info=&#8220;{}&#8220; custom_padding__hover=&#8220;|||&#8220;][et_pb_breadcrumbs _builder_version=&#8220;3.6&#8243; global_colors_info=&#8220;{}&#8220;][\/et_pb_breadcrumbs][et_pb_text module_class=&#8220;podtytuly&#8220; _builder_version=&#8220;4.23.1&#8243; global_colors_info=&#8220;{}&#8220;]<\/p>\n<h1>Kontinuierliche \u00d6fen zum Hartl\u00f6ten von Aluminium | EV\/CAB<\/h1>\n<p>Unsere <strong>kontinuierlichen CAB-\u00d6fen<\/strong> verf\u00fcgen \u00fcber einen Frequenzumrichter und einen Gurtf\u00f6rderer aus Edelstahl zum Bewegen von Produkten. Der Prozess des <strong>Hartl\u00f6tens<\/strong> unter kontrollierter Atmosph\u00e4re (CAB) erw\u00e4rmt ein Produkt auf <strong>Hartl\u00f6ttemperaturen<\/strong> und h\u00e4lt dabei gleichm\u00e4\u00dfige Temperaturen innerhalb des Produkts in\u00a0einer sauerstofffreien Stickstoffatmosph\u00e4re aufrecht.<\/p>\n<h3>EV\/CAB\u00a0 ist die CAB-Antwort auf die E-Mobilit\u00e4t<\/h3>\n<p>EV\/CAB ist ein System, das f\u00fcr das <strong>Hartl\u00f6ten<\/strong> von gro\u00dfen Batteriek\u00fchlern f\u00fcr die Elektroautoindustrie entwickelt wurde. Die folgenden Ofenausf\u00fchrungen sind f\u00fcr die Herstellung verschiedener Teile in\u00a0gr\u00f6\u00dferen Serien erh\u00e4ltlich:<\/p>\n<p>[\/et_pb_text][et_pb_tabs module_class=&#8220;red-tabs eco-tab3&#8243; _builder_version=&#8220;4.23.1&#8243; custom_css_main_element=&#8220;margin-top: 2rem;||margin-bottom: 2rem;&#8220; global_colors_info=&#8220;{}&#8220;][et_pb_tab title=&#8220;Strahlungs-CAB-Ofen&#8220; _builder_version=&#8220;4.23.1&#8243; global_colors_info=&#8220;{}&#8220;]<\/p>\n<p>Ein Strahlungsl\u00f6tofen CAB ist ideal zum L\u00f6ten von Produkten \u00e4hnlicher Gr\u00f6\u00dfe in\u00a0einer Umgebung mit kontinuierlichem Durchfluss.\u00a0 Dieser Ofen verwendet eine erw\u00e4rmte Muffel, um das Produkt mit hohem Gesamtwirkungsgrad zu l\u00f6ten. Unsere Konstruktion beinhaltet eine proportional gesteuerte elektrische Heizung oder eine erdgasbefeuerte Verbrennung. Die Temperaturregelung erfolgt gleichm\u00e4\u00dfig \u00fcber die gesamte Ofenl\u00e4nge durch mehrere, unabh\u00e4ngig voneinander beheizte Zonen. Diese Einheiten haben niedrige Investitionskosten und sind sehr effizient im\u00a0Hinblick auf den Stickoxidverbrauch und erfordern weniger Wartungsarbeiten im\u00a0Vergleich zu den anderen CAB-Verfahren.<\/p>\n<p>[\/et_pb_tab][et_pb_tab title=&#8220;Konvektions-\/Strahlungs-CAB-Ofen&#8220; _builder_version=&#8220;4.23.1&#8243; global_colors_info=&#8220;{}&#8220;]<\/p>\n<p>Die Kombination von Konvektionsvorw\u00e4rm- und Strahlungsl\u00f6tofensystemen verbessert die Flexibilit\u00e4t des Ofens hinsichtlich des Betriebs von Produkten unterschiedlicher Masse und Dimension im\u00a0gleichen Zyklus. Diese Art von Anlage ist toleranter, wenn die Produktion intermittierend l\u00e4uft. Die anf\u00e4ngliche W\u00e4rmezone nutzt sowohl Konvektions- als auch Strahlungsw\u00e4rme f\u00fcr eine gleichm\u00e4\u00dfige Vorw\u00e4rmung. Anschlie\u00dfend wird das Produkt in\u00a0der Strahlungsl\u00f6tstrecke auf eine gleichm\u00e4\u00dfige Endtemperatur gebracht und gehalten, damit die plattierten Materialien schmelzen und eine Verbindung bilden k\u00f6nnen. Diese Einheiten haben mittlere Investitionskosten und bieten eine schnellere Verarbeitung auf kleinerem Raum.<\/p>\n<p>[\/et_pb_tab][et_pb_tab title=&#8220;CAB-Ofen mit voller Konvektion&#8220; _builder_version=&#8220;4.23.1&#8243; global_colors_info=&#8220;{}&#8220;]<\/p>\n<p>Ein reiner Konvektionsofen mit kontrollierter Atmosph\u00e4re erm\u00f6glicht die Verarbeitung unterschiedlichster Produkte in\u00a0k\u00fcrzester Zykluszeit.\u00a0 Die Konvektionsw\u00e4rme\u00fcbertragung wird verwendet, um die gesamte Komponente auf L\u00f6ttemperatur zu bringen und die Temperaturgleichm\u00e4\u00dfigkeit bei \u00b1 3 Grad Celsius unter Verwendung einer rezirkulierten Stickstoffatmosph\u00e4re zu halten.<\/p>\n<p>Ein Konvektionssystem ist kompakter als andere Einheitentypen mit \u00e4hnlichem Produktionsvolumen. Diese Ofenanlagen sind in\u00a0der Automobilindustrie beliebt, da sie in\u00a0der Lage sind, Produkte unterschiedlicher Gr\u00f6\u00dfe zu mischen und aufgrund ihrer geringen Grundfl\u00e4che. In\u00a0der Schwerlast- und Off-Road-Industrie ist es\u00a0die effizienteste L\u00f6sung zum L\u00f6ten gro\u00dfer W\u00e4rmetauscher. Schlie\u00dflich sind Konvektionssysteme in\u00a0neuen Anwendungen vielversprechend.<\/p>\n<p>[\/et_pb_tab][et_pb_tab title=&#8220; &#8220; _builder_version=&#8220;4.23.1&#8243; _module_preset=&#8220;default&#8220; global_colors_info=&#8220;{}&#8220;]<\/p>\n<p><strong><span style=\"color: #dc291e;\">\/ <\/span><\/strong>Unterst\u00fctzt die Entwicklung der Elektromobilit\u00e4t<br \/><strong><span style=\"color: #dc291e;\">\/ <\/span><\/strong>F\u00fcgt sich in&nbsp;den Trend und in&nbsp;die Verpflichtung hinein, Abgasemissionen zu reduzieren und die Umwelt zu schonen<br \/><strong><span style=\"color: #dc291e;\">\/ <\/span><\/strong>Dank unabh\u00e4ngiger, gesteuerter Heiz- und K\u00fchlzonen, gewellter Muffelkonstruktion, einzigartiger Vorhangkammern und vieler weiterer Konstruktionsmerkmale sind hervorragende und stabile L\u00f6tbedingungen f\u00fcr dieses spezielle Produkt gew\u00e4hrleistet<\/p>\n<p>[\/et_pb_tab][\/et_pb_tabs][et_pb_code admin_label=&#8220;crm-rfq-de&#8220; _builder_version=&#8220;4.10.3&#8243; _module_preset=&#8220;default&#8220; global_module=&#8220;123766&#8243; global_colors_info=&#8220;{}&#8220;]<!-- [et_pb_line_break_holder] --><pee style=\"text-align: center;\"><a class=\"small-button smallred\" style=\"font-size: 20px; padding: 20px 60px;\" href=\"https:\/\/www.secowarwick.com\/de\/fordern-sie-hier-ihr-angebot-an\/\"><span style=\"display: block; transform: skew(15deg,0deg); -webkit-transform: skew(15deg,0deg); font-size: 20px; !important\">UM EIN ANGEBOT BITTEN<\/span><\/a><\/pee>[\/et_pb_code][\/et_pb_column][et_pb_column type=&#8220;1_4&#8243; _builder_version=&#8220;4.16&#8243; custom_padding=&#8220;|||&#8220; global_colors_info=&#8220;{}&#8220; custom_padding__hover=&#8220;|||&#8220;][et_pb_gallery gallery_ids=&#8220;99330,97892,97885&#8243; posts_number=&#8220;1&#8243; show_title_and_caption=&#8220;off&#8220; show_pagination=&#8220;off&#8220; zoom_icon_color=&#8220;#e2001a&#8220; module_class=&#8220;seco-products-gallery-new&#8220; _builder_version=&#8220;4.16&#8243; custom_css_overlay_icon=&#8220;content:&#8217;GALERIE ANSEHEN&#8216; !important;&#8220; global_colors_info=&#8220;{}&#8220;][\/et_pb_gallery][et_pb_text admin_label=&#8220;btn_de_premiumlibrary&#8220; module_class=&#8220;premium-library-button&#8220; _builder_version=&#8220;4.23.1&#8243; _module_preset=&#8220;default&#8220; text_orientation=&#8220;center&#8220; global_module=&#8220;157246&#8243; global_colors_info=&#8220;{}&#8220;]<\/p>\n<a href='https:\/\/www.secowarwick.com\/de\/premiuminhalte\/' class='small-button smallred'><span>PREMIUMINHALTE<\/span><\/a>\n<p>[\/et_pb_text][et_pb_text admin_label=&#8220;R&#038;D de&#8220; module_class=&#8220;product_widget_wrap_rd&#8220; _builder_version=&#8220;4.23.1&#8243; _module_preset=&#8220;default&#8220; text_orientation=&#8220;center&#8220; global_module=&#8220;167836&#8243; saved_tabs=&#8220;all&#8220; locked=&#8220;off&#8220; global_colors_info=&#8220;{}&#8220;]<\/p>\n<p><a href=\"https:\/\/www.secowarwick.com\/de\/rd\/\"><span class=\"product_wigtet_name\">R&amp;D<\/span><\/a><\/p>\n<p>[\/et_pb_text][et_pb_text admin_label=&#8220;AUTOMATYKA de&#8220; module_class=&#8220;product_widget_wrap_automation&#8220; _builder_version=&#8220;4.23.1&#8243; _module_preset=&#8220;default&#8220; global_module=&#8220;167905&#8243; saved_tabs=&#8220;all&#8220; locked=&#8220;off&#8220; global_colors_info=&#8220;{}&#8220;]<\/p>\n<p><a href=\"https:\/\/www.secowarwick.com\/de\/service\/automatisierung\/\"><span class=\"product_wigtet_name\">AUTOMATISIERUNG<\/span><\/a><\/p>\n<p>[\/et_pb_text][et_pb_text admin_label=&#8220;SERVICE de&#8220; module_class=&#8220;product_widget_wrap_service&#8220; _builder_version=&#8220;4.23.1&#8243; _module_preset=&#8220;default&#8220; global_module=&#8220;167860&#8243; saved_tabs=&#8220;all&#8220; locked=&#8220;off&#8220; global_colors_info=&#8220;{}&#8220;]<\/p>\n<p><a href=\"https:\/\/www.secowarwick.com\/de\/professionelle-service-dienstleistungen\/\"><span class=\"product_wigtet_name\">SERVICE<\/span><\/a><\/p>\n<p>[\/et_pb_text][et_pb_text admin_label=&#8220;SUPLEMENTALS de&#8220; module_class=&#8220;product_widget_wrap_supleme&#8220; _builder_version=&#8220;4.23.1&#8243; _module_preset=&#8220;default&#8220; global_module=&#8220;167915&#8243; saved_tabs=&#8220;all&#8220; locked=&#8220;off&#8220; global_colors_info=&#8220;{}&#8220;]<\/p>\n<p><span class=\"product_wigtet_name\">ZUSATZSTOFFE:<\/span><\/p>\n<p>[\/et_pb_text][et_pb_text admin_label=&#8220;Product catalogue cab de&#8220; module_class=&#8220;suplementals_product_catalogue suplementals_wrap&#8220; _builder_version=&#8220;4.23.1&#8243; _module_preset=&#8220;default&#8220; global_module=&#8220;170319&#8243; saved_tabs=&#8220;all&#8220; locked=&#8220;off&#8220; global_colors_info=&#8220;{}&#8220;]<\/p>\n<p><a href=\"https:\/\/www.secowarwick.com\/wp-content\/uploads\/2025\/02\/CAB_Furnaces_catalogue.pdf\" target=\"_blank\" rel=\"noopener\" class=\"ga4_product_widget_catalogue\">Produktkatalog<\/a><\/p>\n<p>[\/et_pb_text][et_pb_text admin_label=&#8220;Product brochure&#8220; module_class=&#8220;suplementals_product_brochure suplementals_wrap&#8220; _builder_version=&#8220;4.23.1&#8243; _module_preset=&#8220;default&#8220; hover_enabled=&#8220;0&#8243; locked=&#8220;off&#8220; global_colors_info=&#8220;{}&#8220; sticky_enabled=&#8220;0&#8243;]<\/p>\n<p><a href=\"https:\/\/www.secowarwick.com\/wp-content\/uploads\/2026\/03\/CAB-EV-CAB-www.pdf\" target=\"_blank\" rel=\"noopener\" class=\"ga4_product_widget_brochure\">Produktbrosch\u00fcre<\/a><\/p>\n<p>[\/et_pb_text][et_pb_text admin_label=&#8220;Product infographic&#8220; module_class=&#8220;suplementals_product_infographic suplementals_wrap&#8220; _builder_version=&#8220;4.23.1&#8243; _module_preset=&#8220;default&#8220; locked=&#8220;off&#8220; global_colors_info=&#8220;{}&#8220;]<\/p>\n<p><a href=\"https:\/\/www.secowarwick.com\/wp-content\/uploads\/2023\/06\/EVCAB-FURNACE.jpg\" target=\"_blank\" rel=\"noopener\" class=\"ga4_product_widget_infografic\">Produkt-Infografik<\/a><\/p>\n<p>[\/et_pb_text][et_pb_text admin_label=&#8220;Product movie playlist-de&#8220; module_class=&#8220;suplementals_product_movie suplementals_wrap&#8220; _builder_version=&#8220;4.23.1&#8243; _module_preset=&#8220;default&#8220; global_module=&#8220;170321&#8243; saved_tabs=&#8220;all&#8220; locked=&#8220;off&#8220; global_colors_info=&#8220;{}&#8220;]<\/p>\n<p><a href=\"https:\/\/www.youtube.com\/playlist?list=PLa0hhW_hoQqEsIHM5LQtr9h_9UlwGFBO8\" target=\"_blank\" rel=\"noopener\">Produktvideo<\/a><\/p>\n<p>[\/et_pb_text][et_pb_text admin_label=&#8220;dnabook-de&#8220; module_class=&#8220;suplementals_product_dna suplementals_wrap&#8220; _builder_version=&#8220;4.23.1&#8243; _module_preset=&#8220;default&#8220; global_module=&#8220;167874&#8243; saved_tabs=&#8220;all&#8220; locked=&#8220;off&#8220; global_colors_info=&#8220;{}&#8220;]<\/p>\n<p><a href=\"https:\/\/www.secowarwick.com\/wp-content\/uploads\/2025\/07\/DNA_BOOK.pdf\" target=\"_blank\" rel=\"noopener\">DNA\/BOOK<\/a><\/p>\n<p>[\/et_pb_text][et_pb_text admin_label=&#8220;ECO\/BOOK-de&#8220; module_class=&#8220;suplementals_product_eco suplementals_wrap&#8220; _builder_version=&#8220;4.23.1&#8243; _module_preset=&#8220;default&#8220; global_module=&#8220;167797&#8243; locked=&#8220;off&#8220; global_colors_info=&#8220;{}&#8220;]<\/p>\n<p><a href=\"https:\/\/www.secowarwick.com\/wp-content\/uploads\/2023\/06\/ECOBOOK.pdf\" target=\"_blank\" rel=\"noopener\">ECO\/BOOK<\/a><\/p>\n<p>[\/et_pb_text][et_pb_text admin_label=&#8220;product-widget-rfq-de&#8220; module_class=&#8220;product_widget_wrap_rfq-en&#8220; _builder_version=&#8220;4.23.1&#8243; _module_preset=&#8220;default&#8220; global_module=&#8220;186250&#8243; saved_tabs=&#8220;all&#8220; locked=&#8220;off&#8220; global_colors_info=&#8220;{}&#8220;]<\/p>\n<p style=\"text-align: center;\"><a class=\"small-button smallred rfq-gtm-product-widget\" href=\"https:\/\/www.secowarwick.com\/de\/fordern-sie-hier-ihr-angebot-an\/\"><span class=\"product_wigtet_name\">FRAGE NACH MEHR<\/span><\/a><\/p>\n<p>[\/et_pb_text][\/et_pb_column][\/et_pb_row][\/et_pb_section]<\/p>\n","protected":false},"excerpt":{"rendered":"<p>[et_pb_breadcrumbs _builder_version=&#8220;3.6&#8243; global_colors_info=&#8220;{}&#8220;][\/et_pb_breadcrumbs]Kontinuierliche \u00d6fen zum Hartl\u00f6ten von Aluminium | EV\/CAB Unsere kontinuierlichen CAB-\u00d6fen verf\u00fcgen \u00fcber einen Frequenzumrichter und einen Gurtf\u00f6rderer aus Edelstahl zum Bewegen von Produkten. Der Prozess des Hartl\u00f6tens unter kontrollierter Atmosph\u00e4re (CAB) erw\u00e4rmt ein Produkt auf Hartl\u00f6ttemperaturen und h\u00e4lt dabei gleichm\u00e4\u00dfige Temperaturen innerhalb des Produkts in\u00a0einer sauerstofffreien Stickstoffatmosph\u00e4re aufrecht. EV\/CAB\u00a0 ist die CAB-Antwort [&hellip;]<\/p>\n","protected":false},"author":2,"featured_media":129033,"parent":127260,"menu_order":0,"comment_status":"closed","ping_status":"closed","template":"","meta":{"_acf_changed":false,"_et_pb_use_builder":"on","_et_pb_old_content":"","_et_gb_content_width":"","footnotes":""},"class_list":["post-86686","page","type-page","status-publish","has-post-thumbnail"],"acf":[],"_links":{"self":[{"href":"https:\/\/www.secowarwick.com\/de\/wp-json\/wp\/v2\/pages\/86686","targetHints":{"allow":["GET"]}}],"collection":[{"href":"https:\/\/www.secowarwick.com\/de\/wp-json\/wp\/v2\/pages"}],"about":[{"href":"https:\/\/www.secowarwick.com\/de\/wp-json\/wp\/v2\/types\/page"}],"author":[{"embeddable":true,"href":"https:\/\/www.secowarwick.com\/de\/wp-json\/wp\/v2\/users\/2"}],"replies":[{"embeddable":true,"href":"https:\/\/www.secowarwick.com\/de\/wp-json\/wp\/v2\/comments?post=86686"}],"version-history":[{"count":20,"href":"https:\/\/www.secowarwick.com\/de\/wp-json\/wp\/v2\/pages\/86686\/revisions"}],"predecessor-version":[{"id":190430,"href":"https:\/\/www.secowarwick.com\/de\/wp-json\/wp\/v2\/pages\/86686\/revisions\/190430"}],"up":[{"embeddable":true,"href":"https:\/\/www.secowarwick.com\/de\/wp-json\/wp\/v2\/pages\/127260"}],"wp:featuredmedia":[{"embeddable":true,"href":"https:\/\/www.secowarwick.com\/de\/wp-json\/wp\/v2\/media\/129033"}],"wp:attachment":[{"href":"https:\/\/www.secowarwick.com\/de\/wp-json\/wp\/v2\/media?parent=86686"}],"curies":[{"name":"wp","href":"https:\/\/api.w.org\/{rel}","templated":true}]}}