{"id":86696,"date":"2020-01-13T14:49:18","date_gmt":"2020-01-13T13:49:18","guid":{"rendered":"http:\/\/www.secowarwick.com\/?page_id=86696"},"modified":"2025-10-30T12:30:04","modified_gmt":"2025-10-30T11:30:04","slug":"halbkontinuierliche-cab-anlagen","status":"publish","type":"page","link":"https:\/\/www.secowarwick.com\/de\/produkte\/hartloeten-unter-kontrollierter-atmosphaere\/halbkontinuierliche-cab-anlagen\/","title":{"rendered":"Halbkontinuierliche \u00d6fen zum Hartl\u00f6ten von Aluminium"},"content":{"rendered":"<p>[et_pb_section fb_built=&#8220;1&#8243; _builder_version=&#8220;4.16&#8243; global_colors_info=&#8220;{}&#8220;][et_pb_row _builder_version=&#8220;4.16&#8243; background_size=&#8220;initial&#8220; background_position=&#8220;top_left&#8220; background_repeat=&#8220;repeat&#8220; global_colors_info=&#8220;{}&#8220;][et_pb_column type=&#8220;4_4&#8243; _builder_version=&#8220;4.16&#8243; custom_padding=&#8220;|||&#8220; global_colors_info=&#8220;{}&#8220; custom_padding__hover=&#8220;|||&#8220;][et_pb_image src=&#8220;https:\/\/www.secowarwick.com\/wp-content\/uploads\/2019\/12\/slider-SEMI_-CONTINOUS-CAB-SYSTEMS.jpg&#8220; alt=&#8220;Halbkontinuierliche \u00d6fen zum Hartl\u00f6ten von Aluminium&#8220; title_text=&#8220;Halbkontinuierliche \u00d6fen zum Hartl\u00f6ten von Aluminium&#8220; align_tablet=&#8220;center&#8220; align_phone=&#8220;&#8220; align_last_edited=&#8220;on|desktop&#8220; _builder_version=&#8220;4.16&#8243; global_colors_info=&#8220;{}&#8220;][\/et_pb_image][\/et_pb_column][\/et_pb_row][et_pb_row column_structure=&#8220;3_4,1_4&#8243; _builder_version=&#8220;4.16&#8243; background_size=&#8220;initial&#8220; background_position=&#8220;top_left&#8220; background_repeat=&#8220;repeat&#8220; global_colors_info=&#8220;{}&#8220;][et_pb_column type=&#8220;3_4&#8243; _builder_version=&#8220;4.16&#8243; custom_padding=&#8220;|||&#8220; global_colors_info=&#8220;{}&#8220; custom_padding__hover=&#8220;|||&#8220;][et_pb_breadcrumbs _builder_version=&#8220;3.6&#8243; global_colors_info=&#8220;{}&#8220;][\/et_pb_breadcrumbs][et_pb_text module_class=&#8220;podtytuly&#8220; _builder_version=&#8220;4.23.1&#8243; global_colors_info=&#8220;{}&#8220;]<\/p>\n<h1>Halbkontinuierliche \u00d6fen zum Hartl\u00f6ten von Aluminium<\/h1>\n<p>Die <strong>halbkontinuierliche Ofenanlage<\/strong> ist f\u00fcr den Teilzeitbetrieb ausgelegt. Der Ofen kann in\u00a0k\u00fcrzester Zeit auf L\u00f6ttemperatur aus der Umgebung gebracht und mit einer geeigneten Atmosph\u00e4re konditioniert werden. Dieses halbkontinuierliche System erm\u00f6glicht variable Aufheiz- und Abk\u00fchlraten, abh\u00e4ngig von den Indexierungszeiten. Dieser Ofen kann die unterschiedlichsten W\u00e4rmetauscher l\u00f6ten, wenn ein geringerer Gesamtproduktionsbedarf erforderlich ist.<\/p>\n<h2>Designs von CAB-\u00d6fen:<\/h2>\n<p>Die folgenden Ofenausf\u00fchrungen sind verf\u00fcgbar, um eine Vielzahl von Bauteilen in\u00a0mittleren oder kleineren Serien herzustellen:<\/p>\n<p>[\/et_pb_text][et_pb_tabs module_class=&#8220;red-tabs eco-tab2&#8243; _builder_version=&#8220;4.23.1&#8243; custom_css_main_element=&#8220;margin-top: 2rem;||margin-bottom: 2rem;&#8220; global_colors_info=&#8220;{}&#8220;][et_pb_tab title=&#8220;Active Only Konvektion CAB-Ofen&#8220; _builder_version=&#8220;4.23.1&#8243; global_colors_info=&#8220;{}&#8220;]<\/p>\n<p>Unsere Active Only Konvektion CAB-\u00d6fen basieren auf einem mehrstufigen Indexierungszyklus. Zu den Indexierungspositionen geh\u00f6ren die Beladetischposition, der Trockenschrank, die Eingangssp\u00fclkammer, die patentierten Konvektionsvorw\u00e4rm- und L\u00f6tkammern, die luftummantelte K\u00fchl-\/Ausgangssp\u00fclkammer und die Blaskammer. Das Produkt l\u00e4uft in&nbsp;horizontaler Position mit einer stufenlos einstellbaren Verweilzeit und basiert auf der Herdlast und der Lastkonfiguration. Eine Thermoelement-Arbeitszone \u00fcberwacht die Erholungszeit, wenn die Last intermittierend betrieben wird. Dieses System beinhaltet innovative Funktionen zur Verbesserung der L\u00f6teffizienz. Der Ofen sorgt durch eine patentierte Muffelkonfiguration f\u00fcr eine gleichm\u00e4\u00dfige Vorw\u00e4rmung des Produkts. Er&nbsp;h\u00e4lt den Verbrauch der Stickstoffatmosph\u00e4re niedrig, ist elektrisch oder gaseffizient und wird vollst\u00e4ndig computergesteuert.<\/p>\n<p>[\/et_pb_tab][et_pb_tab title=&#8220;Vertikall\u00f6ten CAB-Ofen&#8220; _builder_version=&#8220;4.23.1&#8243; global_colors_info=&#8220;{}&#8220;]<\/p>\n<p>Der Vertikall\u00f6tofen CAB ist eine einzigartige Bauversion eines Active Only Indexierungsofens, bei dem die gel\u00f6teten Elemente horizontal angeordnet sind. F\u00fcr einige Arten von W\u00e4rmetauschern bietet diese Ausrichtung Vorteile, da die Umh\u00fcllung schmilzt. Die vertikale Positionierung des W\u00e4rmetauschers erm\u00f6glicht eine gleichm\u00e4\u00dfige F\u00fcllung der Verbindungen in&nbsp;horizontaler Ebene, wodurch verhindert wird, dass sich das Lot auf einer Seite des W\u00e4rmetauschers ansammelt.<\/p>\n<p>Zus\u00e4tzlich werden die \u00d6fen in\u00a0halbkontinuierlicher Konfiguration auch mit einer Vakuumsp\u00fclung betrieben.\u00a0 Diese L\u00f6sung begrenzt den Stickstoffverbrauch und verbessert die Sauberkeit der Ofenatmosph\u00e4re. Durch die Vakuumsp\u00fclung im\u00a0Ofenvorraum wird nicht nur in\u00a0der Kammer, sondern auch aus den Innen\u00f6ffnungen des W\u00e4rmetauschers Luft entfernt. \u00d6fen dieser Art k\u00f6nnen bei der Herstellung einiger Arten von W\u00e4rmetauschern verwendet werden, die bisher eine teurere L\u00f6ttechnologie in\u00a0Vakuum\u00f6fen erforderten.<\/p>\n<p>[\/et_pb_tab][et_pb_tab title=&#8220; &#8220; _builder_version=&#8220;4.23.1&#8243; _module_preset=&#8220;default&#8220; global_colors_info=&#8220;{}&#8220;]<\/p>\n<p><span data-contrast=\"none\"><strong><span style=\"color: #dc291e;\">\/ <\/span><\/strong>Nachbrenner (eng. afterburner) zur Reduzierung des Aussto\u00dfs von fl\u00fcchtigen organischen Verbindungen (VOC) f\u00fcr Entfettungsanlagen<br \/><\/span><span data-contrast=\"none\"><strong><span style=\"color: #dc291e;\">\/<\/span><\/strong> Ein W\u00e4scher (eng. scrubber) mit aktiver Aluminiumoxidablagerung zur Verringerung der Fluorwasserstoffemissionen, der w\u00e4hrend des L\u00f6tprozesses entstanden ist<br \/><\/span><span data-contrast=\"none\"><strong><span style=\"color: #dc291e;\">\/ <\/span><\/strong>Energier\u00fcckgewinnungssysteme zur Reduzierung des Gasverbrauchs und damit zur\u00a0 Reduktion der CO2-Emissionen f\u00fcr gasbeheizte Ger\u00e4te:<br \/><\/span><span data-contrast=\"none\">\u00a0 \u00a0 \u00a0\/ ein Energieaustauschsystem zwischen dem thermischen Nachbrenner und der Entfettungsanlagen<br \/><\/span><span data-contrast=\"none\">\u00a0 \u00a0 \u00a0\/ Energier\u00fcckgewinnung (Rekuperation) aus den Vorw\u00e4rmekammern und einem L\u00f6tofen durch die \u00dcbertragung von Abgasen unter einem Einlasstunnel und weiter als eine Unterst\u00fctzung des Heizungssystems in&nbsp;einem Trockner.<\/span><span data-ccp-props=\"{&quot;201341983&quot;:0,&quot;335559731&quot;:708,&quot;335559739&quot;:0,&quot;335559740&quot;:240}\">\u00a0<\/span><\/p>\n<p><span data-contrast=\"none\"><strong><span style=\"color: #dc291e;\">\/<\/span><\/strong> Elektroheizungssysteme anstelle der Gasheizungssysteme (einschlie\u00dflich \u00c4nderung der derzeitigen Ger\u00e4te) zur Reduktion von CO\u2082-Emissionen<br \/><\/span><span data-contrast=\"none\"><strong><span style=\"color: #dc291e;\">\/<\/span><\/strong> Optionale Anwendungen der mikropor\u00f6sen Hochleistungsd\u00e4mmung zur Verringerung des W\u00e4rmeverlustes und damit der Energieverbrauchsreduzierung (im&nbsp;Falle der Gasheizsysteme \u2013 Reduktion von CO\u2082-Emissionen)<br \/><\/span><span data-contrast=\"none\"><strong><span style=\"color: #dc291e;\">\/<\/span><\/strong> Beheizter Vorhang Einlasstunnel zur Reduzierung des Temperaturabfalls des F\u00f6rderbandes und der Charge w\u00e4hrend der \u00dcbertragung und damit \u2013 reduzierte Chargenerw\u00e4rmungszeit \u2013 im&nbsp;Gro\u00dfen und Ganzen: Senkung des Energieverbrauchs (im&nbsp;Falle der Gasheizsysteme \u2013 Reduktion von CO\u2082-Emissionen)<br \/><\/span><span data-contrast=\"none\"><strong><span style=\"color: #dc291e;\">\/<\/span><\/strong> Ein gemeinsames F\u00f6rderband f\u00fcr einen Trockner (oder W\u00e4rmebehandlung vor dem Hartl\u00f6ten) und einen Ofen zur Senkung des mit der doppelten Heizung verbundenen Energieverbrauchs im&nbsp;Falle der Split-Systeme (im&nbsp;Falle der Gasheizsysteme \u2013 Reduktion von CO\u2082-Emissionen)<br \/><\/span><span data-contrast=\"none\"><strong><span style=\"color: #dc291e;\">\/<\/span><\/strong> Nutzung der von den Absaugsystemen f\u00fcr K\u00fchlkammern und Trockner emittierten Energie durch den Kunden zur Unterst\u00fctzung der Beheizung von Betriebsinstallationen<br \/><\/span><span data-contrast=\"none\"><strong><span style=\"color: #dc291e;\">\/<\/span><\/strong> Emissionsfreie auf dem Luftmantel basierende K\u00fchlungssysteme statt eines geschlossenen Wasserkreislauf<br \/><\/span><span data-contrast=\"none\"><strong><span style=\"color: #dc291e;\">\/<\/span><\/strong> Steuerung \u2013 die die Betriebstemperatur senkenden Arbeitsmodi der IDLE- und WEEKEND-Ger\u00e4te, die ein w\u00e4hrend der Produktionspausen nicht erforderliches Ger\u00e4t abschalten &#8211; Senkung des Energieverbrauchs (im&nbsp;Falle der Gasheizsysteme \u2013 Reduktion von CO\u2082-Emissionen)<\/span><\/p>\n<p>[\/et_pb_tab][\/et_pb_tabs][et_pb_code admin_label=&#8220;crm-rfq-de&#8220; _builder_version=&#8220;4.10.3&#8243; _module_preset=&#8220;default&#8220; global_module=&#8220;123766&#8243; global_colors_info=&#8220;{}&#8220;]<!-- [et_pb_line_break_holder] --><pee style=\"text-align: center;\"><a class=\"small-button smallred\" style=\"font-size: 20px; padding: 20px 60px;\" href=\"https:\/\/www.secowarwick.com\/de\/fordern-sie-hier-ihr-angebot-an\/\"><span style=\"display: block; transform: skew(15deg,0deg); -webkit-transform: skew(15deg,0deg); font-size: 20px; !important\">UM EIN ANGEBOT BITTEN<\/span><\/a><\/pee>[\/et_pb_code][\/et_pb_column][et_pb_column type=&#8220;1_4&#8243; _builder_version=&#8220;4.16&#8243; custom_padding=&#8220;|||&#8220; global_colors_info=&#8220;{}&#8220; custom_padding__hover=&#8220;|||&#8220;][et_pb_gallery gallery_ids=&#8220;83620,87530&#8243; posts_number=&#8220;1&#8243; show_title_and_caption=&#8220;off&#8220; show_pagination=&#8220;off&#8220; zoom_icon_color=&#8220;#e2001a&#8220; module_class=&#8220;seco-products-gallery-new&#8220; _builder_version=&#8220;4.16&#8243; custom_css_overlay_icon=&#8220;content:&#8217;GALERIE ANSEHEN&#8216; !important;&#8220; global_colors_info=&#8220;{}&#8220;][\/et_pb_gallery][et_pb_text admin_label=&#8220;btn_de_premiumlibrary&#8220; module_class=&#8220;premium-library-button&#8220; _builder_version=&#8220;4.23.1&#8243; _module_preset=&#8220;default&#8220; text_orientation=&#8220;center&#8220; global_module=&#8220;157246&#8243; global_colors_info=&#8220;{}&#8220;]<\/p>\n<a href='https:\/\/www.secowarwick.com\/de\/premiuminhalte\/' class='small-button smallred'><span>PREMIUMINHALTE<\/span><\/a>\n<p>[\/et_pb_text][et_pb_text admin_label=&#8220;R&#038;D de&#8220; module_class=&#8220;product_widget_wrap_rd&#8220; _builder_version=&#8220;4.23.1&#8243; _module_preset=&#8220;default&#8220; text_orientation=&#8220;center&#8220; global_module=&#8220;167836&#8243; saved_tabs=&#8220;all&#8220; locked=&#8220;off&#8220; global_colors_info=&#8220;{}&#8220;]<\/p>\n<p><a href=\"https:\/\/www.secowarwick.com\/de\/rd\/\"><span class=\"product_wigtet_name\">R&amp;D<\/span><\/a><\/p>\n<p>[\/et_pb_text][et_pb_text admin_label=&#8220;AUTOMATYKA de&#8220; module_class=&#8220;product_widget_wrap_automation&#8220; _builder_version=&#8220;4.23.1&#8243; _module_preset=&#8220;default&#8220; global_module=&#8220;167905&#8243; saved_tabs=&#8220;all&#8220; locked=&#8220;off&#8220; global_colors_info=&#8220;{}&#8220;]<\/p>\n<p><a href=\"https:\/\/www.secowarwick.com\/de\/service\/automatisierung\/\"><span class=\"product_wigtet_name\">AUTOMATISIERUNG<\/span><\/a><\/p>\n<p>[\/et_pb_text][et_pb_text admin_label=&#8220;SERVICE de&#8220; module_class=&#8220;product_widget_wrap_service&#8220; _builder_version=&#8220;4.23.1&#8243; _module_preset=&#8220;default&#8220; global_module=&#8220;167860&#8243; saved_tabs=&#8220;all&#8220; locked=&#8220;off&#8220; global_colors_info=&#8220;{}&#8220;]<\/p>\n<p><a href=\"https:\/\/www.secowarwick.com\/de\/professionelle-service-dienstleistungen\/\"><span class=\"product_wigtet_name\">SERVICE<\/span><\/a><\/p>\n<p>[\/et_pb_text][et_pb_text admin_label=&#8220;SUPLEMENTALS de&#8220; module_class=&#8220;product_widget_wrap_supleme&#8220; _builder_version=&#8220;4.23.1&#8243; _module_preset=&#8220;default&#8220; global_module=&#8220;167915&#8243; saved_tabs=&#8220;all&#8220; locked=&#8220;off&#8220; global_colors_info=&#8220;{}&#8220;]<\/p>\n<p><span class=\"product_wigtet_name\">ZUSATZSTOFFE:<\/span><\/p>\n<p>[\/et_pb_text][et_pb_text admin_label=&#8220;Product catalogue cab de&#8220; module_class=&#8220;suplementals_product_catalogue suplementals_wrap&#8220; _builder_version=&#8220;4.23.1&#8243; _module_preset=&#8220;default&#8220; global_module=&#8220;170319&#8243; saved_tabs=&#8220;all&#8220; locked=&#8220;off&#8220; global_colors_info=&#8220;{}&#8220;]<\/p>\n<p><a href=\"https:\/\/www.secowarwick.com\/wp-content\/uploads\/2025\/02\/CAB_Furnaces_catalogue.pdf\" target=\"_blank\" rel=\"noopener\">Produktkatalog<\/a><\/p>\n<p>[\/et_pb_text][et_pb_text admin_label=&#8220;Product infographic&#8220; module_class=&#8220;suplementals_product_infographic suplementals_wrap&#8220; _builder_version=&#8220;4.23.1&#8243; _module_preset=&#8220;default&#8220; locked=&#8220;off&#8220; global_colors_info=&#8220;{}&#8220;]<\/p>\n<p><a href=\"https:\/\/www.secowarwick.com\/wp-content\/uploads\/2023\/06\/ActiveOnly.jpg\" target=\"_blank\" rel=\"noopener\">Produkt-Infografik<\/a><\/p>\n<p>[\/et_pb_text][et_pb_text admin_label=&#8220;Product movie playlist-de&#8220; module_class=&#8220;suplementals_product_movie suplementals_wrap&#8220; _builder_version=&#8220;4.23.1&#8243; _module_preset=&#8220;default&#8220; global_module=&#8220;170321&#8243; saved_tabs=&#8220;all&#8220; locked=&#8220;off&#8220; global_colors_info=&#8220;{}&#8220;]<\/p>\n<p><a href=\"https:\/\/www.youtube.com\/playlist?list=PLa0hhW_hoQqEsIHM5LQtr9h_9UlwGFBO8\" target=\"_blank\" rel=\"noopener\">Produktvideo<\/a><\/p>\n<p>[\/et_pb_text][et_pb_text admin_label=&#8220;dnabook-de&#8220; module_class=&#8220;suplementals_product_dna suplementals_wrap&#8220; _builder_version=&#8220;4.23.1&#8243; _module_preset=&#8220;default&#8220; global_module=&#8220;167874&#8243; saved_tabs=&#8220;all&#8220; locked=&#8220;off&#8220; global_colors_info=&#8220;{}&#8220;]<\/p>\n<p><a href=\"https:\/\/www.secowarwick.com\/wp-content\/uploads\/2025\/07\/DNA_BOOK.pdf\" target=\"_blank\" rel=\"noopener\">DNA\/BOOK<\/a><\/p>\n<p>[\/et_pb_text][et_pb_text admin_label=&#8220;ECO\/BOOK-de&#8220; module_class=&#8220;suplementals_product_eco suplementals_wrap&#8220; _builder_version=&#8220;4.23.1&#8243; _module_preset=&#8220;default&#8220; global_module=&#8220;167797&#8243; locked=&#8220;off&#8220; global_colors_info=&#8220;{}&#8220;]<\/p>\n<p><a href=\"https:\/\/www.secowarwick.com\/wp-content\/uploads\/2023\/06\/ECOBOOK.pdf\" target=\"_blank\" rel=\"noopener\">ECO\/BOOK<\/a><\/p>\n<p>[\/et_pb_text][et_pb_text admin_label=&#8220;product-widget-rfq-de&#8220; module_class=&#8220;product_widget_wrap_rfq-en&#8220; _builder_version=&#8220;4.23.1&#8243; _module_preset=&#8220;default&#8220; global_module=&#8220;186250&#8243; saved_tabs=&#8220;all&#8220; global_colors_info=&#8220;{}&#8220; locked=&#8220;off&#8220;]<\/p>\n<p style=\"text-align: center;\"><a class=\"small-button smallred\" href=\"https:\/\/www.secowarwick.com\/de\/fordern-sie-hier-ihr-angebot-an\/\"><span class=\"product_wigtet_name\">FRAGE NACH MEHR<\/span><\/a><\/p>\n<p>[\/et_pb_text][\/et_pb_column][\/et_pb_row][\/et_pb_section]<\/p>\n","protected":false},"excerpt":{"rendered":"<p>[et_pb_breadcrumbs _builder_version=&#8220;3.6&#8243; global_colors_info=&#8220;{}&#8220;][\/et_pb_breadcrumbs]Halbkontinuierliche \u00d6fen zum Hartl\u00f6ten von Aluminium Die halbkontinuierliche Ofenanlage ist f\u00fcr den Teilzeitbetrieb ausgelegt. Der Ofen kann in\u00a0k\u00fcrzester Zeit auf L\u00f6ttemperatur aus der Umgebung gebracht und mit einer geeigneten Atmosph\u00e4re konditioniert werden. Dieses halbkontinuierliche System erm\u00f6glicht variable Aufheiz- und Abk\u00fchlraten, abh\u00e4ngig von den Indexierungszeiten. Dieser Ofen kann die unterschiedlichsten W\u00e4rmetauscher l\u00f6ten, wenn ein [&hellip;]<\/p>\n","protected":false},"author":2,"featured_media":87530,"parent":127260,"menu_order":0,"comment_status":"closed","ping_status":"closed","template":"","meta":{"_acf_changed":false,"_et_pb_use_builder":"on","_et_pb_old_content":"","_et_gb_content_width":"","footnotes":""},"class_list":["post-86696","page","type-page","status-publish","has-post-thumbnail"],"acf":[],"_links":{"self":[{"href":"https:\/\/www.secowarwick.com\/de\/wp-json\/wp\/v2\/pages\/86696","targetHints":{"allow":["GET"]}}],"collection":[{"href":"https:\/\/www.secowarwick.com\/de\/wp-json\/wp\/v2\/pages"}],"about":[{"href":"https:\/\/www.secowarwick.com\/de\/wp-json\/wp\/v2\/types\/page"}],"author":[{"embeddable":true,"href":"https:\/\/www.secowarwick.com\/de\/wp-json\/wp\/v2\/users\/2"}],"replies":[{"embeddable":true,"href":"https:\/\/www.secowarwick.com\/de\/wp-json\/wp\/v2\/comments?post=86696"}],"version-history":[{"count":15,"href":"https:\/\/www.secowarwick.com\/de\/wp-json\/wp\/v2\/pages\/86696\/revisions"}],"predecessor-version":[{"id":186313,"href":"https:\/\/www.secowarwick.com\/de\/wp-json\/wp\/v2\/pages\/86696\/revisions\/186313"}],"up":[{"embeddable":true,"href":"https:\/\/www.secowarwick.com\/de\/wp-json\/wp\/v2\/pages\/127260"}],"wp:featuredmedia":[{"embeddable":true,"href":"https:\/\/www.secowarwick.com\/de\/wp-json\/wp\/v2\/media\/87530"}],"wp:attachment":[{"href":"https:\/\/www.secowarwick.com\/de\/wp-json\/wp\/v2\/media?parent=86696"}],"curies":[{"name":"wp","href":"https:\/\/api.w.org\/{rel}","templated":true}]}}