{"id":86710,"date":"2019-09-26T08:47:42","date_gmt":"2019-09-26T06:47:42","guid":{"rendered":"http:\/\/www.secowarwick.com\/?page_id=86710"},"modified":"2026-02-11T16:44:03","modified_gmt":"2026-02-11T15:44:03","slug":"aluminium-gluehoefen","status":"publish","type":"page","link":"https:\/\/www.secowarwick.com\/de\/produkte\/aluminium-prozesse\/aluminium-gluehoefen\/","title":{"rendered":"Gl\u00fchofen von Aluminium"},"content":{"rendered":"<p>[et_pb_section fb_built=&#8220;1&#8243; _builder_version=&#8220;4.16&#8243; global_colors_info=&#8220;{}&#8220;][et_pb_row _builder_version=&#8220;4.16&#8243; background_size=&#8220;initial&#8220; background_position=&#8220;top_left&#8220; background_repeat=&#8220;repeat&#8220; global_colors_info=&#8220;{}&#8220;][et_pb_column type=&#8220;4_4&#8243; _builder_version=&#8220;4.16&#8243; custom_padding=&#8220;|||&#8220; global_colors_info=&#8220;{}&#8220; custom_padding__hover=&#8220;|||&#8220;][et_pb_image src=&#8220;https:\/\/www.secowarwick.com\/wp-content\/uploads\/2020\/01\/Aluminum-annealing.jpg&#8220; alt=&#8220;Gl\u00fchofen von Aluminium SECO\/WARWICK&#8220; title_text=&#8220;Gl\u00fchofen von Aluminium SECO\/WARWICK&#8220; align_tablet=&#8220;center&#8220; align_phone=&#8220;&#8220; align_last_edited=&#8220;on|desktop&#8220; _builder_version=&#8220;4.16&#8243; global_colors_info=&#8220;{}&#8220;][\/et_pb_image][\/et_pb_column][\/et_pb_row][et_pb_row column_structure=&#8220;3_4,1_4&#8243; _builder_version=&#8220;4.16&#8243; background_size=&#8220;initial&#8220; background_position=&#8220;top_left&#8220; background_repeat=&#8220;repeat&#8220; global_colors_info=&#8220;{}&#8220;][et_pb_column type=&#8220;3_4&#8243; _builder_version=&#8220;4.16&#8243; custom_padding=&#8220;|||&#8220; global_colors_info=&#8220;{}&#8220; custom_padding__hover=&#8220;|||&#8220;][et_pb_breadcrumbs _builder_version=&#8220;3.6&#8243; global_colors_info=&#8220;{}&#8220;][\/et_pb_breadcrumbs][et_pb_text module_class=&#8220;podtytuly&#8220; _builder_version=&#8220;4.23.1&#8243; global_colors_info=&#8220;{}&#8220;]<\/p>\n<h1>Gl\u00fchofen von Aluminium<\/h1>\n<h2>Umfassende ma\u00dfgeschneiderte L\u00f6sungen f\u00fcr die Aluminiumindustrie<\/h2>\n<p><strong>VERSCHIEDENE LADUNGEN ERFORDERN UNTERSCHIEDLICHE L\u00d6SUNGEN. DAHER HAT SECO\/WARWICK FOLGENDES UMGESETZT:<br \/><\/strong><\/p>\n<p><span style=\"color: #dc291e;\">\/<\/span> Massen-Flow-Design, insbesondere f\u00fcr das Foliengl\u00fchen wenn die Oberfl\u00e4che der Ladung\u00a0 bei starkem Atmosph\u00e4renstrom anf\u00e4llig f\u00fcr Sch\u00e4den ist.<\/p>\n<p><span style=\"color: #dc291e;\">\/<\/span> Jet Heating System f\u00fcr Coil-Gl\u00fchen,\u00a0 wenn der Vorteil der hohen W\u00e4rme\u00fcbertragung genutzt werden kann.<\/p>\n<p>SECO\/WARWICK bietet ma\u00dfgeschneiderte Aluminiumcoil- und <strong>Foliengl\u00fch\u00f6fen<\/strong> mit Kapazit\u00e4ten von Singlecoil\u00f6fen bis hin zu <strong>Mehrzonen\u00f6fen<\/strong> mit enger Zonenregelung. Wir haben die Erfahrung, das Wissen und das Talent, effiziente \u00d6fen herzustellen. Mit au\u00dfergew\u00f6hnlicher Temperaturgleichm\u00e4\u00dfigkeit und einzigartigen Ladetechniken f\u00fcr die anspruchsvollsten Anwendungen arbeiten.<\/p>\n<p>[\/et_pb_text][et_pb_tabs module_class=&#8220;red-tabs eco-tab3&#8243; _builder_version=&#8220;4.23.1&#8243; custom_css_main_element=&#8220;margin-top: 2rem;||margin-bottom: 2rem;&#8220; global_colors_info=&#8220;{}&#8220;][et_pb_tab title=&#8220;Ofeneffizienz&#8220; _builder_version=&#8220;4.23.1&#8243; global_colors_info=&#8220;{}&#8220;]<\/p>\n<p>Weitere Effizienzsteigerungen werden mit dem SECO\/WARWICK Thermokopf, Steuerungssystem mit Luft-zu-Arbeit-Verh\u00e4ltnis realisiert, das in\u00a0jeder Regelzone separate Last- und Luftthermoelemente verwendet. Da die Lasttemperatur st\u00e4ndig \u00fcberwacht wird, wird ein Thermokopf ohne Gefahr einer \u00dcberhitzung der Last gehalten. Wenn sich die Last dem Metallsollwert n\u00e4hert, wird die Lufttemperatur in\u00a0direktem Verh\u00e4ltnis zur Geschwindigkeit des Anstiegs der Lasttemperatur reduziert. Daher wird die maximale Menge des Thermokopfes f\u00fcr die maximale Zeitspanne beibehalten, was zu einer m\u00f6glichst kurzen Aufheizzeit f\u00fchrt. Um das Steuerungssystem weiter zu verbessern, ist auch ein einstellbares Verh\u00e4ltnissystem verf\u00fcgbar, das vor allem beim Gl\u00fchen unterschiedlicher Coilgr\u00f6\u00dfen zum Einsatz kommt.<\/p>\n<p>Um den Wirkungsgrad zu maximieren und die Coils vor Staubbildung oder Verunreinigung durch Keramikfasern zu sch\u00fctzen, hat SECO\/WARWICK ein eigenes Gewebe- und M\u00f6rteld\u00e4mmsystem entwickelt und verwendet, das nicht nur die D\u00e4mmwirkung um 15-20% erh\u00f6ht, sondern auch die Wartung vereinfacht.<\/p>\n<p>Die Gl\u00fch\u00f6fen von SECO\/WARWICK nutzen mehrere verschiedene Designs, um eine gleichm\u00e4\u00dfige Temperaturverteilung zu gew\u00e4hrleisten. SECO\/WARWICK h\u00e4lt Patente f\u00fcr Innovationen zur Steuerung der Luftstromr\u00fcckf\u00fchrung \u00fcber verschiedene Gr\u00f6\u00dfenlasten, zur Erh\u00f6hung der W\u00e4rme\u00fcbertragung und Gleichm\u00e4\u00dfigkeit. Unsere \u00d6fen beinhalten sowohl den vertikalen Luftstrom mit speziell entwickelten vertikalen Leitblechen auf jeder Seite der Ladung als auch das Hochgeschwindigkeits-Massen-Flow-System. In\u00a0beiden F\u00e4llen verbessern die vertikalen Leitbleche die Gleichm\u00e4\u00dfigkeit des Luftstroms und trennen die Last von der direkten W\u00e4rmestrahlung. Strahlheizrohre f\u00fcr Gasbrenner oder elektrische Heizelemente sorgen f\u00fcr eine indirekte Erw\u00e4rmung, sch\u00fctzen die Last vor direkter W\u00e4rmestrahlung und maximieren die Temperaturgleichm\u00e4\u00dfigkeit.<\/p>\n<p>Bei gro\u00dfen Coils wird die Temperaturgleichm\u00e4\u00dfigkeit durch die Lastkonfiguration bestimmt. Bei sehr gro\u00dfen Coil-Anwendungen und bei der Erforderung einer engen Temperaturtoleranz, verwendet SECO\/WARWICK zwei Temperaturregelzonen f\u00fcr jedes Rezirkulationsgebl\u00e4se. Diese praxiserprobte Konstruktion kompensiert unterschiedliche Coil-Charakteristiken, Verbrennungsleistungen und Ladepraktiken.<\/p>\n<p>SECO\/WARWICK bietet ein spezielles Bypass-K\u00fchlerdesign f\u00fcr Gl\u00fch\u00f6fen an. Die K\u00fchlung unter Schutzatmosph\u00e4re ist bei dieser Anwendung sowohl aus metallurgischen als auch aus Handhabungsgr\u00fcnden sehr wichtig.<\/p>\n<p>Die K\u00fchler verwenden eine interne Bypass-Anordnung, die die Temperatur der durch die W\u00e4rmetauscher str\u00f6menden Atmosph\u00e4re auf 1750\u00b0C begrenzt. Dadurch wird das Backen des verfl\u00fcchtigten Walz\u00f6ls auf den Lamellen des W\u00e4rmetauschers verhindert. Die K\u00fchler sind so konzipiert, dass sie eine Tauch-, Programm- oder Hilfsk\u00fchlung erm\u00f6glichen und sind in\u00a0Standard- oder Sondergr\u00f6\u00dfen erh\u00e4ltlich. Die K\u00fchler k\u00f6nnen je\u00a0nach Platzverh\u00e4ltnissen hinten oder seitlich montiert werden. Zus\u00e4tzlich k\u00f6nnen mehrere K\u00fchler auch einen Bypass-K\u00fchler zu einem bestehenden Gl\u00fchofen hinzuf\u00fcgen. SECO\/WARWICK hat derzeit mehr als 100 dieser K\u00fchler im\u00a0Einsatz in\u00a0Coil- und Foliengl\u00fchanwendungen.<\/p>\n<p>[\/et_pb_tab][et_pb_tab title=&#8220;Ofenidee&#8220; _builder_version=&#8220;4.23.1&#8243; global_colors_info=&#8220;{}&#8220;]<\/p>\n<p>Das Gl\u00fchen von Aluminiumcoils erfordert ein fortschrittliches konvektives Heizsystem, um Aufheizzeiten so kurz wie m\u00f6glich ohne Qualit\u00e4tsverlust zu erreichen. Qualit\u00e4tsminderungen treten typischerweise an den Bandkanten auf und werden durch ungleichm\u00e4\u00dfige Materialeigenschaften wie H\u00e4rte, Verf\u00e4rbungen der Bandoberfl\u00e4che bei 5xxx- und 7xxx-Legierungen durch Mg- oder Mn-Ausblutungen, Rissreste von Fr\u00e4s\u00f6l beim Entfetten der Spule oder gar fatale Verschlechterungen durch lokales Schmelzen der Bandoberfl\u00e4che dargestellt. Der Grund f\u00fcr diese Qualit\u00e4tsminderungen ist eine lokale \u00dcberhitzung an der Oberfl\u00e4che des Kopfes eines Coils, die durch einen ungleichm\u00e4\u00dfigen W\u00e4rmefluss des verwendeten konvektiven W\u00e4rme\u00fcbertragungssystems verursacht wird.<\/p>\n<p>Der ma\u00dfgebliche Parameter, der die Temperaturgleichm\u00e4\u00dfigkeit einer konvektiven Heizungsanlage beschreibt, ist das Verh\u00e4ltnis von maximalem zu minimalem W\u00e4rme\u00fcbertragungskoeffizienten \u03b1 max\/\u03b1 min. Dieser Parameter begrenzt auch die Aufheizzeit, denn je\u00a0kleiner das \u03b1 max\/\u03b1 min-Verh\u00e4ltnis, desto h\u00f6her ist der Mittelwert (), der erhalten werden kann, ohne die maximal tolerierbare lokale W\u00e4rme\u00fcbertragung zu \u00fcberschreiten. Das Gl\u00fchen von Aluminiumcoils erfordert ein fortschrittliches konvektives Heizsystem, um Aufheizzeiten so kurz wie m\u00f6glich ohne Qualit\u00e4tsverlust zu erreichen. Qualit\u00e4tsminderungen treten typischerweise an den Bandkanten auf und werden durch ungleichm\u00e4\u00dfige Materialeigenschaften wie H\u00e4rte, Verf\u00e4rbungen der Bandoberfl\u00e4che bei 5xxx- und 7xxx-Legierungen durch Mg- oder Mn-Ausblutungen, Rissreste von Fr\u00e4s\u00f6l beim Entfetten der Spule oder gar fatale Verschlechterungen durch lokales Schmelzen der Bandoberfl\u00e4che dargestellt.<\/p>\n<p>Der Grund f\u00fcr diese Qualit\u00e4tsminderungen ist eine lokale \u00dcberhitzung an der Oberfl\u00e4che des Kopfes eines Coils, die durch einen ungleichm\u00e4\u00dfigen W\u00e4rmefluss des verwendeten konvektiven W\u00e4rme\u00fcbertragungssystems verursacht wird. Der ma\u00dfgebliche Parameter, der die Temperaturgleichm\u00e4\u00dfigkeit einer konvektiven Heizungsanlage beschreibt, ist das Verh\u00e4ltnis von maximalem zu minimalem W\u00e4rme\u00fcbertragungskoeffizienten \u03b1 max\/\u03b1 min. Dieser Parameter begrenzt auch die Aufheizzeit, denn je&nbsp;kleiner das \u03b1 max\/\u03b1 min-Verh\u00e4ltnis, desto h\u00f6her ist der Mittelwert (), der erhalten werden kann, ohne die maximal tolerierbare lokale W\u00e4rme\u00fcbertragung zu \u00fcberschreiten.<\/p>\n<p>Diese Anforderungen werden am\u00a0besten mit dem Vortex Flow Jet Heating System erf\u00fcllt, bei dem Anordnungen von 4 schr\u00e4gen Rundd\u00fcsend\u00fcsen jeweils gro\u00dfe Wirbel erzeugen, die f\u00fcr eine hohe W\u00e4rme\u00fcbertragung ohne Hot Spots sorgen. Der Volumenstrom dieses D\u00fcsensystems ist hoch, so dass 1 kg Al\u00a0durch mehr kg an Atmosph\u00e4re, die durch den speziell entwickelten halbaxial Ventilator angetrieben wird, gleichm\u00e4\u00dfiger erw\u00e4rmt wird. Da die effektive W\u00e4rmeleitf\u00e4higkeit in\u00a0einer Bandspule in\u00a0radialer Richtung viel geringer ist als in\u00a0axialer Richtung, ist die effektivste Art der Erw\u00e4rmung des Coils durch die Kanten der Spulenwicklung. Die Differenz zwischen der W\u00e4rmeleitf\u00e4higkeit f\u00fcr beide Richtungen wird durch die w\u00e4rmed\u00e4mmende Wirkung der Gas- und Fr\u00e4s\u00f6lschichten in\u00a0der Spule zwischen den Bandschichten verursacht.<\/p>\n<p>[\/et_pb_tab][et_pb_tab title=&#8220;Vorteile&#8220; _builder_version=&#8220;4.23.1&#8243; global_colors_info=&#8220;{}&#8220;]<\/p>\n<p>Die Analyse der Bilder der Thermovisionskamera, die ebenfalls skaliert waren, ergab, dass eine gleichm\u00e4\u00dfigere Oberfl\u00e4chentemperatur durch den Einsatz des neuen High Convection Vortex Flow Jet Heating Systems erreicht wurde.<\/p>\n<p>Die Profile f\u00fcr die Temperaturgleichm\u00e4\u00dfigkeit der Coil-Oberfl\u00e4che geben einen \u00dcberblick \u00fcber die Temperaturgleichm\u00e4\u00dfigkeit f\u00fcr die gesamten Aufheizzyklen. Dies best\u00e4tigt, dass durch das Wirbel-D\u00fcsensystem eine bessere Oberfl\u00e4chengleichm\u00e4\u00dfigkeit erreicht wurde. Das Verh\u00e4ltnis zwischen \u03b1 min\/\u03b1 max\u00a0, das berechnet wurde auf der Grundlage der obigen Daten, betr\u00e4gt 1,25 f\u00fcr das Wirbelsystem. F\u00fcr Aluminiumlegierungen mit geringerer W\u00e4rmeleitf\u00e4higkeit werden die Ergebnisse in\u00a0diesem Parameter voraussichtlich noch h\u00f6her sein.<\/p>\n<p><strong><span style=\"color: #dc291e;\">\/<\/span><\/strong> Die Aufheizzeit ohne lokale \u00dcberhitzung kann reduziert werden<br \/><strong><span style=\"color: #dc291e;\">\/<\/span><\/strong> Die Gleichm\u00e4\u00dfigkeit der Materialeigenschaften wird verbessert<br \/><strong><span style=\"color: #dc291e;\">\/<\/span><\/strong> Lokale Rissbildung des Fr\u00e4s\u00f6ls wird vermieden<br \/><strong><span style=\"color: #dc291e;\">\/<\/span><\/strong> Geringere elektrische L\u00fcfterleistung durch geringere Drehzahl trotz h\u00f6herem Volumenstrom<\/p>\n<p>[\/et_pb_tab][et_pb_tab title=&#8220; &#8220; _builder_version=&#8220;4.23.1&#8243; _module_preset=&#8220;default&#8220; global_colors_info=&#8220;{}&#8220;]<\/p>\n<p><span style=\"color: #ff0000;\"><strong>\/<\/strong><\/span> Rekuperatorbrenner mit hoher Leistung bis zu ca. 86% Wirkungsgrad, Abw\u00e4rmer\u00fcckgewinnung zugunsten der Stickstoffheizung<br \/><span style=\"color: #ff0000;\"><strong>\/<\/strong><\/span> Umweltfreundliche, biol\u00f6sliche D\u00e4mmung mit richtig ausgew\u00e4hlter Dicke im\u00a0Hinblick auf die Verringerung des W\u00e4rmeverlustes durch W\u00e4nde<\/p>\n<p>[\/et_pb_tab][\/et_pb_tabs][et_pb_code admin_label=&#8220;crm-rfq-de&#8220; _builder_version=&#8220;4.10.3&#8243; _module_preset=&#8220;default&#8220; global_module=&#8220;123766&#8243; global_colors_info=&#8220;{}&#8220;]<!-- [et_pb_line_break_holder] --><pee style=\"text-align: center;\"><a class=\"small-button smallred\" style=\"font-size: 20px; padding: 20px 60px;\" href=\"https:\/\/www.secowarwick.com\/de\/fordern-sie-hier-ihr-angebot-an\/\"><span style=\"display: block; transform: skew(15deg,0deg); -webkit-transform: skew(15deg,0deg); font-size: 20px; !important\">UM EIN ANGEBOT BITTEN<\/span><\/a><\/pee>[\/et_pb_code][\/et_pb_column][et_pb_column type=&#8220;1_4&#8243; _builder_version=&#8220;4.16&#8243; custom_padding=&#8220;|||&#8220; global_colors_info=&#8220;{}&#8220; custom_padding__hover=&#8220;|||&#8220;][et_pb_gallery gallery_ids=&#8220;143007,143000,142993,142986&#8243; posts_number=&#8220;1&#8243; show_title_and_caption=&#8220;off&#8220; show_pagination=&#8220;off&#8220; zoom_icon_color=&#8220;#e2001a&#8220; module_class=&#8220;seco-products-gallery-new&#8220; _builder_version=&#8220;4.23.1&#8243; custom_css_overlay_icon=&#8220;content:&#8217;GALERIE ANSEHEN&#8216; !important;&#8220; locked=&#8220;off&#8220; global_colors_info=&#8220;{}&#8220;][\/et_pb_gallery][et_pb_text admin_label=&#8220;btn_de_premiumlibrary&#8220; module_class=&#8220;premium-library-button&#8220; _builder_version=&#8220;4.23.1&#8243; _module_preset=&#8220;default&#8220; text_orientation=&#8220;center&#8220; global_module=&#8220;157246&#8243; global_colors_info=&#8220;{}&#8220;]<\/p>\n<a href='https:\/\/www.secowarwick.com\/de\/premiuminhalte\/' class='small-button smallred'><span>PREMIUMINHALTE<\/span><\/a>\n<p>[\/et_pb_text][et_pb_text admin_label=&#8220;R&#038;D de&#8220; module_class=&#8220;product_widget_wrap_rd&#8220; _builder_version=&#8220;4.23.1&#8243; _module_preset=&#8220;default&#8220; text_orientation=&#8220;center&#8220; global_module=&#8220;167836&#8243; saved_tabs=&#8220;all&#8220; locked=&#8220;off&#8220; global_colors_info=&#8220;{}&#8220;]<\/p>\n<p><a href=\"https:\/\/www.secowarwick.com\/de\/rd\/\"><span class=\"product_wigtet_name\">R&amp;D<\/span><\/a><\/p>\n<p>[\/et_pb_text][et_pb_text admin_label=&#8220;AUTOMATYKA de&#8220; module_class=&#8220;product_widget_wrap_automation&#8220; _builder_version=&#8220;4.23.1&#8243; _module_preset=&#8220;default&#8220; global_module=&#8220;167905&#8243; saved_tabs=&#8220;all&#8220; locked=&#8220;off&#8220; global_colors_info=&#8220;{}&#8220;]<\/p>\n<p><a href=\"https:\/\/www.secowarwick.com\/de\/service\/automatisierung\/\"><span class=\"product_wigtet_name\">AUTOMATISIERUNG<\/span><\/a><\/p>\n<p>[\/et_pb_text][et_pb_text admin_label=&#8220;SERVICE de&#8220; module_class=&#8220;product_widget_wrap_service&#8220; _builder_version=&#8220;4.23.1&#8243; _module_preset=&#8220;default&#8220; global_module=&#8220;167860&#8243; saved_tabs=&#8220;all&#8220; locked=&#8220;off&#8220; global_colors_info=&#8220;{}&#8220;]<\/p>\n<p><a href=\"https:\/\/www.secowarwick.com\/de\/professionelle-service-dienstleistungen\/\"><span class=\"product_wigtet_name\">SERVICE<\/span><\/a><\/p>\n<p>[\/et_pb_text][et_pb_text admin_label=&#8220;SUPLEMENTALS de&#8220; module_class=&#8220;product_widget_wrap_supleme&#8220; _builder_version=&#8220;4.23.1&#8243; _module_preset=&#8220;default&#8220; global_module=&#8220;167915&#8243; saved_tabs=&#8220;all&#8220; locked=&#8220;off&#8220; global_colors_info=&#8220;{}&#8220;]<\/p>\n<p><span class=\"product_wigtet_name\">ZUSATZSTOFFE:<\/span><\/p>\n<p>[\/et_pb_text][et_pb_text admin_label=&#8220;Product brochure&#8220; module_class=&#8220;suplementals_product_brochure suplementals_wrap&#8220; _builder_version=&#8220;4.23.1&#8243; _module_preset=&#8220;default&#8220; hover_enabled=&#8220;0&#8243; locked=&#8220;off&#8220; global_colors_info=&#8220;{}&#8220; sticky_enabled=&#8220;0&#8243;]<\/p>\n<p><a href=\"https:\/\/www.secowarwick.com\/wp-content\/uploads\/2025\/07\/ALU-Aluminum-Annealing-Furnaces-WWW.pdf\" target=\"_blank\" rel=\"noopener\" class=\"ga4_product_widget_brochure\">Produktbrosch\u00fcre<\/a><\/p>\n<p>[\/et_pb_text][et_pb_text admin_label=&#8220;Product catalogue alu de&#8220; module_class=&#8220;suplementals_product_catalogue suplementals_wrap&#8220; _builder_version=&#8220;4.23.1&#8243; _module_preset=&#8220;default&#8220; hover_enabled=&#8220;0&#8243; global_module=&#8220;170241&#8243; saved_tabs=&#8220;all&#8220; locked=&#8220;off&#8220; global_colors_info=&#8220;{}&#8220; sticky_enabled=&#8220;0&#8243;]<\/p>\n<p><a href=\"https:\/\/www.secowarwick.com\/wp-content\/uploads\/2025\/02\/Aluminum_Furnaces_catalogue.pdf\" target=\"_blank\" rel=\"noopener\" class=\"ga4_product_widget_catalogue\">Produktkatalog<\/a><\/p>\n<p>[\/et_pb_text][et_pb_text admin_label=&#8220;Product infographic&#8220; module_class=&#8220;suplementals_product_infographic suplementals_wrap&#8220; _builder_version=&#8220;4.23.1&#8243; _module_preset=&#8220;default&#8220; hover_enabled=&#8220;0&#8243; locked=&#8220;off&#8220; global_colors_info=&#8220;{}&#8220; sticky_enabled=&#8220;0&#8243;]<\/p>\n<p><a href=\"https:\/\/www.secowarwick.com\/wp-content\/uploads\/2023\/06\/AGING-AND-ANNEALING-FURNACE.jpg\" target=\"_blank\" rel=\"noopener\" class=\"ga4_product_widget_infografic\">Produkt-Infografik<\/a><\/p>\n<p>[\/et_pb_text][et_pb_text admin_label=&#8220;Product movie alu plaulist de&#8220; module_class=&#8220;suplementals_product_movie suplementals_wrap&#8220; _builder_version=&#8220;4.23.1&#8243; _module_preset=&#8220;default&#8220; global_module=&#8220;170243&#8243; saved_tabs=&#8220;all&#8220; locked=&#8220;off&#8220; global_colors_info=&#8220;{}&#8220;]<\/p>\n<p><a href=\"https:\/\/www.youtube.com\/playlist?list=PLa0hhW_hoQqEsIHM5LQtr9h_9UlwGFBO8\" target=\"_blank\" rel=\"noopener\">Produktvideo<\/a><\/p>\n<p>[\/et_pb_text][et_pb_text admin_label=&#8220;dnabook-de&#8220; module_class=&#8220;suplementals_product_dna suplementals_wrap&#8220; _builder_version=&#8220;4.23.1&#8243; _module_preset=&#8220;default&#8220; global_module=&#8220;167874&#8243; saved_tabs=&#8220;all&#8220; locked=&#8220;off&#8220; global_colors_info=&#8220;{}&#8220;]<\/p>\n<p><a href=\"https:\/\/www.secowarwick.com\/wp-content\/uploads\/2025\/07\/DNA_BOOK.pdf\" target=\"_blank\" rel=\"noopener\">DNA\/BOOK<\/a><\/p>\n<p>[\/et_pb_text][et_pb_text admin_label=&#8220;ECO\/BOOK-de&#8220; module_class=&#8220;suplementals_product_eco suplementals_wrap&#8220; _builder_version=&#8220;4.23.1&#8243; _module_preset=&#8220;default&#8220; global_module=&#8220;167797&#8243; locked=&#8220;off&#8220; global_colors_info=&#8220;{}&#8220;]<\/p>\n<p><a href=\"https:\/\/www.secowarwick.com\/wp-content\/uploads\/2023\/06\/ECOBOOK.pdf\" target=\"_blank\" rel=\"noopener\">ECO\/BOOK<\/a><\/p>\n<p>[\/et_pb_text][et_pb_text admin_label=&#8220;product-widget-rfq-de&#8220; module_class=&#8220;product_widget_wrap_rfq-en&#8220; _builder_version=&#8220;4.23.1&#8243; _module_preset=&#8220;default&#8220; global_module=&#8220;186250&#8243; saved_tabs=&#8220;all&#8220; locked=&#8220;off&#8220; global_colors_info=&#8220;{}&#8220;]<\/p>\n<p style=\"text-align: center;\"><a class=\"small-button smallred rfq-gtm-product-widget\" href=\"https:\/\/www.secowarwick.com\/de\/fordern-sie-hier-ihr-angebot-an\/\"><span class=\"product_wigtet_name\">FRAGE NACH MEHR<\/span><\/a><\/p>\n<p>[\/et_pb_text][\/et_pb_column][\/et_pb_row][\/et_pb_section]<\/p>\n","protected":false},"excerpt":{"rendered":"<p>[et_pb_breadcrumbs _builder_version=&#8220;3.6&#8243; global_colors_info=&#8220;{}&#8220;][\/et_pb_breadcrumbs]Gl\u00fchofen von Aluminium Umfassende ma\u00dfgeschneiderte L\u00f6sungen f\u00fcr die Aluminiumindustrie VERSCHIEDENE LADUNGEN ERFORDERN UNTERSCHIEDLICHE L\u00d6SUNGEN. DAHER HAT SECO\/WARWICK FOLGENDES UMGESETZT: \/ Massen-Flow-Design, insbesondere f\u00fcr das Foliengl\u00fchen wenn die Oberfl\u00e4che der Ladung\u00a0 bei starkem Atmosph\u00e4renstrom anf\u00e4llig f\u00fcr Sch\u00e4den ist. \/ Jet Heating System f\u00fcr Coil-Gl\u00fchen,\u00a0 wenn der Vorteil der hohen W\u00e4rme\u00fcbertragung genutzt werden kann. SECO\/WARWICK [&hellip;]<\/p>\n","protected":false},"author":2,"featured_media":88390,"parent":7097,"menu_order":0,"comment_status":"closed","ping_status":"closed","template":"","meta":{"_acf_changed":false,"_et_pb_use_builder":"on","_et_pb_old_content":"","_et_gb_content_width":"","footnotes":""},"class_list":["post-86710","page","type-page","status-publish","has-post-thumbnail"],"acf":[],"_links":{"self":[{"href":"https:\/\/www.secowarwick.com\/de\/wp-json\/wp\/v2\/pages\/86710","targetHints":{"allow":["GET"]}}],"collection":[{"href":"https:\/\/www.secowarwick.com\/de\/wp-json\/wp\/v2\/pages"}],"about":[{"href":"https:\/\/www.secowarwick.com\/de\/wp-json\/wp\/v2\/types\/page"}],"author":[{"embeddable":true,"href":"https:\/\/www.secowarwick.com\/de\/wp-json\/wp\/v2\/users\/2"}],"replies":[{"embeddable":true,"href":"https:\/\/www.secowarwick.com\/de\/wp-json\/wp\/v2\/comments?post=86710"}],"version-history":[{"count":21,"href":"https:\/\/www.secowarwick.com\/de\/wp-json\/wp\/v2\/pages\/86710\/revisions"}],"predecessor-version":[{"id":189498,"href":"https:\/\/www.secowarwick.com\/de\/wp-json\/wp\/v2\/pages\/86710\/revisions\/189498"}],"up":[{"embeddable":true,"href":"https:\/\/www.secowarwick.com\/de\/wp-json\/wp\/v2\/pages\/7097"}],"wp:featuredmedia":[{"embeddable":true,"href":"https:\/\/www.secowarwick.com\/de\/wp-json\/wp\/v2\/media\/88390"}],"wp:attachment":[{"href":"https:\/\/www.secowarwick.com\/de\/wp-json\/wp\/v2\/media?parent=86710"}],"curies":[{"name":"wp","href":"https:\/\/api.w.org\/{rel}","templated":true}]}}