{"id":86719,"date":"2019-09-27T07:56:27","date_gmt":"2019-09-27T05:56:27","guid":{"rendered":"http:\/\/www.secowarwick.com\/?page_id=86719"},"modified":"2022-11-14T09:01:42","modified_gmt":"2022-11-14T08:01:42","slug":"kontinuierliche-homogenisierung","status":"publish","type":"page","link":"https:\/\/www.secowarwick.com\/de\/produkte\/aluminium-prozesse\/kontinuierliche-homogenisierung\/","title":{"rendered":"Kontinuierliche \u00d6fen zum Homogenisierungsgl\u00fchen von Aluminium"},"content":{"rendered":"<p>[et_pb_section fb_built=&#8220;1&#8243; _builder_version=&#8220;3.22&#8243; global_colors_info=&#8220;{}&#8220;][et_pb_row _builder_version=&#8220;3.25&#8243; background_size=&#8220;initial&#8220; background_position=&#8220;top_left&#8220; background_repeat=&#8220;repeat&#8220; global_colors_info=&#8220;{}&#8220;][et_pb_column type=&#8220;4_4&#8243; _builder_version=&#8220;3.25&#8243; custom_padding=&#8220;|||&#8220; global_colors_info=&#8220;{}&#8220; custom_padding__hover=&#8220;|||&#8220;][et_pb_image src=&#8220;https:\/\/www.secowarwick.com\/wp-content\/uploads\/2020\/01\/Slider-continous-homogenizing.jpg&#8220; align_tablet=&#8220;center&#8220; align_phone=&#8220;&#8220; align_last_edited=&#8220;on|desktop&#8220; _builder_version=&#8220;4.10.3&#8243; hover_enabled=&#8220;0&#8243; global_colors_info=&#8220;{}&#8220; alt=&#8220;Kontinuierliche \u00d6fen zum Homogenisierungsgl\u00fchen von Aluminium&#8220; title_text=&#8220;Kontinuierliche \u00d6fen zum Homogenisierungsgl\u00fchen von Aluminium&#8220; sticky_enabled=&#8220;0&#8243;][\/et_pb_image][\/et_pb_column][\/et_pb_row][et_pb_row column_structure=&#8220;3_4,1_4&#8243; _builder_version=&#8220;3.25&#8243; background_size=&#8220;initial&#8220; background_position=&#8220;top_left&#8220; background_repeat=&#8220;repeat&#8220; global_colors_info=&#8220;{}&#8220;][et_pb_column type=&#8220;3_4&#8243; _builder_version=&#8220;3.25&#8243; custom_padding=&#8220;|||&#8220; global_colors_info=&#8220;{}&#8220; custom_padding__hover=&#8220;|||&#8220;][et_pb_breadcrumbs _builder_version=&#8220;3.6&#8243; global_colors_info=&#8220;{}&#8220;][\/et_pb_breadcrumbs][et_pb_text _builder_version=&#8220;4.10.3&#8243; hover_enabled=&#8220;0&#8243; global_colors_info=&#8220;{}&#8220; module_class=&#8220;podtytuly&#8220; sticky_enabled=&#8220;0&#8243;]<\/p>\n<h1>Kontinuierliche \u00d6fen zum Homogenisierungsgl\u00fchen von Aluminium<\/h1>\n<p>&nbsp;<\/p>\n<h2>Homogenisierung: Aluminium-W\u00e4rmebehandlung von Aluminiumbolzen und Aluminiumst\u00e4mmen<\/h2>\n<p>&nbsp;<\/p>\n<p>SECO\/WARWICK bietet <strong>Industrie\u00f6fen<\/strong> an, die mit modernster Technologie ausgestattet sind, um Zykluszeiten zu verk\u00fcrzen, Energie zu sparen und die K\u00fchlraten zu verbessern. Unsere f\u00fcnf grundlegenden Produktgruppen umfassen Coil\/Foliengl\u00fchen, <strong>L\u00f6sungsw\u00e4rmebehandlung<\/strong> &amp; <strong>Alterung<\/strong>, <strong>St\u00e4mmen-\/Barren-Homogenisierung<\/strong> und Schmelz-\/Halte\u00f6fen. Jedes System beinhaltet Steuerung- und Materialbehandlungspakete, die so konzipiert sind, dass sie in jeder einzigartigen Produktionsumgebung eine optimale Leistung erbringen.<\/p>\n<p>Mit \u00fcber 50 Jahren Erfahrung in der Aluminiumindustrie sehen wir Ihre Produktionsbed\u00fcrfnisse und bieten Ger\u00e4te von au\u00dfergew\u00f6hnlicher Qualit\u00e4t und Wert.<\/p>\n<p>&nbsp;<\/p>\n<p>[\/et_pb_text][et_pb_text _builder_version=&#8220;3.27.4&#8243; global_colors_info=&#8220;{}&#8220;]<\/p>\n<h4><strong><span style=\"color: #e30f00;\">\/<\/span> Produktionsflexibilit\u00e4t<\/strong><\/h4>\n<p>Aufgrund ihres Mehrzonen-Designs ist die vertikale Luftstrom-Ofentechnik von Natur aus flexibel. Der Ofen kann nun Chargen unterschiedlicher Legierungen und Durchmesser verarbeiten, ohne leere S\u00e4ttel zu hinterlassen.<\/p>\n<h4><strong><span style=\"color: #e30f00;\">\/<\/span><\/strong><strong>\u00a0Automatische behandlung<\/strong><\/h4>\n<p>Der Betrieb des Ofens wird durch das Steuerungssystem vollst\u00e4ndig automatisiert. Im Normalbetrieb ist keine Benutzerinteraktion erforderlich, wenn ein Stillstand eintritt oder wenn der Ofen nach einem Stillstand neu gestartet werden muss. Stillst\u00e4nde und Wiederanl\u00e4ufe stellen in der Regel erhebliche Risiken von Produktsch\u00e4den dar. Da der Prozess vollst\u00e4ndig automatisiert ist, werden alle Variationen, die der menschlichen Kontrolle eines solchen Prozesses innewohnen, eliminiert und die Konsistenz des Betriebs verbessert.<\/p>\n<h4><strong><span style=\"color: #e30f00;\">\/<\/span><\/strong><strong>\u00a0Produktr\u00fcckverfolgbarkeit<\/strong><\/h4>\n<p>Die PLC erfasst f\u00fcr jeden Bolzen detaillierte historische Daten (Position, Temperatur, Umwandlungsgrad, Verweilzeit). Das System stellt auch Berichte \u00fcber einzelne Bolzen und Chargen von Bolzen basierend auf den erfassten Daten zur Verf\u00fcgung. Die Daten und Berichte k\u00f6nnen zur Verbesserung des Prozesses und zur Beantwortung von Kundenfragen verwendet werden.<\/p>\n<h4><strong><span style=\"color: #e30f00;\">\/<\/span><\/strong><strong>\u00a0Modularer aufbau &#8211; eine anlage<\/strong><\/h4>\n<p>Beim Bau der kontinuierlichen Homogenisierungsanlage plant unser Ingenieur-Team die Anlage in Segmenten. Das bedeutet, dass die Anlage in Segmenten an den Kunden geliefert, wieder zusammengebaut und montiert wird. Diese Art des Bauens sichert den Betrieb der Anlage und die Minimierung der Installationszeit zur Unterst\u00fctzung der Produktion.<\/p>\n<h4><strong><span style=\"color: #e30f00;\">\/\u00a0<\/span><\/strong><strong>Energieeffizienz<\/strong><\/h4>\n<p>Das Steuerungssystem optimiert den Ofen st\u00e4ndig auf h\u00f6chsten Durchsatz ohne Leerr\u00e4ume, unabh\u00e4ngig vom Produktmix. Ein kontinuierlicher und optimierter Materialfluss f\u00fchrt zu einer effizienteren Energienutzung. Der Gegenstrom-Doppelrohrw\u00e4rmetauscher gewinnt einen erheblichen Teil der Abgasenergie zur\u00fcck. Hochwertige Verpackungen und eine gute Isolierung reduzieren die Wandverluste auf ein Minimum.<\/p>\n<h4><strong><span style=\"color: #e30f00;\">\/<\/span><\/strong><strong>\u00a0Luftstromregelung<\/strong><\/h4>\n<p>Im Bereich der mechanischen Konstruktion optimieren die Verfahrenstechniker den Ofeninnenraum, um die bestm\u00f6gliche Leistung zu aktivieren und die unterschiedlichen Bed\u00fcrfnisse unserer Kunden zu erf\u00fcllen.<\/p>\n<h4><strong><span style=\"color: #e30f00;\">\/\u00a0<\/span><\/strong><strong>Verbesserte w\u00e4rme\u00fcbertragung\u00a0&#8211; vertikaler luftstrom<\/strong><\/h4>\n<p>Der Hochgeschwindigkeitsluftstrahl wird auf die Oberseite jedes Bolzens gerichtet, was zu h\u00f6heren W\u00e4rme\u00fcbertragungskoeffizienten f\u00fchrt. Da der Ofen aus mehreren Zonen besteht, ist es m\u00f6glich, in jeder Zone h\u00f6here Lufttemperaturen anzuwenden, ohne das Produkt zu besch\u00e4digen.<\/p>\n<p>Diese h\u00f6heren Lufttemperaturen in Verbindung mit einem h\u00f6heren W\u00e4rme\u00fcbertragungskoeffizienten erm\u00f6glichen deutlich h\u00f6here konvektive W\u00e4rme\u00fcbertragungsraten in die Bolzen. Da es m\u00f6glich ist, die Zonen bei einer h\u00f6heren Temperatur zu betreiben, ohne die Sicherheit zu beeintr\u00e4chtigen, wird auch die W\u00e4rme\u00fcbertragung durch Strahlung verbessert. Die verbesserte W\u00e4rme\u00fcbertragung f\u00fchrt zu k\u00fcrzeren Aufheizzeiten f\u00fcr Kn\u00fcppel mit kleinem und gro\u00dfem Durchmesser.<\/p>\n<h4><strong><span style=\"color: #e30f00;\">\/<\/span><\/strong><strong>\u00a0Einheitliche qualit\u00e4t<\/strong><\/h4>\n<p>Der Temperatur-W\u00e4rmebehandlungsprozess kann optimiert werden, da der kontinuierliche Homogenisierungsofen einen Materialfluss mit einer Lage St\u00e4mme aufweist.\u00a0 Die Qualit\u00e4tskontrolle ist f\u00fcr jeden einzelnen Bolzen mit gleicher Leistung m\u00f6glich. Auch der K\u00fchlprozess kann gesteuert und optimiert werden.<\/p>\n<p>&nbsp;<br \/>\n[\/et_pb_text][et_pb_code admin_label=&#8220;crm-rfq-de&#8220; _builder_version=&#8220;4.10.3&#8243; _module_preset=&#8220;default&#8220; global_module=&#8220;123766&#8243; global_colors_info=&#8220;{}&#8220;]<!-- [et_pb_line_break_holder] --><pee style=\"text-align: center;\"><a class=\"small-button smallred\" style=\"font-size: 20px; padding: 20px 60px;\" href=\"https:\/\/www.secowarwick.com\/de\/fordern-sie-hier-ihr-angebot-an\/\"><span style=\"display: block; transform: skew(15deg,0deg); -webkit-transform: skew(15deg,0deg); font-size: 20px; !important\">UM EIN ANGEBOT BITTEN<\/span><\/a><\/pee>[\/et_pb_code][\/et_pb_column][et_pb_column type=&#8220;1_4&#8243; _builder_version=&#8220;3.25&#8243; custom_padding=&#8220;|||&#8220; global_colors_info=&#8220;{}&#8220; custom_padding__hover=&#8220;|||&#8220;][et_pb_gallery gallery_ids=&#8220;88309,88282&#8243; posts_number=&#8220;1&#8243; show_title_and_caption=&#8220;off&#8220; show_pagination=&#8220;off&#8220; zoom_icon_color=&#8220;#e2001a&#8220; module_class=&#8220;seco-products-gallery-new&#8220; _builder_version=&#8220;3.6&#8243; custom_css_overlay_icon=&#8220;content:&#8217;GALERIE ANSEHEN&#8216; !important;&#8220; global_colors_info=&#8220;{}&#8220;][\/et_pb_gallery][et_pb_text admin_label=&#8220;find-contacap-de&#8220; module_class=&#8220;find-your-contact-modul&#8220; _builder_version=&#8220;3.6&#8243; global_module=&#8220;113644&#8243; saved_tabs=&#8220;all&#8220; global_colors_info=&#8220;{}&#8220;]<\/p>\n<a href='https:\/\/www.secowarwick.com\/de\/produkte\/aluminium-prozesse\/contact\/' class='small-button smallred'><span><img decoding=\"async\" width=\"12px\" src=\"data:image\/svg+xml;base64,PHN2ZyB4bWxucz0iaHR0cDovL3d3dy53My5vcmcvMjAwMC9zdmciIHZlcnNpb249IjEuMSIgeG1sbnM6eGxpbms9Imh0dHA6Ly93d3cudzMub3JnLzE5OTkveGxpbmsiIHhtbG5zOnN2Z2pzPSJodHRwOi8vc3ZnanMuY29tL3N2Z2pzIiB3aWR0aD0iNTEyIiBoZWlnaHQ9IjUxMiIgeD0iMCIgeT0iMCIgdmlld0JveD0iMCAwIDQ2MS41MTYgNDYxLjUxNiIgc3R5bGU9ImVuYWJsZS1iYWNrZ3JvdW5kOm5ldyAwIDAgNTEyIDUxMiIgeG1sOnNwYWNlPSJwcmVzZXJ2ZSIgY2xhc3M9IiI+PGc+PGcgeG1sbnM9Imh0dHA6Ly93d3cudzMub3JnLzIwMDAvc3ZnIj48cGF0aCBkPSJtMTg1Ljc0NiAzNzEuMzMyYzQxLjI1MS4wMDEgODEuMzIyLTEzLjc2MiAxMTMuODY2LTM5LjExbDEyMi43NzggMTIyLjc3OGM5LjE3MiA4Ljg1OCAyMy43ODcgOC42MDQgMzIuNjQ1LS41NjggOC42NDEtOC45NDcgOC42NDEtMjMuMTMxIDAtMzIuMDc3bC0xMjIuNzc4LTEyMi43NzhjNjIuODk5LTgwLjk2OCA0OC4yNTItMTk3LjU5NS0zMi43MTYtMjYwLjQ5NHMtMTk3LjU5NC00OC4yNTItMjYwLjQ5MyAzMi43MTYtNDguMjUyIDE5Ny41OTUgMzIuNzE2IDI2MC40OTRjMzIuNTk3IDI1LjMyMyA3Mi43MDQgMzkuMDYgMTEzLjk4MiAzOS4wMzl6bS05OC42NTEtMjg0LjI3M2M1NC40ODQtNTQuNDg1IDE0Mi44Mi01NC40ODYgMTk3LjMwNS0uMDAyczU0LjQ4NiAxNDIuODIuMDAyIDE5Ny4zMDUtMTQyLjgyIDU0LjQ4Ni0xOTcuMzA1LjAwMmMtLjAwMS0uMDAxLS4wMDEtLjAwMS0uMDAyLS4wMDItNTQuNDg0LTU0LjA4Ny01NC44MDUtMTQyLjEwMS0uNzE4LTE5Ni41ODUuMjM5LS4yNC40NzgtLjQ3OS43MTgtLjcxOHoiIGZpbGw9IiNmZmZmZmYiIGRhdGEtb3JpZ2luYWw9IiMwMDAwMDAiIHN0eWxlPSIiIGNsYXNzPSIiPjwvcGF0aD48L2c+PC9nPjwvc3ZnPg==\"> FINDE DEIN CONTACT<\/span><\/a>\n<p>[\/et_pb_text][et_pb_text _builder_version=&#8220;3.27.4&#8243; global_colors_info=&#8220;{}&#8220;]<\/p>\n<h3><strong>ZUDOWNLADEN<\/strong><\/h3>\n<p>[\/et_pb_text][et_pb_selected_documents module_class=&#8220;seco-single-document&#8220; _builder_version=&#8220;3.6&#8243; custom_css_main_element=&#8220;margin-top: 2rem;||margin-bottom: 2rem !important;&#8220; global_colors_info=&#8220;{}&#8220;][et_pb_document post_id=&#8220;92409&#8243; title=&#8220;Continuous Homogenizing&#8220; _builder_version=&#8220;3.6&#8243; global_colors_info=&#8220;{}&#8220;][\/et_pb_document][\/et_pb_selected_documents][\/et_pb_column][\/et_pb_row][\/et_pb_section]<\/p>\n","protected":false},"excerpt":{"rendered":"<p>[et_pb_breadcrumbs _builder_version=&#8220;3.6&#8243; global_colors_info=&#8220;{}&#8220;][\/et_pb_breadcrumbs]Kontinuierliche \u00d6fen zum Homogenisierungsgl\u00fchen von Aluminium &nbsp; Homogenisierung: Aluminium-W\u00e4rmebehandlung von Aluminiumbolzen und Aluminiumst\u00e4mmen &nbsp; SECO\/WARWICK bietet Industrie\u00f6fen an, die mit modernster Technologie ausgestattet sind, um Zykluszeiten zu verk\u00fcrzen, Energie zu sparen und die K\u00fchlraten zu verbessern. Unsere f\u00fcnf grundlegenden Produktgruppen umfassen Coil\/Foliengl\u00fchen, L\u00f6sungsw\u00e4rmebehandlung &amp; Alterung, St\u00e4mmen-\/Barren-Homogenisierung und Schmelz-\/Halte\u00f6fen. Jedes System beinhaltet Steuerung- und [&hellip;]<\/p>\n","protected":false},"author":2,"featured_media":88309,"parent":7097,"menu_order":0,"comment_status":"closed","ping_status":"closed","template":"","meta":{"_acf_changed":false,"_et_pb_use_builder":"on","_et_pb_old_content":"","_et_gb_content_width":"","footnotes":""},"class_list":["post-86719","page","type-page","status-publish","has-post-thumbnail"],"acf":[],"_links":{"self":[{"href":"https:\/\/www.secowarwick.com\/de\/wp-json\/wp\/v2\/pages\/86719","targetHints":{"allow":["GET"]}}],"collection":[{"href":"https:\/\/www.secowarwick.com\/de\/wp-json\/wp\/v2\/pages"}],"about":[{"href":"https:\/\/www.secowarwick.com\/de\/wp-json\/wp\/v2\/types\/page"}],"author":[{"embeddable":true,"href":"https:\/\/www.secowarwick.com\/de\/wp-json\/wp\/v2\/users\/2"}],"replies":[{"embeddable":true,"href":"https:\/\/www.secowarwick.com\/de\/wp-json\/wp\/v2\/comments?post=86719"}],"version-history":[{"count":3,"href":"https:\/\/www.secowarwick.com\/de\/wp-json\/wp\/v2\/pages\/86719\/revisions"}],"predecessor-version":[{"id":133020,"href":"https:\/\/www.secowarwick.com\/de\/wp-json\/wp\/v2\/pages\/86719\/revisions\/133020"}],"up":[{"embeddable":true,"href":"https:\/\/www.secowarwick.com\/de\/wp-json\/wp\/v2\/pages\/7097"}],"wp:featuredmedia":[{"embeddable":true,"href":"https:\/\/www.secowarwick.com\/de\/wp-json\/wp\/v2\/media\/88309"}],"wp:attachment":[{"href":"https:\/\/www.secowarwick.com\/de\/wp-json\/wp\/v2\/media?parent=86719"}],"curies":[{"name":"wp","href":"https:\/\/api.w.org\/{rel}","templated":true}]}}