{"id":86739,"date":"2020-01-02T10:25:22","date_gmt":"2020-01-02T09:25:22","guid":{"rendered":"http:\/\/www.secowarwick.com\/?page_id=86739"},"modified":"2025-10-30T12:22:10","modified_gmt":"2025-10-30T11:22:10","slug":"aluminium-homogenisierungsoefen","status":"publish","type":"page","link":"https:\/\/www.secowarwick.com\/de\/produkte\/aluminium-prozesse\/aluminium-homogenisierungsoefen\/","title":{"rendered":"Homogenisierungs\u00f6fen f\u00fcr Aluminiumteile"},"content":{"rendered":"<p>[et_pb_section fb_built=&#8220;1&#8243; _builder_version=&#8220;4.16&#8243; global_colors_info=&#8220;{}&#8220;][et_pb_row _builder_version=&#8220;4.16&#8243; background_size=&#8220;initial&#8220; background_position=&#8220;top_left&#8220; background_repeat=&#8220;repeat&#8220; global_colors_info=&#8220;{}&#8220;][et_pb_column type=&#8220;4_4&#8243; _builder_version=&#8220;4.16&#8243; custom_padding=&#8220;|||&#8220; global_colors_info=&#8220;{}&#8220; custom_padding__hover=&#8220;|||&#8220;][et_pb_image src=&#8220;https:\/\/www.secowarwick.com\/wp-content\/uploads\/2019\/12\/slider-aluminium-homogenizing.jpg&#8220; alt=&#8220;Homogenisierungs\u00f6fen f\u00fcr Aluminiumteile&#8220; title_text=&#8220;Homogenisierungs\u00f6fen f\u00fcr Aluminiumteile&#8220; align_tablet=&#8220;center&#8220; align_phone=&#8220;&#8220; align_last_edited=&#8220;on|desktop&#8220; _builder_version=&#8220;4.16&#8243; global_colors_info=&#8220;{}&#8220;][\/et_pb_image][\/et_pb_column][\/et_pb_row][et_pb_row column_structure=&#8220;3_4,1_4&#8243; _builder_version=&#8220;4.16&#8243; background_size=&#8220;initial&#8220; background_position=&#8220;top_left&#8220; background_repeat=&#8220;repeat&#8220; global_colors_info=&#8220;{}&#8220;][et_pb_column type=&#8220;3_4&#8243; _builder_version=&#8220;4.16&#8243; custom_padding=&#8220;|||&#8220; global_colors_info=&#8220;{}&#8220; custom_padding__hover=&#8220;|||&#8220;][et_pb_breadcrumbs _builder_version=&#8220;3.6&#8243; global_colors_info=&#8220;{}&#8220;][\/et_pb_breadcrumbs][et_pb_text module_class=&#8220;podtytuly&#8220; _builder_version=&#8220;4.23.1&#8243; global_colors_info=&#8220;{}&#8220;]<\/p>\n<h1>Homogenisierungs\u00f6fen f\u00fcr Aluminiumteile<\/h1>\n<h2>Die ma\u00dfgeschneiderten Homogenisierungs\u00f6fen f\u00fcr Aluminiumst\u00e4mme und Aluminiumbolzen f\u00fcr die meisten technologischen Anwendungen<\/h2>\n<p>Die Ger\u00e4tedesigns umfassen Chargentypen (sowohl Auto- als auch Schalendesigns), Fahrstile und kontinuierliche Ausf\u00fchrungen, einschlie\u00dflich Materialbehandlungssystemen und Ladek\u00fchlger\u00e4ten.<\/p>\n<p>[\/et_pb_text][et_pb_tabs module_class=&#8220;red-tabs eco-tab5&#8243; _builder_version=&#8220;4.23.1&#8243; custom_css_main_element=&#8220;margin-top: 2rem;||margin-bottom: 2rem;&#8220; global_colors_info=&#8220;{}&#8220;][et_pb_tab title=&#8220;Charge&#8220; _builder_version=&#8220;4.23.1&#8243; global_colors_info=&#8220;{}&#8220;]<\/p>\n<p>Bei der Chargenausf\u00fchrung wird typischerweise ein elektrisch angetriebener Isolierwagen verwendet, um eine Charge in\u00a0und aus dem Ofen zu bewegen. H\u00e4ufig wird bei zwei Wagen ein Doppelendofen (T\u00fcr an jedem Ende) verwendet, wodurch die Durchlaufzeiten reduziert und die Produktion maximiert wird.<\/p>\n<p>Die Alternative zur Konstruktion des Wagenbodens f\u00fcr die chargenm\u00e4\u00dfigen Einheiten ist die Schalenkonstruktion. Bei dieser Ausf\u00fchrung ruht die Chargenschale auf einer Reihe von St\u00fctzpfeilern innerhalb des Ofens. Eine Chargenmaschine \/ ein Transferwagen wird zum Be- und Entladen der Schale und zum Transferieren der Schale vom Ofen zu einer K\u00fchlstation oder zu einer Be-\/Entladestation verwendet. Eine dritte Art von Chargeneinheit ist der Fahrofen. Dieser Ofen verwendet ein Paar feste Chargenbasen, um die Ladung zu st\u00fctzen. Wenn der Zyklus auf der Basis Nr.\u00a01 abgeschlossen ist, f\u00e4hrt der Ofen \u00fcber die zweite Ladungsbasis in\u00a0seine Position und beginnt sofort mit dem Erw\u00e4rmen einer neuen Ladung.<\/p>\n<p>Die vorherige Ladung kann abk\u00fchlen, dann wird sie entladen und durch eine neue Ladung ersetzt. Dies alles kann erreicht werden, bevor der n\u00e4chste Homogenisierungszyklus abgeschlossen ist. Ein fahrbarer Ofen erm\u00f6glicht Bodeneinsparungen, da die beiden Chargenbasen im\u00a0Vergleich zu einem zweiseitigen station\u00e4ren Ofen mit zwei Ladewagen deutlich weniger Stellfl\u00e4che ben\u00f6tigen.<\/p>\n<p>[\/et_pb_tab][et_pb_tab title=&#8220;Kontinuierlich&#8220; _builder_version=&#8220;4.23.1&#8243; global_colors_info=&#8220;{}&#8220;]<\/p>\n<p>Kontinuierliche Stammhomogenisatoren werden von Anlagen mit einem h\u00f6heren Produktionsniveau des zu homogenisierenden Produkts eingesetzt. Die Hochgeschwindigkeits-Schlitzheizung wird verwendet, um jeden Stamm einzeln auf Homogenisierungstemperatur sehr schnell zu erw\u00e4rmen. Bei dieser Ausf\u00fchrung wird mit Hilfe von Chargierger\u00e4ten ein Stamm nach dem anderen in\u00a0einen Hubbalkenofen geladen. Die St\u00e4mme werden auf speziell entwickelten Herdes\u00e4tteln durch die Heiz- und Einweichkammern gef\u00fchrt, um die Reibung zu reduzieren und die Geradheit zu verbessern.<\/p>\n<p>Auf der Entladungsseite durchl\u00e4uft jeder Stamm eine speziell konstruierte Abschreckkammer und gelangt dann auf den Speichertisch. Automatische Steuerungen passen die Bewegungs-, Zeit- und Zyklusparameter entsprechend dem Durchmesser der St\u00e4mme an. SECO\/WARWICK kann auch die Zusatzausr\u00fcstung f\u00fcr eine komplette Anlage liefern.<\/p>\n<p>[\/et_pb_tab][et_pb_tab title=&#8220;Luftstrommuster&#8220; _builder_version=&#8220;4.16&#8243; global_colors_info=&#8220;{}&#8220;]Das patentierte reversierende Luftstr\u00f6mungs-Design mit vor- und nachgeschalteter Temperaturregelung \u00fcber ein Axiall\u00fcfterrad kehrt die Drehung zeitlich um, wodurch wiederum die Richtung des horizontalen Luftstroms durch die Last umgekehrt wird. Die Luftstromtemperatur wird auf jeder Seite der Ladung \u00fcberwacht und geregelt.<\/p>\n<p>Ein Thermokopf wird in&nbsp;den fr\u00fchen Phasen des Zyklus f\u00fcr eine schnelle und effiziente Erw\u00e4rmung verwendet. Diese Ausf\u00fchrung erh\u00f6ht sowohl die Erw\u00e4rmungsrate als auch die Temperaturgleichm\u00e4\u00dfigkeit der Last im&nbsp;Vergleich zum Einweg-Luftstrom, was zu einem besseren Wirkungsgrad, niedrigeren Kraftstoffkosten und verbesserten metallurgischen Ergebnissen f\u00fchrt.[\/et_pb_tab][et_pb_tab title=&#8220;Patentiertes leitblech-design&#8220; _builder_version=&#8220;4.23.1&#8243; global_colors_info=&#8220;{}&#8220;]<\/p>\n<p>SECO\/WARWICK h\u00e4lt das Patent auf das verstellbare Luftstromleitblech. Diese beweglichen Leitbleche erh\u00f6hen wesentlich die Ofenleistung, insbesondere wenn weniger als die maximalen Gr\u00f6\u00dfenbelastungen homogenisiert werden. Die Leitbleche sind je\u00a0nach H\u00f6he der Last verstellbar, um den \u00fcber der Last vorhandenen Freiraum effektiv zu begrenzen oder zu sperren.<\/p>\n<p><strong><span style=\"color: #dc291e;\">\/<\/span><\/strong> K\u00fcrzere Aufheizraten durch erh\u00f6hte Luftstromgeschwindigkeit<br \/><strong><span style=\"color: #dc291e;\">\/<\/span><\/strong> Verhinderung eines Kurzschlusses des Luftstroms, wenn weniger als die maximale Gr\u00f6\u00dfenbelastung homogenisiert wird<br \/><strong><span style=\"color: #dc291e;\">\/<\/span><\/strong> Vermeidung von \u00dcberhitzung der Deckschicht<br \/><strong><span style=\"color: #dc291e;\">\/<\/span><\/strong> Geringerer Energiebedarf, da schnellere Aufheizraten erreicht werden<br \/><strong><span style=\"color: #dc291e;\">\/<\/span><\/strong> Erh\u00f6hte Gleichm\u00e4\u00dfigkeit, da der Luftstrom gleichm\u00e4\u00dfiger \u00fcber alle Lastoberfl\u00e4chen geleitet wird<\/p>\n<p>[\/et_pb_tab][et_pb_tab title=&#8220;K\u00fchlsysteme&#8220; _builder_version=&#8220;4.16&#8243; global_colors_info=&#8220;{}&#8220;]Die K\u00fchlung nach der Homogenisierung kann den St\u00e4mmen oder Bolzen einen erheblichen Mehrwert verleihen. Die Produktionsanforderungen erfordern eine schnellere und gleichm\u00e4\u00dfigere K\u00fchlung der St\u00e4mme oder Bolzen. Es&nbsp;zeigt sich zunehmend, dass die resultierende Kornstruktur und die Verarbeitungseigenschaften der Bolzen auf das nach der Homogenisierung verwendete K\u00fchlmedium zur\u00fcckzuf\u00fchren sind. Eine schnelle Abk\u00fchlung ist zwar w\u00fcnschenswert, muss aber auch im&nbsp;gesamten Laderaum gleichm\u00e4\u00dfig sein, da es&nbsp;sonst zu erheblichen Verformungen der St\u00e4mme kommen kann.<\/p>\n<p>F\u00fcr chargenweise Chargenladungen mit Ladewagen oder Schalen bietet SECO\/WARWICK je&nbsp;nach Leistungsanforderung eine Vielzahl von Lastk\u00fchlerausf\u00fchrungen wie Einweg-Luftstrom, Umluftstrom, Luft\/Nebelanordnung usw. an. Diese Kammern sind so konzipiert, dass sie die Last gleichm\u00e4\u00dfig nach Ihren Vorgaben k\u00fchlen.<\/p>\n<p>Die Lasten werden in&nbsp;der Regel mit einer Geschwindigkeit von bis zu 700\u00b0F\/h in&nbsp;den Anfangsphasen des Zyklus gek\u00fchlt. Die K\u00fchlrate kann auch \u00fcber drehzahlgeregelte L\u00fcfter gesteuert werden.[\/et_pb_tab][et_pb_tab title=&#8220; &#8220; _builder_version=&#8220;4.23.1&#8243; _module_preset=&#8220;default&#8220; global_colors_info=&#8220;{}&#8220;]<\/p>\n<p><span style=\"color: #ff0000;\"><strong>\/<\/strong><\/span> Rekuperatorbrenner mit hoher Leistung bis zu ca. 86% Wirkungsgrad<br \/><span style=\"color: #ff0000;\"><strong>\/<\/strong> <\/span>Umweltfreundliche, biol\u00f6sliche D\u00e4mmung mit richtig ausgew\u00e4hlter Dicke im&nbsp;Hinblick auf die Verringerung des W\u00e4rmeverlustes durch W\u00e4nde<\/p>\n<p>[\/et_pb_tab][\/et_pb_tabs][et_pb_code admin_label=&#8220;crm-rfq-de&#8220; _builder_version=&#8220;4.10.3&#8243; _module_preset=&#8220;default&#8220; global_module=&#8220;123766&#8243; global_colors_info=&#8220;{}&#8220;]<!-- [et_pb_line_break_holder] --><pee style=\"text-align: center;\"><a class=\"small-button smallred\" style=\"font-size: 20px; padding: 20px 60px;\" href=\"https:\/\/www.secowarwick.com\/de\/fordern-sie-hier-ihr-angebot-an\/\"><span style=\"display: block; transform: skew(15deg,0deg); -webkit-transform: skew(15deg,0deg); font-size: 20px; !important\">UM EIN ANGEBOT BITTEN<\/span><\/a><\/pee>[\/et_pb_code][\/et_pb_column][et_pb_column type=&#8220;1_4&#8243; _builder_version=&#8220;4.16&#8243; custom_padding=&#8220;|||&#8220; global_colors_info=&#8220;{}&#8220; custom_padding__hover=&#8220;|||&#8220;][et_pb_gallery gallery_ids=&#8220;116229,116222,116215&#8243; posts_number=&#8220;1&#8243; show_title_and_caption=&#8220;off&#8220; show_pagination=&#8220;off&#8220; zoom_icon_color=&#8220;#e2001a&#8220; module_class=&#8220;seco-products-gallery-new&#8220; _builder_version=&#8220;4.23.1&#8243; custom_css_overlay_icon=&#8220;content:&#8217;GALERIE ANSEHEN&#8216; !important;&#8220; global_colors_info=&#8220;{}&#8220;][\/et_pb_gallery][et_pb_text admin_label=&#8220;btn_de_premiumlibrary&#8220; module_class=&#8220;premium-library-button&#8220; _builder_version=&#8220;4.23.1&#8243; _module_preset=&#8220;default&#8220; text_orientation=&#8220;center&#8220; global_module=&#8220;157246&#8243; global_colors_info=&#8220;{}&#8220;]<\/p>\n<a href='https:\/\/www.secowarwick.com\/de\/premiuminhalte\/' class='small-button smallred'><span>PREMIUMINHALTE<\/span><\/a>\n<p>[\/et_pb_text][et_pb_text admin_label=&#8220;R&#038;D de&#8220; module_class=&#8220;product_widget_wrap_rd&#8220; _builder_version=&#8220;4.23.1&#8243; _module_preset=&#8220;default&#8220; text_orientation=&#8220;center&#8220; global_module=&#8220;167836&#8243; saved_tabs=&#8220;all&#8220; locked=&#8220;off&#8220; global_colors_info=&#8220;{}&#8220;]<\/p>\n<p><a href=\"https:\/\/www.secowarwick.com\/de\/rd\/\"><span class=\"product_wigtet_name\">R&amp;D<\/span><\/a><\/p>\n<p>[\/et_pb_text][et_pb_text admin_label=&#8220;AUTOMATYKA de&#8220; module_class=&#8220;product_widget_wrap_automation&#8220; _builder_version=&#8220;4.23.1&#8243; _module_preset=&#8220;default&#8220; global_module=&#8220;167905&#8243; saved_tabs=&#8220;all&#8220; locked=&#8220;off&#8220; global_colors_info=&#8220;{}&#8220;]<\/p>\n<p><a href=\"https:\/\/www.secowarwick.com\/de\/service\/automatisierung\/\"><span class=\"product_wigtet_name\">AUTOMATISIERUNG<\/span><\/a><\/p>\n<p>[\/et_pb_text][et_pb_text admin_label=&#8220;SERVICE de&#8220; module_class=&#8220;product_widget_wrap_service&#8220; _builder_version=&#8220;4.23.1&#8243; _module_preset=&#8220;default&#8220; global_module=&#8220;167860&#8243; saved_tabs=&#8220;all&#8220; locked=&#8220;off&#8220; global_colors_info=&#8220;{}&#8220;]<\/p>\n<p><a href=\"https:\/\/www.secowarwick.com\/de\/professionelle-service-dienstleistungen\/\"><span class=\"product_wigtet_name\">SERVICE<\/span><\/a><\/p>\n<p>[\/et_pb_text][et_pb_text admin_label=&#8220;SUPLEMENTALS de&#8220; module_class=&#8220;product_widget_wrap_supleme&#8220; _builder_version=&#8220;4.23.1&#8243; _module_preset=&#8220;default&#8220; global_module=&#8220;167915&#8243; saved_tabs=&#8220;all&#8220; locked=&#8220;off&#8220; global_colors_info=&#8220;{}&#8220;]<\/p>\n<p><span class=\"product_wigtet_name\">ZUSATZSTOFFE:<\/span><\/p>\n<p>[\/et_pb_text][et_pb_text admin_label=&#8220;Product brochure&#8220; module_class=&#8220;suplementals_product_brochure suplementals_wrap&#8220; _builder_version=&#8220;4.23.1&#8243; _module_preset=&#8220;default&#8220; locked=&#8220;off&#8220; global_colors_info=&#8220;{}&#8220;]<\/p>\n<p><a href=\"https:\/\/www.secowarwick.com\/wp-content\/uploads\/2025\/07\/ALU-Aluminum-Homogenizing-Furnaces-WWW.pdf\" target=\"_blank\" rel=\"noopener\">Produktbrosch\u00fcre<\/a><\/p>\n<p>[\/et_pb_text][et_pb_text admin_label=&#8220;Product catalogue alu de&#8220; module_class=&#8220;suplementals_product_catalogue suplementals_wrap&#8220; _builder_version=&#8220;4.23.1&#8243; _module_preset=&#8220;default&#8220; global_module=&#8220;170241&#8243; saved_tabs=&#8220;all&#8220; locked=&#8220;off&#8220; global_colors_info=&#8220;{}&#8220;]<\/p>\n<p><a href=\"https:\/\/www.secowarwick.com\/wp-content\/uploads\/2025\/02\/Aluminum_Furnaces_catalogue.pdf\" target=\"_blank\" rel=\"noopener\">Produktkatalog<\/a><\/p>\n<p>[\/et_pb_text][et_pb_text admin_label=&#8220;Product infographic&#8220; module_class=&#8220;suplementals_product_infographic suplementals_wrap&#8220; _builder_version=&#8220;4.23.1&#8243; _module_preset=&#8220;default&#8220; locked=&#8220;off&#8220; global_colors_info=&#8220;{}&#8220;]<\/p>\n<p><a href=\"https:\/\/www.secowarwick.com\/wp-content\/uploads\/2023\/06\/ALUMINUM-HOMOGENIZING-FURNACE.jpg\" target=\"_blank\" rel=\"noopener\">Produkt-Infografik<\/a><\/p>\n<p>[\/et_pb_text][et_pb_text admin_label=&#8220;Product movie alu plaulist de&#8220; module_class=&#8220;suplementals_product_movie suplementals_wrap&#8220; _builder_version=&#8220;4.23.1&#8243; _module_preset=&#8220;default&#8220; global_module=&#8220;170243&#8243; saved_tabs=&#8220;all&#8220; locked=&#8220;off&#8220; global_colors_info=&#8220;{}&#8220;]<\/p>\n<p><a href=\"https:\/\/www.youtube.com\/playlist?list=PLa0hhW_hoQqEsIHM5LQtr9h_9UlwGFBO8\" target=\"_blank\" rel=\"noopener\">Produktvideo<\/a><\/p>\n<p>[\/et_pb_text][et_pb_text admin_label=&#8220;dnabook-de&#8220; module_class=&#8220;suplementals_product_dna suplementals_wrap&#8220; _builder_version=&#8220;4.23.1&#8243; _module_preset=&#8220;default&#8220; global_module=&#8220;167874&#8243; saved_tabs=&#8220;all&#8220; locked=&#8220;off&#8220; global_colors_info=&#8220;{}&#8220;]<\/p>\n<p><a href=\"https:\/\/www.secowarwick.com\/wp-content\/uploads\/2025\/07\/DNA_BOOK.pdf\" target=\"_blank\" rel=\"noopener\">DNA\/BOOK<\/a><\/p>\n<p>[\/et_pb_text][et_pb_text admin_label=&#8220;ECO\/BOOK-de&#8220; module_class=&#8220;suplementals_product_eco suplementals_wrap&#8220; _builder_version=&#8220;4.23.1&#8243; _module_preset=&#8220;default&#8220; global_module=&#8220;167797&#8243; locked=&#8220;off&#8220; global_colors_info=&#8220;{}&#8220;]<\/p>\n<p><a href=\"https:\/\/www.secowarwick.com\/wp-content\/uploads\/2023\/06\/ECOBOOK.pdf\" target=\"_blank\" rel=\"noopener\">ECO\/BOOK<\/a><\/p>\n<p>[\/et_pb_text][et_pb_text admin_label=&#8220;product-widget-rfq-de&#8220; module_class=&#8220;product_widget_wrap_rfq-en&#8220; _builder_version=&#8220;4.23.1&#8243; _module_preset=&#8220;default&#8220; global_module=&#8220;186250&#8243; saved_tabs=&#8220;all&#8220; global_colors_info=&#8220;{}&#8220; locked=&#8220;off&#8220;]<\/p>\n<p style=\"text-align: center;\"><a class=\"small-button smallred\" href=\"https:\/\/www.secowarwick.com\/de\/fordern-sie-hier-ihr-angebot-an\/\"><span class=\"product_wigtet_name\">FRAGE NACH MEHR<\/span><\/a><\/p>\n<p>[\/et_pb_text][\/et_pb_column][\/et_pb_row][\/et_pb_section]<\/p>\n","protected":false},"excerpt":{"rendered":"<p>[et_pb_breadcrumbs _builder_version=&#8220;3.6&#8243; global_colors_info=&#8220;{}&#8220;][\/et_pb_breadcrumbs]Homogenisierungs\u00f6fen f\u00fcr Aluminiumteile Die ma\u00dfgeschneiderten Homogenisierungs\u00f6fen f\u00fcr Aluminiumst\u00e4mme und Aluminiumbolzen f\u00fcr die meisten technologischen Anwendungen Die Ger\u00e4tedesigns umfassen Chargentypen (sowohl Auto- als auch Schalendesigns), Fahrstile und kontinuierliche Ausf\u00fchrungen, einschlie\u00dflich Materialbehandlungssystemen und Ladek\u00fchlger\u00e4ten.Bei der Chargenausf\u00fchrung wird typischerweise ein elektrisch angetriebener Isolierwagen verwendet, um eine Charge in\u00a0und aus dem Ofen zu bewegen. H\u00e4ufig wird bei [&hellip;]<\/p>\n","protected":false},"author":2,"featured_media":87594,"parent":7097,"menu_order":0,"comment_status":"closed","ping_status":"closed","template":"","meta":{"_acf_changed":false,"_et_pb_use_builder":"on","_et_pb_old_content":"","_et_gb_content_width":"","footnotes":""},"class_list":["post-86739","page","type-page","status-publish","has-post-thumbnail"],"acf":[],"_links":{"self":[{"href":"https:\/\/www.secowarwick.com\/de\/wp-json\/wp\/v2\/pages\/86739","targetHints":{"allow":["GET"]}}],"collection":[{"href":"https:\/\/www.secowarwick.com\/de\/wp-json\/wp\/v2\/pages"}],"about":[{"href":"https:\/\/www.secowarwick.com\/de\/wp-json\/wp\/v2\/types\/page"}],"author":[{"embeddable":true,"href":"https:\/\/www.secowarwick.com\/de\/wp-json\/wp\/v2\/users\/2"}],"replies":[{"embeddable":true,"href":"https:\/\/www.secowarwick.com\/de\/wp-json\/wp\/v2\/comments?post=86739"}],"version-history":[{"count":16,"href":"https:\/\/www.secowarwick.com\/de\/wp-json\/wp\/v2\/pages\/86739\/revisions"}],"predecessor-version":[{"id":186304,"href":"https:\/\/www.secowarwick.com\/de\/wp-json\/wp\/v2\/pages\/86739\/revisions\/186304"}],"up":[{"embeddable":true,"href":"https:\/\/www.secowarwick.com\/de\/wp-json\/wp\/v2\/pages\/7097"}],"wp:featuredmedia":[{"embeddable":true,"href":"https:\/\/www.secowarwick.com\/de\/wp-json\/wp\/v2\/media\/87594"}],"wp:attachment":[{"href":"https:\/\/www.secowarwick.com\/de\/wp-json\/wp\/v2\/media?parent=86739"}],"curies":[{"name":"wp","href":"https:\/\/api.w.org\/{rel}","templated":true}]}}