{"id":86748,"date":"2020-01-02T11:25:06","date_gmt":"2020-01-02T10:25:06","guid":{"rendered":"http:\/\/www.secowarwick.com\/?page_id=86748"},"modified":"2025-10-30T12:19:23","modified_gmt":"2025-10-30T11:19:23","slug":"loesungswaerme-behandlung-und-alterung","status":"publish","type":"page","link":"https:\/\/www.secowarwick.com\/de\/produkte\/aluminium-prozesse\/loesungswaerme-behandlung-und-alterung\/","title":{"rendered":"L\u00f6sungsgl\u00fchen und Altern von Aluminium"},"content":{"rendered":"<p>[et_pb_section fb_built=&#8220;1&#8243; _builder_version=&#8220;4.16&#8243; global_colors_info=&#8220;{}&#8220;][et_pb_row _builder_version=&#8220;4.16&#8243; background_size=&#8220;initial&#8220; background_position=&#8220;top_left&#8220; background_repeat=&#8220;repeat&#8220; global_colors_info=&#8220;{}&#8220;][et_pb_column type=&#8220;4_4&#8243; _builder_version=&#8220;4.16&#8243; custom_padding=&#8220;|||&#8220; global_colors_info=&#8220;{}&#8220; custom_padding__hover=&#8220;|||&#8220;][et_pb_image src=&#8220;https:\/\/www.secowarwick.com\/wp-content\/uploads\/2019\/12\/slider-aluminium-Solution-and-Aging.jpg&#8220; alt=&#8220;L\u00f6sungsgl\u00fchen und Altern von Aluminium&#8220; title_text=&#8220;L\u00f6sungsgl\u00fchen und Altern von Aluminium&#8220; align_tablet=&#8220;center&#8220; align_phone=&#8220;&#8220; align_last_edited=&#8220;on|desktop&#8220; _builder_version=&#8220;4.16&#8243; global_colors_info=&#8220;{}&#8220;][\/et_pb_image][\/et_pb_column][\/et_pb_row][et_pb_row column_structure=&#8220;3_4,1_4&#8243; _builder_version=&#8220;4.16&#8243; background_size=&#8220;initial&#8220; background_position=&#8220;top_left&#8220; background_repeat=&#8220;repeat&#8220; global_colors_info=&#8220;{}&#8220;][et_pb_column type=&#8220;3_4&#8243; _builder_version=&#8220;4.16&#8243; custom_padding=&#8220;|||&#8220; global_colors_info=&#8220;{}&#8220; custom_padding__hover=&#8220;|||&#8220;][et_pb_breadcrumbs _builder_version=&#8220;3.6&#8243; global_colors_info=&#8220;{}&#8220;][\/et_pb_breadcrumbs][et_pb_text module_class=&#8220;red-tabs&#8220; _builder_version=&#8220;4.23.1&#8243; global_colors_info=&#8220;{}&#8220;]<\/p>\n<h1>L\u00f6sungsgl\u00fchen und Altern von Aluminium<\/h1>\n<h2>\u00d6fenanlagen<\/h2>\n<p>SECO\/WARWICK ist ein weltweit f\u00fchrender und innovativer Hersteller von <strong>L\u00f6sungsw\u00e4rmebehandlungs<\/strong>&#8211;<strong>\u00d6fenanlagen<\/strong> mit jahrzehntelanger Erfahrung. Wir bieten die komplette L\u00f6sung f\u00fcr Ihre Bed\u00fcrfnisse nach einem ma\u00dfgeschneiderten System. Viele Faktoren tragen zur Gesamteffizienz der <strong>L\u00f6sungsw\u00e4rmebehandlungssysteme<\/strong> von SECO\/WARWICK bei. Die <strong>Konvektionsheizung<\/strong> mit ihrer Hochgeschwindigkeitsluft verteilt die W\u00e4rme gleichm\u00e4\u00dfig und effizient und erzeugt eine nahezu gleichm\u00e4\u00dfige Temperaturverteilung.<\/p>\n<p>Unser bew\u00e4hrtes Isolationssystem steigert noch mehr die Effizienz und hat sich als eine der langlebigsten Innenbeschichtungen auf dem heutigen Markt erwiesen. Eine Vielzahl von zirkulierenden Luftstr\u00f6mungsmustern verleiht unseren Ofenkonstruktionen weitere Effizienzgewinne.<\/p>\n<p>[\/et_pb_text][et_pb_tabs module_class=&#8220;red-tabs eco-tab6&#8243; _builder_version=&#8220;4.23.1&#8243; custom_css_main_element=&#8220;margin-top: 2rem;||margin-bottom: 2rem;&#8220; global_colors_info=&#8220;{}&#8220;][et_pb_tab title=&#8220;F\u00e4higkeiten&#8220; _builder_version=&#8220;4.23.1&#8243; global_colors_info=&#8220;{}&#8220;]<\/p>\n<p>Unsere Konstruktionsingenieure arbeiten eng mit Ihren Ingenieuren und Produktionsmitarbeitern zusammen, um eine optimale Leistung f\u00fcr Ihre gesamte Ofenanlage und den gesamten Anlagenbetrieb zu gew\u00e4hrleisten.<\/p>\n<p>Wir bieten komplette schl\u00fcsselfertige L\u00f6sungen f\u00fcr jedes Projekt, einschlie\u00dflich:<\/p>\n<p><strong><span style=\"color: #dc291e;\">\/<\/span><\/strong>\u00a0Grundz\u00fcge des Fundaments<br \/><span style=\"color: #dc291e;\"><strong>\/<\/strong>\u00a0<\/span>L\u00f6sungsw\u00e4rmebehandlungs\u00f6fen<br \/><span style=\"color: #dc291e;\"><strong>\/<\/strong>\u00a0<\/span>Alterungs\u00f6fen<br \/><span style=\"color: #dc291e;\"><strong>\/<\/strong>\u00a0<\/span>Lastaufnahmesysteme<br \/><span style=\"color: #dc291e;\"><strong>\/<\/strong>\u00a0<\/span>Steuerungssysteme<br \/><span style=\"color: #dc291e;\"><strong>\/<\/strong>\u00a0<\/span>Automatisierte Produktverfolgung<br \/><span style=\"color: #dc291e;\"><strong>\/<\/strong>\u00a0<\/span>Installation<\/p>\n<p>[\/et_pb_tab][et_pb_tab title=&#8220;Auf Die Anwendung Abgestimmt&#8220; _builder_version=&#8220;4.23.1&#8243; global_colors_info=&#8220;{}&#8220;]<\/p>\n<p>SECO\/WARWICK verwendet verschiedene Ausf\u00fchrungen f\u00fcr den Umluftstrom mit Axial- und Radialventilatoren, die speziell f\u00fcr Ihre Anwendung entwickelt wurden, einschlie\u00dflich:<\/p>\n<p><strong><span style=\"color: #dc291e;\">\/<\/span><\/strong>\u00a0Horizontale Umkehrung der Querstr\u00f6mung<br \/><strong><span style=\"color: #dc291e;\">\/<\/span><\/strong>\u00a0L\u00e4ngsstr\u00f6mung (oder Tunnelstr\u00f6mung). Die Umluft wird \u00fcber die gesamte L\u00e4nge des Ofens oder der Kontrollzone gef\u00fchrt. Dies ist ideal f\u00fcr die Massenproduktion von Aluminiumteilen in\u00a0K\u00f6rben oder auf Gestellen.<br \/><strong><span style=\"color: #dc291e;\">\/<\/span><\/strong>\u00a0Vertikaler Luftstrom (nach oben oder unten) wird im\u00a0Allgemeinen f\u00fcr K\u00f6rbe aus kleinen Aluminiumgussteilen oder Schmiedeteilen verwendet.<br \/><strong><span style=\"color: #dc291e;\">\/<\/span><\/strong>\u00a0Inbetriebnahme und Test<br \/><strong><span style=\"color: #dc291e;\">\/<\/span><\/strong> Training<\/p>\n<p>Die Wahl des richtigen Luftstroms wird durch die Dichte und Konfiguration der Ladung, die gew\u00fcnschte Produktionsrate, die verf\u00fcgbare Grundfl\u00e4che, die erforderlichen Heizzeiten und die Temperaturgleichm\u00e4\u00dfigkeit, die Transportmethode (wenn kontinuierlich) oder die Lastunterst\u00fctzung (wenn chargenweise), die Heizmethode usw. bestimmt. Die Analysesoftware ANSYS kann verwendet werden, um die Erw\u00e4rmungsrate der Ladung zu bewerten, bevor die effizienteste Luftstr\u00f6mungsmethode ausgew\u00e4hlt wird. Es\u00a0stehen Ladungspr\u00fcfm\u00f6glichkeiten zur Verf\u00fcgung, um die theoretischen Ergebnisse zu best\u00e4tigen.<\/p>\n<p>Nach der W\u00e4rmebehandlung ist die Lastk\u00fchlung entscheidend f\u00fcr akzeptable metallurgische Ergebnisse. SECO\/WARWICK hat Erfahrung mit vielen verschiedenen K\u00fchlsystemen. Zur Auswahl stehen mobile oder station\u00e4re Tauchabschreck-, Aufzugabschreck- oder Spr\u00fchsysteme.<\/p>\n<p>Optionale Abschreckfunktionen beinhalten motorisch angetriebene Mischer, W\u00e4rmetauscher, Eintauchelemente und indirekt befeuerte Heizger\u00e4te.<\/p>\n<p>[\/et_pb_tab][et_pb_tab title=&#8220;Kontinuierlicher Roller Herd\u00f6fen&#8220; _builder_version=&#8220;4.16&#8243; global_colors_info=&#8220;{}&#8220;]Diese hocheffizienten \u00d6fen bieten den Herstellern von Flugzeugen und Automobilkomponenten einen Wettbewerbsvorteil und erf\u00fcllen gleichzeitig die strengsten Kosten- und Produktionsvorgaben. In&nbsp;unseren Durchlauf\u00f6fen wurden Produktionsraten von \u00fcber 16.000 Pfund pro Stunde erreicht.<\/p>\n<p>Kontinuierliche \u00d6fen bieten Flexibilit\u00e4t f\u00fcr eine breite Palette von Produkten. Durch den Einsatz von Frequenzumrichtern k\u00f6nnen die Verweilzeit und die Einwirkzeit entsprechend Ihren spezifischen Anforderungen erh\u00f6ht oder verringert werden.<\/p>\n<p>Das einzigartige System von SECO\/WARWICK zur Trennung der W\u00e4rme- und Tauchkammern mit Innent\u00fcren bietet eine un\u00fcbertroffene Flexibilit\u00e4t und Temperaturkontrolle. Durch die Integration einer Entladekammer k\u00f6nnen Sie den Ofen entladen, ohne die Temperaturgleichm\u00e4\u00dfigkeit der verbleibenden Werkst\u00fccke zu beeinflussen. Hochgeschwindigkeitsmechanismen \u00fcbertragen die Arbeit schnell auf das Abschreckmedium.[\/et_pb_tab][et_pb_tab title=&#8220;Steuerungssysteme&#8220; _builder_version=&#8220;4.23.1&#8243; global_colors_info=&#8220;{}&#8220;]<\/p>\n<p>Die mit der Ofenlinie gelieferten Steuerungssysteme beinhalten typischerweise eine programmierbare Steuerung und einen pers\u00f6nlichen Computer f\u00fcr den automatischen Betrieb. Die Prozesssoftware wird von SECO\/WARWICK-Ingenieuren erstellt, die mit den L\u00f6sungsw\u00e4rmebehandlungsverfahren und den Anforderungen an das Lasthandling vertraut sind.<\/p>\n<p>[\/et_pb_tab][et_pb_tab title=&#8220;Anlage-Support&#8220; _builder_version=&#8220;4.23.1&#8243; global_colors_info=&#8220;{}&#8220;]<\/p>\n<p>Wir bieten Empfehlungen zur Auslegung der Ausr\u00fcstung, um Platz, Belegschaft und Betrieb einzusparen. Um eine sofortige und genaue Leistung zu gew\u00e4hrleisten, pr\u00fcft SECO\/WARWICK jeden Ofen in\u00a0unserem Werk vor dem Versand mechanisch und elektrisch, sofern die Gr\u00f6\u00dfe eine Montage vor dem Versand nicht verbietet.<\/p>\n<p>[\/et_pb_tab][et_pb_tab title=&#8220;Qualit\u00e4tsversprechen&#8220; _builder_version=&#8220;4.23.1&#8243; global_colors_info=&#8220;{}&#8220;]<\/p>\n<p>SECO\/WARWICK baut L\u00f6sungsw\u00e4rmebehandlungsofensysteme f\u00fcr Aluminiumgussteile, Aluminiumplatten, Aluminiumschmiedeteile, Aluminiumstrangpressprofile, Flugzeuganwendungen und zur Vorw\u00e4rmung von Bolzen. Mit unserer Erfahrung und unseren schl\u00fcsselfertigen F\u00e4higkeiten werden wir auch in\u00a0Zukunft ein weltweit f\u00fchrender und innovativer Hersteller von l\u00f6sungsorientierten W\u00e4rmebehandlungsofenanlagen sein. SECO\/WARWICK ist Ihr Komplettanbieter von W\u00e4rmebehandlungs- und Alterungsofenanlagen.<\/p>\n<p>[\/et_pb_tab][et_pb_tab title=&#8220; &#8220; _builder_version=&#8220;4.23.1&#8243; _module_preset=&#8220;default&#8220; global_colors_info=&#8220;{}&#8220;]<\/p>\n<p><span style=\"color: #ff0000;\"><strong>\/<\/strong> <\/span>Rekuperatorbrenner mit hoher Leistung bis zu ca. 86% Wirkungsgrad<br \/><span style=\"color: #ff0000;\"><strong>\/<\/strong> <\/span>Umweltfreundliche, biol\u00f6sliche D\u00e4mmung mit richtig ausgew\u00e4hlter Dicke im&nbsp;Hinblick auf die Verringerung des W\u00e4rmeverlustes durch W\u00e4nde<\/p>\n<p>[\/et_pb_tab][\/et_pb_tabs][et_pb_code admin_label=&#8220;crm-rfq-de&#8220; _builder_version=&#8220;4.10.3&#8243; _module_preset=&#8220;default&#8220; global_module=&#8220;123766&#8243; global_colors_info=&#8220;{}&#8220;]<!-- [et_pb_line_break_holder] --><pee style=\"text-align: center;\"><a class=\"small-button smallred\" style=\"font-size: 20px; padding: 20px 60px;\" href=\"https:\/\/www.secowarwick.com\/de\/fordern-sie-hier-ihr-angebot-an\/\"><span style=\"display: block; transform: skew(15deg,0deg); -webkit-transform: skew(15deg,0deg); font-size: 20px; !important\">UM EIN ANGEBOT BITTEN<\/span><\/a><\/pee>[\/et_pb_code][\/et_pb_column][et_pb_column type=&#8220;1_4&#8243; _builder_version=&#8220;4.16&#8243; custom_padding=&#8220;|||&#8220; global_colors_info=&#8220;{}&#8220; custom_padding__hover=&#8220;|||&#8220;][et_pb_gallery gallery_ids=&#8220;87605&#8243; posts_number=&#8220;1&#8243; show_title_and_caption=&#8220;off&#8220; show_pagination=&#8220;off&#8220; zoom_icon_color=&#8220;#e2001a&#8220; module_class=&#8220;seco-products-gallery-new&#8220; _builder_version=&#8220;4.23.1&#8243; custom_css_overlay_icon=&#8220;content:&#8217;GALERIE ANSEHEN&#8216; !important;&#8220; global_colors_info=&#8220;{}&#8220;][\/et_pb_gallery][et_pb_text admin_label=&#8220;btn_de_premiumlibrary&#8220; module_class=&#8220;premium-library-button&#8220; _builder_version=&#8220;4.23.1&#8243; _module_preset=&#8220;default&#8220; text_orientation=&#8220;center&#8220; global_module=&#8220;157246&#8243; global_colors_info=&#8220;{}&#8220;]<\/p>\n<a href='https:\/\/www.secowarwick.com\/de\/premiuminhalte\/' class='small-button smallred'><span>PREMIUMINHALTE<\/span><\/a>\n<p>[\/et_pb_text][et_pb_text admin_label=&#8220;R&#038;D de&#8220; module_class=&#8220;product_widget_wrap_rd&#8220; _builder_version=&#8220;4.23.1&#8243; _module_preset=&#8220;default&#8220; text_orientation=&#8220;center&#8220; global_module=&#8220;167836&#8243; saved_tabs=&#8220;all&#8220; locked=&#8220;off&#8220; global_colors_info=&#8220;{}&#8220;]<\/p>\n<p><a href=\"https:\/\/www.secowarwick.com\/de\/rd\/\"><span class=\"product_wigtet_name\">R&amp;D<\/span><\/a><\/p>\n<p>[\/et_pb_text][et_pb_text admin_label=&#8220;AUTOMATYKA de&#8220; module_class=&#8220;product_widget_wrap_automation&#8220; _builder_version=&#8220;4.23.1&#8243; _module_preset=&#8220;default&#8220; global_module=&#8220;167905&#8243; saved_tabs=&#8220;all&#8220; locked=&#8220;off&#8220; global_colors_info=&#8220;{}&#8220;]<\/p>\n<p><a href=\"https:\/\/www.secowarwick.com\/de\/service\/automatisierung\/\"><span class=\"product_wigtet_name\">AUTOMATISIERUNG<\/span><\/a><\/p>\n<p>[\/et_pb_text][et_pb_text admin_label=&#8220;SERVICE de&#8220; module_class=&#8220;product_widget_wrap_service&#8220; _builder_version=&#8220;4.23.1&#8243; _module_preset=&#8220;default&#8220; global_module=&#8220;167860&#8243; saved_tabs=&#8220;all&#8220; locked=&#8220;off&#8220; global_colors_info=&#8220;{}&#8220;]<\/p>\n<p><a href=\"https:\/\/www.secowarwick.com\/de\/professionelle-service-dienstleistungen\/\"><span class=\"product_wigtet_name\">SERVICE<\/span><\/a><\/p>\n<p>[\/et_pb_text][et_pb_text admin_label=&#8220;SUPLEMENTALS de&#8220; module_class=&#8220;product_widget_wrap_supleme&#8220; _builder_version=&#8220;4.23.1&#8243; _module_preset=&#8220;default&#8220; global_module=&#8220;167915&#8243; saved_tabs=&#8220;all&#8220; locked=&#8220;off&#8220; global_colors_info=&#8220;{}&#8220;]<\/p>\n<p><span class=\"product_wigtet_name\">ZUSATZSTOFFE:<\/span><\/p>\n<p>[\/et_pb_text][et_pb_text admin_label=&#8220;Product catalogue alu de&#8220; module_class=&#8220;suplementals_product_catalogue suplementals_wrap&#8220; _builder_version=&#8220;4.23.1&#8243; _module_preset=&#8220;default&#8220; global_module=&#8220;170241&#8243; saved_tabs=&#8220;all&#8220; locked=&#8220;off&#8220; global_colors_info=&#8220;{}&#8220;]<\/p>\n<p><a href=\"https:\/\/www.secowarwick.com\/wp-content\/uploads\/2025\/02\/Aluminum_Furnaces_catalogue.pdf\" target=\"_blank\" rel=\"noopener\">Produktkatalog<\/a><\/p>\n<p>[\/et_pb_text][et_pb_text admin_label=&#8220;Product movie alu plaulist de&#8220; module_class=&#8220;suplementals_product_movie suplementals_wrap&#8220; _builder_version=&#8220;4.23.1&#8243; _module_preset=&#8220;default&#8220; global_module=&#8220;170243&#8243; saved_tabs=&#8220;all&#8220; locked=&#8220;off&#8220; global_colors_info=&#8220;{}&#8220;]<\/p>\n<p><a href=\"https:\/\/www.youtube.com\/playlist?list=PLa0hhW_hoQqEsIHM5LQtr9h_9UlwGFBO8\" target=\"_blank\" rel=\"noopener\">Produktvideo<\/a><\/p>\n<p>[\/et_pb_text][et_pb_text admin_label=&#8220;dnabook-de&#8220; module_class=&#8220;suplementals_product_dna suplementals_wrap&#8220; _builder_version=&#8220;4.23.1&#8243; _module_preset=&#8220;default&#8220; global_module=&#8220;167874&#8243; saved_tabs=&#8220;all&#8220; locked=&#8220;off&#8220; global_colors_info=&#8220;{}&#8220;]<\/p>\n<p><a href=\"https:\/\/www.secowarwick.com\/wp-content\/uploads\/2025\/07\/DNA_BOOK.pdf\" target=\"_blank\" rel=\"noopener\">DNA\/BOOK<\/a><\/p>\n<p>[\/et_pb_text][et_pb_text admin_label=&#8220;ECO\/BOOK-de&#8220; module_class=&#8220;suplementals_product_eco suplementals_wrap&#8220; _builder_version=&#8220;4.23.1&#8243; _module_preset=&#8220;default&#8220; global_module=&#8220;167797&#8243; locked=&#8220;off&#8220; global_colors_info=&#8220;{}&#8220;]<\/p>\n<p><a href=\"https:\/\/www.secowarwick.com\/wp-content\/uploads\/2023\/06\/ECOBOOK.pdf\" target=\"_blank\" rel=\"noopener\">ECO\/BOOK<\/a><\/p>\n<p>[\/et_pb_text][et_pb_text admin_label=&#8220;product-widget-rfq-de&#8220; module_class=&#8220;product_widget_wrap_rfq-en&#8220; _builder_version=&#8220;4.23.1&#8243; _module_preset=&#8220;default&#8220; global_module=&#8220;186250&#8243; saved_tabs=&#8220;all&#8220; global_colors_info=&#8220;{}&#8220; locked=&#8220;off&#8220;]<\/p>\n<p style=\"text-align: center;\"><a class=\"small-button smallred\" href=\"https:\/\/www.secowarwick.com\/de\/fordern-sie-hier-ihr-angebot-an\/\"><span class=\"product_wigtet_name\">FRAGE NACH MEHR<\/span><\/a><\/p>\n<p>[\/et_pb_text][\/et_pb_column][\/et_pb_row][\/et_pb_section]<\/p>\n","protected":false},"excerpt":{"rendered":"<p>[et_pb_breadcrumbs _builder_version=&#8220;3.6&#8243; global_colors_info=&#8220;{}&#8220;][\/et_pb_breadcrumbs]L\u00f6sungsgl\u00fchen und Altern von Aluminium \u00d6fenanlagen SECO\/WARWICK ist ein weltweit f\u00fchrender und innovativer Hersteller von L\u00f6sungsw\u00e4rmebehandlungs-\u00d6fenanlagen mit jahrzehntelanger Erfahrung. Wir bieten die komplette L\u00f6sung f\u00fcr Ihre Bed\u00fcrfnisse nach einem ma\u00dfgeschneiderten System. Viele Faktoren tragen zur Gesamteffizienz der L\u00f6sungsw\u00e4rmebehandlungssysteme von SECO\/WARWICK bei. Die Konvektionsheizung mit ihrer Hochgeschwindigkeitsluft verteilt die W\u00e4rme gleichm\u00e4\u00dfig und effizient und [&hellip;]<\/p>\n","protected":false},"author":2,"featured_media":87605,"parent":7097,"menu_order":0,"comment_status":"closed","ping_status":"closed","template":"","meta":{"_acf_changed":false,"_et_pb_use_builder":"on","_et_pb_old_content":"","_et_gb_content_width":"","footnotes":""},"class_list":["post-86748","page","type-page","status-publish","has-post-thumbnail"],"acf":[],"_links":{"self":[{"href":"https:\/\/www.secowarwick.com\/de\/wp-json\/wp\/v2\/pages\/86748","targetHints":{"allow":["GET"]}}],"collection":[{"href":"https:\/\/www.secowarwick.com\/de\/wp-json\/wp\/v2\/pages"}],"about":[{"href":"https:\/\/www.secowarwick.com\/de\/wp-json\/wp\/v2\/types\/page"}],"author":[{"embeddable":true,"href":"https:\/\/www.secowarwick.com\/de\/wp-json\/wp\/v2\/users\/2"}],"replies":[{"embeddable":true,"href":"https:\/\/www.secowarwick.com\/de\/wp-json\/wp\/v2\/comments?post=86748"}],"version-history":[{"count":14,"href":"https:\/\/www.secowarwick.com\/de\/wp-json\/wp\/v2\/pages\/86748\/revisions"}],"predecessor-version":[{"id":186300,"href":"https:\/\/www.secowarwick.com\/de\/wp-json\/wp\/v2\/pages\/86748\/revisions\/186300"}],"up":[{"embeddable":true,"href":"https:\/\/www.secowarwick.com\/de\/wp-json\/wp\/v2\/pages\/7097"}],"wp:featuredmedia":[{"embeddable":true,"href":"https:\/\/www.secowarwick.com\/de\/wp-json\/wp\/v2\/media\/87605"}],"wp:attachment":[{"href":"https:\/\/www.secowarwick.com\/de\/wp-json\/wp\/v2\/media?parent=86748"}],"curies":[{"name":"wp","href":"https:\/\/api.w.org\/{rel}","templated":true}]}}