{"id":89058,"date":"2019-08-29T15:05:37","date_gmt":"2019-08-29T13:05:37","guid":{"rendered":"http:\/\/www.secowarwick.com\/produkte\/schutzgasoefen-und-systeme-atm\/rotary-retort-furnaces\/"},"modified":"2025-10-30T12:12:02","modified_gmt":"2025-10-30T11:12:02","slug":"drehretortenoefen","status":"publish","type":"page","link":"https:\/\/www.secowarwick.com\/de\/produkte\/schutzgasoefen-und-systeme-atm\/drehretortenoefen\/","title":{"rendered":"System von Retorten\u00f6fen"},"content":{"rendered":"<p>[et_pb_section fb_built=&#8220;1&#8243; _builder_version=&#8220;4.16&#8243; global_colors_info=&#8220;{}&#8220;][et_pb_row _builder_version=&#8220;4.16&#8243; background_size=&#8220;initial&#8220; background_position=&#8220;top_left&#8220; background_repeat=&#8220;repeat&#8220; global_colors_info=&#8220;{}&#8220;][et_pb_column type=&#8220;4_4&#8243; _builder_version=&#8220;4.16&#8243; custom_padding=&#8220;|||&#8220; global_colors_info=&#8220;{}&#8220; custom_padding__hover=&#8220;|||&#8220;][et_pb_image src=&#8220;https:\/\/www.secowarwick.com\/wp-content\/uploads\/2019\/12\/rotary-retort-slider.jpg&#8220; alt=&#8220;System von Retorten\u00f6fen&#8220; title_text=&#8220;System von Retorten\u00f6fen SECO\/WARWICK &#8220; align_tablet=&#8220;center&#8220; align_phone=&#8220;&#8220; align_last_edited=&#8220;on|desktop&#8220; _builder_version=&#8220;4.16&#8243; global_colors_info=&#8220;{}&#8220;][\/et_pb_image][\/et_pb_column][\/et_pb_row][et_pb_row column_structure=&#8220;3_4,1_4&#8243; _builder_version=&#8220;4.16&#8243; background_size=&#8220;initial&#8220; background_position=&#8220;top_left&#8220; background_repeat=&#8220;repeat&#8220; global_colors_info=&#8220;{}&#8220;][et_pb_column type=&#8220;3_4&#8243; _builder_version=&#8220;4.16&#8243; custom_padding=&#8220;|||&#8220; global_colors_info=&#8220;{}&#8220; custom_padding__hover=&#8220;|||&#8220;][et_pb_breadcrumbs _builder_version=&#8220;3.6&#8243; global_colors_info=&#8220;{}&#8220;][\/et_pb_breadcrumbs][et_pb_text module_class=&#8220;podtytuly&#8220; _builder_version=&#8220;4.23.1&#8243; global_colors_info=&#8220;{}&#8220;]<\/p>\n<h1>System von Retorten\u00f6fen<\/h1>\n<h2>Atmosphere\u00f6fen mit Drehretorte zur kontinuierlichen W\u00e4rmebehandlung von Kleinteilen<\/h2>\n<p>Der <strong>Retortenofen mit Drehretorte<\/strong> von SECO\/WARWICK wurde entwickelt, um das konstant hohe <strong>Abschreckh\u00e4rten<\/strong> aufrechtzuerhalten. Das ist f\u00fcr eine schnelle, wirtschaftliche und gleichm\u00e4\u00dfige W\u00e4rmebehandlung von kleinen Bauteilen erforderlich. Er\u00a0bietet die Prozessflexibilit\u00e4t, um in\u00a0den Produktionsumgebungen f\u00fcr Einzel- und Mehrzweckanwendungen verwendet zu werden.<\/p>\n<p>Der Retortenofen mit Drehretorte kann als eigenst\u00e4ndiger Abschreck- oder Gl\u00fchofen mit Dosiereinrichtung und integriertem Abschrecksystem oder als Teil einer kompletten Abschreck- und Ziehlinie mit Anlassofen, Waschanlage(n), Atmosph\u00e4rengenerator(en), Analysatoren usw. gebaut werden.<\/p>\n<p>[\/et_pb_text][et_pb_tabs module_class=&#8220;red-tabs&#8220; _builder_version=&#8220;4.23.1&#8243; custom_css_main_element=&#8220;margin-top: 2rem;||margin-bottom: 2rem;&#8220; global_colors_info=&#8220;{}&#8220;][et_pb_tab title=&#8220; \u00dcberblick&#8220; _builder_version=&#8220;4.23.1&#8243; global_colors_info=&#8220;{}&#8220;]<\/p>\n<p>Drehretorten\u00f6fen werden zur Bearbeitung unterschiedlichster Kleinteile wie Schrauben, Muttern, Bolzen, N\u00e4gel, Scheiben und M\u00fcnzen eingesetzt. Der Drehretortenofen ist besonders f\u00fcr das H\u00e4rten unter kontrollierter Atmosph\u00e4re, Karbonitrieren und Aufkohlen im\u00a0Bereich von 1.550 bis 1.750\u02daF (840 bis 955\u02daC) geeignet.<\/p>\n<h3>Whirl-A-Way Quench<\/h3>\n<p>Die Whirl-A-Way-Abschreckung ist ein schnelles, gleichm\u00e4\u00dfiges Abschrecksystem, das tiefere Einsatztiefen erzeugt. Die Whirl-A-Way-Abschreckung wurde entwickelt, um hervorragende Abschreckergebnisse bei Eisen- und Nichteisenteilen zu erzielen, nachdem diese die Temperatur im\u00a0Ofen erreicht haben. Die Bauteile werden Sekunden nach Erreichen der Temperatur in\u00a0das Abschreckmedium ausgetragen und durch die Bewegung der Abschreckfl\u00fcssigkeit zum rotierenden Austragsband gef\u00f6rdert. Durch diese Bewegung kann die Dampfsperre jedes Teils sofort weggewischt werden, was zu hervorragenden Abschreckeigenschaften f\u00fchrt. Beim Eintritt in\u00a0die L\u00f6schtrommel werden die Teile durch die Drehbewegung der Trommelfl\u00fcgel zur Abwurfstelle gef\u00f6rdert. Die Abschreckfl\u00fcssigkeit kann \u00d6l, Wasser sein oder ein synthetisches Mittel. Das patentierte Whirl-A-Way-System wurde entwickelt, um eine Kontamination der Atmosph\u00e4re im\u00a0Ofen zu verhindern. Das System ist in\u00a0der Lage, eine Vielzahl von Teilekonfigurationen zu bew\u00e4ltigen und gleichzeitig die individuellen Abschreckergebnisse konstant zu erhalten, was sowohl eine gr\u00f6\u00dfere Einsatztiefe als auch eine Gleichm\u00e4\u00dfigkeit gew\u00e4hrleistet.<\/p>\n<p>&nbsp;<\/p>\n<p>[\/et_pb_tab][et_pb_tab title=&#8220;Eigenschaften&#8220; _builder_version=&#8220;4.23.1&#8243; global_colors_info=&#8220;{}&#8220;]<\/p>\n<p><strong><span style=\"color: #e31300;\">\/\u00a0<\/span>Werksgefertigt<br \/><\/strong>Alle Ger\u00e4te werden komplett werkseitig montiert, verrohrt, verdrahtet und mechanisch vor dem Versand getestet, um die Installationszeit und -kosten zu minimieren. Eine schnelle Verbindung zu den Versorgungsunternehmen ist gew\u00e4hrleistet.<\/p>\n<p><strong><span style=\"color: #e31300;\">\/\u00a0<\/span>Trichter\/Belader<br \/><\/strong>Der Trichter\/Belader ist so konzipiert, dass er&nbsp;bei jeder Umdrehung der Retorte eine vorgegebene Charge von Teilen in&nbsp;den Ofen einbringt. Die im&nbsp;Trichter gelagerten Teile werden bei Ankunft in&nbsp;der unteren Position des Elevators automatisch in&nbsp;die Lasttrommel \u00fcberf\u00fchrt. Der beladene Korb wird dann angehoben und die Teile werden automatisch in&nbsp;den Ofen abgelegt.<\/p>\n<p>[\/et_pb_tab][et_pb_tab title=&#8220;Vorteile&#8220; _builder_version=&#8220;4.23.1&#8243; global_colors_info=&#8220;{}&#8220;]<\/p>\n<p><strong><span style=\"color: #e31300;\">\/\u00a0<\/span>Standardausr\u00fcstung<br \/><\/strong>Ofenlinien sind in\u00a0Standardgr\u00f6\u00dfen mit Nennkapazit\u00e4ten von 500 LB (225 KG) bis 1.000 LB (450 KG) vorgefertigt. Sie k\u00f6nnen schnell hergestellt, geliefert und montiert werden. Kundenspezifische Anlagen haben bis zu 4.000 LB (1.800 KG) pro Stunde geboten.<\/p>\n<p><strong><span style=\"color: #e31300;\">\/\u00a0<\/span>Elektrisches Design<br \/><\/strong>Das elektrisch beheizte Design verf\u00fcgt \u00fcber Bajonettheizk\u00f6rper, die leicht von au\u00dferhalb des Ofens ausgetauscht werden k\u00f6nnen.<\/p>\n<p><strong><span style=\"color: #e31300;\">\/\u00a0<\/span>Gasdesign<br \/><\/strong>Die gasbefeuerte Ausf\u00fchrung ist mit schleudergusslegierten Strahlrohren und einem kompletten Verbrennungssystem ausgestattet.<\/p>\n<p><strong><span style=\"color: #e31300;\">\/\u00a0<\/span>Retorte<br \/><\/strong>Die freitragende, einteilige Gussretorte wird an einem Ende abgest\u00fctzt und am&nbsp;Chargenende des Ofens abgedichtet. In&nbsp;hei\u00dfen Bereichen oder am&nbsp;Auslaufende gibt es&nbsp;keine Dichtungen oder Lager.<\/p>\n<p><strong><span style=\"color: #e31300;\">\/\u00a0<\/span>Drehmechanismus<br \/><\/strong>Schneckeng\u00e4nge bef\u00f6rdern die Teile sanft und leise durch den Ofen. Die Drehung der Retorte verf\u00fcgt \u00fcber eine Vielzahl von Geschwindigkeitseinstellungen, um eine vollst\u00e4ndige Flexibilit\u00e4t der Zeitverarbeitungszyklen zu gew\u00e4hrleisten.<\/p>\n<p><strong><span style=\"color: #e31300;\">\/\u00a0<\/span>Atmosph\u00e4rendicht<br \/><\/strong>Die Retorte wird durch ein abgedichtetes Lager unterst\u00fctzt, und die Abschreckung ist am&nbsp;Ofen angeflanscht. Nur die kleine Ladent\u00fcr \u00f6ffnet sich kurzzeitig bei jeder Drehung der Retorte.<\/p>\n<p><strong><span style=\"color: #e31300;\">\/\u00a0<\/span>Wartungsarm<br \/><\/strong>Es&nbsp;werden keine K\u00f6rbe oder Ablagen ben\u00f6tigt. Die Retorte ist das einzige bewegliche Teil, das der Hitze ausgesetzt ist.<\/p>\n<p><strong><span style=\"color: #e31300;\">\/\u00a0<\/span>Automatisierung<br \/><\/strong>Die W\u00e4rmebehandlung erfolgt vollautomatisch nach dem Laden der Teile.<\/p>\n<p><strong><span style=\"color: #e31300;\">\/\u00a0<\/span>Keine Gruben<br \/><\/strong>Das System ben\u00f6tigt keine Gruben oder spezielle Fundamente; es&nbsp;ist f\u00fcr die Installation auf Bodenniveau konzipiert.<\/p>\n<p><span style=\"color: #e31300;\">\/\u00a0<\/span><strong>Hervorragendes Materialbehandlung<br \/><\/strong>Die interne Flugbef\u00f6rderung durch die Ofenretorte und die mechanikfreie Fl\u00fcssigkeitsbef\u00f6rderung durch das Abschreckbad minimieren Verluste, Vermischungen oder Besch\u00e4digungen.<\/p>\n<p>[\/et_pb_tab][et_pb_tab title=&#8220;Processe&#8220; _builder_version=&#8220;4.23.1&#8243; global_colors_info=&#8220;{}&#8220;]<\/p>\n<p><strong><span style=\"color: #e31300;\">\/\u00a0<\/span><\/strong>H\u00e4rten<br \/><strong><span style=\"color: #e31300;\">\/<\/span><\/strong> Karbonitrieren<br \/><strong><span style=\"color: #e31300;\">\/\u00a0<\/span><\/strong>Aufkohlen<\/p>\n<p>[\/et_pb_tab][et_pb_tab title=&#8220;Materialien&#8220; _builder_version=&#8220;4.23.1&#8243; global_colors_info=&#8220;{}&#8220;]<\/p>\n<p style=\"text-align: left;\"><strong><span style=\"color: #e31300;\">\/\u00a0<\/span><\/strong>Schrauben<br \/><strong><span style=\"color: #e31300;\">\/\u00a0<\/span><\/strong>Muttern<br \/><strong><span style=\"color: #e31300;\">\/\u00a0<\/span><\/strong>Bolzen<br \/><strong><span style=\"color: #e31300;\">\/\u00a0<\/span><\/strong>N\u00e4gel<br \/><strong><span style=\"color: #e31300;\">\/ <\/span><\/strong>Waschmaschinen und M\u00fcnzen<\/p>\n<p>[\/et_pb_tab][et_pb_tab title=&#8220;Industrien&#8220; _builder_version=&#8220;4.23.1&#8243; global_colors_info=&#8220;{}&#8220;]<\/p>\n<p style=\"text-align: left;\"><strong><span style=\"color: #e31300;\">\/ <\/span><\/strong>Lagerindustrie<strong><span style=\"color: #e31300;\"><br \/>\/<\/span><\/strong> Automobilindustrie<br \/><strong><span style=\"color: #e31300;\">\/\u00a0<\/span><\/strong>Landwirtschaftsindustrie<br \/><strong><span style=\"color: #e31300;\">\/\u00a0<\/span><\/strong>Befestigungselemente<\/p>\n<p>[\/et_pb_tab][\/et_pb_tabs][et_pb_code admin_label=&#8220;crm-rfq-de&#8220; _builder_version=&#8220;4.10.3&#8243; _module_preset=&#8220;default&#8220; global_module=&#8220;123766&#8243; global_colors_info=&#8220;{}&#8220;]<!-- [et_pb_line_break_holder] --><pee style=\"text-align: center;\"><a class=\"small-button smallred\" style=\"font-size: 20px; padding: 20px 60px;\" href=\"https:\/\/www.secowarwick.com\/de\/fordern-sie-hier-ihr-angebot-an\/\"><span style=\"display: block; transform: skew(15deg,0deg); -webkit-transform: skew(15deg,0deg); font-size: 20px; !important\">UM EIN ANGEBOT BITTEN<\/span><\/a><\/pee>[\/et_pb_code][\/et_pb_column][et_pb_column type=&#8220;1_4&#8243; _builder_version=&#8220;4.16&#8243; custom_padding=&#8220;|||&#8220; global_colors_info=&#8220;{}&#8220; custom_padding__hover=&#8220;|||&#8220;][et_pb_gallery gallery_ids=&#8220;83715,83723,87743&#8243; posts_number=&#8220;1&#8243; show_title_and_caption=&#8220;off&#8220; show_pagination=&#8220;off&#8220; zoom_icon_color=&#8220;#e2001a&#8220; module_class=&#8220;seco-products-gallery-new&#8220; _builder_version=&#8220;4.16&#8243; custom_css_overlay_icon=&#8220;content:&#8217;GALERIE ANSEHEN&#8216; !important;&#8220; global_colors_info=&#8220;{}&#8220;][\/et_pb_gallery][et_pb_text admin_label=&#8220;btn_de_premiumlibrary&#8220; module_class=&#8220;premium-library-button&#8220; _builder_version=&#8220;4.23.1&#8243; _module_preset=&#8220;default&#8220; text_orientation=&#8220;center&#8220; global_module=&#8220;157246&#8243; global_colors_info=&#8220;{}&#8220;]<\/p>\n<a href='https:\/\/www.secowarwick.com\/de\/premiuminhalte\/' class='small-button smallred'><span>PREMIUMINHALTE<\/span><\/a>\n<p>[\/et_pb_text][et_pb_text admin_label=&#8220;R&#038;D de&#8220; module_class=&#8220;product_widget_wrap_rd&#8220; _builder_version=&#8220;4.23.1&#8243; _module_preset=&#8220;default&#8220; text_orientation=&#8220;center&#8220; global_module=&#8220;167836&#8243; saved_tabs=&#8220;all&#8220; locked=&#8220;off&#8220; global_colors_info=&#8220;{}&#8220;]<\/p>\n<p><a href=\"https:\/\/www.secowarwick.com\/de\/rd\/\"><span class=\"product_wigtet_name\">R&amp;D<\/span><\/a><\/p>\n<p>[\/et_pb_text][et_pb_text admin_label=&#8220;AUTOMATYKA de&#8220; module_class=&#8220;product_widget_wrap_automation&#8220; _builder_version=&#8220;4.23.1&#8243; _module_preset=&#8220;default&#8220; global_module=&#8220;167905&#8243; saved_tabs=&#8220;all&#8220; locked=&#8220;off&#8220; global_colors_info=&#8220;{}&#8220;]<\/p>\n<p><a href=\"https:\/\/www.secowarwick.com\/de\/service\/automatisierung\/\"><span class=\"product_wigtet_name\">AUTOMATISIERUNG<\/span><\/a><\/p>\n<p>[\/et_pb_text][et_pb_text admin_label=&#8220;SERVICE de&#8220; module_class=&#8220;product_widget_wrap_service&#8220; _builder_version=&#8220;4.23.1&#8243; _module_preset=&#8220;default&#8220; global_module=&#8220;167860&#8243; saved_tabs=&#8220;all&#8220; locked=&#8220;off&#8220; global_colors_info=&#8220;{}&#8220;]<\/p>\n<p><a href=\"https:\/\/www.secowarwick.com\/de\/professionelle-service-dienstleistungen\/\"><span class=\"product_wigtet_name\">SERVICE<\/span><\/a><\/p>\n<p>[\/et_pb_text][et_pb_text admin_label=&#8220;SUPLEMENTALS de&#8220; module_class=&#8220;product_widget_wrap_supleme&#8220; _builder_version=&#8220;4.23.1&#8243; _module_preset=&#8220;default&#8220; global_module=&#8220;167915&#8243; saved_tabs=&#8220;all&#8220; locked=&#8220;off&#8220; global_colors_info=&#8220;{}&#8220;]<\/p>\n<p><span class=\"product_wigtet_name\">ZUSATZSTOFFE:<\/span><\/p>\n<p>[\/et_pb_text][et_pb_text admin_label=&#8220;Product infographic&#8220; module_class=&#8220;suplementals_product_infographic suplementals_wrap&#8220; _builder_version=&#8220;4.23.1&#8243; _module_preset=&#8220;default&#8220; locked=&#8220;off&#8220; global_colors_info=&#8220;{}&#8220;]<\/p>\n<p><a href=\"https:\/\/www.secowarwick.com\/wp-content\/uploads\/2023\/06\/Rotary-Retort-2.jpg\" target=\"_blank\" rel=\"noopener\">Produkt-Infografik<\/a><\/p>\n<p>[\/et_pb_text][et_pb_text admin_label=&#8220;Product movie playlista de&#8220; module_class=&#8220;suplementals_product_movie suplementals_wrap&#8220; _builder_version=&#8220;4.23.1&#8243; _module_preset=&#8220;default&#8220; global_module=&#8220;169661&#8243; saved_tabs=&#8220;all&#8220; locked=&#8220;off&#8220; global_colors_info=&#8220;{}&#8220;]<\/p>\n<p><a href=\"https:\/\/www.youtube.com\/playlist?list=PLa0hhW_hoQqEsIHM5LQtr9h_9UlwGFBO8\" target=\"_blank\" rel=\"noopener\">Produktvideo<\/a><\/p>\n<p>[\/et_pb_text][et_pb_text admin_label=&#8220;dnabook-de&#8220; module_class=&#8220;suplementals_product_dna suplementals_wrap&#8220; _builder_version=&#8220;4.23.1&#8243; _module_preset=&#8220;default&#8220; global_module=&#8220;167874&#8243; saved_tabs=&#8220;all&#8220; locked=&#8220;off&#8220; global_colors_info=&#8220;{}&#8220;]<\/p>\n<p><a href=\"https:\/\/www.secowarwick.com\/wp-content\/uploads\/2025\/07\/DNA_BOOK.pdf\" target=\"_blank\" rel=\"noopener\">DNA\/BOOK<\/a><\/p>\n<p>[\/et_pb_text][et_pb_text admin_label=&#8220;ECO\/BOOK-de&#8220; module_class=&#8220;suplementals_product_eco suplementals_wrap&#8220; _builder_version=&#8220;4.23.1&#8243; _module_preset=&#8220;default&#8220; global_module=&#8220;167797&#8243; locked=&#8220;off&#8220; global_colors_info=&#8220;{}&#8220;]<\/p>\n<p><a href=\"https:\/\/www.secowarwick.com\/wp-content\/uploads\/2023\/06\/ECOBOOK.pdf\" target=\"_blank\" rel=\"noopener\">ECO\/BOOK<\/a><\/p>\n<p>[\/et_pb_text][et_pb_text admin_label=&#8220;product-widget-rfq-de&#8220; module_class=&#8220;product_widget_wrap_rfq-en&#8220; _builder_version=&#8220;4.23.1&#8243; _module_preset=&#8220;default&#8220; global_module=&#8220;186250&#8243; saved_tabs=&#8220;all&#8220; global_colors_info=&#8220;{}&#8220; locked=&#8220;off&#8220;]<\/p>\n<p style=\"text-align: center;\"><a class=\"small-button smallred\" href=\"https:\/\/www.secowarwick.com\/de\/fordern-sie-hier-ihr-angebot-an\/\"><span class=\"product_wigtet_name\">FRAGE NACH MEHR<\/span><\/a><\/p>\n<p>[\/et_pb_text][\/et_pb_column][\/et_pb_row][\/et_pb_section]<\/p>\n","protected":false},"excerpt":{"rendered":"<p>[et_pb_breadcrumbs _builder_version=&#8220;3.6&#8243; global_colors_info=&#8220;{}&#8220;][\/et_pb_breadcrumbs]System von Retorten\u00f6fen Atmosphere\u00f6fen mit Drehretorte zur kontinuierlichen W\u00e4rmebehandlung von Kleinteilen Der Retortenofen mit Drehretorte von SECO\/WARWICK wurde entwickelt, um das konstant hohe Abschreckh\u00e4rten aufrechtzuerhalten. Das ist f\u00fcr eine schnelle, wirtschaftliche und gleichm\u00e4\u00dfige W\u00e4rmebehandlung von kleinen Bauteilen erforderlich. Er\u00a0bietet die Prozessflexibilit\u00e4t, um in\u00a0den Produktionsumgebungen f\u00fcr Einzel- und Mehrzweckanwendungen verwendet zu werden. Der Retortenofen [&hellip;]<\/p>\n","protected":false},"author":2,"featured_media":87743,"parent":7137,"menu_order":0,"comment_status":"closed","ping_status":"closed","template":"","meta":{"_acf_changed":false,"_et_pb_use_builder":"on","_et_pb_old_content":"","_et_gb_content_width":"","footnotes":""},"class_list":["post-89058","page","type-page","status-publish","has-post-thumbnail"],"acf":[],"_links":{"self":[{"href":"https:\/\/www.secowarwick.com\/de\/wp-json\/wp\/v2\/pages\/89058","targetHints":{"allow":["GET"]}}],"collection":[{"href":"https:\/\/www.secowarwick.com\/de\/wp-json\/wp\/v2\/pages"}],"about":[{"href":"https:\/\/www.secowarwick.com\/de\/wp-json\/wp\/v2\/types\/page"}],"author":[{"embeddable":true,"href":"https:\/\/www.secowarwick.com\/de\/wp-json\/wp\/v2\/users\/2"}],"replies":[{"embeddable":true,"href":"https:\/\/www.secowarwick.com\/de\/wp-json\/wp\/v2\/comments?post=89058"}],"version-history":[{"count":11,"href":"https:\/\/www.secowarwick.com\/de\/wp-json\/wp\/v2\/pages\/89058\/revisions"}],"predecessor-version":[{"id":186290,"href":"https:\/\/www.secowarwick.com\/de\/wp-json\/wp\/v2\/pages\/89058\/revisions\/186290"}],"up":[{"embeddable":true,"href":"https:\/\/www.secowarwick.com\/de\/wp-json\/wp\/v2\/pages\/7137"}],"wp:featuredmedia":[{"embeddable":true,"href":"https:\/\/www.secowarwick.com\/de\/wp-json\/wp\/v2\/media\/87743"}],"wp:attachment":[{"href":"https:\/\/www.secowarwick.com\/de\/wp-json\/wp\/v2\/media?parent=89058"}],"curies":[{"name":"wp","href":"https:\/\/api.w.org\/{rel}","templated":true}]}}