{"id":89541,"date":"2020-02-10T09:58:45","date_gmt":"2020-02-10T08:58:45","guid":{"rendered":"http:\/\/www.secowarwick.com\/vector-3d-vacuum-furnaces\/"},"modified":"2020-03-17T07:55:27","modified_gmt":"2020-03-17T06:55:27","slug":"vector-3d-vakuumoefen","status":"publish","type":"page","link":"https:\/\/www.secowarwick.com\/de\/vector-3d-vakuumoefen\/","title":{"rendered":"Vector 3D"},"content":{"rendered":"<p>[et_pb_section bb_built=&#8220;1&#8243;][et_pb_row][et_pb_column type=&#8220;4_4&#8243;][et_pb_slider _builder_version=&#8220;3.6&#8243;][et_pb_slide _builder_version=&#8220;3.6&#8243; button_link=&#8220;#&#8220; background_color=&#8220;#e2001a&#8220; use_background_color_gradient=&#8220;off&#8220; background_color_gradient_start=&#8220;#2b87da&#8220; background_color_gradient_end=&#8220;#29c4a9&#8243; background_color_gradient_type=&#8220;linear&#8220; background_color_gradient_direction=&#8220;180deg&#8220; background_color_gradient_direction_radial=&#8220;center&#8220; background_color_gradient_start_position=&#8220;0%&#8220; background_color_gradient_end_position=&#8220;100%&#8220; background_color_gradient_overlays_image=&#8220;off&#8220; background_image=&#8220;https:\/\/www.secowarwick.com\/wp-content\/uploads\/2020\/01\/vector3D.jpg&#8220; parallax=&#8220;off&#8220; parallax_method=&#8220;on&#8220; background_size=&#8220;cover&#8220; background_position=&#8220;center&#8220; background_repeat=&#8220;no-repeat&#8220; background_blend=&#8220;normal&#8220; allow_player_pause=&#8220;off&#8220; background_video_pause_outside_viewport=&#8220;on&#8220; use_bg_overlay=&#8220;off&#8220; use_text_overlay=&#8220;off&#8220; text_border_radius=&#8220;3&#8243; alignment=&#8220;center&#8220; child_filter_hue_rotate=&#8220;0deg&#8220; child_filter_saturate=&#8220;100%&#8220; child_filter_brightness=&#8220;100%&#8220; child_filter_contrast=&#8220;100%&#8220; child_filter_invert=&#8220;0%&#8220; child_filter_sepia=&#8220;0%&#8220; child_filter_opacity=&#8220;100%&#8220; child_filter_blur=&#8220;0px&#8220; child_mix_blend_mode=&#8220;normal&#8220; background_layout=&#8220;dark&#8220; text_shadow_style=&#8220;none&#8220; header_text_shadow_style=&#8220;none&#8220; body_text_shadow_style=&#8220;none&#8220; custom_button=&#8220;off&#8220; button_bg_use_color_gradient=&#8220;off&#8220; button_bg_color_gradient_overlays_image=&#8220;off&#8220; button_use_icon=&#8220;on&#8220; button_on_hover=&#8220;on&#8220; button_text_shadow_style=&#8220;none&#8220; box_shadow_style_button=&#8220;none&#8220; \/][\/et_pb_slider][et_pb_text _builder_version=&#8220;3.6&#8243;]<\/p>\n<p>&nbsp;<\/p>\n<p>&nbsp;<\/p>\n<p>[\/et_pb_text][et_pb_text _builder_version=&#8220;3.6&#8243;]<\/p>\n<h1>VECTOR-3D-Vakuum\u00f6fen durchgef\u00fchrt werden, die von SECO\/WARWICK entwickelt und hergestellt werden<\/h1>\n<p>&nbsp;<\/p>\n<p>Vector 3D ist eine Weiterentwicklung des beliebtesten Produkts von SECO\/WARWICK, des Einkammer-Vakuumofens. Diese L\u00f6sung vereint alle Vorteile von Gasabschreckanlagen und erf\u00fcllt dar\u00fcber hinaus neue Anforderungen, die aus dem Markt der Additiven Manufacturing kommen.<\/p>\n<p>Mit Vector 3D k\u00f6nnen Prozesse wie Sintern, Entbinderung, Spannungsarmgl\u00fchen, Alterung oder L\u00f6sungsgl\u00fchen durchgef\u00fchrt werden, die die Schl\u00fcsselprozesse f\u00fcr den 3D-Drucksektor f\u00fcr Metall sind.<\/p>\n<p>[\/et_pb_text][et_pb_text _builder_version=&#8220;3.6&#8243;]<\/p>\n<p>&nbsp;<\/p>\n<p>&nbsp;<\/p>\n<p>&nbsp;<\/p>\n<p>[\/et_pb_text][et_pb_toggle _builder_version=&#8220;3.6&#8243; title=&#8220;Brauche ich einen Ofen f\u00fcr die Prozesse von Metall-3D-Druck?&#8220;]<\/p>\n<p>Eine W\u00e4rmebehandlung ist f\u00fcr den g\u00e4ngigsten Metall-3D-Druck auf dem Markt erforderlich. Die laserbasierte Technologie (EOS, SLM, usw.) bietet die M\u00f6glichkeit, Metallteile zu drucken, diese jedoch weisen oft eine unregelm\u00e4\u00dfige Molekularstruktur auf. Spannungsarmgl\u00fchen- oder Alterungsprozesse helfen, eine gleichm\u00e4\u00dfigere Struktur frei von inneren Spannungen zu erreichen. Im Ergebnis werden gedruckte Elemente weniger dazu neigen, auf unerwartete Weise zu brechen.<br \/>\nIm Hinblick auf die Binder-Jetting-Technologie (ExOne, Desktop Metal, etc.) ist die W\u00e4rmebehandlung nicht nur eine Option, sondern Teil des Druckprozesses. Als Ergebnis des Drucks erhalten wir einen \u201egr\u00fcnen Teil\u201c, der aus einer Kombination von Metallpulver und Bindemittel besteht. Beim Sinterprozess schmilzt das Metallpulver zusammen und das Bindemittel wird entfernt. Es bedeutet, dass der gr\u00fcne Teil nach dem W\u00e4rmebehandlungsprozess zu Metall wird.<br \/>\nBeide Prozesse k\u00f6nnen in VECTOR-3D-Vakuum\u00f6fen durchgef\u00fchrt werden, die von SECO\/WARWICK entwickelt und hergestellt werden. Hochmoderner Vakuumofen, der zus\u00e4tzlich f\u00fcr den Umgang mit Bindemittelpartikeln und Verunreinigungen vorbereitet ist, die beim Sinterprozess auftreten.<\/p>\n<p>[\/et_pb_toggle][et_pb_toggle _builder_version=&#8220;3.6&#8243; title=&#8220;Ich habe bereits einen Vakuumofen. Kann ich ihn auch f\u00fcr 3D-Druckanwendungen verwenden?&#8220; custom_margin=&#8220;25px|||&#8220;]<\/p>\n<p>Vielleicht. Die meisten Vakuum\u00f6fen sind so eingestellt, dass sie Spannungsarmgl\u00fch- oder Alterungsprozesse durchf\u00fchren k\u00f6nnen. Falls die erforderliche Temperatur im Bereich des Ofenbereichs liegt, sollte es keine Probleme geben, diesen Bereich abzudecken. Die Situation wird in Bezug auf die Binderstrahltechnik und die Sinterverfahren komplizierter. Bindemittel verdampft w\u00e4hrend der W\u00e4rmebehandlungsprozesse und diese D\u00e4mpfe k\u00f6nnen sich im kalten Teil des Ofens, im Pumpensystem oder in der Stromdurchf\u00fchrung ansammeln. Im Ergebnis k\u00f6nnte die Lebensdauer einiger Ofenkomponenten verk\u00fcrzt oder sogar ein schwerer Kurzschluss verursacht werden, der zu einem Brand f\u00fchren k\u00f6nnte. Vakuum\u00f6fen wie der VECTOR 3D sind speziell f\u00fcr Binder-Jetting-Prozesse ausgelegt. Sie sind zus\u00e4tzlich mit Schutzsystemen ausgestattet, die dazu beitragen, den Ofen \u00fcber lange Zeit in einem guten Zustand zu halten. Nat\u00fcrlich kann der f\u00fcr das Binder-Jetting konzipierte Ofen auch f\u00fcr alle anderen Prozesse genau wie ein normaler Vakuumofen verwendet werden. Grunds\u00e4tzlich ist der Vakuumofen die bestm\u00f6gliche Ausr\u00fcstung f\u00fcr AM-Anwendungen, jedoch ist nicht jeder Vakuumofen auf die Anforderungen typischer AM-Prozesse vorbereitet.<\/p>\n<p>[\/et_pb_toggle][et_pb_toggle _builder_version=&#8220;3.6&#8243; title=&#8220;Ich habe bereits einen Vakuumofen. Kann ich ihn auch f\u00fcr 3D-Druckanwendungen verwenden?&#8220; custom_margin=&#8220;25px|||&#8220;]<\/p>\n<p>Vielleicht. Die meisten Vakuum\u00f6fen sind so eingestellt, dass sie Spannungsarmgl\u00fch- oder Alterungsprozesse durchf\u00fchren k\u00f6nnen. Falls die erforderliche Temperatur im Bereich des Ofenbereichs liegt, sollte es keine Probleme geben, diesen Bereich abzudecken. Die Situation wird in Bezug auf die Binderstrahltechnik und die Sinterverfahren komplizierter. Bindemittel verdampft w\u00e4hrend der W\u00e4rmebehandlungsprozesse und diese D\u00e4mpfe k\u00f6nnen sich im kalten Teil des Ofens, im Pumpensystem oder in der Stromdurchf\u00fchrung ansammeln. Im Ergebnis k\u00f6nnte die Lebensdauer einiger Ofenkomponenten verk\u00fcrzt oder sogar ein schwerer Kurzschluss verursacht werden, der zu einem Brand f\u00fchren k\u00f6nnte. Vakuum\u00f6fen wie der VECTOR 3D sind speziell f\u00fcr Binder-Jetting-Prozesse ausgelegt. Sie sind zus\u00e4tzlich mit Schutzsystemen ausgestattet, die dazu beitragen, den Ofen \u00fcber lange Zeit in einem guten Zustand zu halten. Nat\u00fcrlich kann der f\u00fcr das Binder-Jetting konzipierte Ofen auch f\u00fcr alle anderen Prozesse genau wie ein normaler Vakuumofen verwendet werden. Grunds\u00e4tzlich ist der Vakuumofen die bestm\u00f6gliche Ausr\u00fcstung f\u00fcr AM-Anwendungen, jedoch ist nicht jeder Vakuumofen auf die Anforderungen typischer AM-Prozesse vorbereitet.<\/p>\n<p>[\/et_pb_toggle][et_pb_toggle _builder_version=&#8220;3.6&#8243; title=&#8220;Ich plane, mehrere Metall-3D-Drucker in verschiedenen Technologien einzusetzen. Kann ich einen Ofen haben, der sie alle verarbeiten kann?&#8220; custom_margin=&#8220;25px|||&#8220;]<\/p>\n<p>Ja. Vakuum\u00f6fen sind universelle Einheiten, die den Gro\u00dfteil des W\u00e4rmebehandlungsprozesses bew\u00e4ltigen k\u00f6nnen. Sintern, Spannungsarmgl\u00fchen, Altern sowie H\u00e4rten, Aufkohlen, Gl\u00fchen, L\u00f6ten, Beschichten, Anlassen und L\u00f6sungsgl\u00fchen k\u00f6nnen in einer Anlage durchgef\u00fchrt werden. Nat\u00fcrlich m\u00fcssen die \u00d6fen in der Entwurfs- und Konstruktionsphase entsprechend konfiguriert werden. Weitere Upgrades k\u00f6nnten zu teuer sein. Da der Ofen in der Regel eine Investition von 10 bis 30 Jahren ist, lohnt es sich immer, \u00fcber unsere Bed\u00fcrfnisse in der Zukunft nachzudenken. Der Vakuumofen VECTOR 3D ist ein perfektes Beispiel f\u00fcr eine Universalanlage, in dem alle W\u00e4rmebehandlungsprozesse durchgef\u00fchrt werden k\u00f6nnen. Zus\u00e4tzlich ist es f\u00fcr den AM-Prozess einschlie\u00dflich der Entbindungssysteme vorbereitet.<\/p>\n<p>[\/et_pb_toggle][et_pb_toggle _builder_version=&#8220;3.6&#8243; title=&#8220;Es gibt viele Arten von \u00d6fen auf dem Markt. Welches ist f\u00fcr Metall-3D-Druckanwendungen am besten?&#8220; custom_margin=&#8220;25px|||&#8220;]<\/p>\n<p>Ja. Vakuum\u00f6fen sind universelle Einheiten, die den Gro\u00dfteil des W\u00e4rmebehandlungsprozesses bew\u00e4ltigen k\u00f6nnen. Sintern, Spannungsarmgl\u00fchen, Altern sowie H\u00e4rten, Aufkohlen, Gl\u00fchen, L\u00f6ten, Beschichten, Anlassen und L\u00f6sungsgl\u00fchen k\u00f6nnen in einer Anlage durchgef\u00fchrt werden. Nat\u00fcrlich m\u00fcssen die \u00d6fen in der Entwurfs- und Konstruktionsphase entsprechend konfiguriert werden. Weitere Upgrades k\u00f6nnten zu teuer sein. Da der Ofen in der Regel eine Investition von 10 bis 30 Jahren ist, lohnt es sich immer, \u00fcber unsere Bed\u00fcrfnisse in der Zukunft nachzudenken. Der Vakuumofen VECTOR 3D ist ein perfektes Beispiel f\u00fcr eine Universalanlage, in dem alle W\u00e4rmebehandlungsprozesse durchgef\u00fchrt werden k\u00f6nnen. Zus\u00e4tzlich ist es f\u00fcr den AM-Prozess einschlie\u00dflich der Entbindungssysteme vorbereitet.<\/p>\n<p>[\/et_pb_toggle][et_pb_toggle _builder_version=&#8220;3.6&#8243; title=&#8220;Der Arbeitsbereich meines Druckers betr\u00e4gt 400x250x250. Soll ich die gleiche Ofengr\u00f6\u00dfe in Betracht ziehen?&#8220; custom_margin=&#8220;25px|||&#8220;]<\/p>\n<p>Vielleicht. F\u00fcr die Herstellung von Prototypen, bei denen der Druckprozess von Zeit zu Zeit stattfindet, k\u00f6nnte dies eine optimale L\u00f6sung sein. Bei mittleren und hohen Produktionsvolumen muss jedoch die Effizienz der Anlagen ber\u00fccksichtigt werden. Die Erh\u00f6hung der Druckgeschwindigkeit ist heutzutage eines der Schl\u00fcsselthemen f\u00fcr alle Druckerhersteller. Im Ergebnis w\u00e4chst die Druckgeschwindigkeit von einem Monat zum anderen. Auf der anderen Seite haben die W\u00e4rmebehandlungsprozesse ihr Maximum erreicht, und die Verbesserung der Geschwindigkeit ist nicht so einfach, da es schwierig ist, die Physik zu \u00fcberlisten. Dies ist der Grund, warum sich Druckeranwender oft f\u00fcr einen gr\u00f6\u00dferen Ofen entscheiden, der mehrere Druckchargen verarbeiten kann. Auf diese Weise kann die Gr\u00f6\u00dfe des Ofens die Geschwindigkeit des Druckers kompensieren. Heute haben die meisten Druckeranwender mehr als ein Ger\u00e4t. Auch das soll in Betracht gezogen werden. \u00d6fen sind in der Regel langzeitige Investitionen. Lassen Sie ihn nicht \u201edas schw\u00e4chste Glied in Ihrer Kette\u201c sein.<\/p>\n<p>Aus diesem Grund wird VECTOR 3D in 4 Standardgr\u00f6\u00dfen angeboten (250x250x400; 400x400x600; 600x600x900 und 900x900x1200). F\u00fcr den Fall, dass der Kundenprozess andere Abmessungen verlangt, ist SECO\/WARWICK immer offen f\u00fcr Sonderanfertigungen. Im Portfolio des Unternehmens finden sich zahlreiche kundenspezifisch konstruierte Anlagen, darunter eine so riesige Konstruktion wie ein 32 m langer Vakuum-Ganzmetallofen mit einer Temperaturgleichm\u00e4\u00dfigkeit von +\/-3\u00b0C oder ein horizontaler Vakuumofen f\u00fcr 120 Tonnen Chargen.<\/p>\n<p>[\/et_pb_toggle][\/et_pb_column][\/et_pb_row][\/et_pb_section]<\/p>\n","protected":false},"excerpt":{"rendered":"<p><div class=\"et_pb_row et_pb_row_0 et_pb_row_empty\">\n\t\t\t\t\n\t\t\t\t\n\t\t\t\t\n\t\t\t\t\n\t\t\t\t\n\t\t\t<\/div> &nbsp; &nbsp; VECTOR-3D-Vakuum\u00f6fen durchgef\u00fchrt werden, die von SECO\/WARWICK entwickelt und hergestellt werden &nbsp; Vector 3D ist eine Weiterentwicklung des beliebtesten Produkts von SECO\/WARWICK, des Einkammer-Vakuumofens. Diese L\u00f6sung vereint alle Vorteile von Gasabschreckanlagen und erf\u00fcllt dar\u00fcber hinaus neue Anforderungen, die aus dem Markt der Additiven Manufacturing kommen. Mit Vector 3D k\u00f6nnen Prozesse wie Sintern, Entbinderung, [&hellip;]<\/p>\n","protected":false},"author":2,"featured_media":0,"parent":0,"menu_order":0,"comment_status":"closed","ping_status":"closed","template":"","meta":{"_acf_changed":false,"_et_pb_use_builder":"on","_et_pb_old_content":"","_et_gb_content_width":"","footnotes":""},"class_list":["post-89541","page","type-page","status-publish"],"acf":[],"_links":{"self":[{"href":"https:\/\/www.secowarwick.com\/de\/wp-json\/wp\/v2\/pages\/89541","targetHints":{"allow":["GET"]}}],"collection":[{"href":"https:\/\/www.secowarwick.com\/de\/wp-json\/wp\/v2\/pages"}],"about":[{"href":"https:\/\/www.secowarwick.com\/de\/wp-json\/wp\/v2\/types\/page"}],"author":[{"embeddable":true,"href":"https:\/\/www.secowarwick.com\/de\/wp-json\/wp\/v2\/users\/2"}],"replies":[{"embeddable":true,"href":"https:\/\/www.secowarwick.com\/de\/wp-json\/wp\/v2\/comments?post=89541"}],"version-history":[{"count":0,"href":"https:\/\/www.secowarwick.com\/de\/wp-json\/wp\/v2\/pages\/89541\/revisions"}],"wp:attachment":[{"href":"https:\/\/www.secowarwick.com\/de\/wp-json\/wp\/v2\/media?parent=89541"}],"curies":[{"name":"wp","href":"https:\/\/api.w.org\/{rel}","templated":true}]}}