{"id":93947,"date":"2020-05-15T12:01:53","date_gmt":"2020-05-15T10:01:53","guid":{"rendered":"http:\/\/www.secowarwick.com\/seco-deals\/uslugi-serwisowe-na-czas-covid-19\/"},"modified":"2025-02-06T09:36:13","modified_gmt":"2025-02-06T08:36:13","slug":"professionelle-service-dienstleistungen-heute-wichtig","status":"publish","type":"page","link":"https:\/\/www.secowarwick.com\/de\/seco-deals-old\/professionelle-service-dienstleistungen-heute-wichtig\/","title":{"rendered":"PROFESSIONELLE SERVICE-DIENSTLEISTUNGEN HEUTE WICHTIG"},"content":{"rendered":"<p>[et_pb_section fb_built=&#8220;1&#8243; _builder_version=&#8220;4.16&#8243; global_colors_info=&#8220;{}&#8220;][et_pb_row _builder_version=&#8220;4.16&#8243; global_colors_info=&#8220;{}&#8220;][et_pb_column type=&#8220;4_4&#8243; _builder_version=&#8220;4.16&#8243; custom_padding=&#8220;|||&#8220; global_colors_info=&#8220;{}&#8220; custom_padding__hover=&#8220;|||&#8220;][et_pb_text _builder_version=&#8220;4.16&#8243; header_3_text_color=&#8220;#ffffff&#8220; global_colors_info=&#8220;{}&#8220;]<\/p>\n<h2>Dienstleistungen von SECO\/WARWICK sind :<\/h2>\n<ul>\n<li>einfach zu installieren,<\/li>\n<li>sicher,<\/li>\n<li>sofort erh\u00e4ltlich,<\/li>\n<li>preislich attraktiv.<\/li>\n<\/ul>\n<p>&nbsp;<\/p>\n<p>Wichtig!<br \/>\n<strong>Diese L\u00f6sungen sind eine praktische und kosteng\u00fcnstige Investition f\u00fcr heute und morgen!<\/strong><br \/>\n[\/et_pb_text][\/et_pb_column][\/et_pb_row][et_pb_row _builder_version=&#8220;4.16&#8243; custom_margin=&#8220;60px|||&#8220; global_colors_info=&#8220;{}&#8220; column_structure=&#8220;1_2,1_2&#8243;][et_pb_column type=&#8220;1_2&#8243; _builder_version=&#8220;4.16&#8243; custom_padding=&#8220;|||&#8220; global_colors_info=&#8220;{}&#8220; custom_padding__hover=&#8220;|||&#8220;][et_pb_text _builder_version=&#8220;4.16&#8243; custom_margin=&#8220;60px|||&#8220; global_colors_info=&#8220;{}&#8220;]<\/p>\n<h2>STARTEN<span style=\"color: #dc291e;\">\/<\/span>DES OFENS NACH EINER PAUSE<\/h2>\n<p>Der Ofen wurde ausgeschaltet? Ein Neustart ist also unerl\u00e4sslich!<\/p>\n<p>Nutzen Sie unsere professionelle Unterst\u00fctzung: aus der Ferne oder vor Ort. Sie entscheiden, wie wir Ihnen helfen.<\/p>\n<p><strong>Verf\u00fcgbarkeit<\/strong>: ab sofort<br \/>\n<strong>Preis<\/strong>: Stundensatz des Fernwartungstechnikers<br \/>\n[\/et_pb_text][\/et_pb_column][et_pb_column type=&#8220;1_2&#8243; _builder_version=&#8220;4.16&#8243; custom_padding=&#8220;|||&#8220; global_colors_info=&#8220;{}&#8220; custom_padding__hover=&#8220;|||&#8220;][et_pb_image src=&#8220;https:\/\/www.secowarwick.com\/wp-content\/uploads\/2020\/05\/restart_furnace.jpg&#8220; align_tablet=&#8220;center&#8220; align_last_edited=&#8220;on|desktop&#8220; _builder_version=&#8220;4.23.1&#8243; hover_enabled=&#8220;0&#8243; global_colors_info=&#8220;{}&#8220; alt=&#8220;STARTEN\/DES OFENS NACH EINER PAUSE&#8220; sticky_enabled=&#8220;0&#8243; align_phone=&#8220;center&#8220;][\/et_pb_image][\/et_pb_column][\/et_pb_row][\/et_pb_section][et_pb_section fb_built=&#8220;1&#8243; _builder_version=&#8220;4.16&#8243; background_color=&#8220;#f8f8f8&#8243; global_colors_info=&#8220;{}&#8220;][et_pb_row _builder_version=&#8220;4.16&#8243; background_size=&#8220;initial&#8220; background_position=&#8220;top_left&#8220; background_repeat=&#8220;repeat&#8220; global_colors_info=&#8220;{}&#8220; column_structure=&#8220;1_2,1_2&#8243;][et_pb_column type=&#8220;1_2&#8243; _builder_version=&#8220;4.16&#8243; custom_padding=&#8220;|||&#8220; global_colors_info=&#8220;{}&#8220; custom_padding__hover=&#8220;|||&#8220;][et_pb_blurb title=&#8220;Sehen Sie, wie es in der Praxis funktioniert&#8220; url=&#8220;http:\/\/www.youtube.com\/watch?v=Rzd8WRQSeGU&#038;feature=emb_title&#8220; image=&#8220;https:\/\/www.secowarwick.com\/wp-content\/uploads\/2020\/05\/uslugi-serwisowe-covid19.jpg&#8220; _builder_version=&#8220;4.23.1&#8243; header_text_align=&#8220;center&#8220; header_font_size=&#8220;14&#8243; animation_style=&#8220;zoom&#8220; hover_enabled=&#8220;0&#8243; custom_css_blurb_title=&#8220;margin-top: -15px;&#8220; global_colors_info=&#8220;{}&#8220; alt=&#8220;FERNUNTERST\u00dcTZUNG\/DURCH DEN SERVICETECHNIKER&#8220; sticky_enabled=&#8220;0&#8243;][\/et_pb_blurb][\/et_pb_column][et_pb_column type=&#8220;1_2&#8243; _builder_version=&#8220;4.16&#8243; custom_padding=&#8220;|||&#8220; global_colors_info=&#8220;{}&#8220; custom_padding__hover=&#8220;|||&#8220;][et_pb_text _builder_version=&#8220;4.16&#8243; custom_margin=&#8220;40px|||&#8220; animation_style=&#8220;slide&#8220; animation_direction=&#8220;right&#8220; global_colors_info=&#8220;{}&#8220;]<\/p>\n<h2>FERNUNTERST\u00dcTZUNG<span style=\"color: #dc291e;\">\/<\/span>DURCH DEN SERVICETECHNIKER<\/h2>\n<p>Kontaktsicherheit ist ein aktuelles Zeitbed\u00fcrfnis, weshalb wir eine Anwendung anbieten, wodurch der Servicetechniker Ihnen helfen kann. Ein Smartphone reicht. Beim SECOWARWICK-Service muss der Servicetechniker nicht in der N\u00e4he des Ger\u00e4ts sein, um zu helfen.<\/p>\n<p><strong>Verf\u00fcgbarkeit<\/strong>: ab sofort<br \/>\n<strong>Preis<\/strong>: Stundensatz des Fernwartungstechnikers<br \/>\n[\/et_pb_text][\/et_pb_column][\/et_pb_row][\/et_pb_section][et_pb_section fb_built=&#8220;1&#8243; _builder_version=&#8220;4.16&#8243; global_colors_info=&#8220;{}&#8220;][et_pb_row _builder_version=&#8220;4.16&#8243; background_size=&#8220;initial&#8220; background_position=&#8220;top_left&#8220; background_repeat=&#8220;repeat&#8220; global_colors_info=&#8220;{}&#8220; column_structure=&#8220;1_2,1_2&#8243;][et_pb_column type=&#8220;1_2&#8243; _builder_version=&#8220;4.16&#8243; custom_padding=&#8220;|||&#8220; global_colors_info=&#8220;{}&#8220; custom_padding__hover=&#8220;|||&#8220;][et_pb_text _builder_version=&#8220;4.16&#8243; global_colors_info=&#8220;{}&#8220;]<\/p>\n<h2>FERNZUGRIFF AUF<span style=\"color: #dc291e;\">\/<\/span>DAS GER\u00c4T<\/h2>\n<p>Fernzugriff ist heute das Schl\u00fcsselwort, die Erwartungen an den Service 4.0 und das Angebot von SECO\/WARWICK. Eine einfache und schnelle L\u00f6sung f\u00fcr Sie! Die gesamte Installation kann gemeinsam aus der Ferne durchgef\u00fchrt werden. In Anbetracht der aktuellen Situation bieten wir einen Rabatt von 20% auf das CISCO-Ger\u00e4t an.<\/p>\n<p><strong>Verf\u00fcgbarkeit:\u00a0<\/strong>Ger\u00e4t auf Lager, Fernkonfiguration, Versand bis zu 3 Arbeitstagen<br \/>\n<strong>Preis<\/strong><strong>:\u00a0<\/strong>Unter Ber\u00fccksichtigung des 20%igen Rabatts betr\u00e4gt der Preis 999\u20ac<br \/>\n[\/et_pb_text][\/et_pb_column][et_pb_column type=&#8220;1_2&#8243; _builder_version=&#8220;4.16&#8243; custom_padding=&#8220;|||&#8220; global_colors_info=&#8220;{}&#8220; custom_padding__hover=&#8220;|||&#8220;][et_pb_image src=&#8220;https:\/\/www.secowarwick.com\/wp-content\/uploads\/2020\/05\/zdalny_dostep-1.jpg&#8220; align_tablet=&#8220;center&#8220; align_last_edited=&#8220;on|desktop&#8220; _builder_version=&#8220;4.23.1&#8243; hover_enabled=&#8220;0&#8243; global_colors_info=&#8220;{}&#8220; alt=&#8220;FERNZUGRIFF AUF\/DAS GER\u00c4T&#8220; sticky_enabled=&#8220;0&#8243; align_phone=&#8220;center&#8220;][\/et_pb_image][\/et_pb_column][\/et_pb_row][\/et_pb_section][et_pb_section fb_built=&#8220;1&#8243; _builder_version=&#8220;4.16&#8243; background_color=&#8220;#f8f8f8&#8243; global_colors_info=&#8220;{}&#8220;][et_pb_row _builder_version=&#8220;4.16&#8243; background_size=&#8220;initial&#8220; background_position=&#8220;top_left&#8220; background_repeat=&#8220;repeat&#8220; global_colors_info=&#8220;{}&#8220; column_structure=&#8220;1_2,1_2&#8243;][et_pb_column type=&#8220;1_2&#8243; _builder_version=&#8220;4.16&#8243; custom_padding=&#8220;|||&#8220; global_colors_info=&#8220;{}&#8220; custom_padding__hover=&#8220;|||&#8220;][et_pb_image src=&#8220;https:\/\/www.secowarwick.com\/wp-content\/uploads\/2020\/05\/goraca_linia-1.jpg&#8220; align_tablet=&#8220;center&#8220; align_last_edited=&#8220;on|desktop&#8220; _builder_version=&#8220;4.23.1&#8243; hover_enabled=&#8220;0&#8243; global_colors_info=&#8220;{}&#8220; alt=&#8220;HOTLINE\/MIT BERATER&#8220; sticky_enabled=&#8220;0&#8243; align_phone=&#8220;center&#8220;][\/et_pb_image][\/et_pb_column][et_pb_column type=&#8220;1_2&#8243; _builder_version=&#8220;4.16&#8243; custom_padding=&#8220;|||&#8220; global_colors_info=&#8220;{}&#8220; custom_padding__hover=&#8220;|||&#8220;][et_pb_text _builder_version=&#8220;4.16&#8243; custom_margin=&#8220;60px|||&#8220; global_colors_info=&#8220;{}&#8220;]<\/p>\n<h2>HOTLINE<span style=\"color: #dc291e;\">\/<\/span>MIT BERATER<\/h2>\n<p>Unsere Berater, Spezialisten, Servicetechniker sind f\u00fcr Sie da. Erh\u00e4ltlich von Montag bis Freitag von 7.00-20.00 Uhr\/Samstag 8.00-18.00h. Rufen Sie unsere Hotline an: HOT LINE +49\u00a0151\u00a0402 10 394<\/p>\n<p>Hier k\u00f6nnen Sie eine Betriebsst\u00f6rung, Alarme und anderen dringenden Servicebedarf melden.<\/p>\n<p><strong>Verf\u00fcgbarkeit<\/strong>: innerhalb der vorgegebenen Arbeitszeiten<br \/>\n<strong>Preis<\/strong>: Stundensatz des Fernwartungstechnikers<br \/>\n[\/et_pb_text][\/et_pb_column][\/et_pb_row][\/et_pb_section][et_pb_section fb_built=&#8220;1&#8243; _builder_version=&#8220;4.16&#8243; global_colors_info=&#8220;{}&#8220;][et_pb_row _builder_version=&#8220;4.16&#8243; background_size=&#8220;initial&#8220; background_position=&#8220;top_left&#8220; background_repeat=&#8220;repeat&#8220; global_colors_info=&#8220;{}&#8220; column_structure=&#8220;1_2,1_2&#8243;][et_pb_column type=&#8220;1_2&#8243; _builder_version=&#8220;4.16&#8243; custom_padding=&#8220;|||&#8220; global_colors_info=&#8220;{}&#8220; custom_padding__hover=&#8220;|||&#8220;][et_pb_text _builder_version=&#8220;4.16&#8243; custom_margin=&#8220;60px|||&#8220; global_colors_info=&#8220;{}&#8220;]<\/p>\n<h2>SERVICE- UND<span style=\"color: #dc291e;\">\/<\/span>VERKAUFSBESUCHE<\/h2>\n<p>Sollte eine Fernl\u00f6sung nicht m\u00f6glich sein, kommen unsere Servicetechniker zu Ihnen. Alles wird mit voller Bioversicherung und unter Ber\u00fccksichtigung der Verfahren Ihres Unternehmens durchgef\u00fchrt.<\/p>\n<p><strong>Verf\u00fcgbarkeit: <\/strong>wird individuell festgelegt<br \/>\n<strong>Preis: <\/strong>individueller Kostenvoranschlag je nach dem Arbeitsumfang<br \/>\n[\/et_pb_text][\/et_pb_column][et_pb_column type=&#8220;1_2&#8243; _builder_version=&#8220;4.16&#8243; custom_padding=&#8220;|||&#8220; global_colors_info=&#8220;{}&#8220; custom_padding__hover=&#8220;|||&#8220;][et_pb_image src=&#8220;https:\/\/www.secowarwick.com\/wp-content\/uploads\/2020\/05\/zdalny_dostep-1.jpg&#8220; align_tablet=&#8220;center&#8220; align_last_edited=&#8220;on|desktop&#8220; _builder_version=&#8220;4.23.1&#8243; hover_enabled=&#8220;0&#8243; global_colors_info=&#8220;{}&#8220; alt=&#8220;SERVICE- UND\/VERKAUFSBESUCHE&#8220; sticky_enabled=&#8220;0&#8243; align_phone=&#8220;center&#8220;][\/et_pb_image][\/et_pb_column][\/et_pb_row][\/et_pb_section]<\/p>\n","protected":false},"excerpt":{"rendered":"<p>Dienstleistungen von SECO\/WARWICK sind : einfach zu installieren, sicher, sofort erh\u00e4ltlich, preislich attraktiv. &nbsp; Wichtig! Diese L\u00f6sungen sind eine praktische und kosteng\u00fcnstige Investition f\u00fcr heute und morgen! STARTEN\/DES OFENS NACH EINER PAUSE Der Ofen wurde ausgeschaltet? Ein Neustart ist also unerl\u00e4sslich! Nutzen Sie unsere professionelle Unterst\u00fctzung: aus der Ferne oder vor Ort. Sie entscheiden, wie [&hellip;]<\/p>\n","protected":false},"author":2,"featured_media":0,"parent":84826,"menu_order":0,"comment_status":"closed","ping_status":"closed","template":"","meta":{"_acf_changed":false,"_et_pb_use_builder":"on","_et_pb_old_content":"","_et_gb_content_width":"","footnotes":""},"class_list":["post-93947","page","type-page","status-publish"],"acf":[],"_links":{"self":[{"href":"https:\/\/www.secowarwick.com\/de\/wp-json\/wp\/v2\/pages\/93947","targetHints":{"allow":["GET"]}}],"collection":[{"href":"https:\/\/www.secowarwick.com\/de\/wp-json\/wp\/v2\/pages"}],"about":[{"href":"https:\/\/www.secowarwick.com\/de\/wp-json\/wp\/v2\/types\/page"}],"author":[{"embeddable":true,"href":"https:\/\/www.secowarwick.com\/de\/wp-json\/wp\/v2\/users\/2"}],"replies":[{"embeddable":true,"href":"https:\/\/www.secowarwick.com\/de\/wp-json\/wp\/v2\/comments?post=93947"}],"version-history":[{"count":1,"href":"https:\/\/www.secowarwick.com\/de\/wp-json\/wp\/v2\/pages\/93947\/revisions"}],"predecessor-version":[{"id":170582,"href":"https:\/\/www.secowarwick.com\/de\/wp-json\/wp\/v2\/pages\/93947\/revisions\/170582"}],"up":[{"embeddable":true,"href":"https:\/\/www.secowarwick.com\/de\/wp-json\/wp\/v2\/pages\/84826"}],"wp:attachment":[{"href":"https:\/\/www.secowarwick.com\/de\/wp-json\/wp\/v2\/media?parent=93947"}],"curies":[{"name":"wp","href":"https:\/\/api.w.org\/{rel}","templated":true}]}}