{"id":97052,"date":"2020-07-14T14:18:49","date_gmt":"2020-07-14T12:18:49","guid":{"rendered":"http:\/\/www.secowarwick.com\/?page_id=97052"},"modified":"2025-12-05T10:29:35","modified_gmt":"2025-12-05T09:29:35","slug":"pit-lpc-vakuumgrubenofen-zum-aufkohlen-dicker-schichten-fuer-grosse-details","status":"publish","type":"page","link":"https:\/\/www.secowarwick.com\/de\/produkte\/vakuum-anlagen\/pit-lpc-vakuumgrubenofen-zum-aufkohlen-dicker-schichten-fuer-grosse-details\/","title":{"rendered":"Vakuum-Schachtofen zum Niederdrucksaufkohlen von dicken Schichten f\u00fcr massive und L\u00e4ngsteile &#8211; Pit-LPC"},"content":{"rendered":"<p>[et_pb_section fb_built=&#8220;1&#8243; _builder_version=&#8220;4.16&#8243; global_colors_info=&#8220;{}&#8220;][et_pb_row _builder_version=&#8220;4.16&#8243; background_size=&#8220;initial&#8220; background_position=&#8220;top_left&#8220; background_repeat=&#8220;repeat&#8220; global_colors_info=&#8220;{}&#8220;][et_pb_column type=&#8220;4_4&#8243; _builder_version=&#8220;4.16&#8243; custom_padding=&#8220;|||&#8220; global_colors_info=&#8220;{}&#8220; custom_padding__hover=&#8220;|||&#8220;][et_pb_image src=&#8220;https:\/\/www.secowarwick.com\/wp-content\/uploads\/2020\/09\/Pit-LPC-slider.jpg&#8220; alt=&#8220;Vakuum-Schachtofen zum Niederdrucksaufkohlen von dicken Schichten f\u00fcr massive und L\u00e4ngsteile &#8211; Pit-LPC&#8220; title_text=&#8220;Vakuum-Schachtofen zum Niederdrucksaufkohlen von dicken Schichten f\u00fcr massive und L\u00e4ngsteile &#8211; Pit-LPC&#8220; align_tablet=&#8220;center&#8220; align_phone=&#8220;&#8220; align_last_edited=&#8220;on|desktop&#8220; _builder_version=&#8220;4.16&#8243; global_colors_info=&#8220;{}&#8220;][\/et_pb_image][\/et_pb_column][\/et_pb_row][et_pb_row column_structure=&#8220;3_4,1_4&#8243; _builder_version=&#8220;4.16&#8243; global_colors_info=&#8220;{}&#8220;][et_pb_column type=&#8220;3_4&#8243; _builder_version=&#8220;4.16&#8243; custom_padding=&#8220;|||&#8220; global_colors_info=&#8220;{}&#8220; custom_padding__hover=&#8220;|||&#8220;][et_pb_breadcrumbs _builder_version=&#8220;3.6&#8243; global_colors_info=&#8220;{}&#8220;][\/et_pb_breadcrumbs][et_pb_text module_class=&#8220;podtytuly&#8220; _builder_version=&#8220;4.23.1&#8243; hover_enabled=&#8220;0&#8243; global_colors_info=&#8220;{}&#8220; sticky_enabled=&#8220;0&#8243;]<\/p>\n<h1>Vakuum-Schachtofen zum Niederdrucksaufkohlen von dicken Schichten f\u00fcr massive und L\u00e4ngsteile &#8211; Pit-LPC<\/h1>\n<h2>Pit-Vakuum-Tief\u00f6fen zur Niederdruckaufkohlung (LPC).<\/h2>\n<p style=\"text-align: justify;\">Pit-LPC &#8211; eine Alternative zur <strong>Gasaufkohlung<\/strong>, die bereits ihre maximale Kapazit\u00e4t erreicht hat. Pit-LPC &#8211; Kostensenkung, Sorge um die \u00d6kologie, erh\u00f6hte Produktion, all dies ist m\u00f6glich, indem der Prozess im\u00a0<a href=\"https:\/\/www.secowarwick.com\/de\/produkte\/vakuum-anlagen\/\">Vakuum<\/a> bei h\u00f6heren Temperaturen durchgef\u00fchrt wird.<br \/>Die neueste L\u00f6sung erf\u00fcllt h\u00f6chste \u00f6kologische Standards und erh\u00f6ht zudem die Arbeitssicherheit durch den Verzicht auf den Einsatz von Erdgas. Die hohe Homogenit\u00e4t des Prozesses hat einen direkten Einfluss auf die Dicke der aufgekohlten Schicht und damit auf die Qualit\u00e4t des Werkst\u00fccks.<\/p>\n<h3>Sehen, was andere nicht sehen &#8211; Markt- und Wirtschaftsvorteile gewinnen<\/h3>\n<p><span style=\"color: #ff0000;\"><strong>\/<\/strong>\u00a0<\/span>Senkung der Produktions- und Dienstleistungskosten<br \/><strong><span style=\"color: #ff0000;\">\/ <\/span><\/strong>Zeit sparen und Produktivit\u00e4t steigern<br \/><strong><span style=\"color: #ff0000;\">\/ <\/span><\/strong>Mit einem k\u00fcrzeren Prozess umweltfreundlich sein<\/p>\n<p>[\/et_pb_text][et_pb_tabs module_class=&#8220;red-tabs eco-tab6&#8243; _builder_version=&#8220;4.23.1&#8243; custom_css_main_element=&#8220;margin-top: 2rem;||margin-bottom: 2rem;&#8220; global_colors_info=&#8220;{}&#8220;][et_pb_tab title=&#8220;\u00dcberblick&#8220; _builder_version=&#8220;4.23.1&#8243; global_colors_info=&#8220;{}&#8220;]<\/p>\n<h2>Was ist Pit-LPC?<\/h2>\n<p style=\"text-align: justify;\"><strong><span style=\"color: #ff0000;\">\/ <\/span><\/strong>Wir passen unseren Ofen an Ihre Bed\u00fcrfnisse an, so dass er\u00a0leicht in\u00a0den Sockel eines alten Atmosph\u00e4renofens eingebaut werden kann<span style=\"color: #0d0d0d;\"><br \/><\/span><strong><span style=\"color: #ff0000;\">\/ <\/span><\/strong>Diese Anlage eignet sich speziell f\u00fcr: Hersteller, die gro\u00dfe Bauteile aufkohlen, wie z.B.: Zahnr\u00e4der, Lagerlaufbahnen, Schneidwerkzeug und andere Bauteile, die dicke Aufkohlungsschichten erfordern<br \/><strong><span style=\"color: #ff0000;\">\/ <\/span><\/strong>Es\u00a0ist ein Ger\u00e4t f\u00fcr Kunden, die Kosten durch die Eliminierung unn\u00f6tiger Medien senken wollen<br \/><strong><span style=\"color: #ff0000;\">\/ <\/span><\/strong>Es\u00a0ist ein Ger\u00e4t f\u00fcr Unternehmen, die die Produktionseffizienz unter Beibehaltung h\u00f6chster \u00f6kologischer Standards steigern wollen<br \/><span style=\"color: #ff0000;\"><strong>\/<\/strong>\u00a0<\/span>Pit-LPC eignet sich f\u00fcr Unternehmen, die ihre Produktion erh\u00f6hen wollen, ohne zus\u00e4tzliche Ausr\u00fcstung kaufen zu m\u00fcssen (1 Pit-LPC= 3 Atmosph\u00e4ren\u00f6fen) oder die Produktionsfl\u00e4che durch den Austausch von drei Ger\u00e4ten durch eines sparen wollen<\/p>\n<p>[\/et_pb_tab][et_pb_tab title=&#8220;Eigenschaften&#8220; _builder_version=&#8220;4.23.1&#8243; global_colors_info=&#8220;{}&#8220;]<\/p>\n<h2>Pit-LPC bietet u.a.:<\/h2>\n<p><strong><span style=\"color: #ff0000;\">\/ <\/span><\/strong>Effektives und effizientes Aufkohlen<br \/><strong><span style=\"color: #ff0000;\">\/ <\/span><\/strong>Zeitersparnis<br \/><strong><span style=\"color: #ff0000;\">\/ <\/span><\/strong>Energieeinsparung<br \/><strong><span style=\"color: #ff0000;\">\/ <\/span><\/strong>Raumersparnis<br \/><span style=\"color: #ff0000;\"><strong>\/<\/strong>\u00a0<\/span>Gr\u00f6\u00dfere Betriebssicherheit<\/p>\n<p>Pit-LPC erf\u00fcllt die h\u00f6chsten \u00f6kologischen Standards<\/p>\n<p>[\/et_pb_tab][et_pb_tab title=&#8220;Vorteile&#8220; _builder_version=&#8220;4.23.1&#8243; global_colors_info=&#8220;{}&#8220;]<\/p>\n<p><strong><span style=\"color: #e31300;\">\/ <\/span><\/strong>H\u00f6chste Qualit\u00e4t und Einheitlichkeit der Prozesse<br \/><strong><span style=\"color: #ff0000;\">\/ <\/span><\/strong>Ausgezeichnete Oberfl\u00e4chenqualit\u00e4t<br \/><strong><span lang=\"pl-PL\"><span style=\"color: #ff0000;\">\/ <\/span><\/span><\/strong>Kein Oberfl\u00e4chenoxidationseffekt (IGO)<br \/><strong><span lang=\"pl-PL\"><span style=\"color: #ff0000;\">\/ <\/span><\/span><\/strong>Reduzierung auf ein Minimum der notwendigen Medien = Einsparungen<br \/><strong><span style=\"color: #ff0000;\">\/ <\/span><\/strong>Schneller Hochtemperatur-Prozess<br \/><strong><span style=\"color: #ff0000;\">\/ <\/span><\/strong>Minimaler Verbrauch von Prozessgasen<br \/><strong><span lang=\"pl-PL\"><span style=\"color: #ff0000;\">\/ <\/span><\/span><\/strong>Zeitersparnis, da die Prozessatmosph\u00e4re nicht vorbereitet werden muss<br \/><strong><span lang=\"pl-PL\"><span style=\"color: #ff0000;\">\/ <\/span><\/span><\/strong>Schneller Prozessbeginn ohne Sp\u00fclen oder Konditionierung der Atmosph\u00e4re wie bei Atmosph\u00e4ren\u00f6fen<br \/><strong><span lang=\"pl-PL\"><span style=\"color: #ff0000;\">\/ <\/span><\/span><\/strong>Sicherheit=&gt; keine brennbare oder explosive Atmosph\u00e4re<br \/><strong><span lang=\"pl-PL\"><span style=\"color: #ff0000;\">\/ <\/span><\/span><\/strong>Geringe W\u00e4rmeabgabe und keine Verschmutzung (CO\u00a0&amp; CO2)<br \/><strong><span style=\"color: #ff0000;\">\/ <\/span><\/strong>Reiner Prozess<br \/><strong><span style=\"color: #ff0000;\">\/<\/span><\/strong> ECO Friendly<\/p>\n<p>[\/et_pb_tab][et_pb_tab title=&#8220;Parameter&#8220; _builder_version=&#8220;4.23.1&#8243; global_colors_info=&#8220;{}&#8220;]<\/p>\n<p><img decoding=\"async\" class=\"alignnone wp-image-97040 size-large\" src=\"https:\/\/www.secowarwick.com\/wp-content\/uploads\/2020\/06\/niemiecka-wersja-1024x698.png\" alt=\"PIT LPC Parametertabelle\" width=\"1024\" height=\"698\" srcset=\"https:\/\/www.secowarwick.com\/wp-content\/uploads\/2020\/06\/niemiecka-wersja-1024x698.png 1024w, https:\/\/www.secowarwick.com\/wp-content\/uploads\/2020\/06\/niemiecka-wersja-150x102.png 150w, https:\/\/www.secowarwick.com\/wp-content\/uploads\/2020\/06\/niemiecka-wersja-300x205.png 300w, https:\/\/www.secowarwick.com\/wp-content\/uploads\/2020\/06\/niemiecka-wersja-768x524.png 768w, https:\/\/www.secowarwick.com\/wp-content\/uploads\/2020\/06\/niemiecka-wersja-1080x737.png 1080w, https:\/\/www.secowarwick.com\/wp-content\/uploads\/2020\/06\/niemiecka-wersja.png 1535w\" sizes=\"(max-width: 1024px) 100vw, 1024px\" \/><\/p>\n<p>[\/et_pb_tab][et_pb_tab title=&#8220;Materialen&#8220; _builder_version=&#8220;4.23.1&#8243; global_colors_info=&#8220;{}&#8220;]<\/p>\n<p>St\u00e4hle und Legierungen, die unter Beibehaltung eines plastischen Kerns aufgekohlt werden m\u00fcssen,18CrNiMo7-6<\/p>\n<p>[\/et_pb_tab][et_pb_tab title=&#8220;Industrien&#8220; _builder_version=&#8220;4.23.1&#8243; global_colors_info=&#8220;{}&#8220;]<\/p>\n<h2>Pit-LPC wird bei der Herstellung von:<\/h2>\n<p lang=\"en-US\"><strong><span style=\"color: #ff0000;\">\/ <\/span><\/strong>Zahnr\u00e4dern<br \/><strong><span style=\"color: #ff0000;\">\/ <\/span><\/strong>Lagerlaufbahnen<br \/><strong><span style=\"color: #ff0000;\">\/ <\/span><\/strong>Schneidwerkzeugen und langen schlanken Bauteilen<br \/><span style=\"color: #ff0000;\"><strong>\/<\/strong> <\/span>Die eine vertikale Bearbeitung erfordern<br \/><strong><span style=\"color: #ff0000;\">\/<\/span><\/strong> Eingesetzt<\/p>\n<p>[\/et_pb_tab][et_pb_tab title=&#8220; &#8220; _builder_version=&#8220;4.23.1&#8243; _module_preset=&#8220;default&#8220; global_colors_info=&#8220;{}&#8220;]<\/p>\n<p><strong><span style=\"color: #dc291e;\">\/ <\/span><\/strong>Keine interkristalline Korrosion (keine zus\u00e4tzliche mechanische Bearbeitung)<br \/><strong><span style=\"color: #dc291e;\">\/ <\/span><\/strong>Keine Notwendigkeit f\u00fcr Schutzgase (geringere Kosten und Emissionen)<br \/><strong><span style=\"color: #dc291e;\">\/ <\/span><\/strong>Minimaler Prozessgasverbrauch (Kosteneinsparung)<br \/><strong><span style=\"color: #dc291e;\">\/ <\/span><\/strong>Keine offene Flamme, keine Brand- und Explosionsgef\u00e4hrdung (Sicherheit)<br \/><strong><span style=\"color: #dc291e;\">\/ <\/span><\/strong>Sauberer Prozess, keine Reinigung notwendig<br \/><strong><span style=\"color: #dc291e;\">\/ <\/span><\/strong>Niedrige W\u00e4rmeemissionen und von Nebenprodukten (begrenzte Folgen der globalen Erw\u00e4rmung)<br \/><strong><span style=\"color: #dc291e;\">\/ <\/span><\/strong>Umweltfreundlich (Null-Verschmutzung)<br \/><strong><span style=\"color: #dc291e;\">\/ <\/span><\/strong>Keine CO2-Emissionen<\/p>\n<h2>Verst\u00e4rkte w\u00e4rmed\u00e4mmung<\/h2>\n<p>W\u00e4rmeenergieverluste durch Isolierung sind ein wesentlicher Bestandteil des Stromverbrauchs eines Ofens und damit der Prozesskosten.<\/p>\n<h2>Elektromotoren gem\u00e4ss leistungsklasse IE3 (premium wirkungsgrad)<\/h2>\n<p>Die Verbesserung bestehender Anlagen und industrieller Prozesse, um den Stromverbrauch zu reduzieren, ergibt sich aus der Sorge um die Umwelt. Eine solche Verbesserung ist die Anforderung f\u00fcr den maximalen Wirkungsgrad von Elektromotoren.<\/p>\n<p>SECO\/WARWICK hat Elektromotoren gem\u00e4ss Leistungsklasse IE3 (Premium Wirkungsgrad) auf den Markt gebracht \u2013 f\u00fcr: Motoren f\u00fcr Vakuumpumpen und Getriebemotoren.<\/p>\n<h2>Antriebe mit variabler frequenz (VFD) f\u00fcr motoren<\/h2>\n<p>Der Einsatz eines VFDs (eines Variablen Frequenzantriebs) zur Steuerung von Elektromotoren ist die beste L\u00f6sung f\u00fcr einen effizienten und effektiven Betrieb von Motoren sowie eine sparsame Stromverwaltung. Die \u00f6kologischen Vorteile sind wie folgt:<\/p>\n<p><strong><span style=\"color: #dc291e;\">\/ <\/span><\/strong>Steigerung des Motorwirkungsgrads<br \/><strong><span style=\"color: #dc291e;\">\/ <\/span><\/strong>Verbesserung der Stromeffizienz (Erh\u00f6hung des Leistungsfaktors)<br \/><strong><span style=\"color: #dc291e;\">\/ <\/span><\/strong>Keine \u00dcberlastung des Stromnetzes mit Motoranlaufstr\u00f6men<br \/><strong><span style=\"color: #dc291e;\">\/ <\/span><\/strong>Sanfter Motorstart<br \/><strong><span style=\"color: #dc291e;\">\/ <\/span><\/strong>Volle Motordrehzahlkontrolle, optimale Stromnutzung<br \/><strong><span style=\"color: #dc291e;\">\/ <\/span><\/strong>Verl\u00e4ngerung der Lebensdauer des Motors<\/p>\n<p>[\/et_pb_tab][\/et_pb_tabs][et_pb_code admin_label=&#8220;crm-rfq-de&#8220; _builder_version=&#8220;4.10.3&#8243; _module_preset=&#8220;default&#8220; global_module=&#8220;123766&#8243; global_colors_info=&#8220;{}&#8220;]<!-- [et_pb_line_break_holder] --><pee style=\"text-align: center;\"><a class=\"small-button smallred\" style=\"font-size: 20px; padding: 20px 60px;\" href=\"https:\/\/www.secowarwick.com\/de\/fordern-sie-hier-ihr-angebot-an\/\"><span style=\"display: block; transform: skew(15deg,0deg); -webkit-transform: skew(15deg,0deg); font-size: 20px; !important\">UM EIN ANGEBOT BITTEN<\/span><\/a><\/pee>[\/et_pb_code][\/et_pb_column][et_pb_column type=&#8220;1_4&#8243; _builder_version=&#8220;4.16&#8243; custom_padding=&#8220;|||&#8220; global_colors_info=&#8220;{}&#8220; custom_padding__hover=&#8220;|||&#8220;][et_pb_gallery gallery_ids=&#8220;103102,103095,103088&#8243; posts_number=&#8220;1&#8243; show_title_and_caption=&#8220;off&#8220; show_pagination=&#8220;off&#8220; zoom_icon_color=&#8220;#e2001a&#8220; module_class=&#8220;seco-products-gallery-new&#8220; _builder_version=&#8220;4.23.1&#8243; custom_css_overlay_icon=&#8220;content:&#8217;GALERIE ANSEHEN&#8216; !important;&#8220; global_colors_info=&#8220;{}&#8220;][\/et_pb_gallery][et_pb_text admin_label=&#8220;btn_de_premiumlibrary&#8220; module_class=&#8220;premium-library-button&#8220; _builder_version=&#8220;4.23.1&#8243; _module_preset=&#8220;default&#8220; text_orientation=&#8220;center&#8220; global_module=&#8220;157246&#8243; global_colors_info=&#8220;{}&#8220;]<\/p>\n<a href='https:\/\/www.secowarwick.com\/de\/premiuminhalte\/' class='small-button smallred'><span>PREMIUMINHALTE<\/span><\/a>\n<p>[\/et_pb_text][et_pb_text admin_label=&#8220;R&#038;D de&#8220; module_class=&#8220;product_widget_wrap_rd&#8220; _builder_version=&#8220;4.23.1&#8243; _module_preset=&#8220;default&#8220; text_orientation=&#8220;center&#8220; global_module=&#8220;167836&#8243; saved_tabs=&#8220;all&#8220; locked=&#8220;off&#8220; global_colors_info=&#8220;{}&#8220;]<\/p>\n<p><a href=\"https:\/\/www.secowarwick.com\/de\/rd\/\"><span class=\"product_wigtet_name\">R&amp;D<\/span><\/a><\/p>\n<p>[\/et_pb_text][et_pb_text admin_label=&#8220;AUTOMATYKA de&#8220; module_class=&#8220;product_widget_wrap_automation&#8220; _builder_version=&#8220;4.23.1&#8243; _module_preset=&#8220;default&#8220; global_module=&#8220;167905&#8243; saved_tabs=&#8220;all&#8220; locked=&#8220;off&#8220; global_colors_info=&#8220;{}&#8220;]<\/p>\n<p><a href=\"https:\/\/www.secowarwick.com\/de\/service\/automatisierung\/\"><span class=\"product_wigtet_name\">AUTOMATISIERUNG<\/span><\/a><\/p>\n<p>[\/et_pb_text][et_pb_text admin_label=&#8220;SERVICE de&#8220; module_class=&#8220;product_widget_wrap_service&#8220; _builder_version=&#8220;4.23.1&#8243; _module_preset=&#8220;default&#8220; global_module=&#8220;167860&#8243; saved_tabs=&#8220;all&#8220; locked=&#8220;off&#8220; global_colors_info=&#8220;{}&#8220;]<\/p>\n<p><a href=\"https:\/\/www.secowarwick.com\/de\/professionelle-service-dienstleistungen\/\"><span class=\"product_wigtet_name\">SERVICE<\/span><\/a><\/p>\n<p>[\/et_pb_text][et_pb_text admin_label=&#8220;SUPLEMENTALS de&#8220; module_class=&#8220;product_widget_wrap_supleme&#8220; _builder_version=&#8220;4.23.1&#8243; _module_preset=&#8220;default&#8220; global_module=&#8220;167915&#8243; saved_tabs=&#8220;all&#8220; locked=&#8220;off&#8220; global_colors_info=&#8220;{}&#8220;]<\/p>\n<p><span class=\"product_wigtet_name\">ZUSATZSTOFFE:<\/span><\/p>\n<p>[\/et_pb_text][et_pb_text admin_label=&#8220;Product brochure&#8220; module_class=&#8220;suplementals_product_brochure suplementals_wrap&#8220; _builder_version=&#8220;4.23.1&#8243; _module_preset=&#8220;default&#8220; locked=&#8220;off&#8220; global_colors_info=&#8220;{}&#8220;]<\/p>\n<p><a href=\"https:\/\/www.secowarwick.com\/wp-content\/uploads\/2025\/10\/VAC-Pit-LPC-WWW.pdf\" target=\"_blank\" rel=\"noopener\">Produktbrosch\u00fcre<\/a><\/p>\n<p>[\/et_pb_text][et_pb_text admin_label=&#8220;Product catalogue de&#8220; module_class=&#8220;suplementals_product_catalogue suplementals_wrap&#8220; _builder_version=&#8220;4.23.1&#8243; _module_preset=&#8220;default&#8220; global_module=&#8220;169659&#8243; saved_tabs=&#8220;all&#8220; locked=&#8220;off&#8220; global_colors_info=&#8220;{}&#8220;]<\/p>\n<p><a href=\"https:\/\/www.secowarwick.com\/wp-content\/uploads\/2025\/11\/VAC-VACUUM-FURNACE-WWW.pdf\" target=\"_blank\" rel=\"noopener\">Produktkatalog<\/a><\/p>\n<p>[\/et_pb_text][et_pb_text admin_label=&#8220;Product movie playlista de&#8220; module_class=&#8220;suplementals_product_movie suplementals_wrap&#8220; _builder_version=&#8220;4.23.1&#8243; _module_preset=&#8220;default&#8220; global_module=&#8220;169661&#8243; saved_tabs=&#8220;all&#8220; locked=&#8220;off&#8220; global_colors_info=&#8220;{}&#8220;]<\/p>\n<p><a href=\"https:\/\/www.youtube.com\/playlist?list=PLa0hhW_hoQqEsIHM5LQtr9h_9UlwGFBO8\" target=\"_blank\" rel=\"noopener\">Produktvideo<\/a><\/p>\n<p>[\/et_pb_text][et_pb_text admin_label=&#8220;Product infographic&#8220; module_class=&#8220;suplementals_product_infographic suplementals_wrap&#8220; _builder_version=&#8220;4.23.1&#8243; _module_preset=&#8220;default&#8220; locked=&#8220;off&#8220; global_colors_info=&#8220;{}&#8220;]<\/p>\n<p><a href=\"https:\/\/www.secowarwick.com\/wp-content\/uploads\/2023\/06\/PIT-LPC.jpg\" target=\"_blank\" rel=\"noopener\">Produkt-Infografik<\/a><\/p>\n<p>[\/et_pb_text][et_pb_text admin_label=&#8220;dnabook-de&#8220; module_class=&#8220;suplementals_product_dna suplementals_wrap&#8220; _builder_version=&#8220;4.23.1&#8243; _module_preset=&#8220;default&#8220; global_module=&#8220;167874&#8243; saved_tabs=&#8220;all&#8220; locked=&#8220;off&#8220; global_colors_info=&#8220;{}&#8220;]<\/p>\n<p><a href=\"https:\/\/www.secowarwick.com\/wp-content\/uploads\/2025\/07\/DNA_BOOK.pdf\" target=\"_blank\" rel=\"noopener\">DNA\/BOOK<\/a><\/p>\n<p>[\/et_pb_text][et_pb_text admin_label=&#8220;ECO\/BOOK-de&#8220; module_class=&#8220;suplementals_product_eco suplementals_wrap&#8220; _builder_version=&#8220;4.23.1&#8243; _module_preset=&#8220;default&#8220; global_module=&#8220;167797&#8243; locked=&#8220;off&#8220; global_colors_info=&#8220;{}&#8220;]<\/p>\n<p><a href=\"https:\/\/www.secowarwick.com\/wp-content\/uploads\/2023\/06\/ECOBOOK.pdf\" target=\"_blank\" rel=\"noopener\">ECO\/BOOK<\/a><\/p>\n<p>[\/et_pb_text][et_pb_text admin_label=&#8220;product-widget-rfq-de&#8220; module_class=&#8220;product_widget_wrap_rfq-en&#8220; _builder_version=&#8220;4.23.1&#8243; _module_preset=&#8220;default&#8220; global_module=&#8220;186250&#8243; saved_tabs=&#8220;all&#8220; locked=&#8220;off&#8220; global_colors_info=&#8220;{}&#8220;]<\/p>\n<p style=\"text-align: center;\"><a class=\"small-button smallred rfq-gtm-product-widget\" href=\"https:\/\/www.secowarwick.com\/de\/fordern-sie-hier-ihr-angebot-an\/\"><span class=\"product_wigtet_name\">FRAGE NACH MEHR<\/span><\/a><\/p>\n<p>[\/et_pb_text][\/et_pb_column][\/et_pb_row][\/et_pb_section]<\/p>\n","protected":false},"excerpt":{"rendered":"<p>[et_pb_breadcrumbs _builder_version=&#8220;3.6&#8243; global_colors_info=&#8220;{}&#8220;][\/et_pb_breadcrumbs]Vakuum-Schachtofen zum Niederdrucksaufkohlen von dicken Schichten f\u00fcr massive und L\u00e4ngsteile &#8211; Pit-LPC Pit-Vakuum-Tief\u00f6fen zur Niederdruckaufkohlung (LPC). Pit-LPC &#8211; eine Alternative zur Gasaufkohlung, die bereits ihre maximale Kapazit\u00e4t erreicht hat. Pit-LPC &#8211; Kostensenkung, Sorge um die \u00d6kologie, erh\u00f6hte Produktion, all dies ist m\u00f6glich, indem der Prozess im\u00a0Vakuum bei h\u00f6heren Temperaturen durchgef\u00fchrt wird.Die neueste L\u00f6sung [&hellip;]<\/p>\n","protected":false},"author":2,"featured_media":104297,"parent":7218,"menu_order":0,"comment_status":"closed","ping_status":"closed","template":"","meta":{"_acf_changed":false,"_et_pb_use_builder":"on","_et_pb_old_content":"","_et_gb_content_width":"","footnotes":""},"class_list":["post-97052","page","type-page","status-publish","has-post-thumbnail"],"acf":[],"_links":{"self":[{"href":"https:\/\/www.secowarwick.com\/de\/wp-json\/wp\/v2\/pages\/97052","targetHints":{"allow":["GET"]}}],"collection":[{"href":"https:\/\/www.secowarwick.com\/de\/wp-json\/wp\/v2\/pages"}],"about":[{"href":"https:\/\/www.secowarwick.com\/de\/wp-json\/wp\/v2\/types\/page"}],"author":[{"embeddable":true,"href":"https:\/\/www.secowarwick.com\/de\/wp-json\/wp\/v2\/users\/2"}],"replies":[{"embeddable":true,"href":"https:\/\/www.secowarwick.com\/de\/wp-json\/wp\/v2\/comments?post=97052"}],"version-history":[{"count":23,"href":"https:\/\/www.secowarwick.com\/de\/wp-json\/wp\/v2\/pages\/97052\/revisions"}],"predecessor-version":[{"id":188207,"href":"https:\/\/www.secowarwick.com\/de\/wp-json\/wp\/v2\/pages\/97052\/revisions\/188207"}],"up":[{"embeddable":true,"href":"https:\/\/www.secowarwick.com\/de\/wp-json\/wp\/v2\/pages\/7218"}],"wp:featuredmedia":[{"embeddable":true,"href":"https:\/\/www.secowarwick.com\/de\/wp-json\/wp\/v2\/media\/104297"}],"wp:attachment":[{"href":"https:\/\/www.secowarwick.com\/de\/wp-json\/wp\/v2\/media?parent=97052"}],"curies":[{"name":"wp","href":"https:\/\/api.w.org\/{rel}","templated":true}]}}