{"id":99832,"date":"2020-07-13T11:13:16","date_gmt":"2020-07-13T09:13:16","guid":{"rendered":"http:\/\/www.secowarwick.com\/professionelle-service-dienstleistungen\/maintenance\/"},"modified":"2025-10-10T07:58:49","modified_gmt":"2025-10-10T05:58:49","slug":"wartung","status":"publish","type":"page","link":"https:\/\/www.secowarwick.com\/de\/professionelle-service-dienstleistungen\/wartung\/","title":{"rendered":"WARTUNG"},"content":{"rendered":"<p>[et_pb_section fb_built=&#8220;1&#8243; module_class=&#8220;skos-slider-bottom innowacje-top serwis-naglowek-2025&#8243; _builder_version=&#8220;4.23.1&#8243; background_enable_image=&#8220;off&#8220; custom_padding=&#8220;0px||0px|&#8220; locked=&#8220;off&#8220; global_colors_info=&#8220;{}&#8220;][et_pb_row _builder_version=&#8220;4.23.1&#8243; custom_padding=&#8220;0px||0px|&#8220; global_colors_info=&#8220;{}&#8220;][et_pb_column type=&#8220;4_4&#8243; _builder_version=&#8220;4.16&#8243; custom_padding=&#8220;|||&#8220; global_colors_info=&#8220;{}&#8220; custom_padding__hover=&#8220;|||&#8220;][et_pb_text module_class=&#8220;naglowek-innowacje&#8220; _builder_version=&#8220;4.23.1&#8243; header_2_text_color=&#8220;#ffffff&#8220; header_2_font_size=&#8220;35px&#8220; custom_margin=&#8220;||||false|false&#8220; custom_padding_tablet=&#8220;||100px|&#8220; custom_padding_last_edited=&#8220;off|desktop&#8220; global_colors_info=&#8220;{}&#8220;]<\/p>\n<h2><span style=\"color: #000000;\"><span style=\"color: #dc291e;\">\/<\/span>WARTUNG<\/span><\/h2>\n<p>[\/et_pb_text][\/et_pb_column][\/et_pb_row][\/et_pb_section][et_pb_section fb_built=&#8220;1&#8243; _builder_version=&#8220;4.23.1&#8243; custom_margin=&#8220;0px|||&#8220; custom_padding=&#8220;0px|||&#8220; global_colors_info=&#8220;{}&#8220;][et_pb_row column_structure=&#8220;3_4,1_4&#8243; use_custom_gutter=&#8220;on&#8220; gutter_width=&#8220;2&#8243; _builder_version=&#8220;4.23.1&#8243; background_size=&#8220;initial&#8220; background_position=&#8220;top_left&#8220; background_repeat=&#8220;repeat&#8220; custom_margin=&#8220;||0px||false|false&#8220; custom_padding=&#8220;||||false|false&#8220; global_colors_info=&#8220;{}&#8220;][et_pb_column type=&#8220;3_4&#8243; _builder_version=&#8220;4.16&#8243; custom_padding=&#8220;|||&#8220; global_colors_info=&#8220;{}&#8220; custom_padding__hover=&#8220;|||&#8220;][et_pb_breadcrumbs _builder_version=&#8220;4.23.1&#8243; global_colors_info=&#8220;{}&#8220;][\/et_pb_breadcrumbs][et_pb_text _builder_version=&#8220;4.23.1&#8243; custom_margin=&#8220;||||false|false&#8220; custom_padding=&#8220;0px|||&#8220; global_colors_info=&#8220;{}&#8220;]<\/p>\n<h1>WARTUNG<\/h1>\n<p>[\/et_pb_text][\/et_pb_column][et_pb_column type=&#8220;1_4&#8243; _builder_version=&#8220;4.16&#8243; custom_padding=&#8220;|||&#8220; global_colors_info=&#8220;{}&#8220; custom_padding__hover=&#8220;|||&#8220;][\/et_pb_column][\/et_pb_row][et_pb_row column_structure=&#8220;3_4,1_4&#8243; _builder_version=&#8220;4.23.1&#8243; background_size=&#8220;initial&#8220; background_position=&#8220;top_left&#8220; background_repeat=&#8220;repeat&#8220; custom_margin=&#8220;||0px||false|false&#8220; custom_padding=&#8220;0px|||&#8220; global_colors_info=&#8220;{}&#8220;][et_pb_column type=&#8220;3_4&#8243; _builder_version=&#8220;4.16&#8243; custom_padding=&#8220;|||&#8220; global_colors_info=&#8220;{}&#8220; custom_padding__hover=&#8220;|||&#8220;][et_pb_text _builder_version=&#8220;4.23.1&#8243; custom_margin=&#8220;||||false|false&#8220; custom_padding=&#8220;0px|||&#8220; global_colors_info=&#8220;{}&#8220;]<\/p>\n<p>Wir unterst\u00fctzen unsere Kunden wirksam, indem wir den Grad der Zuverl\u00e4ssigkeit und Verf\u00fcgbarkeit unserer Maschinen erh\u00f6hen und Wartungsdienste anbieten, die perfekt auf die Besonderheiten der Arbeit abgestimmt sind. SECO\/WARWICK bietet eine ganze Reihe von m\u00f6glichen Optionen:<\/p>\n<p><strong><span style=\"color: #dc291e;\">\/<\/span>Emergency maintenance<\/strong><\/p>\n<p>Garantie einer sofortigen Reaktion auf jedes Ereignis. Diese Art von Service wird durch eine Rund-um-die-Uhr-Fern\u00fcberwachung und einen kritischen Zugangsweg zu Ersatzteilen unterst\u00fctzt.<\/p>\n<p><strong><span style=\"color: #dc291e;\">\/<\/span>Predictive Maintenance (<a href=\"https:\/\/www.secowarwick.com\/de\/professionelle-service-dienstleistungen\/seco-predictive\/\">SECO\/PREDICTIVE<\/a>)<\/strong><\/p>\n<p>Fortschrittliche Algorithmen der Industrie 4.0 Ein Programm zum Sammeln, Analysieren und Antizipieren potenzieller Ausf\u00e4lle, bevor sie auftreten. Das Ganze wird in\u00a0der Cloud des Kunden bereitgestellt, wobei der Datensicherheit h\u00f6chste Priorit\u00e4t einger\u00e4umt wird.<\/p>\n<p><strong><span style=\"color: #dc291e;\">\/<\/span>Preventive maintenance<\/strong><\/p>\n<p>Aktivit\u00e4ten auf der Grundlage von Inspektionskalendern und Arbeitsperioden, einschlie\u00dflich Subsystemen und individueller Ofenausr\u00fcstung<\/p>\n<p>[\/et_pb_text][\/et_pb_column][et_pb_column type=&#8220;1_4&#8243; _builder_version=&#8220;4.16&#8243; custom_padding=&#8220;|||&#8220; global_colors_info=&#8220;{}&#8220; custom_padding__hover=&#8220;|||&#8220;][et_pb_text admin_label=&#8220;btn_de_premiumlibrary&#8220; module_class=&#8220;premium-library-button&#8220; _builder_version=&#8220;4.23.1&#8243; _module_preset=&#8220;default&#8220; text_orientation=&#8220;center&#8220; global_module=&#8220;157246&#8243; locked=&#8220;off&#8220; global_colors_info=&#8220;{}&#8220;]<\/p>\n<a href='https:\/\/www.secowarwick.com\/de\/premiuminhalte\/' class='small-button smallred'><span>PREMIUMINHALTE<\/span><\/a>\n<p>[\/et_pb_text][et_pb_text admin_label=&#8220;R&#038;D de&#8220; module_class=&#8220;product_widget_wrap_rd&#8220; _builder_version=&#8220;4.23.1&#8243; _module_preset=&#8220;default&#8220; text_orientation=&#8220;center&#8220; global_module=&#8220;167836&#8243; saved_tabs=&#8220;all&#8220; locked=&#8220;off&#8220; global_colors_info=&#8220;{}&#8220;]<\/p>\n<p><a href=\"https:\/\/www.secowarwick.com\/de\/rd\/\"><span class=\"product_wigtet_name\">R&amp;D<\/span><\/a><\/p>\n<p>[\/et_pb_text][et_pb_text admin_label=&#8220;AUTOMATYKA de&#8220; module_class=&#8220;product_widget_wrap_automation&#8220; _builder_version=&#8220;4.23.1&#8243; _module_preset=&#8220;default&#8220; global_module=&#8220;167905&#8243; saved_tabs=&#8220;all&#8220; locked=&#8220;off&#8220; global_colors_info=&#8220;{}&#8220;]<\/p>\n<p><a href=\"https:\/\/www.secowarwick.com\/de\/service\/automatisierung\/\"><span class=\"product_wigtet_name\">AUTOMATISIERUNG<\/span><\/a><\/p>\n<p>[\/et_pb_text][et_pb_text admin_label=&#8220;Producte de&#8220; module_class=&#8220;product_widget_wrap_products &#8220; _builder_version=&#8220;4.23.1&#8243; _module_preset=&#8220;default&#8220; global_module=&#8220;179193&#8243; saved_tabs=&#8220;all&#8220; locked=&#8220;off&#8220; global_colors_info=&#8220;{}&#8220;]<\/p>\n<p><a href=\"https:\/\/www.secowarwick.com\/de\/produkte\/\" target=\"_blank\" rel=\"noopener\"><span class=\"product_wigtet_name\">PRODUKTE<\/span><\/a><\/p>\n<p>[\/et_pb_text][et_pb_text admin_label=&#8220;SUPLEMENTALS de&#8220; module_class=&#8220;product_widget_wrap_supleme&#8220; _builder_version=&#8220;4.23.1&#8243; _module_preset=&#8220;default&#8220; global_module=&#8220;167915&#8243; saved_tabs=&#8220;all&#8220; locked=&#8220;off&#8220; global_colors_info=&#8220;{}&#8220;]<\/p>\n<p><span class=\"product_wigtet_name\">ZUSATZSTOFFE:<\/span><\/p>\n<p>[\/et_pb_text][et_pb_text admin_label=&#8220;Product brochure&#8220; module_class=&#8220;suplementals_product_brochure suplementals_wrap&#8220; _builder_version=&#8220;4.23.1&#8243; _module_preset=&#8220;default&#8220; locked=&#8220;off&#8220; global_colors_info=&#8220;{}&#8220;]<a href=\"https:\/\/www.secowarwick.com\/wp-content\/uploads\/2025\/09\/Professional_technical_services.pdf\" target=\"_blank\" rel=\"noopener\">Produktbrosch\u00fcre<\/a>[\/et_pb_text][et_pb_text admin_label=&#8220;Product brochure&#8220; module_class=&#8220;suplementals_product_brochure suplementals_wrap&#8220; _builder_version=&#8220;4.23.1&#8243; _module_preset=&#8220;default&#8220; locked=&#8220;off&#8220; global_colors_info=&#8220;{}&#8220;]<\/p>\n<p><a href=\"https:\/\/www.secowarwick.com\/wp-content\/uploads\/2020\/07\/2020_THE-FUTURE-OF-MAINTENANCE_EN.pdf\" target=\"_blank\" rel=\"noopener\">Produktbrosch\u00fcre<\/a><\/p>\n<p>[\/et_pb_text][et_pb_text admin_label=&#8220;dnabook-de&#8220; module_class=&#8220;suplementals_product_dna suplementals_wrap&#8220; _builder_version=&#8220;4.23.1&#8243; _module_preset=&#8220;default&#8220; global_module=&#8220;167874&#8243; saved_tabs=&#8220;all&#8220; locked=&#8220;off&#8220; global_colors_info=&#8220;{}&#8220;]<\/p>\n<p><a href=\"https:\/\/www.secowarwick.com\/wp-content\/uploads\/2025\/07\/DNA_BOOK.pdf\" target=\"_blank\" rel=\"noopener\">DNA\/BOOK<\/a><\/p>\n<p>[\/et_pb_text][et_pb_text admin_label=&#8220;ECO\/BOOK-de&#8220; module_class=&#8220;suplementals_product_eco suplementals_wrap&#8220; _builder_version=&#8220;4.23.1&#8243; _module_preset=&#8220;default&#8220; global_module=&#8220;167797&#8243; locked=&#8220;off&#8220; global_colors_info=&#8220;{}&#8220;]<\/p>\n<p><a href=\"https:\/\/www.secowarwick.com\/wp-content\/uploads\/2023\/06\/ECOBOOK.pdf\" target=\"_blank\" rel=\"noopener\">ECO\/BOOK<\/a><\/p>\n<p>[\/et_pb_text][\/et_pb_column][\/et_pb_row][\/et_pb_section][et_pb_section fb_built=&#8220;1&#8243; _builder_version=&#8220;4.16&#8243; global_colors_info=&#8220;{}&#8220;][et_pb_row column_structure=&#8220;1_2,1_2&#8243; _builder_version=&#8220;4.16&#8243; background_size=&#8220;initial&#8220; background_position=&#8220;top_left&#8220; background_repeat=&#8220;repeat&#8220; global_colors_info=&#8220;{}&#8220;][et_pb_column type=&#8220;1_2&#8243; _builder_version=&#8220;4.16&#8243; custom_padding=&#8220;|||&#8220; global_colors_info=&#8220;{}&#8220; custom_padding__hover=&#8220;|||&#8220;][et_pb_text _builder_version=&#8220;4.16&#8243; header_2_font=&#8220;|||on|||||&#8220; global_colors_info=&#8220;{}&#8220;]<strong><span style=\"color: #dc291e;\">\/<\/span>Leak testing, leak detection<\/strong><\/p>\n<p>Gezielte Lecksuche und Verschlussarbeiten. Geschultes Personal mit entsprechender Ausr\u00fcstung und Erfahrung.<\/p>\n<p><strong><span style=\"color: #dc291e;\">\/<\/span>Optimization of work performance<\/strong><\/p>\n<p>Analyse, Pr\u00e4sentation von Vorschl\u00e4gen und Regulierung \/ Ausstattung der Ger\u00e4te mit Elementen, die den Verbrauch von Energiefaktoren optimieren: Wasser, Gas, Elektrizit\u00e4t, andere<\/p>\n<p><strong><span style=\"color: #dc291e;\">\/<\/span>TUS and SAT tests<\/strong><\/p>\n<p>Unterst\u00fctzung oder \u00dcbernahme der Verantwortung f\u00fcr Pr\u00fcfungen der Temperaturverteilung und\/oder Einhaltung von Industrienormen des Automobil-\/Luftfahrtsektors f\u00fcr W\u00e4rmebehandlungsanlagen[\/et_pb_text][\/et_pb_column][et_pb_column type=&#8220;1_2&#8243; _builder_version=&#8220;4.16&#8243; custom_padding=&#8220;|||&#8220; global_colors_info=&#8220;{}&#8220; custom_padding__hover=&#8220;|||&#8220;][et_pb_image src=&#8220;https:\/\/www.secowarwick.com\/wp-content\/uploads\/2020\/07\/desktop.jpg&#8220; alt=&#8220;Leak testing \u2013 Dichtheitspr\u00fcfung&#8220; align=&#8220;center&#8220; align_tablet=&#8220;center&#8220; align_phone=&#8220;center&#8220; align_last_edited=&#8220;on|desktop&#8220; _builder_version=&#8220;4.23.1&#8243; global_colors_info=&#8220;{}&#8220;][\/et_pb_image][\/et_pb_column][\/et_pb_row][et_pb_row module_class=&#8220;secoservice-faq-wiersz&#8220; _builder_version=&#8220;4.19.2&#8243; _module_preset=&#8220;default&#8220; locked=&#8220;off&#8220; global_colors_info=&#8220;{}&#8220;][et_pb_column type=&#8220;4_4&#8243; _builder_version=&#8220;4.19.2&#8243; _module_preset=&#8220;default&#8220; global_colors_info=&#8220;{}&#8220;][dipl_faq_page_schema closed_toggle_icon=&#8220;&#x4c;||divi||400&#8243; closed_icon_color=&#8220;#000000&#8243; closed_use_icon_font_size=&#8220;on&#8220; closed_icon_font_size=&#8220;24px&#8220; open_toggle_icon=&#8220;&#x4c;||divi||400&#8243; open_icon_color=&#8220;RGBA(255,255,255,0)&#8220; open_use_icon_font_size=&#8220;on&#8220; open_icon_font_size=&#8220;24px&#8220; closed_toggle_bg_color=&#8220;rgba(244,244,244,0)&#8220; open_toggle_bg_color=&#8220;rgba(255,255,255,0)&#8220; module_class=&#8220;secoservice-faq red-hash-list-parent faq-center-background&#8220; _builder_version=&#8220;4.23.1&#8243; _module_preset=&#8220;default&#8220; faq_heading_font=&#8220;TitilliumWeb Black|900|||||||&#8220; faq_question_closed_font=&#8220;TitilliumWeb Black||||||||&#8220; faq_question_closed_font_size=&#8220;26px&#8220; faq_answer_text_font=&#8220;Titillium Web||||||||&#8220; faq_answer_text_font_size=&#8220;24px&#8220; animation_style=&#8220;slide&#8220; animation_direction=&#8220;bottom&#8220; hover_enabled=&#8220;0&#8243; faq_question_closed_font_size_tablet=&#8220;26px&#8220; faq_question_closed_font_size_phone=&#8220;20px&#8220; faq_question_closed_font_size_last_edited=&#8220;on|phone&#8220; faq_answer_text_font_size_tablet=&#8220;24px&#8220; faq_answer_text_font_size_phone=&#8220;16px&#8220; faq_answer_text_font_size_last_edited=&#8220;on|phone&#8220; border_width_all=&#8220;0px&#8220; border_width_right=&#8220;0px&#8220; border_width_left=&#8220;0px&#8220; global_colors_info=&#8220;{}&#8220; sticky_enabled=&#8220;0&#8243;][dipl_faq_page_schema_item faq_question=&#8220;Was beinhaltet die Wartung von Industrie\u00f6fen?&#8220; _builder_version=&#8220;4.23.1&#8243; _module_preset=&#8220;default&#8220; question_heading_level=&#8220;h1&#8243; question_heading_font=&#8220;|800|||||||&#8220; hover_enabled=&#8220;0&#8243; global_colors_info=&#8220;{}&#8220; sticky_enabled=&#8220;0&#8243;]<\/p>\n<p>Die Wartung umfasst regelm\u00e4\u00dfige technische \u00dcberpr\u00fcfungen von Industrie\u00f6fen, den Austausch verschlissener Komponenten und die Systemkalibrierung, wodurch die Zuverl\u00e4ssigkeit und Betriebssicherheit der Anlagen gew\u00e4hrleistet wird.<\/p>\n<p>[\/dipl_faq_page_schema_item][dipl_faq_page_schema_item faq_question=&#8220;Welche Vorteile bieten regelm\u00e4\u00dfige \u00dcberpr\u00fcfungen von Industrie\u00f6fen?&#8220; _builder_version=&#8220;4.23.1&#8243; _module_preset=&#8220;default&#8220; question_heading_level=&#8220;h1&#8243; question_heading_font=&#8220;|800|||||||&#8220; hover_enabled=&#8220;0&#8243; global_colors_info=&#8220;{}&#8220; sticky_enabled=&#8220;0&#8243;]<\/p>\n<p>Regelm\u00e4\u00dfige \u00dcberpr\u00fcfungen verringern das Ausfallrisiko, verl\u00e4ngern die Vorrichtungslebensdauer und verhindern kostspielige Produktionsstillst\u00e4nde.<\/p>\n<p>[\/dipl_faq_page_schema_item][dipl_faq_page_schema_item faq_question=&#8220;Wie oft sollte die Wartung oder \u00dcberpr\u00fcfung des Ger\u00e4ts durchgef\u00fchrt werden?&#8220; _builder_version=&#8220;4.23.1&#8243; _module_preset=&#8220;default&#8220; question_heading_level=&#8220;h1&#8243; question_heading_font=&#8220;|800|||||||&#8220; hover_enabled=&#8220;0&#8243; global_colors_info=&#8220;{}&#8220; sticky_enabled=&#8220;0&#8243;]<\/p>\n<p>Die H\u00e4ufigkeit der Wartung h\u00e4ngt von der Art der Vorrichtung und der Nutzungsintensit\u00e4t\u00a0ab. SECO\/WARWICK bietet individuelle, auf die Kundenbed\u00fcrfnisse zugeschnittene Wartungspl\u00e4ne.<\/p>\n<p>[\/dipl_faq_page_schema_item][dipl_faq_page_schema_item faq_question=&#8220;Bietet SECO\/WARWICK vorbeugende Wartung an?&#8220; _builder_version=&#8220;4.23.1&#8243; _module_preset=&#8220;default&#8220; question_heading_level=&#8220;h1&#8243; question_heading_font=&#8220;|800|||||||&#8220; hover_enabled=&#8220;0&#8243; global_colors_info=&#8220;{}&#8220; sticky_enabled=&#8220;0&#8243;]<\/p>\n<p>Ja, wir bieten vorbeugende Wartungsma\u00dfnahmen an, mit denen potenzielle Probleme erkannt werden k\u00f6nnen, bevor sie sich auf den Vorrichtungsbetrieb\u00a0auswirken.<\/p>\n<p>[\/dipl_faq_page_schema_item][\/dipl_faq_page_schema][\/et_pb_column][\/et_pb_row][\/et_pb_section][et_pb_section fb_built=&#8220;1&#8243; admin_label=&#8220;de-znajdz-serwis-button&#8220; module_class=&#8220;secoservice-sekcja-button-find&#8220; _builder_version=&#8220;4.23.1&#8243; _module_preset=&#8220;default&#8220; custom_padding=&#8220;0px||0px||false|false&#8220; global_module=&#8220;179129&#8243; saved_tabs=&#8220;all&#8220; locked=&#8220;off&#8220; global_colors_info=&#8220;{}&#8220;][et_pb_row _builder_version=&#8220;4.19.2&#8243; _module_preset=&#8220;default&#8220; custom_padding=&#8220;0px||0px||false|false&#8220; global_colors_info=&#8220;{}&#8220;][et_pb_column type=&#8220;4_4&#8243; _builder_version=&#8220;4.19.2&#8243; _module_preset=&#8220;default&#8220; global_colors_info=&#8220;{}&#8220;][et_pb_code admin_label=&#8220;znajdz swoj serwis button &#8220; module_class=&#8220;secoservice-znajdz-swoj-service&#8220; _builder_version=&#8220;4.23.1&#8243; _module_preset=&#8220;default&#8220; global_colors_info=&#8220;{}&#8220;]<a href=\"https:\/\/www.secowarwick.com\/de\/service\/\"><img decoding=\"async\" src=\"https:\/\/www.secowarwick.com\/wp-content\/uploads\/2023\/09\/secoservice-znajdz-swoj-serwis-de.svg\" alt=\"Finden sie ihren service\"><\/a><!-- [et_pb_line_break_holder] --><\/p>\n<style><!-- [et_pb_line_break_holder] -->.seco-rfq-button {<!-- [et_pb_line_break_holder] -->    display: none !important;<!-- [et_pb_line_break_holder] -->  }<!-- [et_pb_line_break_holder] --><\/style>\n<p>[\/et_pb_code][\/et_pb_column][\/et_pb_row][\/et_pb_section]<\/p>\n","protected":false},"excerpt":{"rendered":"<p>\/WARTUNG[et_pb_breadcrumbs _builder_version=&#8220;4.23.1&#8243; global_colors_info=&#8220;{}&#8220;][\/et_pb_breadcrumbs]WARTUNGWir unterst\u00fctzen unsere Kunden wirksam, indem wir den Grad der Zuverl\u00e4ssigkeit und Verf\u00fcgbarkeit unserer Maschinen erh\u00f6hen und Wartungsdienste anbieten, die perfekt auf die Besonderheiten der Arbeit abgestimmt sind. SECO\/WARWICK bietet eine ganze Reihe von m\u00f6glichen Optionen: \/Emergency maintenance Garantie einer sofortigen Reaktion auf jedes Ereignis. Diese Art von Service wird durch eine Rund-um-die-Uhr-Fern\u00fcberwachung [&hellip;]<\/p>\n","protected":false},"author":2,"featured_media":0,"parent":56996,"menu_order":0,"comment_status":"closed","ping_status":"closed","template":"","meta":{"_acf_changed":false,"_et_pb_use_builder":"on","_et_pb_old_content":"","_et_gb_content_width":"","footnotes":""},"class_list":["post-99832","page","type-page","status-publish"],"acf":[],"_links":{"self":[{"href":"https:\/\/www.secowarwick.com\/de\/wp-json\/wp\/v2\/pages\/99832","targetHints":{"allow":["GET"]}}],"collection":[{"href":"https:\/\/www.secowarwick.com\/de\/wp-json\/wp\/v2\/pages"}],"about":[{"href":"https:\/\/www.secowarwick.com\/de\/wp-json\/wp\/v2\/types\/page"}],"author":[{"embeddable":true,"href":"https:\/\/www.secowarwick.com\/de\/wp-json\/wp\/v2\/users\/2"}],"replies":[{"embeddable":true,"href":"https:\/\/www.secowarwick.com\/de\/wp-json\/wp\/v2\/comments?post=99832"}],"version-history":[{"count":11,"href":"https:\/\/www.secowarwick.com\/de\/wp-json\/wp\/v2\/pages\/99832\/revisions"}],"predecessor-version":[{"id":184943,"href":"https:\/\/www.secowarwick.com\/de\/wp-json\/wp\/v2\/pages\/99832\/revisions\/184943"}],"up":[{"embeddable":true,"href":"https:\/\/www.secowarwick.com\/de\/wp-json\/wp\/v2\/pages\/56996"}],"wp:attachment":[{"href":"https:\/\/www.secowarwick.com\/de\/wp-json\/wp\/v2\/media?parent=99832"}],"curies":[{"name":"wp","href":"https:\/\/api.w.org\/{rel}","templated":true}]}}