{"id":101512,"date":"2020-08-13T11:58:57","date_gmt":"2020-08-13T09:58:57","guid":{"rendered":"http:\/\/www.secowarwick.com\/outsourcing-inzynierow\/"},"modified":"2024-12-03T09:29:02","modified_gmt":"2024-12-03T08:29:02","slug":"professional-engineering-services","status":"publish","type":"page","link":"https:\/\/www.secowarwick.com\/en\/professional-engineering-services\/","title":{"rendered":"Professional engineering services"},"content":{"rendered":"<p>[et_pb_section fb_built=&#8221;1&#8243; _builder_version=&#8221;4.16&#8243; custom_margin=&#8221;||0px|&#8221; custom_padding=&#8221;||0px|&#8221; global_colors_info=&#8221;{}&#8221;][et_pb_row column_structure=&#8221;1_2,1_2&#8243; _builder_version=&#8221;4.16&#8243; background_size=&#8221;initial&#8221; background_position=&#8221;top_left&#8221; background_repeat=&#8221;repeat&#8221; global_colors_info=&#8221;{}&#8221;][et_pb_column type=&#8221;1_2&#8243; _builder_version=&#8221;4.16&#8243; custom_padding=&#8221;|||&#8221; global_colors_info=&#8221;{}&#8221; custom_padding__hover=&#8221;|||&#8221;][et_pb_image src=&#8221;https:\/\/www.secowarwick.com\/wp-content\/uploads\/2020\/09\/SECO-Engineering.png&#8221; alt=&#8221;Professional engineering services, SECO engineering&#8221; align=&#8221;center&#8221; align_tablet=&#8221;center&#8221; align_phone=&#8221;&#8221; align_last_edited=&#8221;on|desktop&#8221; _builder_version=&#8221;4.16&#8243; custom_margin=&#8221;40px|||&#8221; global_colors_info=&#8221;{}&#8221;][\/et_pb_image][\/et_pb_column][et_pb_column type=&#8221;1_2&#8243; _builder_version=&#8221;4.16&#8243; custom_padding=&#8221;|||&#8221; global_colors_info=&#8221;{}&#8221; custom_padding__hover=&#8221;|||&#8221;][et_pb_image src=&#8221;https:\/\/www.secowarwick.com\/wp-content\/uploads\/2020\/08\/outsourcing_01-1.jpg&#8221; alt=&#8221;Professional engineering services, SECO engineering&#8221; align_tablet=&#8221;center&#8221; align_phone=&#8221;&#8221; align_last_edited=&#8221;on|desktop&#8221; _builder_version=&#8221;4.16&#8243; custom_margin=&#8221;||0px|&#8221; custom_padding=&#8221;||0px|&#8221; global_colors_info=&#8221;{}&#8221;][\/et_pb_image][\/et_pb_column][\/et_pb_row][et_pb_row _builder_version=&#8221;4.16&#8243; background_size=&#8221;initial&#8221; background_position=&#8221;top_left&#8221; background_repeat=&#8221;repeat&#8221; global_colors_info=&#8221;{}&#8221;][et_pb_column type=&#8221;4_4&#8243; _builder_version=&#8221;4.16&#8243; custom_padding=&#8221;|||&#8221; global_colors_info=&#8221;{}&#8221; custom_padding__hover=&#8221;|||&#8221;][et_pb_code admin_label=&#8221;menu&#8221; _builder_version=&#8221;4.16&#8243; custom_margin=&#8221;||60px|&#8221; global_colors_info=&#8221;{}&#8221;]<\/p>\n<div id=\"outmenu\"><!-- [et_pb_line_break_holder] --> <\/p>\n<ul id=\"outnav\"><!-- [et_pb_line_break_holder] --> <\/p>\n<li class=\"pierwszy\"><a href=\"#jestesmydobrzyw\"><span>WE\u2019RE GOOD AT <\/span><\/a><\/li>\n<p><!-- [et_pb_line_break_holder] --> <\/p>\n<li class=\"drugi\"><a href=\"#zapewniamy\"><span>WE PROVIDE<\/span><\/a><\/li>\n<p> <!-- [et_pb_line_break_holder] --> <!-- [et_pb_line_break_holder] --> <\/p>\n<li class=\"trzeci\"><a href=\"#cozyskasz\"><span>YOU GAIN<\/span><\/a><\/li>\n<p> <!-- [et_pb_line_break_holder] --> <\/ul>\n<p><!-- [et_pb_line_break_holder] --><\/div>\n<p>[\/et_pb_code][\/et_pb_column][\/et_pb_row][\/et_pb_section][et_pb_section fb_built=&#8221;1&#8243; _builder_version=&#8221;4.16&#8243; custom_margin=&#8221;0px|0px||&#8221; custom_padding=&#8221;0px|0px||&#8221; global_colors_info=&#8221;{}&#8221;][et_pb_row _builder_version=&#8221;4.16&#8243; global_colors_info=&#8221;{}&#8221;][et_pb_column type=&#8221;4_4&#8243; _builder_version=&#8221;4.16&#8243; custom_padding=&#8221;|||&#8221; global_colors_info=&#8221;{}&#8221; custom_padding__hover=&#8221;|||&#8221;][et_pb_text admin_label=&#8221;DOSTE\u0328P DO SPECJALISTYCZNEJ WIEDZY INZ\u0307YNIERSKIEJ NA WYCIA\u0328GNIE\u0328CIE RE\u0328KI&#8221; _builder_version=&#8221;4.16&#8243; header_4_font=&#8221;|600|||||||&#8221; global_colors_info=&#8221;{}&#8221;]<\/p>\n<h4 style=\"text-align: center;\">ACCESS TO SPECIALIST ENGINEERING EXPERTISE AT YOUR FINGERTIPS<\/h4>\n<p style=\"text-align: center;\">SECO\/ENGINEERING SERVICES is a design office that carries out comprehensive engineering projects.<\/p>\n<p style=\"text-align: center;\"><img decoding=\"async\" class=\"alignnone wp-image-104066 size-full\" src=\"https:\/\/www.secowarwick.com\/wp-content\/uploads\/2020\/09\/maszyny.png\" alt=\"Professional engineering services, SECO engineering\" width=\"896\" height=\"372\" srcset=\"https:\/\/www.secowarwick.com\/wp-content\/uploads\/2020\/09\/maszyny.png 896w, https:\/\/www.secowarwick.com\/wp-content\/uploads\/2020\/09\/maszyny-150x62.png 150w, https:\/\/www.secowarwick.com\/wp-content\/uploads\/2020\/09\/maszyny-300x125.png 300w, https:\/\/www.secowarwick.com\/wp-content\/uploads\/2020\/09\/maszyny-768x319.png 768w\" sizes=\"(max-width: 896px) 100vw, 896px\" \/><\/p>\n<p>[\/et_pb_text][et_pb_image src=&#8221;https:\/\/www.secowarwick.com\/wp-content\/uploads\/2020\/09\/outsourcing_07-en.png&#8221; align=&#8221;center&#8221; align_tablet=&#8221;center&#8221; align_phone=&#8221;&#8221; align_last_edited=&#8221;on|desktop&#8221; disabled_on=&#8221;on||&#8221; admin_label=&#8221;jestesmy dobrzy w&#8221; module_id=&#8221;jestesmydobrzyw&#8221; _builder_version=&#8221;4.23.1&#8243; custom_margin=&#8221;35px|||&#8221; hover_enabled=&#8221;0&#8243; global_colors_info=&#8221;{}&#8221; alt=&#8221;WE&#8217;RE GOOD AT:&#8221; sticky_enabled=&#8221;0&#8243;][\/et_pb_image][et_pb_image src=&#8221;https:\/\/www.secowarwick.com\/wp-content\/uploads\/2020\/08\/jestesmy-dobrzy-enmobile.png&#8221; alt=&#8221;WE&#8217;RE GOOD AT:&#8221; align=&#8221;center&#8221; align_tablet=&#8221;center&#8221; align_phone=&#8221;&#8221; align_last_edited=&#8221;on|desktop&#8221; disabled_on=&#8221;off|on|on&#8221; admin_label=&#8221;jestesmy dobrzy w mobile&#8221; module_id=&#8221;jestesmydobrzyw&#8221; _builder_version=&#8221;4.23.1&#8243; max_width=&#8221;60%&#8221; custom_margin=&#8221;35px|||&#8221; custom_margin_tablet=&#8221;&#8221; custom_margin_phone=&#8221;5px|||&#8221; custom_margin_last_edited=&#8221;on|phone&#8221; hover_enabled=&#8221;0&#8243; global_colors_info=&#8221;{}&#8221; sticky_enabled=&#8221;0&#8243;][\/et_pb_image][et_pb_text _builder_version=&#8221;4.16&#8243; header_4_font=&#8221;|600|||||||&#8221; custom_margin=&#8221;65px|||&#8221; global_colors_info=&#8221;{}&#8221;]<\/p>\n<h4 style=\"text-align: center;\">DESIGNING | DOCUMENTING | REENGINEERING<\/h4>\n<p>[\/et_pb_text][\/et_pb_column][\/et_pb_row][et_pb_row column_structure=&#8221;1_2,1_2&#8243; _builder_version=&#8221;4.16&#8243; custom_margin=&#8221;20px|||&#8221; custom_margin_tablet=&#8221;&#8221; custom_margin_phone=&#8221;-50px|||&#8221; custom_margin_last_edited=&#8221;on|phone&#8221; global_colors_info=&#8221;{}&#8221;][et_pb_column type=&#8221;1_2&#8243; _builder_version=&#8221;4.16&#8243; custom_padding=&#8221;|||&#8221; global_colors_info=&#8221;{}&#8221; custom_padding__hover=&#8221;|||&#8221;][et_pb_text admin_label=&#8221;\/ Konstrukcjach spawanych&#8221; _builder_version=&#8221;4.16&#8243; global_colors_info=&#8221;{}&#8221;]<span style=\"color: #dc291e;\"><strong>\/<\/strong>\u00a0<\/span>Welded constructions<br \/>\n<span style=\"color: #dc291e;\"><strong>\/<\/strong>\u00a0<\/span>Designing pipeline systems and pump systems (water systems, vacuum systems, extraction systems, pneumatic systems, hydraulic systems)<br \/>\n<span style=\"color: #dc291e;\"><strong>\/<\/strong>\u00a0<\/span>Designing entire machines and devices<br \/>\n<span style=\"color: #dc291e;\"><strong>\/<\/strong>\u00a0<\/span>Designing structural nodes of machines and devices<br \/>\n[\/et_pb_text][\/et_pb_column][et_pb_column type=&#8221;1_2&#8243; _builder_version=&#8221;4.16&#8243; custom_padding=&#8221;|||&#8221; global_colors_info=&#8221;{}&#8221; custom_padding__hover=&#8221;|||&#8221;][et_pb_text _builder_version=&#8221;4.16&#8243; custom_margin_tablet=&#8221;&#8221; custom_margin_phone=&#8221;-25px|||&#8221; custom_margin_last_edited=&#8221;on|phone&#8221; global_colors_info=&#8221;{}&#8221;]<span style=\"color: #dc291e;\"><strong>\/<\/strong>\u00a0<\/span>Reengineering existing structural solutions of machines and devices<br \/>\n<strong><span style=\"color: #dc291e;\">\/\u00a0<\/span><\/strong>Strength calculations<br \/>\n<span style=\"color: #dc291e;\"><strong>\/<\/strong>\u00a0<\/span>Preparing content for documenting operation manuals, parts catalogues, maintenance manuals<br \/>\n<span style=\"color: #dc291e;\"><strong>\/<\/strong>\u00a0<\/span>Preparing interactive views of parts, subassemblies, and complete machines for online catalogues and online stores<br \/>\n[\/et_pb_text][\/et_pb_column][\/et_pb_row][\/et_pb_section][et_pb_section fb_built=&#8221;1&#8243; _builder_version=&#8221;4.16&#8243; background_color=&#8221;#f0f0f0&#8243; global_colors_info=&#8221;{}&#8221;][et_pb_row _builder_version=&#8221;4.16&#8243; background_size=&#8221;initial&#8221; background_position=&#8221;top_left&#8221; background_repeat=&#8221;repeat&#8221; global_colors_info=&#8221;{}&#8221;][et_pb_column type=&#8221;4_4&#8243; _builder_version=&#8221;4.16&#8243; custom_padding=&#8221;|||&#8221; global_colors_info=&#8221;{}&#8221; custom_padding__hover=&#8221;|||&#8221;][et_pb_text admin_label=&#8221;slider&#8221; _builder_version=&#8221;4.16&#8243; global_colors_info=&#8221;{}&#8221;]<\/p>\n\n<p>[\/et_pb_text][\/et_pb_column][\/et_pb_row][\/et_pb_section][et_pb_section fb_built=&#8221;1&#8243; _builder_version=&#8221;4.16&#8243; custom_margin=&#8221;||0px|&#8221; custom_padding=&#8221;||0px|&#8221; global_colors_info=&#8221;{}&#8221;][et_pb_row custom_padding_last_edited=&#8221;on|phone&#8221; module_id=&#8221;zapewniamy&#8221; _builder_version=&#8221;4.16&#8243; custom_margin_tablet=&#8221;&#8221; custom_margin_phone=&#8221;-20px||0px|&#8221; custom_margin_last_edited=&#8221;on|phone&#8221; custom_padding_tablet=&#8221;&#8221; custom_padding_phone=&#8221;||0px|&#8221; global_colors_info=&#8221;{}&#8221;][et_pb_column type=&#8221;4_4&#8243; _builder_version=&#8221;4.16&#8243; custom_padding=&#8221;|||&#8221; global_colors_info=&#8221;{}&#8221; custom_padding__hover=&#8221;|||&#8221;][et_pb_image src=&#8221;https:\/\/www.secowarwick.com\/wp-content\/uploads\/2020\/09\/zapewniamy-en.png&#8221; align=&#8221;center&#8221; align_tablet=&#8221;center&#8221; align_phone=&#8221;&#8221; align_last_edited=&#8221;on|desktop&#8221; disabled_on=&#8221;on||&#8221; admin_label=&#8221;zapewniamy&#8221; _builder_version=&#8221;4.16&#8243; custom_margin=&#8221;||35px|&#8221; global_colors_info=&#8221;{}&#8221;][\/et_pb_image][et_pb_image src=&#8221;https:\/\/www.secowarwick.com\/wp-content\/uploads\/2020\/08\/we-privide-mobile-1.png&#8221; align_tablet=&#8221;center&#8221; align_phone=&#8221;&#8221; align_last_edited=&#8221;on|desktop&#8221; disabled_on=&#8221;off|on|on&#8221; admin_label=&#8221;zapewniamy mobile&#8221; _builder_version=&#8221;4.16&#8243; max_width=&#8221;60%&#8221; custom_margin=&#8221;||25px|&#8221; global_colors_info=&#8221;{}&#8221;][\/et_pb_image][et_pb_text admin_label=&#8221;ZESP\u00d3\u0141 INZ\u0307YNIER\u00d3W | KONSTRUKTOR\u00d3W | MECHANIK\u00d3W | EKSPERT\u00d3W&#8221; _builder_version=&#8221;4.16&#8243; header_4_font=&#8221;|600|||||||&#8221; custom_margin=&#8221;10px|||&#8221; custom_margin_tablet=&#8221;&#8221; custom_margin_phone=&#8221;10px||0px|&#8221; custom_margin_last_edited=&#8221;on|phone&#8221; custom_padding=&#8221;35px|||&#8221; custom_padding_tablet=&#8221;&#8221; custom_padding_phone=&#8221;35px||0px|&#8221; custom_padding_last_edited=&#8221;on|phone&#8221; global_colors_info=&#8221;{}&#8221;]<\/p>\n<h4 style=\"text-align: center;\">A TEAM OF ENGINEERS | DESIGNERS | MECHANICS | EXPERTS<\/h4>\n<p>&nbsp;<\/p>\n<p style=\"text-align: center;\"><img decoding=\"async\" class=\"aligncenter wp-image-102548 size-full\" src=\"https:\/\/www.secowarwick.com\/wp-content\/uploads\/2020\/09\/engineering-services.png\" alt=\"Seco\/Warwick - engineering services, Professional engineering services, SECO engineering\" width=\"915\" height=\"272\" srcset=\"https:\/\/www.secowarwick.com\/wp-content\/uploads\/2020\/09\/engineering-services.png 915w, https:\/\/www.secowarwick.com\/wp-content\/uploads\/2020\/09\/engineering-services-150x45.png 150w, https:\/\/www.secowarwick.com\/wp-content\/uploads\/2020\/09\/engineering-services-300x89.png 300w, https:\/\/www.secowarwick.com\/wp-content\/uploads\/2020\/09\/engineering-services-768x228.png 768w\" sizes=\"(max-width: 915px) 100vw, 915px\" \/><\/p>\n<p>[\/et_pb_text][\/et_pb_column][\/et_pb_row][et_pb_row column_structure=&#8221;1_2,1_2&#8243; custom_padding_last_edited=&#8221;on|phone&#8221; _builder_version=&#8221;4.16&#8243; custom_margin=&#8221;20px|||&#8221; custom_margin_tablet=&#8221;&#8221; custom_margin_phone=&#8221;-20px|||&#8221; custom_margin_last_edited=&#8221;on|phone&#8221; custom_padding_tablet=&#8221;&#8221; custom_padding_phone=&#8221;&#8221; global_colors_info=&#8221;{}&#8221;][et_pb_column type=&#8221;1_2&#8243; _builder_version=&#8221;4.16&#8243; custom_padding=&#8221;|||&#8221; global_colors_info=&#8221;{}&#8221; custom_padding__hover=&#8221;|||&#8221;][et_pb_text admin_label=&#8221;Zbuduj z nami swoje biuro konstrukcyjne a zyskasz:&#8221; _builder_version=&#8221;4.16&#8243; custom_margin=&#8221;||0px|&#8221; custom_padding=&#8221;||0px|&#8221; global_colors_info=&#8221;{}&#8221;]<strong>Build your design office with us, and you\u2019ll gain:<\/strong><\/p>\n<p><strong><span style=\"color: #dc291e;\">\/\u00a0<\/span>Highly qualified engineering staff<\/strong>\u00a0&#8211;\u00a0without a long, arduous recruitment process<br \/>\n<strong><span style=\"color: #dc291e;\">\/\u00a0<\/span>Knowledge<\/strong>\u00a0&#8211;\u00a0constant access to the latest knowledge of structures<br \/>\n<strong><span style=\"color: #dc291e;\">\/\u00a0<\/span>Comprehensive execution<\/strong>\u00a0&#8211;\u00a0everything from the conceptual phase, analyses, and calculations, to documentation<br \/>\n<strong><span style=\"color: #dc291e;\">\/\u00a0<\/span>Support<\/strong>\u00a0&#8211;\u00a0at the stage of installing and testing the devices<br \/>\n<strong><span style=\"color: #dc291e;\">\/\u00a0<\/span>A flexible approach<\/strong>\u00a0&#8211;\u00a0resulting in quick onboarding and acclimatization in the new team<br \/>\n[\/et_pb_text][\/et_pb_column][et_pb_column type=&#8221;1_2&#8243; _builder_version=&#8221;4.16&#8243; custom_padding=&#8221;|||&#8221; global_colors_info=&#8221;{}&#8221; custom_padding__hover=&#8221;|||&#8221;][et_pb_text _builder_version=&#8221;4.16&#8243; custom_margin=&#8221;35px|||&#8221; custom_margin_tablet=&#8221;&#8221; custom_margin_phone=&#8221;-25px|||&#8221; custom_margin_last_edited=&#8221;on|phone&#8221; global_colors_info=&#8221;{}&#8221;]<strong><span style=\"color: #dc291e;\">\/\u00a0<\/span>Ready-made documentation<\/strong>\u00a0&#8211;\u00a0prepared to address specific issues<br \/>\n<strong><span style=\"color: #dc291e;\">\/\u00a0<\/span>Tools<\/strong>\u00a0&#8211; we use modern engineering software: SolidWorks, Inventor, AutoCAD, SolidWorks Composer<br \/>\n<strong><span style=\"color: #dc291e;\">\/\u00a0<\/span>Back-up facilities<\/strong>\u00a0&#8211; when carrying out projects, we offer the assistance of our production plants<br \/>\n<strong><span style=\"color: #dc291e;\">\/\u00a0<\/span>360\u00b0 perspective<\/strong>&#8211; of engineering problems through a wide range of completed projects and satisfied customers<br \/>\n[\/et_pb_text][\/et_pb_column][\/et_pb_row][et_pb_row module_id=&#8221;cozyskasz&#8221; _builder_version=&#8221;4.16&#8243; custom_margin=&#8221;||0px|&#8221; custom_padding=&#8221;||0px|&#8221; global_colors_info=&#8221;{}&#8221;][et_pb_column type=&#8221;4_4&#8243; _builder_version=&#8221;4.16&#8243; custom_padding=&#8221;|||&#8221; global_colors_info=&#8221;{}&#8221; custom_padding__hover=&#8221;|||&#8221;][et_pb_image src=&#8221;https:\/\/www.secowarwick.com\/wp-content\/uploads\/2020\/09\/zyskujesz-en.png&#8221; alt=&#8221;Professional engineering services, SECO engineering&#8221; align=&#8221;center&#8221; align_tablet=&#8221;center&#8221; align_phone=&#8221;&#8221; align_last_edited=&#8221;on|desktop&#8221; disabled_on=&#8221;on||&#8221; admin_label=&#8221;zyskujesz&#8221; _builder_version=&#8221;4.16&#8243; custom_margin=&#8221;||35px|&#8221; custom_padding=&#8221;||35px|&#8221; global_colors_info=&#8221;{}&#8221;][\/et_pb_image][et_pb_image src=&#8221;https:\/\/www.secowarwick.com\/wp-content\/uploads\/2020\/08\/you-gain-en-mobile.png&#8221; alt=&#8221;Professional engineering services, SECO engineering&#8221; align=&#8221;center&#8221; align_tablet=&#8221;center&#8221; align_phone=&#8221;&#8221; align_last_edited=&#8221;on|desktop&#8221; disabled_on=&#8221;off|on|on&#8221; admin_label=&#8221;zyskujesz mobile&#8221; _builder_version=&#8221;4.16&#8243; max_width=&#8221;70%&#8221; custom_margin=&#8221;||25px|&#8221; global_colors_info=&#8221;{}&#8221;][\/et_pb_image][et_pb_text admin_label=&#8221;POWODZENIE PROJEKTU | SPOK\u00d3J | KONCENTRACJA | ELASTYCZNOS\u0301C\u0301&#8221; module_id=&#8221;cozyskasz&#8221; _builder_version=&#8221;4.16&#8243; header_4_font=&#8221;|600|||||||&#8221; custom_margin=&#8221;10px||0px|&#8221; custom_padding=&#8221;15px||15px|&#8221; global_colors_info=&#8221;{}&#8221;]<\/p>\n<h4 style=\"text-align: center;\">PROJECT SUCCESS | CALMNESS | CONCENTRATION | FLEXIBILITY<\/h4>\n<p>[\/et_pb_text][\/et_pb_column][\/et_pb_row][\/et_pb_section][et_pb_section fb_built=&#8221;1&#8243; _builder_version=&#8221;4.16&#8243; custom_margin=&#8221;0px|||&#8221; custom_padding=&#8221;0px|||&#8221; global_colors_info=&#8221;{}&#8221;][et_pb_row column_structure=&#8221;1_2,1_2&#8243; use_custom_gutter=&#8221;on&#8221; gutter_width=&#8221;1&#8243; make_equal=&#8221;on&#8221; module_class=&#8221; et_pb_row_fullwidth&#8221; _builder_version=&#8221;4.16&#8243; width=&#8221;100%&#8221; width_tablet=&#8221;100%&#8221; width_phone=&#8221;&#8221; width_last_edited=&#8221;on|desktop&#8221; max_width=&#8221;100%&#8221; max_width_tablet=&#8221;100%&#8221; max_width_phone=&#8221;&#8221; max_width_last_edited=&#8221;on|desktop&#8221; make_fullwidth=&#8221;on&#8221; global_colors_info=&#8221;{}&#8221;][et_pb_column type=&#8221;1_2&#8243; _builder_version=&#8221;4.16&#8243; custom_padding=&#8221;|0px||&#8221; global_colors_info=&#8221;{}&#8221; custom_padding__hover=&#8221;|||&#8221;][et_pb_image src=&#8221;https:\/\/www.secowarwick.com\/wp-content\/uploads\/2020\/08\/outsourcing_02-1.jpg&#8221; alt=&#8221;Professional engineering services, SECO engineering&#8221; align=&#8221;right&#8221; _builder_version=&#8221;4.16&#8243; max_width=&#8221;80%&#8221; max_width_tablet=&#8221;&#8221; max_width_phone=&#8221;100%&#8221; max_width_last_edited=&#8221;on|desktop&#8221; module_alignment=&#8221;center&#8221; custom_margin_tablet=&#8221;&#8221; custom_margin_phone=&#8221;&#8221; custom_margin_last_edited=&#8221;on|phone&#8221; custom_padding=&#8221;||20px|&#8221; always_center_on_mobile=&#8221;off&#8221; global_colors_info=&#8221;{}&#8221;][\/et_pb_image][\/et_pb_column][et_pb_column type=&#8221;1_2&#8243; _builder_version=&#8221;4.16&#8243; background_color=&#8221;#f0f0f0&#8243; custom_padding=&#8221;|||&#8221; global_colors_info=&#8221;{}&#8221; custom_padding__hover=&#8221;|||&#8221;][et_pb_text _builder_version=&#8221;4.16&#8243; custom_padding=&#8221;65px|||45px&#8221; custom_padding_tablet=&#8221;&#8221; custom_padding_phone=&#8221;25px|||&#8221; custom_padding_last_edited=&#8221;on|phone&#8221; global_colors_info=&#8221;{}&#8221;]HERE\u2019S WHAT YOU GAIN BY USING OUR DESIGN OFFICE:<\/p>\n<p><span style=\"color: #dc291e;\"><strong>\/<\/strong>\u00a0<\/span>lower operating costs,<br \/>\n<span style=\"color: #dc291e;\"><strong>\/<\/strong>\u00a0<\/span>specialist expertise and access to a broader perspective of engineering problems,<br \/>\n<span style=\"color: #dc291e;\"><strong>\/<\/strong>\u00a0<\/span>flexibility and independence so important at a time of market changes,<br \/>\n<span style=\"color: #dc291e;\"><strong>\/<\/strong><\/span>\u00a0support during the installation and testing of devices,<br \/>\n<span style=\"color: #dc291e;\"><strong>\/<\/strong>\u00a0<\/span>focus on project management,<br \/>\n<span style=\"color: #dc291e;\"><strong>\/<\/strong>\u00a0<\/span>concentration on the core business,<br \/>\n<span style=\"color: #dc291e;\"><strong>\/<\/strong>\u00a0<\/span>no need to have your own team to run a project,<br \/>\n<span style=\"color: #dc291e;\"><strong>\/<\/strong>\u00a0<\/span>support for our team,<br \/>\n<span style=\"color: #dc291e;\"><strong>\/<\/strong>\u00a0<\/span>external specialists at your fingertips,<br \/>\n<span style=\"color: #dc291e;\"><strong>\/<\/strong>\u00a0<\/span>&#8230; a different perspective of your problems and needs.<\/p>\n<p>&nbsp;<br \/>\n[\/et_pb_text][\/et_pb_column][\/et_pb_row][\/et_pb_section][et_pb_section fb_built=&#8221;1&#8243; _builder_version=&#8221;4.16&#8243; custom_margin=&#8221;0px|||&#8221; custom_padding=&#8221;0px|||&#8221; global_colors_info=&#8221;{}&#8221;][et_pb_row _builder_version=&#8221;4.16&#8243; custom_margin=&#8221;0px|||&#8221; custom_padding=&#8221;0px|||&#8221; global_colors_info=&#8221;{}&#8221;][et_pb_column type=&#8221;4_4&#8243; _builder_version=&#8221;4.16&#8243; custom_padding=&#8221;|||&#8221; global_colors_info=&#8221;{}&#8221; custom_padding__hover=&#8221;|||&#8221;][et_pb_image src=&#8221;https:\/\/www.secowarwick.com\/wp-content\/uploads\/2020\/10\/contact-engeneer.png&#8221; alt=&#8221;Contact us, SECO\/WARWICK&#8221; url=&#8221;https:\/\/www.secowarwick.com\/en\/request-for-quote\/&#8221; align=&#8221;center&#8221; align_tablet=&#8221;center&#8221; align_phone=&#8221;&#8221; align_last_edited=&#8221;on|desktop&#8221; _builder_version=&#8221;4.16&#8243; custom_margin=&#8221;-40px|||&#8221; custom_padding=&#8221;0px|||&#8221; global_colors_info=&#8221;{}&#8221;][\/et_pb_image][et_pb_text _builder_version=&#8221;4.16&#8243; custom_margin=&#8221;50px|||&#8221; global_colors_info=&#8221;{}&#8221;]<\/p>\n<h4 style=\"text-align: center;\"><strong><span style=\"color: #000000;\">CONSULTING | ANALYSIS | QUOTATION<\/span><\/strong><\/h4>\n<p>[\/et_pb_text][\/et_pb_column][\/et_pb_row][et_pb_row column_structure=&#8221;3_4,1_4&#8243; use_custom_gutter=&#8221;on&#8221; gutter_width=&#8221;2&#8243; _builder_version=&#8221;4.16&#8243; custom_padding=&#8221;10px|||&#8221; custom_width_px=&#8221;880px&#8221; global_colors_info=&#8221;{}&#8221;][et_pb_column type=&#8221;3_4&#8243; _builder_version=&#8221;4.16&#8243; custom_padding=&#8221;|||&#8221; global_colors_info=&#8221;{}&#8221; custom_padding__hover=&#8221;|||&#8221;][et_pb_text disabled_on=&#8221;on||&#8221; _builder_version=&#8221;4.16&#8243; custom_margin=&#8221;150px|||&#8221; custom_margin_tablet=&#8221;&#8221; custom_margin_phone=&#8221;&#8221; custom_margin_last_edited=&#8221;on|desktop&#8221; global_colors_info=&#8221;{}&#8221;]<\/p>\n<p><img decoding=\"async\" class=\"wp-image-125234 alignnone size-full\" src=\"https:\/\/www.secowarwick.com\/wp-content\/uploads\/2022\/03\/piotr-arrow.png\" alt=\"Piotr Galewski\" width=\"643\" height=\"38\" srcset=\"https:\/\/www.secowarwick.com\/wp-content\/uploads\/2022\/03\/piotr-arrow.png 643w, https:\/\/www.secowarwick.com\/wp-content\/uploads\/2022\/03\/piotr-arrow-480x28.png 480w\" sizes=\"(min-width: 0px) and (max-width: 480px) 480px, (min-width: 481px) 643px, 100vw\" \/><\/p>\n<p>[\/et_pb_text][et_pb_text disabled_on=&#8221;|on|on&#8221; _builder_version=&#8221;4.16&#8243; custom_margin=&#8221;80px|||&#8221; custom_margin_tablet=&#8221;&#8221; custom_margin_phone=&#8221;-40px|||&#8221; custom_margin_last_edited=&#8221;on|phone&#8221; global_colors_info=&#8221;{}&#8221;]<\/p>\n<p><img decoding=\"async\" class=\"wp-image-125241 alignnone size-full\" src=\"https:\/\/www.secowarwick.com\/wp-content\/uploads\/2022\/03\/piotr.png\" alt=\"Piotr Galewski\" width=\"351\" height=\"38\" srcset=\"https:\/\/www.secowarwick.com\/wp-content\/uploads\/2022\/03\/piotr.png 351w, https:\/\/www.secowarwick.com\/wp-content\/uploads\/2022\/03\/piotr-300x32.png 300w, https:\/\/www.secowarwick.com\/wp-content\/uploads\/2022\/03\/piotr-150x16.png 150w\" sizes=\"(max-width: 351px) 100vw, 351px\" \/><\/p>\n<p>[\/et_pb_text][et_pb_text _builder_version=&#8221;4.16&#8243; header_4_font=&#8221;|600|||||||&#8221; custom_margin=&#8221;-10px|||40px&#8221; custom_margin_tablet=&#8221;&#8221; custom_margin_phone=&#8221;-30px|||0px&#8221; custom_margin_last_edited=&#8221;on|phone&#8221; global_colors_info=&#8221;{}&#8221;]<\/p>\n<p><span style=\"color: #000000;\">T: <a href=\"tel:+48501649142\">+48 501 649 142\u200b<\/a><\/span><br \/><span style=\"color: #000000;\">E: <a href=\"mailto:Piotr.Galewski@secowarwick.com\">Piotr.Galewski@secowarwick.com<\/a><\/span><\/p>\n<p>[\/et_pb_text][\/et_pb_column][et_pb_column type=&#8221;1_4&#8243; _builder_version=&#8221;4.16&#8243; custom_padding=&#8221;|||&#8221; global_colors_info=&#8221;{}&#8221; custom_padding__hover=&#8221;|||&#8221;][et_pb_image src=&#8221;https:\/\/www.secowarwick.com\/wp-content\/uploads\/2022\/03\/piotr-design.jpg&#8221; alt=&#8221;Piotr Galewski&#8221; title_text=&#8221;Piotr Galewski&#8221; align_tablet=&#8221;center&#8221; align_phone=&#8221;&#8221; align_last_edited=&#8221;on|desktop&#8221; _builder_version=&#8221;4.16&#8243; global_colors_info=&#8221;{}&#8221;][\/et_pb_image][\/et_pb_column][\/et_pb_row][\/et_pb_section]<\/p>\n","protected":false},"excerpt":{"rendered":"<p>ACCESS TO SPECIALIST ENGINEERING EXPERTISE AT YOUR FINGERTIPS SECO\/ENGINEERING SERVICES is a design office that carries out comprehensive engineering projects. DESIGNING | DOCUMENTING | REENGINEERING \/\u00a0Welded constructions \/\u00a0Designing pipeline systems and pump systems (water systems, vacuum systems, extraction systems, pneumatic systems, hydraulic systems) \/\u00a0Designing entire machines and devices \/\u00a0Designing structural nodes of machines and devices [&hellip;]<\/p>\n","protected":false},"author":2,"featured_media":0,"parent":0,"menu_order":0,"comment_status":"closed","ping_status":"closed","template":"","meta":{"_acf_changed":false,"_et_pb_use_builder":"on","_et_pb_old_content":"","_et_gb_content_width":"","footnotes":""},"class_list":["post-101512","page","type-page","status-publish"],"acf":[],"_links":{"self":[{"href":"https:\/\/www.secowarwick.com\/en\/wp-json\/wp\/v2\/pages\/101512","targetHints":{"allow":["GET"]}}],"collection":[{"href":"https:\/\/www.secowarwick.com\/en\/wp-json\/wp\/v2\/pages"}],"about":[{"href":"https:\/\/www.secowarwick.com\/en\/wp-json\/wp\/v2\/types\/page"}],"author":[{"embeddable":true,"href":"https:\/\/www.secowarwick.com\/en\/wp-json\/wp\/v2\/users\/2"}],"replies":[{"embeddable":true,"href":"https:\/\/www.secowarwick.com\/en\/wp-json\/wp\/v2\/comments?post=101512"}],"version-history":[{"count":8,"href":"https:\/\/www.secowarwick.com\/en\/wp-json\/wp\/v2\/pages\/101512\/revisions"}],"predecessor-version":[{"id":166797,"href":"https:\/\/www.secowarwick.com\/en\/wp-json\/wp\/v2\/pages\/101512\/revisions\/166797"}],"wp:attachment":[{"href":"https:\/\/www.secowarwick.com\/en\/wp-json\/wp\/v2\/media?parent=101512"}],"curies":[{"name":"wp","href":"https:\/\/api.w.org\/{rel}","templated":true}]}}