{"id":106091,"date":"2020-12-01T09:12:40","date_gmt":"2020-12-01T08:12:40","guid":{"rendered":"http:\/\/www.secowarwick.com\/?page_id=106091"},"modified":"2025-06-24T08:00:54","modified_gmt":"2025-06-24T06:00:54","slug":"alp-havacilik-icin-vector","status":"publish","type":"page","link":"https:\/\/www.secowarwick.com\/en\/alp-havacilik-icin-vector\/","title":{"rendered":"ALP Havac\u0131l\u0131k T\u00fcrkiye i\u00e7in daha bir SECO\/WARWICK vakumlu karbonlama f\u0131r\u0131n\u0131 Vector"},"content":{"rendered":"<p>[et_pb_section fb_built=&#8221;1&#8243; _builder_version=&#8221;4.16&#8243; custom_margin=&#8221;0px|||&#8221; custom_padding=&#8221;0px|||&#8221; global_colors_info=&#8221;{}&#8221;][et_pb_row _builder_version=&#8221;4.16&#8243; background_size=&#8221;initial&#8221; background_position=&#8221;top_left&#8221; background_repeat=&#8221;repeat&#8221; global_colors_info=&#8221;{}&#8221;][et_pb_column type=&#8221;4_4&#8243; _builder_version=&#8221;4.16&#8243; custom_padding=&#8221;|||&#8221; global_colors_info=&#8221;{}&#8221; custom_padding__hover=&#8221;|||&#8221;][et_pb_text module_class=&#8221;single-news&#8221; _builder_version=&#8221;4.16&#8243; global_colors_info=&#8221;{}&#8221;]<\/p>\n<h3>ALP Havac\u0131l\u0131k, <a href=\"https:\/\/www.secowarwick.com\/en\/\">SECO\/WARWICK<\/a> \u015firketinden daha bir <a href=\"https:\/\/www.secowarwick.com\/en\/products\/vacuum-heat-treatment\/vector\/\">vakum f\u0131r\u0131n\u0131<\/a> sat\u0131n alarak, kapasitesini ve imkanlar\u0131n\u0131 geni\u015fletmektedir. Bu&nbsp;i\u015f, 13 y\u0131ll\u0131k ba\u015far\u0131l\u0131 i\u015fbirli\u011finde d\u00f6rd\u00fcnc\u00fc cihaz kurulumu olacakt\u0131r.<\/h3>\n<p><img decoding=\"async\" class=\"alignnone wp-image-105979 size-full\" src=\"https:\/\/www.secowarwick.com\/wp-content\/uploads\/2020\/10\/Press_ALP_SWv3.png\" alt=\"SECO\/WARWICK 2020, ALP Avation, vakumlu karbonlama f\u0131r\u0131n\u0131\" width=\"1200\" height=\"630\" srcset=\"https:\/\/www.secowarwick.com\/wp-content\/uploads\/2020\/10\/Press_ALP_SWv3.png 1200w, https:\/\/www.secowarwick.com\/wp-content\/uploads\/2020\/10\/Press_ALP_SWv3-150x79.png 150w, https:\/\/www.secowarwick.com\/wp-content\/uploads\/2020\/10\/Press_ALP_SWv3-300x158.png 300w, https:\/\/www.secowarwick.com\/wp-content\/uploads\/2020\/10\/Press_ALP_SWv3-768x403.png 768w, https:\/\/www.secowarwick.com\/wp-content\/uploads\/2020\/10\/Press_ALP_SWv3-1024x538.png 1024w, https:\/\/www.secowarwick.com\/wp-content\/uploads\/2020\/10\/Press_ALP_SWv3-1080x567.png 1080w\" sizes=\"(max-width: 1200px) 100vw, 1200px\" \/><\/p>\n<p>SECO\/WARWICK Grubu\u2019nun CEO\u2019su <a href=\"https:\/\/www.secowarwick.com\/en\/company\/executive-board\/\">S\u0142awomir Wo\u017aniak<\/a> \u015funlar\u0131 s\u00f6yledi: \u201c<em>ALP Havac\u0131l\u0131k ile ili\u015fkimiz, 13 y\u0131ll\u0131k s\u00fcrekli deste\u011fe ve t\u00fcm teknik ve y\u00f6netim seviyelerinde s\u0131k\u0131 i\u015fbirli\u011fine dayal\u0131d\u0131r. SECO\/WARWICK hem teknoloji ve cihazlar, hem de&nbsp;m\u00fc\u015fteri taraf\u0131ndan takdir edilen s\u00fcre\u00e7ler konusundaki bilgi sa\u011flamaktad\u0131r. Grubumuzun de\u011ferlerinden biri olan ortakl\u0131k anlay\u0131\u015f\u0131, \u2018m\u00fc\u015fteriye yak\u0131n ol ve m\u00fc\u015fteri ile yak\u0131n ol\u2019 prensibine dayal\u0131d\u0131r.\u201d<\/em><\/p>\n<p>2007 y\u0131l\u0131nda verilen ilk vakum teknolojisi sipari\u015fi, \u015fasiler ile ilgiliydi. 2015 y\u0131l\u0131nda sipari\u015f edilen f\u0131r\u0131n bir \u00f6ncekinin kopyas\u0131yd\u0131, sadece y\u00fckleme haznesi daha k\u00fc\u00e7\u00fckt\u00fc ve <a href=\"https:\/\/www.secowarwick.com\/en\/products\/vacuum-heat-treatment\/vector\/\">Vector<\/a> helikopter di\u015fli kutusunun par\u00e7alar\u0131n\u0131 karbonlayan ek gaz f\u0131r\u0131n\u0131 da mevcuttu. 2020 y\u0131l\u0131nda verilen son sipari\u015f, yine SECO\/WARWICK amiral \u00fcr\u00fcn\u00fc olan Vector f\u0131r\u0131n\u0131n\u0131n kopyas\u0131yd\u0131, ancak standart olmayan birka\u00e7 fonksiyona sahipti.<\/p>\n<p>ALP Havac\u0131l\u0131k \u00d6zel S\u00fcre\u00e7ler M\u00fcd\u00fcr\u00fc Duygu Erten \u015funlar\u0131 kaydetti: <em>\u201cSECO\/WARWICK ile i\u015fbirli\u011fimiz bir\u00e7ok sebepten dolay\u0131 devam etmektedir. Onlardan en&nbsp;\u00f6nemlileri, teknik personelin s\u00fcrekli deste\u011fi ve f\u0131r\u0131nlar\u0131n kurulmas\u0131n\u0131n yan\u0131 s\u0131ra, prosed\u00fcrlerin kat\u0131 gereksinimlerimize uygun olarak uygulanmas\u0131d\u0131r. Orta\u011f\u0131m\u0131z\u0131n teknolojisi sayesinde haz\u0131r \u00fcr\u00fcn g\u00fcvenilir ve kalitelidir.\u201d<\/em><\/p>\n<h2>U\u00e7a\u011f\u0131n ve helikopterin tahrik sistemi hassasiyet ve kalite gerektirir \u2013 sipari\u015f detaylar\u0131<\/h2>\n<p>Sipari\u015f konusu, yatay \u00fcr\u00fcn giri\u015fine sahip olan vakum f\u0131r\u0131n\u0131; so\u011futma gaz\u0131n\u0131n maksimum bas\u0131nc\u0131 15 bar (argon ve azot), \u00e7al\u0131\u015fma alan\u0131n\u0131n boyutlar\u0131 900 \u00d7 900 \u00d7 1200 mm (gen. \u00d7 y\u00fck. \u00d7 uz.). F\u0131r\u0131n, helikopterlerin ve di\u011fer hava ara\u00e7lar\u0131n\u0131n di\u015fli kutular\u0131n\u0131n par\u00e7alar\u0131n\u0131 karbonlamak \u00fczere tasarlanm\u0131\u015ft\u0131r.<\/p>\n<p>\u00d6zellikle SECO\/WARWICK \u015firketinin karbonlama alan\u0131nda teknolojik tecr\u00fcbesi sayesinde, \u00e7ok iyi m\u00fc\u015fteri hizmeti i\u015fbirli\u011finin \u00f6nemli bir taraf\u0131d\u0131r. F\u0131r\u0131n \u00fcretim kapasitesini artacakt\u0131r. Vector f\u0131r\u0131n\u0131nda bir \u00f6nceki projede uygulanm\u0131\u015f olan karbonlama teknolojisi ile ayn\u0131 teknolojinin uygulanmas\u0131 sayesinde m\u00fc\u015fteri, havac\u0131l\u0131kta zorunlu \u015fart olan yeni\/ba\u015fka bir teknolojinin prosed\u00fcrlerini uygulamak zorunda de\u011fildir. Bu&nbsp;vakum \u00e7\u00f6z\u00fcm\u00fc \u00fcniversal oldu\u011fu i\u00e7in hem karbonlama, hem de&nbsp;sertle\u015ftirme i\u015flemlerini yerine getirmektedir. F\u0131r\u0131n, i\u00e7 ekipman\u0131 etkilenmeden, geni\u015f y\u00fczeylere tasarlanm\u0131\u015f olan f\u0131r\u0131nda k\u00fc\u00e7\u00fck par\u00e7alar\u0131n karbonlanmas\u0131n\u0131 sa\u011flamaktad\u0131r.<\/p>\n<p>SECO\/WARWICK <a href=\"https:\/\/www.secowarwick.com\/en\/products\/vacuum-heat-treatment\/vector\/\">Vakum F\u0131r\u0131nlar\u0131n B\u00f6l\u00fcm\u00fc<\/a> M\u00fcd\u00fcr Yard\u0131mc\u0131s\u0131 <a href=\"https:\/\/www.secowarwick.com\/en\/company\/management-team\/\">Maciej Korecki<\/a> \u015funlar\u0131 ekledi: <em>\u201cSECO\/WARWICK Grubu d\u00fcnya \u00e7ap\u0131nda y\u00fczlerce \u0131s\u0131l i\u015flem sistemi tedarik etmi\u015ftir. Onlardan bir\u00e7o\u011fu s\u00fcrekli olarak kullan\u0131larak havac\u0131l\u0131k sanayisini desteklemektedir. Par\u00e7alar\u0131n konfig\u00fcrasyonuna ve m\u00fc\u015fterinin s\u00fcre\u00e7sel ihtiya\u00e7lar\u0131na g\u00f6re, yatay ve dikey hazneli Vector f\u0131r\u0131nlar\u0131 teklif etmekteyiz. En&nbsp;y\u00fcksek performans sa\u011flamak i\u00e7in, sat\u0131\u015f sonras\u0131 uzman ekibimiz d\u00fcnya \u00e7ap\u0131nda m\u00fc\u015fterileri desteklemektedir.\u201d<\/em><\/p>\n<h2>Vector, zorlu <a href=\"https:\/\/www.secowarwick.com\/en\/news\/sky-not-limit-2017-year-aerospace-technology-secowarwick\/\">havac\u0131l\u0131k sanayii<\/a> i\u00e7in m\u00fckemmel bir teknolojidir.<\/h2>\n<p>Vector f\u0131r\u0131n serileri, t\u00fcrbin kanatlar\u0131n\u0131n ve \u015fasinin <a href=\"https:\/\/www.secowarwick.com\/en\/\">\u0131s\u0131l i\u015flemi<\/a> gibi en&nbsp;kritik s\u00fcre\u00e7ler dahil, havac\u0131l\u0131k sekt\u00f6r\u00fcn\u00fcn bir\u00e7ok uygulamas\u0131nda kullan\u0131lmaktad\u0131r. Vector, havac\u0131l\u0131k sekt\u00f6r\u00fcndeki sat\u0131\u015f sonras\u0131 piyasas\u0131nda, u\u00e7ak filolar\u0131n\u0131n bak\u0131m\u0131nda da geni\u015f kapsamda kullan\u0131lmaktad\u0131r.<\/p>\n<p>Maciej Korecki \u015f\u00f6yle \u00f6zetledi: \u201c<em>Her y\u0131l havac\u0131l\u0131k sekt\u00f6r\u00fcndeki m\u00fc\u015fteriler daha y\u00fcksek g\u00fcvenilirlik ve performans beklemekte ve <a href=\"https:\/\/www.secowarwick.com\/en\/\">SECO\/WARWICK Grubu\u2019nun<\/a> Vector vakum f\u0131r\u0131n serisi bu&nbsp;beklentileri kar\u015f\u0131lamaktad\u0131r. \u00d6zellikle havac\u0131l\u0131k sekt\u00f6r\u00fcnde kullan\u0131lan par\u00e7alar\u0131n \u00fcreticileri bu&nbsp;teknoloji taraf\u0131ndan sunulan imkanlardan faydalanmaktad\u0131r.<\/em>\u201d<\/p>\n<p>Havac\u0131l\u0131k ve astronotik, T\u00fcrkiye\u2019de <a href=\"https:\/\/www.secowarwick.com\/en\/products\/vacuum-heat-treatment\/vector\/\">vakum f\u0131r\u0131nlar\u0131n\u0131n<\/a> kullan\u0131ld\u0131\u011f\u0131 ana sanayi dallar\u0131d\u0131r. M\u00fc\u015fteri hizmetlerinin profesyonelli\u011fi, f\u0131r\u0131nlar\u0131n g\u00fcvenilirli\u011fi ve teknolojik parametreler sayesinde SECO\/WARWICK bu&nbsp;alanda lider pozisyonunu kazanm\u0131\u015ft\u0131r.[\/et_pb_text][et_pb_button button_url=&#8221;https:\/\/www.secowarwick.com\/en\/products\/vacuum-heat-treatment\/&#8221; url_new_window=&#8221;on&#8221; button_text=&#8221;Teklifimizi kontrol et&#8221; button_alignment=&#8221;center&#8221; _builder_version=&#8221;4.16&#8243; custom_button=&#8221;on&#8221; button_text_color=&#8221;#ffffff&#8221; button_bg_color=&#8221;#e2001a&#8221; button_border_color=&#8221;#ff0000&#8243; custom_margin=&#8221;30px|||&#8221; global_colors_info=&#8221;{}&#8221; button_text_size__hover_enabled=&#8221;off&#8221; button_one_text_size__hover_enabled=&#8221;off&#8221; button_two_text_size__hover_enabled=&#8221;off&#8221; button_text_color__hover_enabled=&#8221;off&#8221; button_one_text_color__hover_enabled=&#8221;off&#8221; button_two_text_color__hover_enabled=&#8221;off&#8221; button_border_width__hover_enabled=&#8221;off&#8221; button_one_border_width__hover_enabled=&#8221;off&#8221; button_two_border_width__hover_enabled=&#8221;off&#8221; button_border_color__hover_enabled=&#8221;off&#8221; button_one_border_color__hover_enabled=&#8221;off&#8221; button_two_border_color__hover_enabled=&#8221;off&#8221; button_border_radius__hover_enabled=&#8221;off&#8221; button_one_border_radius__hover_enabled=&#8221;off&#8221; button_two_border_radius__hover_enabled=&#8221;off&#8221; button_letter_spacing__hover_enabled=&#8221;off&#8221; button_one_letter_spacing__hover_enabled=&#8221;off&#8221; button_two_letter_spacing__hover_enabled=&#8221;off&#8221; button_bg_color__hover_enabled=&#8221;off&#8221; button_one_bg_color__hover_enabled=&#8221;off&#8221; button_two_bg_color__hover_enabled=&#8221;off&#8221;][\/et_pb_button][et_pb_text module_class=&#8221;single-news&#8221; _builder_version=&#8221;4.16&#8243; custom_margin=&#8221;40px||-20px|&#8221; hover_enabled=&#8221;0&#8243; global_colors_info=&#8221;{}&#8221; sticky_enabled=&#8221;0&#8243;]&nbsp;<\/p>\n<div style=\"text-align: center;\">\n<p style=\"margin: auto; display: inline-block; background-color: #ffffff; border: 2px solid #dc291e; padding: 15px;\"><span style=\"font-size: 14pt;\"><strong><span style=\"color: #dc291e;\">\u0130lgili bilgiler:<\/span><\/strong><\/span><\/p>\n<\/div>\n<div style=\"display: flex; flex-wrap: wrap; justify-content: center; margin-top: 50px;\">\n<div style=\"display: inline-block; width: 310px; padding: 5px; background-color: #e7e7e7; height: 350px;\">\n<p><a href=\"https:\/\/www.secowarwick.com\/en\/news\/common-denominator-seco-warwick-and-turkey\/\" target=\"_blank\" rel=\"noopener\"><img decoding=\"async\" class=\"alignnone wp-image-100788\" src=\"https:\/\/www.secowarwick.com\/wp-content\/uploads\/2020\/10\/Misad_grafika.png\" alt=\"SECO\/WARWICK and MISAD join forces to shape the heat treat industry in Turkey\" width=\"273\" height=\"161\"><\/a><\/p>\n<div style=\"text-align: center; padding: 25px; margin-bottom: 0px;\">SECO\/WARWICK and MISAD join forces to&nbsp;shape the heat treat industry in&nbsp;Turkey<\/div>\n<div style=\"text-align: center;\">\n<div style=\"margin: 1px auto; display: inline-block; background-color: #e2001a; border: 2px solid #e2001a; padding: 5px;\"><a title=\"2 SECO\/WARWICK furnaces for global aerospace manufacturer\" href=\"https:\/\/www.secowarwick.com\/en\/news\/common-denominator-seco-warwick-and-turkey\/\" target=\"_blank\" rel=\"noopener\"><strong><span style=\"color: #ffffff;\">Daha<\/span><\/strong><\/a><\/div>\n<\/div>\n<\/div>\n<div style=\"display: inline-block; width: 310px; padding: 5px; background-color: #e7e7e7; height: 350px;\">\n<p><a href=\"https:\/\/www.secowarwick.com\/en\/news\/sales-hit-vector-vacuum-furnaces\/\" target=\"_blank\" rel=\"noopener\"><img decoding=\"async\" class=\"alignnone wp-image-68945\" src=\"https:\/\/www.secowarwick.com\/wp-content\/uploads\/2020\/03\/2020_VECTOR-BANG-SWG-300x158.jpg\" alt=\"SECOWARWICK single chamber HPGQ\" width=\"273\" height=\"161\"><\/a><\/p>\n<div style=\"text-align: center; padding: 25px; margin-bottom: 0px;\">Vector vacuum furnace line &#8211; the sales hit in&nbsp;America<\/div>\n<div style=\"text-align: center;\">\n<div style=\"margin: 1px auto; display: inline-block; background-color: #e2001a; border: 2px solid #e2001a; padding: 5px;\"><a title=\"Vector vacuum furnace line - the sales hit in America\" href=\"https:\/\/www.secowarwick.com\/en\/news\/sales-hit-vector-vacuum-furnaces\/\" target=\"_blank\" rel=\"noopener\"><strong><span style=\"color: #ffffff;\">Daha<\/span><\/strong><\/a><\/div>\n<\/div>\n<\/div>\n<div style=\"display: inline-block; width: 310px; padding: 5px; background-color: #e7e7e7; height: 350px;\">\n<p><a href=\"https:\/\/www.secowarwick.com\/en\/news\/vectors-for-youngstown-tool-die\/\" target=\"_blank\" rel=\"noopener\"><img decoding=\"async\" class=\"wp-image-98906 aligncenter\" src=\"https:\/\/www.secowarwick.com\/wp-content\/uploads\/2020\/06\/Vector-SECOWARWICK-300x158.jpg\" alt=\"Vector\u00ae HPGQ furnaces SECO\/WARWICK\" width=\"273\" height=\"161\"><\/a><\/p>\n<div style=\"text-align: center; padding: 25px; margin-bottom: 0px;\">Two Vector vacuum furnaces from SECO\/WARWICK on&nbsp;a&nbsp;special mission<\/div>\n<div style=\"text-align: center;\">\n<div style=\"margin: 1px auto; display: inline-block; background-color: #e2001a; border: 2px solid #e2001a; padding: 5px;\"><a title=\"Two Vector vacuum furnaces from SECO\/WARWICK on a special mission\" href=\"https:\/\/www.secowarwick.com\/en\/news\/vectors-for-youngstown-tool-die\/\" target=\"_blank\" rel=\"noopener\"><strong><span style=\"color: #ffffff;\">Daha<\/span><\/strong><\/a><\/div>\n<\/div>\n<\/div>\n<\/div>\n<p>[\/et_pb_text][\/et_pb_column][\/et_pb_row][\/et_pb_section]<\/p>\n","protected":false},"excerpt":{"rendered":"<p>ALP Havac\u0131l\u0131k, SECO\/WARWICK \u015firketinden daha bir vakum f\u0131r\u0131n\u0131 sat\u0131n alarak, kapasitesini ve imkanlar\u0131n\u0131 geni\u015fletmektedir. Bu&nbsp;i\u015f, 13 y\u0131ll\u0131k ba\u015far\u0131l\u0131 i\u015fbirli\u011finde d\u00f6rd\u00fcnc\u00fc cihaz kurulumu olacakt\u0131r. SECO\/WARWICK Grubu\u2019nun CEO\u2019su S\u0142awomir Wo\u017aniak \u015funlar\u0131 s\u00f6yledi: \u201cALP Havac\u0131l\u0131k ile ili\u015fkimiz, 13 y\u0131ll\u0131k s\u00fcrekli deste\u011fe ve t\u00fcm teknik ve y\u00f6netim seviyelerinde s\u0131k\u0131 i\u015fbirli\u011fine dayal\u0131d\u0131r. SECO\/WARWICK hem teknoloji ve cihazlar, hem de&nbsp;m\u00fc\u015fteri taraf\u0131ndan [&hellip;]<\/p>\n","protected":false},"author":2,"featured_media":0,"parent":0,"menu_order":0,"comment_status":"closed","ping_status":"closed","template":"","meta":{"_acf_changed":false,"_et_pb_use_builder":"on","_et_pb_old_content":"","_et_gb_content_width":"","footnotes":""},"class_list":["post-106091","page","type-page","status-publish"],"acf":[],"_links":{"self":[{"href":"https:\/\/www.secowarwick.com\/en\/wp-json\/wp\/v2\/pages\/106091","targetHints":{"allow":["GET"]}}],"collection":[{"href":"https:\/\/www.secowarwick.com\/en\/wp-json\/wp\/v2\/pages"}],"about":[{"href":"https:\/\/www.secowarwick.com\/en\/wp-json\/wp\/v2\/types\/page"}],"author":[{"embeddable":true,"href":"https:\/\/www.secowarwick.com\/en\/wp-json\/wp\/v2\/users\/2"}],"replies":[{"embeddable":true,"href":"https:\/\/www.secowarwick.com\/en\/wp-json\/wp\/v2\/comments?post=106091"}],"version-history":[{"count":2,"href":"https:\/\/www.secowarwick.com\/en\/wp-json\/wp\/v2\/pages\/106091\/revisions"}],"predecessor-version":[{"id":180157,"href":"https:\/\/www.secowarwick.com\/en\/wp-json\/wp\/v2\/pages\/106091\/revisions\/180157"}],"wp:attachment":[{"href":"https:\/\/www.secowarwick.com\/en\/wp-json\/wp\/v2\/media?parent=106091"}],"curies":[{"name":"wp","href":"https:\/\/api.w.org\/{rel}","templated":true}]}}