{"id":106247,"date":"2020-10-27T09:43:22","date_gmt":"2020-10-27T08:43:22","guid":{"rendered":"http:\/\/www.secowarwick.com\/?page_id=106247"},"modified":"2020-10-27T14:04:44","modified_gmt":"2020-10-27T13:04:44","slug":"ortak-payda-secowarwick-ve-turkiye","status":"publish","type":"page","link":"https:\/\/www.secowarwick.com\/en\/ortak-payda-secowarwick-ve-turkiye\/","title":{"rendered":"SECO\/WARWICK ve T\u00fcrkiye &#8211; ortak payda"},"content":{"rendered":"<p>[et_pb_section bb_built=&#8221;1&#8243; _builder_version=&#8221;3.6&#8243; custom_padding=&#8221;0px|||&#8221;][et_pb_row][et_pb_column type=&#8221;4_4&#8243;][et_pb_text _builder_version=&#8221;3.6&#8243; module_class=&#8221;single-news&#8221;]<\/p>\n<h3>T\u00fcrkiye, Avrupa ile Asya aras\u0131ndaki ba\u011flant\u0131 ve <a href=\"http:\/\/misad.org.tr\/en\/index.php\">MISAD<\/a> ise \u0131s\u0131l i\u015flem end\u00fcstrisinin ba\u011flant\u0131s\u0131 olarak kabul edilmektedir. 851,1 milyar USD (2018) GSY\u0130H ile Avrupa&#8217;da 7. s\u0131rada yer alan d\u00fcnyan\u0131n 19. s\u0131radaki bu ekonomisi, \u00f6zellikle metal cevherleri olmak \u00fczere \u00f6nemli mineral kaynaklar\u0131na sahiptir. Bu nedenle T\u00fcrkiye&#8217;de \u0131s\u0131l i\u015flemde SECO\/WARWICK&#8217;in varl\u0131\u011f\u0131 ve ulusal sanayi kurulu\u015flar\u0131ndaki aktif rol\u00fc kimseyi \u015fa\u015f\u0131rtm\u0131yor.<\/h3>\n<p><img decoding=\"async\" class=\"alignnone size-full wp-image-106198\" src=\"https:\/\/www.secowarwick.com\/wp-content\/uploads\/2020\/10\/Misad_grafika.png\" alt=\"SECO\/WARWICK 2020, MISAD 2020\" width=\"1200\" height=\"630\" srcset=\"https:\/\/www.secowarwick.com\/wp-content\/uploads\/2020\/10\/Misad_grafika.png 1200w, https:\/\/www.secowarwick.com\/wp-content\/uploads\/2020\/10\/Misad_grafika-150x79.png 150w, https:\/\/www.secowarwick.com\/wp-content\/uploads\/2020\/10\/Misad_grafika-300x158.png 300w, https:\/\/www.secowarwick.com\/wp-content\/uploads\/2020\/10\/Misad_grafika-768x403.png 768w, https:\/\/www.secowarwick.com\/wp-content\/uploads\/2020\/10\/Misad_grafika-1024x538.png 1024w, https:\/\/www.secowarwick.com\/wp-content\/uploads\/2020\/10\/Misad_grafika-1080x567.png 1080w\" sizes=\"(max-width: 1200px) 100vw, 1200px\" \/><\/p>\n<p>2008 y\u0131l\u0131nda kurulan bu t\u00fcr kurulu\u015flardan birisi de \u00dcniversiteler, akademisyenler ve farkl\u0131 d\u00fczeylerdeki uzmanlarla i\u015fbirli\u011fi yapan 72 \u00fcyeli (\u0131s\u0131l i\u015flem \u015firketleri, hizmet ve \u00fcr\u00fcn sa\u011flay\u0131c\u0131lar\u0131) Metal Is\u0131l \u0130\u015flem Sanayiciler Derne\u011fi&#8217;dir (MISAD). <a href=\"https:\/\/www.secowarwick.com\/en\/products\/vacuum-heat-treatment\/vector\/\">SECO\/WARWICK<\/a> bu organizasyonun bir \u00fcyesidir ve o zamandan beri bilgi birikimini, T\u00fcrkiye&#8217;nin \u0131s\u0131l i\u015flem camias\u0131nda yaymaktad\u0131r.<\/p>\n<p><em>SECO \/ WARWICK <\/em><a href=\"https:\/\/www.secowarwick.com\/en\/products\/vacuum-heat-treatment\/vector\/\"><em>Vakum \u0130\u015f Segmenti<\/em><\/a><em> Ba\u015fkan Yard\u0131mc\u0131s\u0131 <\/em><a href=\"https:\/\/www.secowarwick.com\/en\/company\/management-team\/\"><em>Maciej Korecki<\/em><\/a><em> \u015f\u00f6yle diyor: \u201c2001 y\u0131l\u0131ndan itibaren T\u00fcrkiye&#8217;de bir d\u00fczineden fazla \u0131s\u0131l i\u015flem projesi ger\u00e7ekle\u015ftirdik. Bunlar \u00e7o\u011funlukla havac\u0131l\u0131k projeleriydi; ek olarak ticari \u0131s\u0131l i\u015flem, enerji ve otomotiv pazarlar\u0131 i\u00e7in de birka\u00e7 proje ger\u00e7ekle\u015ftirdik. &#8220;SECO \/ WARWICK, havac\u0131l\u0131kta olduk\u00e7a tan\u0131nmaktad\u0131r ve m\u00fc\u015fterilerinin portf\u00f6y\u00fcn\u00fc di\u011fer sekt\u00f6rlerle geni\u015fletmek istiyor&#8221;<\/em>.<\/p>\n<p><em>Korecki s\u00f6zlerine \u015f\u00f6yle devam ediyor: \u201cMISAD, \u00dcniversite ve End\u00fcstri potansiyellerini ortak giri\u015fimler i\u00e7in birle\u015ftirmenin yollar\u0131n\u0131 bulan ve herkesin yarar\u0131na olacak \u00e7\u00f6z\u00fcmler geli\u015ftiren uygulamaya d\u00f6n\u00fck bir kurulu\u015ftur. Bu uygulamaya d\u00f6n\u00fckl\u00fc\u011f\u00fcn g\u00fczel \u00f6rneklerinden birisi de t\u00fcm MISAD \u00fcyelerinin kat\u0131ld\u0131\u011f\u0131 ve yak\u0131n i\u015fbirli\u011fi, yeni projeler, i\u015f yat\u0131r\u0131mlar\u0131 ile sonu\u00e7lanan T\u00fcrk kahvalt\u0131s\u0131 etkinlikleridir.\u201d<\/em><\/p>\n<p><em>MISAD Ba\u015fkan\u0131 Koray Yavuz \u015funlar\u0131 belirtiyor: \u201c12 y\u0131ll\u0131k tecr\u00fcbemizle, sekt\u00f6r\u00fcn operasyonlar\u0131n\u0131 geli\u015ftirmeye y\u00f6nelik ihtiya\u00e7lar\u0131n\u0131 ve teknik \u00fcniversitelerin, \u015firketlerin uygulamal\u0131 ve i\u015f potansiyellerini Ara\u015ft\u0131rma ve Geli\u015ftirme projelerinde ortak giri\u015fimde kullanma ihtiya\u00e7lar\u0131n\u0131 kar\u015f\u0131lamak i\u00e7in kanallar ve stratejiler, \u00f6nemli ba\u011flant\u0131lar ve sistematik mekanizmalar geli\u015ftirdik. \u0130\u015fe yar\u0131yor. Is\u0131l i\u015flem pazar\u0131ndaki ana oyuncu olan SECO\/WARWICK, organizasyon ve pazar\u0131n bir par\u00e7as\u0131 oldu\u011fu i\u00e7in mutluyuz. T\u00fcrkiye&#8217;de \u0131s\u0131l i\u015flem sekt\u00f6r\u00fcn\u00fc \u015fekillendirme \u00e7abalar\u0131m\u0131zda bize kat\u0131ld\u0131&#8221;<\/em>.<\/p>\n<h2>MISAD&#8217;\u0131n ba\u015fl\u0131ca faaliyetleri ve hedefleri:<\/h2>\n<ul>\n<li>Adil rekabet ortam\u0131n\u0131n temelini olu\u015fturacak \u00e7al\u0131\u015fma standartlar\u0131n\u0131 haz\u0131rlar, dernek \u00fcyelerini bilgilendirerek g\u00fcncel standartlar\u0131, y\u00f6netmelikleri ve t\u00fcz\u00fckleri kontrol eder ve iletir.<\/li>\n<li>\u0130nsan ve y\u00f6netim kalitesini geli\u015ftirir ve Lise ve \u0130ki y\u0131ll\u0131k e\u011fitimde kalifiye teknisyenler ve personel yeti\u015ftirir<\/li>\n<li>Benzer uluslararas\u0131 kurulu\u015flarla i\u015fbirli\u011fi ortam\u0131 kurar<\/li>\n<li>\u00dcniversitelerle end\u00fcstriyel i\u015fbirli\u011fi sa\u011flar.<\/li>\n<\/ul>\n<h2>Polonya &#8211; T\u00fcrkiye i\u015f ili\u015fkileri<\/h2>\n<p>Polonya Yat\u0131r\u0131m ve Ticaret Ajans\u0131 (PAIH) Ba\u015fkan Yard\u0131mc\u0131s\u0131 Wojciech Fedko \u015funlar\u0131 kaydediyor: \u201cT\u00fcrkiye, hem Polonya&#8217;daki T\u00fcrk \u00fcr\u00fcnlerinin varl\u0131\u011f\u0131, hem de ihracat pazar\u0131 ile Polonya&#8217;daki T\u00fcrk \u015firketleri ve T\u00fcrk \u015firketlerinin Polonya&#8217;daki ve Polonya \u015firketlerinin T\u00fcrkiye&#8217;deki do\u011frudan yat\u0131r\u0131mlar\u0131 a\u00e7\u0131s\u0131ndan bak\u0131ld\u0131\u011f\u0131nda hafife al\u0131nan bir ortak olmaya devam ediyor. T\u00fcrkiye ihracat pazar\u0131 olarak 19. orta\u011f\u0131m\u0131z, 4. AB d\u0131\u015f\u0131 al\u0131c\u0131 ve Billy East \u00fclkeleri aras\u0131nda 1. al\u0131c\u0131\u201d.<sup> 1<\/sup><\/p>\n<p>Giri\u015fimcilik ve Teknoloji Bakanl\u0131\u011f\u0131&#8217;n\u0131n verilerine g\u00f6re, 2018 y\u0131l\u0131nda Polonya&#8217;n\u0131n T\u00fcrkiye&#8217;ye ihracat\u0131 bir \u00f6nceki y\u0131la g\u00f6re %13,5 azalarak 2,52 milyar Euro&#8217;ya geriledi (toplam Polonya ihracat\u0131n\u0131n %1,14&#8217;\u00fcn\u00fc olu\u015fturuyordu).<br \/>\nBuna mukabil, T\u00fcrkiye&#8217;den ithalat bir \u00f6nceki y\u0131la g\u00f6re %18,3 artarak 3,8 milyar Avro&#8217;ya y\u00fckseldi ve bu Polonya ithalat\u0131n\u0131n %1,68&#8217;ini olu\u015fturuyor. <sup>2<\/sup><\/p>\n<h2>Sekt\u00f6r derneklerinin aktif \u00fcyesi<\/h2>\n<p>SECO\/WARWICK, uluslararas\u0131 end\u00fcstri i\u015fbirli\u011finde aktif rol almaktad\u0131r. Onlarca kurulu\u015f, dernek, teknik \u00fcniversite, akademisyen\/akademik kurul, bilim enstit\u00fcs\u00fc, kamu ve sivil toplum kurulu\u015fu ve kar amac\u0131 g\u00fctmeyen kurulu\u015fla i\u015f birli\u011fi yapmaktad\u0131r. Ana i\u015f birli\u011fi projeleri, \u015firketin Ar-Ge merkezinde geli\u015ftirilmektedir, ancak \u015firketin tesisleri ve m\u00fchendis ekipleri bulunan her \u00fclkede farkl\u0131 segmentler, end\u00fcstriler, b\u00f6lgeler, \u00fclkeler ve uzmanl\u0131k alanlar\u0131nda baz\u0131 i\u015fbirli\u011fi t\u00fcrleri vard\u0131r. Listede ABD, \u00c7in, Fransa, Almanya, Rusya, Polonya, Japonya veya Hindistan&#8217;dan 26 dernek yer almaktad\u0131r. Uzun liste i\u00e7inde a\u015fa\u011f\u0131daki gibi markalar\u0131 bulabilirsiniz:\u00a0 AWT, ASM, Narsa, EICF, CUPROBRAZE ALLIANCE ve \u00e7ok daha fazlas\u0131.<\/p>\n<p>Kaynaklar:<br \/>\n[1] Var\u015fova, 08.03.2019 (ISBnews): <a href=\"https:\/\/www.money.pl\/gielda\/paih-turcja-niedoszacowanym-partnerem-biznes-ale-sytuacja-sie-poprawia-aktual-6357143486097025a.html\">https:\/\/www.money.pl\/gielda\/paih-turcja-niedoszacowanym-partnerem-biznes-ale-sytuacja-sie-poprawia-aktual-6357143486097025a.html<\/a><br \/>\n[2]\u00a0<a href=\"https:\/\/www.money.pl\/gielda\/paih-turcja-niedoszacowanym-partnerem-biznes-ale-sytuacja-sie-poprawia-aktual-6357143486097025a.html\">https:\/\/www.money.pl\/gielda\/paih-turcja-niedoszacowanym-partnerem-biznes-ale-sytuacja-sie-poprawia-aktual-6357143486097025a.html<\/a><\/p>\n<p>&nbsp;<\/p>\n<div>[\/et_pb_text][et_pb_button _builder_version=&#8221;3.6&#8243; button_text=&#8221;Teklifimizi kontrol et&#8221; button_url=&#8221;https:\/\/www.secowarwick.com\/en\/products\/&#8221; button_alignment=&#8221;center&#8221; custom_button=&#8221;on&#8221; button_text_color=&#8221;#ffffff&#8221; button_bg_color=&#8221;#e02b20&#8243; button_border_color=&#8221;#ffffff&#8221; \/][\/et_pb_column][\/et_pb_row][\/et_pb_section]<\/div>\n","protected":false},"excerpt":{"rendered":"<p><div class=\"et_pb_row et_pb_row_0 et_pb_row_empty\">\n\t\t\t\t\n\t\t\t\t\n\t\t\t\t\n\t\t\t\t\n\t\t\t\t\n\t\t\t<\/div> T\u00fcrkiye, Avrupa ile Asya aras\u0131ndaki ba\u011flant\u0131 ve MISAD ise \u0131s\u0131l i\u015flem end\u00fcstrisinin ba\u011flant\u0131s\u0131 olarak kabul edilmektedir. 851,1 milyar USD (2018) GSY\u0130H ile Avrupa&#8217;da 7. s\u0131rada yer alan d\u00fcnyan\u0131n 19. s\u0131radaki bu ekonomisi, \u00f6zellikle metal cevherleri olmak \u00fczere \u00f6nemli mineral kaynaklar\u0131na sahiptir. Bu nedenle T\u00fcrkiye&#8217;de \u0131s\u0131l i\u015flemde SECO\/WARWICK&#8217;in varl\u0131\u011f\u0131 ve ulusal sanayi kurulu\u015flar\u0131ndaki aktif rol\u00fc [&hellip;]<\/p>\n","protected":false},"author":28,"featured_media":0,"parent":0,"menu_order":0,"comment_status":"closed","ping_status":"closed","template":"","meta":{"_acf_changed":false,"_et_pb_use_builder":"on","_et_pb_old_content":"<p><strong>T\u00fcrkiye, Avrupa ile Asya aras\u0131ndaki ba\u011flant\u0131 ve <\/strong><a href=\"http:\/\/misad.org.tr\/en\/index.php\"><strong>MISAD<\/strong><\/a><strong> ise \u0131s\u0131l i\u015flem end\u00fcstrisinin ba\u011flant\u0131s\u0131 olarak kabul edilmektedir. 851,1 milyar USD (2018) GSY\u0130H ile Avrupa'da 7. s\u0131rada yer alan d\u00fcnyan\u0131n 19. s\u0131radaki bu ekonomisi, \u00f6zellikle metal cevherleri olmak \u00fczere \u00f6nemli mineral kaynaklar\u0131na sahiptir. Bu nedenle T\u00fcrkiye'de \u0131s\u0131l i\u015flemde SECO\/WARWICK'in varl\u0131\u011f\u0131 ve ulusal sanayi kurulu\u015flar\u0131ndaki aktif rol\u00fc kimseyi \u015fa\u015f\u0131rtm\u0131yor. <\/strong><\/p><p>2008 y\u0131l\u0131nda kurulan bu t\u00fcr kurulu\u015flardan birisi de \u00dcniversiteler, akademisyenler ve farkl\u0131 d\u00fczeylerdeki uzmanlarla i\u015fbirli\u011fi yapan 72 \u00fcyeli (\u0131s\u0131l i\u015flem \u015firketleri, hizmet ve \u00fcr\u00fcn sa\u011flay\u0131c\u0131lar\u0131) Metal Is\u0131l \u0130\u015flem Sanayiciler Derne\u011fi'dir (MISAD). <a href=\"http:\/\/www.secowarwick.com\/en\/products\/vacuum-heat-treatment\/vector\/\">SECO\/WARWICK<\/a> bu organizasyonun bir \u00fcyesidir ve o zamandan beri bilgi birikimini, T\u00fcrkiye'nin \u0131s\u0131l i\u015flem camias\u0131nda yaymaktad\u0131r.<\/p><p><em>SECO \/ WARWICK <\/em><a href=\"http:\/\/www.secowarwick.com\/en\/products\/vacuum-heat-treatment\/vector\/\"><em>Vakum \u0130\u015f Segmenti<\/em><\/a><em> Ba\u015fkan Yard\u0131mc\u0131s\u0131 <\/em><a href=\"http:\/\/www.secowarwick.com\/en\/company\/management-team\/\"><em>Maciej Korecki<\/em><\/a><em> \u015f\u00f6yle diyor: \u201c2001 y\u0131l\u0131ndan itibaren T\u00fcrkiye'de bir d\u00fczineden fazla \u0131s\u0131l i\u015flem projesi ger\u00e7ekle\u015ftirdik. Bunlar \u00e7o\u011funlukla havac\u0131l\u0131k projeleriydi; ek olarak ticari \u0131s\u0131l i\u015flem, enerji ve otomotiv pazarlar\u0131 i\u00e7in de birka\u00e7 proje ger\u00e7ekle\u015ftirdik. \"SECO \/ WARWICK, havac\u0131l\u0131kta olduk\u00e7a tan\u0131nmaktad\u0131r ve m\u00fc\u015fterilerinin portf\u00f6y\u00fcn\u00fc di\u011fer sekt\u00f6rlerle geni\u015fletmek istiyor\"<\/em>.<\/p><p><em>Korecki s\u00f6zlerine \u015f\u00f6yle devam ediyor: \u201cMISAD, \u00dcniversite ve End\u00fcstri potansiyellerini ortak giri\u015fimler i\u00e7in birle\u015ftirmenin yollar\u0131n\u0131 bulan ve herkesin yarar\u0131na olacak \u00e7\u00f6z\u00fcmler geli\u015ftiren uygulamaya d\u00f6n\u00fck bir kurulu\u015ftur. Bu uygulamaya d\u00f6n\u00fckl\u00fc\u011f\u00fcn g\u00fczel \u00f6rneklerinden birisi de t\u00fcm MISAD \u00fcyelerinin kat\u0131ld\u0131\u011f\u0131 ve yak\u0131n i\u015fbirli\u011fi, yeni projeler, i\u015f yat\u0131r\u0131mlar\u0131 ile sonu\u00e7lanan T\u00fcrk kahvalt\u0131s\u0131 etkinlikleridir.\u201d<\/em><\/p><p><strong>\u00a0<\/strong><em>MISAD Ba\u015fkan\u0131 Koray Yavuz \u015funlar\u0131 belirtiyor: \u201c12 y\u0131ll\u0131k tecr\u00fcbemizle, sekt\u00f6r\u00fcn operasyonlar\u0131n\u0131 geli\u015ftirmeye y\u00f6nelik ihtiya\u00e7lar\u0131n\u0131 ve teknik \u00fcniversitelerin, \u015firketlerin uygulamal\u0131 ve i\u015f potansiyellerini Ara\u015ft\u0131rma ve Geli\u015ftirme projelerinde ortak giri\u015fimde kullanma ihtiya\u00e7lar\u0131n\u0131 kar\u015f\u0131lamak i\u00e7in kanallar ve stratejiler, \u00f6nemli ba\u011flant\u0131lar ve sistematik mekanizmalar geli\u015ftirdik. \u0130\u015fe yar\u0131yor. Is\u0131l i\u015flem pazar\u0131ndaki ana oyuncu olan SECO\/WARWICK, organizasyon ve pazar\u0131n bir par\u00e7as\u0131 oldu\u011fu i\u00e7in mutluyuz. T\u00fcrkiye'de \u0131s\u0131l i\u015flem sekt\u00f6r\u00fcn\u00fc \u015fekillendirme \u00e7abalar\u0131m\u0131zda bize kat\u0131ld\u0131\"<\/em>.<\/p><h2>MISAD'\u0131n ba\u015fl\u0131ca faaliyetleri ve hedefleri:<\/h2><ul><li>Adil rekabet ortam\u0131n\u0131n temelini olu\u015fturacak \u00e7al\u0131\u015fma standartlar\u0131n\u0131 haz\u0131rlar, dernek \u00fcyelerini bilgilendirerek g\u00fcncel standartlar\u0131, y\u00f6netmelikleri ve t\u00fcz\u00fckleri kontrol eder ve iletir.<\/li><li>\u0130nsan ve y\u00f6netim kalitesini geli\u015ftirir ve Lise ve \u0130ki y\u0131ll\u0131k e\u011fitimde kalifiye teknisyenler ve personel yeti\u015ftirir<\/li><li>Benzer uluslararas\u0131 kurulu\u015flarla i\u015fbirli\u011fi ortam\u0131 kurar<\/li><li>\u00dcniversitelerle end\u00fcstriyel i\u015fbirli\u011fi sa\u011flar.<\/li><\/ul><h2>Polonya - T\u00fcrkiye i\u015f ili\u015fkileri<\/h2><p>Polonya Yat\u0131r\u0131m ve Ticaret Ajans\u0131 (PAIH) Ba\u015fkan Yard\u0131mc\u0131s\u0131 Wojciech Fedko \u015funlar\u0131 kaydediyor: \u201cT\u00fcrkiye, hem Polonya'daki T\u00fcrk \u00fcr\u00fcnlerinin varl\u0131\u011f\u0131, hem de ihracat pazar\u0131 ile Polonya'daki T\u00fcrk \u015firketleri ve T\u00fcrk \u015firketlerinin Polonya'daki ve Polonya \u015firketlerinin T\u00fcrkiye'deki do\u011frudan yat\u0131r\u0131mlar\u0131 a\u00e7\u0131s\u0131ndan bak\u0131ld\u0131\u011f\u0131nda hafife al\u0131nan bir ortak olmaya devam ediyor. T\u00fcrkiye ihracat pazar\u0131 olarak 19. orta\u011f\u0131m\u0131z, 4. AB d\u0131\u015f\u0131 al\u0131c\u0131 ve Billy East \u00fclkeleri aras\u0131nda 1. al\u0131c\u0131\u201d. 1<\/p><p>Giri\u015fimcilik ve Teknoloji Bakanl\u0131\u011f\u0131'n\u0131n verilerine g\u00f6re, 2018 y\u0131l\u0131nda Polonya'n\u0131n T\u00fcrkiye'ye ihracat\u0131 bir \u00f6nceki y\u0131la g\u00f6re %13,5 azalarak 2,52 milyar Euro'ya geriledi (toplam Polonya ihracat\u0131n\u0131n %1,14'\u00fcn\u00fc olu\u015fturuyordu). Buna mukabil, T\u00fcrkiye'den ithalat bir \u00f6nceki y\u0131la g\u00f6re %18,3 artarak 3,8 milyar Avro'ya y\u00fckseldi ve bu Polonya ithalat\u0131n\u0131n %1,68'ini olu\u015fturuyor. 2<\/p><h2>Sekt\u00f6r derneklerinin aktif \u00fcyesi<\/h2><p>SECO\/WARWICK, uluslararas\u0131 end\u00fcstri i\u015fbirli\u011finde aktif rol almaktad\u0131r. Onlarca kurulu\u015f, dernek, teknik \u00fcniversite, akademisyen\/akademik kurul, bilim enstit\u00fcs\u00fc, kamu ve sivil toplum kurulu\u015fu ve kar amac\u0131 g\u00fctmeyen kurulu\u015fla i\u015f birli\u011fi yapmaktad\u0131r. Ana i\u015f birli\u011fi projeleri, \u015firketin Ar-Ge merkezinde geli\u015ftirilmektedir, ancak \u015firketin tesisleri ve m\u00fchendis ekipleri bulunan her \u00fclkede farkl\u0131 segmentler, end\u00fcstriler, b\u00f6lgeler, \u00fclkeler ve uzmanl\u0131k alanlar\u0131nda baz\u0131 i\u015fbirli\u011fi t\u00fcrleri vard\u0131r. Listede ABD, \u00c7in, Fransa, Almanya, Rusya, Polonya, Japonya veya Hindistan'dan 26 dernek yer almaktad\u0131r. Uzun liste i\u00e7inde a\u015fa\u011f\u0131daki gibi markalar\u0131 bulabilirsiniz:\u00a0 AWT, ASM, Narsa, EICF, CUPROBRAZE ALLIANCE ve \u00e7ok daha fazlas\u0131.<\/p>","_et_gb_content_width":"","footnotes":""},"class_list":["post-106247","page","type-page","status-publish"],"acf":[],"_links":{"self":[{"href":"https:\/\/www.secowarwick.com\/en\/wp-json\/wp\/v2\/pages\/106247","targetHints":{"allow":["GET"]}}],"collection":[{"href":"https:\/\/www.secowarwick.com\/en\/wp-json\/wp\/v2\/pages"}],"about":[{"href":"https:\/\/www.secowarwick.com\/en\/wp-json\/wp\/v2\/types\/page"}],"author":[{"embeddable":true,"href":"https:\/\/www.secowarwick.com\/en\/wp-json\/wp\/v2\/users\/28"}],"replies":[{"embeddable":true,"href":"https:\/\/www.secowarwick.com\/en\/wp-json\/wp\/v2\/comments?post=106247"}],"version-history":[{"count":0,"href":"https:\/\/www.secowarwick.com\/en\/wp-json\/wp\/v2\/pages\/106247\/revisions"}],"wp:attachment":[{"href":"https:\/\/www.secowarwick.com\/en\/wp-json\/wp\/v2\/media?parent=106247"}],"curies":[{"name":"wp","href":"https:\/\/api.w.org\/{rel}","templated":true}]}}